{"id":22395,"date":"2021-09-28T17:06:47","date_gmt":"2021-09-28T10:06:47","guid":{"rendered":"https:\/\/havamall.vn\/?post_type=product&#038;p=22395"},"modified":"2022-02-24T13:48:20","modified_gmt":"2022-02-24T06:48:20","slug":"bot-chien-xu-huu-co-probios-375g-organic-breading-corn-flour","status":"publish","type":"product","link":"https:\/\/havamall.vn\/en\/shop\/bot-chien-xu-huu-co-probios-375g-organic-breading-corn-flour\/","title":{"rendered":"B\u1ed9t Chi\u00ean X\u00f9 H\u1eefu C\u01a1 Probios 375g &#8211; Organic Breading Corn Flour"},"content":{"rendered":"<h3><strong>TH\u00d4NG TIN S\u1ea2N PH\u1ea8M<\/strong><\/h3>\n<table>\n<tbody>\n<tr>\n<td>Th\u01b0\u01a1ng hi\u1ec7u<\/td>\n<td>ProBios<\/td>\n<\/tr>\n<tr>\n<td>Xu\u1ea5t x\u1ee9<\/td>\n<td>\u00dd<\/td>\n<\/tr>\n<tr>\n<td>Th\u00e0nh ph\u1ea7n<\/td>\n<td>98% b\u1ed9t b\u1eafp h\u1eefu c\u01a1, mu\u1ed1i<\/td>\n<\/tr>\n<tr>\n<td>H\u1ea1n s\u1eed d\u1ee5ng<\/td>\n<td>12 th\u00e1ng k\u1ec3 t\u1eeb ng\u00e0y s\u1ea3n xu\u1ea5t.<\/td>\n<\/tr>\n<tr>\n<td>B\u1ea3o qu\u1ea3n<\/td>\n<td>\u0110\u1ec3 n\u01a1i kh\u00f4 r\u00e1o, tho\u00e1ng m\u00e1t, tr\u00e1nh \u00e1nh n\u1eafng tr\u1ef1c ti\u1ebfp<\/td>\n<\/tr>\n<tr>\n<td>Kh\u1ed1i l\u01b0\u1ee3ng<\/td>\n<td>375 g<\/td>\n<\/tr>\n<\/tbody>\n<\/table>\n<p>ProBios \u0111\u01b0\u1ee3c th\u00e0nh l\u1eadp t\u1eeb n\u0103m 1978 t\u1ea1i Florence \u2013 \u00dd. ProBios. B\u1eb1ng vi\u1ec7c s\u1ea3n xu\u1ea5t th\u1ef1c ph\u1ea9m h\u1eefu c\u01a1, ProBios \u0111\u00e3 l\u1ef1a ch\u1ecdn c\u1ea9n th\u1eadn c\u00e1c ph\u01b0\u01a1ng ph\u00e1p tr\u1ed3ng tr\u1ecdt c\u1ee7a nguy\u00ean li\u1ec7u th\u00f4 t\u00f4n tr\u1ecdng con ng\u01b0\u1eddi v\u00e0 thi\u00ean nhi\u00ean, kh\u00f4ng ch\u1ea5p nh\u1eadn s\u1eed d\u1ee5ng thu\u1ed1c di\u1ec7t c\u1ecf, thu\u1ed1c di\u1ec7t k\u00fd sinh tr\u00f9ng, ph\u00e2n b\u00f3n h\u00f3a h\u1ecdc v\u00e0 t\u1ed5ng h\u1ee3p v\u00e0 c\u00e1c sinh v\u1eadt bi\u1ebfn \u0111\u1ed5i gen g\u00e2y \u00f4 nhi\u1ec5m tr\u00e1i \u0111\u1ea5t, n\u01b0\u1edbc v\u00e0 kh\u00f4ng kh\u00ed c\u1ee7a ch\u00fang ta.<\/p>\n<p><img fetchpriority=\"high\" decoding=\"async\" class=\"wp-image-22396 aligncenter\" src=\"https:\/\/havamall.vn\/wp-content\/uploads\/2021\/09\/b\u1ed9t-chi\u00ean-x\u00f9-3-212x300.png\" alt=\"\" width=\"667\" height=\"944\" srcset=\"https:\/\/havamall.vn\/wp-content\/uploads\/2021\/09\/b\u1ed9t-chi\u00ean-x\u00f9-3-212x300.png 212w, https:\/\/havamall.vn\/wp-content\/uploads\/2021\/09\/b\u1ed9t-chi\u00ean-x\u00f9-3-430x608.png 430w, https:\/\/havamall.vn\/wp-content\/uploads\/2021\/09\/b\u1ed9t-chi\u00ean-x\u00f9-3-150x212.png 150w, https:\/\/havamall.vn\/wp-content\/uploads\/2021\/09\/b\u1ed9t-chi\u00ean-x\u00f9-3-700x990.png 700w, https:\/\/havamall.vn\/wp-content\/uploads\/2021\/09\/b\u1ed9t-chi\u00ean-x\u00f9-3-768x1086.png 768w, https:\/\/havamall.vn\/wp-content\/uploads\/2021\/09\/b\u1ed9t-chi\u00ean-x\u00f9-3-724x1024.png 724w, https:\/\/havamall.vn\/wp-content\/uploads\/2021\/09\/b\u1ed9t-chi\u00ean-x\u00f9-3-1200x1697.png 1200w, https:\/\/havamall.vn\/wp-content\/uploads\/2021\/09\/b\u1ed9t-chi\u00ean-x\u00f9-3-600x849.png 600w, https:\/\/havamall.vn\/wp-content\/uploads\/2021\/09\/b\u1ed9t-chi\u00ean-x\u00f9-3.png 1240w\" sizes=\"(max-width: 667px) 100vw, 667px\" \/><\/p>\n<p>Probios, c\u00f4ng ty h\u00e0ng \u0111\u1ea7u c\u1ee7a \u00dd trong l\u0129nh v\u1ef1c ph\u00e2n ph\u1ed1i th\u1ef1c ph\u1ea9m h\u1eefu c\u01a1, v\u1edbi kinh nghi\u1ec7m 40 n\u0103m, cung c\u1ea5p m\u1ed9t lo\u1ea1t c\u00e1c s\u1ea3n ph\u1ea9m \u0111\u1ed9c quy\u1ec1n, k\u1ebft h\u1ee3p vi\u1ec7c nghi\u00ean c\u1ee9u v\u00e0 l\u1ef1a ch\u1ecdn c\u00e1c nguy\u00ean li\u1ec7u h\u1eefu c\u01a1 \u0111\u1ec3 t\u1ea1o ra c\u00e1c c\u00f4ng th\u1ee9c n\u1ea5u \u0103n c\u00e2n b\u1eb1ng, nh\u1eb1m mang \u0111\u1ebfn cho ng\u01b0\u1eddi ti\u00eau d\u00f9ng nh\u1eefng s\u1ea3n ph\u1ea9m l\u00e0nh m\u1ea1nh v\u00e0 ngon nh\u1ea5t.<\/p>\n<p><img decoding=\"async\" class=\"wp-image-22397 aligncenter\" src=\"https:\/\/havamall.vn\/wp-content\/uploads\/2021\/09\/b\u1ed9t-chi\u00ean-x\u00f9-1-300x200.png\" alt=\"\" width=\"668\" height=\"446\" srcset=\"https:\/\/havamall.vn\/wp-content\/uploads\/2021\/09\/b\u1ed9t-chi\u00ean-x\u00f9-1-300x200.png 300w, https:\/\/havamall.vn\/wp-content\/uploads\/2021\/09\/b\u1ed9t-chi\u00ean-x\u00f9-1-430x287.png 430w, https:\/\/havamall.vn\/wp-content\/uploads\/2021\/09\/b\u1ed9t-chi\u00ean-x\u00f9-1-150x100.png 150w, https:\/\/havamall.vn\/wp-content\/uploads\/2021\/09\/b\u1ed9t-chi\u00ean-x\u00f9-1-700x467.png 700w, https:\/\/havamall.vn\/wp-content\/uploads\/2021\/09\/b\u1ed9t-chi\u00ean-x\u00f9-1-768x512.png 768w, https:\/\/havamall.vn\/wp-content\/uploads\/2021\/09\/b\u1ed9t-chi\u00ean-x\u00f9-1-1024x683.png 1024w, https:\/\/havamall.vn\/wp-content\/uploads\/2021\/09\/b\u1ed9t-chi\u00ean-x\u00f9-1-1200x800.png 1200w, https:\/\/havamall.vn\/wp-content\/uploads\/2021\/09\/b\u1ed9t-chi\u00ean-x\u00f9-1-600x400.png 600w\" sizes=\"(max-width: 668px) 100vw, 668px\" \/><\/p>\n<p>B\u1ed9t ng\u00f4 chi\u00ean x\u00f9 h\u1eefu c\u01a1 Probios h\u1ea5p th\u1ee5 d\u1ea7u \u00edt h\u01a1n 50% so v\u1edbi b\u1ed9t chi\u00ean x\u00f9 th\u00f4ng th\u01b0\u1eddng t\u1eeb b\u1ed9t m\u00ec.<\/p>\n<p>B\u1ed9t chi\u00ean x\u00f9 h\u1eefu c\u01a1 Probiosl\u00e0 m\u1ed9t g\u1ee3i \u00fd l\u00e0nh m\u1ea1nh cho c\u00e1c c\u00f4ng th\u1ee9c n\u1ea5u \u0103n nh\u1eb9 h\u01a1n, d\u1ec5 ti\u00eau h\u00f3a h\u01a1n v\u00e0 ho\u00e0n to\u00e0n ph\u00f9 h\u1ee3p v\u1edbi nh\u1eefng ng\u01b0\u1eddi kh\u00f4ng dung n\u1ea1p \u0111\u01b0\u1ee3c Gluten.<\/p>\n<p><img decoding=\"async\" class=\"wp-image-22398 aligncenter\" src=\"https:\/\/havamall.vn\/wp-content\/uploads\/2021\/09\/b\u1ed9t-chi\u00ean-x\u00f9-2-300x225.png\" alt=\"\" width=\"669\" height=\"502\" srcset=\"https:\/\/havamall.vn\/wp-content\/uploads\/2021\/09\/b\u1ed9t-chi\u00ean-x\u00f9-2-300x225.png 300w, https:\/\/havamall.vn\/wp-content\/uploads\/2021\/09\/b\u1ed9t-chi\u00ean-x\u00f9-2-430x323.png 430w, https:\/\/havamall.vn\/wp-content\/uploads\/2021\/09\/b\u1ed9t-chi\u00ean-x\u00f9-2-150x113.png 150w, https:\/\/havamall.vn\/wp-content\/uploads\/2021\/09\/b\u1ed9t-chi\u00ean-x\u00f9-2-700x525.png 700w, https:\/\/havamall.vn\/wp-content\/uploads\/2021\/09\/b\u1ed9t-chi\u00ean-x\u00f9-2-768x576.png 768w, https:\/\/havamall.vn\/wp-content\/uploads\/2021\/09\/b\u1ed9t-chi\u00ean-x\u00f9-2-1024x768.png 1024w, https:\/\/havamall.vn\/wp-content\/uploads\/2021\/09\/b\u1ed9t-chi\u00ean-x\u00f9-2-1200x900.png 1200w, https:\/\/havamall.vn\/wp-content\/uploads\/2021\/09\/b\u1ed9t-chi\u00ean-x\u00f9-2-600x450.png 600w, https:\/\/havamall.vn\/wp-content\/uploads\/2021\/09\/b\u1ed9t-chi\u00ean-x\u00f9-2.png 1280w\" sizes=\"(max-width: 669px) 100vw, 669px\" \/><\/p>\n<p>\u0110\u00e2y l\u00e0 m\u1ed9t lo\u1ea1i s\u1ed1t \u0111\u01b0\u1ee3c s\u1ea3n xu\u1ea5t t\u1eeb ngu\u1ed3n nguy\u00ean li\u1ec7u \u0111\u1ea1t chu\u1ea9n h\u1eefu c\u01a1 \u0111\u1ebfn t\u1eeb \u00dd. B\u1ed9t chi\u00ean x\u00f9 gi\u00fap m\u1eb9 ch\u1ebf bi\u1ebfn kh\u00e1 nhi\u1ec1u m\u00f3n ngon thu h\u00fat c\u00e1c b\u00e9 m\u00e0 l\u1ea1i an to\u00e0n, kh\u00f4ng lo d\u1ea7u m\u1ee1 nhi\u1ec1u.<\/p>\n<p><img loading=\"lazy\" decoding=\"async\" class=\"wp-image-22399 aligncenter\" src=\"https:\/\/havamall.vn\/wp-content\/uploads\/2021\/09\/b\u1ed9-chi\u00ean-217x300.png\" alt=\"\" width=\"667\" height=\"923\" srcset=\"https:\/\/havamall.vn\/wp-content\/uploads\/2021\/09\/b\u1ed9-chi\u00ean-217x300.png 217w, https:\/\/havamall.vn\/wp-content\/uploads\/2021\/09\/b\u1ed9-chi\u00ean-430x596.png 430w, https:\/\/havamall.vn\/wp-content\/uploads\/2021\/09\/b\u1ed9-chi\u00ean-150x208.png 150w, https:\/\/havamall.vn\/wp-content\/uploads\/2021\/09\/b\u1ed9-chi\u00ean-700x970.png 700w, https:\/\/havamall.vn\/wp-content\/uploads\/2021\/09\/b\u1ed9-chi\u00ean-768x1064.png 768w, https:\/\/havamall.vn\/wp-content\/uploads\/2021\/09\/b\u1ed9-chi\u00ean-739x1024.png 739w, https:\/\/havamall.vn\/wp-content\/uploads\/2021\/09\/b\u1ed9-chi\u00ean-600x831.png 600w, https:\/\/havamall.vn\/wp-content\/uploads\/2021\/09\/b\u1ed9-chi\u00ean.png 800w\" sizes=\"(max-width: 667px) 100vw, 667px\" \/><\/p>\n<h3><strong>\u0110\u1eb7c \u0111i\u1ec3m n\u1ed5i b\u1eadt c\u1ee7a s\u1ea3n ph\u1ea9m:<\/strong><\/h3>\n<p dir=\"auto\">&#8211; B\u00f4t chi\u00ean x\u00f9 organic \u0111\u01b0\u1ee3c t\u1ea1o ra t\u1eeb b\u1ed9t ng\u00f4 v\u00e0 m\u1ed9t l\u01b0\u1ee3ng nh\u1ecf mu\u1ed1i t\u1ea1o n\u00ean m\u1ed9t s\u1ea3n ph\u1ea9m ho\u00e0n h\u1ea3o khi k\u1ebft h\u1ee3p v\u1edbi c\u00e1c lo\u1ea1i \u0111\u1ed3 \u0103n kh\u00e1c<\/p>\n<p dir=\"auto\">&#8211; B\u1ed9t chi\u00ean x\u00f9 h\u1eefu c\u01a1 ho\u00e0n to\u00e0n kh\u00f4ng ch\u1ee9a gluten<\/p>\n<p dir=\"auto\">&#8211; Tuy\u1ec7t v\u1eddi khi ch\u1ebf bi\u1ebfn c\u00e1c m\u00f3n chi\u00ean gi\u00f2n, c\u00e1c m\u00f3n \u0103n s\u1ebd d\u1ec5 d\u00e0ng ti\u00eau ho\u00e1 h\u01a1n<\/p>\n<p dir=\"auto\">&#8211; B\u1ed9t chi\u00ean x\u00f9 gi\u1ea3m 50% kh\u1ea3 n\u0103ng h\u1ea5p th\u1ee5 d\u1ea7u m\u1ee1 so v\u1edbi c\u00e1c s\u1ea3n ph\u1ea9m truy\u1ec1n th\u1ed1ng l\u00e0m t\u1eeb b\u1ed9t m\u00ec<\/p>\n<p dir=\"auto\">&#8211; \u0110\u01b0\u1ee3c nhi\u1ec1u b\u00e0 n\u1ed9i tr\u1ee3 tin d\u00f9ng v\u00ec s\u1ef1 an to\u00e0n cho s\u1ee9c kho\u1ebb<\/p>\n<p dir=\"auto\"><img loading=\"lazy\" decoding=\"async\" class=\"wp-image-22400 aligncenter\" src=\"https:\/\/havamall.vn\/wp-content\/uploads\/2021\/09\/b\u1ed9t-chi\u00ean-x\u00f9-5-240x300.png\" alt=\"\" width=\"667\" height=\"834\" srcset=\"https:\/\/havamall.vn\/wp-content\/uploads\/2021\/09\/b\u1ed9t-chi\u00ean-x\u00f9-5-240x300.png 240w, https:\/\/havamall.vn\/wp-content\/uploads\/2021\/09\/b\u1ed9t-chi\u00ean-x\u00f9-5-430x538.png 430w, https:\/\/havamall.vn\/wp-content\/uploads\/2021\/09\/b\u1ed9t-chi\u00ean-x\u00f9-5-150x188.png 150w, https:\/\/havamall.vn\/wp-content\/uploads\/2021\/09\/b\u1ed9t-chi\u00ean-x\u00f9-5-700x875.png 700w, https:\/\/havamall.vn\/wp-content\/uploads\/2021\/09\/b\u1ed9t-chi\u00ean-x\u00f9-5-768x960.png 768w, https:\/\/havamall.vn\/wp-content\/uploads\/2021\/09\/b\u1ed9t-chi\u00ean-x\u00f9-5-819x1024.png 819w, https:\/\/havamall.vn\/wp-content\/uploads\/2021\/09\/b\u1ed9t-chi\u00ean-x\u00f9-5-1200x1500.png 1200w, https:\/\/havamall.vn\/wp-content\/uploads\/2021\/09\/b\u1ed9t-chi\u00ean-x\u00f9-5-600x750.png 600w, https:\/\/havamall.vn\/wp-content\/uploads\/2021\/09\/b\u1ed9t-chi\u00ean-x\u00f9-5.png 1638w\" sizes=\"(max-width: 667px) 100vw, 667px\" \/><\/p>\n<h3><strong>H\u01b0\u1edbng d\u1eabn s\u1eed d\u1ee5ng : <\/strong><\/h3>\n<p>D\u00f9ng t\u1ea1o \u0111\u1ed9 x\u1ed1p, ph\u1ed3ng v\u00e0 gi\u00f2n trong c\u00e1c c\u00f4ng th\u1ee9c ch\u1ebf bi\u1ebfn m\u00f3n \u0103n.<\/p>\n<p>S\u1ea3n ph\u1ea9m hi\u1ec7n \u0111\u00e3 c\u00f3 m\u1eb7t t\u1ea1i Havamall.<\/p>","protected":false},"excerpt":{"rendered":"<p>TH\u00d4NG TIN S\u1ea2N PH\u1ea8M Th\u01b0\u01a1ng hi\u1ec7u ProBios Xu\u1ea5t x\u1ee9 \u00dd Th\u00e0nh ph\u1ea7n 98% b\u1ed9t b\u1eafp h\u1eefu c\u01a1, mu\u1ed1i H\u1ea1n s\u1eed<\/p>","protected":false},"featured_media":22401,"comment_status":"open","ping_status":"closed","template":"","meta":[],"product_brand":[],"product_cat":[256,36],"product_tag":[],"class_list":{"0":"post-22395","1":"product","2":"type-product","3":"status-publish","4":"has-post-thumbnail","6":"product_cat-thuc-pham-huu-co","7":"product_cat-thuc-pham-tieu-dung","8":"pa_brand-probios","10":"first","11":"outofstock","12":"sale","13":"shipping-taxable","14":"purchasable","15":"product-type-simple"},"_links":{"self":[{"href":"https:\/\/havamall.vn\/en\/wp-json\/wp\/v2\/product\/22395"}],"collection":[{"href":"https:\/\/havamall.vn\/en\/wp-json\/wp\/v2\/product"}],"about":[{"href":"https:\/\/havamall.vn\/en\/wp-json\/wp\/v2\/types\/product"}],"replies":[{"embeddable":true,"href":"https:\/\/havamall.vn\/en\/wp-json\/wp\/v2\/comments?post=22395"}],"version-history":[{"count":0,"href":"https:\/\/havamall.vn\/en\/wp-json\/wp\/v2\/product\/22395\/revisions"}],"wp:featuredmedia":[{"embeddable":true,"href":"https:\/\/havamall.vn\/en\/wp-json\/wp\/v2\/media\/22401"}],"wp:attachment":[{"href":"https:\/\/havamall.vn\/en\/wp-json\/wp\/v2\/media?parent=22395"}],"wp:term":[{"taxonomy":"product_brand","embeddable":true,"href":"https:\/\/havamall.vn\/en\/wp-json\/wp\/v2\/product_brand?post=22395"},{"taxonomy":"product_cat","embeddable":true,"href":"https:\/\/havamall.vn\/en\/wp-json\/wp\/v2\/product_cat?post=22395"},{"taxonomy":"product_tag","embeddable":true,"href":"https:\/\/havamall.vn\/en\/wp-json\/wp\/v2\/product_tag?post=22395"}],"curies":[{"name":"wp","href":"https:\/\/api.w.org\/{rel}","templated":true}]}}