{"id":22387,"date":"2021-09-28T16:23:03","date_gmt":"2021-09-28T09:23:03","guid":{"rendered":"https:\/\/havamall.vn\/?post_type=product&#038;p=22387"},"modified":"2023-05-30T10:00:37","modified_gmt":"2023-05-30T03:00:37","slug":"bot-bap-huu-co-probios-375g-organic-corn-flour","status":"publish","type":"product","link":"https:\/\/havamall.vn\/en\/shop\/bot-bap-huu-co-probios-375g-organic-corn-flour\/","title":{"rendered":"B\u1ed9t B\u1eafp H\u1eefu C\u01a1 Probios 375g &#8211; Organic Corn Flour"},"content":{"rendered":"<h3><strong>TH\u00d4NG TIN S\u1ea2N PH\u1ea8M<\/strong><\/h3>\n<table>\n<tbody>\n<tr>\n<td>Th\u01b0\u01a1ng hi\u1ec7u<\/td>\n<td>ProBios<\/td>\n<\/tr>\n<tr>\n<td>Xu\u1ea5t x\u1ee9<\/td>\n<td>\u00dd<\/td>\n<\/tr>\n<tr>\n<td>Th\u00e0nh ph\u1ea7n<\/td>\n<td>100% b\u1ed9t b\u1eafp h\u1eefu c\u01a1<\/td>\n<\/tr>\n<tr>\n<td>H\u1ea1n s\u1eed d\u1ee5ng<\/td>\n<td>18 th\u00e1ng k\u1ec3 t\u1eeb ng\u00e0y s\u1ea3n xu\u1ea5t.<\/td>\n<\/tr>\n<tr>\n<td>B\u1ea3o qu\u1ea3n<\/td>\n<td>\u0110\u1ec3 n\u01a1i kh\u00f4 r\u00e1o, tho\u00e1ng m\u00e1t, tr\u00e1nh \u00e1nh n\u1eafng tr\u1ef1c ti\u1ebfp<\/td>\n<\/tr>\n<tr>\n<td>Kh\u1ed1i l\u01b0\u1ee3ng<\/td>\n<td>375 g<\/td>\n<\/tr>\n<\/tbody>\n<\/table>\n<p><span style=\"font-weight: 400\">ProBios \u0111\u01b0\u1ee3c th\u00e0nh l\u1eadp t\u1eeb n\u0103m 1978 t\u1ea1i Florence \u2013 \u00dd. ProBios. B\u1eb1ng vi\u1ec7c s\u1ea3n xu\u1ea5t th\u1ef1c ph\u1ea9m h\u1eefu c\u01a1, ProBios \u0111\u00e3 l\u1ef1a ch\u1ecdn c\u1ea9n th\u1eadn c\u00e1c ph\u01b0\u01a1ng ph\u00e1p tr\u1ed3ng tr\u1ecdt c\u1ee7a nguy\u00ean li\u1ec7u th\u00f4 t\u00f4n tr\u1ecdng con ng\u01b0\u1eddi v\u00e0 thi\u00ean nhi\u00ean, kh\u00f4ng ch\u1ea5p nh\u1eadn s\u1eed d\u1ee5ng thu\u1ed1c di\u1ec7t c\u1ecf, thu\u1ed1c di\u1ec7t k\u00fd sinh tr\u00f9ng, ph\u00e2n b\u00f3n h\u00f3a h\u1ecdc v\u00e0 t\u1ed5ng h\u1ee3p v\u00e0 c\u00e1c sinh v\u1eadt bi\u1ebfn \u0111\u1ed5i gen g\u00e2y \u00f4 nhi\u1ec5m tr\u00e1i \u0111\u1ea5t, n\u01b0\u1edbc v\u00e0 kh\u00f4ng kh\u00ed c\u1ee7a ch\u00fang ta.<\/span><\/p>\n<p><span style=\"font-weight: 400\">Probios, c\u00f4ng ty h\u00e0ng \u0111\u1ea7u c\u1ee7a \u00dd trong l\u0129nh v\u1ef1c ph\u00e2n ph\u1ed1i th\u1ef1c ph\u1ea9m h\u1eefu c\u01a1, v\u1edbi kinh nghi\u1ec7m 40 n\u0103m, cung c\u1ea5p m\u1ed9t lo\u1ea1t c\u00e1c s\u1ea3n ph\u1ea9m \u0111\u1ed9c quy\u1ec1n, k\u1ebft h\u1ee3p vi\u1ec7c nghi\u00ean c\u1ee9u v\u00e0 l\u1ef1a ch\u1ecdn c\u00e1c nguy\u00ean li\u1ec7u h\u1eefu c\u01a1 \u0111\u1ec3 t\u1ea1o ra c\u00e1c c\u00f4ng th\u1ee9c n\u1ea5u \u0103n c\u00e2n b\u1eb1ng, nh\u1eb1m mang \u0111\u1ebfn cho ng\u01b0\u1eddi ti\u00eau d\u00f9ng nh\u1eefng s\u1ea3n ph\u1ea9m l\u00e0nh m\u1ea1nh v\u00e0 ngon nh\u1ea5t.<\/span><\/p>\n<p><img fetchpriority=\"high\" decoding=\"async\" class=\"wp-image-22389 aligncenter\" src=\"https:\/\/havamall.vn\/wp-content\/uploads\/2021\/09\/b\u1ed9t-b\u1eafp-6-300x296.png\" alt=\"\" width=\"680\" height=\"671\" srcset=\"https:\/\/havamall.vn\/wp-content\/uploads\/2021\/09\/b\u1ed9t-b\u1eafp-6-300x296.png 300w, https:\/\/havamall.vn\/wp-content\/uploads\/2021\/09\/b\u1ed9t-b\u1eafp-6-430x425.png 430w, https:\/\/havamall.vn\/wp-content\/uploads\/2021\/09\/b\u1ed9t-b\u1eafp-6-150x148.png 150w, https:\/\/havamall.vn\/wp-content\/uploads\/2021\/09\/b\u1ed9t-b\u1eafp-6-700x692.png 700w, https:\/\/havamall.vn\/wp-content\/uploads\/2021\/09\/b\u1ed9t-b\u1eafp-6-768x759.png 768w, https:\/\/havamall.vn\/wp-content\/uploads\/2021\/09\/b\u1ed9t-b\u1eafp-6-1024x1012.png 1024w, https:\/\/havamall.vn\/wp-content\/uploads\/2021\/09\/b\u1ed9t-b\u1eafp-6-1200x1186.png 1200w, https:\/\/havamall.vn\/wp-content\/uploads\/2021\/09\/b\u1ed9t-b\u1eafp-6-600x593.png 600w, https:\/\/havamall.vn\/wp-content\/uploads\/2021\/09\/b\u1ed9t-b\u1eafp-6-100x100.png 100w, https:\/\/havamall.vn\/wp-content\/uploads\/2021\/09\/b\u1ed9t-b\u1eafp-6.png 2048w\" sizes=\"(max-width: 680px) 100vw, 680px\" \/><\/p>\n<p><span style=\"font-weight: 400\">B\u1ed9t b\u1eafp <\/span><span style=\"font-weight: 400\">Probios<\/span><span style=\"font-weight: 400\"> l\u00e0 b\u1eafp kh\u00f4 \u0111\u00e3 \u0111\u01b0\u1ee3c xay m\u1ecbn th\u00e0nh b\u1ed9t. N\u00f3 c\u00f3 m\u00e0u v\u00e0ng nh\u1ea1t.\u00a0<\/span><span style=\"font-weight: 400\">B\u1ed9t b\u1eafp c\u00f3 th\u1ec3 \u0111\u01b0\u1ee3c s\u1eed d\u1ee5ng gi\u1ed1ng nh\u01b0 b\u1ea5t k\u1ef3 lo\u1ea1i b\u1ed9t m\u00ec n\u00e0o trong c\u00e1c c\u00f4ng th\u1ee9c n\u1ea5u \u0103n ng\u1ecdt v\u00e0 m\u1eb7n c\u0169ng nh\u01b0 m\u1ed9t th\u00e0nh ph\u1ea7n trong c\u00e1c c\u00f4ng th\u1ee9c l\u00e0m b\u00e1nh m\u00ec th\u1ecbt v\u00e0 c\u00e1.<\/span><\/p>\n<p><img decoding=\"async\" class=\"wp-image-22394 aligncenter\" src=\"https:\/\/havamall.vn\/wp-content\/uploads\/2021\/09\/b\u1ed9t-b\u1eafp-2-1-250x300.png\" alt=\"\" width=\"678\" height=\"814\" srcset=\"https:\/\/havamall.vn\/wp-content\/uploads\/2021\/09\/b\u1ed9t-b\u1eafp-2-1-250x300.png 250w, https:\/\/havamall.vn\/wp-content\/uploads\/2021\/09\/b\u1ed9t-b\u1eafp-2-1-430x517.png 430w, https:\/\/havamall.vn\/wp-content\/uploads\/2021\/09\/b\u1ed9t-b\u1eafp-2-1-150x180.png 150w, https:\/\/havamall.vn\/wp-content\/uploads\/2021\/09\/b\u1ed9t-b\u1eafp-2-1-700x841.png 700w, https:\/\/havamall.vn\/wp-content\/uploads\/2021\/09\/b\u1ed9t-b\u1eafp-2-1-768x923.png 768w, https:\/\/havamall.vn\/wp-content\/uploads\/2021\/09\/b\u1ed9t-b\u1eafp-2-1-852x1024.png 852w, https:\/\/havamall.vn\/wp-content\/uploads\/2021\/09\/b\u1ed9t-b\u1eafp-2-1-600x721.png 600w, https:\/\/havamall.vn\/wp-content\/uploads\/2021\/09\/b\u1ed9t-b\u1eafp-2-1.png 1067w\" sizes=\"(max-width: 678px) 100vw, 678px\" \/><\/p>\n<p><span style=\"font-weight: 400\">B\u1ed9t b\u1eafp <\/span><span style=\"font-weight: 400\">Probios<\/span><span style=\"font-weight: 400\"> ho\u00e0n to\u00e0n kh\u00f4ng ch\u1ee9a Gluten.R\u1ea5t gi\u00e0u protein ,ch\u1ea5t x\u01a1, folate, carbohydrate, ch\u1ea5t b\u00e9o, c\u00e1c vitamin B nh\u01b0 vitamin B1 (thiamin), vitamin B2 (riboflavin), vitamin B3 (niacin ), vitamin B9, folate v\u00e0 s\u1eaft<\/span><\/p>\n<p><span style=\"font-weight: 400\">B\u1ed9t b\u1eafp c\u00f3 h\u00e0m l\u01b0\u1ee3ng polyphenol cao, l\u00e0 ngu\u1ed3n ch\u1ed1ng oxy h\u00f3a tuy\u1ec7t v\u1eddi.\u00a0<\/span><span style=\"font-weight: 400\">B\u1ed9t b\u1eafp l\u00e0 m\u1ed9t ngu\u1ed3n gi\u00e0u axit folic \u0111\u1eb7c bi\u1ec7t c\u00f3 l\u1ee3i cho ph\u1ee5 n\u1eef mang thai.<\/span><\/p>\n<p><img decoding=\"async\" class=\"wp-image-22391 aligncenter\" src=\"https:\/\/havamall.vn\/wp-content\/uploads\/2021\/09\/b\u1ed9t-b\u1eafp-5-300x300.png\" alt=\"\" width=\"683\" height=\"683\" srcset=\"https:\/\/havamall.vn\/wp-content\/uploads\/2021\/09\/b\u1ed9t-b\u1eafp-5-300x300.png 300w, https:\/\/havamall.vn\/wp-content\/uploads\/2021\/09\/b\u1ed9t-b\u1eafp-5-430x430.png 430w, https:\/\/havamall.vn\/wp-content\/uploads\/2021\/09\/b\u1ed9t-b\u1eafp-5-150x150.png 150w, https:\/\/havamall.vn\/wp-content\/uploads\/2021\/09\/b\u1ed9t-b\u1eafp-5-700x700.png 700w, https:\/\/havamall.vn\/wp-content\/uploads\/2021\/09\/b\u1ed9t-b\u1eafp-5-768x768.png 768w, https:\/\/havamall.vn\/wp-content\/uploads\/2021\/09\/b\u1ed9t-b\u1eafp-5-1024x1024.png 1024w, https:\/\/havamall.vn\/wp-content\/uploads\/2021\/09\/b\u1ed9t-b\u1eafp-5-1200x1200.png 1200w, https:\/\/havamall.vn\/wp-content\/uploads\/2021\/09\/b\u1ed9t-b\u1eafp-5-600x600.png 600w, https:\/\/havamall.vn\/wp-content\/uploads\/2021\/09\/b\u1ed9t-b\u1eafp-5-100x100.png 100w, https:\/\/havamall.vn\/wp-content\/uploads\/2021\/09\/b\u1ed9t-b\u1eafp-5.png 2048w\" sizes=\"(max-width: 683px) 100vw, 683px\" \/><\/p>\n<p><span style=\"font-weight: 400\">B\u1ed9t b\u1eafp c\u00f3 l\u1ee3i cho s\u1ee9c kh\u1ecfe c\u1ee7a tim v\u00ec n\u00f3 ch\u1ee9a s\u1ef1 k\u1ebft h\u1ee3p axit b\u00e9o t\u1ed1i \u01b0u, cho ph\u00e9p axit b\u00e9o omega-3 lo\u1ea1i b\u1ecf cholesterol c\u00f3 h\u1ea1i v\u00e0 thay th\u1ebf ch\u00fang.<\/span><\/p>\n<p><span style=\"font-weight: 400\">B\u1ed9t b\u1eafp l\u00e0 m\u1ed9t ngu\u1ed3n gi\u00e0u beta carotene t\u1ea1o th\u00e0nh Vitamin A c\u1ea7n thi\u1ebft cho vi\u1ec7c duy tr\u00ec l\u00e0n da kh\u1ecfe m\u1ea1nh. Magi\u00ea v\u00e0 kali l\u00e0 nh\u1eefng kho\u00e1ng ch\u1ea5t thi\u1ebft y\u1ebfu ch\u1ee9a trong b\u1ed9t ng\u00f4 gi\u00fap c\u1ea3i thi\u1ec7n m\u1eadt \u0111\u1ed9 kho\u00e1ng ch\u1ea5t c\u1ee7a x\u01b0\u01a1ng<\/span><\/p>\n<p><img loading=\"lazy\" decoding=\"async\" class=\"wp-image-22392 aligncenter\" src=\"https:\/\/havamall.vn\/wp-content\/uploads\/2021\/09\/b\u1ed9t-b\u1eafp-3-300x225.png\" alt=\"\" width=\"686\" height=\"515\" srcset=\"https:\/\/havamall.vn\/wp-content\/uploads\/2021\/09\/b\u1ed9t-b\u1eafp-3-300x225.png 300w, https:\/\/havamall.vn\/wp-content\/uploads\/2021\/09\/b\u1ed9t-b\u1eafp-3-430x323.png 430w, https:\/\/havamall.vn\/wp-content\/uploads\/2021\/09\/b\u1ed9t-b\u1eafp-3-150x113.png 150w, https:\/\/havamall.vn\/wp-content\/uploads\/2021\/09\/b\u1ed9t-b\u1eafp-3-700x525.png 700w, https:\/\/havamall.vn\/wp-content\/uploads\/2021\/09\/b\u1ed9t-b\u1eafp-3-768x576.png 768w, https:\/\/havamall.vn\/wp-content\/uploads\/2021\/09\/b\u1ed9t-b\u1eafp-3-1024x768.png 1024w, https:\/\/havamall.vn\/wp-content\/uploads\/2021\/09\/b\u1ed9t-b\u1eafp-3-1200x900.png 1200w, https:\/\/havamall.vn\/wp-content\/uploads\/2021\/09\/b\u1ed9t-b\u1eafp-3-600x450.png 600w, https:\/\/havamall.vn\/wp-content\/uploads\/2021\/09\/b\u1ed9t-b\u1eafp-3.png 1280w\" sizes=\"(max-width: 686px) 100vw, 686px\" \/><\/p>\n<p><span style=\"font-weight: 400\">Ng\u00f4 bao g\u1ed3m xenlulo, amyloza, hemixenlulo v\u00e0 lignin \u0111\u01b0\u1ee3c g\u1ecdi l\u00e0 s\u1ee3i kh\u00f4ng h\u00f2a tan. S\u1ef1 c\u00e2n b\u1eb1ng gi\u1eefa ch\u1ea5t x\u01a1 kh\u00f4ng h\u00f2a tan v\u00e0 h\u00f2a tan gi\u00fap ti\u00eau h\u00f3a t\u1ed1t.<\/span><\/p>\n<p><img loading=\"lazy\" decoding=\"async\" class=\"aligncenter\" src=\"https:\/\/havamall.vn\/wp-content\/uploads\/2021\/04\/yoghurt_cake_87253_16x9.jpg\" alt=\"Yoghurt cake recipe - BBC Food\" width=\"684\" height=\"385\" \/><\/p>\n<h4><strong>H\u01b0\u1edbng d\u1eabn s\u1eed d\u1ee5ng:<\/strong><\/h4>\n<p><span style=\"font-weight: 400\">&#8211; \u0110\u1ec3 n\u01b0\u1edbng b\u1ed9t b\u1eafp, n\u00f3 th\u01b0\u1eddng \u0111\u01b0\u1ee3c k\u1ebft h\u1ee3p v\u1edbi b\u1ed9t m\u00ec.\u00a0<\/span><\/p>\n<p><span style=\"font-weight: 400\">&#8211; B\u1ed9t b\u1eafp \u0111\u01b0\u1ee3c s\u1eed d\u1ee5ng l\u00e0m ch\u1ea5t k\u1ebft d\u00ednh, ch\u1ea5t \u0111\u1ed9n v\u00e0 ch\u1ea5t l\u00e0m \u0111\u1eb7c trong c\u00e1c ng\u00e0nh b\u00e1nh ng\u1ecdt, b\u00e1nh quy v\u00e0 th\u1ecbt.<\/span><\/p>\n<p><span style=\"font-weight: 400\">S\u1ea3n ph\u1ea9m hi\u1ec7n \u0111\u00e3 c\u00f3 m\u1eb7t t\u1ea1i Havamall.<\/span><\/p>\n<p><img loading=\"lazy\" decoding=\"async\" class=\"aligncenter\" src=\"https:\/\/havamall.vn\/wp-content\/uploads\/2021\/04\/Grilled-Polenta.jpg\" alt=\"Grilled Polenta with Mushrooms\" width=\"684\" height=\"514\" \/><\/p>","protected":false},"excerpt":{"rendered":"<p>TH\u00d4NG TIN S\u1ea2N PH\u1ea8M Th\u01b0\u01a1ng hi\u1ec7u ProBios Xu\u1ea5t x\u1ee9 \u00dd Th\u00e0nh ph\u1ea7n 100% b\u1ed9t b\u1eafp h\u1eefu c\u01a1 H\u1ea1n s\u1eed d\u1ee5ng<\/p>","protected":false},"featured_media":22393,"comment_status":"open","ping_status":"closed","template":"","meta":[],"product_brand":[],"product_cat":[255,256,36,134],"product_tag":[],"class_list":{"0":"post-22387","1":"product","2":"type-product","3":"status-publish","4":"has-post-thumbnail","6":"product_cat-nguyen-lieu-lam-banh","7":"product_cat-thuc-pham-huu-co","8":"product_cat-thuc-pham-tieu-dung","9":"product_cat-thucpham-saykho","10":"pa_brand-probios","12":"first","13":"outofstock","14":"sale","15":"shipping-taxable","16":"purchasable","17":"product-type-simple"},"_links":{"self":[{"href":"https:\/\/havamall.vn\/en\/wp-json\/wp\/v2\/product\/22387"}],"collection":[{"href":"https:\/\/havamall.vn\/en\/wp-json\/wp\/v2\/product"}],"about":[{"href":"https:\/\/havamall.vn\/en\/wp-json\/wp\/v2\/types\/product"}],"replies":[{"embeddable":true,"href":"https:\/\/havamall.vn\/en\/wp-json\/wp\/v2\/comments?post=22387"}],"version-history":[{"count":0,"href":"https:\/\/havamall.vn\/en\/wp-json\/wp\/v2\/product\/22387\/revisions"}],"wp:featuredmedia":[{"embeddable":true,"href":"https:\/\/havamall.vn\/en\/wp-json\/wp\/v2\/media\/22393"}],"wp:attachment":[{"href":"https:\/\/havamall.vn\/en\/wp-json\/wp\/v2\/media?parent=22387"}],"wp:term":[{"taxonomy":"product_brand","embeddable":true,"href":"https:\/\/havamall.vn\/en\/wp-json\/wp\/v2\/product_brand?post=22387"},{"taxonomy":"product_cat","embeddable":true,"href":"https:\/\/havamall.vn\/en\/wp-json\/wp\/v2\/product_cat?post=22387"},{"taxonomy":"product_tag","embeddable":true,"href":"https:\/\/havamall.vn\/en\/wp-json\/wp\/v2\/product_tag?post=22387"}],"curies":[{"name":"wp","href":"https:\/\/api.w.org\/{rel}","templated":true}]}}