{"id":22329,"date":"2021-09-23T14:30:30","date_gmt":"2021-09-23T07:30:30","guid":{"rendered":"https:\/\/havamall.vn\/?post_type=product&#038;p=22329"},"modified":"2021-09-23T14:31:16","modified_gmt":"2021-09-23T07:31:16","slug":"mieng-lot-nhao-bot-bang-silicon-40x50cm","status":"publish","type":"product","link":"https:\/\/havamall.vn\/en\/shop\/mieng-lot-nhao-bot-bang-silicon-40x50cm\/","title":{"rendered":"Mi\u1ebfng L\u00f3t Nh\u00e0o B\u1ed9t B\u1eb1ng Silicon 40x50cm"},"content":{"rendered":"<p>Th\u1ebf gi\u1edbi d\u1ee5ng c\u1ee5 l\u00e0m b\u00e1nh r\u1ea5t \u0111a d\u1ea1ng v\u00e0 phong ph\u00fa, l\u00e0 m\u1ed9t ng\u01b0\u1eddi y\u00eau b\u00e1nh th\u00ec h\u1eb3n trong c\u0103n b\u1ebfp nh\u00e0 b\u1ea1n s\u1ebd kh\u00f4ng th\u1ec3 thi\u1ebfu c\u00e1c d\u1ee5ng c\u1ee5 c\u01a1 b\u1ea3n trong l\u00e0m b\u00e1nh \u0111\u01b0\u1ee3c.<\/p>\n<p>T\u1ea5m l\u00f3t nh\u00e0o b\u1ed9t, n\u01b0\u1edbng b\u00e1nh l\u00e0 v\u1eadt d\u1ee5ng kh\u00f4ng th\u1ec3 thi\u1ebfu \u0111\u1ed1i v\u1edbi c\u00e1c c\u00f4 n\u00e0ng y\u00eau b\u1ebfp b\u00e1nh. V\u1edbi ch\u1ea5t li\u1ec7u silicon an to\u00e0n, ch\u1ecbu \u0111\u01b0\u1ee3c nhi\u1ec7t \u0111\u1ed9 cao l\u00ean t\u1edbi 230 \u0111\u1ed9 C gi\u00fap b\u1ea1n n\u01b0\u1edbng b\u00e1nh \u0111\u01a1n gi\u1ea3n v\u00e0 d\u1ec5 h\u01a1n kh\u00f4ng c\u1ea7n t\u1edbi khay n\u01b0\u1edbng.<\/p>\n<p><img fetchpriority=\"high\" decoding=\"async\" class=\"wp-image-22333 aligncenter\" src=\"https:\/\/havamall.vn\/wp-content\/uploads\/2021\/09\/mi\u1ebfng-nh\u00e0o-b\u1ed9t-2-300x300.png\" alt=\"\" width=\"573\" height=\"573\" srcset=\"https:\/\/havamall.vn\/wp-content\/uploads\/2021\/09\/mi\u1ebfng-nh\u00e0o-b\u1ed9t-2-300x300.png 300w, https:\/\/havamall.vn\/wp-content\/uploads\/2021\/09\/mi\u1ebfng-nh\u00e0o-b\u1ed9t-2-430x430.png 430w, https:\/\/havamall.vn\/wp-content\/uploads\/2021\/09\/mi\u1ebfng-nh\u00e0o-b\u1ed9t-2-150x150.png 150w, https:\/\/havamall.vn\/wp-content\/uploads\/2021\/09\/mi\u1ebfng-nh\u00e0o-b\u1ed9t-2-700x700.png 700w, https:\/\/havamall.vn\/wp-content\/uploads\/2021\/09\/mi\u1ebfng-nh\u00e0o-b\u1ed9t-2-768x768.png 768w, https:\/\/havamall.vn\/wp-content\/uploads\/2021\/09\/mi\u1ebfng-nh\u00e0o-b\u1ed9t-2-600x600.png 600w, https:\/\/havamall.vn\/wp-content\/uploads\/2021\/09\/mi\u1ebfng-nh\u00e0o-b\u1ed9t-2-100x100.png 100w, https:\/\/havamall.vn\/wp-content\/uploads\/2021\/09\/mi\u1ebfng-nh\u00e0o-b\u1ed9t-2.png 1000w\" sizes=\"(max-width: 573px) 100vw, 573px\" \/><\/p>\n<p><span style=\"font-weight: 400\">T\u1ea1i sao c\u00e1c d\u1ee5ng c\u1ee5 nh\u00e0 b\u1ebfp b\u1eb1ng Silicon l\u1ea1i \u0111\u01b0\u1ee3c \u01b0a chu\u1ed9ng v\u00e0 s\u1eed d\u1ee5ng r\u1ed9ng r\u00e3i t\u1ea1i c\u00e1c nh\u00e0 h\u00e0ng, \u0111\u01b0\u1ee3c c\u00e1c \u0111\u1ea7u b\u1ebfp chuy\u00ean nghi\u1ec7p y\u00eau th\u00edch? \u0110\u00f3 ch\u00ednh l\u00e0 nh\u1edd t\u00ednh an to\u00e0n, ti\u1ec7n l\u1ee3i v\u00e0 b\u1ec1n b\u1ec9 m\u00e0 d\u1ee5ng c\u1ee5 b\u1eb1ng Silicon mang l\u1ea1i.\u00a0<\/span><span style=\"font-weight: 400\">L\u00f3t khay n\u01b0\u1edbng b\u1eb1ng silicon Uncle Bills l\u00e0 s\u1ea3n ph\u1ea9m l\u00e0m t\u1eeb silicon v\u1edbi nhi\u1ec1u t\u00ednh n\u0103ng v\u01b0\u1ee3t tr\u1ed9i.\u00a0<\/span><\/p>\n<p><span style=\"font-weight: 400\">Mi\u1ebfng l\u00f3t b\u1ec1n, Ch\u1ecbu \u0111\u01b0\u1ee3c nhi\u1ec7t \u0111\u1ed9 t\u1eeb 40oC \u0111\u1ebfn +220oC, s\u1eed d\u1ee5ng t\u1ed1t trong l\u00f2 vi s\u00f3ng, l\u00f2 n\u01b0\u1edbng, t\u1ee7 l\u1ea1nh, m\u00e1y r\u1eeda ch\u00e9n.<\/span><\/p>\n<p><img decoding=\"async\" class=\"wp-image-22334 aligncenter\" src=\"https:\/\/havamall.vn\/wp-content\/uploads\/2021\/09\/mi\u1ebfng-nh\u00e0o-b\u1ed9t-3-300x300.png\" alt=\"\" width=\"575\" height=\"575\" srcset=\"https:\/\/havamall.vn\/wp-content\/uploads\/2021\/09\/mi\u1ebfng-nh\u00e0o-b\u1ed9t-3-300x300.png 300w, https:\/\/havamall.vn\/wp-content\/uploads\/2021\/09\/mi\u1ebfng-nh\u00e0o-b\u1ed9t-3-430x430.png 430w, https:\/\/havamall.vn\/wp-content\/uploads\/2021\/09\/mi\u1ebfng-nh\u00e0o-b\u1ed9t-3-150x150.png 150w, https:\/\/havamall.vn\/wp-content\/uploads\/2021\/09\/mi\u1ebfng-nh\u00e0o-b\u1ed9t-3-700x700.png 700w, https:\/\/havamall.vn\/wp-content\/uploads\/2021\/09\/mi\u1ebfng-nh\u00e0o-b\u1ed9t-3-768x768.png 768w, https:\/\/havamall.vn\/wp-content\/uploads\/2021\/09\/mi\u1ebfng-nh\u00e0o-b\u1ed9t-3-600x600.png 600w, https:\/\/havamall.vn\/wp-content\/uploads\/2021\/09\/mi\u1ebfng-nh\u00e0o-b\u1ed9t-3-100x100.png 100w, https:\/\/havamall.vn\/wp-content\/uploads\/2021\/09\/mi\u1ebfng-nh\u00e0o-b\u1ed9t-3.png 1024w\" sizes=\"(max-width: 575px) 100vw, 575px\" \/><\/p>\n<p><span style=\"font-weight: 400\">Mi\u1ebfng l\u00f3t nh\u00e0o b\u1ed9t, l\u00f3t khay n\u01b0\u1edbng b\u1eb1ng silicon s\u1ebd kh\u00f4ng d\u1eabn nhi\u1ec7t nh\u01b0 c\u00e1c lo\u1ea1i khay n\u01b0\u1edbng th\u00f4ng th\u01b0\u1eddng n\u00ean b\u1ea1n ch\u1ec9 vi\u1ec7c \u0111\u1eb7t th\u1ee9c \u0103n l\u00ean l\u00e0 n\u01b0\u1edbng. B\u1ea1n s\u1ebd ho\u00e0n to\u00e0n y\u00ean t\u00e2m v\u1ec1 ph\u1ea7n th\u1ee9c \u0103n ti\u1ebfp x\u00fac v\u1edbi mi\u1ebfng l\u00f3t s\u1ebd kh\u00f4ng b\u1ecb qu\u00e1 v\u00e0ng ho\u1eb7c ch\u00e1y, th\u1ee9c \u0103n s\u1ebd lu\u00f4n ch\u00edn v\u00e0 v\u00e0ng \u0111\u1ec1u.<\/span><\/p>\n<p><img decoding=\"async\" class=\"wp-image-22335 aligncenter\" src=\"https:\/\/havamall.vn\/wp-content\/uploads\/2021\/09\/mi\u1ebfng-nh\u00e0o-b\u1ed9t-4-300x300.png\" alt=\"\" width=\"579\" height=\"579\" srcset=\"https:\/\/havamall.vn\/wp-content\/uploads\/2021\/09\/mi\u1ebfng-nh\u00e0o-b\u1ed9t-4-300x300.png 300w, https:\/\/havamall.vn\/wp-content\/uploads\/2021\/09\/mi\u1ebfng-nh\u00e0o-b\u1ed9t-4-430x430.png 430w, https:\/\/havamall.vn\/wp-content\/uploads\/2021\/09\/mi\u1ebfng-nh\u00e0o-b\u1ed9t-4-150x150.png 150w, https:\/\/havamall.vn\/wp-content\/uploads\/2021\/09\/mi\u1ebfng-nh\u00e0o-b\u1ed9t-4-700x700.png 700w, https:\/\/havamall.vn\/wp-content\/uploads\/2021\/09\/mi\u1ebfng-nh\u00e0o-b\u1ed9t-4-768x768.png 768w, https:\/\/havamall.vn\/wp-content\/uploads\/2021\/09\/mi\u1ebfng-nh\u00e0o-b\u1ed9t-4-600x600.png 600w, https:\/\/havamall.vn\/wp-content\/uploads\/2021\/09\/mi\u1ebfng-nh\u00e0o-b\u1ed9t-4-100x100.png 100w, https:\/\/havamall.vn\/wp-content\/uploads\/2021\/09\/mi\u1ebfng-nh\u00e0o-b\u1ed9t-4.png 1000w\" sizes=\"(max-width: 579px) 100vw, 579px\" \/><\/p>\n<p><span style=\"font-weight: 400\">S\u1ea3n ph\u1ea9m d\u00f9ng l\u00e0m \u0111\u1ebf l\u00f3t l\u00ean m\u1eb7t b\u00e0n khi n\u1eb7n b\u1ed9t, nh\u00e0o b\u1ed9t, l\u0103n b\u1ed9t, c\u00e1n b\u1ed9t ho\u1eb7c l\u00e0m mi\u1ebfng l\u00f3t c\u00e1ch nhi\u1ec7t khu\u00f4n b\u00e1nh v\u1edbi m\u1eb7t b\u00e0n, ho\u1eb7c \u0111\u1eb7t b\u00e1nh tr\u1ef1c ti\u1ebfp l\u00ean khi n\u1eb7n t\u1ea1o h\u00ecnh cho b\u00e1nh v\u00e0 khi b\u00e1nh ch\u00edn\u2026<\/span><\/p>\n<p><span style=\"font-weight: 400\">Ch\u1ea5t li\u1ec7u Silicon d\u1ec5 d\u00e0ng ch\u00f9i r\u1eeda, kh\u00f4ng l\u00e0m t\u1ed1n k\u00e9m th\u1eddi gian v\u1ec7 sinh c\u1ee7a b\u1ea1n. Mi\u1ebfng l\u00f3t khay n\u01b0\u1edbng b\u1eb1ng Silicon l\u00e0 m\u1ed9t d\u1ee5ng c\u1ee5 kh\u00f4ng th\u1ec3 thi\u1ebfu trong nh\u00e0 b\u1ebfp.<\/span><\/p>\n<p><img loading=\"lazy\" decoding=\"async\" class=\"wp-image-22337 aligncenter\" src=\"https:\/\/havamall.vn\/wp-content\/uploads\/2021\/09\/mi\u1ebfng-nh\u00e0o-b\u1ed9t-1-300x242.png\" alt=\"\" width=\"585\" height=\"472\" srcset=\"https:\/\/havamall.vn\/wp-content\/uploads\/2021\/09\/mi\u1ebfng-nh\u00e0o-b\u1ed9t-1-300x242.png 300w, https:\/\/havamall.vn\/wp-content\/uploads\/2021\/09\/mi\u1ebfng-nh\u00e0o-b\u1ed9t-1-430x347.png 430w, https:\/\/havamall.vn\/wp-content\/uploads\/2021\/09\/mi\u1ebfng-nh\u00e0o-b\u1ed9t-1-150x121.png 150w, https:\/\/havamall.vn\/wp-content\/uploads\/2021\/09\/mi\u1ebfng-nh\u00e0o-b\u1ed9t-1-700x565.png 700w, https:\/\/havamall.vn\/wp-content\/uploads\/2021\/09\/mi\u1ebfng-nh\u00e0o-b\u1ed9t-1-768x620.png 768w, https:\/\/havamall.vn\/wp-content\/uploads\/2021\/09\/mi\u1ebfng-nh\u00e0o-b\u1ed9t-1-600x484.png 600w, https:\/\/havamall.vn\/wp-content\/uploads\/2021\/09\/mi\u1ebfng-nh\u00e0o-b\u1ed9t-1.png 870w\" sizes=\"(max-width: 585px) 100vw, 585px\" \/><\/p>\n<h3><strong>\u0110\u1eb7c \u0111i\u1ec3m s\u1ea3n ph\u1ea9m:<\/strong><\/h3>\n<p>&#8211; T\u1ea5m L\u00f3t Nh\u00e0o B\u1ed9t Silicon (40 x 50 cm)\u00a0d\u00f9ng \u0111\u1ec3 l\u00f3t trong qu\u00e1 tr\u00ecnh nh\u00e0o n\u1eb7n b\u1ed9t, l\u00e0m cho b\u1ed9t kh\u00f4ng b\u1ecb d\u00ednh, c\u00f3 th\u1ec3 d\u00f9ng t\u1ea5m silicon l\u00f3t \u0111\u1ec3 n\u01b0\u1edbng b\u00e1nh.<\/p>\n<p>&#8211; Ch\u1ecbu nhi\u1ec7t cao n\u00ean c\u00f3 th\u1ec3 \u0111\u1ec3 v\u00e0o l\u00f2 n\u01b0\u1edbng m\u00e0 kh\u00f4ng g\u00e2y ch\u00e1y n\u1ed5 ho\u1eb7c t\u00e1c h\u1ea1i n\u00e0o kh\u00e1c.<\/p>\n<p>&#8211; D\u1ec5 d\u00e0ng s\u1eed d\u1ee5ng v\u00e0 c\u0169ng d\u1ec5 d\u00e0ng b\u1ea3o qu\u1ea3n sau khi s\u1eed d\u1ee5ng, ch\u1ec9 c\u1ea7n r\u1eeda s\u1ea1ch v\u00e0 \u0111\u1ec3 n\u01a1i kh\u00f4 r\u00e1o tho\u00e1ng m\u00e1t.<\/p>\n<p><span style=\"font-weight: 400\">S\u1ea3n ph\u1ea9m hi\u1ec7n \u0111\u00e3 c\u00f3 m\u1eb7t t\u1ea1i Havamall.<\/span><\/p>","protected":false},"excerpt":{"rendered":"<p>Th\u1ebf gi\u1edbi d\u1ee5ng c\u1ee5 l\u00e0m b\u00e1nh r\u1ea5t \u0111a d\u1ea1ng v\u00e0 phong ph\u00fa, l\u00e0 m\u1ed9t ng\u01b0\u1eddi y\u00eau b\u00e1nh th\u00ec h\u1eb3n trong<\/p>","protected":false},"featured_media":22336,"comment_status":"open","ping_status":"closed","template":"","meta":[],"product_brand":[],"product_cat":[393,35],"product_tag":[],"class_list":{"0":"post-22329","1":"product","2":"type-product","3":"status-publish","4":"has-post-thumbnail","6":"product_cat-bep-phong-an","7":"product_cat-nha-cua-doi-song","9":"first","10":"instock","11":"sale","12":"shipping-taxable","13":"purchasable","14":"product-type-simple"},"_links":{"self":[{"href":"https:\/\/havamall.vn\/en\/wp-json\/wp\/v2\/product\/22329"}],"collection":[{"href":"https:\/\/havamall.vn\/en\/wp-json\/wp\/v2\/product"}],"about":[{"href":"https:\/\/havamall.vn\/en\/wp-json\/wp\/v2\/types\/product"}],"replies":[{"embeddable":true,"href":"https:\/\/havamall.vn\/en\/wp-json\/wp\/v2\/comments?post=22329"}],"version-history":[{"count":0,"href":"https:\/\/havamall.vn\/en\/wp-json\/wp\/v2\/product\/22329\/revisions"}],"wp:featuredmedia":[{"embeddable":true,"href":"https:\/\/havamall.vn\/en\/wp-json\/wp\/v2\/media\/22336"}],"wp:attachment":[{"href":"https:\/\/havamall.vn\/en\/wp-json\/wp\/v2\/media?parent=22329"}],"wp:term":[{"taxonomy":"product_brand","embeddable":true,"href":"https:\/\/havamall.vn\/en\/wp-json\/wp\/v2\/product_brand?post=22329"},{"taxonomy":"product_cat","embeddable":true,"href":"https:\/\/havamall.vn\/en\/wp-json\/wp\/v2\/product_cat?post=22329"},{"taxonomy":"product_tag","embeddable":true,"href":"https:\/\/havamall.vn\/en\/wp-json\/wp\/v2\/product_tag?post=22329"}],"curies":[{"name":"wp","href":"https:\/\/api.w.org\/{rel}","templated":true}]}}