{"id":22323,"date":"2021-09-23T11:48:04","date_gmt":"2021-09-23T04:48:04","guid":{"rendered":"https:\/\/havamall.vn\/?post_type=product&#038;p=22323"},"modified":"2021-09-23T11:48:23","modified_gmt":"2021-09-23T04:48:23","slug":"nuoc-rua-chen-sinh-hoc-oai-huong-artisan-savonnier-1l-hand-dishwashing-liquid","status":"publish","type":"product","link":"https:\/\/havamall.vn\/en\/shop\/nuoc-rua-chen-sinh-hoc-oai-huong-artisan-savonnier-1l-hand-dishwashing-liquid\/","title":{"rendered":"N\u01b0\u1edbc R\u1eeda Ch\u00e9n Sinh H\u1ecdc O\u1ea3i H\u01b0\u01a1ng Artisan Savonnier 1l &#8211; Hand Dishwashing Liquid"},"content":{"rendered":"<p>Nu\u031bo\u031b\u0301c ru\u031b\u0309a che\u0301n ba\u0301t la\u0300 sa\u0309n pha\u0302\u0309m kho\u0302ng the\u0302\u0309 thie\u0302\u0301u \u0111u\u031bo\u031b\u0323c trong ca\u0306n be\u0302\u0301p cu\u0309a mo\u0302\u0303i gia \u0111i\u0300nh. Tuy nhie\u0302n \u0111e\u0302\u0309 cho\u0323n \u0111u\u031bo\u031b\u0323c nu\u031bo\u031b\u0301c ru\u031b\u0309a che\u0301n an toa\u0300n thi\u0300 kho\u0302ng pha\u0309i ai cu\u0303ng bie\u0302\u0301t.<\/p>\n<p>Tre\u0302n thu\u031b\u0323c te\u0302\u0301, ra\u0302\u0301t nhie\u0302\u0300u sa\u0309n pha\u0302\u0309m nu\u031bo\u031b\u0301c ru\u031b\u0309a che\u0301n ba\u0301t \u0111u\u031bo\u031b\u0323c nha\u0300 sa\u0309n xua\u0302\u0301t qua\u0309ng ca\u0301o vo\u031b\u0301i ngu\u031bo\u031b\u0300i tie\u0302u du\u0300ng la\u0300 an toa\u0300n, la\u0300nh ti\u0301nh nhu\u031bng thu\u031b\u0323c te\u0302\u0301 la\u0323i chu\u031b\u0301a ra\u0302\u0301t nhie\u0302\u0300u hoa\u0301 cha\u0302\u0301t \u0111o\u0323\u0302c ha\u0323i \u0111ang bi\u0323 le\u0302n a\u0301n nhie\u0302\u0300u. Hi\u1ec3u \u0111\u01b0\u1ee3c \u0111i\u1ec1u \u0111\u00f3 t\u1ea1i Havamall \u0111\u00e3 c\u00f3 m\u1eb7t n\u01b0\u1edbc r\u1eeda b\u00e1t sinh h\u1ecdc \u0111\u1eadm \u0111\u1eb7c o\u1ea3i h\u01b0\u01a1ng Artisan Savonnier 1L \u0111\u1ea3m b\u1ea3o an to\u00e0n cho ng\u01b0\u1eddi s\u1eed d\u1ee5ng.<\/p>\n<p><img fetchpriority=\"high\" decoding=\"async\" class=\"wp-image-22324 aligncenter\" src=\"https:\/\/havamall.vn\/wp-content\/uploads\/2021\/09\/n\u01b0\u1edbc-r\u1eeda-ch\u00e9n-1-300x300.png\" alt=\"\" width=\"590\" height=\"590\" srcset=\"https:\/\/havamall.vn\/wp-content\/uploads\/2021\/09\/n\u01b0\u1edbc-r\u1eeda-ch\u00e9n-1-300x300.png 300w, https:\/\/havamall.vn\/wp-content\/uploads\/2021\/09\/n\u01b0\u1edbc-r\u1eeda-ch\u00e9n-1-430x430.png 430w, https:\/\/havamall.vn\/wp-content\/uploads\/2021\/09\/n\u01b0\u1edbc-r\u1eeda-ch\u00e9n-1-150x150.png 150w, https:\/\/havamall.vn\/wp-content\/uploads\/2021\/09\/n\u01b0\u1edbc-r\u1eeda-ch\u00e9n-1-700x700.png 700w, https:\/\/havamall.vn\/wp-content\/uploads\/2021\/09\/n\u01b0\u1edbc-r\u1eeda-ch\u00e9n-1-768x768.png 768w, https:\/\/havamall.vn\/wp-content\/uploads\/2021\/09\/n\u01b0\u1edbc-r\u1eeda-ch\u00e9n-1-1024x1024.png 1024w, https:\/\/havamall.vn\/wp-content\/uploads\/2021\/09\/n\u01b0\u1edbc-r\u1eeda-ch\u00e9n-1-1200x1200.png 1200w, https:\/\/havamall.vn\/wp-content\/uploads\/2021\/09\/n\u01b0\u1edbc-r\u1eeda-ch\u00e9n-1-600x600.png 600w, https:\/\/havamall.vn\/wp-content\/uploads\/2021\/09\/n\u01b0\u1edbc-r\u1eeda-ch\u00e9n-1-100x100.png 100w, https:\/\/havamall.vn\/wp-content\/uploads\/2021\/09\/n\u01b0\u1edbc-r\u1eeda-ch\u00e9n-1.png 1800w\" sizes=\"(max-width: 590px) 100vw, 590px\" \/><\/p>\n<p>N\u01b0\u1edbc r\u1eeda b\u00e1t sinh h\u1ecdc \u0111\u1eadm \u0111\u1eb7c o\u1ea3i h\u01b0\u01a1ng Artisan Savonnier 1L\u00a0l\u00e0 d\u00f2ng s\u1ea3n ph\u1ea9m s\u1ea3n xu\u1ea5t t\u1ea1i Ph\u00e1p, \u0111\u01b0\u1ee3c ch\u1ee9ng nh\u1eadn Ecodetergent (biobased) b\u1edfi t\u1ed5 ch\u1ee9c Ecocert. An to\u00e0n, kh\u00f4ng h\u1ea1i da tay ng\u01b0\u1eddi s\u1eed d\u1ee5ng.<\/p>\n<p>N\u01b0\u1edbc r\u1eeda b\u00e1t sinh h\u1ecdc \u0111\u1eadm \u0111\u1eb7c o\u1ea3i h\u01b0\u01a1ng Artisan Savonnier 1L v\u1edbi h\u01b0\u01a1ng th\u01a1m t\u1ef1 nhi\u00ean t\u1eeb tinh d\u1ea7u M\u00e0ng tang (May Chang).<\/p>\n<p><img decoding=\"async\" class=\"wp-image-22326 aligncenter\" src=\"https:\/\/havamall.vn\/wp-content\/uploads\/2021\/09\/n\u01b0uosc-r\u1eeda-ch\u00e9n-300x300.png\" alt=\"\" width=\"592\" height=\"592\" srcset=\"https:\/\/havamall.vn\/wp-content\/uploads\/2021\/09\/n\u01b0uosc-r\u1eeda-ch\u00e9n-300x300.png 300w, https:\/\/havamall.vn\/wp-content\/uploads\/2021\/09\/n\u01b0uosc-r\u1eeda-ch\u00e9n-430x430.png 430w, https:\/\/havamall.vn\/wp-content\/uploads\/2021\/09\/n\u01b0uosc-r\u1eeda-ch\u00e9n-150x150.png 150w, https:\/\/havamall.vn\/wp-content\/uploads\/2021\/09\/n\u01b0uosc-r\u1eeda-ch\u00e9n-700x700.png 700w, https:\/\/havamall.vn\/wp-content\/uploads\/2021\/09\/n\u01b0uosc-r\u1eeda-ch\u00e9n-768x768.png 768w, https:\/\/havamall.vn\/wp-content\/uploads\/2021\/09\/n\u01b0uosc-r\u1eeda-ch\u00e9n-1024x1024.png 1024w, https:\/\/havamall.vn\/wp-content\/uploads\/2021\/09\/n\u01b0uosc-r\u1eeda-ch\u00e9n-1200x1200.png 1200w, https:\/\/havamall.vn\/wp-content\/uploads\/2021\/09\/n\u01b0uosc-r\u1eeda-ch\u00e9n-600x600.png 600w, https:\/\/havamall.vn\/wp-content\/uploads\/2021\/09\/n\u01b0uosc-r\u1eeda-ch\u00e9n-100x100.png 100w, https:\/\/havamall.vn\/wp-content\/uploads\/2021\/09\/n\u01b0uosc-r\u1eeda-ch\u00e9n.png 1800w\" sizes=\"(max-width: 592px) 100vw, 592px\" \/><\/p>\n<p>N\u01b0\u1edbc r\u1eeda b\u00e1t sinh h\u1ecdc \u0111\u1eadm \u0111\u1eb7c o\u1ea3i h\u01b0\u01a1ng Artisan Savonnier\u00a0c\u00f3 ngu\u1ed3n g\u1ed1c t\u1eeb th\u1ef1c v\u1eadt, kh\u00f4ng ch\u1ee9a ph\u1ea9m m\u00e0u ho\u00e1 h\u1ecdc, th\u00e0nh ph\u1ea7n ngu\u1ed3n g\u1ed1c ho\u00e1 d\u1ea7u, h\u01b0\u01a1ng th\u01a1m t\u1ed5ng h\u1ee3p, kh\u00f4ng ch\u1ee9a lauryl ether sulphate ho\u1eb7c b\u1ea5t c\u1ee9 ch\u1ea5t t\u1ea9y r\u1eeda ethoxylate (ch\u1ea5t t\u1ea9y r\u1eeda tr\u1ea3i qua qu\u00e1 tr\u00ecnh ethoxylation) n\u00e0o. S\u1ea3n ph\u1ea9m c\u00f3 h\u01b0\u01a1ng th\u01a1m t\u1ef1 nhi\u00ean t\u1eeb tinh d\u1ea7u. Bao b\u00ec \u0111\u00f3ng g\u00f3i t\u00e1i ch\u1ebf \u0111\u01b0\u1ee3c, \u0111\u1ed9 ph\u00e2n h\u1ee7y sinh h\u1ecdc cao.<\/p>\n<p><img decoding=\"async\" class=\"wp-image-22327 aligncenter\" src=\"https:\/\/havamall.vn\/wp-content\/uploads\/2021\/09\/n\u01b0\u1edbc-r\u1eeda-ch\u00e9n-2-300x176.png\" alt=\"\" width=\"599\" height=\"351\" srcset=\"https:\/\/havamall.vn\/wp-content\/uploads\/2021\/09\/n\u01b0\u1edbc-r\u1eeda-ch\u00e9n-2-300x176.png 300w, https:\/\/havamall.vn\/wp-content\/uploads\/2021\/09\/n\u01b0\u1edbc-r\u1eeda-ch\u00e9n-2-430x253.png 430w, https:\/\/havamall.vn\/wp-content\/uploads\/2021\/09\/n\u01b0\u1edbc-r\u1eeda-ch\u00e9n-2-150x88.png 150w, https:\/\/havamall.vn\/wp-content\/uploads\/2021\/09\/n\u01b0\u1edbc-r\u1eeda-ch\u00e9n-2-700x411.png 700w, https:\/\/havamall.vn\/wp-content\/uploads\/2021\/09\/n\u01b0\u1edbc-r\u1eeda-ch\u00e9n-2-768x451.png 768w, https:\/\/havamall.vn\/wp-content\/uploads\/2021\/09\/n\u01b0\u1edbc-r\u1eeda-ch\u00e9n-2-1024x602.png 1024w, https:\/\/havamall.vn\/wp-content\/uploads\/2021\/09\/n\u01b0\u1edbc-r\u1eeda-ch\u00e9n-2-1200x705.png 1200w, https:\/\/havamall.vn\/wp-content\/uploads\/2021\/09\/n\u01b0\u1edbc-r\u1eeda-ch\u00e9n-2-600x353.png 600w, https:\/\/havamall.vn\/wp-content\/uploads\/2021\/09\/n\u01b0\u1edbc-r\u1eeda-ch\u00e9n-2.png 1600w\" sizes=\"(max-width: 599px) 100vw, 599px\" \/><\/p>\n<h3><strong>\u0110\u1eb7c \u0111i\u1ec3m s\u1ea3n ph\u1ea9m: <\/strong><\/h3>\n<p>&#8211; T\u1ea5t c\u1ea3 c\u00e1c ch\u1ea5t t\u1ea9y r\u1eeda (ho\u1ea1t \u0111\u1ed9ng b\u1ec1 m\u1eb7t) \u0111\u1ec1u c\u00f3 ngu\u1ed3n g\u1ed1c th\u1ef1c v\u1eadt.<\/p>\n<p>&#8211; Kh\u00f4ng ch\u1ee9a ph\u1ea9m m\u00e0u ho\u00e1 h\u1ecdc.<\/p>\n<p>&#8211; Kh\u00f4ng ch\u1ee9a th\u00e0nh ph\u1ea7n ngu\u1ed3n g\u1ed1c ho\u00e1 d\u1ea7u<\/p>\n<p>&#8211; Kh\u00f4ng ch\u1ee9a h\u01b0\u01a1ng th\u01a1m t\u1ed5ng h\u1ee3p. H\u01b0\u01a1ng th\u01a1m t\u1ef1 nhi\u00ean t\u1eeb tinh d\u1ea7u.<\/p>\n<p>&#8211; T\u00ednh ph\u00e2n hu\u1ef7 sinh h\u1ecdc cao.<\/p>\n<p>&#8211; Bao b\u00ec \u0111\u00f3ng g\u00f3i t\u00e1i ch\u1ebf \u0111\u01b0\u1ee3c<\/p>\n<p><img loading=\"lazy\" decoding=\"async\" class=\"wp-image-22325 aligncenter\" src=\"https:\/\/havamall.vn\/wp-content\/uploads\/2021\/09\/n\u01b0\u1edbc-r\u1eeda-ch\u00e9n-300x300.png\" alt=\"\" width=\"597\" height=\"597\" srcset=\"https:\/\/havamall.vn\/wp-content\/uploads\/2021\/09\/n\u01b0\u1edbc-r\u1eeda-ch\u00e9n-300x300.png 300w, https:\/\/havamall.vn\/wp-content\/uploads\/2021\/09\/n\u01b0\u1edbc-r\u1eeda-ch\u00e9n-430x430.png 430w, https:\/\/havamall.vn\/wp-content\/uploads\/2021\/09\/n\u01b0\u1edbc-r\u1eeda-ch\u00e9n-150x150.png 150w, https:\/\/havamall.vn\/wp-content\/uploads\/2021\/09\/n\u01b0\u1edbc-r\u1eeda-ch\u00e9n-700x700.png 700w, https:\/\/havamall.vn\/wp-content\/uploads\/2021\/09\/n\u01b0\u1edbc-r\u1eeda-ch\u00e9n-768x768.png 768w, https:\/\/havamall.vn\/wp-content\/uploads\/2021\/09\/n\u01b0\u1edbc-r\u1eeda-ch\u00e9n-1024x1024.png 1024w, https:\/\/havamall.vn\/wp-content\/uploads\/2021\/09\/n\u01b0\u1edbc-r\u1eeda-ch\u00e9n-1200x1200.png 1200w, https:\/\/havamall.vn\/wp-content\/uploads\/2021\/09\/n\u01b0\u1edbc-r\u1eeda-ch\u00e9n-600x600.png 600w, https:\/\/havamall.vn\/wp-content\/uploads\/2021\/09\/n\u01b0\u1edbc-r\u1eeda-ch\u00e9n-100x100.png 100w, https:\/\/havamall.vn\/wp-content\/uploads\/2021\/09\/n\u01b0\u1edbc-r\u1eeda-ch\u00e9n.png 2000w\" sizes=\"(max-width: 597px) 100vw, 597px\" \/><\/p>\n<h3><strong>Th\u00e0nh ph\u1ea7n: <\/strong><\/h3>\n<p>&#8211; 15%-30%: anionic Surfactant, &lt;5% non-ionic surfactant, n\u01b0\u1edbc, n\u01b0\u1edbc tinh ch\u1ea5t c\u00fac xu xi calendula, n\u01b0\u1edbc tinh ch\u1ea5t o\u1ea3i h\u01b0\u01a1ng, mu\u1ed1i, citric acid, h\u01b0\u01a1ng th\u01a1m t\u1ef1 nhi\u00ean t\u1eeb tinh d\u1ea7u h\u1eefu c\u01a1 o\u1ea3i h\u01b0\u01a1ng v\u00e0 c\u1ecf roi ng\u1ef1a, citral**, limonene**, citronellol**, geraniol**, potassium sorbate, sodium dehydroacetate.<\/p>\n<p>&#8211; Th\u00e0nh ph\u1ea7n t\u1ed3n t\u1ea1i t\u1ef1 nhi\u00ean trong tinh d\u1ea7u.<\/p>","protected":false},"excerpt":{"rendered":"<p>Nu\u031bo\u031b\u0301c ru\u031b\u0309a che\u0301n ba\u0301t la\u0300 sa\u0309n pha\u0302\u0309m kho\u0302ng the\u0302\u0309 thie\u0302\u0301u \u0111u\u031bo\u031b\u0323c trong ca\u0306n be\u0302\u0301p cu\u0309a mo\u0302\u0303i gia \u0111i\u0300nh. Tuy nhie\u0302n<\/p>","protected":false},"featured_media":22328,"comment_status":"open","ping_status":"closed","template":"","meta":[],"product_brand":[],"product_cat":[393,35],"product_tag":[],"class_list":{"0":"post-22323","1":"product","2":"type-product","3":"status-publish","4":"has-post-thumbnail","6":"product_cat-bep-phong-an","7":"product_cat-nha-cua-doi-song","9":"first","10":"instock","11":"sale","12":"shipping-taxable","13":"purchasable","14":"product-type-simple"},"_links":{"self":[{"href":"https:\/\/havamall.vn\/en\/wp-json\/wp\/v2\/product\/22323"}],"collection":[{"href":"https:\/\/havamall.vn\/en\/wp-json\/wp\/v2\/product"}],"about":[{"href":"https:\/\/havamall.vn\/en\/wp-json\/wp\/v2\/types\/product"}],"replies":[{"embeddable":true,"href":"https:\/\/havamall.vn\/en\/wp-json\/wp\/v2\/comments?post=22323"}],"version-history":[{"count":0,"href":"https:\/\/havamall.vn\/en\/wp-json\/wp\/v2\/product\/22323\/revisions"}],"wp:featuredmedia":[{"embeddable":true,"href":"https:\/\/havamall.vn\/en\/wp-json\/wp\/v2\/media\/22328"}],"wp:attachment":[{"href":"https:\/\/havamall.vn\/en\/wp-json\/wp\/v2\/media?parent=22323"}],"wp:term":[{"taxonomy":"product_brand","embeddable":true,"href":"https:\/\/havamall.vn\/en\/wp-json\/wp\/v2\/product_brand?post=22323"},{"taxonomy":"product_cat","embeddable":true,"href":"https:\/\/havamall.vn\/en\/wp-json\/wp\/v2\/product_cat?post=22323"},{"taxonomy":"product_tag","embeddable":true,"href":"https:\/\/havamall.vn\/en\/wp-json\/wp\/v2\/product_tag?post=22323"}],"curies":[{"name":"wp","href":"https:\/\/api.w.org\/{rel}","templated":true}]}}