{"id":22315,"date":"2021-09-23T11:11:24","date_gmt":"2021-09-23T04:11:24","guid":{"rendered":"https:\/\/havamall.vn\/?post_type=product&#038;p=22315"},"modified":"2022-10-04T17:11:24","modified_gmt":"2022-10-04T10:11:24","slug":"tuong-den-me-nau-y-lan-200ml","status":"publish","type":"product","link":"https:\/\/havamall.vn\/en\/shop\/tuong-den-me-nau-y-lan-200ml\/","title":{"rendered":"T\u01b0\u01a1ng \u0110en M\u1eb9 N\u1ea5u Y Lan 200ml"},"content":{"rendered":"<h3><strong>TH\u00d4NG TIN S\u1ea2N PH\u1ea8M<\/strong><\/h3>\n<table style=\"height: 170px\" width=\"479\">\n<tbody>\n<tr>\n<td>Th\u01b0\u01a1ng hi\u1ec7u<\/td>\n<td>Y Lan<\/td>\n<\/tr>\n<tr>\n<td>Xu\u1ea5t x\u1ee9<\/td>\n<td>Vi\u1ec7t Nam<\/td>\n<\/tr>\n<tr>\n<td>Th\u00e0nh ph\u1ea7n<\/td>\n<td>T\u01b0\u01a1ng \u0111\u1eadu n\u00e0nh, m\u1eadt m\u00eda, d\u1ea7u \u0103n, t\u1ecfi, h\u00e0nh, mu\u1ed1i, b\u1ed9t ng\u1ecdt<\/td>\n<\/tr>\n<tr>\n<td>H\u1ea1n s\u1eed d\u1ee5ng<\/td>\n<td>6 th\u00e1ng k\u1ec3 t\u1eeb ng\u00e0y s\u1ea3n xu\u1ea5t.<\/td>\n<\/tr>\n<tr>\n<td>B\u1ea3o qu\u1ea3n<\/td>\n<td>\u0110\u1ec3 n\u01a1i kh\u00f4 r\u00e1o, tho\u00e1ng m\u00e1t, tr\u00e1nh \u00e1nh n\u1eafng tr\u1ef1c ti\u1ebfp<\/td>\n<\/tr>\n<tr>\n<td>Th\u1ec3 t\u00edch th\u1ef1c<\/td>\n<td>200ml<\/td>\n<\/tr>\n<\/tbody>\n<\/table>\n<p>S\u1ea3n ph\u1ea9m \u0111\u1ea3m b\u1ea3o ch\u1ea5t l\u01b0\u1ee3ng an to\u00e0n, kh\u00f4ng c\u00f3 \u0111\u01b0\u1eddng h\u00f3a h\u1ecdc, kh\u00f4ng ch\u1ee9a h\u00f3a ch\u1ea5t \u0111\u1ed9c h\u1ea1i, mang \u0111\u1ebfn s\u1ef1 an t\u00e2m cho b\u1ea1n.\u00a0T\u01b0\u01a1ng \u0111en m\u1eb9 n\u1ea5u Y Lan\u00a0 c\u00f3 th\u00e0nh ph\u1ea7n an to\u00e0n cho ng\u01b0\u1eddi d\u00f9ng, m\u00e0u s\u1eafc t\u1ef1 nhi\u00ean, th\u01a1m v\u1ecb \u0111\u1eadu n\u00e0nh. T\u01b0\u01a1ng d\u00f9ng v\u1edbi b\u00f2 vi\u00ean, c\u00e1 vi\u00ean, t\u00f4m vi\u00ean, th\u1ecbt chi\u00ean hay n\u01b0\u1edbng, h\u1ea3i s\u1ea3n lu\u1ed9c v\u00e0 \u0111\u1eb7c bi\u1ec7t ngon khi d\u00f9ng v\u1edbi ph\u1edf. T\u01b0\u01a1ng \u0111en l\u00e0m cho m\u00f3n \u0103n th\u00eam h\u01b0\u01a1ng v\u1ecb \u0111\u1eadm \u0111\u00e0, th\u01a1m ngon.<br \/>\n<img fetchpriority=\"high\" decoding=\"async\" class=\"wp-image-22316 aligncenter\" src=\"https:\/\/havamall.vn\/wp-content\/uploads\/2021\/09\/t\u01b0\u01a1ng-\u0111en-2-300x225.png\" alt=\"\" width=\"605\" height=\"454\" srcset=\"https:\/\/havamall.vn\/wp-content\/uploads\/2021\/09\/t\u01b0\u01a1ng-\u0111en-2-300x225.png 300w, https:\/\/havamall.vn\/wp-content\/uploads\/2021\/09\/t\u01b0\u01a1ng-\u0111en-2-430x323.png 430w, https:\/\/havamall.vn\/wp-content\/uploads\/2021\/09\/t\u01b0\u01a1ng-\u0111en-2-150x113.png 150w, https:\/\/havamall.vn\/wp-content\/uploads\/2021\/09\/t\u01b0\u01a1ng-\u0111en-2-700x525.png 700w, https:\/\/havamall.vn\/wp-content\/uploads\/2021\/09\/t\u01b0\u01a1ng-\u0111en-2-768x576.png 768w, https:\/\/havamall.vn\/wp-content\/uploads\/2021\/09\/t\u01b0\u01a1ng-\u0111en-2-1024x768.png 1024w, https:\/\/havamall.vn\/wp-content\/uploads\/2021\/09\/t\u01b0\u01a1ng-\u0111en-2-1200x900.png 1200w, https:\/\/havamall.vn\/wp-content\/uploads\/2021\/09\/t\u01b0\u01a1ng-\u0111en-2-600x450.png 600w, https:\/\/havamall.vn\/wp-content\/uploads\/2021\/09\/t\u01b0\u01a1ng-\u0111en-2.png 1920w\" sizes=\"(max-width: 605px) 100vw, 605px\" \/><\/p>\n<p>T\u01b0\u01a1ng \u0111en m\u1eb9 n\u1ea5u Y Lan\u00a0\u0111\u01b0\u1ee3c \u0111\u00f3ng l\u1ecd th\u1ee7y tinh c\u00f3 n\u1eafp \u0111\u1eady k\u00edn \u0111\u00e1o, h\u1ee3p v\u1ec7 sinh, d\u00f9ng \u0111\u01b0\u1ee3c l\u00e2u. Ng\u01b0\u1eddi d\u00f9ng c\u00f3 th\u1ec3 b\u1ea3o qu\u1ea3n d\u1ec5 d\u00e0ng n\u01a1i kh\u00f4 m\u00e1t m\u00e0 kh\u00f4ng s\u1ee3 s\u1ea3n ph\u1ea9m h\u01b0 h\u1ecfng hay bi\u1ebfn ch\u1ea5t. \u0110\u00e2y l\u00e0 lo\u1ea1i s\u1ea3n ph\u1ea9m thi\u1ebft y\u1ebfu trong t\u1ee7 b\u1ebfp c\u1ee7a m\u1ed7i gia \u0111\u00ecnh.<\/p>\n<p><img decoding=\"async\" class=\"wp-image-22317 aligncenter\" src=\"https:\/\/havamall.vn\/wp-content\/uploads\/2021\/09\/ph\u1edf-2-300x238.png\" alt=\"\" width=\"608\" height=\"483\" srcset=\"https:\/\/havamall.vn\/wp-content\/uploads\/2021\/09\/ph\u1edf-2-300x238.png 300w, https:\/\/havamall.vn\/wp-content\/uploads\/2021\/09\/ph\u1edf-2-430x341.png 430w, https:\/\/havamall.vn\/wp-content\/uploads\/2021\/09\/ph\u1edf-2-150x119.png 150w, https:\/\/havamall.vn\/wp-content\/uploads\/2021\/09\/ph\u1edf-2-700x555.png 700w, https:\/\/havamall.vn\/wp-content\/uploads\/2021\/09\/ph\u1edf-2-1024x811.png 1024w, https:\/\/havamall.vn\/wp-content\/uploads\/2021\/09\/ph\u1edf-2-1200x951.png 1200w, https:\/\/havamall.vn\/wp-content\/uploads\/2021\/09\/ph\u1edf-2.png 1920w\" sizes=\"(max-width: 608px) 100vw, 608px\" \/><\/p>\n<p>T\u01b0\u01a1ng \u0111en \u0111\u01b0\u1ee3c l\u00e0m t\u1eeb nh\u1eefng h\u1ea1t \u0111\u1eadu t\u01b0\u01a1ng v\u00f9ng cao nguy\u00ean, ch\u1eafc m\u1ecbn v\u00e0 to, b\u00f3ng. \u0110\u01b0\u1ee3c n\u1ea5u v\u00e0 \u1ee7 c\u1ef1c k\u00ec c\u00f4ng. T\u01b0\u01a1ng c\u00e0ng \u1ee7 l\u00e2u th\u00ec \u0111\u1ed9 th\u01a1m ngon c\u1ee7a t\u01b0\u01a1ng c\u00e0ng ch\u1eafc, m\u00e0u c\u00e0ng s\u00e1nh m\u1ecbn. N\u00f3 mang l\u1ea1i m\u1ed9t h\u01b0\u01a1ng v\u1ecb th\u01a1m ngon r\u1ea5t ri\u00eang. G\u1eafp m\u1ed9t mi\u1ebfng ph\u1edf, chan th\u00eam ch\u00fat t\u01b0\u01a1ng \u0111en, m\u1ed9t ch\u00fat rau th\u01a1m v\u00e0 \u0103n mi\u1ebfng th\u1ecbt th\u00eam ch\u00fat h\u00e0nh phi b\u1ea1n s\u1ebd c\u1ea3m nh\u1eadn \u0111\u01b0\u1ee3c h\u1ebft v\u1ecb ngon c\u1ee7a m\u00f3n ph\u1edf kh\u00f4. V\u1eeba b\u00e9o b\u00f9i v\u1eeba th\u01a1m ng\u1eady.<\/p>\n<p><img decoding=\"async\" class=\"wp-image-22318 aligncenter\" src=\"https:\/\/havamall.vn\/wp-content\/uploads\/2021\/09\/t\u01b0\u01a1ng-\u0111en-1-300x200.png\" alt=\"\" width=\"598\" height=\"399\" srcset=\"https:\/\/havamall.vn\/wp-content\/uploads\/2021\/09\/t\u01b0\u01a1ng-\u0111en-1-300x200.png 300w, https:\/\/havamall.vn\/wp-content\/uploads\/2021\/09\/t\u01b0\u01a1ng-\u0111en-1-430x287.png 430w, https:\/\/havamall.vn\/wp-content\/uploads\/2021\/09\/t\u01b0\u01a1ng-\u0111en-1-150x100.png 150w, https:\/\/havamall.vn\/wp-content\/uploads\/2021\/09\/t\u01b0\u01a1ng-\u0111en-1-700x467.png 700w, https:\/\/havamall.vn\/wp-content\/uploads\/2021\/09\/t\u01b0\u01a1ng-\u0111en-1-768x512.png 768w, https:\/\/havamall.vn\/wp-content\/uploads\/2021\/09\/t\u01b0\u01a1ng-\u0111en-1.png 1024w, https:\/\/havamall.vn\/wp-content\/uploads\/2021\/09\/t\u01b0\u01a1ng-\u0111en-1-600x400.png 600w\" sizes=\"(max-width: 598px) 100vw, 598px\" \/><\/p>\n<h3><strong>H\u01b0\u1edbng d\u1eabn s\u1eed d\u1ee5ng:<\/strong><\/h3>\n<p>&#8211; D\u00f9ng \u0111\u1ec3 \u0103n tr\u1ef1c ti\u1ebfp v\u1edbi ph\u1edf, b\u00f2 vi\u00ean, m\u1ef3,&#8230;<\/p>\n<p>&#8211; Ch\u1ebf bi\u1ebfn c\u00e1c m\u00f3n \u0103n ho\u1eb7c th\u00eam gia v\u1ecb t\u00f9y th\u00edch<\/p>\n<p><img loading=\"lazy\" decoding=\"async\" class=\"wp-image-22319 aligncenter\" src=\"https:\/\/havamall.vn\/wp-content\/uploads\/2021\/09\/t\u01b0\u01a1ng-\u0111en-3-240x300.png\" alt=\"\" width=\"592\" height=\"740\" srcset=\"https:\/\/havamall.vn\/wp-content\/uploads\/2021\/09\/t\u01b0\u01a1ng-\u0111en-3-240x300.png 240w, https:\/\/havamall.vn\/wp-content\/uploads\/2021\/09\/t\u01b0\u01a1ng-\u0111en-3-430x537.png 430w, https:\/\/havamall.vn\/wp-content\/uploads\/2021\/09\/t\u01b0\u01a1ng-\u0111en-3-150x187.png 150w, https:\/\/havamall.vn\/wp-content\/uploads\/2021\/09\/t\u01b0\u01a1ng-\u0111en-3-700x874.png 700w, https:\/\/havamall.vn\/wp-content\/uploads\/2021\/09\/t\u01b0\u01a1ng-\u0111en-3-600x749.png 600w, https:\/\/havamall.vn\/wp-content\/uploads\/2021\/09\/t\u01b0\u01a1ng-\u0111en-3.png 1000w\" sizes=\"(max-width: 592px) 100vw, 592px\" \/><\/p>\n<h3 id=\"nhung-cong-dung-cua-dau-nanh-den-voi-suc-khoe-6\"><strong>Nh\u1eefng c\u00f4ng d\u1ee5ng c\u1ee7a \u0111\u1eadu n\u00e0nh \u0111en v\u1edbi s\u1ee9c kho\u1ebb:<\/strong><\/h3>\n<p>&#8211; \u0110\u1eadu t\u01b0\u01a1ng \u0111en l\u00e0 v\u1ecb thu\u1ed1c qu\u00fd kh\u00f4ng ch\u1ec9 \u0111\u01b0\u1ee3c \u1ee9ng d\u1ee5ng trong th\u1eddi gian g\u1ea7n \u0111\u00e2y. Tr\u00e1i l\u1ea1i, \u0111\u1eadu t\u01b0\u01a1ng \u0111en \u0111\u00e3 \u0111\u01b0\u1ee3c s\u1eed d\u1ee5ng t\u1eeb r\u1ea5t xa x\u01b0a \u0111\u1ec3 ch\u1eefa b\u1ec7nh v\u00e0 l\u00e0m \u0111\u1eb9p.<\/p>\n<p>&#8211; \u0110\u1eadu t\u01b0\u01a1ng \u0111en l\u00e0 lo\u1ea1i h\u1ea1t ch\u1ee9a nhi\u1ec1u Protein, ch\u1ea5t b\u00e9o, Hydrocacbon, nhi\u1ec1u lo\u1ea1i vitamin quan tr\u1ecdng nh\u01b0 B1, B2, B12\u2026 c\u0169ng nh\u01b0 c\u00e1c lo\u1ea1i kho\u00e1ng ch\u1ea5t nh\u01b0 Kali, s\u1eaft\u2026<\/p>\n<p>&#8211; \u0110\u1eb7c bi\u1ec7t, \u0111\u1eadu t\u01b0\u01a1ng \u0111en ch\u1ee9a h\u00e0m l\u01b0\u1ee3ng Carotenoid, Omega 3, Omega 6 cao h\u01a1n so v\u1edbi \u0111\u1eadu t\u01b0\u01a1ng v\u00e0ng t\u1eeb 10 \u2013 60%.<\/p>\n<p>S\u1ea3n ph\u1ea9m hi\u1ec7n \u0111\u00e3 c\u00f3 m\u1eb7t t\u1ea1i Havamall.<\/p>\n<p><img loading=\"lazy\" decoding=\"async\" class=\"wp-image-22320 aligncenter\" src=\"https:\/\/havamall.vn\/wp-content\/uploads\/2021\/09\/t\u01b0\u01a1ng-\u0111en-4-238x300.png\" alt=\"\" width=\"586\" height=\"739\" srcset=\"https:\/\/havamall.vn\/wp-content\/uploads\/2021\/09\/t\u01b0\u01a1ng-\u0111en-4-238x300.png 238w, https:\/\/havamall.vn\/wp-content\/uploads\/2021\/09\/t\u01b0\u01a1ng-\u0111en-4-430x542.png 430w, https:\/\/havamall.vn\/wp-content\/uploads\/2021\/09\/t\u01b0\u01a1ng-\u0111en-4-150x189.png 150w, https:\/\/havamall.vn\/wp-content\/uploads\/2021\/09\/t\u01b0\u01a1ng-\u0111en-4-700x882.png 700w, https:\/\/havamall.vn\/wp-content\/uploads\/2021\/09\/t\u01b0\u01a1ng-\u0111en-4-600x756.png 600w, https:\/\/havamall.vn\/wp-content\/uploads\/2021\/09\/t\u01b0\u01a1ng-\u0111en-4.png 735w\" sizes=\"(max-width: 586px) 100vw, 586px\" \/><\/p>","protected":false},"excerpt":{"rendered":"<p>TH\u00d4NG TIN S\u1ea2N PH\u1ea8M Th\u01b0\u01a1ng hi\u1ec7u Y Lan Xu\u1ea5t x\u1ee9 Vi\u1ec7t Nam Th\u00e0nh ph\u1ea7n T\u01b0\u01a1ng \u0111\u1eadu n\u00e0nh, m\u1eadt m\u00eda, d\u1ea7u<\/p>","protected":false},"featured_media":22321,"comment_status":"open","ping_status":"closed","template":"","meta":[],"product_brand":[],"product_cat":[36],"product_tag":[],"class_list":{"0":"post-22315","1":"product","2":"type-product","3":"status-publish","4":"has-post-thumbnail","6":"product_cat-thuc-pham-tieu-dung","8":"first","9":"outofstock","10":"sale","11":"shipping-taxable","12":"purchasable","13":"product-type-simple"},"_links":{"self":[{"href":"https:\/\/havamall.vn\/en\/wp-json\/wp\/v2\/product\/22315"}],"collection":[{"href":"https:\/\/havamall.vn\/en\/wp-json\/wp\/v2\/product"}],"about":[{"href":"https:\/\/havamall.vn\/en\/wp-json\/wp\/v2\/types\/product"}],"replies":[{"embeddable":true,"href":"https:\/\/havamall.vn\/en\/wp-json\/wp\/v2\/comments?post=22315"}],"version-history":[{"count":0,"href":"https:\/\/havamall.vn\/en\/wp-json\/wp\/v2\/product\/22315\/revisions"}],"wp:featuredmedia":[{"embeddable":true,"href":"https:\/\/havamall.vn\/en\/wp-json\/wp\/v2\/media\/22321"}],"wp:attachment":[{"href":"https:\/\/havamall.vn\/en\/wp-json\/wp\/v2\/media?parent=22315"}],"wp:term":[{"taxonomy":"product_brand","embeddable":true,"href":"https:\/\/havamall.vn\/en\/wp-json\/wp\/v2\/product_brand?post=22315"},{"taxonomy":"product_cat","embeddable":true,"href":"https:\/\/havamall.vn\/en\/wp-json\/wp\/v2\/product_cat?post=22315"},{"taxonomy":"product_tag","embeddable":true,"href":"https:\/\/havamall.vn\/en\/wp-json\/wp\/v2\/product_tag?post=22315"}],"curies":[{"name":"wp","href":"https:\/\/api.w.org\/{rel}","templated":true}]}}