{"id":22306,"date":"2021-09-23T10:20:30","date_gmt":"2021-09-23T03:20:30","guid":{"rendered":"https:\/\/havamall.vn\/?post_type=product&#038;p=22306"},"modified":"2023-06-09T10:29:18","modified_gmt":"2023-06-09T03:29:18","slug":"pho-kho-gia-truyen-gia-lai-pho-2-to-havafoodies-500g","status":"publish","type":"product","link":"https:\/\/havamall.vn\/en\/shop\/pho-kho-gia-truyen-gia-lai-pho-2-to-havafoodies-500g\/","title":{"rendered":"Ph\u1edf Kh\u00f4 Gia Truy\u1ec1n Gia Lai Ph\u1edf 2 T\u00f4 Havafoodies 500g"},"content":{"rendered":"<h3><strong>TH\u00d4NG TIN S\u1ea2N PH\u1ea8M<\/strong><\/h3>\n<p dir=\"auto\">Ph\u1edf kh\u00f4 l\u00e0 m\u00f3n ngon tuy\u1ec7t h\u1ea3o \u1edf ph\u1ed1 n\u00fai Pleiku v\u00e0 c\u0169ng \u0111ang d\u1ea7n ph\u00e1t tri\u1ec3n lan r\u1ed9ng ra kh\u1eafp c\u00e1c t\u1ec9nh th\u00e0nh tr\u00ean c\u1ea3 n\u01b0\u1edbc. Ph\u1edf kh\u00f4 Gia Lai l\u00e0 m\u1ed9t nh\u1eefng m\u00f3n \u0111\u1eb7c s\u1ea3n ngon h\u1ea3o h\u1ea1ng, d\u00e2n d\u00e3 mang \u0111\u1eadm b\u1ea3n s\u1eafc n\u00fai r\u1eebng T\u00e2y Nguy\u00ean mang d\u1ea5u \u1ea5n c\u1ee7a m\u1ed9t v\u00f9ng \u0111\u1ea5t badan r\u1ed9ng l\u1edbn v\u1edbi nh\u1eefng khu r\u1eebng xanh ng\u00fat ng\u00e0n thu\u1ed9c T\u00e2y Nguy\u00ean.<\/p>\n<p dir=\"auto\"><img fetchpriority=\"high\" decoding=\"async\" class=\"wp-image-29334 aligncenter\" src=\"https:\/\/havamall.vn\/wp-content\/uploads\/2021\/09\/6756-300x200.png\" alt=\"\" width=\"723\" height=\"482\" srcset=\"https:\/\/havamall.vn\/wp-content\/uploads\/2021\/09\/6756-300x200.png 300w, https:\/\/havamall.vn\/wp-content\/uploads\/2021\/09\/6756-430x287.png 430w, https:\/\/havamall.vn\/wp-content\/uploads\/2021\/09\/6756-150x100.png 150w, https:\/\/havamall.vn\/wp-content\/uploads\/2021\/09\/6756-700x467.png 700w, https:\/\/havamall.vn\/wp-content\/uploads\/2021\/09\/6756-768x513.png 768w, https:\/\/havamall.vn\/wp-content\/uploads\/2021\/09\/6756-1024x684.png 1024w, https:\/\/havamall.vn\/wp-content\/uploads\/2021\/09\/6756-1200x801.png 1200w, https:\/\/havamall.vn\/wp-content\/uploads\/2021\/09\/6756-600x401.png 600w, https:\/\/havamall.vn\/wp-content\/uploads\/2021\/09\/6756.png 1600w\" sizes=\"(max-width: 723px) 100vw, 723px\" \/>Ng\u00e0y nay, m\u00f3n ph\u1edf kh\u00f4 Gia Lai \u0111\u00e3 d\u1ea7n tr\u1edf n\u00ean ph\u1ed5 bi\u1ebfn v\u00e0 c\u00f3 m\u1eb7t t\u1ea1i nhi\u1ec1u \u0111\u1ecba ph\u01b0\u01a1ng, nhi\u1ec1u khu v\u1ef1c tr\u00ean ph\u1ea1m vi c\u1ea3 n\u01b0\u1edbc. Tuy nhi\u00ean, do kh\u1ea9u v\u1ecb v\u00f9ng mi\u1ec1n c\u00f3 kh\u00e1c nhau, cho n\u00ean \u1edf m\u1ed7i n\u01a1i \u0111\u1eb7t ch\u00e2n \u0111\u1ebfn th\u00ec ph\u1edf kh\u00f4 Gia Lai l\u1ea1i c\u00f3 m\u1ed9t h\u01b0\u01a1ng v\u1ecb ri\u00eang bi\u1ec7t, kh\u00f4ng n\u01a1i n\u00e0o gi\u1ed1ng n\u01a1i n\u00e0o.<\/p>\n<p dir=\"auto\"><img decoding=\"async\" class=\"wp-image-29335 aligncenter\" src=\"https:\/\/havamall.vn\/wp-content\/uploads\/2021\/09\/78987897-241x300.png\" alt=\"\" width=\"468\" height=\"583\" srcset=\"https:\/\/havamall.vn\/wp-content\/uploads\/2021\/09\/78987897-241x300.png 241w, https:\/\/havamall.vn\/wp-content\/uploads\/2021\/09\/78987897-430x535.png 430w, https:\/\/havamall.vn\/wp-content\/uploads\/2021\/09\/78987897-150x186.png 150w, https:\/\/havamall.vn\/wp-content\/uploads\/2021\/09\/78987897-700x870.png 700w, https:\/\/havamall.vn\/wp-content\/uploads\/2021\/09\/78987897-768x955.png 768w, https:\/\/havamall.vn\/wp-content\/uploads\/2021\/09\/78987897-824x1024.png 824w, https:\/\/havamall.vn\/wp-content\/uploads\/2021\/09\/78987897-600x746.png 600w, https:\/\/havamall.vn\/wp-content\/uploads\/2021\/09\/78987897.png 859w\" sizes=\"(max-width: 468px) 100vw, 468px\" \/><\/p>\n<p dir=\"auto\">S\u1ee3i ph\u1edf kh\u00f4 \u0111\u01b0\u1ee3c ch\u1ebf bi\u1ebfn r\u1ea5t \u0111\u1eb7c bi\u1ec7t ch\u1ec9 c\u00f3 th\u1ec3 t\u00ecm th\u1ea5y \u1edf Gia Lai. Ph\u1edf kh\u00f4 Gia Lai d\u00f9ng s\u1ee3i ph\u1edf tr\u00f2n m\u1ea3nh ch\u1ee9 kh\u00f4ng m\u1ec1m v\u00e0 d\u1eb9t nh\u01b0 ph\u1edf th\u00f4ng th\u01b0\u1eddng. S\u1ee3i ph\u1edf \u0111\u01b0\u1ee3c l\u00e0m ho\u00e0n to\u00e0n t\u1eeb g\u1ea1o nguy\u00ean ch\u1ea5t kh\u00f4ng ho\u00e1 ch\u1ea5t t\u1ea1o dai.<\/p>\n<p dir=\"auto\">C\u00f4ng \u0111o\u1ea1n l\u00e0m s\u1ee3i ph\u1edf kh\u00e1 c\u00f4ng phu v\u00e0 k\u00ec c\u00f4ng. Sau khi \u0111\u01b0\u1ee3c vo r\u1eeda s\u1ea1ch, g\u1ea1o s\u1ebd \u0111\u01b0\u1ee3c \u0111em \u0111i ng\u00e2m sau \u0111\u00f3 say nhuy\u1ec5n v\u00e0 k\u00e9o s\u1ee3i t\u1ea1o h\u00ecnh cho cu\u1ed9n ph\u1edf v\u00e0 mang \u0111i s\u1ea5y kh\u00f4.<\/p>\n<p dir=\"auto\"><img decoding=\"async\" class=\"wp-image-29336 aligncenter\" src=\"https:\/\/havamall.vn\/wp-content\/uploads\/2021\/09\/656u6768-298x300.png\" alt=\"\" width=\"502\" height=\"505\" srcset=\"https:\/\/havamall.vn\/wp-content\/uploads\/2021\/09\/656u6768-298x300.png 298w, https:\/\/havamall.vn\/wp-content\/uploads\/2021\/09\/656u6768-430x433.png 430w, https:\/\/havamall.vn\/wp-content\/uploads\/2021\/09\/656u6768-150x150.png 150w, https:\/\/havamall.vn\/wp-content\/uploads\/2021\/09\/656u6768-700x706.png 700w, https:\/\/havamall.vn\/wp-content\/uploads\/2021\/09\/656u6768-768x774.png 768w, https:\/\/havamall.vn\/wp-content\/uploads\/2021\/09\/656u6768-1016x1024.png 1016w, https:\/\/havamall.vn\/wp-content\/uploads\/2021\/09\/656u6768-1200x1210.png 1200w, https:\/\/havamall.vn\/wp-content\/uploads\/2021\/09\/656u6768-600x605.png 600w, https:\/\/havamall.vn\/wp-content\/uploads\/2021\/09\/656u6768-100x100.png 100w\" sizes=\"(max-width: 502px) 100vw, 502px\" \/><\/p>\n<p dir=\"auto\">M\u1ed9t m\u00f3n \u0103n k\u00e8m kh\u00f4ng th\u1ec3 thi\u1ebfu c\u1ee7a m\u00f3n ph\u1edf kh\u00f4 Gia Lai \u0111\u00f3 l\u00e0 t\u01b0\u01a1ng \u0111en. D\u00f9 n\u00f3 ch\u1ec9 l\u00e0 m\u1ed9t m\u00f3n gia v\u1ecb ch\u1ea5m \u0103n k\u00e8m nh\u01b0ng thi\u1ebfu \u0111i h\u01b0\u01a1ng v\u1ecb n\u00e0y m\u00f3n ph\u1edf kh\u00f4 nh\u01b0 thi\u1ebfu \u0111i m\u1ed9t n\u1eeda h\u01b0\u01a1ng v\u1ecb. <a href=\"https:\/\/havamall.vn\/shop\/tuong-den-pho-2-to-dac-san-gia-lai-500g\/\">T\u01b0\u01a1ng \u0111en<\/a> \u0111\u01b0\u1ee3c l\u00e0m t\u1eeb nh\u1eefng h\u1ea1t \u0111\u1eadu t\u01b0\u01a1ng v\u00f9ng cao nguy\u00ean, ch\u1eafc m\u1ecbn v\u00e0 to, b\u00f3ng. \u0110\u01b0\u1ee3c n\u1ea5u v\u00e0 \u1ee7 c\u1ef1c k\u00ec c\u00f4ng. T\u01b0\u01a1ng c\u00e0ng \u1ee7 l\u00e2u th\u00ec \u0111\u1ed9 th\u01a1m ngon c\u1ee7a t\u01b0\u01a1ng c\u00e0ng ch\u1eafc, m\u00e0u c\u00e0ng s\u00e1nh m\u1ecbn. N\u00f3 mang l\u1ea1i m\u1ed9t h\u01b0\u01a1ng v\u1ecb th\u01a1m ngon r\u1ea5t ri\u00eang. G\u1eafp m\u1ed9t mi\u1ebfng ph\u1edf, chan th\u00eam ch\u00fat t\u01b0\u01a1ng \u0111en, m\u1ed9t ch\u00fat rau th\u01a1m v\u00e0 \u0103n mi\u1ebfng th\u1ecbt th\u00eam ch\u00fat h\u00e0nh phi b\u1ea1n s\u1ebd c\u1ea3m nh\u1eadn \u0111\u01b0\u1ee3c h\u1ebft v\u1ecb ngon c\u1ee7a m\u00f3n ph\u1edf kh\u00f4. V\u1eeba b\u00e9o b\u00f9i v\u1eeba th\u01a1m ng\u1eady.<\/p>\n<p dir=\"auto\">Ph\u1edf kh\u00f4 Gia Lai \u0111\u01b0\u1ee3c xem l\u00e0 m\u1ed9t m\u00f3n \u0111\u1eb7c s\u1ea3n mang n\u00e9t \u0111\u1eb7c tr\u01b0ng ri\u00eang c\u1ee7a v\u00f9ng n\u00fai T\u00e2y Nguy\u00ean n\u00f3i chung hay c\u1ee7a Gia Lai n\u00f3i ri\u00eang. N\u00f3 l\u00e0 ni\u1ec1m t\u1ef1 h\u00e0o v\u1ec1 \u1ea9m th\u1ef1c c\u1ee7a n\u01a1i n\u00e0y. C\u0169ng b\u1edfi v\u1eady m\u00e0 ph\u1edf kh\u00f4 Gia Lai \u0111\u01b0\u1ee3c mang \u0111i lan truy\u1ec1n kh\u1eafp n\u01a1i v\u00e0 tr\u1edf th\u00e0nh m\u00f3n \u0103n n\u1ed5i ti\u1ebfng tr\u1ee9 danh v\u00e0 kh\u00f4ng th\u1ec3 b\u1ecf qua khi \u0111\u1ebfn \u0111\u00e2y c\u1ee7a c\u00e1c th\u1ef1c kh\u00e1ch.<\/p>\n<p dir=\"auto\"><img loading=\"lazy\" decoding=\"async\" class=\"wp-image-22313 aligncenter\" src=\"https:\/\/havamall.vn\/wp-content\/uploads\/2021\/09\/ph\u1edf-3-300x200.png\" alt=\"\" width=\"619\" height=\"413\" srcset=\"https:\/\/havamall.vn\/wp-content\/uploads\/2021\/09\/ph\u1edf-3-300x200.png 300w, https:\/\/havamall.vn\/wp-content\/uploads\/2021\/09\/ph\u1edf-3-430x287.png 430w, https:\/\/havamall.vn\/wp-content\/uploads\/2021\/09\/ph\u1edf-3-150x100.png 150w, https:\/\/havamall.vn\/wp-content\/uploads\/2021\/09\/ph\u1edf-3-700x467.png 700w, https:\/\/havamall.vn\/wp-content\/uploads\/2021\/09\/ph\u1edf-3-768x512.png 768w, https:\/\/havamall.vn\/wp-content\/uploads\/2021\/09\/ph\u1edf-3-1024x683.png 1024w, https:\/\/havamall.vn\/wp-content\/uploads\/2021\/09\/ph\u1edf-3-1200x800.png 1200w, https:\/\/havamall.vn\/wp-content\/uploads\/2021\/09\/ph\u1edf-3-600x400.png 600w, https:\/\/havamall.vn\/wp-content\/uploads\/2021\/09\/ph\u1edf-3.png 2048w\" sizes=\"(max-width: 619px) 100vw, 619px\" \/><\/p>","protected":false},"excerpt":{"rendered":"<p>TH\u00d4NG TIN S\u1ea2N PH\u1ea8M Ph\u1edf kh\u00f4 l\u00e0 m\u00f3n ngon tuy\u1ec7t h\u1ea3o \u1edf ph\u1ed1 n\u00fai Pleiku v\u00e0 c\u0169ng \u0111ang d\u1ea7n ph\u00e1t<\/p>","protected":false},"featured_media":29332,"comment_status":"open","ping_status":"closed","template":"","meta":[],"product_brand":[],"product_cat":[595,130,36,134],"product_tag":[],"class_list":{"0":"post-22306","1":"product","2":"type-product","3":"status-publish","4":"has-post-thumbnail","6":"product_cat-gia-vi-va-che-bien","7":"product_cat-khuyen-mai","8":"product_cat-thuc-pham-tieu-dung","9":"product_cat-thucpham-saykho","11":"first","12":"instock","13":"sale","14":"shipping-taxable","15":"purchasable","16":"product-type-simple"},"_links":{"self":[{"href":"https:\/\/havamall.vn\/en\/wp-json\/wp\/v2\/product\/22306"}],"collection":[{"href":"https:\/\/havamall.vn\/en\/wp-json\/wp\/v2\/product"}],"about":[{"href":"https:\/\/havamall.vn\/en\/wp-json\/wp\/v2\/types\/product"}],"replies":[{"embeddable":true,"href":"https:\/\/havamall.vn\/en\/wp-json\/wp\/v2\/comments?post=22306"}],"version-history":[{"count":0,"href":"https:\/\/havamall.vn\/en\/wp-json\/wp\/v2\/product\/22306\/revisions"}],"wp:featuredmedia":[{"embeddable":true,"href":"https:\/\/havamall.vn\/en\/wp-json\/wp\/v2\/media\/29332"}],"wp:attachment":[{"href":"https:\/\/havamall.vn\/en\/wp-json\/wp\/v2\/media?parent=22306"}],"wp:term":[{"taxonomy":"product_brand","embeddable":true,"href":"https:\/\/havamall.vn\/en\/wp-json\/wp\/v2\/product_brand?post=22306"},{"taxonomy":"product_cat","embeddable":true,"href":"https:\/\/havamall.vn\/en\/wp-json\/wp\/v2\/product_cat?post=22306"},{"taxonomy":"product_tag","embeddable":true,"href":"https:\/\/havamall.vn\/en\/wp-json\/wp\/v2\/product_tag?post=22306"}],"curies":[{"name":"wp","href":"https:\/\/api.w.org\/{rel}","templated":true}]}}