{"id":22298,"date":"2021-09-23T09:26:13","date_gmt":"2021-09-23T02:26:13","guid":{"rendered":"https:\/\/havamall.vn\/?post_type=product&#038;p=22298"},"modified":"2023-06-09T10:29:25","modified_gmt":"2023-06-09T03:29:25","slug":"mang-rung-tay-nguyen-y-lan-500g","status":"publish","type":"product","link":"https:\/\/havamall.vn\/en\/shop\/mang-rung-tay-nguyen-y-lan-500g\/","title":{"rendered":"M\u0103ng R\u1eebng T\u00e2y Nguy\u00ean Y Lan 500g"},"content":{"rendered":"<p><span lang=\"VI\">C\u00e2y le r\u1eebng r\u1ea5t d\u1ec5 s\u1ed1ng, th\u00edch h\u1ee3p v\u1edbi m\u1ecdi \u0111i\u1ec1u ki\u1ec7n \u0111\u1ea5t \u0111ai, \u0111\u1eb7c bi\u1ec7t l\u00e0 v\u00f9ng \u0111\u1ea5t \u0111\u1ecf bazan, v\u1eady n\u00ean ng\u01b0\u1eddi d\u00e2n n\u01a1i \u0111\u00e2y truy\u1ec1n l\u1ea1i kinh nghi\u1ec7m c\u1ee9 v\u00e0o m\u00f9a m\u01b0a m\u00e0 th\u1ea5y n\u01a1i \u0111\u00e2u c\u00f3 \u0111\u1ea5t \u0111\u1ecf l\u00e0 kh\u00f4ng s\u1ee3 \u0111\u00f3i v\u00ec c\u00f3 m\u0103ng le m\u1ecdc \u1edf \u0111\u00f3.<\/span><\/p>\n<p><span lang=\"VI\">M\u0103ng le r\u1eebng l\u00e0 m\u1ed9t trong nh\u1eefng \u0111\u1eb7c s\u1ea3n T\u00e2y Nguy\u00ean<\/span>\u00a0v\u00e0\u00a0<span lang=\"VI\">M\u0103ng le \u0111\u01b0\u1ee3c x\u1ebfp v\u00e0o lo\u1ea1i qu\u00e0 \u0111\u1eb7c bi\u1ec7t khi \u0111\u1ebfn v\u00f9ng \u0111\u1ea5t n\u00e0y \u0111\u1ec1u mu\u1ed1n mua v\u1ec1 l\u00e0m qu\u00e0\u00a0<\/span>t\u1eb7ng\u00a0<span lang=\"VI\">ho\u1eb7c \u0111\u1ec3 d\u00f9ng h\u00e0ng ng\u00e0y.<\/span><\/p>\n<p><img fetchpriority=\"high\" decoding=\"async\" class=\"wp-image-22301 aligncenter\" src=\"https:\/\/havamall.vn\/wp-content\/uploads\/2021\/09\/m\u0103ng-4-271x300.png\" alt=\"\" width=\"620\" height=\"687\" srcset=\"https:\/\/havamall.vn\/wp-content\/uploads\/2021\/09\/m\u0103ng-4-271x300.png 271w, https:\/\/havamall.vn\/wp-content\/uploads\/2021\/09\/m\u0103ng-4-430x477.png 430w, https:\/\/havamall.vn\/wp-content\/uploads\/2021\/09\/m\u0103ng-4-150x166.png 150w, https:\/\/havamall.vn\/wp-content\/uploads\/2021\/09\/m\u0103ng-4-700x776.png 700w, https:\/\/havamall.vn\/wp-content\/uploads\/2021\/09\/m\u0103ng-4-768x851.png 768w, https:\/\/havamall.vn\/wp-content\/uploads\/2021\/09\/m\u0103ng-4-924x1024.png 924w, https:\/\/havamall.vn\/wp-content\/uploads\/2021\/09\/m\u0103ng-4-1200x1330.png 1200w, https:\/\/havamall.vn\/wp-content\/uploads\/2021\/09\/m\u0103ng-4-600x665.png 600w, https:\/\/havamall.vn\/wp-content\/uploads\/2021\/09\/m\u0103ng-4.png 1440w\" sizes=\"(max-width: 620px) 100vw, 620px\" \/><\/p>\n<p>M\u0103ng R\u1eebng T\u00e2y Nguy\u00ean Y Lan \u0111\u01b0\u1ee3c l\u1ea5y tr\u1ef1c ti\u1ebfp c\u1ee7a \u0111\u1ed3ng b\u00e0o mi\u1ec1n n\u00fai \u1edf r\u1eebng n\u00ean \u0111\u1ea3m b\u1ea3o m\u0103ng \u0111\u1eb9p, non, ngon, gi\u00f2n ng\u1ecdt h\u01a1n c\u00e1c lo\u1ea1i m\u0103ng th\u01b0\u1eddng.<\/p>\n<p><span lang=\"VI\">M\u0103ng R\u1eebng T\u00e2y Nguy\u00ean Y Lan \u0111\u01b0\u1ee3c ch\u00ednh nh\u1eefng ng\u01b0\u1eddi \u0111\u1ed3ng b\u00e0o n\u01a1i \u0111\u00e2y \u0111i \u0111\u00e0o v\u00e0 b\u00e1n l\u1ea1i trong ng\u00e0y, kh\u00f4ng c\u00f3 t\u00ecnh tr\u1ea1ng \u0111\u1ec3 m\u0103ng qua \u0111\u00eam n\u00ean gi\u1eef \u0111\u01b0\u1ee3c \u0111\u1ed9 t\u01b0\u01a1i, \u0111\u1ed9 ng\u1ecdt khi ch\u1ebf bi\u1ebfn.<\/span><\/p>\n<p><img decoding=\"async\" class=\"wp-image-22304 aligncenter\" src=\"https:\/\/havamall.vn\/wp-content\/uploads\/2021\/09\/M\u0102NG-3-300x169.png\" alt=\"\" width=\"630\" height=\"355\" srcset=\"https:\/\/havamall.vn\/wp-content\/uploads\/2021\/09\/M\u0102NG-3-300x169.png 300w, https:\/\/havamall.vn\/wp-content\/uploads\/2021\/09\/M\u0102NG-3-768x432.png 768w, https:\/\/havamall.vn\/wp-content\/uploads\/2021\/09\/M\u0102NG-3-1024x576.png 1024w, https:\/\/havamall.vn\/wp-content\/uploads\/2021\/09\/M\u0102NG-3-1200x675.png 1200w, https:\/\/havamall.vn\/wp-content\/uploads\/2021\/09\/M\u0102NG-3-600x338.png 600w, https:\/\/havamall.vn\/wp-content\/uploads\/2021\/09\/M\u0102NG-3.png 1280w\" sizes=\"(max-width: 630px) 100vw, 630px\" \/><\/p>\n<p><span lang=\"VI\">M\u0103ng R\u1eebng T\u00e2y Nguy\u00ean Y Lan c\u00f3 m\u00f9i th\u01a1m \u0111\u1eb7c tr\u01b0ng (kh\u00e1c v\u1edbi m\u00f9i m\u0103ng s\u1ea5y). M\u0103ng ph\u01a1i \u0111\u1ee7 n\u1eafng n\u00ean m\u00e0u s\u1eafc v\u00e0ng t\u1ef1 nhi\u00ean v\u00e0 \u0111\u1ed9 kh\u00f4 tuy\u1ec7t \u0111\u1ed1i.<\/span><\/p>\n<p><span lang=\"VI\">M\u0103ng R\u1eebng T\u00e2y Nguy\u00ean Y Lan kh\u00f4ng pha tr\u1ed9n b\u1ea5t k\u1ef3 lo\u1ea1i m\u0103ng n\u00e0o v\u00e0o v\u1edbi nhau (s\u1ea5y v\u00e0 t\u1ef1 nhi\u00ean) v\u00ec m\u00ecnh bi\u1ebft r\u1eb1ng ch\u1ea5t l\u01b0\u1ee3ng m\u1edbi l\u00e0 \u0111i\u1ec1u c\u1ea7n thi\u1ebft \u0111\u1ec3 kh\u00e1ch h\u00e0ng tin t\u01b0\u1edfng khi \u0103n v\u00e0 t\u1ef1 tin gi\u1edbi thi\u1ec7u v\u1edbi b\u1ea1n b\u00e8 ho\u1eb7c bi\u1ebfu t\u1eb7ng m\u00f3n qu\u00e0 \u0111\u1eb7c s\u1ea3n Gia Lai n\u00e0y.<\/span><\/p>\n<p><img decoding=\"async\" class=\"wp-image-22302 aligncenter\" src=\"https:\/\/havamall.vn\/wp-content\/uploads\/2021\/09\/m\u0103ng-1-212x300.png\" alt=\"\" width=\"624\" height=\"883\" srcset=\"https:\/\/havamall.vn\/wp-content\/uploads\/2021\/09\/m\u0103ng-1-212x300.png 212w, https:\/\/havamall.vn\/wp-content\/uploads\/2021\/09\/m\u0103ng-1-430x609.png 430w, https:\/\/havamall.vn\/wp-content\/uploads\/2021\/09\/m\u0103ng-1-150x212.png 150w, https:\/\/havamall.vn\/wp-content\/uploads\/2021\/09\/m\u0103ng-1-700x991.png 700w, https:\/\/havamall.vn\/wp-content\/uploads\/2021\/09\/m\u0103ng-1-768x1087.png 768w, https:\/\/havamall.vn\/wp-content\/uploads\/2021\/09\/m\u0103ng-1-724x1024.png 724w, https:\/\/havamall.vn\/wp-content\/uploads\/2021\/09\/m\u0103ng-1-1200x1698.png 1200w, https:\/\/havamall.vn\/wp-content\/uploads\/2021\/09\/m\u0103ng-1-600x849.png 600w, https:\/\/havamall.vn\/wp-content\/uploads\/2021\/09\/m\u0103ng-1.png 1447w\" sizes=\"(max-width: 624px) 100vw, 624px\" \/><\/p>\n<h3><strong>H\u01b0\u1edbng d\u1eabn s\u01a1 ch\u1ebf:<\/strong><\/h3>\n<p dir=\"ltr\">&gt; Cho m\u0103ng v\u00e0o ng\u00e2m n\u01b0\u1edbc, v\u00e0 r\u1eeda s\u1ea1ch. Trong qu\u00e1 tr\u00ecnh ng\u00e2m, m\u0103ng kh\u00f4 s\u1ebd ti\u1ebft ra n\u01b0\u1edbc m\u00e0u v\u00e0ng v\u00ec th\u1ebf b\u1ea1n h\u00e3y th\u01b0\u1eddng xuy\u00ean thay n\u01b0\u1edbc \u0111\u1ec3 lo\u1ea1i b\u1ecf nh\u1eefng th\u00e0nh ph\u1ea7n g\u00e2y \u0111\u1eafng. \u0110\u1ec3 b\u1ea1n c\u00f3 th\u1ec3 r\u00fat ng\u1eafn th\u1eddi gian ng\u00e2m m\u0103ng ch\u00ednh l\u00e0 cho m\u0103ng v\u00e0o n\u01b0\u1edbc vo g\u1ea1o, vi\u1ec7c l\u00e0m n\u00e0y gi\u00fap m\u0103ng s\u1ea1ch v\u00e0 m\u1ec1m h\u01a1n.<\/p>\n<p dir=\"ltr\">&gt; M\u0103ng kh\u00f4sau khi \u0111\u01b0\u1ee3c ng\u00e2m m\u1ec1m th\u00ec b\u1ea1n h\u00e3y \u0111em \u0111i r\u1eeda s\u1ea1ch v\u00e0 lu\u1ed9c ch\u00edn. Th\u1eddi gian lu\u1ed9c m\u0103ng th\u01b0\u1eddng l\u00e0 kho\u1ea3ng 1 gi\u1edd. Khi ch\u00edn, b\u1ea1n l\u1ea1i v\u1edbt m\u0103ng ra v\u00e0 r\u1eeda s\u1ea1ch v\u1edbi n\u01b0\u1edbc. L\u1eb7p l\u1ea1i qu\u00e1 tr\u00ecnh lu\u1ed9c m\u0103ng n\u00e0y kho\u1ea3ng v\u00e0i l\u1ea7n \u0111\u1ec3 m\u0103ng ch\u00edn m\u1ec1m.<\/p>\n<p dir=\"ltr\">&gt; Cu\u1ed1i c\u00f9ng b\u1ea1n \u0111\u1ed5 m\u0103ng ra r\u1eeda s\u1ea1ch, r\u1eeda l\u1ea1i l\u1ea7n n\u1eefa v\u00e0 \u0111\u1ec3 r\u00e1o n\u01b0\u1edbc. Sau \u0111\u00f3 b\u1ea1n c\u1eaft b\u1ecf ph\u1ea7n m\u0103ng gi\u00e1 v\u00e0 t\u01b0\u1edbc nh\u1ecf hay th\u00e1i mi\u1ebfng v\u1eeba \u0103n \u0111\u1ec3 \u0111em \u0111i ch\u1ebf bi\u1ebfn nhi\u1ec1u m\u00f3n \u0103n ngon.<\/p>\n<p dir=\"ltr\"><img loading=\"lazy\" decoding=\"async\" class=\"wp-image-22305 aligncenter\" src=\"https:\/\/havamall.vn\/wp-content\/uploads\/2021\/09\/M\u0102NG-5-295x300.png\" alt=\"\" width=\"614\" height=\"625\" srcset=\"https:\/\/havamall.vn\/wp-content\/uploads\/2021\/09\/M\u0102NG-5-295x300.png 295w, https:\/\/havamall.vn\/wp-content\/uploads\/2021\/09\/M\u0102NG-5-430x437.png 430w, https:\/\/havamall.vn\/wp-content\/uploads\/2021\/09\/M\u0102NG-5-150x152.png 150w, https:\/\/havamall.vn\/wp-content\/uploads\/2021\/09\/M\u0102NG-5-700x711.png 700w, https:\/\/havamall.vn\/wp-content\/uploads\/2021\/09\/M\u0102NG-5-768x780.png 768w, https:\/\/havamall.vn\/wp-content\/uploads\/2021\/09\/M\u0102NG-5-1008x1024.png 1008w, https:\/\/havamall.vn\/wp-content\/uploads\/2021\/09\/M\u0102NG-5-1200x1219.png 1200w, https:\/\/havamall.vn\/wp-content\/uploads\/2021\/09\/M\u0102NG-5-600x610.png 600w\" sizes=\"(max-width: 614px) 100vw, 614px\" \/><\/p>\n<h3><strong>C\u00e1ch b\u1ea3o qu\u1ea3n:<\/strong><\/h3>\n<p>&#8211; Cho m\u0103ng kh\u00f4 v\u00e0o t\u00fai nylon ho\u1eb7c t\u00fai c\u00f3 kh\u00f3a k\u00e9o, ng\u0103n ch\u1eb7n s\u1ef1 ti\u1ebfp x\u00fac c\u1ee7a c\u00f4n tr\u00f9ng, b\u1ee5i b\u1ea9n, kh\u00f4ng kh\u00ed \u1ea9m l\u00e0 \u0111\u01b0\u1ee3c. N\u1ebfu b\u1ea1n k\u1ef9 h\u01a1n th\u00ec c\u00f3 th\u1ec3 b\u1ecf v\u00e0o trong t\u00fai zip r\u1ed3i h\u00fat ch\u00e2n kh\u00f4ng.<\/p>\n<p>&#8211; \u0110\u1ec3 m\u0103ng n\u01a1i cao r\u00e1o, tho\u00e1ng m\u00e1t, tr\u00e1nh nh\u1eefng n\u01a1i \u1ea9m m\u1ed1c, tr\u00e1nh nh\u1eefng n\u01a1i tr\u1ef1c ti\u1ebfp v\u1edbi \u00e1nh n\u1eafng m\u1eb7t tr\u1eddi.<\/p>\n<p>&#8211; Tr\u01b0\u1eddng h\u1ee3p \u0111\u1ec3 m\u0103ng qu\u00e1 l\u00e2u m\u00e0 ch\u01b0a \u0103n h\u1ebft, m\u0103ng xu\u1ea5t hi\u1ec7n c\u00e1c \u0111\u1ed1m m\u1ed1c x\u00e1m tr\u1eafng th\u00ec n\u00ean l\u1ea5y m\u0103ng ra ph\u01a1i l\u1ea1i.<\/p>\n<p><img loading=\"lazy\" decoding=\"async\" class=\"wp-image-22303 aligncenter\" src=\"https:\/\/havamall.vn\/wp-content\/uploads\/2021\/09\/m\u0103ng-2-255x300.png\" alt=\"\" width=\"612\" height=\"720\" srcset=\"https:\/\/havamall.vn\/wp-content\/uploads\/2021\/09\/m\u0103ng-2-255x300.png 255w, https:\/\/havamall.vn\/wp-content\/uploads\/2021\/09\/m\u0103ng-2-430x507.png 430w, https:\/\/havamall.vn\/wp-content\/uploads\/2021\/09\/m\u0103ng-2-150x177.png 150w, https:\/\/havamall.vn\/wp-content\/uploads\/2021\/09\/m\u0103ng-2-700x825.png 700w, https:\/\/havamall.vn\/wp-content\/uploads\/2021\/09\/m\u0103ng-2-768x905.png 768w, https:\/\/havamall.vn\/wp-content\/uploads\/2021\/09\/m\u0103ng-2-869x1024.png 869w, https:\/\/havamall.vn\/wp-content\/uploads\/2021\/09\/m\u0103ng-2-1200x1414.png 1200w, https:\/\/havamall.vn\/wp-content\/uploads\/2021\/09\/m\u0103ng-2-600x707.png 600w, https:\/\/havamall.vn\/wp-content\/uploads\/2021\/09\/m\u0103ng-2.png 1440w\" sizes=\"(max-width: 612px) 100vw, 612px\" \/><\/p>","protected":false},"excerpt":{"rendered":"<p>C\u00e2y le r\u1eebng r\u1ea5t d\u1ec5 s\u1ed1ng, th\u00edch h\u1ee3p v\u1edbi m\u1ecdi \u0111i\u1ec1u ki\u1ec7n \u0111\u1ea5t \u0111ai, \u0111\u1eb7c bi\u1ec7t l\u00e0 v\u00f9ng \u0111\u1ea5t \u0111\u1ecf<\/p>","protected":false},"featured_media":22314,"comment_status":"open","ping_status":"closed","template":"","meta":[],"product_brand":[],"product_cat":[595,36,134],"product_tag":[],"class_list":{"0":"post-22298","1":"product","2":"type-product","3":"status-publish","4":"has-post-thumbnail","6":"product_cat-gia-vi-va-che-bien","7":"product_cat-thuc-pham-tieu-dung","8":"product_cat-thucpham-saykho","10":"first","11":"instock","12":"sale","13":"shipping-taxable","14":"purchasable","15":"product-type-simple"},"_links":{"self":[{"href":"https:\/\/havamall.vn\/en\/wp-json\/wp\/v2\/product\/22298"}],"collection":[{"href":"https:\/\/havamall.vn\/en\/wp-json\/wp\/v2\/product"}],"about":[{"href":"https:\/\/havamall.vn\/en\/wp-json\/wp\/v2\/types\/product"}],"replies":[{"embeddable":true,"href":"https:\/\/havamall.vn\/en\/wp-json\/wp\/v2\/comments?post=22298"}],"version-history":[{"count":0,"href":"https:\/\/havamall.vn\/en\/wp-json\/wp\/v2\/product\/22298\/revisions"}],"wp:featuredmedia":[{"embeddable":true,"href":"https:\/\/havamall.vn\/en\/wp-json\/wp\/v2\/media\/22314"}],"wp:attachment":[{"href":"https:\/\/havamall.vn\/en\/wp-json\/wp\/v2\/media?parent=22298"}],"wp:term":[{"taxonomy":"product_brand","embeddable":true,"href":"https:\/\/havamall.vn\/en\/wp-json\/wp\/v2\/product_brand?post=22298"},{"taxonomy":"product_cat","embeddable":true,"href":"https:\/\/havamall.vn\/en\/wp-json\/wp\/v2\/product_cat?post=22298"},{"taxonomy":"product_tag","embeddable":true,"href":"https:\/\/havamall.vn\/en\/wp-json\/wp\/v2\/product_tag?post=22298"}],"curies":[{"name":"wp","href":"https:\/\/api.w.org\/{rel}","templated":true}]}}