{"id":22267,"date":"2021-09-22T14:20:55","date_gmt":"2021-09-22T07:20:55","guid":{"rendered":"https:\/\/havamall.vn\/?post_type=product&#038;p=22267"},"modified":"2022-06-02T09:20:40","modified_gmt":"2022-06-02T02:20:40","slug":"yen-mach-huu-co-can-mong-markal-500g-organic-small-oatmeal","status":"publish","type":"product","link":"https:\/\/havamall.vn\/en\/shop\/yen-mach-huu-co-can-mong-markal-500g-organic-small-oatmeal\/","title":{"rendered":"Y\u1ebfn M\u1ea1ch H\u1eefu C\u01a1 C\u00e1n M\u1ecfng Markal 500g &#8211; Organic Small Oatmeal"},"content":{"rendered":"<h3><strong>TH\u00d4NG TIN TH\u01af\u01a0NG HI\u1ec6U<\/strong><\/h3>\n<p>Khi nh\u1eafc \u0111\u1ebfn nh\u1eefng th\u01b0\u01a1ng hi\u1ec7u v\u1edbi c\u00f4ng ngh\u1ec7 s\u1ea3n xu\u1ea5t th\u1ef1c ph\u1ea9m h\u1eefu c\u01a1 kh\u00f4ng th\u1ec3 kh\u00f4ng nh\u1eafc \u0111\u1ebfn th\u01b0\u01a1ng hi\u1ec7u Markal \u0111\u1ebfn t\u1eeb Ph\u00e1p. C\u00e1c s\u1ea3n ph\u1ea9m c\u1ee7a Markal \u0111\u01b0\u1ee3c xu\u1ea5t kh\u1ea9u \u1edf nhi\u1ec1u n\u01b0\u1edbc tr\u00ean th\u1ebf gi\u1edbi, ri\u00eang n\u01b0\u1edbc Ph\u00e1p, th\u01b0\u01a1ng hi\u1ec7u Markal c\u00f3 m\u1eb7t tr\u00ean 900 c\u1eeda h\u00e0ng l\u1edbn, nh\u1ecf.<\/p>\n<p>Markal kh\u00f4ng ch\u1ec9 bi\u1ebft \u0111\u1ebfn l\u00e0 th\u01b0\u01a1ng hi\u1ec7u s\u1ea3n xu\u1ea5t s\u1ea3n ph\u1ea9m t\u1eeb l\u00faa m\u1ea1ch, m\u00e0 t\u1ea1i \u0111\u00e2y, c\u00f2n s\u1ea3n xu\u1ea5t c\u00e1c lo\u1ea1i h\u1ea1t, lo\u1ea1i \u0111\u1eadu h\u1eefu c\u01a1. T\u1eeb kh\u00e2u ch\u1ecdn gi\u1ed1ng c\u00e2y tr\u1ed3ng, \u0111\u1ebfn qu\u00e1 tr\u00ecnh ch\u0103m s\u00f3c: \u0111\u1ea5t, ngu\u1ed3n n\u01b0\u1edbc t\u01b0\u1edbi ti\u00eau \u0111\u1ec1u \u0111\u1ea3m b\u1ea3o s\u1ea1ch, tr\u00e1nh xa m\u00f4i tr\u01b0\u1eddng \u00f4 nhi\u1ec5m.\u00a0T\u1ea5t c\u1ea3 c\u00e1c s\u1ea3n ph\u1ea9m c\u1ee7a Markal \u0111\u1ec1u \u0111\u01b0\u1ee3c c\u1ea5p gi\u1ea5y ch\u1ee9ng nh\u1eadn h\u1eefu c\u01a1 c\u1ee7a AB, EU<\/p>\n<p><img fetchpriority=\"high\" decoding=\"async\" class=\"wp-image-21322 aligncenter\" src=\"https:\/\/havamall.vn\/wp-content\/uploads\/2021\/08\/\u0110\u1eacU-2-300x120.jpg\" alt=\"\" width=\"674\" height=\"270\" srcset=\"https:\/\/havamall.vn\/wp-content\/uploads\/2021\/08\/\u0110\u1eacU-2-300x120.jpg 300w, https:\/\/havamall.vn\/wp-content\/uploads\/2021\/08\/\u0110\u1eacU-2-430x172.jpg 430w, https:\/\/havamall.vn\/wp-content\/uploads\/2021\/08\/\u0110\u1eacU-2-150x60.jpg 150w, https:\/\/havamall.vn\/wp-content\/uploads\/2021\/08\/\u0110\u1eacU-2-700x280.jpg 700w, https:\/\/havamall.vn\/wp-content\/uploads\/2021\/08\/\u0110\u1eacU-2-768x307.jpg 768w, https:\/\/havamall.vn\/wp-content\/uploads\/2021\/08\/\u0110\u1eacU-2-1024x410.jpg 1024w, https:\/\/havamall.vn\/wp-content\/uploads\/2021\/08\/\u0110\u1eacU-2-1200x480.jpg 1200w, https:\/\/havamall.vn\/wp-content\/uploads\/2021\/08\/\u0110\u1eacU-2-600x240.jpg 600w\" sizes=\"(max-width: 674px) 100vw, 674px\" \/><\/p>\n<h3><strong>TH\u00d4NG TIN S\u1ea2N PH\u1ea8M<\/strong><\/h3>\n<table>\n<tbody>\n<tr>\n<td>Th\u01b0\u01a1ng hi\u1ec7u<\/td>\n<td>MARKAL<\/td>\n<\/tr>\n<tr>\n<td>Xu\u1ea5t x\u1ee9<\/td>\n<td>Ph\u00e1p<\/td>\n<\/tr>\n<tr>\n<td>Th\u00e0nh ph\u1ea7n<\/td>\n<td>100% y\u1ebfn m\u1ea1ch h\u1eefu c\u01a1<\/td>\n<\/tr>\n<tr>\n<td>H\u1ea1n s\u1eed d\u1ee5ng<\/td>\n<td>16 th\u00e1ng k\u1ec3 t\u1eeb ng\u00e0y s\u1ea3n xu\u1ea5t.<\/td>\n<\/tr>\n<tr>\n<td>B\u1ea3o qu\u1ea3n<\/td>\n<td>\u0110\u1ec3 n\u01a1i kh\u00f4 r\u00e1o, tho\u00e1ng m\u00e1t, tr\u00e1nh \u00e1nh n\u1eafng tr\u1ef1c ti\u1ebfp<\/td>\n<\/tr>\n<tr>\n<td>Kh\u1ed1i l\u01b0\u1ee3ng t\u1ecbnh<\/td>\n<td>500g<\/td>\n<\/tr>\n<\/tbody>\n<\/table>\n<p><img decoding=\"async\" class=\"wp-image-22271 aligncenter\" src=\"https:\/\/havamall.vn\/wp-content\/uploads\/2021\/09\/Y\u1ebeN-M\u1ea0CH-3-242x300.png\" alt=\"\" width=\"666\" height=\"826\" srcset=\"https:\/\/havamall.vn\/wp-content\/uploads\/2021\/09\/Y\u1ebeN-M\u1ea0CH-3-242x300.png 242w, https:\/\/havamall.vn\/wp-content\/uploads\/2021\/09\/Y\u1ebeN-M\u1ea0CH-3-430x532.png 430w, https:\/\/havamall.vn\/wp-content\/uploads\/2021\/09\/Y\u1ebeN-M\u1ea0CH-3-150x186.png 150w, https:\/\/havamall.vn\/wp-content\/uploads\/2021\/09\/Y\u1ebeN-M\u1ea0CH-3-827x1024.png 827w, https:\/\/havamall.vn\/wp-content\/uploads\/2021\/09\/Y\u1ebeN-M\u1ea0CH-3-600x743.png 600w\" sizes=\"(max-width: 666px) 100vw, 666px\" \/><\/p>\n<p>Y\u1ebfn m\u1ea1ch\u00a0\u0111\u01b0\u1ee3c gi\u1edbi chuy\u00ean gia dinh d\u01b0\u1ee1ng nh\u1eadn \u0111\u1ecbnh l\u00e0 lo\u1ea1i th\u1ef1c ph\u1ea9m t\u1ed1t nh\u1ea5t cho c\u01a1 th\u1ec3 ng\u01b0\u1eddi s\u1eed d\u1ee5ng. Trong y\u1ebfn m\u1ea1ch c\u00f3 ch\u1ee9a nhi\u1ec1u th\u00e0nh ph\u1ea7n m\u00e0 c\u01a1 th\u1ec3 ch\u00fang ta kh\u00f4ng t\u1ef1 s\u1ea3n sinh ra \u0111\u01b0\u1ee3c, hay nh\u1eefng s\u1ea3n ph\u1ea9m kh\u00e1c kh\u00f4ng c\u00f3 ho\u1eb7c c\u00f3 r\u1ea5t \u00edt, \u0111\u1eb7c bi\u1ec7t l\u00e0 nh\u00f3m d\u01b0\u1ee1ng ch\u1ea5t c\u00f3 kh\u1ea3 n\u0103ng ch\u1ed1ng l\u1ea1i ung th\u01b0, b\u1ec7nh tim.<\/p>\n<p><img decoding=\"async\" class=\"wp-image-22268 aligncenter\" src=\"https:\/\/havamall.vn\/wp-content\/uploads\/2021\/09\/y\u1ebfn-m\u1ea1ch-1-300x300.png\" alt=\"\" width=\"665\" height=\"665\" srcset=\"https:\/\/havamall.vn\/wp-content\/uploads\/2021\/09\/y\u1ebfn-m\u1ea1ch-1-300x300.png 300w, https:\/\/havamall.vn\/wp-content\/uploads\/2021\/09\/y\u1ebfn-m\u1ea1ch-1-430x430.png 430w, https:\/\/havamall.vn\/wp-content\/uploads\/2021\/09\/y\u1ebfn-m\u1ea1ch-1-150x150.png 150w, https:\/\/havamall.vn\/wp-content\/uploads\/2021\/09\/y\u1ebfn-m\u1ea1ch-1-700x701.png 700w, https:\/\/havamall.vn\/wp-content\/uploads\/2021\/09\/y\u1ebfn-m\u1ea1ch-1-768x769.png 768w, https:\/\/havamall.vn\/wp-content\/uploads\/2021\/09\/y\u1ebfn-m\u1ea1ch-1-1024x1024.png 1024w, https:\/\/havamall.vn\/wp-content\/uploads\/2021\/09\/y\u1ebfn-m\u1ea1ch-1.png 1200w, https:\/\/havamall.vn\/wp-content\/uploads\/2021\/09\/y\u1ebfn-m\u1ea1ch-1-600x601.png 600w, https:\/\/havamall.vn\/wp-content\/uploads\/2021\/09\/y\u1ebfn-m\u1ea1ch-1-100x100.png 100w\" sizes=\"(max-width: 665px) 100vw, 665px\" \/><\/p>\n<p><span style=\"font-weight: 400\">V\u1edbi y\u1ebfn m\u1ea1ch h\u1eefu c\u01a1 Markal, c\u00e1c b\u00e0 m\u1eb9 c\u00f3 th\u1ec3 ch\u1ebf bi\u1ebfn ra nhi\u1ec1u m\u00f3n ch\u00e1o cho con \u0111\u1ec3 \u0111\u1ed5i v\u1ecb nh\u01b0 ch\u00e1o y\u1ebfn m\u1ea1ch tr\u1ed9n s\u1eefa, tr\u1ed9n tr\u1ee9ng ho\u1eb7c th\u1ecbt b\u1eb1m. Theo c\u00e1c nh\u00e0 nghi\u00ean c\u1ee9u, ch\u00e1o y\u1ebfn m\u1ea1ch r\u1ea5t t\u1ed1t cho s\u1ef1 ph\u00e1t tri\u1ec3n c\u1ee7a tr\u1ebb nh\u1ecf v\u00ec ch\u1ee9a nhi\u1ec1u ch\u1ea5t x\u01a1, ch\u1ea5t ch\u1ed1ng oxy h\u00f3a. Kh\u00f4ng ch\u1ec9 n\u1ea5u ch\u00e1o cho con, c\u00e1c b\u00e0 m\u1eb9 c\u0169ng \u0111\u01b0\u1ee3c h\u01b0\u1edfng l\u1ee3i t\u1eeb y\u1ebfn m\u1ea1ch, v\u00ec y\u1ebfn m\u1ea1ch nguy\u00ean ch\u1ea5t c\u00f3 th\u1ec3 d\u00f9ng \u0111\u1ec3 l\u00e0m \u0111\u1eb9p da, t\u1ea9y t\u1ebf b\u00e0o ch\u1ebft.<\/span><\/p>\n<p><img loading=\"lazy\" decoding=\"async\" class=\"aligncenter\" src=\"https:\/\/havamall.vn\/wp-content\/uploads\/2021\/04\/banh-ngu-coc-an-kieng-baker-baking-blog-16-41d2b117-f96e-4c7d-9364-465f06f245ef.jpg\" alt=\"\u0110a d\u1ea1ng c\u00e1ch l\u00e0m s\u1eefa chua y\u1ebfn m\u1ea1ch gi\u1ea3m c\u00e2n m\u00e0 b\u1ea1n n\u00ean bi\u1ebft B\u00e1nh Healthy, EatClean, B\u00e1nh Dinh D\u01b0\u1ee1ng\" width=\"662\" height=\"497\" \/><\/p>\n<p>Y\u1ebfn m\u1ea1ch h\u1eefu c\u01a1 c\u00e1n m\u1ecfng Markal\u00a0ch\u1ee9a nhi\u1ec1u vitamin E, B6, B5 c\u00f9ng kho\u00e1ng ch\u1ea5t nh\u01b0 s\u1eaft, selen, magi\u00ea v\u00e0 \u0111\u1ed3ng. \u0110\u00e2y l\u00e0 m\u1ed9t trong nh\u1eefng lo\u1ea1i ng\u0169 c\u1ed1c gi\u00e0u ch\u1ea5t x\u01a1 v\u00e0 nhi\u1ec1u ch\u1ea5t dinh d\u01b0\u1ee1ng nh\u1ea5t. S\u1ea3n ph\u1ea9m \u0111\u01b0\u1ee3c\u00a0ch\u1ee9ng nh\u1eadn h\u1eefu c\u01a1\u00a0t\u1ea1i Ch\u00e2u \u00c2u.<\/p>\n<p><img loading=\"lazy\" decoding=\"async\" class=\"aligncenter\" src=\"https:\/\/havamall.vn\/wp-content\/uploads\/2021\/04\/160801-an-bot-yem-mach-giam-cam.jpg\" alt=\"6 c\u00f4ng th\u1ee9c \u0103n b\u1ed9t y\u1ebfn m\u1ea1ch gi\u1ea3m c\u00e2n si\u00eau t\u1ed1c\" width=\"663\" height=\"498\" \/><\/p>\n<h3><strong>C\u00f4ng d\u1ee5ng c\u1ee7a y\u1ebfn m\u1ea1ch:<\/strong><\/h3>\n<p class=\"product_title entry-title\"><strong>\u25aa\ufe0f\u00a0<\/strong>Gi\u00fap b\u1ea3o v\u1ec7 tim, ph\u00f2ng ch\u1ed1ng ung th\u01b0:\u00a0Y\u1ebfn m\u1ea1ch l\u00e0 lo\u1ea1i th\u1ef1c ph\u1ea9m duy nh\u1ea5t c\u00f3 ch\u1ee9a avenanthramide l\u00e0 ch\u1ea5t c\u00f3 kh\u1ea3 n\u0103ng \u1ee9c ch\u1ebf v\u00e0 ph\u00e1 v\u1ee1 c\u00e1c g\u1ed1c t\u1ef1 do, ng\u0103n ch\u1eb7n v\u00e0 ph\u00f2ng ng\u1eeba c\u00e1c b\u1ec7nh ung th\u01b0.<\/p>\n<p><strong>\u25aa\ufe0f\u00a0<\/strong>Tr\u00e1nh suy nh\u01b0\u1ee3c c\u01a1 th\u1ec3:S\u1eed d\u1ee5ng y\u1ebfn m\u1ea1ch c\u00e1n m\u1ecfng h\u1eefu c\u01a1 gi\u00fap c\u00f3 th\u1ec3 tr\u00e1nh suy nh\u01b0\u1ee3c, v\u00e0 c\u1ee7ng c\u1ed1 h\u1ec7 mi\u1ec5n d\u1ecbch, \u0111i\u1ec1u h\u00f2a c\u01a1 th\u1ec3, xua tan nh\u1eefng c\u01a1n kh\u00f3 ch\u1ecbu, n\u00f3ng b\u1ee9c b\u00ean trong<\/p>\n<p><strong>\u25aa\ufe0f\u00a0<\/strong>Gi\u1ea3m nguy c\u01a1 m\u1eafc b\u1ec7nh suy\u1ec5n \u1edf tr\u1ebb em:\u00a0Y\u1ebfn m\u1ea1ch c\u00f3 ch\u1ee9a nhi\u1ec1u kho\u00e1ng ch\u1ea5t, ch\u1ea5t x\u01a1, vitamin v\u00e0 protein c\u00f9ng v\u1edbi ch\u1ea5t b\u00e9o l\u00e0nh m\u1ea1nh h\u01a1n c\u00e1c lo\u1ea1i ng\u0169 c\u1ed1c kh\u00e1c s\u1ebd gi\u00fap gi\u1ea3m t\u1ef7 l\u1ec7 m\u1eafc b\u1ec7nh hen suy\u1ec5n \u1edf tr\u1ebb tr\u01b0\u1edbc 6 th\u00e1ng tu\u1ed5i.<\/p>\n<p><img loading=\"lazy\" decoding=\"async\" class=\"aligncenter\" src=\"https:\/\/havamall.vn\/wp-content\/uploads\/2021\/04\/thumb1-1200x676-20.jpg\" alt=\"C\u00e1ch n\u1ea5u ch\u00e1o y\u1ebfn m\u1ea1ch th\u1ecbt b\u00f2 ngon b\u1ed5 d\u01b0\u1ee1ng h\u1ea5p d\u1eabn \u0111\u01a1n gi\u1ea3n\" width=\"663\" height=\"374\" \/><\/p>\n<p><strong>\u25aa\ufe0f\u00a0<\/strong>Gi\u1ea3m c\u00e2n hi\u1ec7u qu\u1ea3:\u00a0ch\u1ea5t x\u01a1 v\u00e0 protein c\u00f3 trong y\u1ebfn m\u1ea1ch h\u1ed7 tr\u1ee3 ng\u01b0\u1eddi s\u1eed d\u1ee5ng c\u00f3 c\u1ea3m gi\u00e1c no l\u00e2u, ki\u1ec1m ch\u1ebf c\u00e1c c\u01a1n th\u00e8m \u0103n c\u1ee7a b\u1ea1n, gi\u00fap k\u00edch th\u00edch c\u01a1 th\u1ec3 \u0111\u1ed1t ch\u00e1y ch\u1ea5t b\u00e9o d\u01b0 th\u1eeba, th\u00fac \u0111\u1ea9y c\u01a1 b\u1eafp ph\u00e1t tri\u1ec3n.<\/p>\n<p><strong>\u25aa\ufe0f\u00a0<\/strong>Tr\u1ecb m\u1ee5n tr\u1ee9ng c\u00e1:\u00a0V\u1edbi nh\u1eefng ng\u01b0\u1eddi b\u1ecb m\u1ee5n tr\u1ee9ng c\u00e1 nhi\u1ec1u c\u00f3 th\u1ec3 s\u1eed d\u1ee5ng y\u1ebfn m\u1ea1ch nh\u01b0 m\u1ed9t lo\u1ea1i m\u1eb7t n\u1ea1 d\u01b0\u1ee1ng da, tr\u1ed9n y\u1ebfn m\u1ea1ch c\u00f9ng v\u1edbi m\u1eadt ong, \u0111\u1eafp l\u00ean m\u1eb7t gi\u00fap lo\u1ea1i b\u1ecf ch\u1ea5t d\u1ea7u nh\u1eddn, kh\u00e1ng khu\u1ea9n cho da, gi\u00fap l\u00e0n da s\u1ea1ch, h\u1ea1n ch\u1ebf s\u1ef1 n\u1ea3y sinh c\u1ee7a m\u1ee5n.<\/p>\n<p><img loading=\"lazy\" decoding=\"async\" class=\"wp-image-22269 aligncenter\" src=\"https:\/\/havamall.vn\/wp-content\/uploads\/2021\/09\/y\u1ebfn-m\u1ea1ch-2-300x200.png\" alt=\"\" width=\"665\" height=\"444\" srcset=\"https:\/\/havamall.vn\/wp-content\/uploads\/2021\/09\/y\u1ebfn-m\u1ea1ch-2-300x200.png 300w, https:\/\/havamall.vn\/wp-content\/uploads\/2021\/09\/y\u1ebfn-m\u1ea1ch-2-430x287.png 430w, https:\/\/havamall.vn\/wp-content\/uploads\/2021\/09\/y\u1ebfn-m\u1ea1ch-2-150x100.png 150w, https:\/\/havamall.vn\/wp-content\/uploads\/2021\/09\/y\u1ebfn-m\u1ea1ch-2-700x467.png 700w, https:\/\/havamall.vn\/wp-content\/uploads\/2021\/09\/y\u1ebfn-m\u1ea1ch-2-768x512.png 768w, https:\/\/havamall.vn\/wp-content\/uploads\/2021\/09\/y\u1ebfn-m\u1ea1ch-2-600x400.png 600w, https:\/\/havamall.vn\/wp-content\/uploads\/2021\/09\/y\u1ebfn-m\u1ea1ch-2.png 1000w\" sizes=\"(max-width: 665px) 100vw, 665px\" \/><\/p>\n<h3><strong>H\u01b0\u1edbng d\u1eabn s\u1eed d\u1ee5ng:\u00a0<\/strong><\/h3>\n<p>&#8211; Y\u1ebfn m\u1ea1ch c\u00e1n m\u1ecfng h\u1eefu c\u01a1 Markalc\u00f3 th\u1ec3 \u0111\u01b0\u1ee3c d\u00f9ng \u0111\u1ec3 \u0103n tr\u1ef1c ti\u1ebfp, tr\u1ed9n v\u1edbi s\u1eefa l\u1ea1nh ho\u1eb7c n\u00f3ng cho b\u1eefa \u0103n s\u00e1ng nhi\u1ec1u d\u01b0\u1ee1ng ch\u1ea5t.<\/p>\n<p>&#8211; Ngo\u00e0i ra c\u00f2n c\u00f3 th\u1ec3 d\u00f9ng \u0111\u1ec3 n\u1ea5u v\u1edbi tr\u1ee9ng, rau c\u1ee7 v\u00e0 gia v\u1ecb, ho\u1eb7c d\u00f9ng l\u00e0m m\u00f3n b\u00e1nh pancakes b\u1eb1ng ch\u1ea3o kh\u00f4ng d\u00ednh, d\u00f9ng n\u01b0\u1edbng b\u00e1nh quy,&#8230; \u01b0u \u0111i\u1ec3m c\u1ee7a y\u1ebfn m\u1ea1ch c\u00e1n m\u1ecfng so v\u1edbi y\u1ebfn m\u1ea1ch nguy\u00ean h\u1ea1t l\u00e0 d\u1ec5 ti\u00eau h\u00f3a v\u00e0 h\u1ea5p th\u1ee5 d\u01b0\u1ee1ng ch\u1ea5t h\u01a1n v\u00e0 r\u00fat ng\u1eafn th\u1eddi gian n\u1ea5u n\u01b0\u1edbng.<\/p>\n<p><span style=\"font-weight: 400\">&#8211; Y\u1ebfn m\u1ea1ch nguy\u00ean ch\u1ea5t c\u00f3 th\u1ec3 d\u00f9ng \u0111\u1ec3 l\u00e0m \u0111\u1eb9p da, t\u1ea9y t\u1ebf b\u00e0o ch\u1ebft.<\/span><\/p>\n<p>S\u1ea3n ph\u1ea9m hi\u1ec7n \u0111ac c\u00f3 m\u1eb7t t\u1ea1i Havamall.<\/p>","protected":false},"excerpt":{"rendered":"<p>TH\u00d4NG TIN TH\u01af\u01a0NG HI\u1ec6U Khi nh\u1eafc \u0111\u1ebfn nh\u1eefng th\u01b0\u01a1ng hi\u1ec7u v\u1edbi c\u00f4ng ngh\u1ec7 s\u1ea3n xu\u1ea5t th\u1ef1c ph\u1ea9m h\u1eefu c\u01a1 kh\u00f4ng<\/p>","protected":false},"featured_media":22270,"comment_status":"open","ping_status":"closed","template":"","meta":[],"product_brand":[],"product_cat":[256,36,134],"product_tag":[],"class_list":{"0":"post-22267","1":"product","2":"type-product","3":"status-publish","4":"has-post-thumbnail","6":"product_cat-thuc-pham-huu-co","7":"product_cat-thuc-pham-tieu-dung","8":"product_cat-thucpham-saykho","9":"pa_brand-markal","11":"first","12":"outofstock","13":"sale","14":"shipping-taxable","15":"purchasable","16":"product-type-simple"},"_links":{"self":[{"href":"https:\/\/havamall.vn\/en\/wp-json\/wp\/v2\/product\/22267"}],"collection":[{"href":"https:\/\/havamall.vn\/en\/wp-json\/wp\/v2\/product"}],"about":[{"href":"https:\/\/havamall.vn\/en\/wp-json\/wp\/v2\/types\/product"}],"replies":[{"embeddable":true,"href":"https:\/\/havamall.vn\/en\/wp-json\/wp\/v2\/comments?post=22267"}],"version-history":[{"count":0,"href":"https:\/\/havamall.vn\/en\/wp-json\/wp\/v2\/product\/22267\/revisions"}],"wp:featuredmedia":[{"embeddable":true,"href":"https:\/\/havamall.vn\/en\/wp-json\/wp\/v2\/media\/22270"}],"wp:attachment":[{"href":"https:\/\/havamall.vn\/en\/wp-json\/wp\/v2\/media?parent=22267"}],"wp:term":[{"taxonomy":"product_brand","embeddable":true,"href":"https:\/\/havamall.vn\/en\/wp-json\/wp\/v2\/product_brand?post=22267"},{"taxonomy":"product_cat","embeddable":true,"href":"https:\/\/havamall.vn\/en\/wp-json\/wp\/v2\/product_cat?post=22267"},{"taxonomy":"product_tag","embeddable":true,"href":"https:\/\/havamall.vn\/en\/wp-json\/wp\/v2\/product_tag?post=22267"}],"curies":[{"name":"wp","href":"https:\/\/api.w.org\/{rel}","templated":true}]}}