{"id":22250,"date":"2021-09-22T10:43:18","date_gmt":"2021-09-22T03:43:18","guid":{"rendered":"https:\/\/havamall.vn\/?post_type=product&#038;p=22250"},"modified":"2022-06-01T13:41:31","modified_gmt":"2022-06-01T06:41:31","slug":"keo-deo-huu-co-khong-gelatine-bio-planet-100gr-fruit-jellies-without-gelatine-bio-planet","status":"publish","type":"product","link":"https:\/\/havamall.vn\/en\/shop\/keo-deo-huu-co-khong-gelatine-bio-planet-100gr-fruit-jellies-without-gelatine-bio-planet\/","title":{"rendered":"K\u1eb9o D\u1ebbo H\u1eefu C\u01a1 Kh\u00f4ng Gelatine Bio Planet 100gr &#8211; Fruit Jellies Without Gelatine Bio Planet"},"content":{"rendered":"<div>\n<h3><strong>TH\u00d4NG TIN S\u1ea2N PH\u1ea8M<\/strong><\/h3>\n<table>\n<tbody>\n<tr>\n<td>Th\u01b0\u01a1ng hi\u1ec7u<\/td>\n<td>Bio Planet<\/td>\n<\/tr>\n<tr>\n<td>Xu\u1ea5t X\u1ee9<\/td>\n<td>Balan<\/td>\n<\/tr>\n<tr>\n<td>Th\u00e0nh ph\u1ea7n<\/td>\n<td>\u0110\u01b0\u1eddng m\u00eda th\u00f4, siro glucose, n\u01b0\u1edbc \u00e9p tr\u00e1i c\u00e2y c\u00f4 \u0111\u1eb7c,&#8230;<\/td>\n<\/tr>\n<tr>\n<td>H\u1ea1n s\u1eed d\u1ee5ng<\/td>\n<td>12 th\u00e1ng k\u1ec3 t\u1eeb ng\u00e0y s\u1ea3n xu\u1ea5t<\/td>\n<\/tr>\n<tr>\n<td>B\u1ea3o qu\u1ea3n<\/td>\n<td>B\u1ea3o qu\u1ea3n n\u01a1i kh\u00f4 r\u00e1o tr\u00e1nh \u00e1nh n\u1eafng v\u00e0 nhi\u1ec7t \u0111\u1ed9 cao<\/td>\n<\/tr>\n<tr>\n<td>Kh\u1ed1i l\u01b0\u1ee3ng t\u1ecbnh<\/td>\n<td>100g<\/td>\n<\/tr>\n<\/tbody>\n<\/table>\n<\/div>\n<div class=\"o9v6fnle cxmmr5t8 oygrvhab hcukyx3x c1et5uql ii04i59q\">\n<p dir=\"auto\">N\u1ebfu b\u1ea1n \u0111ang t\u00ecm cho m\u00ecnh m\u1ed9t lo\u1ea1i k\u1eb9o \u0103n v\u1eb7t h\u1eefu c\u01a1 th\u01a1m ngon, t\u1ed1t cho s\u1ee9c kh\u1ecfe th\u00ec nh\u1ea5t \u0111\u1ecbnh \u0111\u1eebng b\u1ecf qua K\u1eb9o d\u1ebbo h\u1eefu c\u01a1 Bio Planet. K\u1eb9o d\u1ebbo h\u1eefu c\u01a1 kh\u00f4ng gelatin Bio Planet l\u00e0 m\u00f3n \u0103n nh\u1eb9 tuy\u1ec7t v\u1eddi cho c\u1ea3 tr\u1ebb em v\u00e0 ng\u01b0\u1eddi l\u1edbn.<\/p>\n<p dir=\"auto\"><img fetchpriority=\"high\" decoding=\"async\" class=\"wp-image-22252 aligncenter\" src=\"https:\/\/havamall.vn\/wp-content\/uploads\/2021\/09\/k\u1eb9o-d\u1ebbo-2-300x208.png\" alt=\"\" width=\"559\" height=\"387\" srcset=\"https:\/\/havamall.vn\/wp-content\/uploads\/2021\/09\/k\u1eb9o-d\u1ebbo-2-300x208.png 300w, https:\/\/havamall.vn\/wp-content\/uploads\/2021\/09\/k\u1eb9o-d\u1ebbo-2-430x298.png 430w, https:\/\/havamall.vn\/wp-content\/uploads\/2021\/09\/k\u1eb9o-d\u1ebbo-2-150x104.png 150w, https:\/\/havamall.vn\/wp-content\/uploads\/2021\/09\/k\u1eb9o-d\u1ebbo-2-700x486.png 700w, https:\/\/havamall.vn\/wp-content\/uploads\/2021\/09\/k\u1eb9o-d\u1ebbo-2-768x533.png 768w, https:\/\/havamall.vn\/wp-content\/uploads\/2021\/09\/k\u1eb9o-d\u1ebbo-2-1024x710.png 1024w, https:\/\/havamall.vn\/wp-content\/uploads\/2021\/09\/k\u1eb9o-d\u1ebbo-2-1200x833.png 1200w, https:\/\/havamall.vn\/wp-content\/uploads\/2021\/09\/k\u1eb9o-d\u1ebbo-2-600x416.png 600w, https:\/\/havamall.vn\/wp-content\/uploads\/2021\/09\/k\u1eb9o-d\u1ebbo-2.png 1280w\" sizes=\"(max-width: 559px) 100vw, 559px\" \/><\/p>\n<p dir=\"auto\">Ban \u0111\u1ea7u b\u1ea1n c\u00f3 th\u1ec3 s\u1ebd c\u1ea3m th\u1ea5y k\u1eb9o h\u01a1i c\u1ee9ng m\u1ed9t ch\u00fat nh\u01b0ng ch\u1ec9 c\u1ea7n ng\u1eadm kho\u1ea3ng 10-20s th\u00f4i l\u00e0 k\u1eb9o s\u1ebd d\u1ea7n d\u1ea7n m\u1ec1m ra, gi\u00fap b\u1ea1n c\u00f3 th\u1ec3 c\u1ea3m nh\u1eadn \u0111\u01b0\u1ee3c h\u01b0\u01a1ng v\u1ecb th\u01a1m ngon c\u1ee7a n\u01b0\u1edbc \u00e9p tr\u00e1i c\u00e2y c\u00f4 \u0111\u1eb7c.<\/p>\n<\/div>\n<div dir=\"auto\">K\u1eb9o d\u1ebbo h\u1eefu c\u01a1 Bio Planet v\u1edbi m\u00e0u s\u1eafc, h\u00ecnh d\u00e1ng ng\u1ed9 ngh\u0129nh th\u00edch h\u1ee3p cho c\u1ea3 tr\u1ebb em v\u00e0 ng\u01b0\u1eddi l\u1edbn th\u01b0\u1edfng th\u1ee9c. K\u1eb9o d\u1ebbo h\u1eefu c\u01a1 Bio Planet ph\u00f9 h\u1ee3p l\u00e0m m\u00f3n \u0103n v\u1eb7t khi \u0111i d\u00e3 ngo\u1ea1i, xem phim, \u0111i du l\u1ecbch, c\u00f3 th\u1ec3 d\u00f9ng \u0111\u1ec3 trang tr\u00ed b\u00e0n ti\u1ec7c v\u00e0o c\u00e1c d\u1ecbp l\u1ec5, b\u1eefa ti\u1ec7c nh\u1ecf c\u1ee7a gia \u0111\u00ecnh, b\u1ea1n b\u00e8.<\/div>\n<div dir=\"auto\"><img decoding=\"async\" class=\"wp-image-22253 aligncenter\" src=\"https:\/\/havamall.vn\/wp-content\/uploads\/2021\/09\/k\u1eb9o-d\u1ebbo-1-300x176.png\" alt=\"\" width=\"566\" height=\"332\" srcset=\"https:\/\/havamall.vn\/wp-content\/uploads\/2021\/09\/k\u1eb9o-d\u1ebbo-1-300x176.png 300w, https:\/\/havamall.vn\/wp-content\/uploads\/2021\/09\/k\u1eb9o-d\u1ebbo-1-430x253.png 430w, https:\/\/havamall.vn\/wp-content\/uploads\/2021\/09\/k\u1eb9o-d\u1ebbo-1-150x88.png 150w, https:\/\/havamall.vn\/wp-content\/uploads\/2021\/09\/k\u1eb9o-d\u1ebbo-1-700x411.png 700w, https:\/\/havamall.vn\/wp-content\/uploads\/2021\/09\/k\u1eb9o-d\u1ebbo-1-768x451.png 768w, https:\/\/havamall.vn\/wp-content\/uploads\/2021\/09\/k\u1eb9o-d\u1ebbo-1-1024x602.png 1024w, https:\/\/havamall.vn\/wp-content\/uploads\/2021\/09\/k\u1eb9o-d\u1ebbo-1-600x353.png 600w, https:\/\/havamall.vn\/wp-content\/uploads\/2021\/09\/k\u1eb9o-d\u1ebbo-1.png 1150w\" sizes=\"(max-width: 566px) 100vw, 566px\" \/><\/div>\n<div dir=\"auto\">\n<h3><strong>\u0110\u1eb7c \u0111i\u1ec3m s\u1ea3n ph\u1ea9m:<\/strong><\/h3>\n<\/div>\n<p dir=\"auto\">&#8211; H\u00ecnh th\u00f9 ng\u1ed9 ngh\u0129nh, \u0111\u1ee7 m\u00e0u s\u1eafc d\u00e0nh cho c\u1ea3 tr\u1ebb em v\u00e0 ng\u01b0\u1eddi l\u1edbn.<\/p>\n<p dir=\"auto\">&#8211; T\u1eeb tr\u00e1i c\u00e2y t\u1ef1 nhi\u00ean kh\u00f4ng c\u00f3 ph\u00e2n b\u00f3n, kh\u00f4ng ch\u1ea5t tr\u1eeb s\u00e2u v\u00e0 kh\u00f4ng ch\u1ea5t b\u00e9o.<\/p>\n<p dir=\"auto\">&#8211; B\u1ed5 sung vitamin C cho c\u01a1 th\u1ec3.<\/p>\n<p dir=\"auto\">&#8211; \u0110\u1ea1t ch\u1ee9ng nh\u1eadn h\u1eefu c\u01a1 EU<\/p>\n<div dir=\"auto\">\n<p dir=\"auto\">&#8211; Kh\u00f4ng ch\u1ea5t t\u1ea1o m\u00e0u, h\u01b0\u01a1ng li\u1ec7u nh\u00e2n t\u1ea1o<\/p>\n<p dir=\"auto\">&#8211; Kh\u00f4ng ch\u1ee9a \u0111\u1eadu h\u1ea1t<\/p>\n<p dir=\"auto\">&#8211; Kh\u00f4ng ch\u1ee9a gluten v\u00e0 ngu\u1ed3n \u0111\u1ed9ng v\u1eadt<\/p>\n<p dir=\"auto\">&#8211; Kh\u00f4ng \u0111\u01b0\u1eddng tinh luy\u1ec7n<\/p>\n<p dir=\"auto\"><img decoding=\"async\" class=\"wp-image-22254 aligncenter\" src=\"https:\/\/havamall.vn\/wp-content\/uploads\/2021\/09\/k\u1eb9o-d\u1ebbo-4-300x300.png\" alt=\"\" width=\"578\" height=\"578\" srcset=\"https:\/\/havamall.vn\/wp-content\/uploads\/2021\/09\/k\u1eb9o-d\u1ebbo-4-300x300.png 300w, https:\/\/havamall.vn\/wp-content\/uploads\/2021\/09\/k\u1eb9o-d\u1ebbo-4-430x430.png 430w, https:\/\/havamall.vn\/wp-content\/uploads\/2021\/09\/k\u1eb9o-d\u1ebbo-4-150x150.png 150w, https:\/\/havamall.vn\/wp-content\/uploads\/2021\/09\/k\u1eb9o-d\u1ebbo-4-700x700.png 700w, https:\/\/havamall.vn\/wp-content\/uploads\/2021\/09\/k\u1eb9o-d\u1ebbo-4-768x768.png 768w, https:\/\/havamall.vn\/wp-content\/uploads\/2021\/09\/k\u1eb9o-d\u1ebbo-4-600x600.png 600w, https:\/\/havamall.vn\/wp-content\/uploads\/2021\/09\/k\u1eb9o-d\u1ebbo-4-100x100.png 100w, https:\/\/havamall.vn\/wp-content\/uploads\/2021\/09\/k\u1eb9o-d\u1ebbo-4.png 1024w\" sizes=\"(max-width: 578px) 100vw, 578px\" \/><\/p>\n<\/div>\n<h3><strong>Gi\u00e1 tr\u1ecb dinh d\u01b0\u1ee1ng cho 100g:<\/strong><\/h3>\n<div>\n<p>&gt; N\u0103ng l\u01b0\u1ee3ng: 1458 kJ \/ 343 kcal<\/p>\n<p>&gt; H\u00e0m l\u01b0\u1ee3ng ch\u1ea5t b\u00e9o: 0g<\/p>\n<p>&gt; Trong \u0111\u00f3 ch\u1ea5t b\u00e9o b\u00e3o ho\u00e0: 6g<\/p>\n<p>&gt; Ch\u1ea5t b\u00e9o chuy\u1ec3n h\u00f3a: 85g<\/p>\n<p>&gt; \u0110\u01b0\u1eddng: 72g<\/p>\n<p>&gt; Ch\u1ea5t x\u01a1: 0,2g<\/p>\n<p>&gt; Protein:0,2g<\/p>\n<p>&gt; Mu\u1ed1i: 0,2g<\/p>\n<p>S\u1ea3n ph\u1ea9m hi\u1ec7n \u0111\u00e3 c\u00f3 m\u1eb7t t\u1ea1i Havamall.<\/p>\n<\/div>","protected":false},"excerpt":{"rendered":"<p>TH\u00d4NG TIN S\u1ea2N PH\u1ea8M Th\u01b0\u01a1ng hi\u1ec7u Bio Planet Xu\u1ea5t X\u1ee9 Balan Th\u00e0nh ph\u1ea7n \u0110\u01b0\u1eddng m\u00eda th\u00f4, siro glucose, n\u01b0\u1edbc \u00e9p<\/p>","protected":false},"featured_media":22255,"comment_status":"open","ping_status":"closed","template":"","meta":[],"product_brand":[],"product_cat":[256,36,133],"product_tag":[],"class_list":{"0":"post-22250","1":"product","2":"type-product","3":"status-publish","4":"has-post-thumbnail","6":"product_cat-thuc-pham-huu-co","7":"product_cat-thuc-pham-tieu-dung","8":"product_cat-banh-keo-chocolate","10":"first","11":"outofstock","12":"sale","13":"shipping-taxable","14":"purchasable","15":"product-type-simple"},"_links":{"self":[{"href":"https:\/\/havamall.vn\/en\/wp-json\/wp\/v2\/product\/22250"}],"collection":[{"href":"https:\/\/havamall.vn\/en\/wp-json\/wp\/v2\/product"}],"about":[{"href":"https:\/\/havamall.vn\/en\/wp-json\/wp\/v2\/types\/product"}],"replies":[{"embeddable":true,"href":"https:\/\/havamall.vn\/en\/wp-json\/wp\/v2\/comments?post=22250"}],"version-history":[{"count":0,"href":"https:\/\/havamall.vn\/en\/wp-json\/wp\/v2\/product\/22250\/revisions"}],"wp:featuredmedia":[{"embeddable":true,"href":"https:\/\/havamall.vn\/en\/wp-json\/wp\/v2\/media\/22255"}],"wp:attachment":[{"href":"https:\/\/havamall.vn\/en\/wp-json\/wp\/v2\/media?parent=22250"}],"wp:term":[{"taxonomy":"product_brand","embeddable":true,"href":"https:\/\/havamall.vn\/en\/wp-json\/wp\/v2\/product_brand?post=22250"},{"taxonomy":"product_cat","embeddable":true,"href":"https:\/\/havamall.vn\/en\/wp-json\/wp\/v2\/product_cat?post=22250"},{"taxonomy":"product_tag","embeddable":true,"href":"https:\/\/havamall.vn\/en\/wp-json\/wp\/v2\/product_tag?post=22250"}],"curies":[{"name":"wp","href":"https:\/\/api.w.org\/{rel}","templated":true}]}}