{"id":22236,"date":"2021-09-21T17:27:00","date_gmt":"2021-09-21T10:27:00","guid":{"rendered":"https:\/\/havamall.vn\/?post_type=product&#038;p=22236"},"modified":"2022-06-01T13:42:50","modified_gmt":"2022-06-01T06:42:50","slug":"mi-an-dam-huu-co-cho-be-dang-soi-biojunior-organic-pasta-filini-200g","status":"publish","type":"product","link":"https:\/\/havamall.vn\/en\/shop\/mi-an-dam-huu-co-cho-be-dang-soi-biojunior-organic-pasta-filini-200g\/","title":{"rendered":"M\u00ec \u0103n d\u1eb7m h\u1eefu c\u01a1 cho b\u00e9 d\u1ea1ng s\u1ee3i BioJunior &#8211; Organic Pasta Filini 200g"},"content":{"rendered":"<h3><strong>TH\u00d4NG TIN S\u1ea2N PH\u1ea8M<\/strong><\/h3>\n<table>\n<tbody>\n<tr>\n<td>Th\u01b0\u01a1ng hi\u1ec7u<\/td>\n<td>BioJunior<\/td>\n<\/tr>\n<tr>\n<td>Xu\u1ea5t X\u1ee9<\/td>\n<td>\u00dd<\/td>\n<\/tr>\n<tr>\n<td>Th\u00e0nh ph\u1ea7n<\/td>\n<td>B\u1ed9t l\u00faa m\u00ec c\u1ee9ng Semolina, vitamin B1<\/td>\n<\/tr>\n<tr>\n<td>H\u1ea1n s\u1eed d\u1ee5ng<\/td>\n<td>36 th\u00e1ng k\u1ec3 t\u1eeb ng\u00e0y s\u1ea3n xu\u1ea5t<\/td>\n<\/tr>\n<tr>\n<td>B\u1ea3o qu\u1ea3n<\/td>\n<td>B\u1ea3o qu\u1ea3n n\u01a1i kh\u00f4 r\u00e1o tr\u00e1nh \u00e1nh n\u1eafng v\u00e0 nhi\u1ec7t \u0111\u1ed9 cao<\/td>\n<\/tr>\n<tr>\n<td>Kh\u1ed1i l\u01b0\u1ee3ng t\u1ecbnh<\/td>\n<td>200g<\/td>\n<\/tr>\n<\/tbody>\n<\/table>\n<p>BioJunior l\u00e0 th\u01b0\u01a1ng hi\u1ec7u tr\u1ef1c thu\u1ed9c t\u1eadp \u0111o\u00e0n Germinal c\u1ee7a \u00dd. C\u00e1c s\u1ea3n ph\u1ea9m c\u1ee7a c\u00f4ng ty bao g\u1ed3m m\u00ec nui, s\u1ed1t c\u00e0 chua, d\u1ea7u \u00f3c ch\u00f3, b\u00e1nh quy v\u00e0 c\u00e1c lo\u1ea1i th\u1ef1c ph\u1ea9m h\u1eefu c\u01a1 l\u00e0nh m\u1ea1nh d\u00e0nh cho tr\u1ebb s\u01a1 sinh v\u00e0 tr\u1ebb nh\u1ecf.<\/p>\n<p><img fetchpriority=\"high\" decoding=\"async\" class=\"wp-image-22239 aligncenter\" src=\"https:\/\/havamall.vn\/wp-content\/uploads\/2021\/09\/m\u00ec-s\u1ee3i-4-300x300.png\" alt=\"\" width=\"614\" height=\"614\" srcset=\"https:\/\/havamall.vn\/wp-content\/uploads\/2021\/09\/m\u00ec-s\u1ee3i-4-300x300.png 300w, https:\/\/havamall.vn\/wp-content\/uploads\/2021\/09\/m\u00ec-s\u1ee3i-4-430x430.png 430w, https:\/\/havamall.vn\/wp-content\/uploads\/2021\/09\/m\u00ec-s\u1ee3i-4-150x150.png 150w, https:\/\/havamall.vn\/wp-content\/uploads\/2021\/09\/m\u00ec-s\u1ee3i-4-700x700.png 700w, https:\/\/havamall.vn\/wp-content\/uploads\/2021\/09\/m\u00ec-s\u1ee3i-4-768x768.png 768w, https:\/\/havamall.vn\/wp-content\/uploads\/2021\/09\/m\u00ec-s\u1ee3i-4-1024x1024.png 1024w, https:\/\/havamall.vn\/wp-content\/uploads\/2021\/09\/m\u00ec-s\u1ee3i-4-1200x1200.png 1200w, https:\/\/havamall.vn\/wp-content\/uploads\/2021\/09\/m\u00ec-s\u1ee3i-4-600x600.png 600w, https:\/\/havamall.vn\/wp-content\/uploads\/2021\/09\/m\u00ec-s\u1ee3i-4-100x100.png 100w, https:\/\/havamall.vn\/wp-content\/uploads\/2021\/09\/m\u00ec-s\u1ee3i-4.png 1800w\" sizes=\"(max-width: 614px) 100vw, 614px\" \/><\/p>\n<p>M\u00ec \u0103n d\u1eb7m h\u1eefu c\u01a1 cho b\u00e9 d\u1ea1ng s\u1ee3i BioJunior lu\u00f4n tu\u00e2n th\u1ee7 vi\u1ec7c s\u1eed d\u1ee5ng c\u00e1c nguy\u00ean li\u1ec7u t\u1ef1 nhi\u00ean, \u0111\u1ed3ng th\u1eddi h\u1ee3p t\u00e1c v\u1edbi c\u00e1c tr\u01b0\u1eddng \u0111\u1ea1i h\u1ecdc v\u00e0 chuy\u00ean gia dinh d\u01b0\u1ee1ng c\u1ee7a \u00dd \u0111\u1ec3 \u0111i\u1ec1u ch\u1ec9nh c\u00e1c m\u00f3n \u0103n nh\u1eb9 v\u00e0 th\u1ee9c \u0103n b\u1ed5 sung cao c\u1ea5p cho b\u00e9. Trong qu\u00e1 tr\u00ecnh s\u1ea3n xu\u1ea5t, t\u1ea5t c\u1ea3 nguy\u00ean li\u1ec7u th\u00f4 \u0111\u1ec1u kh\u00f4ng ch\u1ee9a th\u00e0nh ph\u1ea7n bi\u1ebfn \u0111\u1ed5i gen, th\u00e0nh ph\u1ea7n t\u1ed5ng h\u1ee3p v\u00e0 kh\u00f4ng c\u00f3 ngu\u1ed3n g\u1ed1c t\u1eeb \u0111\u1ed9ng v\u1eadt. Pasta, s\u1ed1t c\u00e0 chua, b\u00e1nh quy \u0111\u00e3 \u0111\u1ea1t \u0111\u01b0\u1ee3c ch\u1ee9ng nh\u1eadn h\u1eefu c\u01a1 EU.<\/p>\n<p><img decoding=\"async\" class=\"wp-image-22240 aligncenter\" src=\"https:\/\/havamall.vn\/wp-content\/uploads\/2021\/09\/m\u00ec-s\u1ee3i-2-300x275.png\" alt=\"\" width=\"619\" height=\"568\" srcset=\"https:\/\/havamall.vn\/wp-content\/uploads\/2021\/09\/m\u00ec-s\u1ee3i-2-300x275.png 300w, https:\/\/havamall.vn\/wp-content\/uploads\/2021\/09\/m\u00ec-s\u1ee3i-2-150x137.png 150w, https:\/\/havamall.vn\/wp-content\/uploads\/2021\/09\/m\u00ec-s\u1ee3i-2-700x641.png 700w, https:\/\/havamall.vn\/wp-content\/uploads\/2021\/09\/m\u00ec-s\u1ee3i-2-768x703.png 768w\" sizes=\"(max-width: 619px) 100vw, 619px\" \/><\/p>\n<h3><strong>\u0110\u1eb7c \u0111i\u1ec3m s\u1ea3n ph\u1ea9m:<\/strong><\/h3>\n<p>&#8211; S\u1ea3n ph\u1ea9m \u0111\u01b0\u1ee3c s\u1ea3n xu\u1ea5t t\u1eeb c\u00e1c th\u00e0nh ph\u1ea7n th\u1ef1c v\u1eadt h\u1eefu c\u01a1, quy tr\u00ecnh s\u1ea3n xu\u1ea5t ho\u00e0n to\u00e0n kh\u00f4ng c\u00f3 s\u1ef1 tham gia c\u1ee7a c\u00e1c ch\u1ea5t h\u00f3a h\u1ecdc nguy h\u1ea1i cho s\u1ee9c kh\u1ecfe.<\/p>\n<p>&#8211; \u0110\u01b0\u1ee3c s\u1ea3n xu\u1ea5t \u0111\u1eb7c bi\u1ec7t cho b\u00e9 trong \u0111\u1ed9 tu\u1ed5i \u0103n d\u1eb7m t\u1eeb 8M+ m\u00ec \u1ed1ng\/nui v\u1eabn gi\u1eef m\u00e0u s\u1eafc v\u00e0ng \u00f3ng h\u1ea5p d\u1eabn ngay c\u1ea3 khi \u0111\u00e3 n\u1ea5u ch\u00edn.<\/p>\n<p>&#8211; \u0110\u1eb7c bi\u1ec7t gi\u00e0u dinh d\u01b0\u1ee1ng v\u00ec ch\u1ee9a 1 l\u01b0\u1ee3ng l\u1edbn c\u00e1c vitamin nh\u01b0 C, E, PP, K, c\u0169ng nh\u01b0 provitamin A.<\/p>\n<p>&#8211; Nguy\u00ean li\u1ec7u s\u1ea3n xu\u1ea5t \u0111\u01b0\u1ee3c ch\u1ecdn l\u1ecdc \u0111\u1eb7c bi\u1ec7t t\u1eeb c\u00e1c nguy\u00ean li\u1ec7u t\u1ef1 nhi\u00ean canh t\u00e1c ho\u00e0n to\u00e0n h\u1eefu c\u01a1.<\/p>\n<p>&#8211; M\u00ec c\u00f3 th\u1ec3 d\u00f9ng l\u00e0 nguy\u00ean li\u1ec7u ch\u00ednh trong c\u00e1c m\u00f3n nui x\u00e0o, s\u00fap nui.<\/p>\n<p><img decoding=\"async\" class=\"wp-image-20969 aligncenter\" src=\"https:\/\/havamall.vn\/wp-content\/uploads\/2021\/07\/gre-300x169.png\" alt=\"\" width=\"621\" height=\"350\" srcset=\"https:\/\/havamall.vn\/wp-content\/uploads\/2021\/07\/gre-300x169.png 300w, https:\/\/havamall.vn\/wp-content\/uploads\/2021\/07\/gre-430x242.png 430w, https:\/\/havamall.vn\/wp-content\/uploads\/2021\/07\/gre-150x84.png 150w, https:\/\/havamall.vn\/wp-content\/uploads\/2021\/07\/gre-700x393.png 700w, https:\/\/havamall.vn\/wp-content\/uploads\/2021\/07\/gre-768x432.png 768w, https:\/\/havamall.vn\/wp-content\/uploads\/2021\/07\/gre-600x337.png 600w, https:\/\/havamall.vn\/wp-content\/uploads\/2021\/07\/gre.png 1000w\" sizes=\"(max-width: 621px) 100vw, 621px\" \/><\/p>\n<h3><strong>H\u01b0\u1edbng d\u1eabn s\u1eed d\u1ee5ng: <\/strong><\/h3>\n<p>&gt; Tr\u1ebb t\u1eeb 8 th\u00e1ng tu\u1ed5i, l\u1ea7n \u0111\u1ea7u s\u1eed d\u1ee5ng \u00bd mu\u1ed7ng c\u00e0 ph\u00ea (kho\u1ea3ng 20g) n\u1ea5u c\u00f9ng v\u1edbi n\u01b0\u1edbc, n\u01b0\u1edbc lu\u1ed9c rau ho\u1eb7c n\u01b0\u1edbc lu\u1ed9c th\u1ecbt trong 3 \u0111\u1ebfn 4 ph\u00fat<\/p>\n<p>&gt; C\u00f3 th\u1ec3 t\u0103ng d\u1ea7n li\u1ec1u l\u01b0\u1ee3ng t\u00f9y theo \u0111\u1ed9 tu\u1ed5i v\u00e0 kh\u1ea9u v\u1ecb c\u1ee7a tr\u1ebb.<\/p>\n<p>S\u1ea3n ph\u1ea9m hi\u1ec7n \u0111\u00e3 c\u00f3 m\u1eb7t t\u1ea1i Havamall.<\/p>\n<p><img loading=\"lazy\" decoding=\"async\" class=\"wp-image-22241 aligncenter\" src=\"https:\/\/havamall.vn\/wp-content\/uploads\/2021\/09\/mid-s\u1ee3i-5-300x169.png\" alt=\"\" width=\"615\" height=\"347\" srcset=\"https:\/\/havamall.vn\/wp-content\/uploads\/2021\/09\/mid-s\u1ee3i-5-300x169.png 300w, https:\/\/havamall.vn\/wp-content\/uploads\/2021\/09\/mid-s\u1ee3i-5-430x242.png 430w, https:\/\/havamall.vn\/wp-content\/uploads\/2021\/09\/mid-s\u1ee3i-5-150x84.png 150w, https:\/\/havamall.vn\/wp-content\/uploads\/2021\/09\/mid-s\u1ee3i-5-700x394.png 700w, https:\/\/havamall.vn\/wp-content\/uploads\/2021\/09\/mid-s\u1ee3i-5-768x432.png 768w, https:\/\/havamall.vn\/wp-content\/uploads\/2021\/09\/mid-s\u1ee3i-5-1024x576.png 1024w, https:\/\/havamall.vn\/wp-content\/uploads\/2021\/09\/mid-s\u1ee3i-5-1200x675.png 1200w, https:\/\/havamall.vn\/wp-content\/uploads\/2021\/09\/mid-s\u1ee3i-5-600x338.png 600w\" sizes=\"(max-width: 615px) 100vw, 615px\" \/><\/p>","protected":false},"excerpt":{"rendered":"<p>TH\u00d4NG TIN S\u1ea2N PH\u1ea8M Th\u01b0\u01a1ng hi\u1ec7u BioJunior Xu\u1ea5t X\u1ee9 \u00dd Th\u00e0nh ph\u1ea7n B\u1ed9t l\u00faa m\u00ec c\u1ee9ng Semolina, vitamin B1 H\u1ea1n<\/p>","protected":false},"featured_media":22242,"comment_status":"open","ping_status":"closed","template":"","meta":[],"product_brand":[],"product_cat":[256,130,36,134],"product_tag":[],"class_list":{"0":"post-22236","1":"product","2":"type-product","3":"status-publish","4":"has-post-thumbnail","6":"product_cat-thuc-pham-huu-co","7":"product_cat-khuyen-mai","8":"product_cat-thuc-pham-tieu-dung","9":"product_cat-thucpham-saykho","11":"first","12":"instock","13":"sale","14":"shipping-taxable","15":"purchasable","16":"product-type-simple"},"_links":{"self":[{"href":"https:\/\/havamall.vn\/en\/wp-json\/wp\/v2\/product\/22236"}],"collection":[{"href":"https:\/\/havamall.vn\/en\/wp-json\/wp\/v2\/product"}],"about":[{"href":"https:\/\/havamall.vn\/en\/wp-json\/wp\/v2\/types\/product"}],"replies":[{"embeddable":true,"href":"https:\/\/havamall.vn\/en\/wp-json\/wp\/v2\/comments?post=22236"}],"version-history":[{"count":0,"href":"https:\/\/havamall.vn\/en\/wp-json\/wp\/v2\/product\/22236\/revisions"}],"wp:featuredmedia":[{"embeddable":true,"href":"https:\/\/havamall.vn\/en\/wp-json\/wp\/v2\/media\/22242"}],"wp:attachment":[{"href":"https:\/\/havamall.vn\/en\/wp-json\/wp\/v2\/media?parent=22236"}],"wp:term":[{"taxonomy":"product_brand","embeddable":true,"href":"https:\/\/havamall.vn\/en\/wp-json\/wp\/v2\/product_brand?post=22236"},{"taxonomy":"product_cat","embeddable":true,"href":"https:\/\/havamall.vn\/en\/wp-json\/wp\/v2\/product_cat?post=22236"},{"taxonomy":"product_tag","embeddable":true,"href":"https:\/\/havamall.vn\/en\/wp-json\/wp\/v2\/product_tag?post=22236"}],"curies":[{"name":"wp","href":"https:\/\/api.w.org\/{rel}","templated":true}]}}