{"id":22224,"date":"2021-09-21T17:28:43","date_gmt":"2021-09-21T10:28:43","guid":{"rendered":"https:\/\/havamall.vn\/?post_type=product&#038;p=22224"},"modified":"2022-05-23T17:34:58","modified_gmt":"2022-05-23T10:34:58","slug":"nuoc-sot-me-rang-kewpie-roasted-sesame-sauce-210ml","status":"publish","type":"product","link":"https:\/\/havamall.vn\/en\/shop\/nuoc-sot-me-rang-kewpie-roasted-sesame-sauce-210ml\/","title":{"rendered":"N\u01b0\u1edbc S\u1ed1t M\u00e8 Rang &#8211; Kewpie Roasted Sesame Sauce 210ml"},"content":{"rendered":"<h3><strong>TH\u00d4NG TIN T\u01af\u01a0NG HI\u1ec6U<\/strong><\/h3>\n<p>C\u00f4ng ty th\u1ef1c ph\u1ea9m Kewpie \u0111\u01b0\u1ee3c s\u00e1ng l\u1eadp b\u1edfi \u00d4ng Nakashima Touichiro v\u00e0o n\u0103m 1919 t\u1ea1i Nh\u1eadt B\u1ea3n. V\u1edbi s\u1ea3n ph\u1ea9m ch\u1ee7 l\u1ef1c l\u00e0 s\u1ed1t Mayonnaise, c\u00f9ng v\u1edbi nh\u00e3n hi\u1ec7u h\u00ecnh \u1ea3nh b\u00fap b\u00ea Kewpie \u0111\u00e3 nhanh ch\u00f3ng \u0111\u01b0\u1ee3c \u01b0a chu\u1ed9ng v\u00e0 ph\u00e1t tri\u1ec3n cho \u0111\u1ebfn ng\u00e0y nay.<\/p>\n<p>N\u01b0\u1edbc x\u1ed1t Kewpie m\u00e8 rang ra \u0111\u1eddi t\u1ea1i Nh\u1eadt ch\u1ec9 trong kho\u1ea3ng th\u1eddi gian ng\u1eafn \u0111\u00e3 chi\u1ebfm gi\u1eef v\u1ecb tr\u00ed d\u1eabn \u0111\u1ea7u trong th\u1ecb tr\u01b0\u1eddng n\u01b0\u1edbc x\u1ed1t t\u1ea1i \u0111\u1ea5t n\u01b0\u1edbc \u201choa anh \u0111\u00e0o\u201d n\u00e0y v\u00ec h\u01b0\u01a1ng v\u1ecb th\u01a1m ngon kh\u00e1c bi\u1ec7t. Ri\u00eang t\u1ea1i Vi\u1ec7t Nam lo\u1ea1i x\u1ed1t n\u00e0y \u0111\u01b0\u1ee3c r\u1ea5t nhi\u1ec1u ng\u01b0\u1eddi y\u00eau th\u00edch v\u00e0 c\u0169ng l\u00e0 s\u1ea3n ph\u1ea9m b\u00e1n ch\u1ea1y nh\u1ea5t c\u1ee7a Kewpie Vi\u1ec7t Nam.<\/p>\n<p><img fetchpriority=\"high\" decoding=\"async\" class=\"wp-image-22226 aligncenter\" src=\"https:\/\/havamall.vn\/wp-content\/uploads\/2021\/09\/s\u1ed1t-m\u00e8-5-300x300.png\" alt=\"\" width=\"633\" height=\"633\" srcset=\"https:\/\/havamall.vn\/wp-content\/uploads\/2021\/09\/s\u1ed1t-m\u00e8-5-300x300.png 300w, https:\/\/havamall.vn\/wp-content\/uploads\/2021\/09\/s\u1ed1t-m\u00e8-5-430x430.png 430w, https:\/\/havamall.vn\/wp-content\/uploads\/2021\/09\/s\u1ed1t-m\u00e8-5-150x150.png 150w, https:\/\/havamall.vn\/wp-content\/uploads\/2021\/09\/s\u1ed1t-m\u00e8-5-700x700.png 700w, https:\/\/havamall.vn\/wp-content\/uploads\/2021\/09\/s\u1ed1t-m\u00e8-5-768x768.png 768w, https:\/\/havamall.vn\/wp-content\/uploads\/2021\/09\/s\u1ed1t-m\u00e8-5-600x600.png 600w, https:\/\/havamall.vn\/wp-content\/uploads\/2021\/09\/s\u1ed1t-m\u00e8-5-100x100.png 100w, https:\/\/havamall.vn\/wp-content\/uploads\/2021\/09\/s\u1ed1t-m\u00e8-5.png 960w\" sizes=\"(max-width: 633px) 100vw, 633px\" \/><\/p>\n<h3><strong>TH\u00d4NG TIN S\u1ea2N PH\u1ea8M<\/strong><\/h3>\n<table>\n<tbody>\n<tr>\n<td>Th\u01b0\u01a1ng hi\u1ec7u<\/td>\n<td>Kewpie<\/td>\n<\/tr>\n<tr>\n<td>H\u1ea1n s\u1eed d\u1ee5ng<\/td>\n<td>12 th\u00e1ng k\u1ec3 t\u1eeb ng\u00e0y s\u1ea3n xu\u1ea5t<\/td>\n<\/tr>\n<tr>\n<td>Th\u00e0nh ph\u1ea7n<\/td>\n<td>N\u01b0\u1edbc, d\u1ea7u \u0111\u1eadu n\u00e0nh, \u0111\u01b0\u1eddng N\u01b0\u1edbc t\u01b0\u01a1ng, gi\u1ea5m, M\u00e8 (5%), D\u1ea7u m\u00e8 (2%),. L\u00f2ng \u0111\u1ecf tr\u1ee9ng g\u00e0, mu\u1ed1i, h\u01b0\u01a1ng m\u00e8 t\u1ed5ng h\u1ee3p, chi\u1ebft xu\u1ea5t h\u1ea1t m\u00f9 t\u1ea1t,&#8230;<\/td>\n<\/tr>\n<tr>\n<td>C\u00e1ch d\u00f9ng<\/td>\n<td>L\u1eafc k\u1ef9 tr\u01b0\u1edbc khi d\u00f9ng, \u0111\u1eady n\u1eafp ch\u1eb7t v\u00e0 gi\u1eef l\u1ea1nh sau khi d\u00f9ng.<\/td>\n<\/tr>\n<tr>\n<td>B\u1ea3o qu\u1ea3n<\/td>\n<td>B\u1ea3o qu\u1ea3n n\u01a1i kh\u00f4 r\u00e1o, tho\u00e1ng m\u00e1t, tr\u00e1nh \u00e1nh n\u1eafng tr\u1ef1c ti\u1ebfp. Kh\u00f4ng l\u00e0m \u0111\u00f4ng l\u1ea1nh.<\/td>\n<\/tr>\n<tr>\n<td>Th\u1ec3 t\u00edch<\/td>\n<td>210ml<\/td>\n<\/tr>\n<\/tbody>\n<\/table>\n<p>V\u1edbi quy tr\u00ecnh s\u1ea3n xu\u1ea5t \u0111\u1ed9c quy\u1ec1n c\u1ee7a Kewpie, t\u1eebng h\u1ea1t m\u00e8 \u0111\u01b0\u1ee3c rang k\u1ef9, \u0111\u1ee7 l\u1eeda v\u00e0 d\u1eady m\u00f9i gi\u00fap x\u1ed1t gi\u1eef tr\u1ecdn h\u01b0\u01a1ng th\u01a1m l\u1eebng \u0111\u1eb7c tr\u01b0ng c\u1ee7a m\u00e8 rang.<\/p>\n<p><img decoding=\"async\" class=\"wp-image-22227 aligncenter\" src=\"https:\/\/havamall.vn\/wp-content\/uploads\/2021\/09\/s\u1ed1t-m\u00e8-8-300x300.png\" alt=\"\" width=\"630\" height=\"630\" srcset=\"https:\/\/havamall.vn\/wp-content\/uploads\/2021\/09\/s\u1ed1t-m\u00e8-8-300x300.png 300w, https:\/\/havamall.vn\/wp-content\/uploads\/2021\/09\/s\u1ed1t-m\u00e8-8-430x430.png 430w, https:\/\/havamall.vn\/wp-content\/uploads\/2021\/09\/s\u1ed1t-m\u00e8-8-150x150.png 150w, https:\/\/havamall.vn\/wp-content\/uploads\/2021\/09\/s\u1ed1t-m\u00e8-8-700x700.png 700w, https:\/\/havamall.vn\/wp-content\/uploads\/2021\/09\/s\u1ed1t-m\u00e8-8-768x768.png 768w, https:\/\/havamall.vn\/wp-content\/uploads\/2021\/09\/s\u1ed1t-m\u00e8-8-600x600.png 600w, https:\/\/havamall.vn\/wp-content\/uploads\/2021\/09\/s\u1ed1t-m\u00e8-8-100x100.png 100w, https:\/\/havamall.vn\/wp-content\/uploads\/2021\/09\/s\u1ed1t-m\u00e8-8.png 960w\" sizes=\"(max-width: 630px) 100vw, 630px\" \/><\/p>\n<p>S\u1ea3n ph\u1ea9m \u0111\u01b0\u1ee3c l\u00e0m t\u1eeb ngu\u1ed3n nguy\u00ean li\u1ec7u s\u1ea1ch v\u00e0 an to\u00e0n, \u0111\u00e3 qua qu\u00e1 tr\u00ecnh ki\u1ec3m duy\u1ec7t k\u1ef9 l\u01b0\u1ee1ng. S\u1ed1t ho\u00e0n to\u00e0n kh\u00f4ng ch\u1ee9a ch\u1ea5t b\u1ea3o qu\u1ea3n hay ch\u1ea5t t\u1ea1o m\u00e0u g\u00e2y h\u1ea1i cho ng\u01b0\u1eddi d\u00f9ng. N\u01b0\u1edbc s\u1ed1t \u0111\u01b0\u1ee3c ch\u1ebf bi\u1ebfn tr\u00ean d\u00e2y chuy\u1ec1n c\u00f4ng ngh\u1ec7 hi\u1ec7n \u0111\u1ea1i, h\u1ee3p v\u1ec7 sinh. Quy tr\u00ecnh ch\u1ebf bi\u1ebfn \u0111\u01b0\u1ee3c s\u1ef1 gi\u00e1m s\u00e1t c\u1ee7a c\u00e1c chuy\u00ean gia uy t\u00edn \u0111\u1ec3 \u0111\u1ea3m b\u1ea3o \u0111\u01b0\u1ee3c ch\u1ea5t l\u01b0\u1ee3ng v\u00e0 \u0111\u1ed9 v\u1ec7 sinh an to\u00e0n c\u1ee7a s\u1ea3n ph\u1ea9m.<\/p>\n<p><img decoding=\"async\" class=\"wp-image-22228 aligncenter\" src=\"https:\/\/havamall.vn\/wp-content\/uploads\/2021\/09\/s\u1ed1t-m\u00e8-6-300x300.png\" alt=\"\" width=\"634\" height=\"634\" srcset=\"https:\/\/havamall.vn\/wp-content\/uploads\/2021\/09\/s\u1ed1t-m\u00e8-6-300x300.png 300w, https:\/\/havamall.vn\/wp-content\/uploads\/2021\/09\/s\u1ed1t-m\u00e8-6-430x430.png 430w, https:\/\/havamall.vn\/wp-content\/uploads\/2021\/09\/s\u1ed1t-m\u00e8-6-150x150.png 150w, https:\/\/havamall.vn\/wp-content\/uploads\/2021\/09\/s\u1ed1t-m\u00e8-6-700x700.png 700w, https:\/\/havamall.vn\/wp-content\/uploads\/2021\/09\/s\u1ed1t-m\u00e8-6-768x768.png 768w, https:\/\/havamall.vn\/wp-content\/uploads\/2021\/09\/s\u1ed1t-m\u00e8-6-600x600.png 600w, https:\/\/havamall.vn\/wp-content\/uploads\/2021\/09\/s\u1ed1t-m\u00e8-6-100x100.png 100w, https:\/\/havamall.vn\/wp-content\/uploads\/2021\/09\/s\u1ed1t-m\u00e8-6.png 960w\" sizes=\"(max-width: 634px) 100vw, 634px\" \/><\/p>\n<p>N\u01b0\u1edbc s\u1ed1t M\u00e8 Rang 210ml v\u1edbi thi\u1ebft k\u1ebf bao b\u00ec c\u00f3 h\u00ecnh d\u1ea1ng gi\u1ecdt n\u01b0\u1edbc \u0111\u1ed9c \u0111\u00e1o. Kh\u1edfi ngu\u1ed3n l\u00e0 n\u1ec1n v\u0103n minh l\u00faa n\u01b0\u1edbc, b\u00ean c\u1ea1nh h\u1ea1t l\u00faa, n\u01b0\u1edbc ch\u00ednh l\u00e0 c\u1ed9i r\u1ec5 c\u1ee7a c\u1ed9ng \u0111\u1ed3ng Vi\u1ec7t. Thi\u1ebft k\u1ebf n\u00e0y c\u1ee7a Kewpie mang \u0111\u1ebfn ng\u01b0\u1eddi d\u00f9ng Vi\u1ec7t Nam c\u1ea3m gi\u00e1c quen thu\u1ed9c, v\u1eeba v\u1eb7n, d\u1ec5 mang v\u00e0 d\u1ec5 s\u1eed d\u1ee5ng h\u01a1n. \u0110\u00e2y c\u0169ng ch\u00ednh l\u00e0 s\u1ef1 th\u1ea5u hi\u1ec3u v\u00e0 t\u1eadn t\u00e2m \u0111\u1ec3 mang l\u1ea1i nh\u1eefng tr\u1ea3i nghi\u1ec7m t\u1ed1t nh\u1ea5t \u0111\u1ebfn ng\u01b0\u1eddi d\u00f9ng y\u00eau th\u00edch Kewpie t\u1ea1i Vi\u1ec7t Nam.<\/p>\n<p><img loading=\"lazy\" decoding=\"async\" class=\"wp-image-22229 aligncenter\" src=\"https:\/\/havamall.vn\/wp-content\/uploads\/2021\/09\/s\u1ed1t-m\u00e8-7-300x300.png\" alt=\"\" width=\"635\" height=\"635\" srcset=\"https:\/\/havamall.vn\/wp-content\/uploads\/2021\/09\/s\u1ed1t-m\u00e8-7-300x300.png 300w, https:\/\/havamall.vn\/wp-content\/uploads\/2021\/09\/s\u1ed1t-m\u00e8-7-430x430.png 430w, https:\/\/havamall.vn\/wp-content\/uploads\/2021\/09\/s\u1ed1t-m\u00e8-7-150x150.png 150w, https:\/\/havamall.vn\/wp-content\/uploads\/2021\/09\/s\u1ed1t-m\u00e8-7-700x700.png 700w, https:\/\/havamall.vn\/wp-content\/uploads\/2021\/09\/s\u1ed1t-m\u00e8-7-768x768.png 768w, https:\/\/havamall.vn\/wp-content\/uploads\/2021\/09\/s\u1ed1t-m\u00e8-7-600x600.png 600w, https:\/\/havamall.vn\/wp-content\/uploads\/2021\/09\/s\u1ed1t-m\u00e8-7-100x100.png 100w, https:\/\/havamall.vn\/wp-content\/uploads\/2021\/09\/s\u1ed1t-m\u00e8-7.png 960w\" sizes=\"(max-width: 635px) 100vw, 635px\" \/><\/p>\n<p>N\u01b0\u1edbc s\u1ed1t M\u00e8 Rang mang trong m\u00ecnh h\u01b0\u01a1ng v\u1ecb \u0111\u1eadm \u0111\u00e0, th\u01a1m l\u1eebng, \u0111\u1eb7c tr\u01b0ng c\u1ee7a m\u00e8 rang. \u0110\u01b0\u1ee3c c\u00f4 \u0111\u1ed9ng l\u1ea1i \u1edf d\u1ea1ng kem h\u1ea5p d\u1eabn d\u1ec5 d\u00e0ng k\u1ebft h\u1ee3p ho\u00e0n h\u1ea3o cho c\u00e1c m\u00f3n salad, l\u00e0 n\u01b0\u1edbc ch\u1ea5m tuy\u1ec7t v\u1eddi cho m\u00f3n g\u1ecfi cu\u1ed1n v\u00e0 th\u1ecbt lu\u1ed9c.<\/p>\n<p>N\u01b0\u1edbc s\u1ed1t M\u00e8 Rang l\u00e0 m\u1ed9t trong nh\u1eefng d\u00f2ng n\u01b0\u1edbc x\u1ed1t b\u00e1n ch\u1ea1y nh\u1ea5t c\u1ee7a Kewpie do h\u01b0\u01a1ng v\u1ecb th\u01a1m b\u00e9o \u0111\u1ebfn t\u1eeb m\u00e8 rang.\u00a0Ngo\u00e0i ra, n\u01b0\u1edbc x\u1ed1t l\u00e0 m\u1ed9t \u0111i\u1ec3m c\u1ed9ng l\u1edbn. X\u1ed1t kh\u00f4ng qu\u00e1 \u0111\u1eb7c, c\u0169ng kh\u00f4ng qu\u00e1 l\u1ecfng. R\u1ea5t ph\u00f9 h\u1ee3p \u0111\u1ec3 l\u00e0m n\u01b0\u1edbc ch\u1ea5m ho\u1eb7c d\u00f9ng trong ch\u1ebf bi\u1ebfn c\u00e1c m\u00f3n \u0103n.<\/p>\n<p><img loading=\"lazy\" decoding=\"async\" class=\"wp-image-22230 aligncenter\" src=\"https:\/\/havamall.vn\/wp-content\/uploads\/2021\/09\/s\u1ed1t-m\u00e8-4-300x154.png\" alt=\"\" width=\"629\" height=\"323\" srcset=\"https:\/\/havamall.vn\/wp-content\/uploads\/2021\/09\/s\u1ed1t-m\u00e8-4-300x154.png 300w, https:\/\/havamall.vn\/wp-content\/uploads\/2021\/09\/s\u1ed1t-m\u00e8-4-430x221.png 430w, https:\/\/havamall.vn\/wp-content\/uploads\/2021\/09\/s\u1ed1t-m\u00e8-4-150x77.png 150w, https:\/\/havamall.vn\/wp-content\/uploads\/2021\/09\/s\u1ed1t-m\u00e8-4-700x359.png 700w, https:\/\/havamall.vn\/wp-content\/uploads\/2021\/09\/s\u1ed1t-m\u00e8-4-768x394.png 768w, https:\/\/havamall.vn\/wp-content\/uploads\/2021\/09\/s\u1ed1t-m\u00e8-4-1024x525.png 1024w, https:\/\/havamall.vn\/wp-content\/uploads\/2021\/09\/s\u1ed1t-m\u00e8-4-1200x616.png 1200w, https:\/\/havamall.vn\/wp-content\/uploads\/2021\/09\/s\u1ed1t-m\u00e8-4-600x308.png 600w\" sizes=\"(max-width: 629px) 100vw, 629px\" \/><\/p>\n<p>N\u01b0\u1edbc s\u1ed1t Kewpie ch\u00ednh l\u00e0 m\u1ed9t gia v\u1ecb tuy\u1ec7t h\u1ea3o cho c\u00e1c m\u00f3n salad rau c\u1ee7. Trong \u0111\u00f3, n\u01b0\u1edbc x\u1ed1t m\u00e8 rang hi\u1ec7n \u0111ang \u0111\u01b0\u1ee3c nhi\u1ec1u m\u1eb9 quan t\u00e2m v\u00e0 \u01b0u \u00e1i tin d\u00f9ng b\u1edfi h\u01b0\u01a1ng m\u00e8 rang th\u01a1m ng\u00e1t c\u00f9ng v\u1ecb b\u00f9i b\u00e9o \u0111\u01b0\u1ee3c t\u1ea1o n\u00ean t\u1eeb c\u00f4ng th\u1ee9c \u0111\u1ed9c quy\u1ec1n c\u1ee7a Kewpie.<\/p>\n<p><img loading=\"lazy\" decoding=\"async\" class=\"wp-image-22231 aligncenter\" src=\"https:\/\/havamall.vn\/wp-content\/uploads\/2021\/09\/s\u1ed1t-m\u00e8-300x300.png\" alt=\"\" width=\"628\" height=\"628\" srcset=\"https:\/\/havamall.vn\/wp-content\/uploads\/2021\/09\/s\u1ed1t-m\u00e8-300x300.png 300w, https:\/\/havamall.vn\/wp-content\/uploads\/2021\/09\/s\u1ed1t-m\u00e8-430x430.png 430w, https:\/\/havamall.vn\/wp-content\/uploads\/2021\/09\/s\u1ed1t-m\u00e8-150x150.png 150w, https:\/\/havamall.vn\/wp-content\/uploads\/2021\/09\/s\u1ed1t-m\u00e8-700x700.png 700w, https:\/\/havamall.vn\/wp-content\/uploads\/2021\/09\/s\u1ed1t-m\u00e8-768x768.png 768w, https:\/\/havamall.vn\/wp-content\/uploads\/2021\/09\/s\u1ed1t-m\u00e8-600x600.png 600w, https:\/\/havamall.vn\/wp-content\/uploads\/2021\/09\/s\u1ed1t-m\u00e8-100x100.png 100w, https:\/\/havamall.vn\/wp-content\/uploads\/2021\/09\/s\u1ed1t-m\u00e8.png 1000w\" sizes=\"(max-width: 628px) 100vw, 628px\" \/><\/p>\n<p>\u0110\u1eb7c bi\u1ec7t s\u1ed1t m\u00e8 rang v\u00e0 rong nho l\u00e0 s\u1ef1 k\u1ebft h\u1ee3p h\u00e0i h\u00f2a gi\u1eefa v\u1ecb ngon b\u00f9i c\u1ee7a m\u00e8 rang v\u00e0 v\u1ecb thanh chua c\u1ee7a gi\u1ea5m trong n\u01b0\u1edbc x\u1ed1t gi\u00fap trung h\u00f2a v\u1ecb m\u1eb7n c\u1ee7a rong nho, khi\u1ebfn m\u00f3n \u0103n ngon mi\u1ec7ng h\u01a1n nh\u01b0ng v\u1eabn kh\u00f4ng m\u1ea5t \u0111i v\u1ecb rong v\u1ed1n c\u00f3. Nh\u1edd c\u00f3 X\u1ed1t m\u00e8 rang Kewpie m\u00e0 rong nho v\u1ed1n b\u1ed5 d\u01b0\u1ee1ng nay l\u1ea1i th\u00eam h\u01b0\u01a1ng th\u01a1m v\u00e0 d\u1ec5 \u0103n h\u01a1n bao gi\u1edd h\u1ebft.<\/p>\n<p><img loading=\"lazy\" decoding=\"async\" class=\"wp-image-22232 aligncenter\" src=\"https:\/\/havamall.vn\/wp-content\/uploads\/2021\/09\/s\u1ed1t-m\u00e8-1-300x300.png\" alt=\"\" width=\"623\" height=\"623\" srcset=\"https:\/\/havamall.vn\/wp-content\/uploads\/2021\/09\/s\u1ed1t-m\u00e8-1-300x300.png 300w, https:\/\/havamall.vn\/wp-content\/uploads\/2021\/09\/s\u1ed1t-m\u00e8-1-430x430.png 430w, https:\/\/havamall.vn\/wp-content\/uploads\/2021\/09\/s\u1ed1t-m\u00e8-1-150x150.png 150w, https:\/\/havamall.vn\/wp-content\/uploads\/2021\/09\/s\u1ed1t-m\u00e8-1-700x700.png 700w, https:\/\/havamall.vn\/wp-content\/uploads\/2021\/09\/s\u1ed1t-m\u00e8-1-768x768.png 768w, https:\/\/havamall.vn\/wp-content\/uploads\/2021\/09\/s\u1ed1t-m\u00e8-1-1024x1024.png 1024w, https:\/\/havamall.vn\/wp-content\/uploads\/2021\/09\/s\u1ed1t-m\u00e8-1-600x600.png 600w, https:\/\/havamall.vn\/wp-content\/uploads\/2021\/09\/s\u1ed1t-m\u00e8-1-100x100.png 100w, https:\/\/havamall.vn\/wp-content\/uploads\/2021\/09\/s\u1ed1t-m\u00e8-1.png 1080w\" sizes=\"(max-width: 623px) 100vw, 623px\" \/><\/p>\n<h3><strong>\u0110\u0103\u0323c \u0111i\u00ea\u0309m n\u00f4\u0309i b\u00e2\u0323t:<\/strong><\/h3>\n<p>&#8211; S\u1ea3n ph\u1ea9m \u0111\u01b0\u1ee3c l\u00e0m t\u1eeb c\u00e1c nguy\u00ean li\u1ec7u ch\u1ecdn l\u1ecdc t\u1ef1 nhi\u00ean k\u1ef9 c\u00e0ng v\u00e0 ch\u1ea5t l\u01b0\u1ee3ng.<\/p>\n<p>&#8211; D\u00e2y chuy\u1ec1n sa\u0309n xu\u00e2\u0301t hi\u1ec7n \u0111\u1ea1i v\u00e0 kh\u00e9p k\u00edn n\u00ean gi\u01b0\u0303 nguy\u00ean d\u01b0\u1ee1ng ch\u1ea5t t\u1eeb c\u00e1c th\u00e0nh ph\u1ea7n t\u1ef1 nhi\u00ean.<\/p>\n<p>S\u1ea3n ph\u1ea9m hi\u1ec7n \u0111\u00e3 c\u00f3 m\u1eb7t t\u1ea1i Havamall.<\/p>","protected":false},"excerpt":{"rendered":"<p>TH\u00d4NG TIN T\u01af\u01a0NG HI\u1ec6U C\u00f4ng ty th\u1ef1c ph\u1ea9m Kewpie \u0111\u01b0\u1ee3c s\u00e1ng l\u1eadp b\u1edfi \u00d4ng Nakashima Touichiro v\u00e0o n\u0103m 1919 t\u1ea1i<\/p>","protected":false},"featured_media":22233,"comment_status":"open","ping_status":"closed","template":"","meta":[],"product_brand":[],"product_cat":[36],"product_tag":[],"class_list":{"0":"post-22224","1":"product","2":"type-product","3":"status-publish","4":"has-post-thumbnail","6":"product_cat-thuc-pham-tieu-dung","8":"first","9":"outofstock","10":"sale","11":"shipping-taxable","12":"purchasable","13":"product-type-simple"},"_links":{"self":[{"href":"https:\/\/havamall.vn\/en\/wp-json\/wp\/v2\/product\/22224"}],"collection":[{"href":"https:\/\/havamall.vn\/en\/wp-json\/wp\/v2\/product"}],"about":[{"href":"https:\/\/havamall.vn\/en\/wp-json\/wp\/v2\/types\/product"}],"replies":[{"embeddable":true,"href":"https:\/\/havamall.vn\/en\/wp-json\/wp\/v2\/comments?post=22224"}],"version-history":[{"count":0,"href":"https:\/\/havamall.vn\/en\/wp-json\/wp\/v2\/product\/22224\/revisions"}],"wp:featuredmedia":[{"embeddable":true,"href":"https:\/\/havamall.vn\/en\/wp-json\/wp\/v2\/media\/22233"}],"wp:attachment":[{"href":"https:\/\/havamall.vn\/en\/wp-json\/wp\/v2\/media?parent=22224"}],"wp:term":[{"taxonomy":"product_brand","embeddable":true,"href":"https:\/\/havamall.vn\/en\/wp-json\/wp\/v2\/product_brand?post=22224"},{"taxonomy":"product_cat","embeddable":true,"href":"https:\/\/havamall.vn\/en\/wp-json\/wp\/v2\/product_cat?post=22224"},{"taxonomy":"product_tag","embeddable":true,"href":"https:\/\/havamall.vn\/en\/wp-json\/wp\/v2\/product_tag?post=22224"}],"curies":[{"name":"wp","href":"https:\/\/api.w.org\/{rel}","templated":true}]}}