{"id":22216,"date":"2021-09-21T15:29:13","date_gmt":"2021-09-21T08:29:13","guid":{"rendered":"https:\/\/havamall.vn\/?post_type=product&#038;p=22216"},"modified":"2022-02-21T10:48:37","modified_gmt":"2022-02-21T03:48:37","slug":"hotdog-corndog-500g","status":"publish","type":"product","link":"https:\/\/havamall.vn\/en\/shop\/hotdog-corndog-500g\/","title":{"rendered":"Hotdog Corndog 500g"},"content":{"rendered":"<p>Hotdog l\u00e0 m\u1ed9t m\u00f3n \u0103n v\u1eb7t kh\u00f4ng ch\u1ec9 thu h\u00fat gi\u1edbi tr\u1ebb t\u1ea1i H\u00e0n Qu\u1ed1c, m\u00e0 c\u00f2n lan r\u1ed9ng sang c\u1ea3 Vi\u1ec7t nam trong th\u1eddi gian g\u1ea7n \u0111\u00e2y, \u2013 m\u00f3n \u0103n v\u1eb7t th\u01b0\u1eddng xuy\u00ean xu\u1ea5t hi\u1ec7n tr\u00ean c\u00e1c vlog c\u1ee7a c\u00e1c food blogger b\u1edfi kh\u00f4ng ch\u1ec9 d\u1ec5 l\u00e0m m\u00e0 c\u00f2n ngon kh\u00f3 c\u01b0\u1ee1ng. Havamall xin gi\u1edbi thi\u1ec7u s\u1ea3n ph\u1ea9m Hotdog corndog c\u1ef1c ti\u1ec7n l\u1ee3i d\u00e0nh t\u1eb7ng cho nh\u1eefng t\u00edn \u0111\u1ed3 m\u00ea m\u1ec7t m\u00f3n corndog n\u00e0y.<\/p>\n<p><img fetchpriority=\"high\" decoding=\"async\" class=\"wp-image-22217 aligncenter\" src=\"https:\/\/havamall.vn\/wp-content\/uploads\/2021\/09\/hotdog-2-300x197.png\" alt=\"\" width=\"593\" height=\"389\" srcset=\"https:\/\/havamall.vn\/wp-content\/uploads\/2021\/09\/hotdog-2-300x197.png 300w, https:\/\/havamall.vn\/wp-content\/uploads\/2021\/09\/hotdog-2-430x282.png 430w, https:\/\/havamall.vn\/wp-content\/uploads\/2021\/09\/hotdog-2-150x98.png 150w, https:\/\/havamall.vn\/wp-content\/uploads\/2021\/09\/hotdog-2-700x459.png 700w, https:\/\/havamall.vn\/wp-content\/uploads\/2021\/09\/hotdog-2-768x503.png 768w, https:\/\/havamall.vn\/wp-content\/uploads\/2021\/09\/hotdog-2-1024x671.png 1024w, https:\/\/havamall.vn\/wp-content\/uploads\/2021\/09\/hotdog-2-600x393.png 600w, https:\/\/havamall.vn\/wp-content\/uploads\/2021\/09\/hotdog-2.png 1080w\" sizes=\"(max-width: 593px) 100vw, 593px\" \/><\/p>\n<p>V\u1edbi l\u1edbp b\u1ed9t b\u00ean ngo\u00e0i gi\u00f2n gi\u00f2n, nh\u00e2n x\u00fac x\u00edch b\u00ean trong th\u01a1m l\u1eebng n\u00f3ng h\u1ed5i, th\u00eam ph\u00f4 mai k\u00e9o s\u1ee3i th\u00fa v\u1ecb h\u1ea5p d\u1eabn s\u1ebd l\u00e0m b\u1ea1n m\u00ea m\u1ec3 m\u1ec1 m\u00ea m\u00f3n \u0103n n\u00e0y.\u00a0\u00a0Hotdog corndog H\u00e0n Qu\u1ed1c r\u1ea5t ph\u00f9 h\u1ee3p cho nh\u1eefng bu\u1ed5i d\u00e3 ngo\u1ea1i picnic hay nh\u1eefng bu\u1ed5i t\u1ee5 t\u1eadp ti\u1ec7c t\u00f9ng c\u00f9ng b\u1ea1n b\u00e8, gia \u0111\u00ecnh.<\/p>\n<p><img decoding=\"async\" class=\"wp-image-22218 aligncenter\" src=\"https:\/\/havamall.vn\/wp-content\/uploads\/2021\/09\/hotdog-3-300x200.png\" alt=\"\" width=\"590\" height=\"394\" srcset=\"https:\/\/havamall.vn\/wp-content\/uploads\/2021\/09\/hotdog-3-300x200.png 300w, https:\/\/havamall.vn\/wp-content\/uploads\/2021\/09\/hotdog-3-430x287.png 430w, https:\/\/havamall.vn\/wp-content\/uploads\/2021\/09\/hotdog-3-150x100.png 150w, https:\/\/havamall.vn\/wp-content\/uploads\/2021\/09\/hotdog-3-700x467.png 700w, https:\/\/havamall.vn\/wp-content\/uploads\/2021\/09\/hotdog-3-768x512.png 768w, https:\/\/havamall.vn\/wp-content\/uploads\/2021\/09\/hotdog-3.png 1024w, https:\/\/havamall.vn\/wp-content\/uploads\/2021\/09\/hotdog-3-600x400.png 600w\" sizes=\"(max-width: 590px) 100vw, 590px\" \/><\/p>\n<h3><strong>\u0110\u1eb7c \u0111i\u1ec3m s\u1ea3n ph\u1ea9m:<\/strong><\/h3>\n<p>&gt; Hotdog Corndog\u00a0\u0111\u01b0\u1ee3c \u0111\u00f3ng g\u00f3i to chi\u00ean x\u00f9 v\u1edbi l\u1edbp v\u1ecf ngo\u00e0i gi\u00f2n tan, v\u1ecf b\u00e1nh ng\u1ecdt ng\u1ecdt k\u00e8m x\u00fac x\u00edch ph\u00eda d\u01b0\u1edbi.<\/p>\n<p>&gt; V\u1ecf ngo\u00e0i c\u1ee7a\u00a0hotdog ph\u00f4 mai\u00a0\u00fa \u1ee5, c\u1eafn gi\u00f2n r\u1ee5m trong mi\u1ec7ng. Hotdog m\u1edbi chi\u00ean n\u00f3ng xong, nh\u01b0ng v\u1eabn r\u00e1o d\u1ea7u, \u0103n kh\u00f4ng h\u1ec1 b\u1ecb ng\u1ea5y.<\/p>\n<p>&gt; H\u01b0\u01a1ng v\u1ecb n\u1ed5i b\u1eadt v\u1edbi l\u1edbp v\u1ecf c\u00f3 b\u1ed9t s\u1eefa nguy\u00ean kem\u00a0 b\u00e9o ng\u1eady.<\/p>\n<p><img decoding=\"async\" class=\"wp-image-22219 aligncenter\" src=\"https:\/\/havamall.vn\/wp-content\/uploads\/2021\/09\/hotdog4-300x174.png\" alt=\"\" width=\"599\" height=\"347\" srcset=\"https:\/\/havamall.vn\/wp-content\/uploads\/2021\/09\/hotdog4-300x174.png 300w, https:\/\/havamall.vn\/wp-content\/uploads\/2021\/09\/hotdog4-430x250.png 430w, https:\/\/havamall.vn\/wp-content\/uploads\/2021\/09\/hotdog4-150x87.png 150w, https:\/\/havamall.vn\/wp-content\/uploads\/2021\/09\/hotdog4-700x407.png 700w, https:\/\/havamall.vn\/wp-content\/uploads\/2021\/09\/hotdog4-1200x698.png 1200w, https:\/\/havamall.vn\/wp-content\/uploads\/2021\/09\/hotdog4-600x349.png 600w, https:\/\/havamall.vn\/wp-content\/uploads\/2021\/09\/hotdog4.png 1238w\" sizes=\"(max-width: 599px) 100vw, 599px\" \/><\/p>\n<h3><strong>H\u01b0\u1edbng d\u1eabn s\u1eed d\u1ee5ng:<\/strong><\/h3>\n<p>\u2013 Chi\u00ean d\u1ea7u kho\u1ea3ng 5-10 ph\u00fat \u0111\u1ec3 ph\u00f4 mai ch\u1ea3y ra ho\u1eb7c cho v\u00e0o l\u00f2 vi s\u00f3ng 2 ph\u00fat r\u1ed3i b\u1ecf ra \u0103n. C\u00f3 th\u1ec3 cho th\u1ec3 s\u1ed1t ketchup ho\u1eb7c t\u01b0\u01a1ng \u1edbt v\u00e0o \u0103n c\u00f9ng t\u0103ng v\u1ecb gi\u00e1c.<\/p>\n<p>\u2013 C\u00f3 th\u1ec3 chi\u00ean trong n\u1ed3i chi\u00ean kh\u00f4ng d\u1ea7u<\/p>\n<p>\u2013 Khi chi\u00ean xong c\u00f3 th\u1ec3 l\u0103n m\u1ed9t l\u1edbp \u0111\u01b0\u1eddng h\u1ea1t b\u00ean ngo\u00e0i \u0111\u1ec3 t\u0103ng h\u01b0\u01a1ng v\u1ecb s\u1ea3n ph\u1ea9m<\/p>\n<p>S\u1ea3n ph\u1ea9m hi\u1ec7n \u0111\u00e3 c\u00f3 m\u1eb7t t\u1ea1i Havamall.<\/p>\n<p><img loading=\"lazy\" decoding=\"async\" class=\"wp-image-22222 aligncenter\" src=\"https:\/\/havamall.vn\/wp-content\/uploads\/2021\/09\/hotgog-252x300.png\" alt=\"\" width=\"603\" height=\"718\" srcset=\"https:\/\/havamall.vn\/wp-content\/uploads\/2021\/09\/hotgog-252x300.png 252w, https:\/\/havamall.vn\/wp-content\/uploads\/2021\/09\/hotgog-430x512.png 430w, https:\/\/havamall.vn\/wp-content\/uploads\/2021\/09\/hotgog-150x179.png 150w, https:\/\/havamall.vn\/wp-content\/uploads\/2021\/09\/hotgog-700x834.png 700w, https:\/\/havamall.vn\/wp-content\/uploads\/2021\/09\/hotgog-768x915.png 768w, https:\/\/havamall.vn\/wp-content\/uploads\/2021\/09\/hotgog-860x1024.png 860w, https:\/\/havamall.vn\/wp-content\/uploads\/2021\/09\/hotgog-600x715.png 600w, https:\/\/havamall.vn\/wp-content\/uploads\/2021\/09\/hotgog.png 1066w\" sizes=\"(max-width: 603px) 100vw, 603px\" \/><\/p>","protected":false},"excerpt":{"rendered":"<p>Hotdog l\u00e0 m\u1ed9t m\u00f3n \u0103n v\u1eb7t kh\u00f4ng ch\u1ec9 thu h\u00fat gi\u1edbi tr\u1ebb t\u1ea1i H\u00e0n Qu\u1ed1c, m\u00e0 c\u00f2n lan r\u1ed9ng sang<\/p>","protected":false},"featured_media":22221,"comment_status":"open","ping_status":"closed","template":"","meta":[],"product_brand":[],"product_cat":[275,36],"product_tag":[],"class_list":{"0":"post-22216","1":"product","2":"type-product","3":"status-publish","4":"has-post-thumbnail","6":"product_cat-thuc-pham-dong-lanh","7":"product_cat-thuc-pham-tieu-dung","8":"pa_brand-le-gourmet","10":"first","11":"outofstock","12":"sale","13":"shipping-taxable","14":"purchasable","15":"product-type-simple"},"_links":{"self":[{"href":"https:\/\/havamall.vn\/en\/wp-json\/wp\/v2\/product\/22216"}],"collection":[{"href":"https:\/\/havamall.vn\/en\/wp-json\/wp\/v2\/product"}],"about":[{"href":"https:\/\/havamall.vn\/en\/wp-json\/wp\/v2\/types\/product"}],"replies":[{"embeddable":true,"href":"https:\/\/havamall.vn\/en\/wp-json\/wp\/v2\/comments?post=22216"}],"version-history":[{"count":0,"href":"https:\/\/havamall.vn\/en\/wp-json\/wp\/v2\/product\/22216\/revisions"}],"wp:featuredmedia":[{"embeddable":true,"href":"https:\/\/havamall.vn\/en\/wp-json\/wp\/v2\/media\/22221"}],"wp:attachment":[{"href":"https:\/\/havamall.vn\/en\/wp-json\/wp\/v2\/media?parent=22216"}],"wp:term":[{"taxonomy":"product_brand","embeddable":true,"href":"https:\/\/havamall.vn\/en\/wp-json\/wp\/v2\/product_brand?post=22216"},{"taxonomy":"product_cat","embeddable":true,"href":"https:\/\/havamall.vn\/en\/wp-json\/wp\/v2\/product_cat?post=22216"},{"taxonomy":"product_tag","embeddable":true,"href":"https:\/\/havamall.vn\/en\/wp-json\/wp\/v2\/product_tag?post=22216"}],"curies":[{"name":"wp","href":"https:\/\/api.w.org\/{rel}","templated":true}]}}