{"id":22205,"date":"2021-09-21T13:59:04","date_gmt":"2021-09-21T06:59:04","guid":{"rendered":"https:\/\/havamall.vn\/?post_type=product&#038;p=22205"},"modified":"2022-03-16T10:55:19","modified_gmt":"2022-03-16T03:55:19","slug":"muc-lan-bot-purefoods-200g-squid-rings","status":"publish","type":"product","link":"https:\/\/havamall.vn\/en\/shop\/muc-lan-bot-purefoods-200g-squid-rings\/","title":{"rendered":"M\u1ef1c L\u0103n B\u1ed9t Purefoods 200G &#8211; Squid Rings"},"content":{"rendered":"<h3><strong>TH\u00d4NG TIN S\u1ea2N PH\u1ea8M<\/strong><\/h3>\n<table>\n<tbody>\n<tr>\n<td>Th\u01b0\u01a1ng hi\u1ec7u<\/td>\n<td>Purefoods<\/td>\n<\/tr>\n<tr>\n<td>H\u1ea1n s\u1eed d\u1ee5ng<\/td>\n<td>12 th\u00e1ng k\u1ec3 t\u1eeb ng\u00e0y s\u1ea3n xu\u1ea5t<\/td>\n<\/tr>\n<tr>\n<td>Th\u00e0nh ph\u1ea7n<\/td>\n<td>M\u1ef1c, b\u1ed9t, gia v\u1ecb,&#8230;<\/td>\n<\/tr>\n<tr>\n<td>C\u00e1ch d\u00f9ng<\/td>\n<td>R\u00e3 \u0111\u00f4ng t\u1ef1 nhi\u00ean kho\u1ea3ng 5 ph\u00fat. Chi\u00ean ng\u1eadp trong d\u1ea7u \u1edf nhi\u1ec7t \u0111\u1ed9 170 &#8211; 175 \u0111\u1ed9 C trong kho\u1ea3ng 2 &#8211; 3 ph\u00fat \u0111\u1ebfn khi s\u1ea3n ph\u1ea9m c\u00f3 m\u00e0u v\u00e0ng \u0111\u1ec1u. \u0102n k\u00e8m v\u1edbi c\u00e1c d\u1ea1ng n\u01b0\u1edbc ch\u1ea5m t\u00f9y th\u00edch (t\u01b0\u01a1ng \u1edbt, mayonnaise,&#8230;)<\/td>\n<\/tr>\n<tr>\n<td>B\u1ea3o qu\u1ea3n<\/td>\n<td>B\u1ea3o qu\u1ea3n \u0111\u00f4ng \u1edf nhi\u1ec7t \u0111\u1ed9 -18 \u0111\u1ebfn -12 \u0111\u1ed9 C. N\u1ebfu \u0111\u00e3 c\u1eaft, ph\u1ea7n c\u00f2n l\u1ea1i b\u1ea3o qu\u1ea3n trong ng\u0103n \u0111\u00f4ng.<\/td>\n<\/tr>\n<tr>\n<td>Kh\u1ed1i l\u01b0\u1ee3ng t\u1ecbnh<\/td>\n<td>200g<\/td>\n<\/tr>\n<\/tbody>\n<\/table>\n<p>M\u1ef1c t\u1ea9m b\u1ed9t Purefood 200g \u0111\u01b0\u1ee3c l\u00e0m t\u1eeb m\u1ef1c, c\u00e1 basa, gia v\u1ecb, b\u1ed9t\u2026 mang l\u1ea1i nh\u1eefng m\u00f3n \u0103n\u00a0th\u01a1m ngon, h\u1ea5p d\u1eabn. S\u1ea3n ph\u1ea9m \u0111\u01b0\u1ee3c ch\u1ecdn l\u1ecdc k\u1ef9 l\u01b0\u1ee1ng \u0111\u1ea3m b\u1ea3o ngu\u1ed3n th\u1ef1c ph\u1ea9m ch\u1ea5t l\u01b0\u1ee3ng, an to\u00e0n cho ng\u01b0\u1eddi s\u1eed d\u1ee5ng.\u00a0M\u1ef1c t\u1ea9m b\u1ed9t Purefoods 200g\u00a0c\u00f3 d\u1ea1ng g\u00f3i nh\u1ecf g\u1ecdn, k\u00edn \u0111\u00e1o, ti\u1ec7n l\u1ee3i khi s\u1eed d\u1ee5ng v\u00e0 b\u1ea3o qu\u1ea3n.<\/p>\n<p><img fetchpriority=\"high\" decoding=\"async\" class=\"wp-image-22196 aligncenter\" src=\"https:\/\/havamall.vn\/wp-content\/uploads\/2021\/09\/t\u00f4m-l\u0103n-b\u1ed9t-3-1-300x161.png\" alt=\"\" width=\"574\" height=\"308\" srcset=\"https:\/\/havamall.vn\/wp-content\/uploads\/2021\/09\/t\u00f4m-l\u0103n-b\u1ed9t-3-1-300x161.png 300w, https:\/\/havamall.vn\/wp-content\/uploads\/2021\/09\/t\u00f4m-l\u0103n-b\u1ed9t-3-1-430x231.png 430w, https:\/\/havamall.vn\/wp-content\/uploads\/2021\/09\/t\u00f4m-l\u0103n-b\u1ed9t-3-1-150x80.png 150w, https:\/\/havamall.vn\/wp-content\/uploads\/2021\/09\/t\u00f4m-l\u0103n-b\u1ed9t-3-1-700x376.png 700w, https:\/\/havamall.vn\/wp-content\/uploads\/2021\/09\/t\u00f4m-l\u0103n-b\u1ed9t-3-1-768x412.png 768w, https:\/\/havamall.vn\/wp-content\/uploads\/2021\/09\/t\u00f4m-l\u0103n-b\u1ed9t-3-1-1024x549.png 1024w, https:\/\/havamall.vn\/wp-content\/uploads\/2021\/09\/t\u00f4m-l\u0103n-b\u1ed9t-3-1-1200x644.png 1200w, https:\/\/havamall.vn\/wp-content\/uploads\/2021\/09\/t\u00f4m-l\u0103n-b\u1ed9t-3-1-600x322.png 600w, https:\/\/havamall.vn\/wp-content\/uploads\/2021\/09\/t\u00f4m-l\u0103n-b\u1ed9t-3-1.png 1696w\" sizes=\"(max-width: 574px) 100vw, 574px\" \/><\/p>\n<p>Nh\u1eefng c\u00f4ng vi\u1ec7c b\u1ed9n b\u1ec1 trong cu\u1ed9c s\u1ed1ng \u0111\u00f4i khi khi\u1ebfn b\u1ea1n kh\u00f4ng c\u00f3 nhi\u1ec1u th\u1eddi gian \u0111\u1ec3 n\u1ea5u n\u01b0\u1edbng, ch\u0103m ch\u00fat cho b\u1eefa \u0103n c\u1ee7a gia \u0111\u00ecnh. V\u1edbi s\u1ea3n ph\u1ea9m \u0111\u01b0\u1ee3c t\u1ea9m b\u1ed9t v\u00e0 \u01b0\u1edbp gia v\u1ecb v\u1eeba \u0111\u1ee7, ch\u1eafc ch\u1eafn s\u1ebd mang \u0111\u1ebfn cho gia \u0111\u00ecnh b\u1ea1n nhi\u1ec1u m\u00f3n \u0103n ngon m\u00e0 kh\u00f4ng m\u1ea5t nhi\u1ec1u th\u1eddi gian n\u1ea5u n\u01b0\u1edbng. B\u00ean c\u1ea1nh \u0111\u00f3, th\u00e0nh ph\u1ea7n c\u00f3 trong m\u1ef1c t\u1ea9m b\u1ed9t\u00a0c\u00f3 h\u00e0m l\u01b0\u1ee3ng dinh d\u01b0\u1ee1ng cao, cung c\u1ea5p nhi\u1ec1u vitamin c\u1ea7n thi\u1ebft cho c\u01a1 th\u1ec3.<\/p>\n<p><img decoding=\"async\" class=\"wp-image-22206 aligncenter\" src=\"https:\/\/havamall.vn\/wp-content\/uploads\/2021\/09\/m\u1ef1c-l\u0103n-b\u1ed9t-300x300.png\" alt=\"\" width=\"581\" height=\"581\" srcset=\"https:\/\/havamall.vn\/wp-content\/uploads\/2021\/09\/m\u1ef1c-l\u0103n-b\u1ed9t-300x300.png 300w, https:\/\/havamall.vn\/wp-content\/uploads\/2021\/09\/m\u1ef1c-l\u0103n-b\u1ed9t-430x430.png 430w, https:\/\/havamall.vn\/wp-content\/uploads\/2021\/09\/m\u1ef1c-l\u0103n-b\u1ed9t-150x150.png 150w, https:\/\/havamall.vn\/wp-content\/uploads\/2021\/09\/m\u1ef1c-l\u0103n-b\u1ed9t-700x700.png 700w, https:\/\/havamall.vn\/wp-content\/uploads\/2021\/09\/m\u1ef1c-l\u0103n-b\u1ed9t-768x768.png 768w, https:\/\/havamall.vn\/wp-content\/uploads\/2021\/09\/m\u1ef1c-l\u0103n-b\u1ed9t-600x600.png 600w, https:\/\/havamall.vn\/wp-content\/uploads\/2021\/09\/m\u1ef1c-l\u0103n-b\u1ed9t-100x100.png 100w, https:\/\/havamall.vn\/wp-content\/uploads\/2021\/09\/m\u1ef1c-l\u0103n-b\u1ed9t.png 800w\" sizes=\"(max-width: 581px) 100vw, 581px\" \/><\/p>\n<p>M\u1ef1c t\u1ea9m b\u1ed9t Purefood 200g c\u00f3 ngu\u1ed3n nguy\u00ean li\u1ec7u \u0111\u01b0\u1ee3c ch\u1ecdn l\u1ecdc k\u0129 c\u00e0ng, \u0111\u1ea3m b\u1ea3o mang \u0111\u1ebfn tay ng\u01b0\u1eddi ti\u00eau d\u00f9ng s\u1ea3n ph\u1ea9m ch\u1ea5t l\u01b0\u1ee3ng cao, cung c\u1ea5p \u0111\u1ea7y \u0111\u1ee7 dinh d\u01b0\u1ee1ng cho b\u1eefa \u0103n trong gia \u0111\u00ecnh. S\u1ea3n ph\u1ea9m\u00a0T\u00f4m t\u1ea9m b\u1ed9t Tempura Purefoods kh\u00f4ng ch\u1ec9 cung c\u1ea5p \u0111\u1ea7y \u0111\u1ee7 ch\u1ea5t dinh d\u01b0\u1ee1ng cho b\u1eefa \u0103n m\u00e0 c\u00f2n c\u00f3 h\u01b0\u01a1ng v\u1ecb th\u01a1m ngon, h\u1ea5p d\u1eabn, k\u00edch th\u00edch v\u1ecb gi\u00e1c. S\u1ea3n ph\u1ea9m kh\u00f4ng s\u1eed d\u1ee5ng ph\u1ee5 gia, ch\u1ea5t t\u1ea1o m\u00e0u, ch\u1ea5t b\u1ea3o qu\u1ea3n \u0111\u1ed9c h\u1ea1i, ph\u00f9 h\u1ee3p v\u1edbi m\u1ecdi b\u1eefa \u0103n trong gia \u0111\u00ecnh.<\/p>\n<p><img decoding=\"async\" class=\"wp-image-22208 aligncenter\" src=\"https:\/\/havamall.vn\/wp-content\/uploads\/2021\/09\/m\u1ef1uc-1-300x197.png\" alt=\"\" width=\"586\" height=\"385\" srcset=\"https:\/\/havamall.vn\/wp-content\/uploads\/2021\/09\/m\u1ef1uc-1-300x197.png 300w, https:\/\/havamall.vn\/wp-content\/uploads\/2021\/09\/m\u1ef1uc-1-430x282.png 430w, https:\/\/havamall.vn\/wp-content\/uploads\/2021\/09\/m\u1ef1uc-1-150x98.png 150w, https:\/\/havamall.vn\/wp-content\/uploads\/2021\/09\/m\u1ef1uc-1-700x460.png 700w, https:\/\/havamall.vn\/wp-content\/uploads\/2021\/09\/m\u1ef1uc-1-768x504.png 768w, https:\/\/havamall.vn\/wp-content\/uploads\/2021\/09\/m\u1ef1uc-1-1024x672.png 1024w, https:\/\/havamall.vn\/wp-content\/uploads\/2021\/09\/m\u1ef1uc-1-1200x788.png 1200w, https:\/\/havamall.vn\/wp-content\/uploads\/2021\/09\/m\u1ef1uc-1-600x394.png 600w, https:\/\/havamall.vn\/wp-content\/uploads\/2021\/09\/m\u1ef1uc-1.png 1400w\" sizes=\"(max-width: 586px) 100vw, 586px\" \/><\/p>\n<p>L\u00e0 m\u1ed9t trong nh\u1eefng lo\u1ea1i\u00a0th\u1ef1c ph\u1ea9m l\u00e0m s\u1eb5n\u00a0cao c\u1ea5p, l\u1ea1 mi\u1ec7ng, M\u1ef1c t\u1ea9m b\u1ed9t Purefood 200g 200g\u00a0mang \u0111\u1ebfn nh\u1eefng con t\u00f4m t\u01b0\u01a1i ngon \u0111\u01b0\u1ee3c bao ph\u1ee7 b\u1edfi l\u1edbp b\u1ed9t chi\u00ean x\u00f9 gi\u00f2n r\u1ee5m, l\u00e0 m\u00f3n \u0103n h\u1ea5p d\u1eabn, h\u01b0\u01a1ng v\u1ecb th\u01a1m ngon v\u1eeba mi\u1ec7ng.<\/p>\n<p><img loading=\"lazy\" decoding=\"async\" class=\"wp-image-22213 aligncenter\" src=\"https:\/\/havamall.vn\/wp-content\/uploads\/2021\/09\/m\u01b0uajc-1-300x217.png\" alt=\"\" width=\"581\" height=\"421\" srcset=\"https:\/\/havamall.vn\/wp-content\/uploads\/2021\/09\/m\u01b0uajc-1-300x217.png 300w, https:\/\/havamall.vn\/wp-content\/uploads\/2021\/09\/m\u01b0uajc-1-430x311.png 430w, https:\/\/havamall.vn\/wp-content\/uploads\/2021\/09\/m\u01b0uajc-1-150x108.png 150w, https:\/\/havamall.vn\/wp-content\/uploads\/2021\/09\/m\u01b0uajc-1-700x506.png 700w, https:\/\/havamall.vn\/wp-content\/uploads\/2021\/09\/m\u01b0uajc-1-768x555.png 768w, https:\/\/havamall.vn\/wp-content\/uploads\/2021\/09\/m\u01b0uajc-1-600x434.png 600w, https:\/\/havamall.vn\/wp-content\/uploads\/2021\/09\/m\u01b0uajc-1.png 858w\" sizes=\"(max-width: 581px) 100vw, 581px\" \/><\/p>\n<p>M\u1ef1c chi\u00ean gi\u00f2n l\u00e0 m\u1ed9t m\u00f3n \u0103n b\u1eaft mi\u1ec7ng th\u00edch h\u1ee3p \u0111\u1ec3 chi\u00eau \u0111\u00e3i c\u1ea3 nh\u00e0 b\u1ea1n m\u00e0 l\u1ea1i v\u00f4 c\u00f9ng \u0111\u01a1n gi\u1ea3n khi l\u00e0m. S\u1ea3n ph\u1ea9m m\u1ef1c t\u1ea9m b\u1ed9t chi\u00ean gi\u00f2n khay 200g\u00a0\u0111\u1ebfn t\u1eeb th\u01b0\u01a1ng hi\u1ec7u\u00a0th\u1ef1c ph\u1ea9m ch\u1ebf bi\u1ebfn s\u1eb5n\u00a0Vi\u1ec7t Sin\u00a0gi\u00fap b\u1ea1n d\u1ec5 d\u00e0ng h\u01a1n trong vi\u1ec7c n\u1ea5u n\u01b0\u1edbng.<\/p>\n<p><img loading=\"lazy\" decoding=\"async\" class=\"wp-image-22209 aligncenter\" src=\"https:\/\/havamall.vn\/wp-content\/uploads\/2021\/09\/m\u1ef1c-2-300x161.png\" alt=\"\" width=\"593\" height=\"318\" srcset=\"https:\/\/havamall.vn\/wp-content\/uploads\/2021\/09\/m\u1ef1c-2-300x161.png 300w, https:\/\/havamall.vn\/wp-content\/uploads\/2021\/09\/m\u1ef1c-2-430x230.png 430w, https:\/\/havamall.vn\/wp-content\/uploads\/2021\/09\/m\u1ef1c-2-150x80.png 150w, https:\/\/havamall.vn\/wp-content\/uploads\/2021\/09\/m\u1ef1c-2-700x375.png 700w, https:\/\/havamall.vn\/wp-content\/uploads\/2021\/09\/m\u1ef1c-2-768x411.png 768w, https:\/\/havamall.vn\/wp-content\/uploads\/2021\/09\/m\u1ef1c-2-1024x549.png 1024w, https:\/\/havamall.vn\/wp-content\/uploads\/2021\/09\/m\u1ef1c-2-1200x643.png 1200w, https:\/\/havamall.vn\/wp-content\/uploads\/2021\/09\/m\u1ef1c-2-600x321.png 600w, https:\/\/havamall.vn\/wp-content\/uploads\/2021\/09\/m\u1ef1c-2.png 1900w\" sizes=\"(max-width: 593px) 100vw, 593px\" \/><\/p>\n<h3><strong>H\u01b0\u1edbng d\u1eabn s\u01b0\u0309 du\u0323ng:\u00a0<\/strong><\/h3>\n<p>&#8211; D\u00f9ng n\u1ed3i chi\u00ean kh\u00f4ng d\u1ea7u: cho t\u1ea7m 7 con t\u00f4m v\u00e0o n\u1ed3i chi\u00ean, v\u1edbi nhi\u1ec7t \u0111\u1ed9 200<sup>o<\/sup>C trong 10 ph\u00fat.<\/p>\n<p>&#8211; Chi\u00ean c\u00f3 d\u1ea7u: cho m\u1ef1c v\u00e0o ch\u1ea3o d\u1ea7u s\u00f4i l\u0103n t\u0103n, chi\u00ean t\u1ea7m 1 ph\u00fat v\u1edbi\u00a0nhi\u1ec7t \u0111\u1ed9 \u1edf m\u1ee9c nh\u1ecf.<\/p>\n<p>S\u1ea3n ph\u1ea9m hi\u1ec7n \u0111\u00e3 c\u00f3 m\u1eb7t t\u1ea1i Havamall.<\/p>","protected":false},"excerpt":{"rendered":"<p>TH\u00d4NG TIN S\u1ea2N PH\u1ea8M Th\u01b0\u01a1ng hi\u1ec7u Purefoods H\u1ea1n s\u1eed d\u1ee5ng 12 th\u00e1ng k\u1ec3 t\u1eeb ng\u00e0y s\u1ea3n xu\u1ea5t Th\u00e0nh ph\u1ea7n M\u1ef1c,<\/p>","protected":false},"featured_media":22266,"comment_status":"open","ping_status":"closed","template":"","meta":[],"product_brand":[],"product_cat":[275,36],"product_tag":[],"class_list":{"0":"post-22205","1":"product","2":"type-product","3":"status-publish","4":"has-post-thumbnail","6":"product_cat-thuc-pham-dong-lanh","7":"product_cat-thuc-pham-tieu-dung","8":"pa_brand-le-gourmet","10":"first","11":"outofstock","12":"sale","13":"shipping-taxable","14":"purchasable","15":"product-type-simple"},"_links":{"self":[{"href":"https:\/\/havamall.vn\/en\/wp-json\/wp\/v2\/product\/22205"}],"collection":[{"href":"https:\/\/havamall.vn\/en\/wp-json\/wp\/v2\/product"}],"about":[{"href":"https:\/\/havamall.vn\/en\/wp-json\/wp\/v2\/types\/product"}],"replies":[{"embeddable":true,"href":"https:\/\/havamall.vn\/en\/wp-json\/wp\/v2\/comments?post=22205"}],"version-history":[{"count":0,"href":"https:\/\/havamall.vn\/en\/wp-json\/wp\/v2\/product\/22205\/revisions"}],"wp:featuredmedia":[{"embeddable":true,"href":"https:\/\/havamall.vn\/en\/wp-json\/wp\/v2\/media\/22266"}],"wp:attachment":[{"href":"https:\/\/havamall.vn\/en\/wp-json\/wp\/v2\/media?parent=22205"}],"wp:term":[{"taxonomy":"product_brand","embeddable":true,"href":"https:\/\/havamall.vn\/en\/wp-json\/wp\/v2\/product_brand?post=22205"},{"taxonomy":"product_cat","embeddable":true,"href":"https:\/\/havamall.vn\/en\/wp-json\/wp\/v2\/product_cat?post=22205"},{"taxonomy":"product_tag","embeddable":true,"href":"https:\/\/havamall.vn\/en\/wp-json\/wp\/v2\/product_tag?post=22205"}],"curies":[{"name":"wp","href":"https:\/\/api.w.org\/{rel}","templated":true}]}}