{"id":22185,"date":"2021-09-20T11:45:03","date_gmt":"2021-09-20T04:45:03","guid":{"rendered":"https:\/\/havamall.vn\/?post_type=product&#038;p=22185"},"modified":"2022-02-21T10:39:04","modified_gmt":"2022-02-21T03:39:04","slug":"cha-bo-le-gourmet-200g","status":"publish","type":"product","link":"https:\/\/havamall.vn\/en\/shop\/cha-bo-le-gourmet-200g\/","title":{"rendered":"Ch\u1ea3 B\u00f2 Le Gourmet 200g"},"content":{"rendered":"<h3><strong>TH\u00d4NG TIN TH\u01af\u01a0NG HI\u1ec6U<\/strong><\/h3>\n<p>Le Gourmet l\u00e0 nh\u00e3n hi\u1ec7u thu\u1ed9c\u00a0C\u00f4ng Ty TNHH San Miguel Pure Foods (VN), \u0111\u00e2y l\u00e0 c\u00f4ng ty con \u0111\u01b0\u01a1\u0323c s\u1edf h\u1eefu ho\u00e0n to\u00e0n b\u1edfi t\u1eadp \u0111o\u00e0n San Miguel Philippine. T\u1eadp \u0111o\u00e0n San Miguel \u0111\u01b0\u1ee3c th\u00e0nh l\u1eb7p v\u00e0o 1890 t\u1ea1i Philippine. Hi\u1ec7n nay l\u00e0 m\u1ed9t trong nh\u1eefng t\u1eadp \u0111o\u00e0n th\u1ef1c ph\u1ea9m, n\u01b0\u1edbc gi\u1ea3i kh\u00e1t v\u00e0 bao b\u00ec l\u1edbn nh\u1ea5t \u0110\u00f4ng Nam \u00c1.<\/p>\n<p>V\u00e0o n\u0103m 2006 nh\u00e3n hi\u1ec7u Le Gourmet v\u00e0 nh\u00e0 m\u00e1y s\u1ea3n xu\u1ea5t th\u1ecbt ch\u1ebf bi\u1ebfn \u0111\u01b0\u1ee3c San Miguel mua l\u1ea1i. K\u1ebft h\u1ee3p k\u1ef9 thu\u1eadt v\u00e0 kinh nghi\u1ec7m c\u1ee7a t\u1eadp \u0111o\u00e0n San Miguel nh\u00e0 m\u00e1y s\u1ea3n xu\u1ea5t th\u1ecbt ch\u1ebf bi\u1ebfn Le Gourmet cung c\u1ea5p ra c\u00e1c d\u00f2ng s\u1ea3n ph\u1ea9m ch\u00e2\u0301t l\u01b0\u01a1\u0323ng \u0111\u00e1p \u1ee9ng c\u1ea3 nhu c\u1ea7u \u1ea9m th\u1ef1c ph\u01b0\u01a1ng T\u00e2y v\u00e0 truy\u1ec1n th\u1ed1ng.<\/p>\n<p><img fetchpriority=\"high\" decoding=\"async\" class=\"wp-image-22162 aligncenter\" src=\"https:\/\/havamall.vn\/wp-content\/uploads\/2021\/09\/LE-GUOTMEAT-3-300x300.png\" alt=\"\" width=\"662\" height=\"662\" srcset=\"https:\/\/havamall.vn\/wp-content\/uploads\/2021\/09\/LE-GUOTMEAT-3-300x300.png 300w, https:\/\/havamall.vn\/wp-content\/uploads\/2021\/09\/LE-GUOTMEAT-3-430x430.png 430w, https:\/\/havamall.vn\/wp-content\/uploads\/2021\/09\/LE-GUOTMEAT-3-150x150.png 150w, https:\/\/havamall.vn\/wp-content\/uploads\/2021\/09\/LE-GUOTMEAT-3-700x700.png 700w, https:\/\/havamall.vn\/wp-content\/uploads\/2021\/09\/LE-GUOTMEAT-3-768x768.png 768w, https:\/\/havamall.vn\/wp-content\/uploads\/2021\/09\/LE-GUOTMEAT-3-1024x1024.png 1024w, https:\/\/havamall.vn\/wp-content\/uploads\/2021\/09\/LE-GUOTMEAT-3.png 1200w, https:\/\/havamall.vn\/wp-content\/uploads\/2021\/09\/LE-GUOTMEAT-3-600x600.png 600w, https:\/\/havamall.vn\/wp-content\/uploads\/2021\/09\/LE-GUOTMEAT-3-100x100.png 100w\" sizes=\"(max-width: 662px) 100vw, 662px\" \/><\/p>\n<p>M\u00ec \u00dd s\u1ed1t b\u00f2 b\u1eb1m Le Gourmet 200g l\u00e0 m\u1ed9t s\u1ea3n ph\u1ea9m \u0111\u00f3ng g\u00f3i \u0111\u00e3 \u0111\u01b0\u1ee3c n\u1ea5u ch\u00edn s\u1eb5n v\u00f4 c\u00f9ng ti\u1ec7n l\u1ee3i, b\u1ea1n ch\u1ec9 c\u1ea7n h\u00e2m n\u00f3ng l\u1ea1i l\u00e0 c\u00f3 th\u1ec3 th\u01b0\u1edfng th\u1ee9c ngay m\u1ed9t d\u0129a spaghetti th\u01a1m n\u00f3ng, h\u1ea5p d\u1eabn.<\/p>\n<h3><strong>TH\u00d4NG TIN S\u1ea2N PH\u1ea8M<\/strong><\/h3>\n<table>\n<tbody>\n<tr>\n<td>Th\u01b0\u01a1ng hi\u1ec7u<\/td>\n<td>Le Gourmet<\/td>\n<\/tr>\n<tr>\n<td>Xu\u1ea5t x\u1ee9<\/td>\n<td>Vi\u1ec7t Nam<\/td>\n<\/tr>\n<tr>\n<td>Th\u00e0nh ph\u1ea7n<\/td>\n<td>Th\u1ecbt b\u00f2, m\u1ee1 heo, mu\u1ed1i, \u0111\u01b0\u1eddng, ti\u00eau, ch\u1ea5t \u0111i\u1ec1u v\u1ecb, ch\u1ea5t \u0111i\u1ec1u ch\u1ec9nh \u0111\u1ed9 acid, ch\u1ea5t \u1ed5n \u0111\u1ecbnh, h\u01b0\u01a1ng th\u1ef1c ph\u1ea9m t\u1ed5ng h\u1ee3p,&#8230;<\/td>\n<\/tr>\n<tr>\n<td>C\u00e1ch d\u00f9ng<\/td>\n<td>D\u00f9ng \u0103n tr\u1ef1c ti\u1ebfp sau khi m\u1edf bao b\u00ec. Th\u00e1i l\u00e1t \u0103n ngay ho\u1eb7c ch\u1ebf bi\u1ebfn c\u00e1c m\u00f3n \u0103n theo nhu c\u1ea7u<\/td>\n<\/tr>\n<tr>\n<td>B\u1ea3o qu\u1ea3n<\/td>\n<td>B\u1ea3o qu\u1ea3n l\u1ea1nh \u1edf nhi\u1ec7t \u0111\u1ed9 t\u1eeb 0 \u0111\u1ebfn -3 \u0111\u1ed9 C. B\u1ea3o qu\u1ea3n \u0111\u00f4ng \u1edf nhi\u1ec7t \u0111\u1ed9 -18 \u0111\u1ebfn -12 \u0111\u1ed9 C. N\u1ebfu \u0111\u00e3 c\u1eaft, ph\u1ea7n c\u00f2n l\u1ea1i b\u1ea3o qu\u1ea3n trong ng\u0103n \u0111\u00f4ng.<\/td>\n<\/tr>\n<tr>\n<td>Kh\u1ed1i l\u01b0\u1ee3ng t\u1ecbnh<\/td>\n<td>200<\/td>\n<\/tr>\n<\/tbody>\n<\/table>\n<p><img decoding=\"async\" class=\"wp-image-22186 aligncenter\" src=\"https:\/\/havamall.vn\/wp-content\/uploads\/2021\/09\/ch\u1ea3-b\u00f2-2-300x169.png\" alt=\"\" width=\"662\" height=\"373\" srcset=\"https:\/\/havamall.vn\/wp-content\/uploads\/2021\/09\/ch\u1ea3-b\u00f2-2-300x169.png 300w, https:\/\/havamall.vn\/wp-content\/uploads\/2021\/09\/ch\u1ea3-b\u00f2-2-430x242.png 430w, https:\/\/havamall.vn\/wp-content\/uploads\/2021\/09\/ch\u1ea3-b\u00f2-2-150x84.png 150w, https:\/\/havamall.vn\/wp-content\/uploads\/2021\/09\/ch\u1ea3-b\u00f2-2-700x394.png 700w, https:\/\/havamall.vn\/wp-content\/uploads\/2021\/09\/ch\u1ea3-b\u00f2-2-768x432.png 768w, https:\/\/havamall.vn\/wp-content\/uploads\/2021\/09\/ch\u1ea3-b\u00f2-2-1024x576.png 1024w, https:\/\/havamall.vn\/wp-content\/uploads\/2021\/09\/ch\u1ea3-b\u00f2-2-1200x675.png 1200w, https:\/\/havamall.vn\/wp-content\/uploads\/2021\/09\/ch\u1ea3-b\u00f2-2-600x338.png 600w, https:\/\/havamall.vn\/wp-content\/uploads\/2021\/09\/ch\u1ea3-b\u00f2-2.png 1280w\" sizes=\"(max-width: 662px) 100vw, 662px\" \/><\/p>\n<p>Ch\u1ea3 b\u00f2 l\u00e0 lo\u1ea1i\u00a0ch\u1ea3 cao c\u1ea5p \u0111\u1ebfn t\u1eeb th\u01b0\u01a1ng hi\u1ec7u Le Gourmet, lu\u00f4n mang \u0111\u1ebfn h\u01b0\u01a1ng v\u1ecb t\u01b0\u01a1i ngon nh\u01b0 nh\u00e0 l\u00e0m.\u00a0Ch\u1ea3 b\u00f2 Le Gourmet g\u00f3i 200g\u00a0\u0111\u01b0\u1ee3c ch\u1ebf bi\u1ebfn t\u1eeb nh\u1eefng ngu\u1ed3n nguy\u00ean li\u1ec7u t\u01b0\u01a1i s\u1ea1ch, \u0111\u1ea1t ch\u1ea5t l\u01b0\u1ee3ng cao, l\u00e0 m\u00f3n \u0103n ngon v\u00e0 ph\u00f9 h\u1ee3p cho m\u1ecdi gia \u0111\u00ecnh trong b\u1eefa \u0103n v\u00e0 c\u00e1c b\u1eefa ti\u1ec7c.<\/p>\n<p><img decoding=\"async\" class=\"wp-image-22187 aligncenter\" src=\"https:\/\/havamall.vn\/wp-content\/uploads\/2021\/09\/ch\u1ea3-b\u00f2-300x169.png\" alt=\"\" width=\"660\" height=\"372\" srcset=\"https:\/\/havamall.vn\/wp-content\/uploads\/2021\/09\/ch\u1ea3-b\u00f2-300x169.png 300w, https:\/\/havamall.vn\/wp-content\/uploads\/2021\/09\/ch\u1ea3-b\u00f2-430x242.png 430w, https:\/\/havamall.vn\/wp-content\/uploads\/2021\/09\/ch\u1ea3-b\u00f2-150x84.png 150w, https:\/\/havamall.vn\/wp-content\/uploads\/2021\/09\/ch\u1ea3-b\u00f2-700x394.png 700w, https:\/\/havamall.vn\/wp-content\/uploads\/2021\/09\/ch\u1ea3-b\u00f2-768x432.png 768w, https:\/\/havamall.vn\/wp-content\/uploads\/2021\/09\/ch\u1ea3-b\u00f2-1024x576.png 1024w, https:\/\/havamall.vn\/wp-content\/uploads\/2021\/09\/ch\u1ea3-b\u00f2-1200x675.png 1200w, https:\/\/havamall.vn\/wp-content\/uploads\/2021\/09\/ch\u1ea3-b\u00f2-600x338.png 600w, https:\/\/havamall.vn\/wp-content\/uploads\/2021\/09\/ch\u1ea3-b\u00f2.png 1280w\" sizes=\"(max-width: 660px) 100vw, 660px\" \/><\/p>\n<p>Ch\u1ea3 b\u00f2 Le Gourmet v\u1edbi quy tr\u00ecnh s\u1ea3n xu\u1ea5t gi\u00f2 l\u1ee5a s\u1ea1ch kh\u00e9p k\u00edn an to\u00e0n cam k\u1ebft ch\u1ea5t l\u01b0\u1ee3ng v\u1ec7 sinh th\u1ef1c ph\u1ea9m. Th\u01b0\u01a1ng hi\u1ec7u Le Gourmet \u0111ang ng\u00e0y c\u00e0ng m\u1ed9t ph\u00e1t tri\u1ec3n khi \u0111\u01b0\u1ee3c ng\u01b0\u1eddi s\u1eed d\u1ee5ng \u0111\u00e1nh gi\u00e1 cao v\u00e0 lu\u00f4n tin d\u00f9ng s\u1ea3n ph\u1ea9m trong c\u00e1ch b\u1eefa c\u01a1m gia \u0111\u00ecnh.<\/p>\n<p><img loading=\"lazy\" decoding=\"async\" class=\"wp-image-22188 aligncenter\" src=\"https:\/\/havamall.vn\/wp-content\/uploads\/2021\/09\/ch\u1ea3-b\u00f2-1-300x300.png\" alt=\"\" width=\"662\" height=\"662\" srcset=\"https:\/\/havamall.vn\/wp-content\/uploads\/2021\/09\/ch\u1ea3-b\u00f2-1-300x300.png 300w, https:\/\/havamall.vn\/wp-content\/uploads\/2021\/09\/ch\u1ea3-b\u00f2-1-430x430.png 430w, https:\/\/havamall.vn\/wp-content\/uploads\/2021\/09\/ch\u1ea3-b\u00f2-1-150x150.png 150w, https:\/\/havamall.vn\/wp-content\/uploads\/2021\/09\/ch\u1ea3-b\u00f2-1-700x700.png 700w, https:\/\/havamall.vn\/wp-content\/uploads\/2021\/09\/ch\u1ea3-b\u00f2-1-768x768.png 768w, https:\/\/havamall.vn\/wp-content\/uploads\/2021\/09\/ch\u1ea3-b\u00f2-1-1024x1024.png 1024w, https:\/\/havamall.vn\/wp-content\/uploads\/2021\/09\/ch\u1ea3-b\u00f2-1-600x600.png 600w, https:\/\/havamall.vn\/wp-content\/uploads\/2021\/09\/ch\u1ea3-b\u00f2-1-100x100.png 100w, https:\/\/havamall.vn\/wp-content\/uploads\/2021\/09\/ch\u1ea3-b\u00f2-1.png 1080w\" sizes=\"(max-width: 662px) 100vw, 662px\" \/><\/p>\n<p>Ch\u1ea3 b\u00f2 Le Gourmet l\u00e0 m\u00f3n \u0103n ngon \u0111\u01a1n gi\u1ea3n ph\u00f9 h\u1ee3p v\u1edbi m\u1ecdi gia \u0111\u00ecnh xu\u1ea5t hi\u1ec7n trong c\u00e1c b\u1eefa c\u01a1m gi\u00e1 \u0111\u00ecnh, ti\u1ec7c t\u00f9ng c\u01b0\u1edbi h\u1ecfi \u2026 N\u00f3i chung gi\u00f2 l\u1ee5a \u0111ang l\u00e0 m\u00f3n \u0103n ngon gi\u00e1 c\u1ea3 ph\u00f9 h\u1ee3p \u0111\u1eb7c bi\u1ec7t d\u1ec5 \u0103n v\u00e0 h\u1ee3p v\u1edbi s\u1edf th\u00edch t\u1eeb ng\u01b0\u1eddi l\u1edbn cho \u0111\u1ebfn tr\u1ebb em.<\/p>\n<p><img loading=\"lazy\" decoding=\"async\" class=\"wp-image-22189 aligncenter\" src=\"https:\/\/havamall.vn\/wp-content\/uploads\/2021\/09\/ch\u1ea3-b\u00f2-3-300x225.png\" alt=\"\" width=\"664\" height=\"498\" srcset=\"https:\/\/havamall.vn\/wp-content\/uploads\/2021\/09\/ch\u1ea3-b\u00f2-3-300x225.png 300w, https:\/\/havamall.vn\/wp-content\/uploads\/2021\/09\/ch\u1ea3-b\u00f2-3-430x323.png 430w, https:\/\/havamall.vn\/wp-content\/uploads\/2021\/09\/ch\u1ea3-b\u00f2-3-150x113.png 150w, https:\/\/havamall.vn\/wp-content\/uploads\/2021\/09\/ch\u1ea3-b\u00f2-3-700x525.png 700w, https:\/\/havamall.vn\/wp-content\/uploads\/2021\/09\/ch\u1ea3-b\u00f2-3-768x576.png 768w, https:\/\/havamall.vn\/wp-content\/uploads\/2021\/09\/ch\u1ea3-b\u00f2-3.png 1024w, https:\/\/havamall.vn\/wp-content\/uploads\/2021\/09\/ch\u1ea3-b\u00f2-3-600x450.png 600w\" sizes=\"(max-width: 664px) 100vw, 664px\" \/><\/p>\n<h3><strong>\u0110\u1eb7c \u0111i\u1ec3m s\u1ea3n ph\u1ea9m:<\/strong><\/h3>\n<p>&#8211; Nguy\u00ean li\u1ec7u l\u00e0m ch\u1ea3 t\u01b0\u01a1i ngon, \u0111\u1ea1t chu\u1ea9n.<\/p>\n<p>&#8211; M\u00f9i v\u1ecb ng\u1ecdt ng\u00e0o t\u1ef1 nhi\u00ean c\u1ee7a th\u1ecbt, \u0111\u1eadm \u0111\u00e0 v\u1eeba v\u1eb7n.<\/p>\n<p>&#8211; Ch\u1ea3 m\u1ec1m m\u1ea1i, dai t\u1ef1 nhi\u00ean, kh\u00f4ng h\u00e0n the ph\u1ee5 gia h\u00f3a h\u1ecdc.<\/p>\n<p>-C\u1eaft khoanh ch\u1ea3 ra, ph\u1ea3i c\u1ea3m nh\u1eadn \u0111\u01b0\u1ee3c h\u01b0\u01a1ng th\u01a1m c\u1ee7a th\u1ecbt, c\u1ee7a m\u1eafm, ti\u00eau.<\/p>\n<p>S\u1ea3n ph\u1ea9m hi\u1ec7n \u0111\u00e3 c\u00f3 m\u1eb7t t\u1ea1i Havamall.<\/p>","protected":false},"excerpt":{"rendered":"<p>TH\u00d4NG TIN TH\u01af\u01a0NG HI\u1ec6U Le Gourmet l\u00e0 nh\u00e3n hi\u1ec7u thu\u1ed9c\u00a0C\u00f4ng Ty TNHH San Miguel Pure Foods (VN), \u0111\u00e2y l\u00e0 c\u00f4ng<\/p>","protected":false},"featured_media":22190,"comment_status":"open","ping_status":"closed","template":"","meta":[],"product_brand":[],"product_cat":[275,36],"product_tag":[],"class_list":{"0":"post-22185","1":"product","2":"type-product","3":"status-publish","4":"has-post-thumbnail","6":"product_cat-thuc-pham-dong-lanh","7":"product_cat-thuc-pham-tieu-dung","8":"pa_brand-le-gourmet","10":"first","11":"outofstock","12":"sale","13":"shipping-taxable","14":"purchasable","15":"product-type-simple"},"_links":{"self":[{"href":"https:\/\/havamall.vn\/en\/wp-json\/wp\/v2\/product\/22185"}],"collection":[{"href":"https:\/\/havamall.vn\/en\/wp-json\/wp\/v2\/product"}],"about":[{"href":"https:\/\/havamall.vn\/en\/wp-json\/wp\/v2\/types\/product"}],"replies":[{"embeddable":true,"href":"https:\/\/havamall.vn\/en\/wp-json\/wp\/v2\/comments?post=22185"}],"version-history":[{"count":0,"href":"https:\/\/havamall.vn\/en\/wp-json\/wp\/v2\/product\/22185\/revisions"}],"wp:featuredmedia":[{"embeddable":true,"href":"https:\/\/havamall.vn\/en\/wp-json\/wp\/v2\/media\/22190"}],"wp:attachment":[{"href":"https:\/\/havamall.vn\/en\/wp-json\/wp\/v2\/media?parent=22185"}],"wp:term":[{"taxonomy":"product_brand","embeddable":true,"href":"https:\/\/havamall.vn\/en\/wp-json\/wp\/v2\/product_brand?post=22185"},{"taxonomy":"product_cat","embeddable":true,"href":"https:\/\/havamall.vn\/en\/wp-json\/wp\/v2\/product_cat?post=22185"},{"taxonomy":"product_tag","embeddable":true,"href":"https:\/\/havamall.vn\/en\/wp-json\/wp\/v2\/product_tag?post=22185"}],"curies":[{"name":"wp","href":"https:\/\/api.w.org\/{rel}","templated":true}]}}