{"id":22151,"date":"2021-09-17T15:23:40","date_gmt":"2021-09-17T08:23:40","guid":{"rendered":"https:\/\/havamall.vn\/?post_type=product&#038;p=22151"},"modified":"2022-02-21T10:38:53","modified_gmt":"2022-02-21T03:38:53","slug":"bo-vien-le-gourmet-500g","status":"publish","type":"product","link":"https:\/\/havamall.vn\/en\/shop\/bo-vien-le-gourmet-500g\/","title":{"rendered":"B\u00f2 Vi\u00ean Le Gourmet 500g &#8211; Beef Ball"},"content":{"rendered":"<h3><strong>TH\u00d4NG TIN TH\u01af\u01a0NG HI\u1ec6U<\/strong><\/h3>\n<p>Le Gourmet l\u00e0 nh\u00e3n hi\u1ec7u thu\u1ed9c\u00a0C\u00f4ng Ty TNHH San Miguel Pure Foods (VN), \u0111\u00e2y l\u00e0 c\u00f4ng ty con \u0111\u01b0\u01a1\u0323c s\u1edf h\u1eefu ho\u00e0n to\u00e0n b\u1edfi t\u1eadp \u0111o\u00e0n San Miguel Philippine. T\u1eadp \u0111o\u00e0n San Miguel \u0111\u01b0\u1ee3c th\u00e0nh l\u1eb7p v\u00e0o 1890 t\u1ea1i Philippine. Hi\u1ec7n nay l\u00e0 m\u1ed9t trong nh\u1eefng t\u1eadp \u0111o\u00e0n th\u1ef1c ph\u1ea9m, n\u01b0\u1edbc gi\u1ea3i kh\u00e1t v\u00e0 bao b\u00ec l\u1edbn nh\u1ea5t \u0110\u00f4ng Nam \u00c1.<\/p>\n<p>V\u00e0o n\u0103m 2006 nh\u00e3n hi\u1ec7u Le Gourmet v\u00e0 nh\u00e0 m\u00e1y s\u1ea3n xu\u1ea5t th\u1ecbt ch\u1ebf bi\u1ebfn \u0111\u01b0\u1ee3c San Miguel mua l\u1ea1i. K\u1ebft h\u1ee3p k\u1ef9 thu\u1eadt v\u00e0 kinh nghi\u1ec7m c\u1ee7a t\u1eadp \u0111o\u00e0n San Miguel nh\u00e0 m\u00e1y s\u1ea3n xu\u1ea5t th\u1ecbt ch\u1ebf bi\u1ebfn Le Gourmet cung c\u1ea5p ra c\u00e1c d\u00f2ng s\u1ea3n ph\u1ea9m ch\u00e2\u0301t l\u01b0\u01a1\u0323ng \u0111\u00e1p \u1ee9ng c\u1ea3 nhu c\u1ea7u \u1ea9m th\u1ef1c ph\u01b0\u01a1ng T\u00e2y v\u00e0 truy\u1ec1n th\u1ed1ng.<\/p>\n<p><img fetchpriority=\"high\" decoding=\"async\" class=\"wp-image-22152 aligncenter\" src=\"https:\/\/havamall.vn\/wp-content\/uploads\/2021\/09\/LE-GUOTMEAT-2-300x300.png\" alt=\"\" width=\"668\" height=\"668\" srcset=\"https:\/\/havamall.vn\/wp-content\/uploads\/2021\/09\/LE-GUOTMEAT-2-300x300.png 300w, https:\/\/havamall.vn\/wp-content\/uploads\/2021\/09\/LE-GUOTMEAT-2-430x430.png 430w, https:\/\/havamall.vn\/wp-content\/uploads\/2021\/09\/LE-GUOTMEAT-2-150x150.png 150w, https:\/\/havamall.vn\/wp-content\/uploads\/2021\/09\/LE-GUOTMEAT-2-700x700.png 700w, https:\/\/havamall.vn\/wp-content\/uploads\/2021\/09\/LE-GUOTMEAT-2-768x768.png 768w, https:\/\/havamall.vn\/wp-content\/uploads\/2021\/09\/LE-GUOTMEAT-2-1024x1024.png 1024w, https:\/\/havamall.vn\/wp-content\/uploads\/2021\/09\/LE-GUOTMEAT-2.png 1200w, https:\/\/havamall.vn\/wp-content\/uploads\/2021\/09\/LE-GUOTMEAT-2-600x600.png 600w, https:\/\/havamall.vn\/wp-content\/uploads\/2021\/09\/LE-GUOTMEAT-2-100x100.png 100w\" sizes=\"(max-width: 668px) 100vw, 668px\" \/><\/p>\n<p>Sa\u0309n ph\u00e2\u0309m cu\u0309a Le Gourmet \u0111a\u0303 va\u0300 \u0111ang co\u0301 m\u0103\u0323t r\u00f4\u0323ng kh\u0103\u0301p thi\u0323 tr\u01b0\u01a1\u0300ng ca\u0309 n\u01b0\u01a1\u0301c, t\u01b0\u0300 ca\u0301c h\u00ea\u0323 th\u00f4\u0301ng si\u00eau thi\u0323 l\u01a1\u0301n nh\u01b0 Co.op Mart, Big C, Metro,\u2026 \u0111\u00ea\u0301n ca\u0301c nha\u0300 ha\u0300ng, kha\u0301ch sa\u0323n, \u0111a\u0323i ly\u0301 ph\u00e2n ph\u00f4\u0301i,\u2026.<\/p>\n<h3><strong>TH\u00d4NG TIN S\u1ea2N PH\u1ea8M<\/strong><\/h3>\n<table>\n<tbody>\n<tr>\n<td>Th\u01b0\u01a1ng hi\u1ec7u<\/td>\n<td>Le Gourmet<\/td>\n<\/tr>\n<tr>\n<td>Xu\u1ea5t x\u1ee9<\/td>\n<td>Vi\u1ec7t Nam<\/td>\n<\/tr>\n<tr>\n<td>Th\u00e0nh ph\u1ea7n<\/td>\n<td>Th\u1ecbt heo 50%, th\u1ecbt b\u00f2 20%, n\u01b0\u1edbc, n\u01b0\u1edbc m\u1eafm,&#8230;<\/td>\n<\/tr>\n<tr>\n<td>C\u00e1ch d\u00f9ng<\/td>\n<td>Chi\u00ean s\u01a1 l\u00e0m n\u00f3ng, h\u1ea5p, chi\u00ean, n\u1ea5u l\u1ea9u ho\u1eb7c ch\u1ebf bi\u1ebfn c\u00e1c m\u00f3n \u0103n tu\u1ef3 th\u00edch<\/td>\n<\/tr>\n<tr>\n<td>B\u1ea3o qu\u1ea3n<\/td>\n<td>\u0110\u1ec3 \u1edf nhi\u1ec7t \u0111\u1ed9 0 \u2013 3 \u0111\u1ed9 C b\u1ea3o qu\u1ea3n \u0111\u01b0\u1ee3c 40 ng\u00e0y. \u1ede nhi\u1ec7t \u0111\u1ed9 -12 \u0111\u1ebfn -18 \u0111\u1ed9 C b\u1ea3o qu\u1ea3n \u0111\u01b0\u1ee3c 90 ng\u00e0y.<\/td>\n<\/tr>\n<tr>\n<td>Kh\u1ed1i l\u01b0\u1ee3ng t\u1ecbnh<\/td>\n<td>500g<\/td>\n<\/tr>\n<\/tbody>\n<\/table>\n<p><img decoding=\"async\" class=\"wp-image-22153 aligncenter\" src=\"https:\/\/havamall.vn\/wp-content\/uploads\/2021\/09\/b\u00f2-vi\u00ean-2-300x300.png\" alt=\"\" width=\"674\" height=\"674\" srcset=\"https:\/\/havamall.vn\/wp-content\/uploads\/2021\/09\/b\u00f2-vi\u00ean-2-300x300.png 300w, https:\/\/havamall.vn\/wp-content\/uploads\/2021\/09\/b\u00f2-vi\u00ean-2-430x430.png 430w, https:\/\/havamall.vn\/wp-content\/uploads\/2021\/09\/b\u00f2-vi\u00ean-2-150x150.png 150w, https:\/\/havamall.vn\/wp-content\/uploads\/2021\/09\/b\u00f2-vi\u00ean-2-700x700.png 700w, https:\/\/havamall.vn\/wp-content\/uploads\/2021\/09\/b\u00f2-vi\u00ean-2-768x768.png 768w, https:\/\/havamall.vn\/wp-content\/uploads\/2021\/09\/b\u00f2-vi\u00ean-2-1024x1024.png 1024w, https:\/\/havamall.vn\/wp-content\/uploads\/2021\/09\/b\u00f2-vi\u00ean-2.png 1200w, https:\/\/havamall.vn\/wp-content\/uploads\/2021\/09\/b\u00f2-vi\u00ean-2-600x600.png 600w, https:\/\/havamall.vn\/wp-content\/uploads\/2021\/09\/b\u00f2-vi\u00ean-2-100x100.png 100w\" sizes=\"(max-width: 674px) 100vw, 674px\" \/><\/p>\n<p>B\u00f2 vi\u00ean Le Gourmet \u0111\u01b0\u1ee3c l\u00e0m t\u1eeb nguy\u00ean li\u1ec7u th\u1ecbt b\u00f2 t\u01b0\u01a1i ngon. S\u1ea3n ph\u1ea9m \u0111\u01b0\u1ee3c ch\u1ebf bi\u1ebfn theo c\u00f4ng ngh\u1ec7 ti\u00ean ti\u1ebfn \u0111\u1ea3m b\u1ea3o an to\u00e0n v\u1ec7 sinh th\u1ef1c ph\u1ea9m gi\u1eef cho th\u1ef1c ph\u1ea9m \u0111\u01b0\u1ee3c t\u01b0\u01a1i ngon v\u00e0 gi\u00e0u ch\u1ea5t dinh d\u01b0\u1ee1ng, c\u00f3 h\u01b0\u01a1ng v\u1ecb th\u01a1m ngon, d\u1ec5 \u0103n v\u00e0 l\u00e0 m\u1ed9t trong nh\u1eefng m\u00f3n kho\u00e1i kh\u1ea9u c\u1ee7a gi\u1edbi tr\u1ebb hi\u1ec7n nay.<\/p>\n<p><img decoding=\"async\" class=\"wp-image-22154 aligncenter\" src=\"https:\/\/havamall.vn\/wp-content\/uploads\/2021\/09\/b\u00f2-vi\u00ean-3-300x300.png\" alt=\"\" width=\"675\" height=\"675\" srcset=\"https:\/\/havamall.vn\/wp-content\/uploads\/2021\/09\/b\u00f2-vi\u00ean-3-300x300.png 300w, https:\/\/havamall.vn\/wp-content\/uploads\/2021\/09\/b\u00f2-vi\u00ean-3-430x430.png 430w, https:\/\/havamall.vn\/wp-content\/uploads\/2021\/09\/b\u00f2-vi\u00ean-3-150x150.png 150w, https:\/\/havamall.vn\/wp-content\/uploads\/2021\/09\/b\u00f2-vi\u00ean-3-700x700.png 700w, https:\/\/havamall.vn\/wp-content\/uploads\/2021\/09\/b\u00f2-vi\u00ean-3-768x768.png 768w, https:\/\/havamall.vn\/wp-content\/uploads\/2021\/09\/b\u00f2-vi\u00ean-3-600x600.png 600w, https:\/\/havamall.vn\/wp-content\/uploads\/2021\/09\/b\u00f2-vi\u00ean-3-100x100.png 100w, https:\/\/havamall.vn\/wp-content\/uploads\/2021\/09\/b\u00f2-vi\u00ean-3.png 960w\" sizes=\"(max-width: 675px) 100vw, 675px\" \/><\/p>\n<p>B\u00f2 vi\u00ean\u00a0\u0111\u01b0\u1ee3c ch\u1ebf bi\u1ebfn theo c\u00f4ng ngh\u1ec7 ti\u00ean ti\u1ebfn \u0111\u1ea3m b\u1ea3o an to\u00e0n v\u1ec7 sinh th\u1ef1c ph\u1ea9m gi\u1eef cho th\u1ef1c ph\u1ea9m \u0111\u01b0\u1ee3c t\u01b0\u01a1i ngon v\u00e0 gi\u00e0u ch\u1ea5t dinh d\u01b0\u1ee1ng \u0111\u1ebfn t\u1eeb th\u01b0\u01a1ng hi\u1ec7u\u00a0Le Gourmet.\u00a0B\u00f2 vi\u00ean Le Gourmet g\u00f3i 500g\u00a0\u0111\u01b0\u1ee3c l\u00e0m t\u1eeb nguy\u00ean li\u1ec7u th\u1ecbt b\u00f2 t\u01b0\u01a1i ngon, mang \u0111\u1ebfn\u00a0h\u01b0\u01a1ng v\u1ecb th\u01a1m ngon.<\/p>\n<p><img loading=\"lazy\" decoding=\"async\" class=\"wp-image-22159 aligncenter\" src=\"https:\/\/havamall.vn\/wp-content\/uploads\/2021\/09\/BO-VI\u00caN-300x300.png\" alt=\"\" width=\"675\" height=\"675\" srcset=\"https:\/\/havamall.vn\/wp-content\/uploads\/2021\/09\/BO-VI\u00caN-300x300.png 300w, https:\/\/havamall.vn\/wp-content\/uploads\/2021\/09\/BO-VI\u00caN-430x430.png 430w, https:\/\/havamall.vn\/wp-content\/uploads\/2021\/09\/BO-VI\u00caN-150x150.png 150w, https:\/\/havamall.vn\/wp-content\/uploads\/2021\/09\/BO-VI\u00caN-700x700.png 700w, https:\/\/havamall.vn\/wp-content\/uploads\/2021\/09\/BO-VI\u00caN-768x768.png 768w, https:\/\/havamall.vn\/wp-content\/uploads\/2021\/09\/BO-VI\u00caN-1024x1024.png 1024w, https:\/\/havamall.vn\/wp-content\/uploads\/2021\/09\/BO-VI\u00caN.png 1200w, https:\/\/havamall.vn\/wp-content\/uploads\/2021\/09\/BO-VI\u00caN-600x600.png 600w, https:\/\/havamall.vn\/wp-content\/uploads\/2021\/09\/BO-VI\u00caN-100x100.png 100w\" sizes=\"(max-width: 675px) 100vw, 675px\" \/><\/p>\n<p>S\u1ea3n ph\u1ea9m b\u00f2 vi\u00ean sau khi r\u00e3 \u0111\u00f4ng c\u00f3 th\u1ec3 \u0111a d\u1ea1ng s\u1eed d\u1ee5ng ch\u1ebf bi\u1ebfn, gi\u00fap c\u00e1c b\u00e0 n\u1ed9i tr\u1ee3 c\u00f3 th\u1ec3 ch\u1ebf bi\u1ebfn m\u1ed9t c\u00e1ch nhanh ch\u00f3ng c\u00e1c m\u00f3n \u0103n b\u1ed5 d\u01b0\u1ee1ng cho c\u1ea3 gia \u0111\u00ecnh c\u00f9ng th\u01b0\u1edfng th\u1ee9c : n\u01b0\u1edbng, chi\u00ean ho\u1eb7c n\u1ea5u l\u1ea9u mang \u0111\u1ebfn h\u01b0\u01a1ng v\u1ecb m\u1edbi cho b\u1eefa \u0103n gia \u0111\u00ecnh. S\u1ea3n ph\u1ea9m \u0111\u01b0\u1ee3c \u0111\u00f3ng g\u00f3i nh\u1ecf ti\u1ec7n d\u1ee5ng gi\u00fap c\u00e1c b\u00e0 n\u1ed9i tr\u1ee3 ti\u1ebft ki\u1ec7m th\u1eddi gian.<\/p>\n<p><img loading=\"lazy\" decoding=\"async\" class=\"wp-image-22156 aligncenter\" src=\"https:\/\/havamall.vn\/wp-content\/uploads\/2021\/09\/b\u00f2-vi\u00ean-1-198x300.png\" alt=\"\" width=\"672\" height=\"1018\" srcset=\"https:\/\/havamall.vn\/wp-content\/uploads\/2021\/09\/b\u00f2-vi\u00ean-1-198x300.png 198w, https:\/\/havamall.vn\/wp-content\/uploads\/2021\/09\/b\u00f2-vi\u00ean-1-430x651.png 430w, https:\/\/havamall.vn\/wp-content\/uploads\/2021\/09\/b\u00f2-vi\u00ean-1-150x227.png 150w, https:\/\/havamall.vn\/wp-content\/uploads\/2021\/09\/b\u00f2-vi\u00ean-1-700x1059.png 700w, https:\/\/havamall.vn\/wp-content\/uploads\/2021\/09\/b\u00f2-vi\u00ean-1-768x1162.png 768w, https:\/\/havamall.vn\/wp-content\/uploads\/2021\/09\/b\u00f2-vi\u00ean-1-600x908.png 600w, https:\/\/havamall.vn\/wp-content\/uploads\/2021\/09\/b\u00f2-vi\u00ean-1.png 900w\" sizes=\"(max-width: 672px) 100vw, 672px\" \/><\/p>\n<h3><strong>H\u01b0\u1edbng d\u1eabn s\u1eed d\u1ee5ng:<\/strong><\/h3>\n<p>\u2013 B\u1ea1n c\u00f3 th\u1ec3 d\u1ec5 d\u00e0ng ch\u1ebf bi\u1ebfn s\u1ea3n ph\u1ea9m b\u1eb1ng nhi\u1ec1u c\u00e1ch kh\u00e1c nhau nh\u01b0 h\u1ea5p, chi\u00ean ho\u1eb7c n\u01b0\u1edbng,\u2026<\/p>\n<p>\u2013 Ho\u1eb7c d\u00f9ng l\u00e0m nguy\u00ean li\u1ec7u cho c\u00e1c m\u00f3n \u0103n c\u1ee7a gia \u0111\u00ecnh nh\u01b0 c\u01a1m rang, n\u1ea5u chung v\u1edbi m\u00ec, nh\u00fang l\u1ea9u,\u2026<\/p>\n<p>\u2013 Ch\u1ebf bi\u1ebfn b\u00f2 vi\u00ean th\u00e0nh m\u00f3n \u0103n v\u1eb7t an to\u00e0n v\u00e0 ngon mi\u1ec7ng cho con tr\u1ebb.<\/p>\n<p>\u2013 \u0110\u1eb7c bi\u1ec7t, \u0111\u00e2y c\u0169ng l\u00e0\u00a0s\u1ea3n ph\u1ea9m kh\u00f4ng th\u1ec3 thi\u1ebfu trong\u00a0c\u00e1c bu\u1ed5i d\u00e3 ngo\u1ea1i, ti\u1ec7c n\u01b0\u1edbng ngo\u00e0i tr\u1eddi.<\/p>\n<p><img loading=\"lazy\" decoding=\"async\" class=\"wp-image-22157 aligncenter\" src=\"https:\/\/havamall.vn\/wp-content\/uploads\/2021\/09\/b\u00f2-vi\u00ean-4-300x300.png\" alt=\"\" width=\"674\" height=\"674\" srcset=\"https:\/\/havamall.vn\/wp-content\/uploads\/2021\/09\/b\u00f2-vi\u00ean-4-300x300.png 300w, https:\/\/havamall.vn\/wp-content\/uploads\/2021\/09\/b\u00f2-vi\u00ean-4-430x430.png 430w, https:\/\/havamall.vn\/wp-content\/uploads\/2021\/09\/b\u00f2-vi\u00ean-4-150x150.png 150w, https:\/\/havamall.vn\/wp-content\/uploads\/2021\/09\/b\u00f2-vi\u00ean-4-700x700.png 700w, https:\/\/havamall.vn\/wp-content\/uploads\/2021\/09\/b\u00f2-vi\u00ean-4-768x768.png 768w, https:\/\/havamall.vn\/wp-content\/uploads\/2021\/09\/b\u00f2-vi\u00ean-4-1024x1024.png 1024w, https:\/\/havamall.vn\/wp-content\/uploads\/2021\/09\/b\u00f2-vi\u00ean-4.png 1200w, https:\/\/havamall.vn\/wp-content\/uploads\/2021\/09\/b\u00f2-vi\u00ean-4-600x600.png 600w, https:\/\/havamall.vn\/wp-content\/uploads\/2021\/09\/b\u00f2-vi\u00ean-4-100x100.png 100w\" sizes=\"(max-width: 674px) 100vw, 674px\" \/><\/p>","protected":false},"excerpt":{"rendered":"<p>TH\u00d4NG TIN TH\u01af\u01a0NG HI\u1ec6U Le Gourmet l\u00e0 nh\u00e3n hi\u1ec7u thu\u1ed9c\u00a0C\u00f4ng Ty TNHH San Miguel Pure Foods (VN), \u0111\u00e2y l\u00e0 c\u00f4ng<\/p>","protected":false},"featured_media":22192,"comment_status":"open","ping_status":"closed","template":"","meta":[],"product_brand":[],"product_cat":[275,36],"product_tag":[],"class_list":{"0":"post-22151","1":"product","2":"type-product","3":"status-publish","4":"has-post-thumbnail","6":"product_cat-thuc-pham-dong-lanh","7":"product_cat-thuc-pham-tieu-dung","8":"pa_brand-le-gourmet","10":"first","11":"outofstock","12":"sale","13":"shipping-taxable","14":"purchasable","15":"product-type-simple"},"_links":{"self":[{"href":"https:\/\/havamall.vn\/en\/wp-json\/wp\/v2\/product\/22151"}],"collection":[{"href":"https:\/\/havamall.vn\/en\/wp-json\/wp\/v2\/product"}],"about":[{"href":"https:\/\/havamall.vn\/en\/wp-json\/wp\/v2\/types\/product"}],"replies":[{"embeddable":true,"href":"https:\/\/havamall.vn\/en\/wp-json\/wp\/v2\/comments?post=22151"}],"version-history":[{"count":0,"href":"https:\/\/havamall.vn\/en\/wp-json\/wp\/v2\/product\/22151\/revisions"}],"wp:featuredmedia":[{"embeddable":true,"href":"https:\/\/havamall.vn\/en\/wp-json\/wp\/v2\/media\/22192"}],"wp:attachment":[{"href":"https:\/\/havamall.vn\/en\/wp-json\/wp\/v2\/media?parent=22151"}],"wp:term":[{"taxonomy":"product_brand","embeddable":true,"href":"https:\/\/havamall.vn\/en\/wp-json\/wp\/v2\/product_brand?post=22151"},{"taxonomy":"product_cat","embeddable":true,"href":"https:\/\/havamall.vn\/en\/wp-json\/wp\/v2\/product_cat?post=22151"},{"taxonomy":"product_tag","embeddable":true,"href":"https:\/\/havamall.vn\/en\/wp-json\/wp\/v2\/product_tag?post=22151"}],"curies":[{"name":"wp","href":"https:\/\/api.w.org\/{rel}","templated":true}]}}