{"id":22126,"date":"2021-09-17T11:32:11","date_gmt":"2021-09-17T04:32:11","guid":{"rendered":"https:\/\/havamall.vn\/?post_type=product&#038;p=22126"},"modified":"2022-02-21T11:37:07","modified_gmt":"2022-02-21T04:37:07","slug":"xuc-xich-duc-le-gourmet-200g","status":"publish","type":"product","link":"https:\/\/havamall.vn\/en\/shop\/xuc-xich-duc-le-gourmet-200g\/","title":{"rendered":"X\u00fac X\u00edch \u0110\u1ee9c Le Gourmet 200g &#8211; German Sausage"},"content":{"rendered":"<h3><strong>TH\u00d4NG TIN TH\u01af\u01a0NG HI\u1ec6U<\/strong><\/h3>\n<p>Le Gourmet l\u00e0 nh\u00e3n hi\u1ec7u thu\u1ed9c\u00a0C\u00f4ng Ty TNHH San Miguel Pure Foods (VN), \u0111\u00e2y l\u00e0 c\u00f4ng ty con \u0111\u01b0\u01a1\u0323c s\u1edf h\u1eefu ho\u00e0n to\u00e0n b\u1edfi t\u1eadp \u0111o\u00e0n San Miguel Philippine. T\u1eadp \u0111o\u00e0n San Miguel \u0111\u01b0\u1ee3c th\u00e0nh l\u1eb7p v\u00e0o 1890 t\u1ea1i Philippine. Hi\u1ec7n nay l\u00e0 m\u1ed9t trong nh\u1eefng t\u1eadp \u0111o\u00e0n th\u1ef1c ph\u1ea9m, n\u01b0\u1edbc gi\u1ea3i kh\u00e1t v\u00e0 bao b\u00ec l\u1edbn nh\u1ea5t \u0110\u00f4ng Nam \u00c1.<\/p>\n<p>V\u00e0o n\u0103m 2006 nh\u00e3n hi\u1ec7u Le Gourmet v\u00e0 nh\u00e0 m\u00e1y s\u1ea3n xu\u1ea5t th\u1ecbt ch\u1ebf bi\u1ebfn \u0111\u01b0\u1ee3c San Miguel mua l\u1ea1i. K\u1ebft h\u1ee3p k\u1ef9 thu\u1eadt v\u00e0 kinh nghi\u1ec7m c\u1ee7a t\u1eadp \u0111o\u00e0n San Miguel nh\u00e0 m\u00e1y s\u1ea3n xu\u1ea5t th\u1ecbt ch\u1ebf bi\u1ebfn Le Gourmet cung c\u1ea5p ra c\u00e1c d\u00f2ng s\u1ea3n ph\u1ea9m ch\u00e2\u0301t l\u01b0\u01a1\u0323ng \u0111\u00e1p \u1ee9ng c\u1ea3 nhu c\u1ea7u \u1ea9m th\u1ef1c ph\u01b0\u01a1ng T\u00e2y v\u00e0 truy\u1ec1n th\u1ed1ng.<\/p>\n<p><img fetchpriority=\"high\" decoding=\"async\" class=\"wp-image-22109 aligncenter\" src=\"https:\/\/havamall.vn\/wp-content\/uploads\/2021\/09\/LE-GUOTMEAT-300x300.png\" alt=\"\" width=\"674\" height=\"674\" srcset=\"https:\/\/havamall.vn\/wp-content\/uploads\/2021\/09\/LE-GUOTMEAT-300x300.png 300w, https:\/\/havamall.vn\/wp-content\/uploads\/2021\/09\/LE-GUOTMEAT-430x430.png 430w, https:\/\/havamall.vn\/wp-content\/uploads\/2021\/09\/LE-GUOTMEAT-150x150.png 150w, https:\/\/havamall.vn\/wp-content\/uploads\/2021\/09\/LE-GUOTMEAT-700x700.png 700w, https:\/\/havamall.vn\/wp-content\/uploads\/2021\/09\/LE-GUOTMEAT-768x768.png 768w, https:\/\/havamall.vn\/wp-content\/uploads\/2021\/09\/LE-GUOTMEAT-1024x1024.png 1024w, https:\/\/havamall.vn\/wp-content\/uploads\/2021\/09\/LE-GUOTMEAT.png 1200w, https:\/\/havamall.vn\/wp-content\/uploads\/2021\/09\/LE-GUOTMEAT-600x600.png 600w, https:\/\/havamall.vn\/wp-content\/uploads\/2021\/09\/LE-GUOTMEAT-100x100.png 100w\" sizes=\"(max-width: 674px) 100vw, 674px\" \/><\/p>\n<p>Sa\u0309n ph\u00e2\u0309m cu\u0309a Le Gourmet \u0111a\u0303 va\u0300 \u0111ang co\u0301 m\u0103\u0323t r\u00f4\u0323ng kh\u0103\u0301p thi\u0323 tr\u01b0\u01a1\u0300ng ca\u0309 n\u01b0\u01a1\u0301c, t\u01b0\u0300 ca\u0301c h\u00ea\u0323 th\u00f4\u0301ng si\u00eau thi\u0323 l\u01a1\u0301n nh\u01b0 Co.op Mart, Big C, Metro,&#8230; \u0111\u00ea\u0301n ca\u0301c nha\u0300 ha\u0300ng, kha\u0301ch sa\u0323n, \u0111a\u0323i ly\u0301 ph\u00e2n ph\u00f4\u0301i,&#8230;.<\/p>\n<h3><strong>TH\u00d4NG TIN S\u1ea2N PH\u1ea8M<\/strong><\/h3>\n<table>\n<tbody>\n<tr>\n<td>Th\u01b0\u01a1ng hi\u1ec7u<\/td>\n<td>Le Gourmet<\/td>\n<\/tr>\n<tr>\n<td>Xu\u1ea5t x\u1ee9<\/td>\n<td>Vi\u1ec7t Nam<\/td>\n<\/tr>\n<tr>\n<td>Th\u00e0nh ph\u1ea7n<\/td>\n<td>Th\u1ecbt heo (65%), m\u1ee1 heo, mu\u1ed1i, \u0111\u01b0\u1eddng, ti\u00eau, h\u01b0\u01a1ng s\u1ea3 t\u1ef1 nhi\u00ean, h\u01b0\u01a1ng th\u1ecbt t\u1ed5ng h\u1ee3p, b\u1ed9t \u1edbt, &#8230;<\/td>\n<\/tr>\n<tr>\n<td>C\u00e1ch d\u00f9ng<\/td>\n<td>\u0102n li\u1ec1n ho\u1eb7c ch\u1ebf bi\u1ebfn c\u00e1c m\u00f3n \u0103n tu\u1ef3 th\u00edch<\/td>\n<\/tr>\n<tr>\n<td>B\u1ea3o qu\u1ea3n<\/td>\n<td>\u0110\u1ec3 \u1edf nhi\u1ec7t \u0111\u1ed9 0 \u2013 3 \u0111\u1ed9 C b\u1ea3o qu\u1ea3n \u0111\u01b0\u1ee3c 40 ng\u00e0y. \u1ede nhi\u1ec7t \u0111\u1ed9 -12 \u0111\u1ebfn -18 \u0111\u1ed9 C b\u1ea3o qu\u1ea3n \u0111\u01b0\u1ee3c 90 ng\u00e0y.<\/td>\n<\/tr>\n<tr>\n<td>Kh\u1ed1i l\u01b0\u1ee3ng t\u1ecbnh<\/td>\n<td>200<\/td>\n<\/tr>\n<\/tbody>\n<\/table>\n<div><img decoding=\"async\" class=\"wp-image-22127 aligncenter\" src=\"https:\/\/havamall.vn\/wp-content\/uploads\/2021\/09\/X\u00daC-X\u00cdCH-\u0110\u1ee8C-1-300x300.png\" alt=\"\" width=\"664\" height=\"664\" srcset=\"https:\/\/havamall.vn\/wp-content\/uploads\/2021\/09\/X\u00daC-X\u00cdCH-\u0110\u1ee8C-1-300x300.png 300w, https:\/\/havamall.vn\/wp-content\/uploads\/2021\/09\/X\u00daC-X\u00cdCH-\u0110\u1ee8C-1-430x430.png 430w, https:\/\/havamall.vn\/wp-content\/uploads\/2021\/09\/X\u00daC-X\u00cdCH-\u0110\u1ee8C-1-150x150.png 150w, https:\/\/havamall.vn\/wp-content\/uploads\/2021\/09\/X\u00daC-X\u00cdCH-\u0110\u1ee8C-1-700x700.png 700w, https:\/\/havamall.vn\/wp-content\/uploads\/2021\/09\/X\u00daC-X\u00cdCH-\u0110\u1ee8C-1-768x768.png 768w, https:\/\/havamall.vn\/wp-content\/uploads\/2021\/09\/X\u00daC-X\u00cdCH-\u0110\u1ee8C-1-1024x1024.png 1024w, https:\/\/havamall.vn\/wp-content\/uploads\/2021\/09\/X\u00daC-X\u00cdCH-\u0110\u1ee8C-1-600x600.png 600w, https:\/\/havamall.vn\/wp-content\/uploads\/2021\/09\/X\u00daC-X\u00cdCH-\u0110\u1ee8C-1-100x100.png 100w, https:\/\/havamall.vn\/wp-content\/uploads\/2021\/09\/X\u00daC-X\u00cdCH-\u0110\u1ee8C-1.png 1080w\" sizes=\"(max-width: 664px) 100vw, 664px\" \/><\/div>\n<p>X\u00fac x\u00edch Le Gourmet\u00a0s\u1eed d\u1ee5ng ngu\u1ed3n nguy\u00ean li\u1ec7u th\u1ef1c ph\u1ea9m t\u01b0\u01a1i s\u1ea1ch, kh\u00f4ng d\u00f9ng ch\u1ea5t b\u1ea3o qu\u1ea3n hay b\u1ea5t c\u1ee9 th\u00e0nh ph\u1ea7n h\u00f3a ch\u1ea5t t\u1ea1o m\u00f9i.\u00a0Mua\u00a0X\u00fac x\u00edch \u0110\u1ee9c Le Gourmet g\u00f3i 200g\u00a0v\u1edbi c\u00f4ng th\u1ee9c t\u1ea9m \u01b0\u1edbp \u0111\u1eb7c bi\u1ec7t v\u1edbi v\u1ecb \u0110\u1ee9c truy\u1ec1n th\u1ed1ng, l\u00e0 lo\u1ea1i\u00a0x\u00fac x\u00edch\u00a0d\u1ec5 d\u00e0ng ch\u1ebf bi\u1ebfn nh\u01b0 chi\u00ean, n\u01b0\u1edbng&#8230; nhanh ch\u00f3ng.<\/p>\n<p><img decoding=\"async\" class=\"wp-image-22128 aligncenter\" src=\"https:\/\/havamall.vn\/wp-content\/uploads\/2021\/09\/X\u00daC-X\u00cdCH-\u0110\u1ee8C-300x300.png\" alt=\"\" width=\"668\" height=\"668\" srcset=\"https:\/\/havamall.vn\/wp-content\/uploads\/2021\/09\/X\u00daC-X\u00cdCH-\u0110\u1ee8C-300x300.png 300w, https:\/\/havamall.vn\/wp-content\/uploads\/2021\/09\/X\u00daC-X\u00cdCH-\u0110\u1ee8C-430x430.png 430w, https:\/\/havamall.vn\/wp-content\/uploads\/2021\/09\/X\u00daC-X\u00cdCH-\u0110\u1ee8C-150x150.png 150w, https:\/\/havamall.vn\/wp-content\/uploads\/2021\/09\/X\u00daC-X\u00cdCH-\u0110\u1ee8C-700x700.png 700w, https:\/\/havamall.vn\/wp-content\/uploads\/2021\/09\/X\u00daC-X\u00cdCH-\u0110\u1ee8C-768x768.png 768w, https:\/\/havamall.vn\/wp-content\/uploads\/2021\/09\/X\u00daC-X\u00cdCH-\u0110\u1ee8C-1024x1024.png 1024w, https:\/\/havamall.vn\/wp-content\/uploads\/2021\/09\/X\u00daC-X\u00cdCH-\u0110\u1ee8C.png 1200w, https:\/\/havamall.vn\/wp-content\/uploads\/2021\/09\/X\u00daC-X\u00cdCH-\u0110\u1ee8C-600x600.png 600w, https:\/\/havamall.vn\/wp-content\/uploads\/2021\/09\/X\u00daC-X\u00cdCH-\u0110\u1ee8C-100x100.png 100w\" sizes=\"(max-width: 668px) 100vw, 668px\" \/><\/p>\n<p>X\u00fac x\u00edch \u0110\u1ee9c Le Gourmet S\u1ea3n ph\u1ea9m c\u00f3 th\u00e0nh ph\u1ea7n ch\u00ednh l\u00e0 th\u1ecbt, m\u1ee1 heo, gia v\u1ecb\u2026 \u00edt b\u00e9o, d\u1ec5 th\u01b0\u1edfng th\u1ee9c, mang t\u1edbi h\u01b0\u01a1ng v\u1ecb th\u01a1m ngon, b\u1ed5 d\u01b0\u1ee1ng trong b\u1eefa \u0103n c\u1ee7a b\u1ea1n. S\u1ea3n ph\u1ea9m \u0111\u01b0\u1ee3c ch\u1ebf bi\u1ebfn t\u1eeb nh\u1eefng ngu\u1ed3n nguy\u00ean li\u1ec7u \u0111\u1ea1t ti\u00eau chu\u1ea9n cao kh\u00f4ng c\u00f3 h\u00e0n the, \u0111\u1ea3m b\u1ea3o ch\u1ea5t l\u01b0\u1ee3ng v\u1ec7 sinh an to\u00e0n th\u1ef1c ph\u1ea9m. B\u00ean c\u1ea1nh \u0111\u00f3, s\u1ea3n ph\u1ea9m c\u00f2n \u0111\u01b0\u1ee3c b\u1ed5 sung ch\u1ea5t x\u01a1, protein, r\u1ea5t t\u1ed1t cho h\u1ec7 ti\u00eau h\u00f3a.<\/p>\n<p>Sa\u0309n ph\u00e2\u0309m cu\u0309a Le Gourmet kh\u00f4ng s\u01b0\u0309 du\u0323ng ha\u0300n the hay ch\u00e2\u0301t ba\u0309o qua\u0309n va\u0300 \u0111\u01b0\u01a1\u0323c ch\u00ea\u0301 bi\u00ea\u0301n v\u01a1\u0301i c\u00f4ng ngh\u00ea\u0323 hi\u00ea\u0323n \u0111a\u0323i n\u00ean v\u00f4 cu\u0300ng an toa\u0300n cho ng\u01b0\u01a1\u0300i ti\u00eau du\u0300ng.<\/p>\n<p><img loading=\"lazy\" decoding=\"async\" class=\"wp-image-22130 aligncenter\" src=\"https:\/\/havamall.vn\/wp-content\/uploads\/2021\/09\/X\u00daC-X\u00cdCH-\u0110\u1ee8C-3-300x300.png\" alt=\"\" width=\"670\" height=\"670\" srcset=\"https:\/\/havamall.vn\/wp-content\/uploads\/2021\/09\/X\u00daC-X\u00cdCH-\u0110\u1ee8C-3-300x300.png 300w, https:\/\/havamall.vn\/wp-content\/uploads\/2021\/09\/X\u00daC-X\u00cdCH-\u0110\u1ee8C-3-430x430.png 430w, https:\/\/havamall.vn\/wp-content\/uploads\/2021\/09\/X\u00daC-X\u00cdCH-\u0110\u1ee8C-3-150x150.png 150w, https:\/\/havamall.vn\/wp-content\/uploads\/2021\/09\/X\u00daC-X\u00cdCH-\u0110\u1ee8C-3-700x700.png 700w, https:\/\/havamall.vn\/wp-content\/uploads\/2021\/09\/X\u00daC-X\u00cdCH-\u0110\u1ee8C-3-768x768.png 768w, https:\/\/havamall.vn\/wp-content\/uploads\/2021\/09\/X\u00daC-X\u00cdCH-\u0110\u1ee8C-3-1024x1024.png 1024w, https:\/\/havamall.vn\/wp-content\/uploads\/2021\/09\/X\u00daC-X\u00cdCH-\u0110\u1ee8C-3.png 1200w, https:\/\/havamall.vn\/wp-content\/uploads\/2021\/09\/X\u00daC-X\u00cdCH-\u0110\u1ee8C-3-600x600.png 600w, https:\/\/havamall.vn\/wp-content\/uploads\/2021\/09\/X\u00daC-X\u00cdCH-\u0110\u1ee8C-3-100x100.png 100w\" sizes=\"(max-width: 670px) 100vw, 670px\" \/><\/p>\n<p>X\u00fac x\u00edch c\u1ee7a nh\u00e0 Le Gourmet lu\u00f4n \u0111\u01b0\u1ee3c \u0111\u1ea3m b\u1ea3o b\u1edfi kh\u00e2u tuy\u1ec3n ch\u1ecdn nguy\u00ean li\u1ec7u g\u1eaft gao, t\u1eeb ngu\u1ed3n th\u1ecbt heo ch\u1ea5t l\u01b0\u1ee3ng cao \u0111\u1ebfn gia v\u1ecb t\u1ea9m \u01b0\u1edbp ch\u1ecdn l\u1ecdc. Mang h\u01b0\u01a1ng v\u1ecb th\u01a1m ngon, ti\u1ec7n d\u1ee5ng, nhanh ch\u00f3ng, x\u00fac x\u00edch Deli l\u00e0 s\u1ef1 l\u1ef1a ch\u1ecdn h\u00e0ng \u0111\u1ea7u cho c\u00e1c b\u1ea1n n\u1ed9i tr\u1ee3.<\/p>\n<p><img loading=\"lazy\" decoding=\"async\" class=\"wp-image-22131 aligncenter\" src=\"https:\/\/havamall.vn\/wp-content\/uploads\/2021\/09\/xsuc-x\u00edch-\u0111\u1ee9c-5-300x300.png\" alt=\"\" width=\"668\" height=\"668\" srcset=\"https:\/\/havamall.vn\/wp-content\/uploads\/2021\/09\/xsuc-x\u00edch-\u0111\u1ee9c-5-300x300.png 300w, https:\/\/havamall.vn\/wp-content\/uploads\/2021\/09\/xsuc-x\u00edch-\u0111\u1ee9c-5-430x430.png 430w, https:\/\/havamall.vn\/wp-content\/uploads\/2021\/09\/xsuc-x\u00edch-\u0111\u1ee9c-5-150x150.png 150w, https:\/\/havamall.vn\/wp-content\/uploads\/2021\/09\/xsuc-x\u00edch-\u0111\u1ee9c-5-700x700.png 700w, https:\/\/havamall.vn\/wp-content\/uploads\/2021\/09\/xsuc-x\u00edch-\u0111\u1ee9c-5-768x768.png 768w, https:\/\/havamall.vn\/wp-content\/uploads\/2021\/09\/xsuc-x\u00edch-\u0111\u1ee9c-5-1024x1024.png 1024w, https:\/\/havamall.vn\/wp-content\/uploads\/2021\/09\/xsuc-x\u00edch-\u0111\u1ee9c-5.png 1200w, https:\/\/havamall.vn\/wp-content\/uploads\/2021\/09\/xsuc-x\u00edch-\u0111\u1ee9c-5-600x600.png 600w, https:\/\/havamall.vn\/wp-content\/uploads\/2021\/09\/xsuc-x\u00edch-\u0111\u1ee9c-5-100x100.png 100w\" sizes=\"(max-width: 668px) 100vw, 668px\" \/><\/p>\n<p>S\u1ea3n ph\u1ea9m \u0111\u01b0\u1ee3c ch\u1ebf bi\u1ebfn theo kh\u1ea9u v\u1ecb c\u1ee7a ng\u01b0\u1eddi Vi\u1ec7t Nam, th\u1ecbt heo sau khi xay nhuy\u1ec5n \u0111\u01b0\u1ee3c t\u1ea9m \u01b0\u1edbp c\u00e1c gia v\u1ecb truy\u1ec1n th\u1ed1ng c\u00f9ng v\u1edbi m\u1ed9t l\u01b0\u1ee3ng, xa\u0309, ti\u00eau, v\u1eeba \u0111\u1ee7, sau \u0111\u00f3 \u0111\u01b0\u1ee3c nh\u1ed3i v\u00e0o v\u1ecf casing v\u00e0 \u0111em \u0111i n\u1ea5u , \u0111\u1eb7c bi\u1ec7t v\u1ecf casing n\u00e0y \u0111\u01b0\u1ee3c ch\u1ecdn t\u1eeb ru\u1ed9t heo t\u1ef1 nhi\u00ean n\u00ean khi \u0103n c\u00f3 mu\u0300i th\u01a1m \u0111\u0103\u0323c tr\u01b0ng cu\u0309a xa\u0309, v\u1ecb cay nh\u1eb9 v\u00e0 \u0111\u1ed9 gi\u00f2n dai v\u1eeba ph\u1ea3i.<\/p>\n<p><img loading=\"lazy\" decoding=\"async\" class=\"wp-image-22132 aligncenter\" src=\"https:\/\/havamall.vn\/wp-content\/uploads\/2021\/09\/x\u00fac-x\u00edch-\u0111\u1ee9c-6-300x300.png\" alt=\"\" width=\"664\" height=\"664\" srcset=\"https:\/\/havamall.vn\/wp-content\/uploads\/2021\/09\/x\u00fac-x\u00edch-\u0111\u1ee9c-6-300x300.png 300w, https:\/\/havamall.vn\/wp-content\/uploads\/2021\/09\/x\u00fac-x\u00edch-\u0111\u1ee9c-6-430x430.png 430w, https:\/\/havamall.vn\/wp-content\/uploads\/2021\/09\/x\u00fac-x\u00edch-\u0111\u1ee9c-6-150x150.png 150w, https:\/\/havamall.vn\/wp-content\/uploads\/2021\/09\/x\u00fac-x\u00edch-\u0111\u1ee9c-6-700x700.png 700w, https:\/\/havamall.vn\/wp-content\/uploads\/2021\/09\/x\u00fac-x\u00edch-\u0111\u1ee9c-6-768x768.png 768w, https:\/\/havamall.vn\/wp-content\/uploads\/2021\/09\/x\u00fac-x\u00edch-\u0111\u1ee9c-6-600x600.png 600w, https:\/\/havamall.vn\/wp-content\/uploads\/2021\/09\/x\u00fac-x\u00edch-\u0111\u1ee9c-6-100x100.png 100w, https:\/\/havamall.vn\/wp-content\/uploads\/2021\/09\/x\u00fac-x\u00edch-\u0111\u1ee9c-6.png 955w\" sizes=\"(max-width: 664px) 100vw, 664px\" \/><\/p>\n<h3><strong>H\u01b0\u1edbng d\u1eabn s\u1eed d\u1ee5ng:<\/strong><\/h3>\n<p>&#8211; B\u1ea1n c\u00f3 th\u1ec3 d\u1ec5 d\u00e0ng ch\u1ebf bi\u1ebfn s\u1ea3n ph\u1ea9m b\u1eb1ng nhi\u1ec1u c\u00e1ch kh\u00e1c nhau nh\u01b0 h\u1ea5p, chi\u00ean ho\u1eb7c n\u01b0\u1edbng,&#8230;<\/p>\n<p>&#8211; Ho\u1eb7c d\u00f9ng l\u00e0m nguy\u00ean li\u1ec7u cho c\u00e1c m\u00f3n \u0103n c\u1ee7a gia \u0111\u00ecnh nh\u01b0 c\u01a1m rang x\u00fac x\u00edch, x\u00fac x\u00edch b\u00e1ch hoa, nh\u00fang l\u1ea9u,&#8230;<\/p>\n<p>&#8211; Ch\u1ebf bi\u1ebfn x\u00fac x\u00edch th\u00e0nh m\u00f3n \u0103n v\u1eb7t an to\u00e0n v\u00e0 ngon mi\u1ec7ng cho con tr\u1ebb.<\/p>\n<p>&#8211; \u0110\u1eb7c bi\u1ec7t, \u0111\u00e2y c\u0169ng l\u00e0\u00a0s\u1ea3n ph\u1ea9m kh\u00f4ng th\u1ec3 thi\u1ebfu trong\u00a0c\u00e1c bu\u1ed5i d\u00e3 ngo\u1ea1i, ti\u1ec7c n\u01b0\u1edbng ngo\u00e0i tr\u1eddi.<\/p>\n<p>S\u1ea3n ph\u1ea9m hi\u1ec7n \u0111\u00e3 c\u00f3 m\u1eb7t t\u1ea1i Havamall.<\/p>\n<p><img loading=\"lazy\" decoding=\"async\" class=\"wp-image-22133 aligncenter\" src=\"https:\/\/havamall.vn\/wp-content\/uploads\/2021\/09\/x\u00fac-x\u00edch-\u0111\u1ee9c-7-300x300.png\" alt=\"\" width=\"664\" height=\"664\" srcset=\"https:\/\/havamall.vn\/wp-content\/uploads\/2021\/09\/x\u00fac-x\u00edch-\u0111\u1ee9c-7-300x300.png 300w, https:\/\/havamall.vn\/wp-content\/uploads\/2021\/09\/x\u00fac-x\u00edch-\u0111\u1ee9c-7-430x430.png 430w, https:\/\/havamall.vn\/wp-content\/uploads\/2021\/09\/x\u00fac-x\u00edch-\u0111\u1ee9c-7-150x150.png 150w, https:\/\/havamall.vn\/wp-content\/uploads\/2021\/09\/x\u00fac-x\u00edch-\u0111\u1ee9c-7-700x700.png 700w, https:\/\/havamall.vn\/wp-content\/uploads\/2021\/09\/x\u00fac-x\u00edch-\u0111\u1ee9c-7-768x768.png 768w, https:\/\/havamall.vn\/wp-content\/uploads\/2021\/09\/x\u00fac-x\u00edch-\u0111\u1ee9c-7-1024x1024.png 1024w, https:\/\/havamall.vn\/wp-content\/uploads\/2021\/09\/x\u00fac-x\u00edch-\u0111\u1ee9c-7.png 1200w, https:\/\/havamall.vn\/wp-content\/uploads\/2021\/09\/x\u00fac-x\u00edch-\u0111\u1ee9c-7-600x600.png 600w, https:\/\/havamall.vn\/wp-content\/uploads\/2021\/09\/x\u00fac-x\u00edch-\u0111\u1ee9c-7-100x100.png 100w\" sizes=\"(max-width: 664px) 100vw, 664px\" \/><\/p>","protected":false},"excerpt":{"rendered":"<p>TH\u00d4NG TIN TH\u01af\u01a0NG HI\u1ec6U Le Gourmet l\u00e0 nh\u00e3n hi\u1ec7u thu\u1ed9c\u00a0C\u00f4ng Ty TNHH San Miguel Pure Foods (VN), \u0111\u00e2y l\u00e0 c\u00f4ng<\/p>","protected":false},"featured_media":22135,"comment_status":"open","ping_status":"closed","template":"","meta":[],"product_brand":[],"product_cat":[275,36],"product_tag":[],"class_list":{"0":"post-22126","1":"product","2":"type-product","3":"status-publish","4":"has-post-thumbnail","6":"product_cat-thuc-pham-dong-lanh","7":"product_cat-thuc-pham-tieu-dung","8":"pa_brand-le-gourmet","10":"first","11":"outofstock","12":"sale","13":"shipping-taxable","14":"purchasable","15":"product-type-simple"},"_links":{"self":[{"href":"https:\/\/havamall.vn\/en\/wp-json\/wp\/v2\/product\/22126"}],"collection":[{"href":"https:\/\/havamall.vn\/en\/wp-json\/wp\/v2\/product"}],"about":[{"href":"https:\/\/havamall.vn\/en\/wp-json\/wp\/v2\/types\/product"}],"replies":[{"embeddable":true,"href":"https:\/\/havamall.vn\/en\/wp-json\/wp\/v2\/comments?post=22126"}],"version-history":[{"count":0,"href":"https:\/\/havamall.vn\/en\/wp-json\/wp\/v2\/product\/22126\/revisions"}],"wp:featuredmedia":[{"embeddable":true,"href":"https:\/\/havamall.vn\/en\/wp-json\/wp\/v2\/media\/22135"}],"wp:attachment":[{"href":"https:\/\/havamall.vn\/en\/wp-json\/wp\/v2\/media?parent=22126"}],"wp:term":[{"taxonomy":"product_brand","embeddable":true,"href":"https:\/\/havamall.vn\/en\/wp-json\/wp\/v2\/product_brand?post=22126"},{"taxonomy":"product_cat","embeddable":true,"href":"https:\/\/havamall.vn\/en\/wp-json\/wp\/v2\/product_cat?post=22126"},{"taxonomy":"product_tag","embeddable":true,"href":"https:\/\/havamall.vn\/en\/wp-json\/wp\/v2\/product_tag?post=22126"}],"curies":[{"name":"wp","href":"https:\/\/api.w.org\/{rel}","templated":true}]}}