{"id":22091,"date":"2021-09-16T16:56:43","date_gmt":"2021-09-16T09:56:43","guid":{"rendered":"https:\/\/havamall.vn\/?post_type=product&#038;p=22091"},"modified":"2021-12-15T17:17:38","modified_gmt":"2021-12-15T10:17:38","slug":"thit-ba-roi-xong-khoi-le-gourmet-200g-smoked-bacon","status":"publish","type":"product","link":"https:\/\/havamall.vn\/en\/shop\/thit-ba-roi-xong-khoi-le-gourmet-200g-smoked-bacon\/","title":{"rendered":"Th\u1ecbt Ba R\u1ecdi X\u00f4ng Kh\u00f3i Le Gourmet 200g &#8211; Smoked Bacon"},"content":{"rendered":"<h3><strong>TH\u00d4NG TIN S\u1ea2N PH\u1ea8M<\/strong><\/h3>\n<table>\n<tbody>\n<tr>\n<td>Th\u01b0\u01a1ng hi\u1ec7u<\/td>\n<td>Le Gourmet<\/td>\n<\/tr>\n<tr>\n<td>Xu\u1ea5t x\u1ee9<\/td>\n<td>Vi\u1ec7t Nam<\/td>\n<\/tr>\n<tr>\n<td>Th\u00e0nh ph\u1ea7n<\/td>\n<td>Th\u1ecbt ba r\u1ecdi , mu\u1ed1i, \u0111\u01b0\u1eddng, b\u1ed9t \u0111\u1eadu n\u00e0nh, ch\u1ea5t \u0111i\u1ec1u v\u1ecb ,&#8230;<\/td>\n<\/tr>\n<tr>\n<td>C\u00e1ch d\u00f9ng<\/td>\n<td>D\u00f9ng \u0103n tr\u1ef1c ti\u1ebfp sau khi m\u1edf bao b\u00ec. Th\u00e1i l\u00e1t \u0103n ngay ho\u1eb7c ch\u1ebf bi\u1ebfn c\u00e1c m\u00f3n \u0103n theo nhu c\u1ea7u.<\/td>\n<\/tr>\n<tr>\n<td>B\u1ea3o qu\u1ea3n<\/td>\n<td>\u0110\u1ec3 \u1edf nhi\u1ec7t \u0111\u1ed9 0 &#8211; 3 \u0111\u1ed9 C b\u1ea3o qu\u1ea3n \u0111\u01b0\u1ee3c 40 ng\u00e0y. \u1ede nhi\u1ec7t \u0111\u1ed9 -12 \u0111\u1ebfn -18 \u0111\u1ed9 C b\u1ea3o qu\u1ea3n \u0111\u01b0\u1ee3c 90 ng\u00e0y.<\/td>\n<\/tr>\n<tr>\n<td>Kh\u1ed1i l\u01b0\u1ee3ng t\u1ecbnh<\/td>\n<td>200<\/td>\n<\/tr>\n<\/tbody>\n<\/table>\n<p class=\"nameproduct\">Ba R\u1ecdi Xong Kh\u00f3i Xl 200g (LE GOURMET) l\u00e0 m\u1ed9t trong c\u00e1c m\u00f3n \u0111\u1ed3 ngu\u1ed9i \u0111\u01b0\u1ee3c ng\u01b0\u1eddi ti\u00eau d\u00f9ng Vi\u1ec7t Nam y\u00eau th\u00edch b\u1edfi h\u01b0\u01a1ng v\u1ecb \u0111\u1eadm \u0111\u00e0, th\u01a1m ngon. \u0110\u00e2y l\u00e0 th\u1ef1c ph\u1ea9m ti\u1ec7n d\u1ee5ng d\u00e0nh cho nh\u1eefng ng\u01b0\u1eddi kh\u00f4ng c\u00f3 nhi\u1ec1u th\u1eddi gian d\u00e0nh cho vi\u1ec7c n\u1ea5u n\u01b0\u1edbng. Ba R\u1ecdi Xong Kh\u00f3i Xl 200g (LE GOURMET)\u00a0\u0111\u01b0\u1ee3c s\u1ea3n xu\u1ea5t theo c\u00f4ng th\u1ee9c x\u00f4ng\u00a0kh\u00f3i truy\u1ec1n th\u1ed1ng c\u1ee7a Ch\u00e2u \u00c2u, \u0111\u1ea3m b\u1ea3o th\u1eddi gian b\u1ea3o qu\u1ea3n d\u00e0i h\u01a1n v\u00e0 h\u01b0\u01a1ng v\u1ecb th\u01a1m ngon, \u0111\u1eadm \u0111\u00e0 h\u01a1n. S\u1ea3n ph\u1ea9m \u0111\u01b0\u1ee3c l\u00e0m t\u1eeb th\u00e0nh ph\u1ea7n ch\u00ednh l\u00e0 th\u1ecbt heo ba r\u1ecdi v\u1edbi nh\u1eefng th\u1edb th\u1ecbt m\u1ee1 v\u00e0 th\u1ecbt n\u1ea1c xen k\u1ebd, t\u1ea1o n\u00ean h\u01b0\u01a1ng v\u1ecb th\u01a1m ngon v\u00e0 b\u00e9o ng\u1eady khi th\u01b0\u1edfng th\u1ee9c.<\/p>\n<p><img fetchpriority=\"high\" decoding=\"async\" class=\"wp-image-22094 aligncenter\" src=\"https:\/\/havamall.vn\/wp-content\/uploads\/2021\/09\/th\u1ecbt-x\u00f4ng-kh\u00f3i-6-300x300.png\" alt=\"\" width=\"641\" height=\"641\" srcset=\"https:\/\/havamall.vn\/wp-content\/uploads\/2021\/09\/th\u1ecbt-x\u00f4ng-kh\u00f3i-6-300x300.png 300w, https:\/\/havamall.vn\/wp-content\/uploads\/2021\/09\/th\u1ecbt-x\u00f4ng-kh\u00f3i-6-430x430.png 430w, https:\/\/havamall.vn\/wp-content\/uploads\/2021\/09\/th\u1ecbt-x\u00f4ng-kh\u00f3i-6-150x150.png 150w, https:\/\/havamall.vn\/wp-content\/uploads\/2021\/09\/th\u1ecbt-x\u00f4ng-kh\u00f3i-6-700x700.png 700w, https:\/\/havamall.vn\/wp-content\/uploads\/2021\/09\/th\u1ecbt-x\u00f4ng-kh\u00f3i-6-768x768.png 768w, https:\/\/havamall.vn\/wp-content\/uploads\/2021\/09\/th\u1ecbt-x\u00f4ng-kh\u00f3i-6-1024x1024.png 1024w, https:\/\/havamall.vn\/wp-content\/uploads\/2021\/09\/th\u1ecbt-x\u00f4ng-kh\u00f3i-6-1200x1200.png 1200w, https:\/\/havamall.vn\/wp-content\/uploads\/2021\/09\/th\u1ecbt-x\u00f4ng-kh\u00f3i-6-600x600.png 600w, https:\/\/havamall.vn\/wp-content\/uploads\/2021\/09\/th\u1ecbt-x\u00f4ng-kh\u00f3i-6-100x100.png 100w, https:\/\/havamall.vn\/wp-content\/uploads\/2021\/09\/th\u1ecbt-x\u00f4ng-kh\u00f3i-6.png 1800w\" sizes=\"(max-width: 641px) 100vw, 641px\" \/><\/p>\n<div class=\"content\">\n<div class=\"ToggleContent__Wrapper-sc-1hm81e2-1 iRkmen\">\n<div class=\"ToggleContent__View-sc-1hm81e2-0 jiiZx\">Ba R\u1ecdi X\u00f4ng Kh\u00f3i Le Gourmet G\u00f3i 200g \u0111\u01b0\u1ee3c ch\u1ebf bi\u1ebfn t\u1eeb nguy\u00ean li\u1ec7u ch\u00ednh t\u1eeb th\u1ecbt heo ba r\u1ecdi t\u01b0\u01a1i ngon. Th\u1ecbt ba r\u1ecdi v\u1eeba c\u00f3 ph\u1ea7n n\u1ea1c, v\u1eeba c\u00f3 ph\u1ea7n m\u1ee1 khi\u1ebfn b\u1ea1n lu\u00f4n th\u00edch th\u00fa khi th\u01b0\u1edfng th\u1ee9c Ngo\u00e0i ra, s\u1ef1 k\u1ebft h\u1ee3p h\u00e0i h\u00f2a gi\u1eefa c\u00e1c lo\u1ea1i gia v\u1ecb l\u00e0m n\u00ean m\u00f3n th\u1ecbt th\u01a1m ngon, d\u1ec5 d\u00e0ng ch\u1ebf bi\u1ebfn, gi\u00fap phong ph\u00fa th\u1ef1c \u0111\u01a1n b\u1eefa \u0103n gia \u0111\u00ecnh.<\/div>\n<div><img decoding=\"async\" class=\"wp-image-22095 aligncenter\" src=\"https:\/\/havamall.vn\/wp-content\/uploads\/2021\/09\/th\u1ecbt-x\u00f4ng-kh\u00f3i-4-300x200.png\" alt=\"\" width=\"641\" height=\"427\" srcset=\"https:\/\/havamall.vn\/wp-content\/uploads\/2021\/09\/th\u1ecbt-x\u00f4ng-kh\u00f3i-4-300x200.png 300w, https:\/\/havamall.vn\/wp-content\/uploads\/2021\/09\/th\u1ecbt-x\u00f4ng-kh\u00f3i-4-430x287.png 430w, https:\/\/havamall.vn\/wp-content\/uploads\/2021\/09\/th\u1ecbt-x\u00f4ng-kh\u00f3i-4-150x100.png 150w, https:\/\/havamall.vn\/wp-content\/uploads\/2021\/09\/th\u1ecbt-x\u00f4ng-kh\u00f3i-4-700x467.png 700w, https:\/\/havamall.vn\/wp-content\/uploads\/2021\/09\/th\u1ecbt-x\u00f4ng-kh\u00f3i-4-768x512.png 768w, https:\/\/havamall.vn\/wp-content\/uploads\/2021\/09\/th\u1ecbt-x\u00f4ng-kh\u00f3i-4-1024x683.png 1024w, https:\/\/havamall.vn\/wp-content\/uploads\/2021\/09\/th\u1ecbt-x\u00f4ng-kh\u00f3i-4.png 1200w, https:\/\/havamall.vn\/wp-content\/uploads\/2021\/09\/th\u1ecbt-x\u00f4ng-kh\u00f3i-4-600x400.png 600w\" sizes=\"(max-width: 641px) 100vw, 641px\" \/><\/div>\n<div class=\"ToggleContent__View-sc-1hm81e2-0 jiiZx\">\n<p>Ba r\u1ecdi x\u00f4ng kh\u00f3i Le Gourmet l\u00e0 l\u1ef1a ch\u1ecdn h\u00e0ng \u0111\u1ea7u khi kh\u00f4ng c\u00f3 qu\u00e1 nhi\u1ec1u th\u1eddi gian ch\u1ebf bi\u1ebfn cho b\u1eefa \u0103n gia \u0111\u00ecnh \u0111\u01b0\u1ee3c s\u1ea3n xu\u1ea5t theo c\u00f4ng ngh\u1ec7 hi\u1ec7n \u0111\u1ea1i. M\u1ecdi kh\u00e2u t\u1eeb tuy\u1ec3n ch\u1ecdn nguy\u00ean li\u1ec7u t\u1edbi ch\u1ebf bi\u1ebfn, \u0111\u00f3ng g\u00f3i \u0111\u1ec1u di\u1ec5n ra kh\u00e9p k\u00edn d\u01b0\u1edbi s\u1ef1 gi\u00e1m s\u00e1t v\u00e0 ki\u1ec3m tra nghi\u00eam ng\u1eb7t c\u1ee7a c\u00e1c chuy\u00ean gia v\u1ec1 c\u00f4ng ngh\u1ec7 th\u1ef1c ph\u1ea9m. S\u1ea3n ph\u1ea9m kh\u00f4ng ch\u1ee9a h\u00f3a ch\u1ea5t, ch\u1ea5t b\u1ea3o qu\u1ea3n \u0111\u1ed9c h\u1ea1i, \u0111\u1ea3m b\u1ea3o an to\u00e0n cho s\u1ee9c kh\u1ecfe ng\u01b0\u1eddi ti\u00eau d\u00f9ng.<\/p>\n<p><img decoding=\"async\" class=\"wp-image-22096 aligncenter\" src=\"https:\/\/havamall.vn\/wp-content\/uploads\/2021\/09\/th\u1ecbt-x\u00f4ng-kh\u00f3i-2-300x169.png\" alt=\"\" width=\"646\" height=\"364\" srcset=\"https:\/\/havamall.vn\/wp-content\/uploads\/2021\/09\/th\u1ecbt-x\u00f4ng-kh\u00f3i-2-300x169.png 300w, https:\/\/havamall.vn\/wp-content\/uploads\/2021\/09\/th\u1ecbt-x\u00f4ng-kh\u00f3i-2-430x242.png 430w, https:\/\/havamall.vn\/wp-content\/uploads\/2021\/09\/th\u1ecbt-x\u00f4ng-kh\u00f3i-2-150x84.png 150w, https:\/\/havamall.vn\/wp-content\/uploads\/2021\/09\/th\u1ecbt-x\u00f4ng-kh\u00f3i-2-700x394.png 700w, https:\/\/havamall.vn\/wp-content\/uploads\/2021\/09\/th\u1ecbt-x\u00f4ng-kh\u00f3i-2-768x432.png 768w, https:\/\/havamall.vn\/wp-content\/uploads\/2021\/09\/th\u1ecbt-x\u00f4ng-kh\u00f3i-2-1024x576.png 1024w, https:\/\/havamall.vn\/wp-content\/uploads\/2021\/09\/th\u1ecbt-x\u00f4ng-kh\u00f3i-2-1200x675.png 1200w, https:\/\/havamall.vn\/wp-content\/uploads\/2021\/09\/th\u1ecbt-x\u00f4ng-kh\u00f3i-2-600x338.png 600w, https:\/\/havamall.vn\/wp-content\/uploads\/2021\/09\/th\u1ecbt-x\u00f4ng-kh\u00f3i-2.png 1280w\" sizes=\"(max-width: 646px) 100vw, 646px\" \/><\/p>\n<p>Ba r\u1ecdi x\u00f4ng kh\u00f3i Le Gourmet\u00a0\u0111\u01b0\u1ee3c \u0111\u00f3ng g\u00f3i h\u00fat ch\u00e2n kh\u00f4ng ti\u1ec7n d\u1ee5ng, d\u1ec5 d\u00e0ng s\u1eed d\u1ee5ng v\u00e0 b\u1ea3o qu\u1ea3n.<\/p>\n<\/div>\n<\/div>\n<\/div>\n<p>S\u1ea3n ph\u1ea9m r\u1ea5t gi\u00e0u dinh d\u01b0\u1ee1ng v\u00e0 c\u00f3 m\u00e0u s\u1eafc h\u1ea5p d\u1eabn, th\u00edch h\u1ee3p d\u00f9ng \u0111\u1ec3 \u0103n k\u1eb9p v\u1edbi b\u00e1nh m\u00ec, b\u00e1nh sandwich cho b\u1eefa s\u00e1ng ho\u1eb7c k\u1ebft h\u1ee3p v\u1edbi c\u00e1c nguy\u00ean li\u1ec7u kh\u00e1c khi n\u1ea5u c\u00e1c m\u00f3n \u0103n h\u1eb1ng ng\u00e0y, t\u1ea1o n\u00ean s\u1ef1 phong ph\u00fa v\u00e0 \u0111\u1ed9c \u0111\u00e1o h\u01a1n cho c\u00e1c m\u00f3n \u0103n. Ba R\u1ecdi Xong Kh\u00f3i Xl 200g (LE GOURMET)\u00a0g\u00f3p ph\u1ea7n l\u00e0m b\u1eefa \u0103n trong gia \u0111\u00ecnh b\u1ea1n th\u00eam ph\u1ea7n h\u1ea5p d\u1eabn v\u00e0 th\u00fa v\u1ecb.<\/p>\n<p><img loading=\"lazy\" decoding=\"async\" class=\"wp-image-22097 aligncenter\" src=\"https:\/\/havamall.vn\/wp-content\/uploads\/2021\/09\/th\u1ecbt-x\u00f4ng-kh\u00f3i-3-300x154.png\" alt=\"\" width=\"653\" height=\"335\" srcset=\"https:\/\/havamall.vn\/wp-content\/uploads\/2021\/09\/th\u1ecbt-x\u00f4ng-kh\u00f3i-3-300x154.png 300w, https:\/\/havamall.vn\/wp-content\/uploads\/2021\/09\/th\u1ecbt-x\u00f4ng-kh\u00f3i-3-430x220.png 430w, https:\/\/havamall.vn\/wp-content\/uploads\/2021\/09\/th\u1ecbt-x\u00f4ng-kh\u00f3i-3-150x77.png 150w, https:\/\/havamall.vn\/wp-content\/uploads\/2021\/09\/th\u1ecbt-x\u00f4ng-kh\u00f3i-3-700x359.png 700w, https:\/\/havamall.vn\/wp-content\/uploads\/2021\/09\/th\u1ecbt-x\u00f4ng-kh\u00f3i-3-768x394.png 768w, https:\/\/havamall.vn\/wp-content\/uploads\/2021\/09\/th\u1ecbt-x\u00f4ng-kh\u00f3i-3-1024x525.png 1024w, https:\/\/havamall.vn\/wp-content\/uploads\/2021\/09\/th\u1ecbt-x\u00f4ng-kh\u00f3i-3.png 1200w, https:\/\/havamall.vn\/wp-content\/uploads\/2021\/09\/th\u1ecbt-x\u00f4ng-kh\u00f3i-3-600x308.png 600w\" sizes=\"(max-width: 653px) 100vw, 653px\" \/><\/p>\n<h3><strong>H\u01b0\u1edbng d\u1eabn s\u1eed d\u1ee5ng:<\/strong><\/h3>\n<p>&#8211; Th\u1ecbt ba r\u1ecdi x\u00f4ng kh\u00f3i \u0111\u01b0\u1ee3c c\u1eaft l\u00e1t v\u00e0 \u0111\u00f3ng g\u00f3i r\u1ea5t ti\u1ec7n l\u1ee3i, mua v\u1ec1 b\u1ea1n c\u00f3 th\u1ec3 \u00e1p ch\u1ea3o, n\u01b0\u1edbng \u0103n k\u00e8m b\u00e1nh m\u00ec.<\/p>\n<p>&#8211; N\u1ebfu b\u1ea1n mu\u1ed1n \u0111\u1eadm \u0111\u00e0, c\u1ea7u k\u1ef3 h\u01a1n th\u00ec c\u00f3 th\u1ec3 k\u1ebft h\u1ee3p v\u1edbi r\u1ea5t nhi\u1ec1u th\u1ef1c ph\u1ea9m kh\u00e1c nh\u01b0: ba r\u1ecdi cu\u1ed9n rau chi\u00ean v\u00e0ng, ba r\u1ecdi cu\u1ed9n t\u00f4m n\u01b0\u1edbng, ba r\u1ecdi cu\u1ed9n ph\u00f4 mai\u2026<\/p>\n<p><img loading=\"lazy\" decoding=\"async\" class=\"wp-image-22098 aligncenter\" src=\"https:\/\/havamall.vn\/wp-content\/uploads\/2021\/09\/th\u1ecbt-x\u00f4ng-kh\u00f3i-8-300x300.png\" alt=\"\" width=\"649\" height=\"649\" srcset=\"https:\/\/havamall.vn\/wp-content\/uploads\/2021\/09\/th\u1ecbt-x\u00f4ng-kh\u00f3i-8-300x300.png 300w, https:\/\/havamall.vn\/wp-content\/uploads\/2021\/09\/th\u1ecbt-x\u00f4ng-kh\u00f3i-8-430x430.png 430w, https:\/\/havamall.vn\/wp-content\/uploads\/2021\/09\/th\u1ecbt-x\u00f4ng-kh\u00f3i-8-150x150.png 150w, https:\/\/havamall.vn\/wp-content\/uploads\/2021\/09\/th\u1ecbt-x\u00f4ng-kh\u00f3i-8-700x700.png 700w, https:\/\/havamall.vn\/wp-content\/uploads\/2021\/09\/th\u1ecbt-x\u00f4ng-kh\u00f3i-8-768x768.png 768w, https:\/\/havamall.vn\/wp-content\/uploads\/2021\/09\/th\u1ecbt-x\u00f4ng-kh\u00f3i-8-1024x1024.png 1024w, https:\/\/havamall.vn\/wp-content\/uploads\/2021\/09\/th\u1ecbt-x\u00f4ng-kh\u00f3i-8-600x600.png 600w, https:\/\/havamall.vn\/wp-content\/uploads\/2021\/09\/th\u1ecbt-x\u00f4ng-kh\u00f3i-8-100x100.png 100w, https:\/\/havamall.vn\/wp-content\/uploads\/2021\/09\/th\u1ecbt-x\u00f4ng-kh\u00f3i-8.png 1076w\" sizes=\"(max-width: 649px) 100vw, 649px\" \/><\/p>\n<h3><strong>L\u01b0u \u00fd: <\/strong><\/h3>\n<p>&gt; Khi ch\u1ebf bi\u1ebfn th\u1ecbt ba r\u1ecdi x\u00f4ng kh\u00f3i c\u1eaft l\u00e1t r\u1ea5t d\u1ec5 b\u1ecb ch\u00e1y khi chi\u00ean ho\u1eb7c n\u01b0\u1edbng, n\u00ean \u0111\u1ec3 l\u1eeda nh\u1ecf<\/p>\n<p>&gt; Cho ba r\u1ecdi v\u00e0o t\u1eeb l\u00fac ch\u1ea3o c\u00f2n ch\u01b0a n\u00f3ng, v\u00e0 l\u1eadt li\u00ean t\u1ee5c, ch\u1ec9 c\u1ea7n th\u1ea5y ba r\u1ecdi chuy\u1ec3n m\u00e0u l\u00e0 c\u00f3 th\u1ec3 s\u1eed d\u1ee5ng \u0111\u01b0\u1ee3c tr\u00e1nh t\u00ecnh tr\u1ea1ng chi\u00ean (n\u01b0\u1edbng) l\u00e2u s\u1ebd l\u00e0m mi\u1ebfng th\u1ecbt x\u00f4ng kh\u00f3i b\u1ecb kh\u00f4.<\/p>\n<p>S\u1ea3n ph\u1ea9m hi\u1ec7n \u0111\u00e3 c\u00f3 m\u1eb7t t\u1ea1i Havamall.<\/p>\n<p><img loading=\"lazy\" decoding=\"async\" class=\"wp-image-22099 aligncenter\" src=\"https:\/\/havamall.vn\/wp-content\/uploads\/2021\/09\/th\u1ecbt-x\u00f4ng-kh\u00f3i-5-300x300.png\" alt=\"\" width=\"643\" height=\"643\" srcset=\"https:\/\/havamall.vn\/wp-content\/uploads\/2021\/09\/th\u1ecbt-x\u00f4ng-kh\u00f3i-5-300x300.png 300w, https:\/\/havamall.vn\/wp-content\/uploads\/2021\/09\/th\u1ecbt-x\u00f4ng-kh\u00f3i-5-430x430.png 430w, https:\/\/havamall.vn\/wp-content\/uploads\/2021\/09\/th\u1ecbt-x\u00f4ng-kh\u00f3i-5-150x150.png 150w, https:\/\/havamall.vn\/wp-content\/uploads\/2021\/09\/th\u1ecbt-x\u00f4ng-kh\u00f3i-5-700x700.png 700w, https:\/\/havamall.vn\/wp-content\/uploads\/2021\/09\/th\u1ecbt-x\u00f4ng-kh\u00f3i-5-768x768.png 768w, https:\/\/havamall.vn\/wp-content\/uploads\/2021\/09\/th\u1ecbt-x\u00f4ng-kh\u00f3i-5-1024x1024.png 1024w, https:\/\/havamall.vn\/wp-content\/uploads\/2021\/09\/th\u1ecbt-x\u00f4ng-kh\u00f3i-5.png 1200w, https:\/\/havamall.vn\/wp-content\/uploads\/2021\/09\/th\u1ecbt-x\u00f4ng-kh\u00f3i-5-600x600.png 600w, https:\/\/havamall.vn\/wp-content\/uploads\/2021\/09\/th\u1ecbt-x\u00f4ng-kh\u00f3i-5-100x100.png 100w\" sizes=\"(max-width: 643px) 100vw, 643px\" \/><\/p>","protected":false},"excerpt":{"rendered":"<p>TH\u00d4NG TIN S\u1ea2N PH\u1ea8M Th\u01b0\u01a1ng hi\u1ec7u Le Gourmet Xu\u1ea5t x\u1ee9 Vi\u1ec7t Nam Th\u00e0nh ph\u1ea7n Th\u1ecbt ba r\u1ecdi , mu\u1ed1i, \u0111\u01b0\u1eddng,<\/p>","protected":false},"featured_media":22107,"comment_status":"open","ping_status":"closed","template":"","meta":[],"product_brand":[],"product_cat":[275,36],"product_tag":[],"class_list":{"0":"post-22091","1":"product","2":"type-product","3":"status-publish","4":"has-post-thumbnail","6":"product_cat-thuc-pham-dong-lanh","7":"product_cat-thuc-pham-tieu-dung","8":"pa_brand-le-gourmet","10":"first","11":"outofstock","12":"sale","13":"shipping-taxable","14":"purchasable","15":"product-type-simple"},"_links":{"self":[{"href":"https:\/\/havamall.vn\/en\/wp-json\/wp\/v2\/product\/22091"}],"collection":[{"href":"https:\/\/havamall.vn\/en\/wp-json\/wp\/v2\/product"}],"about":[{"href":"https:\/\/havamall.vn\/en\/wp-json\/wp\/v2\/types\/product"}],"replies":[{"embeddable":true,"href":"https:\/\/havamall.vn\/en\/wp-json\/wp\/v2\/comments?post=22091"}],"version-history":[{"count":0,"href":"https:\/\/havamall.vn\/en\/wp-json\/wp\/v2\/product\/22091\/revisions"}],"wp:featuredmedia":[{"embeddable":true,"href":"https:\/\/havamall.vn\/en\/wp-json\/wp\/v2\/media\/22107"}],"wp:attachment":[{"href":"https:\/\/havamall.vn\/en\/wp-json\/wp\/v2\/media?parent=22091"}],"wp:term":[{"taxonomy":"product_brand","embeddable":true,"href":"https:\/\/havamall.vn\/en\/wp-json\/wp\/v2\/product_brand?post=22091"},{"taxonomy":"product_cat","embeddable":true,"href":"https:\/\/havamall.vn\/en\/wp-json\/wp\/v2\/product_cat?post=22091"},{"taxonomy":"product_tag","embeddable":true,"href":"https:\/\/havamall.vn\/en\/wp-json\/wp\/v2\/product_tag?post=22091"}],"curies":[{"name":"wp","href":"https:\/\/api.w.org\/{rel}","templated":true}]}}