{"id":22046,"date":"2021-09-15T17:43:23","date_gmt":"2021-09-15T10:43:23","guid":{"rendered":"https:\/\/havamall.vn\/?post_type=product&#038;p=22046"},"modified":"2025-03-20T10:36:07","modified_gmt":"2025-03-20T03:36:07","slug":"thach-tran-chau-3q-ami-jelly-2kg","status":"publish","type":"product","link":"https:\/\/havamall.vn\/en\/shop\/thach-tran-chau-3q-ami-jelly-2kg\/","title":{"rendered":"Th\u1ea1ch Tr\u00e2n Ch\u00e2u 3Q Ami Jelly 2kg"},"content":{"rendered":"<p>Sau th\u1eddi gian d\u00e0i nghi\u00ean c\u1ee9u v\u00e0 kh\u1ea3o s\u00e1t th\u1ecb tr\u01b0\u1eddng, Th\u1ef1c Ph\u1ea9m Plaza \u0111\u00e3 cho ra si\u00eau ph\u1ea9m Tr\u00e2n ch\u00e2u 3Q Ami \u0111\u00e1p \u1ee9ng \u0111\u01b0\u1ee3c m\u1ecdi y\u00eau c\u1ea7u c\u1ee7a kh\u00e1ch h\u00e0ng. V\u1edbi ch\u1ea5t l\u01b0\u1ee3ng c\u1ea3i ti\u1ebfn v\u01b0\u1ee3t tr\u1ed9i so v\u1edbi c\u00e1c s\u1ea3n ph\u1ea9m t\u01b0\u01a1ng \u0111\u01b0\u01a1ng tr\u00ean th\u1ecb tr\u01b0\u1eddng.<\/p>\n<p><img fetchpriority=\"high\" decoding=\"async\" class=\"wp-image-22048 aligncenter\" src=\"https:\/\/havamall.vn\/wp-content\/uploads\/2025\/03\/9672572-300x199.png\" alt=\"\" width=\"614\" height=\"408\" \/><\/p>\n<p>V\u1edbi nh\u1eefng h\u1ea1t tr\u00e2n ch\u00e2u trong su\u1ed1t nh\u01b0 nh\u1eefng gi\u1ecdt n\u01b0\u1edbc, n\u1ebfu m\u1edbi\u00a0nh\u00ecn l\u1ea7n \u0111\u1ea7u ti\u00ean s\u1ebd th\u1ea5y r\u1ea5t l\u1ea1 m\u1eaft.\u00a0Khi \u0103n\u00a0ngo\u00e0i c\u1ea3m gi\u00e1c\u00a0v\u1eeba dai dai, ng\u1eady ng\u1eady nh\u01b0 nh\u1eefng h\u1ea1t tr\u00e2n ch\u00e2u \u0111en th\u00f4ng th\u01b0\u1eddng, kh\u00e1ch h\u00e0ng\u00a0s\u1ebd c\u00f3 th\u00eam c\u1ea3m nh\u1eadn \u0111\u1ed9 gi\u00f2n\u00a0do b\u1ed9t rau c\u00e2u mang l\u1ea1i.<\/p>\n<p><img decoding=\"async\" class=\"wp-image-22049 aligncenter\" src=\"https:\/\/havamall.vn\/wp-content\/uploads\/2025\/03\/Bossen_recipe_-300x300.png\" alt=\"\" width=\"612\" height=\"612\" \/><\/p>\n<p>\u0110\u1eb7c bi\u1ec7t h\u1ea1t tr\u00e2n ch\u00e2u v\u1edbi nh\u1eefng th\u00e0nh ph\u1ea7n h\u1ebft s\u1ee9c\u00a0quen thu\u1ed9c v\u00e0\u00a0an to\u00e0n v\u1edbi ng\u01b0\u1eddi ti\u00eau d\u00f9ng: n\u01b0\u1edbc, b\u1ed9t rau c\u00e2u, \u0111\u01b0\u1eddng,.. n\u00ean b\u1ea1n ho\u00e0n to\u00e0n c\u00f3 th\u1ec3 y\u00ean t\u00e2m khi s\u1eed d\u1ee5ng n\u00f3.<\/p>\n<p>Tr\u00e2n ch\u00e2u 3Q Ami l\u00e0 d\u00f2ng topping r\u1ea5t ngon d\u00e0nh cho c\u00e1c qu\u00e1n tr\u00e0 s\u1eefa. Khi \u0103n v\u1ecb gi\u00f2n d\u00e0i, d\u00f9ng \u0111\u1ec3 thay th\u1ebf cho tr\u00e2n ch\u00e2u \u0111en \u0111\u00e3 qu\u00e1 quen thu\u1ed9c. Th\u1ea1ch Tr\u00e2n ch\u00e2u 3Q \u00a0\u0111\u01b0\u1ee3c d\u00f9ng trong c\u00e1c m\u00f3n tr\u00e0 s\u1eefa, tr\u00e0 \u0111\u00e0o,&#8230;<\/p>\n<p><img decoding=\"async\" class=\"wp-image-22050 aligncenter\" src=\"https:\/\/havamall.vn\/wp-content\/uploads\/2025\/03\/tran-chau-300x300.png\" alt=\"\" width=\"616\" height=\"616\" \/><\/p>\n<p>\u0110\u01b0\u1ee3c s\u1ea3n xu\u1ea5t b\u1edfi c\u00f4ng ngh\u1ec7 ti\u00ean ti\u1ebfn nh\u1ea5t Vi\u1ec7t Nam gi\u00fap h\u1ea1t tr\u00e2n ch\u00e2u gi\u00f2n, dai nh\u01b0ng kh\u00f4ng b\u1ecb c\u1ee9ng<br \/>\nT\u1ec9 l\u1ec7 h\u1ea1t v\u00e0 n\u01b0\u1edbc v\u01b0\u1ee3t tr\u1ed9i so v\u1edbi c\u00e1c s\u1ea3n ph\u1ea9m kh\u00e1c. C\u00f4ng th\u1ee9c n\u01b0\u1edbc \u0111\u01b0\u1eddng h\u00e0ng \u0111\u1ea7u \u0110\u00e0i Loan gi\u00fap tr\u00e2n ch\u00e2u kh\u00f4ng b\u1ecb ng\u1ecdt g\u1eaft, c\u00f3 h\u01b0\u01a1ng th\u01a1m \u0111\u1eb7c bi\u1ec7t v\u00e0 th\u1eddi gian b\u1ea3o qu\u1ea3n l\u00e2u h\u01a1n.<\/p>\n<p><img loading=\"lazy\" decoding=\"async\" class=\"wp-image-22051 aligncenter\" src=\"https:\/\/havamall.vn\/wp-content\/uploads\/2025\/03\/tran-chau-1-300x200.png\" alt=\"\" width=\"618\" height=\"412\" \/><\/p>\n<h3><strong>\u0110\u1eb7c \u0111i\u1ec3m n\u1ed5i b\u1eadt c\u1ee7a s\u1ea3n ph\u1ea9m:<\/strong><\/h3>\n<p>&#8211; \u0110\u01b0\u1ee3c s\u1ea3n xu\u1ea5t b\u1edfi c\u00f4ng ngh\u1ec7 ti\u00ean ti\u1ebfn nh\u1ea5t Vi\u1ec7t Nam gi\u00fap h\u1ea1t tr\u00e2n ch\u00e2u gi\u00f2n, dai nh\u01b0ng kh\u00f4ng b\u1ecb c\u1ee9ng<\/p>\n<p>&#8211; T\u1ec9 l\u1ec7 h\u1ea1t v\u00e0 n\u01b0\u1edbc v\u01b0\u1ee3t tr\u1ed9i so v\u1edbi c\u00e1c s\u1ea3n ph\u1ea9m kh\u00e1c<\/p>\n<p>&#8211; Size h\u1ea1t nh\u1ecf h\u01a1n gi\u00fap l\u01b0\u1ee3ng h\u1ea1t tr\u00e2n ch\u00e2u nhi\u1ec1u h\u01a1n c\u00e1c s\u1ea3n ph\u1ea9m kh\u00e1c c\u00f9ng tr\u1ecdng l\u01b0\u1ee3ng, d\u1ec5 d\u00e0ng h\u00fat v\u00e0 kh\u00f4ng lo b\u1ecb t\u1eafc trong qu\u00e1 tr\u00ecnh s\u1eed d\u1ee5ng<\/p>\n<p>&#8211; C\u00f4ng th\u1ee9c n\u01b0\u1edbc \u0111\u01b0\u1eddng h\u00e0ng \u0111\u1ea7u \u0110\u00e0i Loan gi\u00fap tr\u00e2n ch\u00e2u kh\u00f4ng b\u1ecb ng\u1ecdt g\u1eaft, c\u00f3 h\u01b0\u01a1ng th\u01a1m \u0111\u1eb7c bi\u1ec7t v\u00e0 th\u1eddi gian b\u1ea3o qu\u1ea3n l\u00e2u h\u01a1n<\/p>\n<p>S\u1ea3m ph\u1ea9m hi\u1ec7n \u0111\u00e3 c\u00f3 m\u1eb7t t\u1ea1i Havamall.<\/p>","protected":false},"excerpt":{"rendered":"<p>Sau th\u1eddi gian d\u00e0i nghi\u00ean c\u1ee9u v\u00e0 kh\u1ea3o s\u00e1t th\u1ecb tr\u01b0\u1eddng, Th\u1ef1c Ph\u1ea9m Plaza \u0111\u00e3 cho ra si\u00eau ph\u1ea9m Tr\u00e2n<\/p>","protected":false},"featured_media":22052,"comment_status":"open","ping_status":"closed","template":"","meta":[],"product_brand":[],"product_cat":[677,36],"product_tag":[],"class_list":{"0":"post-22046","1":"product","2":"type-product","3":"status-publish","4":"has-post-thumbnail","6":"product_cat-cac-nuoc-khac","7":"product_cat-thuc-pham-tieu-dung","9":"first","10":"instock","11":"sale","12":"shipping-taxable","13":"purchasable","14":"product-type-simple"},"_links":{"self":[{"href":"https:\/\/havamall.vn\/en\/wp-json\/wp\/v2\/product\/22046"}],"collection":[{"href":"https:\/\/havamall.vn\/en\/wp-json\/wp\/v2\/product"}],"about":[{"href":"https:\/\/havamall.vn\/en\/wp-json\/wp\/v2\/types\/product"}],"replies":[{"embeddable":true,"href":"https:\/\/havamall.vn\/en\/wp-json\/wp\/v2\/comments?post=22046"}],"version-history":[{"count":0,"href":"https:\/\/havamall.vn\/en\/wp-json\/wp\/v2\/product\/22046\/revisions"}],"wp:featuredmedia":[{"embeddable":true,"href":"https:\/\/havamall.vn\/en\/wp-json\/wp\/v2\/media\/22052"}],"wp:attachment":[{"href":"https:\/\/havamall.vn\/en\/wp-json\/wp\/v2\/media?parent=22046"}],"wp:term":[{"taxonomy":"product_brand","embeddable":true,"href":"https:\/\/havamall.vn\/en\/wp-json\/wp\/v2\/product_brand?post=22046"},{"taxonomy":"product_cat","embeddable":true,"href":"https:\/\/havamall.vn\/en\/wp-json\/wp\/v2\/product_cat?post=22046"},{"taxonomy":"product_tag","embeddable":true,"href":"https:\/\/havamall.vn\/en\/wp-json\/wp\/v2\/product_tag?post=22046"}],"curies":[{"name":"wp","href":"https:\/\/api.w.org\/{rel}","templated":true}]}}