{"id":22034,"date":"2021-09-15T16:40:34","date_gmt":"2021-09-15T09:40:34","guid":{"rendered":"https:\/\/havamall.vn\/?post_type=product&#038;p=22034"},"modified":"2022-04-07T16:29:52","modified_gmt":"2022-04-07T09:29:52","slug":"nuoc-dua-xiem-vico-fresh-330ml","status":"publish","type":"product","link":"https:\/\/havamall.vn\/en\/shop\/nuoc-dua-xiem-vico-fresh-330ml\/","title":{"rendered":"N\u01b0\u1edbc D\u1eeba Xi\u00eam Vico Fresh 330ml"},"content":{"rendered":"<p>N\u01b0\u1edbc d\u1eeba Xi\u00eam Vico Fresh l\u00e0 100% n\u01b0\u1edbc d\u1eeba t\u1ef1 nhi\u00ean nguy\u00ean ch\u1ea5t\u00a0v\u1edbi ngu\u1ed3n nguy\u00ean li\u1ec7u t\u1ea1i &#8220;v\u01b0\u01a1ng qu\u1ed1c d\u1eeba&#8221; B\u1ebfn Tre c\u1ee7a Vi\u1ec7t Nam, s\u1ebd \u0111em \u0111\u1ebfn cho b\u1ea1n c\u1ea3m gi\u00e1c thanh m\u00e1t khi th\u01b0\u1edfng th\u1ee9c.<\/p>\n<p>T\u1ea1i x\u1ee9 B\u1ebfn Tre, t\u1eebng c\u00e2y d\u1eeba \u0111\u01b0\u1ee3c h\u1ea5p th\u1ee5 d\u00f2ng n\u01b0\u1edbc \u0111\u1eabm ph\u00f9 sa t\u1eeb d\u00f2ng s\u00f4ng Mekong, qua b\u00e0n tay n\u00f4ng d\u00e2n ch\u0103m s\u00f3c k\u0129 \u0111\u1ec3 cho ra tr\u00e1i tr\u0129u ng\u1ecdt.<\/p>\n<p><img fetchpriority=\"high\" decoding=\"async\" class=\"wp-image-22036 aligncenter\" src=\"https:\/\/havamall.vn\/wp-content\/uploads\/2021\/09\/n\u01b0\u1edbc-d\u1eeba-2-300x300.png\" alt=\"\" width=\"595\" height=\"595\" srcset=\"https:\/\/havamall.vn\/wp-content\/uploads\/2021\/09\/n\u01b0\u1edbc-d\u1eeba-2-300x300.png 300w, https:\/\/havamall.vn\/wp-content\/uploads\/2021\/09\/n\u01b0\u1edbc-d\u1eeba-2-430x430.png 430w, https:\/\/havamall.vn\/wp-content\/uploads\/2021\/09\/n\u01b0\u1edbc-d\u1eeba-2-150x150.png 150w, https:\/\/havamall.vn\/wp-content\/uploads\/2021\/09\/n\u01b0\u1edbc-d\u1eeba-2-700x700.png 700w, https:\/\/havamall.vn\/wp-content\/uploads\/2021\/09\/n\u01b0\u1edbc-d\u1eeba-2-768x768.png 768w, https:\/\/havamall.vn\/wp-content\/uploads\/2021\/09\/n\u01b0\u1edbc-d\u1eeba-2-1024x1024.png 1024w, https:\/\/havamall.vn\/wp-content\/uploads\/2021\/09\/n\u01b0\u1edbc-d\u1eeba-2.png 1200w, https:\/\/havamall.vn\/wp-content\/uploads\/2021\/09\/n\u01b0\u1edbc-d\u1eeba-2-600x600.png 600w, https:\/\/havamall.vn\/wp-content\/uploads\/2021\/09\/n\u01b0\u1edbc-d\u1eeba-2-100x100.png 100w\" sizes=\"(max-width: 595px) 100vw, 595px\" \/><\/p>\n<p>Tr\u00e1i d\u1eeba v\u1edbi l\u1edbp v\u1ecf h\u1ea1ch x\u01a1 c\u1ee9ng ch\u1ee9a \u0111\u1ef1ng b\u00ean trong ngu\u1ed3n n\u01b0\u1edbc t\u01b0\u01a1i thanh, thu\u1ea7n khi\u1ebft. Khi n\u1ebfm th\u1eed b\u1ea1n s\u1ebd c\u1ea3m nh\u1eadn \u0111\u01b0\u1ee3c v\u1ecb tinh t\u00fay h\u00f2a quy\u1ec7n t\u1eeb b\u00e0n tay c\u1ee7a t\u1ea1o h\u00f3a v\u00e0 con ng\u01b0\u1eddi.<\/p>\n<p>N\u01b0\u1edbc d\u1eeba Vico Fresh c\u00f3 c\u00f4ng ngh\u1ec7 v\u00f4 tr\u00f9ng UHT hi\u1ec7n \u0111\u1ea1i, cung c\u1ea5p c\u00e1c kho\u00e1ng ch\u1ea5t thi\u1ebft y\u1ebfu \u0111\u1ec3 c\u00e2n b\u1eb1ng \u0111i\u1ec7n gi\u1ea3i, t\u0103ng c\u01b0\u1eddng ho\u1ea1t \u0111\u1ed9ng c\u1ee7a h\u1ec7 mi\u1ec5n d\u1ecbch.<\/p>\n<p><img decoding=\"async\" class=\"wp-image-22042 aligncenter\" src=\"https:\/\/havamall.vn\/wp-content\/uploads\/2021\/09\/n\u01b0\u01a1c-d\u1eeba-1-1-300x300.png\" alt=\"\" width=\"601\" height=\"601\" srcset=\"https:\/\/havamall.vn\/wp-content\/uploads\/2021\/09\/n\u01b0\u01a1c-d\u1eeba-1-1-300x300.png 300w, https:\/\/havamall.vn\/wp-content\/uploads\/2021\/09\/n\u01b0\u01a1c-d\u1eeba-1-1-430x430.png 430w, https:\/\/havamall.vn\/wp-content\/uploads\/2021\/09\/n\u01b0\u01a1c-d\u1eeba-1-1-150x150.png 150w, https:\/\/havamall.vn\/wp-content\/uploads\/2021\/09\/n\u01b0\u01a1c-d\u1eeba-1-1-700x700.png 700w, https:\/\/havamall.vn\/wp-content\/uploads\/2021\/09\/n\u01b0\u01a1c-d\u1eeba-1-1-768x768.png 768w, https:\/\/havamall.vn\/wp-content\/uploads\/2021\/09\/n\u01b0\u01a1c-d\u1eeba-1-1-1024x1024.png 1024w, https:\/\/havamall.vn\/wp-content\/uploads\/2021\/09\/n\u01b0\u01a1c-d\u1eeba-1-1.png 1200w, https:\/\/havamall.vn\/wp-content\/uploads\/2021\/09\/n\u01b0\u01a1c-d\u1eeba-1-1-600x600.png 600w, https:\/\/havamall.vn\/wp-content\/uploads\/2021\/09\/n\u01b0\u01a1c-d\u1eeba-1-1-100x100.png 100w\" sizes=\"(max-width: 601px) 100vw, 601px\" \/><\/p>\n<p>B\u00ean c\u1ea1nh \u0111\u00f3, ch\u1ea5t monolaurin c\u00f3 trong n\u01b0\u1edbc d\u1eeba c\u00f3 th\u1ec3 gi\u00fap c\u01a1 th\u1ec3 ch\u1ed1ng l\u1ea1i m\u1ed9t s\u1ed1 lo\u1ea1i virus v\u00e0 c\u00e1c lo\u1ea1i n\u1ea5m mang m\u1ea7m b\u1ec7nh.<\/p>\n<p>T\u01b0\u0300ng ngu\u0323m n\u01b0\u01a1\u0301c d\u01b0\u0300a t\u01b0\u01a1i ma\u0301t c\u00f9ng h\u01b0\u01a1ng vi\u0323 ngo\u0323t di\u0323u t\u01b0\u0323 nhi\u00ean, D\u1eeba Xi\u00eam Xanh s\u1ebd \u0111em \u0111\u00ea\u0301n cho ba\u0323n ca\u0309m gia\u0301c tuy\u00ea\u0323t v\u01a1\u0300i nh\u01b0 \u0111ang th\u01b0\u01a1\u0309ng th\u01b0\u0301c qu\u1ea3 d\u01b0\u0300a t\u01b0\u01a1i v\u01b0\u0300a \u0111\u01b0\u01a1\u0323c ha\u0301i t\u01b0\u0300 tr\u00ean c\u00e2y. S\u1ea3n ph\u1ea9m \u0111\u01b0\u1ee3c l\u00e0m t\u1eeb 100% n\u01b0\u1edbc d\u1eeba nguy\u00ean ch\u00e2\u0301t t\u1ea1i &#8220;Thu\u0309 phu\u0309 d\u01b0\u0300a&#8221; B\u00ea\u0301n Tre, b\u00f9 n\u01b0\u1edbc v\u00e0 c\u00e1c kho\u00e1ng ch\u1ea5t t\u1ef1 nhi\u00ean \u0111\u00f4\u0300ng ha\u0300nh cu\u0300ng ba\u0323n m\u00f4\u0303i nga\u0300y.<\/p>\n<p><img decoding=\"async\" class=\"wp-image-22038 aligncenter\" src=\"https:\/\/havamall.vn\/wp-content\/uploads\/2021\/09\/n\u01b0\u1edbc-d\u1eeba-5-300x300.png\" alt=\"\" width=\"597\" height=\"597\" srcset=\"https:\/\/havamall.vn\/wp-content\/uploads\/2021\/09\/n\u01b0\u1edbc-d\u1eeba-5-300x300.png 300w, https:\/\/havamall.vn\/wp-content\/uploads\/2021\/09\/n\u01b0\u1edbc-d\u1eeba-5-430x430.png 430w, https:\/\/havamall.vn\/wp-content\/uploads\/2021\/09\/n\u01b0\u1edbc-d\u1eeba-5-150x150.png 150w, https:\/\/havamall.vn\/wp-content\/uploads\/2021\/09\/n\u01b0\u1edbc-d\u1eeba-5-700x700.png 700w, https:\/\/havamall.vn\/wp-content\/uploads\/2021\/09\/n\u01b0\u1edbc-d\u1eeba-5-768x768.png 768w, https:\/\/havamall.vn\/wp-content\/uploads\/2021\/09\/n\u01b0\u1edbc-d\u1eeba-5-600x600.png 600w, https:\/\/havamall.vn\/wp-content\/uploads\/2021\/09\/n\u01b0\u1edbc-d\u1eeba-5-100x100.png 100w, https:\/\/havamall.vn\/wp-content\/uploads\/2021\/09\/n\u01b0\u1edbc-d\u1eeba-5.png 800w\" sizes=\"(max-width: 597px) 100vw, 597px\" \/><\/p>\n<p>Nguy\u00ean li\u1ec7u \u0111\u1ea7u v\u00e0o ch\u1ea5t l\u01b0\u1ee3ng, lu\u00f4n l\u00e0 ti\u00eau ch\u00ed h\u00e0ng \u0111\u1ea7u \u0111\u1ec3 t\u1ea1o n\u00ean s\u1ea3n ph\u1ea9m. T\u1eeb l\u00e2u, d\u1eeba B\u1ebfn Tre \u0111\u01b0\u1ee3c \u0111\u00e1nh gi\u00e1 c\u00f3 ch\u1ea5t l\u01b0\u1ee3ng v\u00e0 mang l\u1ea1i n\u0103ng su\u1ea5t cao h\u01a1n c\u00e1c v\u00f9ng kh\u00e1c. Vicofresh v\u1edbi tri\u1ebft l\u00fd kinh doanh b\u1ec1n v\u1eefng, lu\u00f4n ch\u00fa tr\u1ecdng s\u1ee9c kh\u1ecfe c\u1ee7a ng\u01b0\u1eddi ti\u00eau d\u00f9ng v\u00e0 \u0111\u1ed3ng h\u00e0nh c\u00f9ng ng\u01b0\u1eddi d\u00e2n tr\u1ed3ng d\u1eeba B\u1ebfn Tre.<\/p>\n<p>S\u1ea3n ph\u1ea9m n\u01b0\u1edbc d\u1eeba xi\u00eam Vico Fresh \u0111\u01b0\u1ee3c \u0111\u00f3ng g\u00f3i tr\u00ean d\u00e2y chuy\u1ec1n c\u00f4ng ngh\u1ec7 hi\u1ec7n \u0111\u1ea1i c\u1ee7a Tetra Pak gi\u00fap gi\u1eef tr\u1ecdn h\u01b0\u01a1ng v\u1ecb n\u01b0\u1edbc d\u1eeba. S\u1ea3n ph\u1ea9m gi\u00e0u \u0111i\u1ec7n gi\u1ea3i v\u00e0 kali, kh\u00f4ng ch\u1ee9a Gluten gi\u00fap t\u1ed1i \u01b0u ho\u1ea1t \u0111\u1ed9ng c\u1ee7a h\u1ec7 c\u01a1, h\u1ec7 tu\u1ea7n ho\u00e0n, h\u1ec7 th\u1ea7n kinh v\u00e0 h\u1ec7 mi\u1ec5n d\u1ecbch.<\/p>\n<p><img loading=\"lazy\" decoding=\"async\" class=\"wp-image-22039 aligncenter\" src=\"https:\/\/havamall.vn\/wp-content\/uploads\/2021\/09\/n\u01b0\u1edbc-d\u1eeba-4-300x300.png\" alt=\"\" width=\"605\" height=\"605\" srcset=\"https:\/\/havamall.vn\/wp-content\/uploads\/2021\/09\/n\u01b0\u1edbc-d\u1eeba-4-300x300.png 300w, https:\/\/havamall.vn\/wp-content\/uploads\/2021\/09\/n\u01b0\u1edbc-d\u1eeba-4-430x430.png 430w, https:\/\/havamall.vn\/wp-content\/uploads\/2021\/09\/n\u01b0\u1edbc-d\u1eeba-4-150x150.png 150w, https:\/\/havamall.vn\/wp-content\/uploads\/2021\/09\/n\u01b0\u1edbc-d\u1eeba-4-700x700.png 700w, https:\/\/havamall.vn\/wp-content\/uploads\/2021\/09\/n\u01b0\u1edbc-d\u1eeba-4-768x768.png 768w, https:\/\/havamall.vn\/wp-content\/uploads\/2021\/09\/n\u01b0\u1edbc-d\u1eeba-4-600x600.png 600w, https:\/\/havamall.vn\/wp-content\/uploads\/2021\/09\/n\u01b0\u1edbc-d\u1eeba-4-100x100.png 100w, https:\/\/havamall.vn\/wp-content\/uploads\/2021\/09\/n\u01b0\u1edbc-d\u1eeba-4.png 900w\" sizes=\"(max-width: 605px) 100vw, 605px\" \/><\/p>\n<div class=\"o9v6fnle cxmmr5t8 oygrvhab hcukyx3x c1et5uql ii04i59q\">\n<div dir=\"auto\">Ch\u00ednh v\u00ec v\u1eady, nh\u00e0 Vicofresh ch\u00fang m\u00ecnh lu\u00f4n \u0111\u1ea3m b\u1ea3o mang \u0111\u1ebfn nh\u1eefng h\u1ed9p n\u01b0\u1edbc d\u1eeba ngon chu\u1ea9n v\u1ecb, kh\u00f4ng s\u1eed d\u1ee5ng ch\u1ea5t b\u1ea3o qu\u1ea3n v\u00e0 ch\u1ea5t t\u1ea1o m\u00e0u, c\u00f9ng v\u1edbi quy tr\u00ecnh ti\u1ec7t tr\u00f9ng hi\u1ec7n \u0111\u1ea1i UHT.<\/div>\n<div dir=\"auto\"><\/div>\n<div dir=\"auto\">Tr\u1eddi n\u1eafng n\u00f3ng, v\u1eadn \u0111\u1ed9ng m\u1ec7t m\u1ecfi c\u00f2n g\u00ec tuy\u1ec7t h\u01a1n khi t\u1eadn h\u01b0\u1edfng m\u1ed9t ng\u1ee5m d\u1eeba t\u01b0\u01a1i, thanh m\u00e1t. V\u1edbi m\u1ed7i h\u1ed9p d\u1eeba Vicofresh 330ml, d\u1ec5 d\u00e0ng mang \u0111i b\u1ea5t c\u1ee9 \u0111\u00e2u m\u00e0 kh\u00f4ng h\u1ec1 chi\u1ebfm nhi\u1ec1u di\u1ec7n t\u00edch.<\/div>\n<\/div>\n<div class=\"o9v6fnle cxmmr5t8 oygrvhab hcukyx3x c1et5uql ii04i59q\">\n<div dir=\"auto\">\n<div class=\"o9v6fnle cxmmr5t8 oygrvhab hcukyx3x c1et5uql ii04i59q\">\n<div dir=\"auto\"><img loading=\"lazy\" decoding=\"async\" class=\"wp-image-22040 aligncenter\" src=\"https:\/\/havamall.vn\/wp-content\/uploads\/2021\/09\/n\u01b0\u1edbc-d\u1eeba-6-300x300.png\" alt=\"\" width=\"610\" height=\"610\" srcset=\"https:\/\/havamall.vn\/wp-content\/uploads\/2021\/09\/n\u01b0\u1edbc-d\u1eeba-6-300x300.png 300w, https:\/\/havamall.vn\/wp-content\/uploads\/2021\/09\/n\u01b0\u1edbc-d\u1eeba-6-430x430.png 430w, https:\/\/havamall.vn\/wp-content\/uploads\/2021\/09\/n\u01b0\u1edbc-d\u1eeba-6-150x150.png 150w, https:\/\/havamall.vn\/wp-content\/uploads\/2021\/09\/n\u01b0\u1edbc-d\u1eeba-6-700x700.png 700w, https:\/\/havamall.vn\/wp-content\/uploads\/2021\/09\/n\u01b0\u1edbc-d\u1eeba-6-768x769.png 768w, https:\/\/havamall.vn\/wp-content\/uploads\/2021\/09\/n\u01b0\u1edbc-d\u1eeba-6-1024x1024.png 1024w, https:\/\/havamall.vn\/wp-content\/uploads\/2021\/09\/n\u01b0\u1edbc-d\u1eeba-6-1200x1201.png 1200w, https:\/\/havamall.vn\/wp-content\/uploads\/2021\/09\/n\u01b0\u1edbc-d\u1eeba-6-600x600.png 600w, https:\/\/havamall.vn\/wp-content\/uploads\/2021\/09\/n\u01b0\u1edbc-d\u1eeba-6-100x100.png 100w, https:\/\/havamall.vn\/wp-content\/uploads\/2021\/09\/n\u01b0\u1edbc-d\u1eeba-6.png 1452w\" sizes=\"(max-width: 610px) 100vw, 610px\" \/><\/div>\n<\/div>\n<\/div>\n<div dir=\"auto\">\n<h3><strong>C\u00f4ng d\u1ee5ng c\u1ee7a n\u01b0\u1edbc d\u1eeba:<\/strong><\/h3>\n<p>&gt; B\u1ed5 sung l\u01b0\u1ee3ng n\u01b0\u1edbc c\u1ea7n thi\u1ebft<\/p>\n<p>&gt; Ng\u0103n ng\u1eeba v\u1ea5n \u0111\u1ec1 li\u00ean quan ti\u1ebft ni\u1ec7u<\/p>\n<p>&gt; H\u1ed7 tr\u1ee3 ch\u1ee9c n\u0103ng h\u1ec7 ti\u00eau h\u00f3a<\/p>\n<p>&gt; T\u1ed1t cho tim m\u1ea1ch<\/p>\n<p>&gt; L\u00e0m \u0111\u1eb9p da<\/p>\n<p><img loading=\"lazy\" decoding=\"async\" class=\"aligncenter\" src=\"https:\/\/havamall.vn\/wp-content\/uploads\/2021\/09\/dua-dua-la-gi-tai-sao-lai-goi-la-dua-dua-202011180052327211.jpg\" alt=\"D\u1eeba d\u1ee9a l\u00e0 g\u00ec? T\u1ea1i sao l\u1ea1i g\u1ecdi l\u00e0 d\u1eeba d\u1ee9a?\" width=\"612\" height=\"383\" \/><\/p>\n<p>&gt; Gi\u1ea3m c\u00e2n hi\u1ec7u qu\u1ea3<\/p>\n<p>&gt; Cung c\u1ea5p n\u0103ng l\u01b0\u1ee3ng cho c\u01a1 th\u1ec3<\/p>\n<p>&gt; N\u00e2ng cao s\u1ee9c \u0111\u1ec1 kh\u00e1ng<\/p>\n<p>&gt; Ng\u0103n ng\u1eeba s\u1ecfi th\u1eadn<\/p>\n<p id=\"ftoc-heading-10\" class=\"ftwp-heading\">&gt; Ph\u00f2ng ng\u1eeba nguy c\u01a1 b\u1ec7nh ung th\u01b0<\/p>\n<p id=\"ftoc-heading-14\" class=\"ftwp-heading\">&gt; Ki\u1ec3m so\u00e1t l\u01b0u th\u00f4ng m\u00e1u<\/p>\n<\/div>\n<\/div>\n<div class=\"o9v6fnle cxmmr5t8 oygrvhab hcukyx3x c1et5uql ii04i59q\">\n<div dir=\"auto\">S\u1ea3n ph\u1ea9m hi\u1ec7n \u0111\u00e3 c\u00f3 m\u1eb7t t\u1ea1i Havamall.<\/div>\n<\/div>","protected":false},"excerpt":{"rendered":"<p>N\u01b0\u1edbc d\u1eeba Xi\u00eam Vico Fresh l\u00e0 100% n\u01b0\u1edbc d\u1eeba t\u1ef1 nhi\u00ean nguy\u00ean ch\u1ea5t\u00a0v\u1edbi ngu\u1ed3n nguy\u00ean li\u1ec7u t\u1ea1i &#8220;v\u01b0\u01a1ng qu\u1ed1c d\u1eeba&#8221;<\/p>","protected":false},"featured_media":22041,"comment_status":"open","ping_status":"closed","template":"","meta":[],"product_brand":[],"product_cat":[36,135],"product_tag":[],"class_list":{"0":"post-22034","1":"product","2":"type-product","3":"status-publish","4":"has-post-thumbnail","6":"product_cat-thuc-pham-tieu-dung","7":"product_cat-sua-do-uong","9":"first","10":"outofstock","11":"sale","12":"shipping-taxable","13":"purchasable","14":"product-type-simple"},"_links":{"self":[{"href":"https:\/\/havamall.vn\/en\/wp-json\/wp\/v2\/product\/22034"}],"collection":[{"href":"https:\/\/havamall.vn\/en\/wp-json\/wp\/v2\/product"}],"about":[{"href":"https:\/\/havamall.vn\/en\/wp-json\/wp\/v2\/types\/product"}],"replies":[{"embeddable":true,"href":"https:\/\/havamall.vn\/en\/wp-json\/wp\/v2\/comments?post=22034"}],"version-history":[{"count":0,"href":"https:\/\/havamall.vn\/en\/wp-json\/wp\/v2\/product\/22034\/revisions"}],"wp:featuredmedia":[{"embeddable":true,"href":"https:\/\/havamall.vn\/en\/wp-json\/wp\/v2\/media\/22041"}],"wp:attachment":[{"href":"https:\/\/havamall.vn\/en\/wp-json\/wp\/v2\/media?parent=22034"}],"wp:term":[{"taxonomy":"product_brand","embeddable":true,"href":"https:\/\/havamall.vn\/en\/wp-json\/wp\/v2\/product_brand?post=22034"},{"taxonomy":"product_cat","embeddable":true,"href":"https:\/\/havamall.vn\/en\/wp-json\/wp\/v2\/product_cat?post=22034"},{"taxonomy":"product_tag","embeddable":true,"href":"https:\/\/havamall.vn\/en\/wp-json\/wp\/v2\/product_tag?post=22034"}],"curies":[{"name":"wp","href":"https:\/\/api.w.org\/{rel}","templated":true}]}}