{"id":21983,"date":"2021-09-15T10:31:17","date_gmt":"2021-09-15T03:31:17","guid":{"rendered":"https:\/\/havamall.vn\/?post_type=product&#038;p=21983"},"modified":"2024-04-27T11:06:06","modified_gmt":"2024-04-27T04:06:06","slug":"bot-cot-dua-nguyen-chat-ciel-1kg-coconut-powder","status":"publish","type":"product","link":"https:\/\/havamall.vn\/en\/shop\/bot-cot-dua-nguyen-chat-ciel-1kg-coconut-powder\/","title":{"rendered":"B\u1ed9t C\u1ed1t D\u1eeba Nguy\u00ean Ch\u1ea5t Ciel &#8211; Coconut Powder"},"content":{"rendered":"<h3><strong>TH\u00d4NG TIN S\u1ea2N PH\u1ea8M<\/strong><\/h3>\n<table>\n<tbody>\n<tr>\n<td>Th\u01b0\u01a1ng hi\u1ec7u<\/td>\n<td>Ciel<\/td>\n<\/tr>\n<tr>\n<td>Xu\u1ea5t x\u1ee9<\/td>\n<td>Vi\u1ec7t Nam<\/td>\n<\/tr>\n<tr>\n<td>Th\u00e0nh ph\u1ea7n<\/td>\n<td>N\u01b0\u1edbc c\u1ed1t d\u1eeba 50%, ch\u1ea5t b\u00e9o th\u1ef1c v\u1eadt, glucose syrup,&#8230;<\/td>\n<\/tr>\n<tr>\n<td>H\u1ea1n s\u1eed d\u1ee5ng<\/td>\n<td>12 th\u00e1ng k\u1ec3 t\u1eeb ng\u00e0y s\u1ea3n xu\u1ea5t.<\/td>\n<\/tr>\n<tr>\n<td>B\u1ea3o qu\u1ea3n<\/td>\n<td>B\u1ea3o qu\u1ea3n n\u01a1i kh\u00f4 r\u00e1o, tho\u00e1ng m\u00e1t<\/td>\n<\/tr>\n<tr>\n<td>Kh\u1ed1i l\u01b0\u1ee3ng t\u1ecbnh<\/td>\n<td>1kg<\/td>\n<\/tr>\n<\/tbody>\n<\/table>\n<p>B\u1ed9t c\u1ed1t d\u1eeba Ciel mang h\u01b0\u01a1ng v\u1ecb t\u1ef1 nhi\u00ean, cung c\u1ea5p n\u0103ng l\u01b0\u1ee3ng v\u00e0 gi\u00fap t\u0103ng t\u1ef7 l\u1ec7 trao \u0111\u1ed5i ch\u1ea5t, t\u1eeb \u0111\u00f3 th\u00fac \u0111\u1ea9y c\u01a1 ch\u1ebf trao \u0111\u1ed5i ch\u1ea5t. L\u00e0m gi\u1ea3m cholesterol. Nghi\u00ean c\u1ee9u ch\u1ec9 ra r\u1eb1ng b\u1ed9t d\u1eeba c\u00f3 h\u00e0m l\u01b0\u1ee3ng dinh d\u01b0\u1ee1ng cao gi\u00fap h\u1ed7 tr\u1ee3 s\u1ee9c kh\u1ecfe tim m\u1ea1ch.<\/p>\n<p><img fetchpriority=\"high\" decoding=\"async\" class=\"wp-image-21988 aligncenter\" src=\"https:\/\/havamall.vn\/wp-content\/uploads\/2021\/09\/n\u01b0\u1edbc-c\u1ed1t-d\u1eeba-5-300x200.png\" alt=\"\" width=\"641\" height=\"427\" srcset=\"https:\/\/havamall.vn\/wp-content\/uploads\/2021\/09\/n\u01b0\u1edbc-c\u1ed1t-d\u1eeba-5-300x200.png 300w, https:\/\/havamall.vn\/wp-content\/uploads\/2021\/09\/n\u01b0\u1edbc-c\u1ed1t-d\u1eeba-5-430x287.png 430w, https:\/\/havamall.vn\/wp-content\/uploads\/2021\/09\/n\u01b0\u1edbc-c\u1ed1t-d\u1eeba-5-150x100.png 150w, https:\/\/havamall.vn\/wp-content\/uploads\/2021\/09\/n\u01b0\u1edbc-c\u1ed1t-d\u1eeba-5-700x467.png 700w, https:\/\/havamall.vn\/wp-content\/uploads\/2021\/09\/n\u01b0\u1edbc-c\u1ed1t-d\u1eeba-5-768x512.png 768w, https:\/\/havamall.vn\/wp-content\/uploads\/2021\/09\/n\u01b0\u1edbc-c\u1ed1t-d\u1eeba-5-1024x683.png 1024w, https:\/\/havamall.vn\/wp-content\/uploads\/2021\/09\/n\u01b0\u1edbc-c\u1ed1t-d\u1eeba-5-600x400.png 600w, https:\/\/havamall.vn\/wp-content\/uploads\/2021\/09\/n\u01b0\u1edbc-c\u1ed1t-d\u1eeba-5.png 1100w\" sizes=\"(max-width: 641px) 100vw, 641px\" \/><\/p>\n<p>B\u1ed9t d\u1eeba Ciel \u0111\u01b0\u1ee3c ch\u1ebf bi\u1ebfn b\u1eb1ng ph\u01b0\u01a1ng ph\u00e1p c\u00f4 \u0111\u1eb7c n\u01b0\u1edbc c\u1ed1t d\u1eeba. Ch\u00fang \u0111\u01b0\u1ee3c s\u1eed d\u1ee5ng nh\u01b0 m\u1ed9t lo\u1ea1i th\u1ef1c ph\u1ea9m ho\u1eb7c d\u00f9ng \u0111\u1ec3 t\u1ea1o v\u1ecb trong n\u1ea5u \u0103n, pha ch\u1ebf, l\u00e0m \u0111\u1eb9p. Tuy b\u1ed9t c\u1ed1t d\u1eeba l\u00e0 s\u1ea3n ph\u1ea9m c\u00f4ng nghi\u1ec7p nh\u01b0ng n\u00f3 v\u1eabn gi\u1eef \u0111\u01b0\u1ee3c nguy\u00ean m\u00f9i nguy\u00ean v\u1ecb c\u1ee7a d\u1eeba t\u1ef1 nhi\u00ean.<\/p>\n<p><img decoding=\"async\" class=\"wp-image-21989 aligncenter\" src=\"https:\/\/havamall.vn\/wp-content\/uploads\/2021\/09\/n\u01b0\u1edbc-c\u1ed1t-d\u1eeba-7-242x300.png\" alt=\"\" width=\"638\" height=\"791\" srcset=\"https:\/\/havamall.vn\/wp-content\/uploads\/2021\/09\/n\u01b0\u1edbc-c\u1ed1t-d\u1eeba-7-242x300.png 242w, https:\/\/havamall.vn\/wp-content\/uploads\/2021\/09\/n\u01b0\u1edbc-c\u1ed1t-d\u1eeba-7-430x533.png 430w, https:\/\/havamall.vn\/wp-content\/uploads\/2021\/09\/n\u01b0\u1edbc-c\u1ed1t-d\u1eeba-7-150x186.png 150w, https:\/\/havamall.vn\/wp-content\/uploads\/2021\/09\/n\u01b0\u1edbc-c\u1ed1t-d\u1eeba-7-700x868.png 700w, https:\/\/havamall.vn\/wp-content\/uploads\/2021\/09\/n\u01b0\u1edbc-c\u1ed1t-d\u1eeba-7-768x952.png 768w, https:\/\/havamall.vn\/wp-content\/uploads\/2021\/09\/n\u01b0\u1edbc-c\u1ed1t-d\u1eeba-7-826x1024.png 826w, https:\/\/havamall.vn\/wp-content\/uploads\/2021\/09\/n\u01b0\u1edbc-c\u1ed1t-d\u1eeba-7-600x744.png 600w, https:\/\/havamall.vn\/wp-content\/uploads\/2021\/09\/n\u01b0\u1edbc-c\u1ed1t-d\u1eeba-7.png 1000w\" sizes=\"(max-width: 638px) 100vw, 638px\" \/><\/p>\n<p>B\u1ed9t c\u1ed1t d\u1eeba c\u00f3 nhi\u1ec1u d\u01b0\u1ee1ng ch\u1ea5t r\u1ea5t t\u1ed1t cho s\u1ee9c kh\u1ecfe. D\u00f9ng b\u1ed9t c\u1ed1t d\u1eeba trong vi\u1ec7c n\u1ea5u c\u00e1c m\u00f3n \u0103n tuy\u1ec7t \u0111\u1ed1i l\u00e0 l\u1ef1a ch\u1ecdn \u0111\u00fang \u0111\u1eafn. Trong n\u01b0\u1edbc v\u00e0 c\u01a1m d\u1eeba t\u1ef1 nhi\u00ean c\u00f3 ch\u1ee9a ch\u1ea5t x\u01a1 v\u00e0 ch\u1ea5t b\u00e9o l\u00e0nh m\u1ea1nh. N\u00f3 r\u1ea5t t\u1ed1t cho tim m\u1ea1ch v\u00e0 c\u01a1 b\u1eafp, h\u1ed7 tr\u1ee3 h\u1ec7 ti\u00eau h\u00f3a l\u1eabn h\u1ec7 mi\u1ec5n d\u1ecbch.<\/p>\n<p>T\u01b0\u01a1ng t\u1ef1 nh\u01b0 v\u1eady, b\u1ed9t c\u1ed1t d\u1eeba d\u00f9ng trong n\u1ea5u \u0103n c\u0169ng s\u1ebd h\u00f2a l\u1eabn nh\u1eefng d\u01b0\u1ee1ng ch\u1ea5t tr\u00ean trong t\u1eebng m\u00f3n \u0103n. Tuy b\u1ed9t c\u1ed1t d\u1eeba t\u1ea1o v\u1ecb b\u00e9o v\u00e0 ng\u1ecdt cho m\u00f3n \u0103n nh\u01b0ng ch\u00fang ch\u1ec9 c\u00f3 t\u00e1c d\u1ee5ng gi\u00fap m\u00f3n \u0103n th\u00eam th\u01a1m ngon.<\/p>\n<p><img decoding=\"async\" class=\"wp-image-21990 aligncenter\" src=\"https:\/\/havamall.vn\/wp-content\/uploads\/2021\/09\/n\u01b0\u1edbc-c\u1ed1t-d\u1eeba-4-300x169.png\" alt=\"\" width=\"641\" height=\"361\" srcset=\"https:\/\/havamall.vn\/wp-content\/uploads\/2021\/09\/n\u01b0\u1edbc-c\u1ed1t-d\u1eeba-4-300x169.png 300w, https:\/\/havamall.vn\/wp-content\/uploads\/2021\/09\/n\u01b0\u1edbc-c\u1ed1t-d\u1eeba-4-430x242.png 430w, https:\/\/havamall.vn\/wp-content\/uploads\/2021\/09\/n\u01b0\u1edbc-c\u1ed1t-d\u1eeba-4-150x84.png 150w, https:\/\/havamall.vn\/wp-content\/uploads\/2021\/09\/n\u01b0\u1edbc-c\u1ed1t-d\u1eeba-4-700x394.png 700w, https:\/\/havamall.vn\/wp-content\/uploads\/2021\/09\/n\u01b0\u1edbc-c\u1ed1t-d\u1eeba-4-768x432.png 768w, https:\/\/havamall.vn\/wp-content\/uploads\/2021\/09\/n\u01b0\u1edbc-c\u1ed1t-d\u1eeba-4-1024x576.png 1024w, https:\/\/havamall.vn\/wp-content\/uploads\/2021\/09\/n\u01b0\u1edbc-c\u1ed1t-d\u1eeba-4-1200x675.png 1200w, https:\/\/havamall.vn\/wp-content\/uploads\/2021\/09\/n\u01b0\u1edbc-c\u1ed1t-d\u1eeba-4-600x338.png 600w, https:\/\/havamall.vn\/wp-content\/uploads\/2021\/09\/n\u01b0\u1edbc-c\u1ed1t-d\u1eeba-4.png 1280w\" sizes=\"(max-width: 641px) 100vw, 641px\" \/><\/p>\n<p>V\u1edbi lo\u1ea1i b\u1ed9t d\u1eeba \u0111\u1eb7c bi\u1ec7t n\u00e0y, b\u1ea1n c\u00f3 th\u1ec3 n\u1ea5u c\u00e1c m\u00f3n ngon \u0111\u1eadm v\u1ecbmi\u1ec1n nam, mi\u1ec1n t\u00e2y. C\u00e1c m\u00f3n \u0103n nh\u01b0 th\u1ecbt kho n\u01b0\u1edbc d\u1eeba, t\u00f4m rim n\u01b0\u1edbc c\u1ed1t d\u1eeba, ch\u00e1o n\u1ea5m n\u01b0\u1edbc d\u1eeba,\u2026 B\u1ed9t c\u1ed1t d\u1eeba c\u0169ng l\u00e0 nguy\u00ean li\u1ec7u ch\u00ednh \u0111\u1ec3 t\u1ea1o ra nh\u1eefng chi\u1ebfc b\u00e1nh th\u01a1m ngon v\u1ecb d\u1eeba. N\u1ebfu b\u1ea1n th\u00edch h\u01b0\u01a1ng v\u1ecb d\u1eeba th\u00ec nh\u1eefng chi\u1ebfc b\u00e1nh th\u1ebf n\u00e0y s\u1ebd r\u1ea5t h\u1ea5p d\u1eabn.<\/p>\n<p><img loading=\"lazy\" decoding=\"async\" class=\"wp-image-21991 aligncenter\" src=\"https:\/\/havamall.vn\/wp-content\/uploads\/2021\/09\/n\u01b0\u1edbc-c\u1ed1t-d\u1eeba-3-300x169.png\" alt=\"\" width=\"644\" height=\"363\" srcset=\"https:\/\/havamall.vn\/wp-content\/uploads\/2021\/09\/n\u01b0\u1edbc-c\u1ed1t-d\u1eeba-3-300x169.png 300w, https:\/\/havamall.vn\/wp-content\/uploads\/2021\/09\/n\u01b0\u1edbc-c\u1ed1t-d\u1eeba-3-430x242.png 430w, https:\/\/havamall.vn\/wp-content\/uploads\/2021\/09\/n\u01b0\u1edbc-c\u1ed1t-d\u1eeba-3-150x84.png 150w, https:\/\/havamall.vn\/wp-content\/uploads\/2021\/09\/n\u01b0\u1edbc-c\u1ed1t-d\u1eeba-3-700x394.png 700w, https:\/\/havamall.vn\/wp-content\/uploads\/2021\/09\/n\u01b0\u1edbc-c\u1ed1t-d\u1eeba-3-768x432.png 768w, https:\/\/havamall.vn\/wp-content\/uploads\/2021\/09\/n\u01b0\u1edbc-c\u1ed1t-d\u1eeba-3-1024x576.png 1024w, https:\/\/havamall.vn\/wp-content\/uploads\/2021\/09\/n\u01b0\u1edbc-c\u1ed1t-d\u1eeba-3-1200x675.png 1200w, https:\/\/havamall.vn\/wp-content\/uploads\/2021\/09\/n\u01b0\u1edbc-c\u1ed1t-d\u1eeba-3-600x338.png 600w, https:\/\/havamall.vn\/wp-content\/uploads\/2021\/09\/n\u01b0\u1edbc-c\u1ed1t-d\u1eeba-3.png 1280w\" sizes=\"(max-width: 644px) 100vw, 644px\" \/><\/p>\n<h3><strong>H\u01b0\u1edbng d\u1eabn s\u1eed d\u1ee5ng:<\/strong><\/h3>\n<p>&gt; Pha 50Gr B\u1ed9t c\u1ed1t d\u1eeba v\u1edbi 150ml n\u01b0\u1edbc, \u0111un s\u00f4i h\u1ed7n h\u1ee3p tr\u00ean l\u1eeda nh\u1ecf , khu\u1ea5y \u0111\u1ec1u cho \u0111\u1ebfn khi s\u00e1nh l\u1ea1i.<\/p>\n<p>&gt; Ngo\u00e0i ra ch\u00fang ta c\u00f2n c\u00f3 th\u1ec3 s\u1eed d\u1ee5ng s\u1ea3n ph\u1ea9m \u0111\u1ec3 tr\u1ed9n v\u1edbi nguy\u00ean li\u1ec7u \u0111\u1ec3 t\u0103ng \u0111\u1ed9 b\u00e9o th\u01a1m cho c\u00e1c lo\u1ea1i b\u00e1nh hay c\u00e1c lo\u1ea1i th\u1ee9c \u0103n nh\u01b0 cari, ch\u00e8, c\u00e1c lo\u1ea1i b\u00e1nh,&#8230;<\/p>\n<p>&gt; Ch\u1ec9 c\u1ea7n pha t\u1ec9 l\u1ec7 h\u1ee3p l\u00fd theo nhu c\u1ea7u s\u1eed d\u1ee5ng. C\u00f3 th\u1ec3 d\u00f9ng b\u1ed9t c\u1ed1t d\u1eeba l\u00e0m m\u1eb7t n\u1ea1 ch\u0103m s\u00f3c da ho\u1eb7c pha lo\u00e3ng \u0111\u1ec3 d\u01b0\u1ee1ng t\u00f3c v\u00e0 da to\u00e0n th\u00e2n.<\/p>\n<p>&gt; K\u1ebft h\u1ee3p v\u1edbi m\u1ed9t s\u1ed1 lo\u1ea1i th\u1ee9c u\u1ed1ng ph\u1ed5 bi\u1ebfn \u0111\u1ec3 cho ra c\u00e0 ph\u00ea d\u1eeba, s\u1eefa d\u1eeba, tr\u00e0 s\u1eefa,\u2026<\/p>\n<p><img loading=\"lazy\" decoding=\"async\" class=\"wp-image-21986 aligncenter\" src=\"https:\/\/havamall.vn\/wp-content\/uploads\/2021\/09\/n\u01b0\u1edbc-c\u1ed1t-d\u1eeba-6-279x300.png\" alt=\"\" width=\"645\" height=\"694\" srcset=\"https:\/\/havamall.vn\/wp-content\/uploads\/2021\/09\/n\u01b0\u1edbc-c\u1ed1t-d\u1eeba-6-279x300.png 279w, https:\/\/havamall.vn\/wp-content\/uploads\/2021\/09\/n\u01b0\u1edbc-c\u1ed1t-d\u1eeba-6-430x462.png 430w, https:\/\/havamall.vn\/wp-content\/uploads\/2021\/09\/n\u01b0\u1edbc-c\u1ed1t-d\u1eeba-6-150x161.png 150w, https:\/\/havamall.vn\/wp-content\/uploads\/2021\/09\/n\u01b0\u1edbc-c\u1ed1t-d\u1eeba-6-700x752.png 700w, https:\/\/havamall.vn\/wp-content\/uploads\/2021\/09\/n\u01b0\u1edbc-c\u1ed1t-d\u1eeba-6-768x825.png 768w, https:\/\/havamall.vn\/wp-content\/uploads\/2021\/09\/n\u01b0\u1edbc-c\u1ed1t-d\u1eeba-6-953x1024.png 953w, https:\/\/havamall.vn\/wp-content\/uploads\/2021\/09\/n\u01b0\u1edbc-c\u1ed1t-d\u1eeba-6-1200x1289.png 1200w, https:\/\/havamall.vn\/wp-content\/uploads\/2021\/09\/n\u01b0\u1edbc-c\u1ed1t-d\u1eeba-6.png 1728w\" sizes=\"(max-width: 645px) 100vw, 645px\" \/><\/p>\n<h3><strong>Nh\u1eefng c\u00f4ng d\u1ee5ng l\u00e0m \u0111\u1eb9p c\u1ee7a n\u01b0\u1edbc c\u1ed1t d\u1eeba:<\/strong><\/h3>\n<p>&#8211; Ng\u0103n ng\u1eeba l\u00e3o h\u00f3a da: n\u01b0\u1edbc c\u1ed1t d\u1eeba c\u00f3 h\u00e0m l\u01b0\u1ee3ng \u0111\u1ed3ng v\u00e0 vitamin C gi\u00fap duy tr\u00ec s\u1ef1 \u0111\u00e0n h\u1ed3i c\u1ee7a da v\u00e0 ng\u0103n kh\u00f4ng cho n\u1ebfp nh\u0103n ph\u00e1t tri\u1ec3n.<\/p>\n<p>&#8211; Cung c\u1ea5p c\u00e1c d\u01b0\u1ee1ng ch\u1ea5t c\u1ea7n thi\u1ebft nu\u00f4i d\u01b0\u1ee1ng l\u00e0n da: B\u1ea1n ch\u1ec9 c\u1ea7n thoa n\u01b0\u1edbc c\u1ed1t d\u1eeba l\u00ean da v\u00e0 kho\u1ea3ng n\u1eeda ti\u1ebfng sau l\u00e0 b\u1ea1n c\u00f3 th\u1ec3 c\u1ea3m nh\u1eadn \u0111\u01b0\u1ee3c l\u00e0n da t\u01b0\u01a1i m\u00e1t h\u01a1n<\/p>\n<p>&#8211; L\u00e0 ch\u1ea5t t\u1ea9y trang c\u00f3 hi\u1ec7u qu\u1ea3: N\u01b0\u1edbc c\u1ed1t d\u1eeba s\u1ebd l\u1ea5y \u0111i c\u00e1c h\u00f3a ch\u1ea5t b\u00e1m ch\u1eb7t trong l\u1ed7 ch\u00e2n l\u00f4ng c\u1ee7a b\u1ea1n v\u00e0 b\u1ed5 sung dinh d\u01b0\u1ee1ng gi\u00fap da th\u00f4ng tho\u00e1ng.<\/p>\n<p><img loading=\"lazy\" decoding=\"async\" class=\"wp-image-21987 aligncenter\" src=\"https:\/\/havamall.vn\/wp-content\/uploads\/2021\/09\/n\u01b0\u1edbc-c\u1ed1t-d\u1eeba-1-300x175.jpg\" alt=\"\" width=\"650\" height=\"379\" srcset=\"https:\/\/havamall.vn\/wp-content\/uploads\/2021\/09\/n\u01b0\u1edbc-c\u1ed1t-d\u1eeba-1-300x175.jpg 300w, https:\/\/havamall.vn\/wp-content\/uploads\/2021\/09\/n\u01b0\u1edbc-c\u1ed1t-d\u1eeba-1-430x251.jpg 430w, https:\/\/havamall.vn\/wp-content\/uploads\/2021\/09\/n\u01b0\u1edbc-c\u1ed1t-d\u1eeba-1-150x88.jpg 150w, https:\/\/havamall.vn\/wp-content\/uploads\/2021\/09\/n\u01b0\u1edbc-c\u1ed1t-d\u1eeba-1-700x409.jpg 700w, https:\/\/havamall.vn\/wp-content\/uploads\/2021\/09\/n\u01b0\u1edbc-c\u1ed1t-d\u1eeba-1-768x449.jpg 768w, https:\/\/havamall.vn\/wp-content\/uploads\/2021\/09\/n\u01b0\u1edbc-c\u1ed1t-d\u1eeba-1-1024x598.jpg 1024w, https:\/\/havamall.vn\/wp-content\/uploads\/2021\/09\/n\u01b0\u1edbc-c\u1ed1t-d\u1eeba-1-1200x701.jpg 1200w, https:\/\/havamall.vn\/wp-content\/uploads\/2021\/09\/n\u01b0\u1edbc-c\u1ed1t-d\u1eeba-1-600x351.jpg 600w, https:\/\/havamall.vn\/wp-content\/uploads\/2021\/09\/n\u01b0\u1edbc-c\u1ed1t-d\u1eeba-1.jpg 1232w\" sizes=\"(max-width: 650px) 100vw, 650px\" \/><\/p>\n<p>&#8211; C\u00f3 t\u00e1c d\u1ee5ng ch\u1ed1ng n\u1eafng v\u00e0 ch\u1eefa ch\u00e1y n\u1eafng: N\u01b0\u1edbc c\u1ed1t d\u1eeba gi\u00fap l\u00e0m gi\u1ea3m v\u1ebft ch\u00e1y n\u1eafng v\u00e0 t\u0103ng t\u1ed1c qu\u00e1 tr\u00ecnh h\u1ed3i ph\u1ee5c v\u1ebft th\u01b0\u01a1ng<\/p>\n<p>&#8211; X\u1eed l\u00fd t\u1ed1t c\u00e1c b\u1ec7nh v\u1ec1 da: n\u01b0\u1edbc c\u1ed1t d\u1eeba c\u00f3 t\u00e1c d\u1ee5ng h\u1ea1n ch\u1ebf s\u1ef1 ph\u00e1t tri\u1ec3n c\u00e1c b\u1ec7nh v\u1ec1 da nh\u01b0 v\u1ea9y n\u1ebfn ho\u1eb7c ch\u00e0m<\/p>\n<p>&#8211; Ngo\u00e0i ra n\u01b0\u1edbc c\u1ed1t d\u1eeba c\u00f2n r\u1ea5t c\u00f3 t\u00e1c d\u1ee5ng v\u1edbi s\u1ef1 ph\u00e1t tri\u1ec3n c\u1ee7a t\u00f3c v\u00e0 ng\u0103n ng\u1eeba g\u1ea7u n\u1ebfu ta s\u1eed d\u1ee5ng d\u1ec3 d\u01b0\u1ee1ng t\u00f3c.<\/p>\n<p>S\u1ea3n ph\u1ea9m hi\u1ec7n \u0111\u00e3 c\u00f3 m\u1eb7t t\u1ea1i Havamall.<\/p>\n<p><img loading=\"lazy\" decoding=\"async\" class=\"wp-image-21992 aligncenter\" src=\"https:\/\/havamall.vn\/wp-content\/uploads\/2021\/09\/n\u01b0\u1edbc-c\u1ed1t-d\u1eeba-8-300x200.png\" alt=\"\" width=\"647\" height=\"431\" srcset=\"https:\/\/havamall.vn\/wp-content\/uploads\/2021\/09\/n\u01b0\u1edbc-c\u1ed1t-d\u1eeba-8-300x200.png 300w, https:\/\/havamall.vn\/wp-content\/uploads\/2021\/09\/n\u01b0\u1edbc-c\u1ed1t-d\u1eeba-8-430x287.png 430w, https:\/\/havamall.vn\/wp-content\/uploads\/2021\/09\/n\u01b0\u1edbc-c\u1ed1t-d\u1eeba-8-150x100.png 150w, https:\/\/havamall.vn\/wp-content\/uploads\/2021\/09\/n\u01b0\u1edbc-c\u1ed1t-d\u1eeba-8-768x513.png 768w, https:\/\/havamall.vn\/wp-content\/uploads\/2021\/09\/n\u01b0\u1edbc-c\u1ed1t-d\u1eeba-8-1024x684.png 1024w, https:\/\/havamall.vn\/wp-content\/uploads\/2021\/09\/n\u01b0\u1edbc-c\u1ed1t-d\u1eeba-8-1200x802.png 1200w, https:\/\/havamall.vn\/wp-content\/uploads\/2021\/09\/n\u01b0\u1edbc-c\u1ed1t-d\u1eeba-8-600x401.png 600w, https:\/\/havamall.vn\/wp-content\/uploads\/2021\/09\/n\u01b0\u1edbc-c\u1ed1t-d\u1eeba-8.png 1203w\" sizes=\"(max-width: 647px) 100vw, 647px\" \/><\/p>","protected":false},"excerpt":{"rendered":"<p>TH\u00d4NG TIN S\u1ea2N PH\u1ea8M Th\u01b0\u01a1ng hi\u1ec7u Ciel Xu\u1ea5t x\u1ee9 Vi\u1ec7t Nam Th\u00e0nh ph\u1ea7n N\u01b0\u1edbc c\u1ed1t d\u1eeba 50%, ch\u1ea5t b\u00e9o th\u1ef1c<\/p>","protected":false},"featured_media":21993,"comment_status":"open","ping_status":"closed","template":"","meta":[],"product_brand":[],"product_cat":[255,36],"product_tag":[],"class_list":{"0":"post-21983","1":"product","2":"type-product","3":"status-publish","4":"has-post-thumbnail","6":"product_cat-nguyen-lieu-lam-banh","7":"product_cat-thuc-pham-tieu-dung","8":"pa_brand-ciel","10":"first","11":"instock","12":"sale","13":"shipping-taxable","14":"purchasable","15":"product-type-variable"},"_links":{"self":[{"href":"https:\/\/havamall.vn\/en\/wp-json\/wp\/v2\/product\/21983"}],"collection":[{"href":"https:\/\/havamall.vn\/en\/wp-json\/wp\/v2\/product"}],"about":[{"href":"https:\/\/havamall.vn\/en\/wp-json\/wp\/v2\/types\/product"}],"replies":[{"embeddable":true,"href":"https:\/\/havamall.vn\/en\/wp-json\/wp\/v2\/comments?post=21983"}],"version-history":[{"count":0,"href":"https:\/\/havamall.vn\/en\/wp-json\/wp\/v2\/product\/21983\/revisions"}],"wp:featuredmedia":[{"embeddable":true,"href":"https:\/\/havamall.vn\/en\/wp-json\/wp\/v2\/media\/21993"}],"wp:attachment":[{"href":"https:\/\/havamall.vn\/en\/wp-json\/wp\/v2\/media?parent=21983"}],"wp:term":[{"taxonomy":"product_brand","embeddable":true,"href":"https:\/\/havamall.vn\/en\/wp-json\/wp\/v2\/product_brand?post=21983"},{"taxonomy":"product_cat","embeddable":true,"href":"https:\/\/havamall.vn\/en\/wp-json\/wp\/v2\/product_cat?post=21983"},{"taxonomy":"product_tag","embeddable":true,"href":"https:\/\/havamall.vn\/en\/wp-json\/wp\/v2\/product_tag?post=21983"}],"curies":[{"name":"wp","href":"https:\/\/api.w.org\/{rel}","templated":true}]}}