{"id":21915,"date":"2021-09-14T10:26:41","date_gmt":"2021-09-14T03:26:41","guid":{"rendered":"https:\/\/havamall.vn\/?post_type=product&#038;p=21915"},"modified":"2022-11-07T15:44:40","modified_gmt":"2022-11-07T08:44:40","slug":"kem-trung-muoi-cremo-90ml-twin-eggs-ice-cream","status":"publish","type":"product","link":"https:\/\/havamall.vn\/en\/shop\/kem-trung-muoi-cremo-90ml-twin-eggs-ice-cream\/","title":{"rendered":"Kem Tr\u1ee9ng Mu\u1ed1i Cremo 90ml &#8211; Twin Eggs Ice Cream"},"content":{"rendered":"<h3><strong>TH\u00d4NG TIN S\u1ea2N PH\u1ea8M<\/strong><\/h3>\n<table>\n<tbody>\n<tr>\n<td>Th\u01b0\u01a1ng hi\u1ec7u<\/td>\n<td>Cremo<\/td>\n<\/tr>\n<tr>\n<td>Xu\u1ea5t x\u1ee9<\/td>\n<td>Th\u00e1i Lan<\/td>\n<\/tr>\n<tr>\n<td>Th\u00e0nh ph\u1ea7n<\/td>\n<td>N\u01b0\u1edbc. \u0111\u01b0\u1eddng, b\u1ed9t whey, b\u1ed9t tr\u1ee9ng mu\u1ed1i,&#8230;<\/td>\n<\/tr>\n<tr>\n<td>H\u1ea1n s\u1eed d\u1ee5ng<\/td>\n<td>24 th\u00e1ng k\u1ec3 t\u1eeb ng\u00e0y s\u1ea3n xu\u1ea5t.<\/td>\n<\/tr>\n<tr>\n<td>B\u1ea3o qu\u1ea3n<\/td>\n<td>B\u1ea3o qu\u1ea3n \u1edf nhi\u1ec7t \u0111\u1ed9 -18 \u0111\u1ed9 C<\/td>\n<\/tr>\n<tr>\n<td>Th\u1ec3 t\u00edch<\/td>\n<td>90ml<\/td>\n<\/tr>\n<\/tbody>\n<\/table>\n<h3><strong>\u0110\u1eb6C \u0110I\u1ec2M TH\u01af\u01a0NG HI\u1ec6U<\/strong><\/h3>\n<p>Cremo Ice Cream l\u00e0 th\u01b0\u01a1ng hi\u1ec7u kem h\u00e0ng \u0111\u1ea7u Th\u00e1i Lan t\u1eeb n\u0103m 1979 tr\u1edf l\u1ea1i \u0111\u00e2y, ho\u1ea1t \u0111\u1ed9ng \u0111\u01b0\u1ee3c h\u01a1n 40 n\u0103m. S\u1ea3n ph\u1ea9m kem c\u1ee7a Cremo \u0111a d\u1ea1ng nh\u01b0 kem thanh, c\u1ed1c, x\u00f4 v\u00e0 h\u00ecnh n\u00f3n, t\u1ea5t c\u1ea3 \u0111\u1ec1u \u0111\u01b0\u1ee3c s\u1ea3n xu\u1ea5t v\u1edbi theo quy tr\u00ecnh ki\u1ec3m tra nghi\u00eam ng\u1eb7t, n\u00ean r\u1ea5t an to\u00e0n cho ng\u01b0\u1eddi s\u1eed d\u1ee5ng.<\/p>\n<p><img fetchpriority=\"high\" decoding=\"async\" class=\"aligncenter\" src=\"https:\/\/havamall.vn\/wp-content\/uploads\/2021\/02\/Cremo2020.jpg\" alt=\"Cremo Ice Cream \u2013 The Taste of Happiness - MVO Marketing - Ice Cream Supplier Singapore\" width=\"649\" height=\"209\" \/><\/p>\n<p>Kem Cremo \u0111\u00e3 \u0111\u01b0\u1ee3c c\u00f4ng nh\u1eadn theo ti\u00eau chu\u1ea9n qu\u1ed1c t\u1ebf trong h\u01a1n 3 th\u1eadp k\u1ef7, bao g\u1ed3m Halal, GMP, HACCP v\u00e0 ISO22000, \u0111\u1ea3m b\u1ea3o r\u1eb1ng c\u00e1c s\u1ea3n ph\u1ea9m \u0111\u01b0\u1ee3c s\u1ea3n xu\u1ea5t c\u00f3 ch\u1ea5t l\u01b0\u1ee3ng an to\u00e0n v\u00e0 \u0111\u00e1ng tin c\u1eady.<\/p>\n<p><img decoding=\"async\" class=\"wp-image-21921 aligncenter\" src=\"https:\/\/havamall.vn\/wp-content\/uploads\/2021\/09\/tr\u1ee9ung-mu\u1ed1i-2-300x300.png\" alt=\"\" width=\"652\" height=\"652\" srcset=\"https:\/\/havamall.vn\/wp-content\/uploads\/2021\/09\/tr\u1ee9ung-mu\u1ed1i-2-300x300.png 300w, https:\/\/havamall.vn\/wp-content\/uploads\/2021\/09\/tr\u1ee9ung-mu\u1ed1i-2-430x430.png 430w, https:\/\/havamall.vn\/wp-content\/uploads\/2021\/09\/tr\u1ee9ung-mu\u1ed1i-2-150x150.png 150w, https:\/\/havamall.vn\/wp-content\/uploads\/2021\/09\/tr\u1ee9ung-mu\u1ed1i-2-700x700.png 700w, https:\/\/havamall.vn\/wp-content\/uploads\/2021\/09\/tr\u1ee9ung-mu\u1ed1i-2-768x768.png 768w, https:\/\/havamall.vn\/wp-content\/uploads\/2021\/09\/tr\u1ee9ung-mu\u1ed1i-2-1024x1024.png 1024w, https:\/\/havamall.vn\/wp-content\/uploads\/2021\/09\/tr\u1ee9ung-mu\u1ed1i-2-1200x1200.png 1200w, https:\/\/havamall.vn\/wp-content\/uploads\/2021\/09\/tr\u1ee9ung-mu\u1ed1i-2-600x600.png 600w, https:\/\/havamall.vn\/wp-content\/uploads\/2021\/09\/tr\u1ee9ung-mu\u1ed1i-2-100x100.png 100w, https:\/\/havamall.vn\/wp-content\/uploads\/2021\/09\/tr\u1ee9ung-mu\u1ed1i-2.png 1440w\" sizes=\"(max-width: 652px) 100vw, 652px\" \/><\/p>\n<p>Kem tr\u1ee9ng mu\u1ed1i Cremo 90g\u0111\u01b0\u1ee3c l\u00e0m t\u1eeb c\u00e1c nguy\u00ean li\u1ec7u t\u1ef1 nhi\u00ean cao c\u1ea5p, kh\u00f4ng s\u1eed d\u1ee5ng c\u00e1c h\u00f3a ch\u1ea5t \u0111\u1ed9c h\u1ea1i mang l\u1ea1i h\u01b0\u01a1ng v\u1ecb tuy\u1ec7t v\u1eddi nh\u1ea5t cho s\u1ea3n ph\u1ea9m. Ngo\u00e0i ra, v\u1edbi c\u00f4ng ngh\u1ec7 s\u1ea3n xu\u1ea5t hi\u1ec7n \u0111\u1ea1i c\u1ee7a \u0110\u00e0i Loan,\u00a0kem tr\u1ee9ng mu\u1ed1i Cremo 90g\u00a0\u0111\u1ea3m b\u1ea3o ti\u00eau chu\u1ea9n qu\u1ed1c t\u1ebf an to\u00e0n cho s\u1ee9c kh\u1ecfe ng\u01b0\u1eddi s\u1eed d\u1ee5ng.<\/p>\n<p><img decoding=\"async\" class=\"wp-image-21917 aligncenter\" src=\"https:\/\/havamall.vn\/wp-content\/uploads\/2021\/09\/kem-tr\u1ee9ng-300x300.png\" alt=\"\" width=\"644\" height=\"644\" srcset=\"https:\/\/havamall.vn\/wp-content\/uploads\/2021\/09\/kem-tr\u1ee9ng-300x300.png 300w, https:\/\/havamall.vn\/wp-content\/uploads\/2021\/09\/kem-tr\u1ee9ng-430x430.png 430w, https:\/\/havamall.vn\/wp-content\/uploads\/2021\/09\/kem-tr\u1ee9ng-150x150.png 150w, https:\/\/havamall.vn\/wp-content\/uploads\/2021\/09\/kem-tr\u1ee9ng-700x700.png 700w, https:\/\/havamall.vn\/wp-content\/uploads\/2021\/09\/kem-tr\u1ee9ng-768x768.png 768w, https:\/\/havamall.vn\/wp-content\/uploads\/2021\/09\/kem-tr\u1ee9ng-1024x1024.png 1024w, https:\/\/havamall.vn\/wp-content\/uploads\/2021\/09\/kem-tr\u1ee9ng-600x600.png 600w, https:\/\/havamall.vn\/wp-content\/uploads\/2021\/09\/kem-tr\u1ee9ng-100x100.png 100w, https:\/\/havamall.vn\/wp-content\/uploads\/2021\/09\/kem-tr\u1ee9ng.png 1040w\" sizes=\"(max-width: 644px) 100vw, 644px\" \/><\/p>\n<p>Kem tr\u1ee9ng mu\u1ed1i Cremo 90g tho\u1ea1t nh\u00ecn h\u1eb3n b\u1ea1n s\u1ebd b\u1ecb \u1ea5n t\u01b0\u1ee3ng b\u1edfi di\u1ec7n m\u1ea1o h\u1ea5p d\u1eabn c\u1ee7a que kem,\u00a0v\u1ecb m\u1eb7n m\u1eb7n c\u1ee7a tr\u1ee9ng mu\u1ed1i, v\u1ecb ng\u1ecdt nh\u1eb9, kh\u00f4ng qu\u00e1 b\u00e9o v\u00e0\u00a0kh\u00f4ng th\u1ec3 thi\u1ebfu nh\u1eefng vi\u00ean tr\u00e2n ch\u00e2u dai dai, d\u1ebbo m\u1ec1m.<\/p>\n<p><img loading=\"lazy\" decoding=\"async\" class=\"wp-image-21918 aligncenter\" src=\"https:\/\/havamall.vn\/wp-content\/uploads\/2021\/09\/tr\u1ee9ng-mu\u1ed1i-1-300x300.png\" alt=\"\" width=\"644\" height=\"644\" srcset=\"https:\/\/havamall.vn\/wp-content\/uploads\/2021\/09\/tr\u1ee9ng-mu\u1ed1i-1-300x300.png 300w, https:\/\/havamall.vn\/wp-content\/uploads\/2021\/09\/tr\u1ee9ng-mu\u1ed1i-1-430x430.png 430w, https:\/\/havamall.vn\/wp-content\/uploads\/2021\/09\/tr\u1ee9ng-mu\u1ed1i-1-150x150.png 150w, https:\/\/havamall.vn\/wp-content\/uploads\/2021\/09\/tr\u1ee9ng-mu\u1ed1i-1-700x700.png 700w, https:\/\/havamall.vn\/wp-content\/uploads\/2021\/09\/tr\u1ee9ng-mu\u1ed1i-1-768x768.png 768w, https:\/\/havamall.vn\/wp-content\/uploads\/2021\/09\/tr\u1ee9ng-mu\u1ed1i-1-1024x1024.png 1024w, https:\/\/havamall.vn\/wp-content\/uploads\/2021\/09\/tr\u1ee9ng-mu\u1ed1i-1-600x600.png 600w, https:\/\/havamall.vn\/wp-content\/uploads\/2021\/09\/tr\u1ee9ng-mu\u1ed1i-1-100x100.png 100w, https:\/\/havamall.vn\/wp-content\/uploads\/2021\/09\/tr\u1ee9ng-mu\u1ed1i-1.png 1040w\" sizes=\"(max-width: 644px) 100vw, 644px\" \/><\/p>\n<p>Ai l\u00e0 t\u00edn \u0111\u1ed3 c\u1ee7a tr\u1ee9ng mu\u1ed1i th\u00ec bay ngay v\u00e0o \u0111\u00e2y v\u00ec lo\u1ea1i kem n\u00e0y sinh ra l\u00e0 \u0111\u1ec3 d\u00e0nh cho b\u1ea1n.\u00a0Kem tr\u1ee9ng mu\u1ed1i c\u00f3 l\u1edbp m\u00e0u tr\u1eafng b\u00ean ngo\u00e0i \u0111\u1eadm v\u1ecb s\u1eefa, ph\u1ea7n &#8220;l\u00f2ng \u0111\u1ecf&#8221; th\u00ec \u0111\u00edch th\u1ecb l\u00e0 v\u1ecb tr\u1ee9ng mu\u1ed1i ng\u1eady ng\u1eady r\u1ed3i. Kem kh\u00f4ng h\u1ec1 tanh th\u1eadm ch\u00ed khi m\u1edbi b\u00f3c v\u1ecf ra l\u00e0 \u0111\u00e3 th\u1ea5y m\u00f9i th\u01a1m b\u00e9o kh\u00f4ng th\u1ec3 c\u01b0\u1ee1ng l\u1ea1i r\u1ed3i. Ch\u1ea5t kem m\u1ecbn, c\u1eafn l\u00e0 tan ngay trong mi\u1ec7ng.<\/p>\n<p><img loading=\"lazy\" decoding=\"async\" class=\"wp-image-21919 aligncenter\" src=\"https:\/\/havamall.vn\/wp-content\/uploads\/2021\/09\/134463653_285-300x300.png\" alt=\"\" width=\"642\" height=\"642\" srcset=\"https:\/\/havamall.vn\/wp-content\/uploads\/2021\/09\/134463653_285-300x300.png 300w, https:\/\/havamall.vn\/wp-content\/uploads\/2021\/09\/134463653_285-430x430.png 430w, https:\/\/havamall.vn\/wp-content\/uploads\/2021\/09\/134463653_285-150x150.png 150w, https:\/\/havamall.vn\/wp-content\/uploads\/2021\/09\/134463653_285-700x700.png 700w, https:\/\/havamall.vn\/wp-content\/uploads\/2021\/09\/134463653_285-768x768.png 768w, https:\/\/havamall.vn\/wp-content\/uploads\/2021\/09\/134463653_285-1024x1024.png 1024w, https:\/\/havamall.vn\/wp-content\/uploads\/2021\/09\/134463653_285-1200x1200.png 1200w, https:\/\/havamall.vn\/wp-content\/uploads\/2021\/09\/134463653_285-600x600.png 600w, https:\/\/havamall.vn\/wp-content\/uploads\/2021\/09\/134463653_285-100x100.png 100w, https:\/\/havamall.vn\/wp-content\/uploads\/2021\/09\/134463653_285.png 1440w\" sizes=\"(max-width: 642px) 100vw, 642px\" \/><\/p>\n<p>Cremo l\u00e0 m\u1ed9t trong nh\u1eefng nh\u00e3n hi\u1ec7u kem \u0111\u01b0\u1ee3c \u01b0a chu\u1ed9ng v\u00e0 y\u00eau th\u00edch b\u1edfi ch\u1ea5t l\u01b0\u1ee3ng tuy\u1ec7t v\u1eddi c\u1ee7a s\u1ea3n ph\u1ea9m. Kem \u0111\u01b0\u1ee3c nh\u1eadp kh\u1ea9u tr\u1ef1c ti\u1ebfp t\u1ea1i Th\u00e1i Lan, gi\u1eef nguy\u00ean h\u01b0\u01a1ng v\u1ecb \u0111\u1eb7c tr\u01b0ng mang \u0111\u1ebfn cho b\u1ea1n nh\u1eefng tr\u1ea3i nghi\u1ec7m tuy\u1ec7t v\u1eddi.<\/p>\n<p><img loading=\"lazy\" decoding=\"async\" class=\"wp-image-21920 aligncenter\" src=\"https:\/\/havamall.vn\/wp-content\/uploads\/2021\/09\/hgfhty-286x300.png\" alt=\"\" width=\"636\" height=\"667\" srcset=\"https:\/\/havamall.vn\/wp-content\/uploads\/2021\/09\/hgfhty-286x300.png 286w, https:\/\/havamall.vn\/wp-content\/uploads\/2021\/09\/hgfhty-430x450.png 430w, https:\/\/havamall.vn\/wp-content\/uploads\/2021\/09\/hgfhty-150x157.png 150w, https:\/\/havamall.vn\/wp-content\/uploads\/2021\/09\/hgfhty-700x733.png 700w, https:\/\/havamall.vn\/wp-content\/uploads\/2021\/09\/hgfhty-768x804.png 768w, https:\/\/havamall.vn\/wp-content\/uploads\/2021\/09\/hgfhty-978x1024.png 978w, https:\/\/havamall.vn\/wp-content\/uploads\/2021\/09\/hgfhty-1200x1257.png 1200w, https:\/\/havamall.vn\/wp-content\/uploads\/2021\/09\/hgfhty-600x628.png 600w, https:\/\/havamall.vn\/wp-content\/uploads\/2021\/09\/hgfhty.png 1230w\" sizes=\"(max-width: 636px) 100vw, 636px\" \/><\/p>\n<h3><strong>\u0110\u1eb6C \u0110I\u1ec2M S\u1ea2N PH\u1ea8M:<\/strong><\/h3>\n<p>&#8211; V\u1ecf ngo\u00e0i c\u1ee7a chi\u1ebfc kem c\u00f3 m\u00e0u s\u1eafc kh\u00e1 b\u1eaft m\u1eaft, h\u00ecnh \u1ea3nh minh h\u1ecda mi\u00eau t\u1ea3 ch\u00ednh x\u00e1c s\u1ea3n ph\u1ea9m \u1edf b\u00ean trong.<\/p>\n<p class=\"\">&#8211; Kem tr\u1ee9ng mu\u1ed1i c\u00f3 l\u1edbp m\u00e0u tr\u1eafng b\u00ean ngo\u00e0i \u0111\u1eadm v\u1ecb s\u1eefa ng\u1ecdt, ph\u1ea7n &#8220;l\u00f2ng \u0111\u1ecf&#8221; tr\u1ee9ng mu\u1ed1i ng\u1eady ng\u1eady c\u00f3 v\u1ecb m\u1eb7n kh\u00f4ng h\u1ec1 tanh.<\/p>\n<p class=\"\">&#8211; Khi m\u1edbi b\u00f3c v\u1ecf ra b\u1ea1n \u0111\u00e3 c\u00f3 th\u1ec3 ng\u1eedi \u0111\u01b0\u1ee3c m\u00f9i th\u01a1m b\u00e9o kh\u00e1 \u0111\u1eadm. \u0110\u1eb7c bi\u1ec7t, ch\u1ea5t kem m\u1ecbn, c\u1eafn l\u00e0 tan ngay trong mi\u1ec7ng.<\/p>\n<p>S\u1ea3n ph\u1ea9m hi\u1ec7n \u0111\u00e3 c\u00f3 m\u1eb7t t\u1ea1i Havamall.<\/p>","protected":false},"excerpt":{"rendered":"<p>TH\u00d4NG TIN S\u1ea2N PH\u1ea8M Th\u01b0\u01a1ng hi\u1ec7u Cremo Xu\u1ea5t x\u1ee9 Th\u00e1i Lan Th\u00e0nh ph\u1ea7n N\u01b0\u1edbc. \u0111\u01b0\u1eddng, b\u1ed9t whey, b\u1ed9t tr\u1ee9ng mu\u1ed1i,&#8230;<\/p>","protected":false},"featured_media":21916,"comment_status":"open","ping_status":"closed","template":"","meta":[],"product_brand":[],"product_cat":[275,36],"product_tag":[],"class_list":{"0":"post-21915","1":"product","2":"type-product","3":"status-publish","4":"has-post-thumbnail","6":"product_cat-thuc-pham-dong-lanh","7":"product_cat-thuc-pham-tieu-dung","9":"first","10":"outofstock","11":"sale","12":"shipping-taxable","13":"purchasable","14":"product-type-simple"},"_links":{"self":[{"href":"https:\/\/havamall.vn\/en\/wp-json\/wp\/v2\/product\/21915"}],"collection":[{"href":"https:\/\/havamall.vn\/en\/wp-json\/wp\/v2\/product"}],"about":[{"href":"https:\/\/havamall.vn\/en\/wp-json\/wp\/v2\/types\/product"}],"replies":[{"embeddable":true,"href":"https:\/\/havamall.vn\/en\/wp-json\/wp\/v2\/comments?post=21915"}],"version-history":[{"count":0,"href":"https:\/\/havamall.vn\/en\/wp-json\/wp\/v2\/product\/21915\/revisions"}],"wp:featuredmedia":[{"embeddable":true,"href":"https:\/\/havamall.vn\/en\/wp-json\/wp\/v2\/media\/21916"}],"wp:attachment":[{"href":"https:\/\/havamall.vn\/en\/wp-json\/wp\/v2\/media?parent=21915"}],"wp:term":[{"taxonomy":"product_brand","embeddable":true,"href":"https:\/\/havamall.vn\/en\/wp-json\/wp\/v2\/product_brand?post=21915"},{"taxonomy":"product_cat","embeddable":true,"href":"https:\/\/havamall.vn\/en\/wp-json\/wp\/v2\/product_cat?post=21915"},{"taxonomy":"product_tag","embeddable":true,"href":"https:\/\/havamall.vn\/en\/wp-json\/wp\/v2\/product_tag?post=21915"}],"curies":[{"name":"wp","href":"https:\/\/api.w.org\/{rel}","templated":true}]}}