{"id":21868,"date":"2021-09-09T16:31:35","date_gmt":"2021-09-09T09:31:35","guid":{"rendered":"https:\/\/havamall.vn\/?post_type=product&#038;p=21868"},"modified":"2022-01-27T16:27:54","modified_gmt":"2022-01-27T09:27:54","slug":"loc-6-hop-vang-sua-nestle-ptit-gourmand-vi-vani-vanilla-whey","status":"publish","type":"product","link":"https:\/\/havamall.vn\/en\/shop\/loc-6-hop-vang-sua-nestle-ptit-gourmand-vi-vani-vanilla-whey\/","title":{"rendered":"L\u1ed1c 6 H\u1ed9p V\u00e1ng S\u1eefa Nestle P&#8217;Tit Gourmand V\u1ecb Vani &#8211; Vanilla Whey"},"content":{"rendered":"<h3><strong>TH\u00d4NG TIN S\u1ea2N PH\u1ea8M:<\/strong><\/h3>\n<table>\n<tbody>\n<tr>\n<td>Th\u01b0\u01a1ng hi\u1ec7u<\/td>\n<td><span style=\"font-weight: 400;\">Nestl\u00e9<\/span><\/td>\n<\/tr>\n<tr>\n<td>Xu\u1ea5t x\u1ee9<\/td>\n<td>\u0110\u1ee9c<\/td>\n<\/tr>\n<tr>\n<td>Th\u00e0nh ph\u1ea7n<\/td>\n<td>S\u1eefa nguy\u00ean ch\u1ea5t (90.%), h\u01b0\u01a1ng vani, \u0111\u01b0\u1eddng, tinh b\u1ed9t b\u1eafp,&#8230;<\/td>\n<\/tr>\n<tr>\n<td>H\u1ea1n s\u1eed d\u1ee5ng<\/td>\n<td>12 th\u00e1ng k\u1ec3 t\u1eeb ng\u00e0y s\u1ea3n xu\u1ea5t.<\/td>\n<\/tr>\n<tr>\n<td>B\u1ea3o qu\u1ea3n<\/td>\n<td><span style=\"font-weight: 400;\">B\u1ea3o qu\u1ea3n \u1edf nhi\u1ec7t \u0111\u1ed9 m\u00e1t t\u1eeb 5-25*C<\/span><\/td>\n<\/tr>\n<tr>\n<td>Kh\u1ed1i l\u01b0\u1ee3ng t\u1ecbnh<\/td>\n<td>6x60g<\/td>\n<\/tr>\n<\/tbody>\n<\/table>\n<p><span style=\"font-weight: 400;\">V\u00e1ng S\u1eefa Ph\u00e1p Nestl\u00e9 P&#8217;tit Gourmand V\u1ecb Vani 6 H\u1ed9p x 60g t\u1eeb l\u00e2u l\u00e0 th\u1ef1c ph\u1ea9m kh\u00f4ng th\u1ec3 thi\u1ebfu trong b\u00ed quy\u1ebft nu\u00f4i con kh\u1ecfe m\u1ea1nh c\u1ee7a c\u00e1c m\u1eb9 Ch\u00e2u \u00c2u. V\u1edbi h\u01a1n 150 n\u0103m kinh nghi\u1ec7m d\u1eabn \u0111\u1ea7u trong l\u0129nh v\u1ef1c Dinh D\u01b0\u1ee1ng Tr\u1ebb Nh\u1ecf, Nestle lu\u00f4n n\u1ed7 l\u1ef1c kh\u00f4ng ng\u1eebng \u0111\u1ec3 \u0111em \u0111\u1ebfn nh\u1eefng s\u1ea3n ph\u1ea9m ch\u1ea5t l\u01b0\u1ee3ng &amp; dinh d\u01b0\u1ee1ng to\u00e0n di\u1ec7n cho b\u00e9. C\u0169ng nh\u01b0 M\u1eb9, Nestl\u00e9 tin r\u1eb1ng s\u1ea3n ph\u1ea9m t\u1ed1t tr\u01b0\u1edbc h\u1ebft ph\u1ea3i l\u00e0 s\u1ea3n ph\u1ea9m an to\u00e0n.<\/span><\/p>\n<p><img fetchpriority=\"high\" decoding=\"async\" class=\"wp-image-21880 aligncenter\" src=\"https:\/\/havamall.vn\/wp-content\/uploads\/2021\/09\/fcdcfa94886c-300x300.png\" alt=\"\" width=\"645\" height=\"644\" srcset=\"https:\/\/havamall.vn\/wp-content\/uploads\/2021\/09\/fcdcfa94886c-300x300.png 300w, https:\/\/havamall.vn\/wp-content\/uploads\/2021\/09\/fcdcfa94886c-430x430.png 430w, https:\/\/havamall.vn\/wp-content\/uploads\/2021\/09\/fcdcfa94886c-150x150.png 150w, https:\/\/havamall.vn\/wp-content\/uploads\/2021\/09\/fcdcfa94886c-700x700.png 700w, https:\/\/havamall.vn\/wp-content\/uploads\/2021\/09\/fcdcfa94886c-768x768.png 768w, https:\/\/havamall.vn\/wp-content\/uploads\/2021\/09\/fcdcfa94886c-600x600.png 600w, https:\/\/havamall.vn\/wp-content\/uploads\/2021\/09\/fcdcfa94886c-100x100.png 100w, https:\/\/havamall.vn\/wp-content\/uploads\/2021\/09\/fcdcfa94886c.png 1000w\" sizes=\"(max-width: 645px) 100vw, 645px\" \/><\/p>\n<p><span style=\"font-weight: 400;\">V\u00e1ng s\u1eefa Nestl\u00e9 P&#8217;TIT Gourmand l\u00e0 nh\u00e3n hi\u1ec7u V\u00e1ng s\u1eefa cho b\u00e9 cao c\u1ea5p \u0111\u1ebfn t\u1eeb Ph\u00e1p, \u0111\u01b0\u1ee3c y\u00eau th\u00edch v\u00e0 tin d\u00f9ng b\u1edfi c\u00e1c m\u1eb9 tr\u00ean to\u00e0n th\u1ebf gi\u1edbi. \u0110\u1eb7t ch\u1ea5t l\u01b0\u1ee3ng l\u00ean h\u00e0ng \u0111\u1ea7u, s\u1ea3n ph\u1ea9m \u0111\u01b0\u1ee3c thi\u1ebft k\u1ebf \u0111\u1eb7c bi\u1ec7t d\u00e0nh ri\u00eang cho b\u00e9: kh\u00f4ng s\u1eed d\u1ee5ng ch\u1ea5t b\u1ea3o qu\u1ea3n, kh\u00f4ng m\u00e0u nh\u00e2n t\u1ea1o, kh\u00f4ng h\u01b0\u01a1ng li\u1ec7u h\u00f3a h\u1ecdc. \u0110\u01b0\u1ee3c \u0111\u00f3ng g\u00f3i trong m\u00f4i tr\u01b0\u1eddng k\u00edn b\u1edfi d\u00e2y chuy\u1ec1n s\u1ea3n xu\u1ea5t hi\u1ec7n \u0111\u1ea1i v\u1edbi h\u01a1n 160 \u0111i\u1ec3m ki\u1ec3m tra an to\u00e0n, Nestle Ptit t\u1ef1 h\u00e0o mang \u0111\u1ebfn cho m\u1eb9 ni\u1ec1m tin ch\u1ea5t l\u01b0\u1ee3ng tuy\u1ec7t \u0111\u1ed1i.<\/span><\/p>\n<p><img decoding=\"async\" class=\"wp-image-21875 aligncenter\" src=\"https:\/\/havamall.vn\/wp-content\/uploads\/2021\/09\/26904392-1-300x300.png\" alt=\"\" width=\"649\" height=\"649\" srcset=\"https:\/\/havamall.vn\/wp-content\/uploads\/2021\/09\/26904392-1-300x300.png 300w, https:\/\/havamall.vn\/wp-content\/uploads\/2021\/09\/26904392-1-430x430.png 430w, https:\/\/havamall.vn\/wp-content\/uploads\/2021\/09\/26904392-1-150x150.png 150w, https:\/\/havamall.vn\/wp-content\/uploads\/2021\/09\/26904392-1-700x700.png 700w, https:\/\/havamall.vn\/wp-content\/uploads\/2021\/09\/26904392-1-768x768.png 768w, https:\/\/havamall.vn\/wp-content\/uploads\/2021\/09\/26904392-1-600x600.png 600w, https:\/\/havamall.vn\/wp-content\/uploads\/2021\/09\/26904392-1-100x100.png 100w, https:\/\/havamall.vn\/wp-content\/uploads\/2021\/09\/26904392-1.png 960w\" sizes=\"(max-width: 649px) 100vw, 649px\" \/><\/p>\n<p><span style=\"font-weight: 400;\">V\u00e1ng s\u1eefa Nestle Ptit \u0111em \u0111\u1ebfn ngu\u1ed3n dinh d\u01b0\u1ee1ng v\u01b0\u1ee3t tr\u1ed9i v\u1edbi th\u00e0nh ph\u1ea7n 90% s\u1eefa nguy\u00ean ch\u1ea5t t\u1eeb ngu\u1ed3n s\u1eefa ch\u1ea5t l\u01b0\u1ee3ng cao. S\u1ea3n ph\u1ea9m gi\u00e0u ch\u1ea5t b\u00e9o t\u1ed1t, cung c\u1ea5p n\u0103ng l\u01b0\u1ee3ng cao, c\u00f3 th\u1ec3 s\u1eed d\u1ee5ng nh\u01b0 b\u1eefa \u0103n ph\u1ee5 cho b\u00e9 t\u1eeb 6 th\u00e1ng tu\u1ed5i tr\u1edf l\u00ean. \u0110\u1eb7c bi\u1ec7t, s\u1ea3n ph\u1ea9m &#8220;\u00cdt \u0111\u01b0\u1eddng h\u01a1n 30%&#8221; (so v\u1edbi c\u00e1c s\u1ea3n ph\u1ea9m c\u00f9ng lo\u1ea1i t\u1ea1i Ch\u00e2u \u00c2u-theo nghi\u00ean c\u1ee9u Ciqual 2017) th\u00edch h\u1ee3p cho h\u1ec7 ti\u00eau h\u00f3a c\u00f2n non n\u1edbt c\u1ee7a b\u00e9. Protein \u0111\u01b0\u1ee3c x\u1eed l\u00ed c\u1eaft nh\u1ecf cho b\u00e9 d\u1ec5 ti\u00eau h\u00f3a, kh\u00f4ng \u0111\u1ea7y b\u1ee5ng.<\/span><\/p>\n<p><img decoding=\"async\" class=\"wp-image-21871 aligncenter\" src=\"https:\/\/havamall.vn\/wp-content\/uploads\/2021\/09\/3396075-300x300.png\" alt=\"\" width=\"650\" height=\"651\" srcset=\"https:\/\/havamall.vn\/wp-content\/uploads\/2021\/09\/3396075-300x300.png 300w, https:\/\/havamall.vn\/wp-content\/uploads\/2021\/09\/3396075-430x430.png 430w, https:\/\/havamall.vn\/wp-content\/uploads\/2021\/09\/3396075-150x150.png 150w, https:\/\/havamall.vn\/wp-content\/uploads\/2021\/09\/3396075-700x700.png 700w, https:\/\/havamall.vn\/wp-content\/uploads\/2021\/09\/3396075-768x768.png 768w, https:\/\/havamall.vn\/wp-content\/uploads\/2021\/09\/3396075-600x600.png 600w, https:\/\/havamall.vn\/wp-content\/uploads\/2021\/09\/3396075-100x100.png 100w, https:\/\/havamall.vn\/wp-content\/uploads\/2021\/09\/3396075.png 960w\" sizes=\"(max-width: 650px) 100vw, 650px\" \/><\/p>\n<p><span style=\"font-weight: 400;\">V\u1ecb Vani th\u01a1m ngon, ng\u1ecdt nh\u1eb9 nh\u01b0 v\u1ecb s\u1eefa m\u1eb9 gi\u00fap b\u00e9 \u0103n ngon m\u1ed7i ng\u00e0y. B\u1ea3o qu\u1ea3n d\u1ec5 d\u00e0ng trong ph\u00f2ng m\u00e1t \u1edf nhi\u1ec7t \u0111\u1ed9 5-15*C, ti\u1ec7n l\u1ee3i \u0111\u1ec3 m\u1eb9 mang theo kh\u1eafp n\u01a1i.<\/span><\/p>\n<h3><strong>\u0110\u1eb7c \u0111i\u1ec3m s\u1ea3n ph\u1ea9m:<\/strong><\/h3>\n<p><span style=\"font-weight: 400;\">\u2013 Nh\u1eadp kh\u1ea9u t\u1eeb \u0110\u1ee9c<\/span><\/p>\n<p><span style=\"font-weight: 400;\">\u2013 \u00cdt \u0111\u01b0\u1eddng h\u01a1n 30% gi\u00fap tr\u1ebb ngon mi\u1ec7ng v\u00e0 d\u1ec5 ti\u00eau h\u00f3a.<\/span><\/p>\n<p><span style=\"font-weight: 400;\">\u2013 Nguy\u00ean li\u1ec7u ch\u1ecdn l\u1ecdc, kh\u00f4ng ch\u1ea5t t\u1ea1o m\u00e0u, kh\u00f4ng ch\u1ea5t b\u1ea3o qu\u1ea3n<\/span><\/p>\n<p><span style=\"font-weight: 400;\">\u2013 S\u1eed d\u1ee5ng cho tr\u1ebb t\u1eeb 6 th\u00e1ng tu\u1ed5i tr\u1edf l\u00ean<\/span><\/p>\n<p><img loading=\"lazy\" decoding=\"async\" class=\"wp-image-21877 aligncenter\" src=\"https:\/\/havamall.vn\/wp-content\/uploads\/2021\/09\/32737291_104831239198-300x264.png\" alt=\"\" width=\"667\" height=\"587\" srcset=\"https:\/\/havamall.vn\/wp-content\/uploads\/2021\/09\/32737291_104831239198-300x264.png 300w, https:\/\/havamall.vn\/wp-content\/uploads\/2021\/09\/32737291_104831239198-430x378.png 430w, https:\/\/havamall.vn\/wp-content\/uploads\/2021\/09\/32737291_104831239198-150x132.png 150w, https:\/\/havamall.vn\/wp-content\/uploads\/2021\/09\/32737291_104831239198-700x616.png 700w, https:\/\/havamall.vn\/wp-content\/uploads\/2021\/09\/32737291_104831239198-768x676.png 768w, https:\/\/havamall.vn\/wp-content\/uploads\/2021\/09\/32737291_104831239198-1024x901.png 1024w, https:\/\/havamall.vn\/wp-content\/uploads\/2021\/09\/32737291_104831239198-1200x1056.png 1200w, https:\/\/havamall.vn\/wp-content\/uploads\/2021\/09\/32737291_104831239198-600x528.png 600w, https:\/\/havamall.vn\/wp-content\/uploads\/2021\/09\/32737291_104831239198.png 2048w\" sizes=\"(max-width: 667px) 100vw, 667px\" \/><\/p>\n<h3><strong>C\u00e1ch s\u1eed d\u1ee5ng:<\/strong><\/h3>\n<p><span style=\"font-weight: 400;\">&#8211; V\u00e1ng s\u1eefa Nestle Ptit c\u00f3 th\u1ec3 s\u1eed d\u1ee5ng nh\u01b0 th\u1ef1c ph\u1ea9m b\u1ed5 sung, d\u00f9ng nh\u01b0 b\u1eefa \u0103n ph\u1ee5 cho b\u00e9, \u0111\u1eb7c bi\u1ec7t ph\u00f9 h\u1ee3p trong giai \u0111o\u1ea1n b\u00e9 b\u1eaft \u0111\u1ea7u \u0103n d\u1eb7m. <\/span><\/p>\n<p><span style=\"font-weight: 400;\">&#8211; V\u1edbi h\u00e0m l\u01b0\u1ee3ng ch\u1ea5t b\u00e9o cao, V\u00e1ng s\u1eefa Nestle Ptit l\u00e0 l\u1ef1a ch\u1ecdn t\u1ed1i \u01b0u cho c\u00e1c b\u00e9 tr\u00ean 6 th\u00e1ng tu\u1ed5i, nh\u1ea5t l\u00e0 c\u00e1c b\u00e9 nh\u1eb9 c\u00e2n, m\u1edbi \u1ed1m d\u1eady, c\u1ea7n nhi\u1ec1u n\u0103ng l\u01b0\u1ee3ng.<\/span><\/p>\n<p><img loading=\"lazy\" decoding=\"async\" class=\"aligncenter\" src=\"https:\/\/cf.shopee.vn\/file\/fe767461b02ed4c6fd45e20790edd14b\" alt=\"T\u1eb7ng 1 l\u1ed1c 6 h\u1ed9p) Combo 4 l\u1ed1c 6 h\u1ed9p v\u00e1ng s\u1eefa Nestle P'tit (60gr\/h\u1ed9p) | Shopee Vi\u1ec7t Nam\" width=\"672\" height=\"672\" \/><\/p>\n<p><span style=\"font-weight: 400;\">&#8211; Nh\u1eefng tr\u1ebb c\u1ea7n \u00fd ki\u1ebfn chuy\u00ean gia khi d\u00f9ng bao g\u1ed3m: tr\u1ebb b\u00e9o ph\u00ec, tr\u1ebb d\u01b0\u1edbi 6 th\u00e1ng tu\u1ed5i, tr\u1ebb \u0111ang ti\u00eau ch\u1ea3y, d\u1ecb \u1ee9ng s\u1eefa b\u00f2, t\u00f9y theo m\u1ee9c \u0111\u1ed9 dung n\u1ea1p c\u1ee7a tr\u1ebb, tr\u1ebb t\u1eeb 6 th\u00e1ng &#8211; 1 tu\u1ed5i, c\u00f3 th\u1ec3 s\u1eed d\u1ee5ng 1\/2-1 h\u1ed9p m\u1ed7i ng\u00e0y, tr\u1ebb t\u1eeb 1 tu\u1ed5i tr\u1edf l\u00ean d\u00f9ng 1-2 h\u1ed9p\/ng\u00e0y.<\/span><\/p>\n<p><span style=\"font-weight: 400;\">&#8211; D\u00f9ng h\u1ebft s\u1ea3n ph\u1ea9m sau khi m\u1edf h\u1ed9p v\u00e0 n\u00ean d\u00f9ng d\u01b0\u1edbi s\u1ef1 gi\u00e1m s\u00e1t c\u1ee7a ng\u01b0\u1eddi l\u1edbn.<\/span><\/p>\n<p><span style=\"font-weight: 400;\">&#8211; Kh\u00f4ng d\u00f9ng s\u1ea3n ph\u1ea9m c\u00f3 bao b\u00ec h\u01b0 h\u1ecfng. Kh\u00f4ng d\u00f9ng cho ng\u01b0\u1eddi d\u1ecb \u1ee9ng v\u1edbi c\u00e1c th\u00e0nh ph\u1ea7n c\u1ee7a s\u1ea3n ph\u1ea9m.<\/span><\/p>\n<p><img loading=\"lazy\" decoding=\"async\" class=\"wp-image-21878 aligncenter\" src=\"https:\/\/havamall.vn\/wp-content\/uploads\/2021\/09\/fgbcvb-269x300.png\" alt=\"\" width=\"669\" height=\"746\" srcset=\"https:\/\/havamall.vn\/wp-content\/uploads\/2021\/09\/fgbcvb-269x300.png 269w, https:\/\/havamall.vn\/wp-content\/uploads\/2021\/09\/fgbcvb-430x479.png 430w, https:\/\/havamall.vn\/wp-content\/uploads\/2021\/09\/fgbcvb-150x167.png 150w, https:\/\/havamall.vn\/wp-content\/uploads\/2021\/09\/fgbcvb-700x780.png 700w, https:\/\/havamall.vn\/wp-content\/uploads\/2021\/09\/fgbcvb-768x856.png 768w, https:\/\/havamall.vn\/wp-content\/uploads\/2021\/09\/fgbcvb-919x1024.png 919w, https:\/\/havamall.vn\/wp-content\/uploads\/2021\/09\/fgbcvb-1200x1338.png 1200w, https:\/\/havamall.vn\/wp-content\/uploads\/2021\/09\/fgbcvb-600x669.png 600w, https:\/\/havamall.vn\/wp-content\/uploads\/2021\/09\/fgbcvb.png 1638w\" sizes=\"(max-width: 669px) 100vw, 669px\" \/><\/p>\n<p>S\u1ea3n ph\u1ea9m hi\u1ec7n \u0111\u00e3 c\u00f3 m\u1eb7t t\u1ea1i Havamall.<\/p>","protected":false},"excerpt":{"rendered":"<p>TH\u00d4NG TIN S\u1ea2N PH\u1ea8M: Th\u01b0\u01a1ng hi\u1ec7u Nestl\u00e9 Xu\u1ea5t x\u1ee9 \u0110\u1ee9c Th\u00e0nh ph\u1ea7n S\u1eefa nguy\u00ean ch\u1ea5t (90.%), h\u01b0\u01a1ng vani, \u0111\u01b0\u1eddng, tinh<\/p>","protected":false},"featured_media":21874,"comment_status":"open","ping_status":"closed","template":"","meta":[],"product_brand":[],"product_cat":[36,135],"product_tag":[],"class_list":{"0":"post-21868","1":"product","2":"type-product","3":"status-publish","4":"has-post-thumbnail","6":"product_cat-thuc-pham-tieu-dung","7":"product_cat-sua-do-uong","9":"first","10":"outofstock","11":"sale","12":"shipping-taxable","13":"purchasable","14":"product-type-simple"},"_links":{"self":[{"href":"https:\/\/havamall.vn\/en\/wp-json\/wp\/v2\/product\/21868"}],"collection":[{"href":"https:\/\/havamall.vn\/en\/wp-json\/wp\/v2\/product"}],"about":[{"href":"https:\/\/havamall.vn\/en\/wp-json\/wp\/v2\/types\/product"}],"replies":[{"embeddable":true,"href":"https:\/\/havamall.vn\/en\/wp-json\/wp\/v2\/comments?post=21868"}],"version-history":[{"count":0,"href":"https:\/\/havamall.vn\/en\/wp-json\/wp\/v2\/product\/21868\/revisions"}],"wp:featuredmedia":[{"embeddable":true,"href":"https:\/\/havamall.vn\/en\/wp-json\/wp\/v2\/media\/21874"}],"wp:attachment":[{"href":"https:\/\/havamall.vn\/en\/wp-json\/wp\/v2\/media?parent=21868"}],"wp:term":[{"taxonomy":"product_brand","embeddable":true,"href":"https:\/\/havamall.vn\/en\/wp-json\/wp\/v2\/product_brand?post=21868"},{"taxonomy":"product_cat","embeddable":true,"href":"https:\/\/havamall.vn\/en\/wp-json\/wp\/v2\/product_cat?post=21868"},{"taxonomy":"product_tag","embeddable":true,"href":"https:\/\/havamall.vn\/en\/wp-json\/wp\/v2\/product_tag?post=21868"}],"curies":[{"name":"wp","href":"https:\/\/api.w.org\/{rel}","templated":true}]}}