{"id":21752,"date":"2021-08-27T10:10:56","date_gmt":"2021-08-27T03:10:56","guid":{"rendered":"https:\/\/havamall.vn\/?post_type=product&#038;p=21752"},"modified":"2024-06-13T13:43:14","modified_gmt":"2024-06-13T06:43:14","slug":"kem-banh-ca-vi-cay-binggrae-150ml-spicy-fish-ice-cream-cake","status":"publish","type":"product","link":"https:\/\/havamall.vn\/en\/shop\/kem-banh-ca-vi-cay-binggrae-150ml-spicy-fish-ice-cream-cake\/","title":{"rendered":"Kem B\u00e1nh C\u00e1 V\u1ecb Cay Binggrae 150ml &#8211; Spicy Fish Ice Cream Cake"},"content":{"rendered":"<p>Binggrae l\u00e0 m\u1ed9t trong nh\u1eefng nh\u00e3n hi\u1ec7u kem \u0111\u01b0\u1ee3c \u01b0a chu\u1ed9ng v\u00e0 y\u00eau th\u00edch t\u1ea1i H\u00e0n Qu\u1ed1c b\u1edfi ch\u1ea5t l\u01b0\u1ee3ng tuy\u1ec7t v\u1eddi c\u1ee7a s\u1ea3n ph\u1ea9m. Kem \u0111\u01b0\u1ee3c nh\u1eadp kh\u1ea9u tr\u1ef1c ti\u1ebfp t\u1ea1i H\u00e0n Qu\u1ed1c, gi\u1eef nguy\u00ean h\u01b0\u01a1ng v\u1ecb \u0111\u1eb7c tr\u01b0ng mang \u0111\u1ebfn cho b\u1ea1n nh\u1eefng tr\u1ea3i nghi\u1ec7m tuy\u1ec7t v\u1eddi.<\/p>\n<p>Kem b\u00e1nh c\u00e1 v\u1ecb cay Binggrae 150ml \u0111\u01b0\u1ee3c l\u00e0m t\u1eeb c\u00e1c nguy\u00ean li\u1ec7u t\u1ef1 nhi\u00ean cao c\u1ea5p, kh\u00f4ng s\u1eed d\u1ee5ng c\u00e1c h\u00f3a ch\u1ea5t \u0111\u1ed9c h\u1ea1i mang l\u1ea1i h\u01b0\u01a1ng v\u1ecb tuy\u1ec7t v\u1eddi nh\u1ea5t cho s\u1ea3n ph\u1ea9m. Ngo\u00e0i ra, v\u1edbi c\u00f4ng ngh\u1ec7 s\u1ea3n xu\u1ea5t hi\u1ec7n \u0111\u1ea1i c\u1ee7a H\u00e0n Qu\u1ed1c, Kem b\u00e1nh c\u00e1 tr\u00e2n ch\u00e2u \u0111\u01b0\u1eddng n\u00e2u Samanco Brown Sugar Boba Binggrae \u0111\u1ea3m b\u1ea3o ti\u00eau chu\u1ea9n qu\u1ed1c t\u1ebf an to\u00e0n cho s\u1ee9c kh\u1ecfe ng\u01b0\u1eddi s\u1eed d\u1ee5ng.<\/p>\n<p><img fetchpriority=\"high\" decoding=\"async\" class=\"wp-image-21753 aligncenter\" src=\"https:\/\/havamall.vn\/wp-content\/uploads\/2021\/08\/nghjh-300x114.png\" alt=\"\" width=\"675\" height=\"257\" srcset=\"https:\/\/havamall.vn\/wp-content\/uploads\/2021\/08\/nghjh-300x114.png 300w, https:\/\/havamall.vn\/wp-content\/uploads\/2021\/08\/nghjh-430x163.png 430w, https:\/\/havamall.vn\/wp-content\/uploads\/2021\/08\/nghjh-150x57.png 150w, https:\/\/havamall.vn\/wp-content\/uploads\/2021\/08\/nghjh-700x266.png 700w, https:\/\/havamall.vn\/wp-content\/uploads\/2021\/08\/nghjh-768x292.png 768w, https:\/\/havamall.vn\/wp-content\/uploads\/2021\/08\/nghjh-1024x389.png 1024w, https:\/\/havamall.vn\/wp-content\/uploads\/2021\/08\/nghjh-1200x456.png 1200w, https:\/\/havamall.vn\/wp-content\/uploads\/2021\/08\/nghjh-600x228.png 600w, https:\/\/havamall.vn\/wp-content\/uploads\/2021\/08\/nghjh.png 1600w\" sizes=\"(max-width: 675px) 100vw, 675px\" \/><\/p>\n<p><span style=\"font-weight: 400;\">Kem b\u00e1nh c\u00e1 v\u1ecb cay Binggrae 150ml m\u1ed9t lo\u1ea1i kem c\u00f3 v\u1ecb cay b\u1eb1ng c\u00e1ch th\u00eam n\u01b0\u1edbc s\u1ed1t g\u00e0 n\u00f3ng. <\/span><span style=\"font-weight: 400;\">\u0110\u1ec3 m\u00f4 t\u1ea3 h\u01b0\u01a1ng v\u1ecb c\u1ee7a lo\u1ea1i kem n\u00e0y ch\u1ec9 trong m\u1ed9t t\u1eeb, \u0111\u00f3 l\u00e0 m\u1ed9t c\u1ea3m gi\u00e1c r\u1ea5t l\u1ea1.<\/span><\/p>\n<p><img decoding=\"async\" class=\"wp-image-21754 aligncenter\" src=\"https:\/\/havamall.vn\/wp-content\/uploads\/2021\/08\/mjhh-300x300.png\" alt=\"\" width=\"678\" height=\"678\" srcset=\"https:\/\/havamall.vn\/wp-content\/uploads\/2021\/08\/mjhh-300x300.png 300w, https:\/\/havamall.vn\/wp-content\/uploads\/2021\/08\/mjhh-430x430.png 430w, https:\/\/havamall.vn\/wp-content\/uploads\/2021\/08\/mjhh-150x150.png 150w, https:\/\/havamall.vn\/wp-content\/uploads\/2021\/08\/mjhh-700x700.png 700w, https:\/\/havamall.vn\/wp-content\/uploads\/2021\/08\/mjhh-768x768.png 768w, https:\/\/havamall.vn\/wp-content\/uploads\/2021\/08\/mjhh-600x600.png 600w, https:\/\/havamall.vn\/wp-content\/uploads\/2021\/08\/mjhh-100x100.png 100w, https:\/\/havamall.vn\/wp-content\/uploads\/2021\/08\/mjhh.png 800w\" sizes=\"(max-width: 678px) 100vw, 678px\" \/><\/p>\n<p>Kem b\u00e1nh c\u00e1 v\u1ecb cay ch\u1eafc ch\u1eafn l\u00e0 m\u1ed9t tr\u1ea3i nghi\u1ec7m th\u00fa v\u1ecb v\u1edbi t\u1ea5t c\u1ea3 nh\u1eefng ai l\u1ea7m \u0111\u1ea7u n\u1ebfm th\u1eed.\u00a0 Binggrae m\u00e1t l\u1ea1nh v\u1edbi nh\u00e2n kem l\u1edbp \u0111\u1eadu \u0111\u1ecf ngon l\u00e0nh c\u00f9ng l\u1edbp kem d\u00e0y c\u00f3 nh\u01b0ng l\u1ea1i m\u00f9i v\u1ecb cay cay k\u00edch th\u00edch v\u1ecb gi\u00e1c gi\u00fap b\u1ea1n d\u1eb9p tan c\u01a1n kh\u00e1t v\u00e0o nh\u1eefng ng\u00e0y n\u1eafng n\u00f3ng. \u0110\u1eb7c bi\u1ec7t, khi c\u1eafn v\u00e0o b\u00ean trong, l\u1edbp b\u00e1nh c\u00e1 gi\u00f2n b\u00ean ngo\u00e0i h\u00f2a quy\u1ec7n c\u00f9ng nh\u00e2n kem c\u00f3 v\u1ecb cay b\u00ean trong c\u00e0ng l\u00e0m cho s\u1ea3n ph\u1ea9m th\u00eam ph\u1ea7n h\u1ea5p d\u1eabn v\u00e0 th\u00fa v\u1ecb h\u01a1n bao gi\u1edd h\u1ebft.<\/p>\n<p><img decoding=\"async\" class=\"wp-image-21755 aligncenter\" src=\"https:\/\/havamall.vn\/wp-content\/uploads\/2021\/08\/hghf-300x300.png\" alt=\"\" width=\"676\" height=\"676\" srcset=\"https:\/\/havamall.vn\/wp-content\/uploads\/2021\/08\/hghf-300x300.png 300w, https:\/\/havamall.vn\/wp-content\/uploads\/2021\/08\/hghf-430x430.png 430w, https:\/\/havamall.vn\/wp-content\/uploads\/2021\/08\/hghf-150x150.png 150w, https:\/\/havamall.vn\/wp-content\/uploads\/2021\/08\/hghf-600x600.png 600w, https:\/\/havamall.vn\/wp-content\/uploads\/2021\/08\/hghf-100x100.png 100w, https:\/\/havamall.vn\/wp-content\/uploads\/2021\/08\/hghf.png 700w\" sizes=\"(max-width: 676px) 100vw, 676px\" \/><\/p>\n<p>Ph\u1ea7n b\u00e1nh c\u00e1 lu\u00f4n l\u00e0 ph\u1ea7n quan tr\u1ecdng c\u1ee7a kem. Kh\u00f4ng ch\u1ec9 ch\u1ecbu tr\u00e1ch nhi\u1ec7m gi\u1eef kem, b\u00e1nh c\u00e1 c\u00f2n t\u00f4n l\u00ean v\u1ecb ngon c\u1ee7a kem b\u00ean trong. V\u00e0 c\u00e1c lo\u1ea1i kem b\u00e1nh c\u00e1 c\u1ee7a Binggrae lu\u00f4n n\u1ed5i ti\u1ebfng v\u00ec l\u1edbp b\u00e1nh th\u01a1m m\u1ecbn.<\/p>\n<p>Kem b\u00e1nh c\u00e1 v\u1ecb cay\u00a0v\u1eabn v\u1edbi l\u1edbp b\u00e1nh c\u00e1 m\u1ec1m dai quen thu\u1ed9c lu\u00f4n h\u1ed1i th\u00fac b\u1ea1n c\u1eafn m\u1ed9t mi\u1ebfng nh\u01b0ng \u0111ang ch\u1ee9a trong m\u00ecnh l\u1edbp \u0111\u1eadu \u0111\u1ecf th\u01a1m ngon, c\u00f9ng l\u1edbp kem d\u00e0y c\u00f3 m\u00f9i v\u1ecb cay nh\u1eb9 m\u00e0 ph\u1ea3i n\u1ebfm th\u1eed b\u1ea1n m\u1edbi c\u00f3 th\u1ec3 t\u01b0\u1edfng t\u01b0\u1ee3ng ra \u0111\u01b0\u1ee3c.<\/p>\n<p><img loading=\"lazy\" decoding=\"async\" class=\"wp-image-21756 aligncenter\" src=\"https:\/\/havamall.vn\/wp-content\/uploads\/2021\/08\/kuik-300x300.png\" alt=\"\" width=\"685\" height=\"685\" srcset=\"https:\/\/havamall.vn\/wp-content\/uploads\/2021\/08\/kuik-300x300.png 300w, https:\/\/havamall.vn\/wp-content\/uploads\/2021\/08\/kuik-430x430.png 430w, https:\/\/havamall.vn\/wp-content\/uploads\/2021\/08\/kuik-150x150.png 150w, https:\/\/havamall.vn\/wp-content\/uploads\/2021\/08\/kuik-700x700.png 700w, https:\/\/havamall.vn\/wp-content\/uploads\/2021\/08\/kuik-768x768.png 768w, https:\/\/havamall.vn\/wp-content\/uploads\/2021\/08\/kuik-600x600.png 600w, https:\/\/havamall.vn\/wp-content\/uploads\/2021\/08\/kuik-100x100.png 100w, https:\/\/havamall.vn\/wp-content\/uploads\/2021\/08\/kuik.png 900w\" sizes=\"(max-width: 685px) 100vw, 685px\" \/><\/p>","protected":false},"excerpt":{"rendered":"<p>Binggrae l\u00e0 m\u1ed9t trong nh\u1eefng nh\u00e3n hi\u1ec7u kem \u0111\u01b0\u1ee3c \u01b0a chu\u1ed9ng v\u00e0 y\u00eau th\u00edch t\u1ea1i H\u00e0n Qu\u1ed1c b\u1edfi ch\u1ea5t l\u01b0\u1ee3ng<\/p>","protected":false},"featured_media":21757,"comment_status":"open","ping_status":"closed","template":"","meta":[],"product_brand":[],"product_cat":[275,36],"product_tag":[],"class_list":{"0":"post-21752","1":"product","2":"type-product","3":"status-publish","4":"has-post-thumbnail","6":"product_cat-thuc-pham-dong-lanh","7":"product_cat-thuc-pham-tieu-dung","8":"pa_brand-binggrae","10":"first","11":"instock","12":"sale","13":"shipping-taxable","14":"purchasable","15":"product-type-simple"},"_links":{"self":[{"href":"https:\/\/havamall.vn\/en\/wp-json\/wp\/v2\/product\/21752"}],"collection":[{"href":"https:\/\/havamall.vn\/en\/wp-json\/wp\/v2\/product"}],"about":[{"href":"https:\/\/havamall.vn\/en\/wp-json\/wp\/v2\/types\/product"}],"replies":[{"embeddable":true,"href":"https:\/\/havamall.vn\/en\/wp-json\/wp\/v2\/comments?post=21752"}],"version-history":[{"count":0,"href":"https:\/\/havamall.vn\/en\/wp-json\/wp\/v2\/product\/21752\/revisions"}],"wp:featuredmedia":[{"embeddable":true,"href":"https:\/\/havamall.vn\/en\/wp-json\/wp\/v2\/media\/21757"}],"wp:attachment":[{"href":"https:\/\/havamall.vn\/en\/wp-json\/wp\/v2\/media?parent=21752"}],"wp:term":[{"taxonomy":"product_brand","embeddable":true,"href":"https:\/\/havamall.vn\/en\/wp-json\/wp\/v2\/product_brand?post=21752"},{"taxonomy":"product_cat","embeddable":true,"href":"https:\/\/havamall.vn\/en\/wp-json\/wp\/v2\/product_cat?post=21752"},{"taxonomy":"product_tag","embeddable":true,"href":"https:\/\/havamall.vn\/en\/wp-json\/wp\/v2\/product_tag?post=21752"}],"curies":[{"name":"wp","href":"https:\/\/api.w.org\/{rel}","templated":true}]}}