{"id":21717,"date":"2021-08-26T14:54:46","date_gmt":"2021-08-26T07:54:46","guid":{"rendered":"https:\/\/havamall.vn\/?post_type=product&#038;p=21717"},"modified":"2022-06-14T15:19:13","modified_gmt":"2022-06-14T08:19:13","slug":"bong-tam-huu-co-dau-to-cho-be-56-cai-silvercare-organic-baby-cotton-buds-56-pieces","status":"publish","type":"product","link":"https:\/\/havamall.vn\/en\/shop\/bong-tam-huu-co-dau-to-cho-be-56-cai-silvercare-organic-baby-cotton-buds-56-pieces\/","title":{"rendered":"B\u00f4ng T\u0103m H\u1eefu C\u01a1 \u0110\u1ea7u To Cho B\u00e9 56 C\u00e1i SilverCare &#8211; Organic Baby Cotton Buds 56 Pieces"},"content":{"rendered":"<p>Silvercare l\u00e0 d\u00f2ng s\u1ea3n ph\u1ea9m ch\u0103m s\u00f3c v\u1ec7 sinh ph\u1ee5 n\u1eef v\u1edbi th\u00e0nh ph\u1ea7n cotton h\u1eefu c\u01a1 c\u00f3 ch\u1ee9ng nh\u1eadn n\u1ed5i ti\u1ebfng t\u1ea1i Ch\u00e2u \u00c2u, tr\u1ef1c thu\u1ed9c c\u00f4ng ty Cohitech, c\u00f3 tr\u1ee5 s\u1edf ch\u00ednh g\u1ea7n Barcelona (T\u00e2y Ban Nha).\u00a0C\u00e1c s\u1ea3n ph\u1ea9m c\u1ee7a SilverCare \u0111\u1ec1u \u0111\u01b0\u1ee3c ch\u1ee9ng nh\u1eadn ch\u1ea5t l\u01b0\u1ee3ng cotton t\u1ef1 nhi\u00ean b\u1edfi Cotton Inc. v\u00e0 ch\u1ee9ng nh\u1eadn h\u1eefu c\u01a1 GOTS (Global Organic Textile Standard).<\/p>\n<div>\n<div class=\"p2\">Ngo\u00e0i ra t\u1ea5t c\u1ea3 s\u1ea3n ph\u1ea9m Cohitech \u0111\u1ec1u tr\u1ea3i qua th\u1eed nghi\u1ec7m hypoallergenic, h\u1ea1n ch\u1ebf t\u1ed1i da k\u00edch \u1ee9ng b\u1edfi c\u00e1c Labo \u0111\u1ed9c l\u1eadp. \u0110\u1ebfn v\u1edbi d\u00f2ng s\u1ea3n ph\u1ea9m ch\u0103m s\u00f3c v\u1ec7 sinh ph\u1ee5 n\u1eef Silvercare c\u1ee7a Cohitech b\u1ea1n s\u1ebd c\u1ea3m th\u1ea5y an to\u00e0n, t\u1ef1 tin v\u00e0 tho\u1ea3i m\u00e1i d\u1ec5 ch\u1ecbu.<\/div>\n<\/div>\n<h1><\/h1>\n<div><\/div>\n<div><img fetchpriority=\"high\" decoding=\"async\" class=\"alignnone wp-image-21711 aligncenter\" src=\"https:\/\/havamall.vn\/wp-content\/uploads\/2021\/08\/T\u1ea8Y-TRANG-6-300x89.jpg\" alt=\"\" width=\"849\" height=\"252\" srcset=\"https:\/\/havamall.vn\/wp-content\/uploads\/2021\/08\/T\u1ea8Y-TRANG-6-300x89.jpg 300w, https:\/\/havamall.vn\/wp-content\/uploads\/2021\/08\/T\u1ea8Y-TRANG-6-430x128.jpg 430w, https:\/\/havamall.vn\/wp-content\/uploads\/2021\/08\/T\u1ea8Y-TRANG-6-150x44.jpg 150w, https:\/\/havamall.vn\/wp-content\/uploads\/2021\/08\/T\u1ea8Y-TRANG-6-700x208.jpg 700w, https:\/\/havamall.vn\/wp-content\/uploads\/2021\/08\/T\u1ea8Y-TRANG-6-768x228.jpg 768w, https:\/\/havamall.vn\/wp-content\/uploads\/2021\/08\/T\u1ea8Y-TRANG-6-1024x304.jpg 1024w, https:\/\/havamall.vn\/wp-content\/uploads\/2021\/08\/T\u1ea8Y-TRANG-6-1200x356.jpg 1200w, https:\/\/havamall.vn\/wp-content\/uploads\/2021\/08\/T\u1ea8Y-TRANG-6-600x178.jpg 600w\" sizes=\"(max-width: 849px) 100vw, 849px\" \/><\/div>\n<div><\/div>\n<div>M\u1ed9t trong nh\u1eefng s\u1ea3n ph\u1ea9m h\u1eefu c\u01a1 c\u1ee7a\u00a0Cohitech kh\u00f4ng th\u1ec3 kh\u00f4ng k\u1ec3 \u0111\u1ebfn <strong>B\u00f4ng T\u0103m H\u1eefu C\u01a1 Cho B\u00e9 SilverCare<\/strong>.\u00a0\u0110\u1ea7u b\u00f4ng c\u00f3 th\u00e0nh ph\u1ea7n\u00a0100% cotton h\u1eefu c\u01a1 \u0111\u01b0\u1ee3c\u00a0ch\u1ee9ng nh\u1eadn h\u1eefu c\u01a1 GOTS, ph\u00e2n th\u00e0nh 2 n\u1ea5c \u0111\u1ec3 tr\u00e1nh l\u00e0m t\u1ed5n th\u01b0\u01a1ng tai c\u1ee7a b\u00e9 trong qu\u00e1 tr\u00ecnh v\u1ec7 sinh.\u00a0Que b\u00f4ng l\u00e0m b\u1eb1ng gi\u1ea5y t\u00e1i ch\u1ebf \u0111\u01b0\u1ee3c. S\u1ea3n ph\u1ea9m mang l\u1ea1i s\u1ef1 m\u1ec1m m\u1ea1i, an to\u00e0n cho b\u00e9.<\/div>\n<div><\/div>\n<div><img decoding=\"async\" class=\"wp-image-21721 aligncenter\" src=\"https:\/\/havamall.vn\/wp-content\/uploads\/2021\/08\/B\u00d4NG-T\u0102M-7-300x134.jpg\" alt=\"\" width=\"851\" height=\"380\" srcset=\"https:\/\/havamall.vn\/wp-content\/uploads\/2021\/08\/B\u00d4NG-T\u0102M-7-300x134.jpg 300w, https:\/\/havamall.vn\/wp-content\/uploads\/2021\/08\/B\u00d4NG-T\u0102M-7-430x192.jpg 430w, https:\/\/havamall.vn\/wp-content\/uploads\/2021\/08\/B\u00d4NG-T\u0102M-7-150x67.jpg 150w, https:\/\/havamall.vn\/wp-content\/uploads\/2021\/08\/B\u00d4NG-T\u0102M-7-700x313.jpg 700w, https:\/\/havamall.vn\/wp-content\/uploads\/2021\/08\/B\u00d4NG-T\u0102M-7-768x343.jpg 768w, https:\/\/havamall.vn\/wp-content\/uploads\/2021\/08\/B\u00d4NG-T\u0102M-7-600x268.jpg 600w, https:\/\/havamall.vn\/wp-content\/uploads\/2021\/08\/B\u00d4NG-T\u0102M-7.jpg 900w\" sizes=\"(max-width: 851px) 100vw, 851px\" \/><\/div>\n<div><\/div>\n<h3><strong>\u01afU \u0110I\u1ec2M S\u1ea2N PH\u1ea8M<\/strong><\/h3>\n<div>\n<p dir=\"ltr\">&#8211; <strong>Kh\u00f4ng t\u1ea9y tr\u1eafng b\u1eb1ng clo v\u00e0 kh\u00f4ng t\u1ea1o ch\u1ea5t dioxin:<\/strong> Vi\u1ec7c t\u1ea9y tr\u1eafng b\u1eb1ng clo gi\u1ea3i ph\u00f3ng ch\u1ea5t dioxin, \u0111\u01b0\u1ee3c T\u1ed5 ch\u1ee9c Y t\u1ebf th\u1ebf gi\u1edbi (WHO) x\u00e1c \u0111\u1ecbnh l\u00e0 ch\u1ea5t c\u00f3 kh\u1ea3 n\u0103ng g\u00e2y ung th\u01b0. Theo C\u01a1 quan b\u1ea3o v\u1ec7 m\u00f4i sinh M\u1ef9 (EPA), dioxin t\u1ed3n t\u1ea1i trong b\u0103ng v\u1ec7 sinh c\u0169ng c\u00f3 th\u1ec3 l\u00e0m t\u0103ng nguy c\u01a1 m\u1eafc b\u1ec7nh vi\u00eam v\u00f9ng ch\u1eadu, c\u00e1c v\u1ea5n \u0111\u1ec1 v\u1ec1 sinh s\u1ea3n v\u00e0 \u1ea3nh h\u01b0\u1edfng \u0111\u1ebfn h\u1ec7 mi\u1ec5n d\u1ecbch. Kh\u00f4ng c\u00f3 m\u1ee9c \u0111\u1ed9 ph\u01a1i nhi\u1ec5m dioxin an to\u00e0n b\u1edfi dioxin t\u00edch l\u0169y sinh h\u1ecdc t\u1ea1i c\u00e1c m\u00f4 m\u1ee1 trong c\u01a1 th\u1ec3 v\u00e0 th\u1eddi gian ph\u00e2n h\u1ee7y ch\u1eadm.<\/p>\n<p dir=\"ltr\"><strong>&#8211; Kh\u00f4ng ch\u1ee9a glyphosate:<\/strong> ch\u1ea5t th\u01b0\u1eddng c\u00f3 trong b\u0103ng v\u1ec7 sinh v\u00e0 c\u00e1c s\u1ea3n ph\u1ea9m l\u00e0m t\u1eeb s\u1ee3i b\u00f4ng (b\u0103ng, g\u1ea1c, b\u00f4ng t\u1ea9y trang&#8230;). Glyphosate v\u1ed1n l\u00e0 th\u00e0nh ph\u1ea7n ch\u00ednh c\u1ee7a lo\u1ea1i thu\u1ed1c di\u1ec7t c\u1ecf ph\u1ed5 bi\u1ebfn nh\u1ea5t th\u1ebf gi\u1edbi (thu\u1ed1c di\u1ec7t c\u1ecf Roundup c\u1ee7a c\u00f4ng ty Monsanto) \u0111\u01b0\u1ee3c s\u1eed d\u1ee5ng trong vi\u1ec7c tr\u1ed3ng b\u00f4ng bi\u1ebfn \u0111\u1ed5i gen.<\/p>\n<p dir=\"ltr\"><strong>&#8211; Kh\u00f4ng ch\u1ee9a h\u01b0\u01a1ng th\u01a1m v\u00e0 s\u1ee3i nh\u00e2n t\u1ea1o (viscose):<\/strong> gi\u1ea3m g\u00e2y k\u00edch \u1ee9ng t\u1ed1i \u0111a.<\/p>\n<p dir=\"ltr\"><strong>&#8211; Kh\u00f4ng ch\u1ee9a b\u1ed9t b\u00f4ng g\u1ed7 hay b\u1ed9t gi\u1ea5y cellulose (xenlulo, xenluloz\u01a1, xenluloza ho\u1eb7c xenlul\u00f4).<\/strong><\/p>\n<p dir=\"ltr\"><strong>&#8211; Ph\u00e2n hu\u1ef7 sinh h\u1ecdc cao:<\/strong> kh\u00f4ng g\u00e2y h\u1ea1i \u0111\u1ebfn m\u00f4i tr\u01b0\u1eddng.<\/p>\n<p dir=\"ltr\"><img decoding=\"async\" class=\"alignnone wp-image-21722 aligncenter\" src=\"https:\/\/havamall.vn\/wp-content\/uploads\/2021\/08\/B\u00d4NG-T\u0102M-4-300x300.jpg\" alt=\"\" width=\"850\" height=\"850\" srcset=\"https:\/\/havamall.vn\/wp-content\/uploads\/2021\/08\/B\u00d4NG-T\u0102M-4-300x300.jpg 300w, https:\/\/havamall.vn\/wp-content\/uploads\/2021\/08\/B\u00d4NG-T\u0102M-4-430x430.jpg 430w, https:\/\/havamall.vn\/wp-content\/uploads\/2021\/08\/B\u00d4NG-T\u0102M-4-150x150.jpg 150w, https:\/\/havamall.vn\/wp-content\/uploads\/2021\/08\/B\u00d4NG-T\u0102M-4-700x700.jpg 700w, https:\/\/havamall.vn\/wp-content\/uploads\/2021\/08\/B\u00d4NG-T\u0102M-4-768x768.jpg 768w, https:\/\/havamall.vn\/wp-content\/uploads\/2021\/08\/B\u00d4NG-T\u0102M-4-1024x1024.jpg 1024w, https:\/\/havamall.vn\/wp-content\/uploads\/2021\/08\/B\u00d4NG-T\u0102M-4-1200x1200.jpg 1200w, https:\/\/havamall.vn\/wp-content\/uploads\/2021\/08\/B\u00d4NG-T\u0102M-4-600x600.jpg 600w, https:\/\/havamall.vn\/wp-content\/uploads\/2021\/08\/B\u00d4NG-T\u0102M-4-100x100.jpg 100w, https:\/\/havamall.vn\/wp-content\/uploads\/2021\/08\/B\u00d4NG-T\u0102M-4.jpg 1400w\" sizes=\"(max-width: 850px) 100vw, 850px\" \/><\/p>\n<h3><strong>H\u01af\u1edaNG D\u1eaaN S\u1eec D\u1ee4NG<\/strong><\/h3>\n<p>S\u1ea3n ph\u1ea9m \u0111\u01b0\u1ee3c d\u00f9ng cho m\u1ee5c \u0111\u00edch r\u1ea5t ti\u1ec7n l\u1ee3i trong vi\u1ec7c th\u1ea5m, lau, l\u00e0m s\u1ea1ch tai v\u00e0 m\u0169i cho b\u00e9.<\/p>\n<p><img loading=\"lazy\" decoding=\"async\" class=\"alignnone wp-image-21723 aligncenter\" src=\"https:\/\/havamall.vn\/wp-content\/uploads\/2021\/08\/B\u00d4NG-T\u0102M-8-300x171.jpg\" alt=\"\" width=\"851\" height=\"486\" srcset=\"https:\/\/havamall.vn\/wp-content\/uploads\/2021\/08\/B\u00d4NG-T\u0102M-8-300x171.jpg 300w, https:\/\/havamall.vn\/wp-content\/uploads\/2021\/08\/B\u00d4NG-T\u0102M-8-430x246.jpg 430w, https:\/\/havamall.vn\/wp-content\/uploads\/2021\/08\/B\u00d4NG-T\u0102M-8-150x86.jpg 150w, https:\/\/havamall.vn\/wp-content\/uploads\/2021\/08\/B\u00d4NG-T\u0102M-8-700x400.jpg 700w, https:\/\/havamall.vn\/wp-content\/uploads\/2021\/08\/B\u00d4NG-T\u0102M-8-768x439.jpg 768w, https:\/\/havamall.vn\/wp-content\/uploads\/2021\/08\/B\u00d4NG-T\u0102M-8-1024x585.jpg 1024w, https:\/\/havamall.vn\/wp-content\/uploads\/2021\/08\/B\u00d4NG-T\u0102M-8-1200x686.jpg 1200w, https:\/\/havamall.vn\/wp-content\/uploads\/2021\/08\/B\u00d4NG-T\u0102M-8-600x343.jpg 600w, https:\/\/havamall.vn\/wp-content\/uploads\/2021\/08\/B\u00d4NG-T\u0102M-8.jpg 1400w\" sizes=\"(max-width: 851px) 100vw, 851px\" \/><\/p>\n<\/div>\n<h3><\/h3>\n<h3><strong>TH\u00d4NG TIN S\u1ea2N PH\u1ea8M<\/strong><\/h3>\n<table id=\"table-product-detail\">\n<tbody>\n<tr>\n<td>Th\u01b0\u01a1ng Hi\u1ec7u<\/td>\n<td>SilverCare<\/td>\n<\/tr>\n<tr>\n<td>Xu\u1ea5t X\u1ee9<\/td>\n<td>T\u00e2y Ban Nha<\/td>\n<\/tr>\n<tr>\n<td>S\u1ed1 l\u01b0\u1ee3ng\/H\u1ed9p<\/td>\n<td>56 c\u00e1i\/h\u1ed9p<\/td>\n<\/tr>\n<tr>\n<td>H\u1ea1n s\u1eed d\u1ee5ng<\/td>\n<td>5 n\u0103m k\u1ec3 t\u1eeb ng\u00e0y s\u1ea3n xu\u1ea5t<\/td>\n<\/tr>\n<tr>\n<td>L\u01b0u \u00fd khi s\u1eed d\u1ee5ng<\/td>\n<td>D\u00e0nh cho b\u00e9 s\u01a1 sinh tr\u1edf \u0111i. Kh\u00f4ng \u0111\u01b0\u1ee3c \u0111\u1ea9y s\u00e2u b\u00f4ng t\u0103m v\u00e0o \u1ed1ng tai v\u00ec d\u1ec5 l\u00e0m \u1ea3nh h\u01b0\u1edfng \u0111\u1ebfn m\u00e0ng nh\u0129 v\u00e0 t\u1ed5n th\u01b0\u01a1ng h\u1ec7 th\u00ednh gi\u00e1c c\u1ee7a b\u00e9.<\/td>\n<\/tr>\n<\/tbody>\n<\/table>","protected":false},"excerpt":{"rendered":"<ul>\n<li>\u0110\u1ea7u b\u00f4ng c\u00f3 th\u00e0nh ph\u1ea7n\u00a0100% cotton h\u1eefu c\u01a1 \u0111\u01b0\u1ee3c\u00a0ch\u1ee9ng nh\u1eadn h\u1eefu c\u01a1.<\/li>\n<li>Kh\u00f4ng t\u1ea9y tr\u1eafng b\u1eb1ng clo v\u00e0 kh\u00f4ng t\u1ea1o ch\u1ea5t dioxin, kh\u00f4ng ch\u1ee9a glyphosate, kh\u00f4ng ch\u1ee9a h\u01b0\u01a1ng th\u01a1m v\u00e0 s\u1ee3i nh\u00e2n t\u1ea1o, kh\u00f4ng ch\u1ee9a b\u1ed9t b\u00f4ng g\u1ed7 hay b\u1ed9t gi\u1ea5y cellulose.<\/li>\n<li>M\u1ec1m m\u1ea1i, an to\u00e0n tuy\u1ec7t \u0111\u1ed1i cho b\u00e9.<\/li>\n<li>Ph\u00e2n hu\u1ef7 sinh h\u1ecdc cao, kh\u00f4ng g\u00e2y h\u1ea1i \u0111\u1ebfn m\u00f4i tr\u01b0\u1eddng.<\/li>\n<li>Ch\u1ee9ng nh\u1eadn h\u1eefu c\u01a1 ICEA v\u00e0 GOTS (Global Organic Textiles Standards).<\/li>\n<li>S\u1ea3n xu\u1ea5t v\u00e0 nh\u1eadp tr\u1ef1c ti\u1ebfp t\u1eeb T\u00e2y Ban Nha.<\/li>\n<\/ul>","protected":false},"featured_media":21736,"comment_status":"open","ping_status":"closed","template":"","meta":[],"product_brand":[],"product_cat":[397,256,35],"product_tag":[],"class_list":{"0":"post-21717","1":"product","2":"type-product","3":"status-publish","4":"has-post-thumbnail","6":"product_cat-hang-me-be-do-choi","7":"product_cat-thuc-pham-huu-co","8":"product_cat-nha-cua-doi-song","10":"first","11":"instock","12":"sale","13":"shipping-taxable","14":"purchasable","15":"product-type-simple"},"_links":{"self":[{"href":"https:\/\/havamall.vn\/en\/wp-json\/wp\/v2\/product\/21717"}],"collection":[{"href":"https:\/\/havamall.vn\/en\/wp-json\/wp\/v2\/product"}],"about":[{"href":"https:\/\/havamall.vn\/en\/wp-json\/wp\/v2\/types\/product"}],"replies":[{"embeddable":true,"href":"https:\/\/havamall.vn\/en\/wp-json\/wp\/v2\/comments?post=21717"}],"version-history":[{"count":0,"href":"https:\/\/havamall.vn\/en\/wp-json\/wp\/v2\/product\/21717\/revisions"}],"wp:featuredmedia":[{"embeddable":true,"href":"https:\/\/havamall.vn\/en\/wp-json\/wp\/v2\/media\/21736"}],"wp:attachment":[{"href":"https:\/\/havamall.vn\/en\/wp-json\/wp\/v2\/media?parent=21717"}],"wp:term":[{"taxonomy":"product_brand","embeddable":true,"href":"https:\/\/havamall.vn\/en\/wp-json\/wp\/v2\/product_brand?post=21717"},{"taxonomy":"product_cat","embeddable":true,"href":"https:\/\/havamall.vn\/en\/wp-json\/wp\/v2\/product_cat?post=21717"},{"taxonomy":"product_tag","embeddable":true,"href":"https:\/\/havamall.vn\/en\/wp-json\/wp\/v2\/product_tag?post=21717"}],"curies":[{"name":"wp","href":"https:\/\/api.w.org\/{rel}","templated":true}]}}