{"id":21686,"date":"2021-08-26T10:49:45","date_gmt":"2021-08-26T03:49:45","guid":{"rendered":"https:\/\/havamall.vn\/?post_type=product&#038;p=21686"},"modified":"2023-06-05T17:34:12","modified_gmt":"2023-06-05T10:34:12","slug":"banh-xep-nhan-kim-chi-va-khoai-tay-naraefood-325g-potato-pork-mandu","status":"publish","type":"product","link":"https:\/\/havamall.vn\/en\/shop\/banh-xep-nhan-kim-chi-va-khoai-tay-naraefood-325g-potato-pork-mandu\/","title":{"rendered":"B\u00e1nh X\u1ebfp Nh\u00e2n Th\u1ecbt V\u00e0 Khoai T\u00e2y Naraefood 325g \u2013 Potato Pork Mandu"},"content":{"rendered":"<h3><strong>TH\u00d4NG TIN S\u1ea2N PH\u1ea8M<\/strong><\/h3>\n<table>\n<tbody>\n<tr>\n<td>Th\u01b0\u01a1ng hi\u1ec7u<\/td>\n<td>Naraefood<\/td>\n<\/tr>\n<tr>\n<td>Xu\u1ea5t x\u1ee9<\/td>\n<td>H\u00e0n Qu\u1ed1c<\/td>\n<\/tr>\n<tr>\n<td>Th\u00e0nh ph\u1ea7n<\/td>\n<td>N\u01b0\u1edbc,\u00a0b\u1ed9t l\u00faa m\u00ec, th\u1ecbt heo, tinh b\u1ed9t khoai t\u00e2y,h\u00e0nh l\u00e1, h\u00e0nh t\u00e2y, n\u01b0\u1edbc t\u01b0\u01a1ng l\u00ean men, t\u1ecfi, l\u00f2ng tr\u1eafng tr\u1ee9ng&#8230;<\/td>\n<\/tr>\n<tr>\n<td>H\u1ea1n s\u1eed d\u1ee5ng<\/td>\n<td>12 th\u00e1ng k\u1ec3 t\u1eeb ng\u00e0y s\u1ea3n xu\u1ea5t.<\/td>\n<\/tr>\n<tr>\n<td>B\u1ea3o qu\u1ea3n<\/td>\n<td>B\u1ea3o qu\u1ea3n \u1edf nhi\u1ec7t \u0111\u1ed9 -18 \u0111\u1ed9 C ho\u1eb7c ng\u0103n \u0111\u00f4ng t\u1ee7 l\u1ea1nh<\/td>\n<\/tr>\n<tr>\n<td>C\u00e1ch d\u00f9ng<\/td>\n<td>Chi\u00ean gi\u00f2n, chi\u00ean \u00e1p ch\u1ea3o, h\u1ea5p<\/td>\n<\/tr>\n<tr>\n<td>Kh\u1ed1i l\u01b0\u1ee3ng<\/td>\n<td>325gr<\/td>\n<\/tr>\n<\/tbody>\n<\/table>\n<p><span style=\"font-weight: 400;\">M\u00f3n b\u00e1nh x\u1ebfp truy\u1ec1n th\u1ed1ng c\u1ee7a H\u00e0n qu\u1ed1c v\u1edbi nh\u00e2n b\u00e1nh l\u00e0 s\u1ef1 h\u00f2a quy\u1ec7n gi\u1eefa h\u1ed7n h\u1ee3p th\u1ecbt v\u00e0 c\u00e1c lo\u1ea1i rau c\u1ee7 kh\u00e1c nhau b\u00ean trong l\u1edbp v\u1ecf b\u1ed9t m\u1ecfng \u0111\u01b0\u1ee3c nh\u00e0o n\u1eb7n tr\u00ean 3000 l\u1ea7n. V\u1edbi b\u00e1nh x\u1ebfp Naraefood, c\u00e1c m\u1eb9 s\u1ebd d\u1ec5 d\u00e0ng bi\u1ebfn t\u1ea5u th\u00e0nh nhi\u1ec1u m\u00f3n ngon h\u1ea5p d\u1eabn \u0111\u1ec3 b\u1eefa \u0103n gia \u0111\u00ecnh m\u1ed7i ng\u00e0y th\u00eam phong ph\u00fa nh\u01b0 chi\u00ean gi\u00f2n, \u00e1p ch\u1ea3o, h\u1ea5p, hay c\u1ea3 n\u1ea5u s\u00fap, v.v<\/span><\/p>\n<p><img fetchpriority=\"high\" decoding=\"async\" class=\"wp-image-21687 aligncenter\" src=\"https:\/\/havamall.vn\/wp-content\/uploads\/2021\/08\/ghjy-268x300.png\" alt=\"\" width=\"730\" height=\"817\" srcset=\"https:\/\/havamall.vn\/wp-content\/uploads\/2021\/08\/ghjy-268x300.png 268w, https:\/\/havamall.vn\/wp-content\/uploads\/2021\/08\/ghjy-430x481.png 430w, https:\/\/havamall.vn\/wp-content\/uploads\/2021\/08\/ghjy-150x168.png 150w, https:\/\/havamall.vn\/wp-content\/uploads\/2021\/08\/ghjy-700x783.png 700w, https:\/\/havamall.vn\/wp-content\/uploads\/2021\/08\/ghjy-768x859.png 768w, https:\/\/havamall.vn\/wp-content\/uploads\/2021\/08\/ghjy-915x1024.png 915w, https:\/\/havamall.vn\/wp-content\/uploads\/2021\/08\/ghjy-600x671.png 600w, https:\/\/havamall.vn\/wp-content\/uploads\/2021\/08\/ghjy.png 1000w\" sizes=\"(max-width: 730px) 100vw, 730px\" \/><\/p>\n<p><span style=\"font-weight: 400;\">B\u1eefa s\u00e1ng \u0111\u1ee7 dinh d<\/span><span style=\"font-weight: 400;\">\u01b0\u1ee1ng kh\u00f4ng c\u1ea7n ph\u1ea3i c\u1ea7u k\u1ef3, t\u1ed1n qu\u00e1 th\u1eddi gian chu\u1ea9n b\u1ecb, ch\u1ec9 v\u1edbi Mandu Naraefood &#8211; B\u00e1nh x\u1ebfp Chu\u1ea9n V\u1ecb H\u00e0n Qu\u1ed1c. D\u00f9 l\u00e0 h\u1ea5p, \u00e1p ch\u1ea3o hay l\u00e0 chi\u00ean gi\u00f2n, th\u00ec kh\u00f4ng ai mu\u1ed1n b\u1ecf l\u1ee1 m\u00f9i v\u1ecb \u0111\u1eadm \u0111\u00e0 c\u1ee7a nh\u00e2n b\u00e1nh c\u00f9ng v\u1ecf b\u00e1nh dai dai, \u0111\u1ed9c \u0111\u00e1o. V\u1edbi b\u00e1nh x\u1ebfp Naraefood t\u1eeb nay b\u1ea1n \u0111\u00e3 c\u00f3 th\u00eam g\u1ee3i \u00fd hay ho c\u1ee9u c\u00e1nh nh\u1eefng b\u1eefa s\u00e1ng v\u1ed9i v\u00e3, nhanh ch\u00f3ng r\u00f9i n\u00e8. B\u1eaft \u0111\u1ea7u ng\u00e0y m\u1edbi b\u1eb1ng b\u1eefa s\u00e1ng dinh d\u01b0\u1ee1ng v\u1edbi Mandu Naraefood cho ng\u00e0y d\u00e0i l\u00e0m vi\u1ec7c hi\u1ec7u qu\u1ea3 .<\/span><\/p>\n<p><img decoding=\"async\" class=\"wp-image-21688 aligncenter\" src=\"https:\/\/havamall.vn\/wp-content\/uploads\/2021\/08\/jukuk-300x236.png\" alt=\"\" width=\"729\" height=\"574\" srcset=\"https:\/\/havamall.vn\/wp-content\/uploads\/2021\/08\/jukuk-300x236.png 300w, https:\/\/havamall.vn\/wp-content\/uploads\/2021\/08\/jukuk-430x338.png 430w, https:\/\/havamall.vn\/wp-content\/uploads\/2021\/08\/jukuk-150x118.png 150w, https:\/\/havamall.vn\/wp-content\/uploads\/2021\/08\/jukuk-700x550.png 700w, https:\/\/havamall.vn\/wp-content\/uploads\/2021\/08\/jukuk-768x604.png 768w, https:\/\/havamall.vn\/wp-content\/uploads\/2021\/08\/jukuk-1024x805.png 1024w, https:\/\/havamall.vn\/wp-content\/uploads\/2021\/08\/jukuk.png 1200w, https:\/\/havamall.vn\/wp-content\/uploads\/2021\/08\/jukuk-600x472.png 600w\" sizes=\"(max-width: 729px) 100vw, 729px\" \/><\/p>\n<p><span style=\"font-weight: 400;\">Mandu nh\u00e0 Naraefood ngon kh\u00f3 c\u01b0\u1ee1ng, d\u1ec5 d\u00e0ng ch\u1ebf bi\u1ebfn. M\u1eb9 tha h\u1ed3 bi\u1ebfn h\u00f3a th\u00e0nh nhi\u1ec1u m\u00f3n ngon cho gia \u0111\u00ecnh. <\/span><span style=\"font-weight: 400;\">C\u00f9ng gia \u0111\u00ecnh th\u01b0\u1edfng th\u1ee9c b\u00e1nh x\u1ebfp Naraefood t\u1ea1i nh\u00e0 cho ta c\u1ea3m gi\u00e1c h\u01b0\u01a1ng v\u1ecb \u1ea5m \u00e1p c\u1ee7a gia \u0111\u00ecnh th\u01b0\u01a1ng y\u00eau.<\/span><\/p>\n<p>S\u1ea3n ph\u1ea9m c\u00f3 nh\u00e2n th\u1ecbt r\u1ea5t \u0111\u1eb7c tr\u01b0ng, l\u1edbp v\u1ecf b\u00e1nh \u0111\u01b0\u1ee3c l\u00e0m b\u1eb1ng b\u1ed9t m\u00ec, c\u00f3 \u0111\u1ed9 dai th\u01a1m, m\u1ec1m d\u1ebbo. Ch\u1ea5m v\u1edbi t\u01b0\u01a1ng \u1edbt hay l\u00e0 \u0103n v\u1edbi n\u01b0\u1edbc m\u1eafm d\u01b0a g\u00f3p, rau s\u1ed1ng \u0111\u1ec1u ngon. \u0110\u00f3ng g\u00f3i nh\u1ecf g\u1ecdn, ti\u1ec7n l\u1ee3i cho b\u1ea1n s\u1eed d\u1ee5ng c\u0169ng nh\u01b0 b\u1ea3o qu\u1ea3n.<\/p>\n<p><img decoding=\"async\" class=\"wp-image-21689 aligncenter\" src=\"https:\/\/havamall.vn\/wp-content\/uploads\/2021\/08\/kjli-300x218.png\" alt=\"\" width=\"729\" height=\"530\" srcset=\"https:\/\/havamall.vn\/wp-content\/uploads\/2021\/08\/kjli-300x218.png 300w, https:\/\/havamall.vn\/wp-content\/uploads\/2021\/08\/kjli-430x312.png 430w, https:\/\/havamall.vn\/wp-content\/uploads\/2021\/08\/kjli-150x109.png 150w, https:\/\/havamall.vn\/wp-content\/uploads\/2021\/08\/kjli-700x508.png 700w, https:\/\/havamall.vn\/wp-content\/uploads\/2021\/08\/kjli-768x557.png 768w, https:\/\/havamall.vn\/wp-content\/uploads\/2021\/08\/kjli-1200x870.png 1200w, https:\/\/havamall.vn\/wp-content\/uploads\/2021\/08\/kjli-600x435.png 600w, https:\/\/havamall.vn\/wp-content\/uploads\/2021\/08\/kjli.png 1742w\" sizes=\"(max-width: 729px) 100vw, 729px\" \/><\/p>\n<h3><strong>\u0110\u1eb7c \u0111i\u1ec3m c\u1ee7a s\u1ea3n ph\u1ea9m:<\/strong><\/h3>\n<p><span style=\"font-weight: 400;\">&gt; V\u1ecf m\u1ecfng gi\u00f2n khi chi\u00ean, m\u1ec1m dai khi h\u1ea5p<\/span><\/p>\n<p><span style=\"font-weight: 400;\">&gt; Nh\u00e2n \u0111\u1ea7y v\u1ecb, th\u01a1m ngon<\/span><\/p>\n<p><span style=\"font-weight: 400;\">&gt; D\u1ec5 d\u00e0ng bi\u1ebfn t\u1ea5u v\u1edbi c\u00e1c m\u00f3n: chi\u00ean, h\u1ea5p, salad ho\u1eb7c n\u1ea5u s\u00fap&#8230; ch\u1ec9 v\u1edbi 5 ph\u00fat<\/span><\/p>\n<h3><img loading=\"lazy\" decoding=\"async\" class=\"wp-image-21683 aligncenter\" src=\"https:\/\/havamall.vn\/wp-content\/uploads\/2021\/08\/gjytu-300x235.png\" alt=\"\" width=\"726\" height=\"568\" srcset=\"https:\/\/havamall.vn\/wp-content\/uploads\/2021\/08\/gjytu-300x235.png 300w, https:\/\/havamall.vn\/wp-content\/uploads\/2021\/08\/gjytu-430x337.png 430w, https:\/\/havamall.vn\/wp-content\/uploads\/2021\/08\/gjytu-150x117.png 150w, https:\/\/havamall.vn\/wp-content\/uploads\/2021\/08\/gjytu-700x548.png 700w, https:\/\/havamall.vn\/wp-content\/uploads\/2021\/08\/gjytu-768x602.png 768w, https:\/\/havamall.vn\/wp-content\/uploads\/2021\/08\/gjytu-1024x802.png 1024w, https:\/\/havamall.vn\/wp-content\/uploads\/2021\/08\/gjytu-1200x940.png 1200w, https:\/\/havamall.vn\/wp-content\/uploads\/2021\/08\/gjytu-600x470.png 600w, https:\/\/havamall.vn\/wp-content\/uploads\/2021\/08\/gjytu.png 2048w\" sizes=\"(max-width: 726px) 100vw, 726px\" \/><\/h3>\n<h3><strong>H\u01b0\u1edbng d\u1eabn s\u1eed d\u1ee5ng:<\/strong><\/h3>\n<p><span style=\"font-weight: 400;\">&#8211; Chi\u00ean gi\u00f2n: cho m\u1ed9t l\u01b0\u1ee3ng d\u1ea7u v\u1eeba \u0111\u1ee7 v\u00e0o ch\u1ea3o. \u0110\u1eb7t v\u00e0o ch\u1ea3o b\u00e1nh Mandu kh\u00f4ng c\u1ea7n r\u00e3 \u0111\u00f4ng, chi\u00ean b\u00e1nh Mandu trong d\u1ea7u s\u00f4i \u1edf nhi\u1ec7t \u0111\u1ed9 160 \u0111\u1ed9 C \u2013 170 \u0111\u1ed9 C trong kho\u1ea3ng 5 ph\u00fat \u0111\u1ebfn khi v\u00e0ng \u0111\u1ec1u<\/span><\/p>\n<p><span style=\"font-weight: 400;\">&#8211; H\u1ea5p: Cho v\u1eeba \u0111\u1ee7 n\u01b0\u1edbc v\u00e0o n\u1ed3i h\u1ea5p v\u00e0 \u0111un s\u00f4i khi n\u01b0\u1edbc s\u00f4i, cho b\u00e1nh Mandu kh\u00f4ng c\u1ea7n r\u00e3 \u0111\u00f4ng v\u00e0o n\u1ed3i h\u1ea5p tr\u1ef1c ti\u1ebfp trong kho\u1ea3ng 8 ph\u00fat.<\/span><\/p>\n<p><span style=\"font-weight: 400;\">&#8211; N\u1ea5u s\u00fap: d\u00f9ng th\u1ecbt ho\u1eb7c h\u1ea3i s\u1ea3n \u0111\u1ec3 n\u1ea5u n\u01b0\u1edbc d\u00f9ng, c\u1eaft nh\u1ecf rau c\u1ee7, cho tr\u1ef1c ti\u1ebfp h\u1ed7n h\u1ee3p rau c\u1ee7 c\u00f9ng b\u00e1nh Mandu kh\u00f4ng c\u1ea7n r\u00e3 \u0111\u00f4ng v\u00e0o n\u01b0\u1edbc d\u00f9ng \u0111ang s\u00f4i, n\u1ea5u trong 6 ph\u00fat l\u00e0 ho\u00e0n t\u1ea5t. C\u00f3 th\u1ec3 th\u00eam m\u1ed9t s\u1ed1 nguy\u00ean li\u1ec7u kh\u00e1c theo \u00fd th\u00edch.<\/span><\/p>\n<p><img loading=\"lazy\" decoding=\"async\" class=\"wp-image-21684 aligncenter\" src=\"https:\/\/havamall.vn\/wp-content\/uploads\/2021\/08\/htf-300x170.png\" alt=\"\" width=\"721\" height=\"408\" srcset=\"https:\/\/havamall.vn\/wp-content\/uploads\/2021\/08\/htf-300x170.png 300w, https:\/\/havamall.vn\/wp-content\/uploads\/2021\/08\/htf-430x244.png 430w, https:\/\/havamall.vn\/wp-content\/uploads\/2021\/08\/htf-150x85.png 150w, https:\/\/havamall.vn\/wp-content\/uploads\/2021\/08\/htf-700x397.png 700w, https:\/\/havamall.vn\/wp-content\/uploads\/2021\/08\/htf-768x436.png 768w, https:\/\/havamall.vn\/wp-content\/uploads\/2021\/08\/htf-1024x581.png 1024w, https:\/\/havamall.vn\/wp-content\/uploads\/2021\/08\/htf.png 1200w, https:\/\/havamall.vn\/wp-content\/uploads\/2021\/08\/htf-600x341.png 600w\" sizes=\"(max-width: 721px) 100vw, 721px\" \/><\/p>\n<p>S\u1ea3n ph\u1ea9m hi\u1ec7n \u0111\u00e3 c\u00f3 m\u1eb7t t\u1ea1i Havamall.<\/p>","protected":false},"excerpt":{"rendered":"<p>TH\u00d4NG TIN S\u1ea2N PH\u1ea8M Th\u01b0\u01a1ng hi\u1ec7u Naraefood Xu\u1ea5t x\u1ee9 H\u00e0n Qu\u1ed1c Th\u00e0nh ph\u1ea7n N\u01b0\u1edbc,\u00a0b\u1ed9t l\u00faa m\u00ec, th\u1ecbt heo, tinh b\u1ed9t<\/p>","protected":false},"featured_media":21690,"comment_status":"open","ping_status":"closed","template":"","meta":[],"product_brand":[],"product_cat":[275,36],"product_tag":[],"class_list":{"0":"post-21686","1":"product","2":"type-product","3":"status-publish","4":"has-post-thumbnail","6":"product_cat-thuc-pham-dong-lanh","7":"product_cat-thuc-pham-tieu-dung","9":"first","10":"outofstock","11":"sale","12":"shipping-taxable","13":"purchasable","14":"product-type-simple"},"_links":{"self":[{"href":"https:\/\/havamall.vn\/en\/wp-json\/wp\/v2\/product\/21686"}],"collection":[{"href":"https:\/\/havamall.vn\/en\/wp-json\/wp\/v2\/product"}],"about":[{"href":"https:\/\/havamall.vn\/en\/wp-json\/wp\/v2\/types\/product"}],"replies":[{"embeddable":true,"href":"https:\/\/havamall.vn\/en\/wp-json\/wp\/v2\/comments?post=21686"}],"version-history":[{"count":0,"href":"https:\/\/havamall.vn\/en\/wp-json\/wp\/v2\/product\/21686\/revisions"}],"wp:featuredmedia":[{"embeddable":true,"href":"https:\/\/havamall.vn\/en\/wp-json\/wp\/v2\/media\/21690"}],"wp:attachment":[{"href":"https:\/\/havamall.vn\/en\/wp-json\/wp\/v2\/media?parent=21686"}],"wp:term":[{"taxonomy":"product_brand","embeddable":true,"href":"https:\/\/havamall.vn\/en\/wp-json\/wp\/v2\/product_brand?post=21686"},{"taxonomy":"product_cat","embeddable":true,"href":"https:\/\/havamall.vn\/en\/wp-json\/wp\/v2\/product_cat?post=21686"},{"taxonomy":"product_tag","embeddable":true,"href":"https:\/\/havamall.vn\/en\/wp-json\/wp\/v2\/product_tag?post=21686"}],"curies":[{"name":"wp","href":"https:\/\/api.w.org\/{rel}","templated":true}]}}