{"id":21665,"date":"2021-08-26T11:10:05","date_gmt":"2021-08-26T04:10:05","guid":{"rendered":"https:\/\/havamall.vn\/?post_type=product&#038;p=21665"},"modified":"2021-08-26T11:12:11","modified_gmt":"2021-08-26T04:12:11","slug":"duong-den-dai-loan-havafood-200gr-dark-brown-sugar","status":"publish","type":"product","link":"https:\/\/havamall.vn\/en\/shop\/duong-den-dai-loan-havafood-200gr-dark-brown-sugar\/","title":{"rendered":"\u0110\u01b0\u1eddng \u0110en \u0110\u00e0i Loan Havafood 200gr &#8211; Dark Brown Sugar"},"content":{"rendered":"<p>\u0110a\u0303 bao gi\u01a1\u0300 ba\u0323n nghi\u0303 ta\u0323i sao mo\u0301n tra\u0300 s\u01b0\u0303a hay s\u01b0\u0303a t\u01b0\u01a1i tr\u00e2n ch\u00e2u \u0111\u01b0\u01a1\u0300ng \u0111en la\u0323i hot nh\u01b0 th\u00ea\u0301? \u0110o\u0301 chi\u0301nh la\u0300 nh\u01a1\u0300 s\u01b0\u0323 k\u00ea\u0301t h\u01a1\u0323p cu\u0309a tr\u00e2n ch\u00e2u dai dai m\u00ea\u0300m m\u00ea\u0300m \u0111\u0103\u0323c tr\u01b0ng ta\u0323o n\u00ean h\u01b0\u01a1ng vi\u0323 th\u01a1m ngon \u0111\u00e2\u0323m \u0111a\u0300, ng\u00e2\u0323y be\u0301o va\u0300 ma\u0300u s\u0103\u0301c h\u00e2\u0301p d\u00e2\u0303n. \u0110\u01b0\u1eddng \u0111en l\u00e0 nguy\u00ean li\u1ec7u ch\u00ednh \u0111\u1ec3 l\u00e0m ra m\u00f3n s\u1eefa t\u01b0\u01a1i tr\u00e2n ch\u00e2u \u0111\u01b0\u1eddng \u0111en hot nh\u1ea5t th\u1ecb tr\u01b0\u1eddng hi\u1ec7n nay. \u0110\u01b0\u1eddng \u0111en t\u1ea1o ra m\u00e0u n\u00e2u \u0111\u1eb7c tr\u01b0ng b\u00e1m tr\u00ean th\u00e0nh ly t\u1ea1o c\u1ea3m gi\u00e1c nguy\u00ean ch\u1ea5t, ngon mi\u1ec7ng l\u1ea1 m\u1eaft.<\/p>\n<p>Ngo\u00e0i ra, \u0111\u01b0\u1eddng \u0111en c\u00f2n c\u00f3 th\u1ec3 s\u1eed d\u1ee5ng trong n\u1ea5u \u0103n, l\u00e0m c\u00e1c m\u00f3n b\u00e1nh, pha tr\u00e0 s\u1eefa.\u00a0V\u1ecb \u0111\u1eadm \u0111\u1eb7c c\u1ee7a \u0111\u01b0\u1eddng\u00a0khi\u1ebfn cho \u0111\u1ed3 u\u1ed1ng\u00a0v\u00e0 c\u00e1c m\u00f3n b\u00e1nh c\u1ee7a b\u1ea1n \u0111\u1eadm v\u1ecb v\u00e0 th\u01a1m h\u01a1n khi s\u1eed d\u1ee5ng c\u00e1c lo\u1ea1i \u0111\u01b0\u1eddng th\u00f4ng th\u01b0\u1eddng. Trong l\u00e0m b\u00e1nh quy, \u0111\u01b0\u1eddng \u0111en gi\u00fap m\u00f3n b\u00e1nh c\u00f3 m\u00e0u v\u00e0ng n\u00e2u, s\u1eadm h\u01a1n so v\u1edbi s\u1eed d\u1ee5ng c\u00e1c lo\u1ea1i \u0111\u01b0\u1eddng kh\u00e1c.<\/p>\n<p><img fetchpriority=\"high\" decoding=\"async\" class=\"alignnone wp-image-21694 aligncenter\" src=\"https:\/\/havamall.vn\/wp-content\/uploads\/2021\/08\/tra-sua-co-duong-nau-la-huong-tra-sua-dai-dien-cho-tiger-sugar-300x235.jpg\" alt=\"\" width=\"800\" height=\"627\" srcset=\"https:\/\/havamall.vn\/wp-content\/uploads\/2021\/08\/tra-sua-co-duong-nau-la-huong-tra-sua-dai-dien-cho-tiger-sugar-300x235.jpg 300w, https:\/\/havamall.vn\/wp-content\/uploads\/2021\/08\/tra-sua-co-duong-nau-la-huong-tra-sua-dai-dien-cho-tiger-sugar-430x336.jpg 430w, https:\/\/havamall.vn\/wp-content\/uploads\/2021\/08\/tra-sua-co-duong-nau-la-huong-tra-sua-dai-dien-cho-tiger-sugar-150x117.jpg 150w, https:\/\/havamall.vn\/wp-content\/uploads\/2021\/08\/tra-sua-co-duong-nau-la-huong-tra-sua-dai-dien-cho-tiger-sugar-700x548.jpg 700w, https:\/\/havamall.vn\/wp-content\/uploads\/2021\/08\/tra-sua-co-duong-nau-la-huong-tra-sua-dai-dien-cho-tiger-sugar-768x601.jpg 768w, https:\/\/havamall.vn\/wp-content\/uploads\/2021\/08\/tra-sua-co-duong-nau-la-huong-tra-sua-dai-dien-cho-tiger-sugar-600x469.jpg 600w, https:\/\/havamall.vn\/wp-content\/uploads\/2021\/08\/tra-sua-co-duong-nau-la-huong-tra-sua-dai-dien-cho-tiger-sugar.jpg 850w\" sizes=\"(max-width: 800px) 100vw, 800px\" \/><\/p>\n<h4><\/h4>\n<h4><strong>\u0110\u1eb6C \u0110I\u1ec2M S\u1ea2N PH\u1ea8M<\/strong><\/h4>\n<p><strong>\u0110\u01b0\u1eddng \u0111en Havafood<\/strong> l\u00e0 \u0111\u01b0\u1eddng k\u00ednh th\u00f4ng th\u01b0\u1eddng \u0111\u01b0\u1ee3c k\u1ebft h\u1ee3p v\u1edbi m\u1eadt m\u00eda, tuy nhi\u00ean ch\u01b0a qua qu\u00e1 tr\u00ecnh tinh luy\u1ec7n n\u00ean \u0111\u01b0\u1eddng c\u00f3 m\u00e0u \u0111en v\u00e0 s\u1ebd \u1ea9m h\u01a1n \u0111\u01b0\u1eddng k\u00ednh th\u00f4ng th\u01b0\u1eddng. So v\u1edbi \u0111\u01b0\u1eddng tinh ch\u1ebf th\u00ec d\u00f9ng \u0111\u01b0\u1ee3c n\u00e2u an to\u00e0n do kh\u00f4ng x\u1eed l\u00fd h\u00f3a ch\u1ea5t.<\/p>\n<p>S\u1ea3n ph\u1ea9m \u0111\u01b0\u1ee3c s\u1ea3n xu\u1ea5t d\u1ef1a tr\u00ean quy tr\u00ecnh c\u00f4ng ngh\u1ec7 hi\u1ec7n \u0111\u1ea1i, d\u01b0\u1edbi s\u1ef1 gi\u00e1m s\u00e1t nghi\u00eam ng\u1eb7t, ch\u1eb7t ch\u1ebd, v\u1ec7 sinh an to\u00e0n th\u1ef1c ph\u1ea9m.<\/p>\n<p><img decoding=\"async\" class=\"alignnone wp-image-21695 aligncenter\" src=\"https:\/\/havamall.vn\/wp-content\/uploads\/2021\/08\/7b906e29c763313d6872111-300x300.jpg\" alt=\"\" width=\"800\" height=\"800\" srcset=\"https:\/\/havamall.vn\/wp-content\/uploads\/2021\/08\/7b906e29c763313d6872111-300x300.jpg 300w, https:\/\/havamall.vn\/wp-content\/uploads\/2021\/08\/7b906e29c763313d6872111-430x430.jpg 430w, https:\/\/havamall.vn\/wp-content\/uploads\/2021\/08\/7b906e29c763313d6872111-150x150.jpg 150w, https:\/\/havamall.vn\/wp-content\/uploads\/2021\/08\/7b906e29c763313d6872111-700x700.jpg 700w, https:\/\/havamall.vn\/wp-content\/uploads\/2021\/08\/7b906e29c763313d6872111-768x768.jpg 768w, https:\/\/havamall.vn\/wp-content\/uploads\/2021\/08\/7b906e29c763313d6872111-600x600.jpg 600w, https:\/\/havamall.vn\/wp-content\/uploads\/2021\/08\/7b906e29c763313d6872111-100x100.jpg 100w, https:\/\/havamall.vn\/wp-content\/uploads\/2021\/08\/7b906e29c763313d6872111.jpg 1024w\" sizes=\"(max-width: 800px) 100vw, 800px\" \/><\/p>\n<p><strong>\u0110\u01b0\u1eddng \u0111en Havafood<\/strong> \u0111\u01b0\u1ee3c ch\u1ecdn l\u1ef1a t\u1eeb c\u00e2y m\u00eda t\u1ed1t nh\u1ea5t c\u00f3 v\u1ecb ng\u1ecdt \u0111\u1eadm \u0111\u00e0 v\u00e0 ch\u01b0a qua x\u1eed l\u00fd m\u00e0u n\u00ean v\u1eabn gi\u1eef \u0111\u01b0\u1ee3c h\u01b0\u01a1ng v\u1ecb t\u1ef1 nhi\u00ean. \u0110\u01b0\u1eddng \u0111en \u0111\u1eadm v\u1ecb m\u00eda c\u00f3 v\u1ecb ng\u1ecdt s\u1eafc v\u00e0 c\u00f2n nhi\u1ec1u dinh d\u01b0\u1ee1ng n\u00ean b\u00e1nh s\u1ebd c\u00f3 v\u1ecb \u0111\u01b0\u1eddng \u0111\u1eadm h\u01a1n, ng\u1ecdt ng\u00e0o h\u01a1n theo m\u1ed9t ki\u1ec3u kh\u00e1c.<\/p>\n<p>S\u1ea3n ph\u1ea9m \u0111\u01b0\u1ee3c \u0111\u00f3ng g\u00f3i trong t\u00fai k\u00edn gi\u00fap b\u1ea1n d\u1ec5 d\u00e0ng b\u1ea3o qu\u1ea3n v\u00e0 s\u1eed d\u1ee5ng.<\/p>\n<p>\u0110\u01b0\u1eddng c\u00f3 c\u00f4ng d\u1ee5ng \u0111\u01b0\u1ee3c d\u00f9ng l\u00e0m nguy\u00ean li\u1ec7u ch\u1ebf bi\u1ebfn trong l\u00e0m b\u00e1nh, n\u1ea5u ch\u00e8 gi\u00fap t\u1ea1o \u0111\u1ed9 ng\u1ecdt v\u00e0 t\u0103ng h\u01b0\u01a1ng v\u1ecb d\u00f9ng thay th\u1ebf \u0111\u01b0\u1eddng tinh luy\u1ec7n.<\/p>\n<p><img decoding=\"async\" class=\"alignnone wp-image-21693 aligncenter\" src=\"https:\/\/havamall.vn\/wp-content\/uploads\/2021\/08\/Dark-Brown-Sugar-300x200.jpeg\" alt=\"\" width=\"800\" height=\"533\" srcset=\"https:\/\/havamall.vn\/wp-content\/uploads\/2021\/08\/Dark-Brown-Sugar-300x200.jpeg 300w, https:\/\/havamall.vn\/wp-content\/uploads\/2021\/08\/Dark-Brown-Sugar-430x287.jpeg 430w, https:\/\/havamall.vn\/wp-content\/uploads\/2021\/08\/Dark-Brown-Sugar-150x100.jpeg 150w, https:\/\/havamall.vn\/wp-content\/uploads\/2021\/08\/Dark-Brown-Sugar-700x467.jpeg 700w, https:\/\/havamall.vn\/wp-content\/uploads\/2021\/08\/Dark-Brown-Sugar-768x512.jpeg 768w, https:\/\/havamall.vn\/wp-content\/uploads\/2021\/08\/Dark-Brown-Sugar-1024x683.jpeg 1024w, https:\/\/havamall.vn\/wp-content\/uploads\/2021\/08\/Dark-Brown-Sugar.jpeg 1200w, https:\/\/havamall.vn\/wp-content\/uploads\/2021\/08\/Dark-Brown-Sugar-600x400.jpeg 600w\" sizes=\"(max-width: 800px) 100vw, 800px\" \/><\/p>\n<h4><\/h4>\n<h4><strong>C\u00d4NG D\u1ee4NG C\u1ee6A \u0110\u01af\u1edcNG \u0110EN<\/strong><\/h4>\n<p>\u2013 T\u1ea1o \u0111\u1ed9 ng\u1ecdt v\u00e0 t\u0103ng h\u01b0\u01a1ng v\u1ecb v\u00e0 m\u00e0u s\u1eafc cho \u0111\u1ed3 u\u1ed1ng, m\u00f3n \u0103n v\u00e0 c\u00e1c m\u00f3n b\u00e1nh<\/p>\n<p>\u2013 Thay th\u1ebf \u0111\u01b0\u1eddng tinh luy\u1ec7n.<\/p>\n<p>\u2013 B\u1ed5 sung m\u1ed9t s\u1ed1 vi ch\u1ea5t dinh d\u01b0\u1ee1ng nh\u01b0 Canxi, S\u1eaft, magie v\u1edbi h\u00e0m l\u01b0\u1ee3ng th\u1ea5p.<\/p>\n<p>\u2013 \u0110\u01b0\u1eddng ch\u01b0a qua qu\u00e1 tr\u00ecnh x\u1eed l\u00fd m\u00e0u n\u00ean v\u1eabn c\u00f2n gi\u1eef \u0111\u01b0\u1ee3c h\u01b0\u01a1ng v\u1ecb t\u1ef1 nhi\u00ean do m\u1eadt m\u00eda<\/p>\n<p>\u2013 C\u00e1c vi ch\u1ea5t dinh d\u01b0\u1ee1ng v\u1eabn c\u00f2n l\u1ea1i sau khi \u0111\u00e3 lo\u1ea1i b\u1ecf c\u00e1c t\u1ea1p ch\u1ea5t<\/p>\n<p>\u2013 V\u1ecb ng\u1ecdt \u0111\u1eadm \u0111\u00e0 cho c\u00e1c m\u00f3n \u0103n<\/p>\n<p>\u2013 So v\u1edbi \u0111\u01b0\u1eddng tinh ch\u1ebf th\u00ec d\u00f9ng\u00a0\u0111\u01b0\u1eddng \u0111en\u00a0an to\u00e0n h\u01a1n do kh\u00f4ng b\u1ecb x\u1eed l\u00fd h\u00f3a ch\u1ea5t.<\/p>\n<p><img loading=\"lazy\" decoding=\"async\" class=\"alignnone wp-image-21696 aligncenter\" src=\"https:\/\/havamall.vn\/wp-content\/uploads\/2021\/08\/44088166520_afa593cb8a_b-300x200.jpg\" alt=\"\" width=\"800\" height=\"533\" srcset=\"https:\/\/havamall.vn\/wp-content\/uploads\/2021\/08\/44088166520_afa593cb8a_b-300x200.jpg 300w, https:\/\/havamall.vn\/wp-content\/uploads\/2021\/08\/44088166520_afa593cb8a_b-430x286.jpg 430w, https:\/\/havamall.vn\/wp-content\/uploads\/2021\/08\/44088166520_afa593cb8a_b-150x100.jpg 150w, https:\/\/havamall.vn\/wp-content\/uploads\/2021\/08\/44088166520_afa593cb8a_b-700x466.jpg 700w, https:\/\/havamall.vn\/wp-content\/uploads\/2021\/08\/44088166520_afa593cb8a_b-768x512.jpg 768w, https:\/\/havamall.vn\/wp-content\/uploads\/2021\/08\/44088166520_afa593cb8a_b.jpg 1024w, https:\/\/havamall.vn\/wp-content\/uploads\/2021\/08\/44088166520_afa593cb8a_b-600x400.jpg 600w\" sizes=\"(max-width: 800px) 100vw, 800px\" \/><\/p>\n<h4><\/h4>\n<h4><strong>H\u01af\u1edaNG D\u1eaaN C\u00c1CH N\u1ea4U TR\u00c2N \u0110\u01af\u1edcNG \u0110EN<\/strong><\/h4>\n<p>H\u00f4m nay Havamall s\u1ebd g\u1ee3i \u00fd cho b\u1ea1n c\u00e1ch n\u1ea5u tr\u00e0 s\u1eefa \u0111en t\u1ea1i nh\u00e0 ngon chu\u1ea9n v\u1ecb \u0110\u00e0i Loan.<\/p>\n<h4>B\u01b0\u1edbc 1: N\u1ea5u tr\u00e2n ch\u00e2u (s\u1eed d\u1ee5ng b\u1ebfp t\u1eeb 2000 \u0111\u1ed9)<\/h4>\n<ul>\n<li>N\u1ea5u tr\u00e2n ch\u00e2u theo t\u1ec9 l\u1ec7 1 ph\u1ea7n tr\u00e2n ch\u00e2u : 9 ph\u1ea7n n\u01b0\u1edbc<\/li>\n<li>N\u1ea5u 40 ph\u00fat \u1ee7 40 ph\u00fat<\/li>\n<li>Khi n\u1ea5u m\u1edf vung 3-4 ph\u00fat khu\u1ea5y \u0111\u1ea3o theo 1 chi\u1ec1u<\/li>\n<li>\u1ee6 xong g\u1ea1n s\u1ea1ch n\u01b0\u1edbc, r\u1eeda qua<\/li>\n<\/ul>\n<h4>B\u01b0\u1edbc 2: Tr\u1ed9n \u0111\u01b0\u1eddng<\/h4>\n<ul>\n<li>Tr\u1ed9n \u0111\u01b0\u1eddng \u0111en theo t\u1ec9 l\u1ec7 n\u1ea5u 300gr tr\u00e2n ch\u00e2u s\u1ed1ng c\u1ea7n<\/li>\n<li>90gr \u0111\u01b0\u1eddng \u0111en + 20gr \u0111\u01b0\u1eddng v\u00e0ng + 70ml siro \u0111\u01b0\u1eddng \u0111en<\/li>\n<li>Tr\u1ed9n \u0111\u01b0\u1eddng xong \u0111un nh\u1ecf l\u1eeda cho bay b\u1edbt h\u01a1i n\u01b0\u1edbc \u0111\u1ec3 s\u1ed1t \u0111\u01b0\u1eddng \u0111en s\u1ec7t h\u01a1n l\u00e0 \u0111\u01b0\u1ee3c<\/li>\n<\/ul>\n<h4>B\u01b0\u1edbc 3: Pha ch\u1ebf S\u1eefa T\u01b0\u01a1i Tr\u00e2n Ch\u00e2u \u0110\u01b0\u1eddng \u0110en<\/h4>\n<ul>\n<li>S\u1eefa t\u01b0\u01a1i: 170ml<\/li>\n<li>Tr\u00e2n ch\u00e2u \u0111\u01b0\u1eddng \u0111en: 70gr<\/li>\n<li>Cho tr\u00e2n ch\u00e2u v\u00e0o c\u1ed1c nghi\u00eang xoay cho \u0111\u01b0\u1eddng qu\u00e9t l\u00ean th\u00e0nh c\u1ed1c, cho ti\u1ebfp s\u1eefa v\u00e0o, cho ti\u1ebfp \u0111\u00e1 v\u00e0 th\u01b0\u1edfng th\u1ee9c.<\/li>\n<\/ul>\n<p><img loading=\"lazy\" decoding=\"async\" class=\"wp-image-21697 aligncenter\" src=\"https:\/\/havamall.vn\/wp-content\/uploads\/2021\/08\/72902620_2446765582227529_1526240006140592128_o-300x256.jpg\" alt=\"\" width=\"800\" height=\"683\" srcset=\"https:\/\/havamall.vn\/wp-content\/uploads\/2021\/08\/72902620_2446765582227529_1526240006140592128_o-300x256.jpg 300w, https:\/\/havamall.vn\/wp-content\/uploads\/2021\/08\/72902620_2446765582227529_1526240006140592128_o-430x366.jpg 430w, https:\/\/havamall.vn\/wp-content\/uploads\/2021\/08\/72902620_2446765582227529_1526240006140592128_o-150x128.jpg 150w, https:\/\/havamall.vn\/wp-content\/uploads\/2021\/08\/72902620_2446765582227529_1526240006140592128_o-600x511.jpg 600w, https:\/\/havamall.vn\/wp-content\/uploads\/2021\/08\/72902620_2446765582227529_1526240006140592128_o.jpg 960w\" sizes=\"(max-width: 800px) 100vw, 800px\" \/><\/p>\n<p>B\u1ea3o qu\u1ea3n: N\u01a1i kh\u00f4 r\u00e1o, tho\u00e1ng m\u00e1t, tr\u00e1nh \u00e1nh s\u00e1ng tr\u1ef1c ti\u1ebfp.<\/p>\n<p>H\u1ea1n s\u1eed d\u1ee5ng: 15 th\u00e1ng k\u1ec3 t\u1eeb ng\u00e0y s\u1ea3n xu\u1ea5t.<\/p>","protected":false},"excerpt":{"rendered":"<p>\u0110a\u0303 bao gi\u01a1\u0300 ba\u0323n nghi\u0303 ta\u0323i sao mo\u0301n tra\u0300 s\u01b0\u0303a hay s\u01b0\u0303a t\u01b0\u01a1i tr\u00e2n ch\u00e2u \u0111\u01b0\u01a1\u0300ng \u0111en la\u0323i hot nh\u01b0<\/p>","protected":false},"featured_media":21702,"comment_status":"open","ping_status":"closed","template":"","meta":[],"product_brand":[],"product_cat":[36],"product_tag":[],"class_list":{"0":"post-21665","1":"product","2":"type-product","3":"status-publish","4":"has-post-thumbnail","6":"product_cat-thuc-pham-tieu-dung","7":"pa_brand-skx","9":"first","10":"instock","11":"sale","12":"shipping-taxable","13":"purchasable","14":"product-type-simple"},"_links":{"self":[{"href":"https:\/\/havamall.vn\/en\/wp-json\/wp\/v2\/product\/21665"}],"collection":[{"href":"https:\/\/havamall.vn\/en\/wp-json\/wp\/v2\/product"}],"about":[{"href":"https:\/\/havamall.vn\/en\/wp-json\/wp\/v2\/types\/product"}],"replies":[{"embeddable":true,"href":"https:\/\/havamall.vn\/en\/wp-json\/wp\/v2\/comments?post=21665"}],"version-history":[{"count":0,"href":"https:\/\/havamall.vn\/en\/wp-json\/wp\/v2\/product\/21665\/revisions"}],"wp:featuredmedia":[{"embeddable":true,"href":"https:\/\/havamall.vn\/en\/wp-json\/wp\/v2\/media\/21702"}],"wp:attachment":[{"href":"https:\/\/havamall.vn\/en\/wp-json\/wp\/v2\/media?parent=21665"}],"wp:term":[{"taxonomy":"product_brand","embeddable":true,"href":"https:\/\/havamall.vn\/en\/wp-json\/wp\/v2\/product_brand?post=21665"},{"taxonomy":"product_cat","embeddable":true,"href":"https:\/\/havamall.vn\/en\/wp-json\/wp\/v2\/product_cat?post=21665"},{"taxonomy":"product_tag","embeddable":true,"href":"https:\/\/havamall.vn\/en\/wp-json\/wp\/v2\/product_tag?post=21665"}],"curies":[{"name":"wp","href":"https:\/\/api.w.org\/{rel}","templated":true}]}}