{"id":21644,"date":"2021-08-26T09:29:31","date_gmt":"2021-08-26T02:29:31","guid":{"rendered":"https:\/\/havamall.vn\/?post_type=product&#038;p=21644"},"modified":"2025-05-23T15:38:22","modified_gmt":"2025-05-23T08:38:22","slug":"bot-rau-cau-huu-co-biovegan-30gr-organic-agar-agar","status":"publish","type":"product","link":"https:\/\/havamall.vn\/en\/shop\/bot-rau-cau-huu-co-biovegan-30gr-organic-agar-agar\/","title":{"rendered":"B\u1ed9t Rau C\u00e2u H\u1eefu C\u01a1 Biovegan 30gr &#8211; Organic Agar-agar"},"content":{"rendered":"<h3><strong>TH\u00d4NG TIN S\u1ea2N PH\u1ea8M<\/strong><\/h3>\n<table>\n<tbody>\n<tr>\n<td>Th\u01b0\u01a1ng hi\u1ec7u<\/td>\n<td>Biovegan<\/td>\n<\/tr>\n<tr>\n<td>Xu\u1ea5t x\u1ee9<\/td>\n<td>\u0110\u1ee9c<\/td>\n<\/tr>\n<tr>\n<td>Th\u00e0nh ph\u1ea7n<\/td>\n<td>100% b\u1ed9t rau c\u00e2u h\u1eefu c\u01a1<\/td>\n<\/tr>\n<tr>\n<td>H\u1ea1n s\u1eed d\u1ee5ng<\/td>\n<td>Xem tr\u00ean bao b\u00ec s\u1ea3n ph\u1ea9m<\/td>\n<\/tr>\n<tr>\n<td>Kh\u1ed1i l\u01b0\u1ee3ng t\u1ecbnh<\/td>\n<td>30gr<\/td>\n<\/tr>\n<tr>\n<td>B\u1ea3o qu\u1ea3n<\/td>\n<td>N\u01a1i kh\u00f4 r\u00e1o, tho\u00e1ng m\u00e1t, tr\u00e1nh \u00e1nh s\u00e1ng tr\u1ef1c ti\u1ebfp.<\/td>\n<\/tr>\n<\/tbody>\n<\/table>\n<h1><img fetchpriority=\"high\" decoding=\"async\" class=\"alignnone wp-image-21648 aligncenter\" src=\"https:\/\/havamall.com\/wp-content\/uploads\/2025\/05\/BOT-RAU-CAU-3-300x300.png\" alt=\"\" width=\"800\" height=\"800\" \/><\/h1>\n<p>V\u00e0o nh\u1eefng ng\u00e0y n\u1eafng n\u00f3ng, c\u00e1ch l\u00e0m rau c\u00e2u v\u1edbi b\u1ed9t agar cho m\u00f3n ngon gi\u1ea3i nhi\u1ec7t lu\u00f4n l\u00e0 l\u1ef1a ch\u1ecdn \u0111\u01b0\u1ee3c nhi\u1ec1u b\u00e0 n\u1ed9i tr\u1ee3 \u01b0u ti\u00ean. V\u00ec rau c\u00e2u kh\u00f4ng ch\u1ec9 th\u01a1m ngon, d\u1ec5 \u0103n m\u00e0 c\u00f2n r\u1ea5t thanh m\u00e1t, l\u1ea1i gi\u00fap gi\u1ea3i nhi\u1ec7t hi\u1ec7u qu\u1ea3.<\/p>\n<p>Th\u00f4ng th\u01b0\u1eddng b\u1ea1n c\u00f3 th\u1ec3 t\u00ecm th\u1ea5y b\u1ed9t rau c\u00e2u \u1edf hai d\u1ea1ng \u0111\u01b0\u1ee3c b\u00e0y b\u00e1n th\u00f4ng d\u1ee5ng l\u00e0 d\u1ea1ng b\u1ed9t v\u00e0 d\u1ea1ng s\u1ee3i. D\u1ea1ng s\u1ee3i th\u01b0\u1eddng \u0111\u00f2i h\u1ecfi c\u00f4ng \u0111o\u1ea1n ng\u00e2m n\u01b0\u1edbc l\u1ea1nh cho \u0111\u1ebfn khi s\u1ee3i m\u1ec1m r\u1ed3i m\u1edbi n\u1ea5u r\u1ea5t c\u1ea7u k\u1ef3 v\u00e0 m\u1ea5t th\u1eddi gian. D\u1ea1ng b\u1ed9t \u0111\u01a1n gi\u1ea3n v\u00e0 d\u1ec5 d\u00e0ng s\u1eed d\u1ee5ng h\u01a1n n\u00ean th\u01b0\u1eddng \u0111\u01b0\u1ee3c \u01b0a chu\u1ed9ng, b\u1ea1n c\u00f3 th\u1ec3 n\u1ea5u ngay m\u00e0 kh\u00f4ng c\u1ea7n tr\u1ea3i qua c\u00f4ng \u0111o\u1ea1n s\u01a1 ch\u1ebf.<\/p>\n<h1><img decoding=\"async\" class=\"alignnone wp-image-21649 aligncenter\" src=\"https:\/\/havamall.com\/wp-content\/uploads\/2025\/05\/BOT-RAU-CAU-5-300x255.jpg\" alt=\"\" width=\"801\" height=\"681\" \/><\/h1>\n<p>S\u1ea3n ph\u1ea9m <strong>B\u1ed9t Rau C\u00e2u H\u1eefu C\u01a1 Biovegan<\/strong> s\u1ebd l\u00e0 s\u1ef1 l\u1ef1a ch\u1ecdn h\u00e0ng \u0111\u1ea7u c\u1ee7a ch\u1ecb em do th\u00e0nh ph\u1ea7n nguy\u00ean li\u1ec7u ho\u00e0n to\u00e0n an to\u00e0n t\u1ef1 nhi\u00ean v\u00e0 \u0111\u01b0\u1ee3c s\u1ea3n xu\u1ea5t theo quy tr\u00ecnh \u0111\u1ea3m b\u1ea3o ch\u1ea5t l\u01b0\u1ee3ng h\u1eefu c\u01a1 v\u00e0 kh\u00f4ng ch\u1ee9a ch\u1ea5t b\u1ea3o qu\u1ea3n \u0111\u1ed9c h\u1ea1i. S\u1ea3n ph\u1ea9m \u0111\u01b0\u1ee3c ch\u1ee9ng nh\u1eadn h\u1eefu c\u01a1 EU \u0111\u1ea3m b\u1ea3o an to\u00e0n cho s\u1ee9c kh\u1ecfe ng\u01b0\u1eddi ti\u00eau d\u00f9ng. Nay \u0111\u00e3 c\u00f3 m\u1eb7t t\u1ea1i Havamall.<\/p>\n<p>B\u1ed9t rau c\u00e2u Biovegan l\u00e0 lo\u1ea1i b\u1ed9t c\u00f3 ngu\u1ed3n g\u1ed1c chi\u1ebft xu\u1ea5t ho\u00e0n to\u00e0n t\u1eeb th\u1ef1c ph\u1ea9m t\u1ef1 nhi\u00ean, 100% b\u1ed9t agar agar h\u1eefu c\u01a1, c\u00f3 t\u00ednh ch\u1ea5t t\u1ea1o \u0111\u1ed9 k\u1ebft d\u00ednh v\u00e0 t\u1ea1o \u0111\u1ed9 \u0111\u00f4ng \u0111\u1eb7c cho th\u1ef1c ph\u1ea9m.<\/p>\n<p><img decoding=\"async\" class=\"wp-image-21656 aligncenter\" src=\"https:\/\/havamall.com\/wp-content\/uploads\/2025\/05\/BOT-RAU-CAU-1-2-300x215.png\" alt=\"\" width=\"801\" height=\"574\" \/><\/p>\n<h3><strong>H\u01af\u1edaNG D\u1eaaN S\u1eec D\u1ee4NG<\/strong><\/h3>\n<div>M\u1ed9t mu\u1ed7ng c\u00e0 ph\u00ea \u0111\u1ea7y (3,5g) t\u01b0\u01a1ng \u0111\u01b0\u01a1ng 6 l\u00e1 gelatine, s\u1eed d\u1ee5ng cho 500ml ch\u1ea5t l\u1ecfng. C\u00f3 th\u1ec3 \u0111i\u1ec1u ch\u1ec9nh li\u1ec1u l\u01b0\u1ee3ng t\u00f9y thu\u1ed9c \u0111\u1ed9 mong mu\u1ed1n.<\/div>\n<div>*<strong>C\u00e1ch l\u00e0m th\u00e0nh ph\u1ea9m n\u00f3ng:<\/strong> Pha 3,5 b\u1ed9t rau c\u00e2u trong 100ml ch\u1ea5t l\u1ecfng cho \u0111\u1ebfn khi b\u1ed9t h\u00f2a tan ho\u00e0n to\u00e0n. \u0110\u1ed5 h\u1ed7n h\u1ee3p v\u00e0o l\u01b0\u1ee3ng ch\u1ea5t l\u1ecfng c\u00f2n l\u1ea1i v\u00e0 khu\u1ea5y \u0111\u1ebfu khi \u0111un v\u1edbi m\u1ee9c l\u1eeda nh\u1ecf trong v\u00f2ng 2 ph\u00fat. Sau \u0111\u00f3 b\u1ecf h\u1ed7n h\u1ee3p v\u00e0o t\u1ee7 l\u1ea1nh trong kho\u1ea3ng 3 ti\u1ebfng.<\/div>\n<div>*<strong>C\u00e1ch l\u00e0m th\u00e0nh ph\u1ea9m l\u1ea1nh:<\/strong> Pha 3,5 b\u1ed9t rau c\u00e2u trong 100ml ch\u1ea5t l\u1ecfng cho \u0111\u1ebfn khi b\u1ed9t h\u00f2a tan ho\u00e0n to\u00e0n. Sau \u0111\u00f3 khu\u1ea5y \u0111\u1ec1u v\u00e0 \u0111un nh\u1ecf l\u1eeda trong v\u00f2ng 1 ph\u00fat. T\u1eaft b\u1ebfp v\u00e0 \u0111\u1ec3 h\u1ed7n h\u1ee3p ngu\u1ed9i \u0111i, sau \u0111\u00f3 cho th\u00eam c\u00e1ch th\u00e0nh ph\u1ea7n kh\u00e1c v\u00e0o. B\u1ecf h\u1ed7n h\u1ee3p v\u00e0o t\u1ee7 l\u1ea1nh trong v\u00f2ng 3 ti\u1ebfng.<\/div>\n<div><\/div>\n<div><strong>L\u01b0u \u00fd<\/strong>: Do bao b\u00ec c\u00f3 th\u1ec3 ph\u00e2n h\u1ee7y, c\u00e1c ch\u1ea5t b\u00ean trong c\u00f3 th\u1ec3 d\u1ec5 d\u00e0ng k\u1ebft d\u00ednh v\u1edbi nhau. \u0110i\u1ec1u n\u00e0y kh\u00f4ng \u1ea3nh h\u01b0\u1edfng \u0111\u1ebfn ch\u1ea5t l\u01b0\u1ee3ng ho\u1eb7c h\u01b0\u01a1ng v\u1ecb c\u1ee7a s\u1ea3n ph\u1ea9m.<\/div>\n<div><\/div>\n<div><\/div>\n<div style=\"text-align: center;\"><img loading=\"lazy\" decoding=\"async\" class=\"alignnone wp-image-21652\" src=\"https:\/\/havamall.com\/wp-content\/uploads\/2025\/05\/BOT-RAU-CAU-4-300x300.png\" alt=\"\" width=\"800\" height=\"800\" \/><\/div>\n<h3><\/h3>\n<h3><strong>H\u01af\u1edaNG D\u1eaaN L\u00c0M RAU C\u00c2U D\u01afA H\u1ea4U TH\u01a0M NGON T\u1ea0I NH\u00c0<\/strong><\/h3>\n<div>Havamall s\u1ebd g\u1ee3i \u00fd cho b\u1ea1n c\u00e1ch l\u00e0m th\u1ea1ch rau c\u00e2u d\u01b0a h\u1ea5u t\u1ea1i nh\u00e0 \u0111\u01a1n gi\u1ea3n, th\u01a1m ngon m\u00e0 kh\u00f4ng t\u1ed1n nhi\u1ec1u th\u1eddi gian.<\/div>\n<div>\n<h5 id=\"nguyen-lieu\"><strong>Nguy\u00ean li\u1ec7u<\/strong><\/h5>\n<p>&#8211; 1\/2 qu\u1ea3 d\u01b0a h\u1ea5u<\/p>\n<p>&#8211; 130gr \u0111\u01b0\u1eddng<\/p>\n<p>&#8211; 16gr b\u1ed9t agar<\/p>\n<h5 id=\"cach-lam\"><strong>C\u00e1ch l\u00e0m<\/strong><\/h5>\n<p>&#8211; Cho b\u1ed9t rau c\u00e2u h\u1eefu c\u01a1 Biovegan v\u00e0o ch\u00e9n con, \u0111\u1ed5 n\u01b0\u1edbc v\u00e0o v\u00e0 khu\u1ea5y \u0111\u1ec1u tay \u0111\u1ec3 b\u1ed9t tan \u0111\u1ec1u. Sau \u0111\u00f3, b\u1eafc m\u1ed9t c\u00e1i n\u1ed3i nh\u1ecf l\u00ean b\u1ebfp, \u0111\u1ed5 h\u1ed7n h\u1ee3p b\u1ed9t agar v\u00e0o c\u00f9ng 130gr \u0111\u01b0\u1eddng v\u00e0 \u0111un s\u00f4i.<\/p>\n<p>&#8211; D\u01b0a h\u1ea5u b\u1ed5 ra, c\u1eaft mi\u1ebfng nh\u1ecf, b\u1ecf h\u1ebft h\u1ea1t v\u00e0 cho v\u00e0o m\u00e1y xay sinh t\u1ed1 xay nhuy\u1ec5n. Ti\u1ebfp theo, cho d\u01b0a h\u1ea5u xay l\u1ecdc qua r\u00e2y v\u00e0 l\u1ea5y ph\u1ea7n n\u01b0\u1edbc c\u1ed1t.<\/p>\n<p>&#8211; \u0110\u1ed5 n\u01b0\u1edbc c\u1ed1t d\u01b0a h\u1ea5u v\u00e0o n\u1ed3i b\u1ed9t agar \u0111ang \u0111un s\u00f4i, v\u1eeba \u0111un v\u1eeba khu\u1ea5y \u0111\u1ec1u tay v\u00e0 \u0111\u1ec3 kho\u1ea3ng 2 ph\u00fat th\u00ec t\u1eaft b\u1ebfp.<\/p>\n<p>&#8211; Cu\u1ed1i c\u00f9ng, \u0111\u1ed5 rau c\u00e2u d\u01b0a h\u1ea5u v\u00e0o khu\u00f4n, d\u00f9ng m\u00e0ng b\u1ecdc th\u1ef1c ph\u1ea9m b\u1ecdc l\u1ea1i v\u00e0 \u0111\u1ec3 v\u00e0o ng\u0103n m\u00e1t t\u1ee7 l\u1ea1nh th\u01b0\u1edfng th\u1ee9c d\u1ea7n.<\/p>\n<p style=\"text-align: center;\"><img loading=\"lazy\" decoding=\"async\" class=\"alignnone wp-image-21651\" src=\"https:\/\/havamall.com\/wp-content\/uploads\/2025\/05\/BOT-RAU-CAU-6-300x233.jpg\" alt=\"\" width=\"800\" height=\"622\" \/><\/p>\n<\/div>","protected":false},"excerpt":{"rendered":"<p>TH\u00d4NG TIN S\u1ea2N PH\u1ea8M Th\u01b0\u01a1ng hi\u1ec7u Biovegan Xu\u1ea5t x\u1ee9 \u0110\u1ee9c Th\u00e0nh ph\u1ea7n 100% b\u1ed9t rau c\u00e2u h\u1eefu c\u01a1 H\u1ea1n s\u1eed<\/p>","protected":false},"featured_media":21647,"comment_status":"open","ping_status":"closed","template":"","meta":[],"product_brand":[],"product_cat":[255,256,496,36],"product_tag":[],"class_list":{"0":"post-21644","1":"product","2":"type-product","3":"status-publish","4":"has-post-thumbnail","6":"product_cat-nguyen-lieu-lam-banh","7":"product_cat-thuc-pham-huu-co","8":"product_cat-thuc-pham-thuan-chay","9":"product_cat-thuc-pham-tieu-dung","11":"first","12":"outofstock","13":"sale","14":"shipping-taxable","15":"purchasable","16":"product-type-simple"},"_links":{"self":[{"href":"https:\/\/havamall.vn\/en\/wp-json\/wp\/v2\/product\/21644"}],"collection":[{"href":"https:\/\/havamall.vn\/en\/wp-json\/wp\/v2\/product"}],"about":[{"href":"https:\/\/havamall.vn\/en\/wp-json\/wp\/v2\/types\/product"}],"replies":[{"embeddable":true,"href":"https:\/\/havamall.vn\/en\/wp-json\/wp\/v2\/comments?post=21644"}],"version-history":[{"count":0,"href":"https:\/\/havamall.vn\/en\/wp-json\/wp\/v2\/product\/21644\/revisions"}],"wp:featuredmedia":[{"embeddable":true,"href":"https:\/\/havamall.vn\/en\/wp-json\/wp\/v2\/media\/21647"}],"wp:attachment":[{"href":"https:\/\/havamall.vn\/en\/wp-json\/wp\/v2\/media?parent=21644"}],"wp:term":[{"taxonomy":"product_brand","embeddable":true,"href":"https:\/\/havamall.vn\/en\/wp-json\/wp\/v2\/product_brand?post=21644"},{"taxonomy":"product_cat","embeddable":true,"href":"https:\/\/havamall.vn\/en\/wp-json\/wp\/v2\/product_cat?post=21644"},{"taxonomy":"product_tag","embeddable":true,"href":"https:\/\/havamall.vn\/en\/wp-json\/wp\/v2\/product_tag?post=21644"}],"curies":[{"name":"wp","href":"https:\/\/api.w.org\/{rel}","templated":true}]}}