{"id":21617,"date":"2021-08-26T09:29:48","date_gmt":"2021-08-26T02:29:48","guid":{"rendered":"https:\/\/havamall.vn\/?post_type=product&#038;p=21617"},"modified":"2025-05-23T15:38:47","modified_gmt":"2025-05-23T08:38:47","slug":"gelatine-huu-co-dang-la-sobo-10gr-organic-blatt-gelatine","status":"publish","type":"product","link":"https:\/\/havamall.vn\/en\/shop\/gelatine-huu-co-dang-la-sobo-10gr-organic-blatt-gelatine\/","title":{"rendered":"Gelatine H\u1eefu C\u01a1 D\u1ea1ng L\u00e1 Sobo 10gr &#8211; Organic Blatt-Gelatine"},"content":{"rendered":"<h3><strong>TH\u00d4NG TIN S\u1ea2N PH\u1ea8M<\/strong><\/h3>\n<table id=\"table-product-detail\">\n<tbody>\n<tr>\n<td>Th\u01b0\u01a1ng Hi\u1ec7u<\/td>\n<td>SOBO<\/td>\n<\/tr>\n<tr>\n<td>Xu\u1ea5t X\u1ee9<\/td>\n<td>\u0110\u1ee9c<\/td>\n<\/tr>\n<tr>\n<td>Th\u00e0nh Ph\u1ea7n<\/td>\n<td>L\u00e0m t\u1eeb x\u01b0\u01a1ng v\u00e0 da l\u1ee3n h\u1eefu c\u01a1 nguy\u00ean ch\u1ea5t* (* th\u00e0nh ph\u1ea7n \u0111\u01b0\u1ee3c ch\u1ee9ng nh\u1eadn h\u1eefu c\u01a1)<\/td>\n<\/tr>\n<tr>\n<td>Kh\u1ed1i L\u01b0\u1ee3ng<\/td>\n<td>10gr (6 l\u00e1)<\/td>\n<\/tr>\n<tr>\n<td>H\u01b0\u1edbng D\u1eabn B\u1ea3o Qu\u1ea3n<\/td>\n<td>B\u1ea3o qu\u1ea3n n\u01a1i kh\u00f4 r\u00e1o tho\u00e1ng m\u00e1t tr\u00e1nh ngu\u1ed3n nhi\u1ec7t cao v\u00e0 n\u01a1i \u1ea9m \u01b0\u1edbt.<\/td>\n<\/tr>\n<\/tbody>\n<\/table>\n<div><\/div>\n<h3><img fetchpriority=\"high\" decoding=\"async\" class=\"wp-image-21624 aligncenter\" src=\"https:\/\/havamall.com\/wp-content\/uploads\/2025\/05\/GEL-1-300x300.jpg\" alt=\"\" width=\"800\" height=\"800\" \/><\/h3>\n<p><strong>Gelatine h\u1eefu c\u01a1 d\u1ea1ng l\u00e1 Sobo<\/strong>\u00a0l\u00e0 d\u00f2ng s\u1ea3n ph\u1ea9m nh\u1eadp tr\u1ef1c ti\u1ebfp t\u1eeb \u0110\u1ee9c v\u00e0 \u0111\u1ea1t \u0111\u01b0\u1ee3c ch\u1ee9ng nh\u1eadn h\u1eefu c\u01a1 EU. S\u1ea3n ph\u1ea9m ch\u1ee9a c\u00e1c th\u00e0nh ph\u1ea7n dinh d\u01b0\u1ee1ng t\u1ed1t cho s\u1ee9c kh\u1ecfe v\u00e0 \u0111\u1ea3m b\u1ea3o v\u1ec7 sinh an to\u00e0n th\u1ef1c ph\u1ea9m cho ng\u01b0\u1eddi ti\u00eau d\u00f9ng.<\/p>\n<p>Gelatine h\u1eefu c\u01a1 Sobo\u00a0l\u00e0 nguy\u00ean li\u1ec7u quen thu\u1ed9c v\u00e0 kh\u00f4ng th\u1ec3 thi\u1ebfu trong c\u00e1c c\u00f4ng th\u1ee9c n\u1ea5u \u0103n. Gelatine \u0111\u01b0\u1ee3c s\u1eed d\u1ee5ng trong c\u00f4ng th\u1ee9c l\u00e0m c\u00e1c m\u00f3n b\u00e1nh nh\u01b0: Rau c\u00e2u, pudding, panna cotta, cheesecake, tiramisu v\u00e0 c\u00e1c m\u00f3n tr\u00e1ng mi\u1ec7ng l\u1ea1nh,\u2026<\/p>\n<p><img decoding=\"async\" class=\"alignnone wp-image-21621 aligncenter\" src=\"https:\/\/havamall.com\/wp-content\/uploads\/2025\/05\/GEL-5-283x300.jpg\" alt=\"\" width=\"800\" height=\"849\" \/><\/p>\n<h3><strong>\u0110\u1eb6C \u0110I\u1ec2M S\u1ea2N PH\u1ea8M<\/strong><\/h3>\n<p>&#8211; Ch\u1ee9a c\u00e1c th\u00e0nh ph\u1ea7n dinh d\u01b0\u1ee1ng t\u1ed1t cho s\u1ee9c kh\u1ecfe<br \/>\n&#8211; S\u1ea3n ph\u1ea9m nh\u1eadp t\u1eeb \u0110\u1ee9c<br \/>\n&#8211; \u0110\u1ea1t ch\u1ee9ng nh\u1eadn h\u1eefu c\u01a1 EU v\u1edbi quy tr\u00ecnh ki\u1ec3m so\u00e1t nghi\u00eam ng\u1eb7t ch\u1eb7t ch\u1ebd<br \/>\n&#8211; \u0110\u1ea3m b\u1ea3o v\u1ec7 sinh an to\u00e0n th\u1ef1c ph\u1ea9m<br \/>\n&#8211; \u0110\u01b0\u1ee3c s\u1eed d\u1ee5ng trong c\u00f4ng th\u1ee9c l\u00e0m c\u00e1c m\u00f3n b\u00e1nh v\u00e0 c\u00e1c m\u00f3n tr\u00e1ng mi\u1ec7ng l\u1ea1nh,\u2026<\/p>\n<h2><img decoding=\"async\" class=\"alignnone wp-image-21630 aligncenter\" src=\"https:\/\/havamall.com\/wp-content\/uploads\/2025\/05\/gel-300x274.jpg\" alt=\"\" width=\"800\" height=\"731\" \/><\/h2>\n<div>\n<h3><strong>H\u01af\u1edaNG D\u1eaaN S\u1eec D\u1ee4NG<\/strong><\/h3>\n<p>&#8211; Ng\u00e2m l\u00e1 Gelatine trong n\u01b0\u1edbc l\u1ea1nh 10 ph\u00fat sao cho t\u1ec9 l\u1ec7 n\u01b0\u1edbc g\u1ea5p 5 l\u1ea7n t\u1ec9 l\u1ec7 l\u00e1.<br \/>\n&#8211; V\u1edbt l\u00e1 gelatine \u0111\u00e3 m\u1ec1m ra, b\u00f3p nh\u1eb9 cho r\u00e1o n\u01b0\u1edbc.<br \/>\n&#8211; Cho v\u00e0o h\u1ed7n h\u1ee3p l\u1ecfng c\u1ea7n l\u00e0m \u0111\u00f4ng.<br \/>\n&#8211; C\u00f3 th\u1ec3 s\u1eed d\u1ee5ng trong ch\u1ea5t l\u1ecfng n\u00f3ng ho\u1eb7c l\u1ea1nh, t\u00f9y thu\u1ed9c v\u00e0o c\u00f4ng th\u1ee9c.<br \/>\n&#8211; B\u1ecf h\u1ed7n h\u1ee3p \u0111\u00e3 \u0111\u01b0\u1ee3c pha v\u00e0o trong t\u1ee7 l\u1ea1nh trong v\u00e0i gi\u1edd (t\u1ed1t nh\u1ea5t l\u00e0 qua \u0111\u00eam) \u0111\u1ec3 c\u00f3 \u0111\u01b0\u1ee3c th\u00e0nh ph\u1ea9m tuy\u1ec7t h\u1ea3o nh\u1ea5t.<br \/>\n&#8211; Li\u1ec1u l\u01b0\u1ee3ng: M\u1ed9t g\u00f3i 6 l\u00e1 gelatine c\u00f3 th\u1ec3 l\u00e0m \u0111\u00f4ng 500ml ch\u1ea5t l\u1ecfng.<\/p>\n<p><em><strong>*L\u01b0u \u00fd:<\/strong><\/em> Kh\u00f4ng n\u1ea5u s\u00f4i gelatine tr\u00ean b\u1ebfp.<\/p>\n<h2><img loading=\"lazy\" decoding=\"async\" class=\"alignnone wp-image-21631 aligncenter\" src=\"https:\/\/havamall.com\/wp-content\/uploads\/2025\/05\/gel-8-300x200.jpg\" alt=\"\" width=\"800\" height=\"533\" \/><\/h2>\n<\/div>","protected":false},"excerpt":{"rendered":"<p>TH\u00d4NG TIN S\u1ea2N PH\u1ea8M Th\u01b0\u01a1ng Hi\u1ec7u SOBO Xu\u1ea5t X\u1ee9 \u0110\u1ee9c Th\u00e0nh Ph\u1ea7n L\u00e0m t\u1eeb x\u01b0\u01a1ng v\u00e0 da l\u1ee3n h\u1eefu c\u01a1<\/p>","protected":false},"featured_media":21632,"comment_status":"open","ping_status":"closed","template":"","meta":[],"product_brand":[],"product_cat":[256,36],"product_tag":[],"class_list":{"0":"post-21617","1":"product","2":"type-product","3":"status-publish","4":"has-post-thumbnail","6":"product_cat-thuc-pham-huu-co","7":"product_cat-thuc-pham-tieu-dung","9":"first","10":"outofstock","11":"sale","12":"shipping-taxable","13":"purchasable","14":"product-type-simple"},"_links":{"self":[{"href":"https:\/\/havamall.vn\/en\/wp-json\/wp\/v2\/product\/21617"}],"collection":[{"href":"https:\/\/havamall.vn\/en\/wp-json\/wp\/v2\/product"}],"about":[{"href":"https:\/\/havamall.vn\/en\/wp-json\/wp\/v2\/types\/product"}],"replies":[{"embeddable":true,"href":"https:\/\/havamall.vn\/en\/wp-json\/wp\/v2\/comments?post=21617"}],"version-history":[{"count":0,"href":"https:\/\/havamall.vn\/en\/wp-json\/wp\/v2\/product\/21617\/revisions"}],"wp:featuredmedia":[{"embeddable":true,"href":"https:\/\/havamall.vn\/en\/wp-json\/wp\/v2\/media\/21632"}],"wp:attachment":[{"href":"https:\/\/havamall.vn\/en\/wp-json\/wp\/v2\/media?parent=21617"}],"wp:term":[{"taxonomy":"product_brand","embeddable":true,"href":"https:\/\/havamall.vn\/en\/wp-json\/wp\/v2\/product_brand?post=21617"},{"taxonomy":"product_cat","embeddable":true,"href":"https:\/\/havamall.vn\/en\/wp-json\/wp\/v2\/product_cat?post=21617"},{"taxonomy":"product_tag","embeddable":true,"href":"https:\/\/havamall.vn\/en\/wp-json\/wp\/v2\/product_tag?post=21617"}],"curies":[{"name":"wp","href":"https:\/\/api.w.org\/{rel}","templated":true}]}}