{"id":21602,"date":"2021-08-25T16:20:25","date_gmt":"2021-08-25T09:20:25","guid":{"rendered":"https:\/\/havamall.vn\/?post_type=product&#038;p=21602"},"modified":"2022-11-02T11:45:44","modified_gmt":"2022-11-02T04:45:44","slug":"bot-mi-nguyen-cam-huu-co-t150-markal-1kg-organic-whole-wheat-flour-t150","status":"publish","type":"product","link":"https:\/\/havamall.vn\/en\/shop\/bot-mi-nguyen-cam-huu-co-t150-markal-1kg-organic-whole-wheat-flour-t150\/","title":{"rendered":"B\u1ed9t M\u00ec Nguy\u00ean C\u00e1m H\u1eefu C\u01a1 T150 Markal 1kg &#8211; Organic Whole Wheat Flour T150"},"content":{"rendered":"<p>Khi nh\u1eafc \u0111\u1ebfn nh\u1eefng th\u01b0\u01a1ng hi\u1ec7u v\u1edbi c\u00f4ng ngh\u1ec7 s\u1ea3n xu\u1ea5t th\u1ef1c ph\u1ea9m h\u1eefu c\u01a1 kh\u00f4ng th\u1ec3 kh\u00f4ng nh\u1eafc \u0111\u1ebfn th\u01b0\u01a1ng hi\u1ec7u Markal \u0111\u1ebfn t\u1eeb Ph\u00e1p.<\/p>\n<p>Markal kh\u00f4ng ch\u1ec9 bi\u1ebft \u0111\u1ebfn l\u00e0 th\u01b0\u01a1ng hi\u1ec7u s\u1ea3n xu\u1ea5t s\u1ea3n ph\u1ea9m t\u1eeb l\u00faa m\u1ea1ch, m\u00e0 t\u1ea1i \u0111\u00e2y, c\u00f2n s\u1ea3n xu\u1ea5t c\u00e1c lo\u1ea1i h\u1ea1t, lo\u1ea1i \u0111\u1eadu h\u1eefu c\u01a1. T\u1eeb kh\u00e2u ch\u1ecdn gi\u1ed1ng c\u00e2y tr\u1ed3ng, \u0111\u1ebfn qu\u00e1 tr\u00ecnh ch\u0103m s\u00f3c: \u0111\u1ea5t, ngu\u1ed3n n\u01b0\u1edbc t\u01b0\u1edbi ti\u00eau \u0111\u1ec1u \u0111\u1ea3m b\u1ea3o s\u1ea1ch, tr\u00e1nh xa m\u00f4i tr\u01b0\u1eddng \u00f4 nhi\u1ec5m.<\/p>\n<p>Hi\u1ec7n nay, c\u00e1c s\u1ea3n ph\u1ea9m c\u1ee7a Markal \u0111\u01b0\u1ee3c xu\u1ea5t kh\u1ea9u \u1edf nhi\u1ec1u n\u01b0\u1edbc tr\u00ean th\u1ebf gi\u1edbi, ri\u00eang n\u01b0\u1edbc Ph\u00e1p, th\u01b0\u01a1ng hi\u1ec7u Markal c\u00f3 m\u1eb7t tr\u00ean 900 c\u1eeda h\u00e0ng l\u1edbn, nh\u1ecf. V\u00e0 h\u00f4m nay, nh\u1eefng s\u1ea3n ph\u1ea9m c\u1ee7a Markal \u0111\u00e3 c\u00f3 m\u1eb7t t\u1ea1i Havamall.<\/p>\n<p>T\u1ea5t c\u1ea3 c\u00e1c s\u1ea3n ph\u1ea9m c\u1ee7a Markal \u0111\u1ec1u \u0111\u01b0\u1ee3c c\u1ea5p gi\u1ea5y ch\u1ee9ng nh\u1eadn h\u1eefu c\u01a1 c\u1ee7a AB, EU<\/p>\n<p><img fetchpriority=\"high\" decoding=\"async\" class=\"wp-image-21322 aligncenter\" src=\"https:\/\/havamall.vn\/wp-content\/uploads\/2021\/08\/\u0110\u1eacU-2-300x120.jpg\" alt=\"\" width=\"800\" height=\"320\" srcset=\"https:\/\/havamall.vn\/wp-content\/uploads\/2021\/08\/\u0110\u1eacU-2-300x120.jpg 300w, https:\/\/havamall.vn\/wp-content\/uploads\/2021\/08\/\u0110\u1eacU-2-430x172.jpg 430w, https:\/\/havamall.vn\/wp-content\/uploads\/2021\/08\/\u0110\u1eacU-2-150x60.jpg 150w, https:\/\/havamall.vn\/wp-content\/uploads\/2021\/08\/\u0110\u1eacU-2-700x280.jpg 700w, https:\/\/havamall.vn\/wp-content\/uploads\/2021\/08\/\u0110\u1eacU-2-768x307.jpg 768w, https:\/\/havamall.vn\/wp-content\/uploads\/2021\/08\/\u0110\u1eacU-2-1024x410.jpg 1024w, https:\/\/havamall.vn\/wp-content\/uploads\/2021\/08\/\u0110\u1eacU-2-1200x480.jpg 1200w, https:\/\/havamall.vn\/wp-content\/uploads\/2021\/08\/\u0110\u1eacU-2-600x240.jpg 600w\" sizes=\"(max-width: 800px) 100vw, 800px\" \/><\/p>\n<p>S\u1ea3n ph\u1ea9m <strong>B\u1ed9t m\u00ec nguy\u00ean c\u00e1m h\u1eefu c\u01a1 T150 Markal<\/strong>\u00a0l\u00e0 th\u1ef1c ph\u1ea9m h\u1eefu c\u01a1, kh\u00f4ng nh\u1eefng gi\u00fap ch\u1ebf bi\u1ebfn nhi\u1ec1u m\u00f3n \u0103n ngon, m\u00e0 c\u00f2n c\u1ef1c k\u1ef3 t\u1ed1t v\u1edbi s\u1ee9c kh\u1ecfe \u0111\u1eb7c bi\u1ec7t v\u1edbi ng\u01b0\u1eddi b\u1ecb b\u1ec7nh ti\u1ec3u \u0111\u01b0\u1eddng, \u0103n ki\u00eang.<\/p>\n<p>B\u1ed9t m\u00ec nguy\u00ean c\u00e1m \u0111\u01b0\u1ee3c xay t\u1eeb h\u1ea1t l\u00faa m\u00ec\u00a0\u0111\u01b0\u1ee3c tr\u1ed3ng theo m\u00f4 h\u00ecnh th\u1ef1c ph\u1ea9m h\u1eefu c\u01a1, kh\u00f4ng thu\u1ed1c b\u1ea3o v\u1ec7 th\u1ef1c v\u1eadt, kh\u00f4ng b\u00f3n ph\u00e2n h\u00f3a h\u1ecdc, kh\u00f4ng s\u1eed d\u1ee5ng thu\u1ed1c t\u0103ng tr\u01b0\u1edfng\u2026 B\u1ed9t c\u00f2n nguy\u00ean v\u1ecf c\u00e1m, ch\u1ea5t x\u01a1 v\u00e0 ph\u00f4i m\u1ea7m, kh\u00f4ng qua qu\u00e1 tr\u00ecnh tinh ch\u1ebf. Nh\u1edd \u0111\u00f3 d\u01b0\u1ee1ng ch\u1ea5t nh\u01b0 vitamin, protein v\u00e0 ch\u1ea5t b\u00e9o b\u1ed5 sung \u0111\u01b0\u1ee3c b\u1ea3o to\u00e0n m\u1ed9t c\u00e1ch t\u1ed1i \u01b0u nh\u1ea5t.<\/p>\n<p><img decoding=\"async\" class=\"alignnone wp-image-21608 aligncenter\" src=\"https:\/\/havamall.vn\/wp-content\/uploads\/2021\/08\/B\u1ed8T-4-300x300.png\" alt=\"\" width=\"800\" height=\"800\" srcset=\"https:\/\/havamall.vn\/wp-content\/uploads\/2021\/08\/B\u1ed8T-4-300x300.png 300w, https:\/\/havamall.vn\/wp-content\/uploads\/2021\/08\/B\u1ed8T-4-430x430.png 430w, https:\/\/havamall.vn\/wp-content\/uploads\/2021\/08\/B\u1ed8T-4-150x150.png 150w, https:\/\/havamall.vn\/wp-content\/uploads\/2021\/08\/B\u1ed8T-4-700x700.png 700w, https:\/\/havamall.vn\/wp-content\/uploads\/2021\/08\/B\u1ed8T-4-768x768.png 768w, https:\/\/havamall.vn\/wp-content\/uploads\/2021\/08\/B\u1ed8T-4-600x600.png 600w, https:\/\/havamall.vn\/wp-content\/uploads\/2021\/08\/B\u1ed8T-4-100x100.png 100w, https:\/\/havamall.vn\/wp-content\/uploads\/2021\/08\/B\u1ed8T-4.png 800w\" sizes=\"(max-width: 800px) 100vw, 800px\" \/><\/p>\n<h4><strong>\u0110\u1eb6C \u0110I\u1ec2M S\u1ea2N PH\u1ea8M<\/strong><\/h4>\n<p>B\u1ed9t m\u00ec nguy\u00ean c\u00e1m T150 Markal c\u00f3 m\u00e0u tr\u1eafng s\u1eefa h\u01a1i x\u00e1m, n\u00e2u nh\u1ea1t, b\u1ed9t m\u1ecbn, th\u01a1m v\u00e0 \u0111\u01b0\u1ee3c ki\u1ec3m tra k\u1ef9 l\u01b0\u1ee1ng, g\u1eaft gao t\u1eeb qu\u00e1 tr\u00ecnh ch\u1ebf bi\u1ebfn, \u0111\u00f3ng g\u00f3i, ph\u00e2n ph\u1ed1i.<\/p>\n<p>Khi l\u00e0m b\u00e1nh v\u1edbi b\u1ed9t m\u00ec nguy\u00ean c\u00e1m, b\u00e1nh s\u1ebd \u00edt n\u1edf, k\u1ebft c\u1ea5u n\u1eb7ng v\u00e0 kh\u00f4ng m\u1ecbn nh\u1eb9 nh\u01b0 khi s\u1eed d\u1ee5ng b\u1ed9t m\u00ec tr\u1eafng.\u00a0\u00a0Kh\u00e1c v\u1edbi b\u1ed9t m\u00ec tr\u1eafng, b\u1ed9t m\u00ec nguy\u00ean c\u00e1m c\u00f3 ch\u1ee9a t\u1ea5t c\u1ea3 c\u00e1c ph\u1ea7n c\u1ee7a h\u1ea1t nh\u00e2n l\u00faa m\u00ec:\u00a0n\u1ed9i nh\u0169 hay endosperm (tinh b\u1ed9t), v\u1ecf c\u00e1m, ch\u1ea5t x\u01a1, v\u00e0 ph\u00f4i m\u1ea7m (trong \u0111\u00f3 c\u00f3 protein v\u00e0 ch\u1ea5t b\u00e9o b\u1ed5 sung). V\u00ec v\u1eady, c\u00f3 th\u1ec3 k\u1ebft h\u1ee3p v\u1edbi m\u1ed9t \u00edt b\u1ed9t m\u00ec tr\u1eafng \u0111\u1ec3 t\u0103ng \u0111\u1ed9 ph\u1ed3ng n\u1edf cho b\u00e1nh.<\/p>\n<p><img decoding=\"async\" class=\"alignnone wp-image-21609 aligncenter\" src=\"https:\/\/havamall.vn\/wp-content\/uploads\/2021\/08\/B\u1ed8T-3-300x300.jpg\" alt=\"\" width=\"800\" height=\"800\" srcset=\"https:\/\/havamall.vn\/wp-content\/uploads\/2021\/08\/B\u1ed8T-3-300x300.jpg 300w, https:\/\/havamall.vn\/wp-content\/uploads\/2021\/08\/B\u1ed8T-3-430x430.jpg 430w, https:\/\/havamall.vn\/wp-content\/uploads\/2021\/08\/B\u1ed8T-3-150x150.jpg 150w, https:\/\/havamall.vn\/wp-content\/uploads\/2021\/08\/B\u1ed8T-3-700x700.jpg 700w, https:\/\/havamall.vn\/wp-content\/uploads\/2021\/08\/B\u1ed8T-3-768x768.jpg 768w, https:\/\/havamall.vn\/wp-content\/uploads\/2021\/08\/B\u1ed8T-3-600x600.jpg 600w, https:\/\/havamall.vn\/wp-content\/uploads\/2021\/08\/B\u1ed8T-3-100x100.jpg 100w, https:\/\/havamall.vn\/wp-content\/uploads\/2021\/08\/B\u1ed8T-3.jpg 900w\" sizes=\"(max-width: 800px) 100vw, 800px\" \/><\/p>\n<h4><strong>T\u1ea1i sao n\u00ean d\u00f9ng b\u1ed9t m\u00ec nguy\u00ean c\u00e1m h\u1eefu c\u01a1?<\/strong><\/h4>\n<div>\u2013 Ch\u1ec9 s\u1ed1 \u0111\u01b0\u1eddng huy\u1ebft th\u1ea5p, ph\u00f9 h\u1ee3p v\u00e0 h\u1ea1n ch\u1ebf nguy c\u01a1 g\u00e2y b\u1ec7nh ti\u1ec3u \u0111\u01b0\u1eddng.<\/div>\n<div>\u2013 Th\u00e0nh ph\u1ea7n dinh d\u01b0\u1ee1ng cao h\u01a1n b\u1ed9t m\u00ec tr\u1eafng.<\/div>\n<div>\u2013 Do k\u1ebft c\u1ea5u \u0111\u1eb7c v\u00e0 n\u1eb7ng c\u1ee7a b\u00e1nh, b\u1ea1n s\u1ebd no l\u00e2u h\u01a1n, h\u1ea1n ch\u1ebf \u0103n v\u1eb7t \u0103n nhi\u1ec1u v\u00e0 t\u0103ng c\u00e2n.<\/div>\n<div>\u2013 H\u01b0\u01a1ng v\u1ecb \u0111\u1eadm \u0111\u00e0 v\u00e0 ngon h\u01a1n.<\/div>\n<h4><img loading=\"lazy\" decoding=\"async\" class=\"alignnone wp-image-21610 aligncenter\" src=\"https:\/\/havamall.vn\/wp-content\/uploads\/2021\/08\/T150-1-300x300.jpg\" alt=\"\" width=\"800\" height=\"800\" srcset=\"https:\/\/havamall.vn\/wp-content\/uploads\/2021\/08\/T150-1-300x300.jpg 300w, https:\/\/havamall.vn\/wp-content\/uploads\/2021\/08\/T150-1-430x430.jpg 430w, https:\/\/havamall.vn\/wp-content\/uploads\/2021\/08\/T150-1-150x150.jpg 150w, https:\/\/havamall.vn\/wp-content\/uploads\/2021\/08\/T150-1-700x700.jpg 700w, https:\/\/havamall.vn\/wp-content\/uploads\/2021\/08\/T150-1-768x768.jpg 768w, https:\/\/havamall.vn\/wp-content\/uploads\/2021\/08\/T150-1-1024x1024.jpg 1024w, https:\/\/havamall.vn\/wp-content\/uploads\/2021\/08\/T150-1-1200x1200.jpg 1200w, https:\/\/havamall.vn\/wp-content\/uploads\/2021\/08\/T150-1-600x600.jpg 600w, https:\/\/havamall.vn\/wp-content\/uploads\/2021\/08\/T150-1-100x100.jpg 100w, https:\/\/havamall.vn\/wp-content\/uploads\/2021\/08\/T150-1.jpg 1800w\" sizes=\"(max-width: 800px) 100vw, 800px\" \/><\/h4>\n<h4><strong>H\u01af\u1edaNG D\u1eaaN S\u1eec D\u1ee4NG<\/strong><\/h4>\n<div>B\u1ed9t m\u00ec nguy\u00ean c\u00e1m h\u1eefu c\u01a1 T150 d\u00f9ng \u0111\u1ec3 l\u00e0m c\u00e1c lo\u1ea1i b\u00e1nh m\u00ec ho\u1eb7c l\u00e0m b\u1ed9t p\u00e2tes cho c\u00e1c lo\u1ea1i b\u00e1nh kh\u00e1c. C\u00f3 th\u1ec3 d\u00f9ng ri\u00eang ho\u1eb7c k\u1ebft h\u1ee3p v\u1edbi b\u1ed9t m\u00ec tr\u1eafng, t\u1ea1o cho m\u00f3n \u0103n m\u1ed9t m\u00e0u s\u1eabm \u0111\u1eb9p m\u1eaft.<\/div>\n<h1>\u00a0<img loading=\"lazy\" decoding=\"async\" class=\"wp-image-21613 aligncenter\" src=\"https:\/\/havamall.vn\/wp-content\/uploads\/2021\/08\/B\u1ed8T-M\u00cc-SEMOLINA-10-300x200.png\" alt=\"\" width=\"800\" height=\"534\" srcset=\"https:\/\/havamall.vn\/wp-content\/uploads\/2021\/08\/B\u1ed8T-M\u00cc-SEMOLINA-10-300x200.png 300w, https:\/\/havamall.vn\/wp-content\/uploads\/2021\/08\/B\u1ed8T-M\u00cc-SEMOLINA-10-430x287.png 430w, https:\/\/havamall.vn\/wp-content\/uploads\/2021\/08\/B\u1ed8T-M\u00cc-SEMOLINA-10-150x100.png 150w, https:\/\/havamall.vn\/wp-content\/uploads\/2021\/08\/B\u1ed8T-M\u00cc-SEMOLINA-10-700x466.png 700w, https:\/\/havamall.vn\/wp-content\/uploads\/2021\/08\/B\u1ed8T-M\u00cc-SEMOLINA-10-768x512.png 768w, https:\/\/havamall.vn\/wp-content\/uploads\/2021\/08\/B\u1ed8T-M\u00cc-SEMOLINA-10-1024x682.png 1024w, https:\/\/havamall.vn\/wp-content\/uploads\/2021\/08\/B\u1ed8T-M\u00cc-SEMOLINA-10-1200x800.png 1200w, https:\/\/havamall.vn\/wp-content\/uploads\/2021\/08\/B\u1ed8T-M\u00cc-SEMOLINA-10-600x400.png 600w, https:\/\/havamall.vn\/wp-content\/uploads\/2021\/08\/B\u1ed8T-M\u00cc-SEMOLINA-10.png 1280w\" sizes=\"(max-width: 800px) 100vw, 800px\" \/><\/h1>\n<div>\n<h3><strong>TH\u00d4NG TIN S\u1ea2N PH\u1ea8M<\/strong><\/h3>\n<table>\n<tbody>\n<tr>\n<td>Th\u01b0\u01a1ng hi\u1ec7u<\/td>\n<td>MARKAL<\/td>\n<\/tr>\n<tr>\n<td>Xu\u1ea5t x\u1ee9<\/td>\n<td>Ph\u00e1p<\/td>\n<\/tr>\n<tr>\n<td>Th\u00e0nh ph\u1ea7n<\/td>\n<td>L\u00faa m\u00ec m\u1ec1m nguy\u00ean c\u00e1m h\u1eefu c\u01a1. C\u00f3 th\u1ec3 c\u00f3 v\u1ebft c\u1ee7a \u0111\u1eadu lupin, v\u1eebng v\u00e0 \u0111\u1eadu n\u00e0nh.<\/td>\n<\/tr>\n<tr>\n<td>H\u1ea1n s\u1eed d\u1ee5ng<\/td>\n<td>12 th\u00e1ng k\u1ec3 t\u1eeb ng\u00e0y s\u1ea3n xu\u1ea5t.<\/td>\n<\/tr>\n<tr>\n<td>B\u1ea3o qu\u1ea3n<\/td>\n<td>\u0110\u1ec3 n\u01a1i kh\u00f4 r\u00e1o, tho\u00e1ng m\u00e1t, tr\u00e1nh \u00e1nh n\u1eafng tr\u1ef1c ti\u1ebfp<\/td>\n<\/tr>\n<tr>\n<td>Kh\u1ed1i l\u01b0\u1ee3ng t\u1ecbnh<\/td>\n<td>1kg<\/td>\n<\/tr>\n<\/tbody>\n<\/table>\n<\/div>","protected":false},"excerpt":{"rendered":"<p>Khi nh\u1eafc \u0111\u1ebfn nh\u1eefng th\u01b0\u01a1ng hi\u1ec7u v\u1edbi c\u00f4ng ngh\u1ec7 s\u1ea3n xu\u1ea5t th\u1ef1c ph\u1ea9m h\u1eefu c\u01a1 kh\u00f4ng th\u1ec3 kh\u00f4ng nh\u1eafc \u0111\u1ebfn<\/p>","protected":false},"featured_media":21616,"comment_status":"open","ping_status":"closed","template":"","meta":[],"product_brand":[],"product_cat":[255,256,36,134],"product_tag":[],"class_list":{"0":"post-21602","1":"product","2":"type-product","3":"status-publish","4":"has-post-thumbnail","6":"product_cat-nguyen-lieu-lam-banh","7":"product_cat-thuc-pham-huu-co","8":"product_cat-thuc-pham-tieu-dung","9":"product_cat-thucpham-saykho","10":"pa_brand-markal","12":"first","13":"instock","14":"sale","15":"shipping-taxable","16":"purchasable","17":"product-type-simple"},"_links":{"self":[{"href":"https:\/\/havamall.vn\/en\/wp-json\/wp\/v2\/product\/21602"}],"collection":[{"href":"https:\/\/havamall.vn\/en\/wp-json\/wp\/v2\/product"}],"about":[{"href":"https:\/\/havamall.vn\/en\/wp-json\/wp\/v2\/types\/product"}],"replies":[{"embeddable":true,"href":"https:\/\/havamall.vn\/en\/wp-json\/wp\/v2\/comments?post=21602"}],"version-history":[{"count":0,"href":"https:\/\/havamall.vn\/en\/wp-json\/wp\/v2\/product\/21602\/revisions"}],"wp:featuredmedia":[{"embeddable":true,"href":"https:\/\/havamall.vn\/en\/wp-json\/wp\/v2\/media\/21616"}],"wp:attachment":[{"href":"https:\/\/havamall.vn\/en\/wp-json\/wp\/v2\/media?parent=21602"}],"wp:term":[{"taxonomy":"product_brand","embeddable":true,"href":"https:\/\/havamall.vn\/en\/wp-json\/wp\/v2\/product_brand?post=21602"},{"taxonomy":"product_cat","embeddable":true,"href":"https:\/\/havamall.vn\/en\/wp-json\/wp\/v2\/product_cat?post=21602"},{"taxonomy":"product_tag","embeddable":true,"href":"https:\/\/havamall.vn\/en\/wp-json\/wp\/v2\/product_tag?post=21602"}],"curies":[{"name":"wp","href":"https:\/\/api.w.org\/{rel}","templated":true}]}}