{"id":21601,"date":"2021-08-25T16:08:10","date_gmt":"2021-08-25T09:08:10","guid":{"rendered":"https:\/\/havamall.vn\/?post_type=product&#038;p=21601"},"modified":"2022-05-10T16:58:54","modified_gmt":"2022-05-10T09:58:54","slug":"tui-bat-bong-kem-8-cai","status":"publish","type":"product","link":"https:\/\/havamall.vn\/en\/shop\/tui-bat-bong-kem-8-cai\/","title":{"rendered":"T\u00fai B\u1eaft B\u00f4ng Kem 8 C\u00e1i"},"content":{"rendered":"<p>T\u00fai b\u1eaft kem l\u00e0 d\u1ee5ng c\u1ee5 kh\u00f4ng th\u1ec3 thi\u1ebfu \u0111\u1ec3 l\u00e0m b\u00e1nh \u0111\u1eb7c bi\u1ec7t l\u00e0 \u0111\u1ec3 trang tr\u00ed b\u00e1nh t\u1eeb nh\u1eefng b\u00f4ng hoa b\u1eb1ng kem cho \u0111\u1ebfn nh\u1eefng h\u1ecda ti\u1ebft kh\u00e1c, trang tr\u00ed b\u00e1nh kem sinh nh\u1eadt, b\u00e1nh cookie, hay cupcake \u0111\u1ec1u c\u1ea7n t\u00fai b\u1eaft kem.<\/p>\n<p>T\u00fai b\u1eaft b\u00f4ng kem th\u01b0\u1eddng c\u00f3 h\u00ecnh tam gi\u00e1c, c\u00f3 2 lo\u1ea1i l\u00e0 t\u00fai v\u1ea3i v\u00e0 t\u00fai nilon nh\u01b0ng ph\u1ed5 bi\u1ebfn nh\u1ea5t v\u1eabn l\u00e0 t\u00fai nilon. Ch\u1ea5t li\u1ec7u s\u1eed d\u1ee5ng tuy m\u1ecfng, nh\u1eb9 nh\u01b0ng l\u1ea1i b\u1ec1n, dai v\u00e0 kh\u00f3 b\u1ecb r\u00e1ch khi d\u00f9ng. Kh\u00e1ch h\u00e0ng n\u00ean ch\u1ecdn nh\u1eefng lo\u1ea1i t\u00fai nilon gai c\u00f3 m\u00e9p \u00e9p m\u1ed9t c\u1ea1nh v\u00ec ch\u00fang dai, kh\u00f3 r\u00e1ch h\u01a1n t\u00fai nilon th\u01b0\u1eddng.<\/p>\n<p><img fetchpriority=\"high\" decoding=\"async\" class=\"wp-image-21603 aligncenter\" src=\"https:\/\/havamall.vn\/wp-content\/uploads\/2021\/08\/mhjuh-300x300.png\" alt=\"\" width=\"633\" height=\"633\" srcset=\"https:\/\/havamall.vn\/wp-content\/uploads\/2021\/08\/mhjuh-300x300.png 300w, https:\/\/havamall.vn\/wp-content\/uploads\/2021\/08\/mhjuh-430x430.png 430w, https:\/\/havamall.vn\/wp-content\/uploads\/2021\/08\/mhjuh-150x150.png 150w, https:\/\/havamall.vn\/wp-content\/uploads\/2021\/08\/mhjuh-700x700.png 700w, https:\/\/havamall.vn\/wp-content\/uploads\/2021\/08\/mhjuh-768x768.png 768w, https:\/\/havamall.vn\/wp-content\/uploads\/2021\/08\/mhjuh-1024x1024.png 1024w, https:\/\/havamall.vn\/wp-content\/uploads\/2021\/08\/mhjuh-1200x1200.png 1200w, https:\/\/havamall.vn\/wp-content\/uploads\/2021\/08\/mhjuh-600x600.png 600w, https:\/\/havamall.vn\/wp-content\/uploads\/2021\/08\/mhjuh-100x100.png 100w, https:\/\/havamall.vn\/wp-content\/uploads\/2021\/08\/mhjuh.png 1500w\" sizes=\"(max-width: 633px) 100vw, 633px\" \/><\/p>\n<p><span style=\"font-weight: 400\">T\u00fai b\u1eaft kem ho\u00e0n h\u1ea3o \u0111\u1ec3 trang tr\u00ed b\u00e1nh v\u1edbi kem t\u01b0\u01a1i b\u01a1 ho\u1eb7c ganache socolate gi\u00fap ng\u01b0\u1eddi l\u00e0m b\u00e1nh d\u1ec5 d\u00e0ng t\u1ea1o ra t\u00e1c ph\u1ea9m b\u00e1nh ho\u00e0n h\u1ea3o.\u00a0<\/span><\/p>\n<p><span style=\"font-weight: 400\">\u0110\u01b0\u1ee3c l\u00e0m t\u1eeb nh\u1ef1a PE th\u1ef1c ph\u1ea9m, d\u1ebbo dai, b\u1ec1n b\u1ea1n c\u00f3 th\u1ec3 b\u00f3p kem trang tr\u00ed tho\u1ea3i m\u00e1i kh\u00f4ng lo b\u1ecb b\u1ee5c ho\u1eb7c r\u00e1ch trong qu\u00e1 tr\u00ecnh s\u1eed d\u1ee5ng.<\/span><\/p>\n<p><img decoding=\"async\" class=\"wp-image-21604 aligncenter\" src=\"https:\/\/havamall.vn\/wp-content\/uploads\/2021\/08\/yu\u1ef7u-300x300.png\" alt=\"\" width=\"636\" height=\"636\" srcset=\"https:\/\/havamall.vn\/wp-content\/uploads\/2021\/08\/yu\u1ef7u-300x300.png 300w, https:\/\/havamall.vn\/wp-content\/uploads\/2021\/08\/yu\u1ef7u-430x430.png 430w, https:\/\/havamall.vn\/wp-content\/uploads\/2021\/08\/yu\u1ef7u-150x150.png 150w, https:\/\/havamall.vn\/wp-content\/uploads\/2021\/08\/yu\u1ef7u-700x700.png 700w, https:\/\/havamall.vn\/wp-content\/uploads\/2021\/08\/yu\u1ef7u-768x768.png 768w, https:\/\/havamall.vn\/wp-content\/uploads\/2021\/08\/yu\u1ef7u-600x600.png 600w, https:\/\/havamall.vn\/wp-content\/uploads\/2021\/08\/yu\u1ef7u-100x100.png 100w, https:\/\/havamall.vn\/wp-content\/uploads\/2021\/08\/yu\u1ef7u.png 1000w\" sizes=\"(max-width: 636px) 100vw, 636px\" \/><\/p>\n<p><span style=\"font-weight: 400\">V\u1edbi thi\u1ebft k\u1ebf h\u00ecnh ph\u1ec5u tam gi\u00e1c, k\u1ebft c\u1ea5u b\u1ec1 m\u1eb7t ch\u1ed1ng tr\u01a1n tr\u01b0\u1ee3t gi\u00fap b\u1ea1n gi\u1eef kem v\u00e0 thao t\u00e1c b\u1eaft kem ti\u1ec7n l\u1ee3i, d\u1ec5 d\u00e0ng h\u01a1n. D\u1ea1ng t\u00fai b\u1eaft kem to, \u0111\u1ef1ng \u0111\u01b0\u1ee3c nhi\u1ec1u kem, b\u1ed9t b\u00e1nh h\u01a1n.<\/span><\/p>\n<p><span style=\"font-weight: 400\">S\u1ea3n ph\u1ea9m n\u00e0y \u0111\u01b0\u1ee3c s\u1ea3n xu\u1ea5t \u0111\u1ea3m b\u1ea3o an to\u00e0n v\u1edbi th\u1ef1c ph\u1ea9m v\u00e0 s\u1ee9c kh\u1ecfe. B\u1ea1n c\u00f3 th\u1ec3 s\u1eed d\u1ee5ng t\u00fai c\u00f9ng v\u1edbi nhi\u1ec1u lo\u1ea1i \u0111ui b\u1eaft kem kh\u00e1c nhau \u0111\u1ec3 \u0111\u00e1p \u1ee9ng nhu c\u1ea7u trang tr\u00ed b\u00e1nh kh\u00e1c nhau.\u00a0<\/span><\/p>\n<p><img decoding=\"async\" class=\"wp-image-21606 aligncenter\" src=\"https:\/\/havamall.vn\/wp-content\/uploads\/2021\/08\/jkghj-300x300.png\" alt=\"\" width=\"622\" height=\"622\" srcset=\"https:\/\/havamall.vn\/wp-content\/uploads\/2021\/08\/jkghj-300x300.png 300w, https:\/\/havamall.vn\/wp-content\/uploads\/2021\/08\/jkghj-430x430.png 430w, https:\/\/havamall.vn\/wp-content\/uploads\/2021\/08\/jkghj-150x150.png 150w, https:\/\/havamall.vn\/wp-content\/uploads\/2021\/08\/jkghj-700x700.png 700w, https:\/\/havamall.vn\/wp-content\/uploads\/2021\/08\/jkghj-768x768.png 768w, https:\/\/havamall.vn\/wp-content\/uploads\/2021\/08\/jkghj-600x600.png 600w, https:\/\/havamall.vn\/wp-content\/uploads\/2021\/08\/jkghj-100x100.png 100w, https:\/\/havamall.vn\/wp-content\/uploads\/2021\/08\/jkghj.png 1002w\" sizes=\"(max-width: 622px) 100vw, 622px\" \/><\/p>\n<p>S\u1eed d\u1ee5ng t\u00fai b\u1eaft kem s\u1ebd khi\u1ebfn c\u00f4ng vi\u1ec7c trang tr\u00ed c\u1ee7a b\u1ea1n tr\u1edf n\u00ean \u0111\u01a1n gi\u1ea3n h\u01a1n bao gi\u1edd h\u1ebft. B\u1ea1n c\u00f3 th\u1ec3 t\u1ea1o nh\u1eefng \u0111\u01b0\u1eddng vi\u1ec1n \u0111\u01a1n gi\u1ea3n ho\u1eb7c ph\u1ee9c t\u1ea1p, v\u1ebd nh\u1eefng chi\u1ebfc l\u00e1 xinh x\u1eafn, nh\u1eefng ng\u00f4i sao \u0111\u00e1ng y\u00eau,\u2026.<\/p>\n<p><img loading=\"lazy\" decoding=\"async\" class=\"wp-image-21605 aligncenter\" src=\"https:\/\/havamall.vn\/wp-content\/uploads\/2021\/08\/khjkh-300x200.png\" alt=\"\" width=\"624\" height=\"416\" srcset=\"https:\/\/havamall.vn\/wp-content\/uploads\/2021\/08\/khjkh-300x200.png 300w, https:\/\/havamall.vn\/wp-content\/uploads\/2021\/08\/khjkh-430x287.png 430w, https:\/\/havamall.vn\/wp-content\/uploads\/2021\/08\/khjkh-150x100.png 150w, https:\/\/havamall.vn\/wp-content\/uploads\/2021\/08\/khjkh-700x467.png 700w, https:\/\/havamall.vn\/wp-content\/uploads\/2021\/08\/khjkh-768x512.png 768w, https:\/\/havamall.vn\/wp-content\/uploads\/2021\/08\/khjkh-1024x683.png 1024w, https:\/\/havamall.vn\/wp-content\/uploads\/2021\/08\/khjkh.png 1200w, https:\/\/havamall.vn\/wp-content\/uploads\/2021\/08\/khjkh-600x400.png 600w\" sizes=\"(max-width: 624px) 100vw, 624px\" \/><\/p>\n<h3><strong>C\u00e1ch s\u1eed d\u1ee5ng:<\/strong><\/h3>\n<p><span style=\"font-weight: 400\">&gt; B\u01b0\u1edbc 1: C\u1eaft \u0111\u1ea7u t\u00fai nh\u1ecf h\u01a1n k\u00edch th\u01b0\u1edbc \u0111ui v\u00e0 ch\u1ed1t gi\u1eef \u0111ui<\/span><\/p>\n<p><span style=\"font-weight: 400\">&gt; B\u01b0\u1edbc 2: Sau khi \u0111\u00e3 l\u00e0m kem v\u00e0 pha m\u00e0u xong, b\u1ea1n cho kem v\u00e0o t\u00fai \u0111\u00e3 g\u1eafn s\u1eb5n \u0111ui v\u00e0 ch\u1ed1t (c\u00f3 th\u1ec3 t\u1eadn d\u1ee5ng 1 chi\u1ebfc c\u1ed1c s\u1ebd d\u1ec5 cho kem v\u00e0o t\u00fai h\u01a1n nh\u00e9)<\/span><\/p>\n<p><span style=\"font-weight: 400\">&gt; B\u01b0\u1edbc 3: N\u00ean cho kem v\u00e0o 2\/3 t\u00fai \u0111\u1ec3 khi b\u00f3p kem kh\u00f4ng b\u1ecb tr\u00e0o ra ngo\u00e0i v\u00e0 b\u1eaft \u0111\u1ea7u trang tr\u00ed b\u00e1nh<\/span><\/p>\n<p>S\u1ea3n ph\u1ea9m hi\u1ec7n \u0111\u00e3 c\u00f3 m\u1eb7t t\u1ea1i Havamall.<\/p>","protected":false},"excerpt":{"rendered":"<p>T\u00fai b\u1eaft kem l\u00e0 d\u1ee5ng c\u1ee5 kh\u00f4ng th\u1ec3 thi\u1ebfu \u0111\u1ec3 l\u00e0m b\u00e1nh \u0111\u1eb7c bi\u1ec7t l\u00e0 \u0111\u1ec3 trang tr\u00ed b\u00e1nh t\u1eeb<\/p>","protected":false},"featured_media":21615,"comment_status":"open","ping_status":"closed","template":"","meta":[],"product_brand":[],"product_cat":[393,255,35],"product_tag":[],"class_list":{"0":"post-21601","1":"product","2":"type-product","3":"status-publish","4":"has-post-thumbnail","6":"product_cat-bep-phong-an","7":"product_cat-nguyen-lieu-lam-banh","8":"product_cat-nha-cua-doi-song","10":"first","11":"instock","12":"sale","13":"shipping-taxable","14":"purchasable","15":"product-type-simple"},"_links":{"self":[{"href":"https:\/\/havamall.vn\/en\/wp-json\/wp\/v2\/product\/21601"}],"collection":[{"href":"https:\/\/havamall.vn\/en\/wp-json\/wp\/v2\/product"}],"about":[{"href":"https:\/\/havamall.vn\/en\/wp-json\/wp\/v2\/types\/product"}],"replies":[{"embeddable":true,"href":"https:\/\/havamall.vn\/en\/wp-json\/wp\/v2\/comments?post=21601"}],"version-history":[{"count":0,"href":"https:\/\/havamall.vn\/en\/wp-json\/wp\/v2\/product\/21601\/revisions"}],"wp:featuredmedia":[{"embeddable":true,"href":"https:\/\/havamall.vn\/en\/wp-json\/wp\/v2\/media\/21615"}],"wp:attachment":[{"href":"https:\/\/havamall.vn\/en\/wp-json\/wp\/v2\/media?parent=21601"}],"wp:term":[{"taxonomy":"product_brand","embeddable":true,"href":"https:\/\/havamall.vn\/en\/wp-json\/wp\/v2\/product_brand?post=21601"},{"taxonomy":"product_cat","embeddable":true,"href":"https:\/\/havamall.vn\/en\/wp-json\/wp\/v2\/product_cat?post=21601"},{"taxonomy":"product_tag","embeddable":true,"href":"https:\/\/havamall.vn\/en\/wp-json\/wp\/v2\/product_tag?post=21601"}],"curies":[{"name":"wp","href":"https:\/\/api.w.org\/{rel}","templated":true}]}}