{"id":21575,"date":"2021-08-25T14:28:57","date_gmt":"2021-08-25T07:28:57","guid":{"rendered":"https:\/\/havamall.vn\/?post_type=product&#038;p=21575"},"modified":"2022-05-10T09:49:28","modified_gmt":"2022-05-10T02:49:28","slug":"bo-3-dao-cat-bot-lam-banh-havafood-sieu-ben","status":"publish","type":"product","link":"https:\/\/havamall.vn\/en\/shop\/bo-3-dao-cat-bot-lam-banh-havafood-sieu-ben\/","title":{"rendered":"B\u1ed9 3 Dao C\u1eaft B\u1ed9t L\u00e0m B\u00e1nh Havafood Si\u00eau B\u1ec1n"},"content":{"rendered":"<p>N\u1ebfu b\u1ea1n\u00a0l\u00e0\u00a0ng\u01b0\u1eddi y\u00eau th\u00edch b\u1ebfp n\u00fac, \u0111\u1eb7c bi\u1ec7t\u00a0l\u00e0\u00a0b\u1ebfp\u00a0b\u00e1nh, m\u1ed9t chi\u1ebfc\u00a0dao c\u1eaft b\u1ed9t\u00a0v\u1edbi\u00a0c\u00f4ng d\u1ee5ng c\u1eaft\u00a0v\u00e0 nh\u00e0o tr\u1ed9n, gi\u1eef cho\u00a0b\u1ed9t\u00a0kh\u00f4ng b\u1ecb b\u00e1m v\u00e0o th\u00e0nh\u00a0c\u1ee7a\u00a0v\u1eadt\u00a0d\u1ee5ng, h\u1eb3n s\u1ebd\u00a0l\u00e0\u00a0m\u1ed9t ph\u1ee5 ki\u1ec7n kh\u00f4ng th\u1ec3 thi\u1ebfu. Ngo\u00e0i ra,\u00a0dao c\u1eaft b\u1ed9t\u00a0c\u00f2n c\u00f3 th\u1ec3 d\u00f9ng\u00a0l\u00e0m dao\u00a0v\u00e9t\u00a0b\u1ed9t.<\/p>\n<p>Dao c\u1eaft b\u1ed9t th\u01b0\u1eddng \u0111\u01b0\u1ee3c s\u1eed d\u1ee5ng \u0111\u1ec3 l\u00e0m nh\u1eefng m\u00f3n b\u00e1nh ng\u1ecdt, nh\u01b0ng \u0111\u00e2y c\u0169ng l\u00e0 m\u1ed9t d\u1ee5ng c\u1ee5 l\u00e0m b\u1ebfp h\u1eefu \u00edch khi n\u1ea5u \u0103n. V\u00ed d\u1ee5, b\u1ea1n ho\u00e0n to\u00e0n c\u00f3 th\u1ec3 th\u1ef1c hi\u1ec7n c\u00f4ng vi\u1ec7c \u201cx\u00fac\u201d b\u1eb1ng m\u1ed9t chi\u1ebfc dao c\u1eaft b\u1ed9t. N\u1ebfu b\u1ea1n s\u1eed d\u1ee5ng dao l\u00e0m b\u1ebfp \u0111\u1ec3 x\u00fac, b\u1ec1 m\u1eb7t c\u1ee7a v\u1eadt ch\u1ee9a s\u1ebd d\u1ec5 tr\u1ea7y x\u01b0\u1edbt v\u00e0 h\u1ecfng nhanh ch\u00f3ng. B\u00ean c\u1ea1nh \u0111\u00f3, di\u1ec7n t\u00edch c\u1ee7a m\u1ed9t chi\u1ebfc dao c\u1eaft b\u1ed9t kh\u00e1 to n\u00ean d\u1ec5 d\u00e0ng x\u1eed l\u00fd h\u01a1n.<\/p>\n<p><img fetchpriority=\"high\" decoding=\"async\" class=\" wp-image-21585 aligncenter\" src=\"https:\/\/havamall.vn\/wp-content\/uploads\/2021\/08\/bndghj-300x300.png\" alt=\"\" width=\"636\" height=\"636\" srcset=\"https:\/\/havamall.vn\/wp-content\/uploads\/2021\/08\/bndghj-300x300.png 300w, https:\/\/havamall.vn\/wp-content\/uploads\/2021\/08\/bndghj-430x431.png 430w, https:\/\/havamall.vn\/wp-content\/uploads\/2021\/08\/bndghj-150x150.png 150w, https:\/\/havamall.vn\/wp-content\/uploads\/2021\/08\/bndghj-700x701.png 700w, https:\/\/havamall.vn\/wp-content\/uploads\/2021\/08\/bndghj-768x769.png 768w, https:\/\/havamall.vn\/wp-content\/uploads\/2021\/08\/bndghj-1022x1024.png 1022w, https:\/\/havamall.vn\/wp-content\/uploads\/2021\/08\/bndghj-600x601.png 600w, https:\/\/havamall.vn\/wp-content\/uploads\/2021\/08\/bndghj-100x100.png 100w, https:\/\/havamall.vn\/wp-content\/uploads\/2021\/08\/bndghj.png 1075w\" sizes=\"(max-width: 636px) 100vw, 636px\" \/><\/p>\n<p>Dao c\u1eaft b\u1ed9t l\u00e0m t\u1eeb ch\u1ea5t li\u1ec7u nh\u1ef1a, ch\u00ednh l\u00e0 s\u1ef1\u00a0k\u1ebft h\u1ee3p gi\u1eefa ch\u1ea5t li\u1ec7u th\u00e9p kh\u00f4ng g\u1ec9 v\u00e0 Silicone. Dao c\u1eaft b\u1ed9t b\u1eb1ng nh\u1ef1a \u0111\u01b0\u1ee3c l\u00e0m t\u1eeb ch\u1ea5t li\u1ec7u\u00a0Polypropylene ho\u1eb7c Polyethylene.\u00a0M\u1eb7c d\u00f9 c\u00f3\u00a0\u0111\u1ed9 c\u1ee9ng v\u00e0 b\u00e9n v\u1eeba ph\u1ea3i, nh\u01b0ng dao nh\u1ef1a c\u0169ng c\u00f3 th\u1ec3 v\u00e9t b\u1ed9t hi\u1ec7u qu\u1ea3 nh\u01b0 m\u1ed9t chi\u1ebfc dao Silicone.<\/p>\n<p><img decoding=\"async\" class=\"aligncenter\" src=\"https:\/\/havamall.vn\/wp-content\/uploads\/2021\/08\/Hfc98956f031e47198cdf21bb16e6cc0a4.jpg\" alt=\"2021 New Product Idea Baking Gadgets Colorful 3 Pcs Plastic Cake Tool Set Edge Scraper Pizza Pancake Pie Cutter Dough Cutters - Buy Plastic Household Bakery Shaped Flour Bread Cake Dough Scraper\" width=\"608\" height=\"608\" \/><\/p>\n<p>N\u1ebfu b\u1ea1n s\u1eed d\u1ee5ng dao c\u1eaft b\u1ed9t\u00a0cho nhi\u1ec1u m\u00f3n \u0103n kh\u00e1c ngo\u00e0i b\u00e1nh m\u00ec v\u00e0 \u0111\u1ed3 ng\u1ecdt th\u00ec b\u1ed9 3 dao c\u1eaft b\u1ed9t b\u1eb1ng nh\u1ef1a l\u00e0 s\u1ef1 l\u1ef1a ch\u1ecdn ho\u00e0n h\u1ea3o nh\u1ea5t. Tuy nhi\u00ean, do\u00a0b\u1ec1 m\u1eb7t c\u1ee7a dao kh\u00e1 tr\u01a1n,\u00a0n\u00ean s\u1ebd d\u1ec5 x\u1ea3y ra hi\u1ec7n t\u01b0\u1ee3ng tr\u01b0\u1ee3t khi ti\u1ebfp x\u00fac v\u1edbi \u0111\u00e1y c\u1ee7a v\u1eadt d\u1ee5ng. Do \u0111\u00f3, b\u1ea1n n\u00ean\u00a0c\u1ea9n th\u1eadn khi s\u1eed d\u1ee5ng.<\/p>\n<p><img decoding=\"async\" class=\"aligncenter\" src=\"https:\/\/havamall.vn\/wp-content\/uploads\/2021\/08\/9e39e55b87184777f02ad8160008154d.jpg\" alt=\"Set 3 Dao C\u1eaft V\u00e9t B\u1ed9t B\u1eb1ng Nh\u1ef1a \u0110a N\u0103ng B051 [Ph\u1ee5 Ki\u1ec7n L\u00e0m B\u00e1nh] | Lazada.vn\" width=\"615\" height=\"615\" \/><\/p>\n<p>V\u1edbi m\u1eabu dao c\u1eaft, v\u00e9t b\u1ed9t v\u00e0 t\u1ea1o vi\u1ec1n b\u00e1nh 3 trong 1; b\u1ea1n c\u00f3 th\u1ec3 d\u1ec5 d\u00e0ng s\u1eed d\u1ee5ng c\u00f9ng l\u00fac m\u00e0 kh\u00f4ng c\u1ea7n mua ri\u00eang l\u1ebb t\u1eebng c\u00e1i m\u1ed9t.\u00a0Ch\u1ea5t li\u1ec7u nh\u1ef1a c\u1ee9ng t\u1ea1o \u0111\u01b0\u1eddng c\u1eaft b\u00e9n\u00a0v\u00e0 t\u1ea1o c\u1ea3m gi\u00e1c s\u1eed d\u1ee5ng tho\u1ea3i m\u00e1i khi c\u1eaft hay v\u00e9t b\u1ed9t.<\/p>\n<p>K\u00edch th\u01b0\u1edbc dao nh\u1ecf, n\u00ean s\u1eed d\u1ee5ng ph\u00f9 h\u1ee3p v\u1edbi\u00a0kh\u1ed1i l\u01b0\u1ee3ng b\u1ed9t nh\u1ecf v\u00e0 v\u1eeba.\u00a0\u0110\u1eb7c bi\u1ec7t, dao t\u1ea1o vi\u1ec1n b\u00e1nh h\u00ecnh r\u0103ng c\u01b0a c\u0169ng c\u00f3 th\u1ec3 c\u1eaft b\u1ed9t b\u00e1nh m\u1ecfng, t\u1ea1o ki\u1ec3u nhanh ch\u00f3ng v\u00e0 d\u1ec5 d\u00e0ng. Gi\u00e1 th\u00e0nh r\u1ea5t ph\u1ea3i ch\u0103ng, d\u1ec5 mua, nhi\u1ec1u m\u00e0u s\u1eafc l\u1ef1a ch\u1ecdn.<\/p>\n<p><img loading=\"lazy\" decoding=\"async\" class=\" wp-image-21586 aligncenter\" src=\"https:\/\/havamall.vn\/wp-content\/uploads\/2021\/08\/fjyh-300x300.png\" alt=\"\" width=\"622\" height=\"622\" srcset=\"https:\/\/havamall.vn\/wp-content\/uploads\/2021\/08\/fjyh-300x300.png 300w, https:\/\/havamall.vn\/wp-content\/uploads\/2021\/08\/fjyh-430x430.png 430w, https:\/\/havamall.vn\/wp-content\/uploads\/2021\/08\/fjyh-150x150.png 150w, https:\/\/havamall.vn\/wp-content\/uploads\/2021\/08\/fjyh-700x700.png 700w, https:\/\/havamall.vn\/wp-content\/uploads\/2021\/08\/fjyh-768x768.png 768w, https:\/\/havamall.vn\/wp-content\/uploads\/2021\/08\/fjyh-1024x1024.png 1024w, https:\/\/havamall.vn\/wp-content\/uploads\/2021\/08\/fjyh.png 1200w, https:\/\/havamall.vn\/wp-content\/uploads\/2021\/08\/fjyh-600x600.png 600w, https:\/\/havamall.vn\/wp-content\/uploads\/2021\/08\/fjyh-100x100.png 100w\" sizes=\"(max-width: 622px) 100vw, 622px\" \/><\/p>\n<h3><strong>C\u00e1ch s\u1eed d\u1ee5ng:<\/strong><\/h3>\n<p>&gt; C\u1eaft\u00a0c\u1eaft\u00a0v\u00e0 nh\u00e0o tr\u1ed9n b\u1ed9t<\/p>\n<p>&gt; D\u00f9ng\u00a0l\u00e0m dao\u00a0v\u00e9t\u00a0b\u1ed9t.<\/p>\n<p>&gt; G\u1ea1t b\u1ed9t m\u1ef3 d\u00ednh tr\u00ean c\u00e2y c\u00e1n b\u1ed9t v\u00e0 v\u00e9t s\u1ea1ch th\u00e2u tr\u1ed9n b\u1ed9t.<\/p>\n","protected":false},"excerpt":{"rendered":"<p>N\u1ebfu b\u1ea1n\u00a0l\u00e0\u00a0ng\u01b0\u1eddi y\u00eau th\u00edch b\u1ebfp n\u00fac, \u0111\u1eb7c bi\u1ec7t\u00a0l\u00e0\u00a0b\u1ebfp\u00a0b\u00e1nh, m\u1ed9t chi\u1ebfc\u00a0dao c\u1eaft b\u1ed9t\u00a0v\u1edbi\u00a0c\u00f4ng d\u1ee5ng c\u1eaft\u00a0v\u00e0 nh\u00e0o tr\u1ed9n, gi\u1eef cho\u00a0b\u1ed9t\u00a0kh\u00f4ng b\u1ecb b\u00e1m<\/p>","protected":false},"featured_media":21576,"comment_status":"open","ping_status":"closed","template":"","meta":[],"product_brand":[],"product_cat":[393,255,35],"product_tag":[],"class_list":{"0":"post-21575","1":"product","2":"type-product","3":"status-publish","4":"has-post-thumbnail","6":"product_cat-bep-phong-an","7":"product_cat-nguyen-lieu-lam-banh","8":"product_cat-nha-cua-doi-song","9":"pa_brand-skx","11":"first","12":"instock","13":"sale","14":"shipping-taxable","15":"purchasable","16":"product-type-simple"},"_links":{"self":[{"href":"https:\/\/havamall.vn\/en\/wp-json\/wp\/v2\/product\/21575"}],"collection":[{"href":"https:\/\/havamall.vn\/en\/wp-json\/wp\/v2\/product"}],"about":[{"href":"https:\/\/havamall.vn\/en\/wp-json\/wp\/v2\/types\/product"}],"replies":[{"embeddable":true,"href":"https:\/\/havamall.vn\/en\/wp-json\/wp\/v2\/comments?post=21575"}],"version-history":[{"count":0,"href":"https:\/\/havamall.vn\/en\/wp-json\/wp\/v2\/product\/21575\/revisions"}],"wp:featuredmedia":[{"embeddable":true,"href":"https:\/\/havamall.vn\/en\/wp-json\/wp\/v2\/media\/21576"}],"wp:attachment":[{"href":"https:\/\/havamall.vn\/en\/wp-json\/wp\/v2\/media?parent=21575"}],"wp:term":[{"taxonomy":"product_brand","embeddable":true,"href":"https:\/\/havamall.vn\/en\/wp-json\/wp\/v2\/product_brand?post=21575"},{"taxonomy":"product_cat","embeddable":true,"href":"https:\/\/havamall.vn\/en\/wp-json\/wp\/v2\/product_cat?post=21575"},{"taxonomy":"product_tag","embeddable":true,"href":"https:\/\/havamall.vn\/en\/wp-json\/wp\/v2\/product_tag?post=21575"}],"curies":[{"name":"wp","href":"https:\/\/api.w.org\/{rel}","templated":true}]}}