{"id":21568,"date":"2021-08-25T13:40:41","date_gmt":"2021-08-25T06:40:41","guid":{"rendered":"https:\/\/havamall.vn\/?post_type=product&#038;p=21568"},"modified":"2023-06-09T10:29:33","modified_gmt":"2023-06-09T03:29:33","slug":"hat-hanh-nhan-song-havafood-100g-raw-almonds","status":"publish","type":"product","link":"https:\/\/havamall.vn\/en\/shop\/hat-hanh-nhan-song-havafood-100g-raw-almonds\/","title":{"rendered":"H\u1ea1t H\u1ea1nh Nh\u00e2n S\u1ed1ng Havafood 100g &#8211; Raw Almonds"},"content":{"rendered":"<h3><strong>TH\u00d4NG TIN S\u1ea2N PH\u1ea8M<\/strong><\/h3>\n<table>\n<tbody>\n<tr>\n<td><span style=\"font-weight: 400\">Th\u01b0\u01a1ng hi\u1ec7u<\/span><\/td>\n<td><span style=\"font-weight: 400\">Havafood<\/span><\/td>\n<\/tr>\n<tr>\n<td><span style=\"font-weight: 400\">\u0110\u00f3ng g\u00f3i<\/span><\/td>\n<td><span style=\"font-weight: 400\">B\u1ecbch nh\u00f4m zip ch\u1eafc ch\u1eafn<\/span><\/td>\n<\/tr>\n<tr>\n<td><span style=\"font-weight: 400\">Th\u00e0nh ph\u1ea7n<\/span><\/td>\n<td><span style=\"font-weight: 400\">100% h\u1ea1t h\u1ea1nh nh\u00e2n<\/span><\/td>\n<\/tr>\n<tr>\n<td><span style=\"font-weight: 400\">H\u1ea1n s\u1eed d\u1ee5ng<\/span><\/td>\n<td><span style=\"font-weight: 400\">12 th\u00e1ng, 1 tu\u1ea7n sau khi m\u1edf t\u00fai<\/span><\/td>\n<\/tr>\n<tr>\n<td><span style=\"font-weight: 400\">H\u01b0\u1edbng d\u1eabn s\u1eed d\u1ee5ng<\/span><\/td>\n<td>\n<ul>\n<li style=\"font-weight: 400\"><span style=\"font-weight: 400\">D\u00f9ng tr\u1ef1c ti\u1ebfp<\/span><\/li>\n<li style=\"font-weight: 400\"><span style=\"font-weight: 400\">D\u00f9ng 50g h\u1ea1t b\u00ed m\u1ed7i ng\u00e0y \u0111\u1ec3 c\u1ea3i thi\u1ec7n ch\u1ea5t l\u01b0\u1ee3ng cu\u1ed9c s\u1ed1ng c\u1ee7a b\u1ea1n<\/span><\/li>\n<li style=\"font-weight: 400\"><span style=\"font-weight: 400\">H\u1ea1t h\u1ea1nh nh\u00e2n c\u00f3 th\u1ec3 \u0103n li\u1ec1n, l\u00e0m b\u00e1nh, xay v\u00e0 r\u1eafc l\u00ean sa l\u00e1t, l\u00e0m nh\u00e2n s\u00f4c\u00f4la, \u0103n v\u1edbi s\u1eefa tu\u01a1i, u\u1ed1ng tr\u00e0, c\u00e0 ph\u00ea v.v\u2026<\/span><\/li>\n<\/ul>\n<\/td>\n<\/tr>\n<tr>\n<td><span style=\"font-weight: 400\">H\u01b0\u1edbng d\u1eabn b\u1ea3o qu\u1ea3n<\/span><\/td>\n<td>\n<ul>\n<li style=\"font-weight: 400\"><span style=\"font-weight: 400\">B\u1ea3o qu\u1ea3n \u1edf n\u01a1i tho\u00e1ng m\u00e1t, tr\u00e1nh xa c\u00e1c v\u00f9ng h\u01a1i n\u00f3ng tr\u1ef1c ti\u1ebfp ho\u1eb7c gi\u00e1n ti\u1ebfp<\/span><\/li>\n<li style=\"font-weight: 400\"><span style=\"font-weight: 400\">N\u00ean s\u1eed d\u1ee5ng trong v\u00f2ng 15 ng\u00e0y sau khi m\u1edf n\u1eafp, \u0111\u1ef1ng trong chai, gi\u1eef l\u1ea1nh v\u00e0 tr\u00e1nh \u00e1nh s\u00e1ng m\u1eb7t tr\u1eddi tr\u1ef1c ti\u1ebfp<\/span><\/li>\n<\/ul>\n<\/td>\n<\/tr>\n<tr>\n<td><span style=\"font-weight: 400\">Tr\u1ecdng l\u01b0\u1ee3ng<\/span><\/td>\n<td><span style=\"font-weight: 400\">100g<\/span><\/td>\n<\/tr>\n<tr>\n<td><span style=\"font-weight: 400\">L\u01b0u \u00fd<\/span><\/td>\n<td><span style=\"font-weight: 400\">\u0102n ngon h\u01a1n sau khi b\u1ecf t\u1ee7 m\u00e1t<\/span><\/td>\n<\/tr>\n<\/tbody>\n<\/table>\n<p><img fetchpriority=\"high\" decoding=\"async\" class=\"wp-image-21569 aligncenter\" src=\"https:\/\/havamall.vn\/wp-content\/uploads\/2021\/08\/jhlui-300x226.png\" alt=\"\" width=\"723\" height=\"546\" srcset=\"https:\/\/havamall.vn\/wp-content\/uploads\/2021\/08\/jhlui-300x226.png 300w, https:\/\/havamall.vn\/wp-content\/uploads\/2021\/08\/jhlui-430x325.png 430w, https:\/\/havamall.vn\/wp-content\/uploads\/2021\/08\/jhlui-150x113.png 150w, https:\/\/havamall.vn\/wp-content\/uploads\/2021\/08\/jhlui-700x528.png 700w, https:\/\/havamall.vn\/wp-content\/uploads\/2021\/08\/jhlui-768x580.png 768w, https:\/\/havamall.vn\/wp-content\/uploads\/2021\/08\/jhlui-1024x773.png 1024w, https:\/\/havamall.vn\/wp-content\/uploads\/2021\/08\/jhlui-600x453.png 600w, https:\/\/havamall.vn\/wp-content\/uploads\/2021\/08\/jhlui.png 1118w\" sizes=\"(max-width: 723px) 100vw, 723px\" \/>Khi nh\u1eafc \u0111\u1ebfn c\u00e1c lo\u1ea1i h\u1ea1t dinh d\u01b0\u1ee1ng th\u00ec h\u1ea1nh nh\u00e2n \u0111\u01b0\u1ee3c g\u1ecdi l\u00e0 \u201cn\u1eef ho\u00e0ng\u201d c\u1ee7a c\u00e1c lo\u1ea1i h\u1ea1t. Trong h\u1ea1nh nh\u00e2n, c\u00f3 ch\u1ee9a r\u1ea5t nhi\u1ec1u d\u01b0\u1ee1ng ch\u1ea5t t\u1ed1t cho s\u1ee9c kh\u1ecfe, \u0111\u1eb7c bi\u1ec7t l\u00e0 t\u1ed1t cho h\u1ec7 tim m\u1ea1ch nh\u01b0 magie, vitamin, ch\u1ea5t x\u01a1, ch\u1ea5t b\u00e9o,\u2026<\/p>\n<p>H\u1ea1nh nh\u00e2n l\u00e0 m\u1ed9t trong nh\u1eefng lo\u1ea1i h\u1ea1t ph\u1ed5 bi\u1ebfn tr\u00ean th\u1ebf gi\u1edbi. Th\u00e0nh ph\u1ea7n dinh d\u01b0\u1ee1ng c\u1ee7a h\u1ea1nh nh\u00e2n gi\u00e0u ch\u1ea5t b\u00e9o l\u00e0nh m\u1ea1nh, ch\u1ea5t ch\u1ed1ng oxy h\u00f3a, vitamin v\u00e0 kho\u00e1ng ch\u1ea5t. D\u01b0\u1edbi \u0111\u00e2y l\u00e0 nh\u1eefng gi\u00e1 tr\u1ecb v\u1ec1 dinh d\u01b0\u1ee1ng m\u00e0 h\u1ea1nh nh\u00e2n mang l\u1ea1i. H\u1ea1nh nh\u00e2n c\u00f3 v\u1ecb th\u01a1m ngon v\u00e0 b\u1ed5 d\u01b0\u1ee1ng n\u00ean r\u1ea5t \u0111\u01b0\u1ee3c \u01b0a chu\u1ed9ng \u0111\u1ec3 l\u00e0m ra nhi\u1ec1u m\u00f3n \u0103n ngon h\u1ea5p d\u1eabn nh\u01b0 s\u1eefa h\u1ea1nh nh\u00e2n, c\u00e1c lo\u1ea1i m\u00f3n b\u00e1nh, kem,\u2026.<\/p>\n<p><img decoding=\"async\" class=\"wp-image-21570 aligncenter\" src=\"https:\/\/havamall.vn\/wp-content\/uploads\/2021\/08\/ncgh-258x300.png\" alt=\"\" width=\"733\" height=\"852\" srcset=\"https:\/\/havamall.vn\/wp-content\/uploads\/2021\/08\/ncgh-258x300.png 258w, https:\/\/havamall.vn\/wp-content\/uploads\/2021\/08\/ncgh-430x499.png 430w, https:\/\/havamall.vn\/wp-content\/uploads\/2021\/08\/ncgh-150x174.png 150w, https:\/\/havamall.vn\/wp-content\/uploads\/2021\/08\/ncgh-700x813.png 700w, https:\/\/havamall.vn\/wp-content\/uploads\/2021\/08\/ncgh-768x892.png 768w, https:\/\/havamall.vn\/wp-content\/uploads\/2021\/08\/ncgh-882x1024.png 882w, https:\/\/havamall.vn\/wp-content\/uploads\/2021\/08\/ncgh-600x697.png 600w, https:\/\/havamall.vn\/wp-content\/uploads\/2021\/08\/ncgh.png 960w\" sizes=\"(max-width: 733px) 100vw, 733px\" \/><\/p>\n<h3><strong>C\u00d4NG D\u1ee4NG C\u1ee6A H\u1ea0NH NH\u00c2N:<\/strong><\/h3>\n<ol>\n<li style=\"font-weight: 400\"><span style=\"font-weight: 400\"><strong>C\u1ea3i thi\u1ec7n tr\u00ed nh\u1edb:<\/strong>\u00a0S\u1eed d\u1ee5ng h\u1ea1t h\u1ea1nh nh\u00e2n h\u1eefu c\u01a1 s\u1ebd h\u1ed7 tr\u1ee3 cho b\u1ea1n kh\u1ea3 n\u0103ng ph\u00e1t tri\u1ec3n n\u0103ng l\u1ef1c nh\u1eadn th\u1ee9c, t\u0103ng s\u1ef1 ho\u1ea1t \u0111\u1ed9ng nhanh nh\u1ea1y c\u1ee7a tr\u00ed n\u00e3o, tinh th\u1ea7n \u0111\u01b0\u1ee3c tho\u1ea3i m\u00e1i v\u00e0 gi\u1ea3m stress<\/span><\/li>\n<li style=\"font-weight: 400\"><span style=\"font-weight: 400\"><strong>T\u1ed1t cho thai nhi:<\/strong>\u00a0T\u1eeb khi trong b\u1ee5ng m\u1eb9, thai nhi \u0111\u00e3 b\u1eaft \u0111\u1ea7u h\u1ea5p th\u1ee5 c\u00e1c d\u01b0\u1ee1ng ch\u1ea5t t\u1eeb nhi\u1ec1u ngu\u1ed3n th\u1ef1c ph\u1ea9m m\u1eb9 cung c\u1ea5p v\u00e0o. \u0110\u1ec3 thai nhi h\u1ea5p thu ch\u1ea5t acid-folic, ch\u1ea5t gi\u00fap tr\u00ed n\u00e3o b\u00e9 \u0111\u01b0\u1ee3c ph\u00e1t tri\u1ec3n, t\u0103ng h\u1ec7 mi\u1ec5n d\u1ecbch c\u01a1 th\u1ec3 v\u00e0 ph\u00f2ng tr\u00e1nh c\u00e1c d\u1ecb t\u1eadt b\u1ea9m sinh th\u00ec h\u1ea1t h\u1ea1nh nh\u00e2n h\u1eefu c\u01a1 t\u00e1ch v\u1ecf c\u1ee9ng s\u1ebd l\u00e0 s\u1ef1 l\u1ef1a ch\u1ecdn ho\u00e0n h\u1ea3o cho c\u1ea3 m\u1eb9 v\u00e0 thai nhi.<\/span><\/li>\n<li style=\"font-weight: 400\"><span style=\"font-weight: 400\"><strong>C\u00e2n b\u1eb1ng l\u01b0\u1ee3ng Cholesterol trong c\u01a1 th\u1ec3:<\/strong>\u00a0S\u1eed d\u1ee5ng h\u1ea1nh nh\u00e2n \u0111\u1ec1u \u0111\u1eb7n h\u1eb1ng ng\u00e0y s\u1ebd l\u00e0m l\u01b0\u1ee3ng Cholesterol t\u1ed1t \u0111\u01b0\u1ee3c t\u0103ng cao, gi\u1ea3m l\u01b0\u1ee3ng Cholesterol x\u1ea5u, gi\u00fap c\u01a1 th\u1ec3 kh\u1ecfe m\u1ea1nh, ph\u00f2ng ch\u1ed1ng b\u1ec7nh t\u1eadt.<\/span><\/li>\n<\/ol>\n<p><img decoding=\"async\" class=\"wp-image-21571 aligncenter\" src=\"https:\/\/havamall.vn\/wp-content\/uploads\/2021\/08\/jhjyt-300x200.png\" alt=\"\" width=\"750\" height=\"500\" srcset=\"https:\/\/havamall.vn\/wp-content\/uploads\/2021\/08\/jhjyt-300x200.png 300w, https:\/\/havamall.vn\/wp-content\/uploads\/2021\/08\/jhjyt-430x287.png 430w, https:\/\/havamall.vn\/wp-content\/uploads\/2021\/08\/jhjyt-150x100.png 150w, https:\/\/havamall.vn\/wp-content\/uploads\/2021\/08\/jhjyt-700x467.png 700w, https:\/\/havamall.vn\/wp-content\/uploads\/2021\/08\/jhjyt-768x512.png 768w, https:\/\/havamall.vn\/wp-content\/uploads\/2021\/08\/jhjyt-1024x683.png 1024w, https:\/\/havamall.vn\/wp-content\/uploads\/2021\/08\/jhjyt-600x400.png 600w, https:\/\/havamall.vn\/wp-content\/uploads\/2021\/08\/jhjyt.png 1100w\" sizes=\"(max-width: 750px) 100vw, 750px\" \/><\/p>\n<p>4<strong>.T\u1ed1t cho h\u1ec7 ti\u00eau h\u00f3a:<\/strong>\u00a0Trong h\u1ea1t h\u1ea1nh nh\u00e2n h\u1eefu c\u01a1 c\u00f3 ch\u1ee9a h\u00e0m l\u01b0\u1ee3ng ch\u1ea5t x\u01a1 r\u1ea5t cao, l\u00e0 ch\u1ea5t c\u1ea7n thi\u1ebft cho h\u1ec7 ti\u00eau h\u00f3a c\u1ee7a b\u1ea1n \u0111\u01b0\u1ee3c ho\u1ea1t \u0111\u1ed9ng b\u00ecnh th\u01b0\u1eddng.<\/p>\n<p>5<strong>. T\u1ed1t cho da v\u00e0 t\u00f3c:<\/strong>\u00a0H\u1ea1t h\u1ea1nh nh\u00e2n kh\u00f4ng ch\u1ec9 l\u00e0 th\u1ef1c ph\u1ea9m h\u1eefu c\u01a1 dinh d\u01b0\u1ee1ng m\u00e0 c\u00f2n l\u00e0 nguy\u00ean li\u1ec7u, s\u1ea3n ph\u1ea9m trong c\u00f4ng th\u1ee9c l\u00e0 \u0111\u1eb9p c\u1ee7a c\u00e1c ch\u1ecb em.<\/p>\n<p>6<strong>. Gi\u1ea3m b\u00e9o:\u00a0<\/strong>Nh\u1eefng nghi\u00ean c\u1ee9u khoa h\u1ecdc \u0111\u00e3 ch\u1ee9ng minh, ng\u01b0\u1eddi b\u00e9o ph\u00ec n\u00ean th\u01b0\u1eddng xuy\u00ean b\u1ed5 sung h\u1ea1t h\u1ea1nh nh\u00e2n v\u00e0o kh\u1ea9u ph\u1ea7n \u0103n h\u1eb1ng ng\u00e0y \u0111\u1ec3 ki\u1ec3m so\u00e1t tr\u1ecdng l\u01b0\u1ee3ng c\u01a1 th\u1ec3 t\u1ed1t h\u01a1n.<\/p>\n<p><img loading=\"lazy\" decoding=\"async\" class=\"wp-image-21572 aligncenter\" src=\"https:\/\/havamall.vn\/wp-content\/uploads\/2021\/08\/hgdyt-300x225.png\" alt=\"\" width=\"752\" height=\"564\" srcset=\"https:\/\/havamall.vn\/wp-content\/uploads\/2021\/08\/hgdyt-300x225.png 300w, https:\/\/havamall.vn\/wp-content\/uploads\/2021\/08\/hgdyt-430x322.png 430w, https:\/\/havamall.vn\/wp-content\/uploads\/2021\/08\/hgdyt-150x112.png 150w, https:\/\/havamall.vn\/wp-content\/uploads\/2021\/08\/hgdyt-700x525.png 700w, https:\/\/havamall.vn\/wp-content\/uploads\/2021\/08\/hgdyt-768x576.png 768w, https:\/\/havamall.vn\/wp-content\/uploads\/2021\/08\/hgdyt-1024x768.png 1024w, https:\/\/havamall.vn\/wp-content\/uploads\/2021\/08\/hgdyt-1200x900.png 1200w, https:\/\/havamall.vn\/wp-content\/uploads\/2021\/08\/hgdyt-600x450.png 600w, https:\/\/havamall.vn\/wp-content\/uploads\/2021\/08\/hgdyt.png 1259w\" sizes=\"(max-width: 752px) 100vw, 752px\" \/><\/p>\n<h3><strong>H\u01af\u1edaNG D\u1eaaN S\u1eec D\u1ee4NG V\u00c0 B\u1ea2O QU\u1ea2N:<\/strong><\/h3>\n<p>&gt; B\u1ea1n c\u00f3 th\u1ec3 \u0103n h\u1ea1t h\u1ea1nh nh\u00e2n tr\u1ef1c ti\u1ebfp \u0111\u1ec3 c\u1ea3m nh\u1eadn h\u01b0\u01a1ng v\u1ecb t\u1ef1 nhi\u00ean c\u1ee7a h\u1ea1t. Ngo\u00e0i ra, b\u1ea1n c\u00f3 th\u1ec3 rang ch\u00edn h\u1ea1t h\u1ea1nh nh\u00e2n t\u1eeb 5-7 ph\u00fat \u0111\u1ec3 th\u01b0\u1edfng th\u1ee9c, ho\u1eb7c \u0103n h\u1ea1nh nh\u00e2n c\u00f9ng v\u1edbi s\u1eefa, b\u00e1nh,\u2026t\u00f9y theo s\u1edf th\u00edch c\u1ee7a m\u1ed7i ng\u01b0\u1eddi.<\/p>\n<p>&gt; B\u1ea3o qu\u1ea3n h\u1ea1t h\u1ea1nh nh\u00e2n h\u1eefu c\u01a1 \u1edf nh\u1eefng n\u01a1i kh\u00f4 r\u00e1o, tr\u00e1nh \u00e1nh n\u1eafng, nhi\u1ec7t \u0111\u1ed9 cao. Khi \u0111\u00e3 m\u1edf t\u00fai, s\u1eed d\u1ee5ng kh\u00f4ng h\u1ebft n\u00ean b\u1ecf v\u00e0o l\u1ecd th\u1ee7y tinh \u0111\u1eady n\u1eafp k\u00edn, tr\u00e1nh \u0111\u1ec3 h\u1ea1t b\u00ean ngo\u00e0i kh\u00f4ng kh\u00ed th\u1eddi gian l\u00e2u.<\/p>\n<p><img loading=\"lazy\" decoding=\"async\" class=\"wp-image-21573 aligncenter\" src=\"https:\/\/havamall.vn\/wp-content\/uploads\/2021\/08\/gjgh-300x300.png\" alt=\"\" width=\"753\" height=\"753\" srcset=\"https:\/\/havamall.vn\/wp-content\/uploads\/2021\/08\/gjgh-300x300.png 300w, https:\/\/havamall.vn\/wp-content\/uploads\/2021\/08\/gjgh-430x430.png 430w, https:\/\/havamall.vn\/wp-content\/uploads\/2021\/08\/gjgh-150x150.png 150w, https:\/\/havamall.vn\/wp-content\/uploads\/2021\/08\/gjgh-700x700.png 700w, https:\/\/havamall.vn\/wp-content\/uploads\/2021\/08\/gjgh-768x768.png 768w, https:\/\/havamall.vn\/wp-content\/uploads\/2021\/08\/gjgh-1024x1024.png 1024w, https:\/\/havamall.vn\/wp-content\/uploads\/2021\/08\/gjgh-1200x1200.png 1200w, https:\/\/havamall.vn\/wp-content\/uploads\/2021\/08\/gjgh-600x600.png 600w, https:\/\/havamall.vn\/wp-content\/uploads\/2021\/08\/gjgh-100x100.png 100w, https:\/\/havamall.vn\/wp-content\/uploads\/2021\/08\/gjgh.png 2000w\" sizes=\"(max-width: 753px) 100vw, 753px\" \/><\/p>","protected":false},"excerpt":{"rendered":"<p>TH\u00d4NG TIN S\u1ea2N PH\u1ea8M Th\u01b0\u01a1ng hi\u1ec7u Havafood \u0110\u00f3ng g\u00f3i B\u1ecbch nh\u00f4m zip ch\u1eafc ch\u1eafn Th\u00e0nh ph\u1ea7n 100% h\u1ea1t h\u1ea1nh nh\u00e2n<\/p>","protected":false},"featured_media":21574,"comment_status":"open","ping_status":"closed","template":"","meta":[],"product_brand":[],"product_cat":[595,36,134],"product_tag":[],"class_list":{"0":"post-21568","1":"product","2":"type-product","3":"status-publish","4":"has-post-thumbnail","6":"product_cat-gia-vi-va-che-bien","7":"product_cat-thuc-pham-tieu-dung","8":"product_cat-thucpham-saykho","9":"pa_brand-skx","11":"first","12":"instock","13":"sale","14":"shipping-taxable","15":"purchasable","16":"product-type-simple"},"_links":{"self":[{"href":"https:\/\/havamall.vn\/en\/wp-json\/wp\/v2\/product\/21568"}],"collection":[{"href":"https:\/\/havamall.vn\/en\/wp-json\/wp\/v2\/product"}],"about":[{"href":"https:\/\/havamall.vn\/en\/wp-json\/wp\/v2\/types\/product"}],"replies":[{"embeddable":true,"href":"https:\/\/havamall.vn\/en\/wp-json\/wp\/v2\/comments?post=21568"}],"version-history":[{"count":0,"href":"https:\/\/havamall.vn\/en\/wp-json\/wp\/v2\/product\/21568\/revisions"}],"wp:featuredmedia":[{"embeddable":true,"href":"https:\/\/havamall.vn\/en\/wp-json\/wp\/v2\/media\/21574"}],"wp:attachment":[{"href":"https:\/\/havamall.vn\/en\/wp-json\/wp\/v2\/media?parent=21568"}],"wp:term":[{"taxonomy":"product_brand","embeddable":true,"href":"https:\/\/havamall.vn\/en\/wp-json\/wp\/v2\/product_brand?post=21568"},{"taxonomy":"product_cat","embeddable":true,"href":"https:\/\/havamall.vn\/en\/wp-json\/wp\/v2\/product_cat?post=21568"},{"taxonomy":"product_tag","embeddable":true,"href":"https:\/\/havamall.vn\/en\/wp-json\/wp\/v2\/product_tag?post=21568"}],"curies":[{"name":"wp","href":"https:\/\/api.w.org\/{rel}","templated":true}]}}