{"id":21524,"date":"2021-08-25T10:26:21","date_gmt":"2021-08-25T03:26:21","guid":{"rendered":"https:\/\/havamall.vn\/?post_type=product&#038;p=21524"},"modified":"2025-09-30T15:44:29","modified_gmt":"2025-09-30T08:44:29","slug":"thit-hop-han-quoc-dongwon-340gr-luncheon-meat","status":"publish","type":"product","link":"https:\/\/havamall.vn\/en\/shop\/thit-hop-han-quoc-dongwon-340gr-luncheon-meat\/","title":{"rendered":"Th\u1ecbt H\u1ed9p H\u00e0n Qu\u1ed1c Dongwon 340gr &#8211; Luncheon Meat"},"content":{"rendered":"<p id=\"tw-target-text\" class=\"tw-data-text tw-text-large XcVN5d tw-ta\" dir=\"ltr\"><span class=\"Y2IQFc\" lang=\"vi\">Dongwon l\u00e0 th\u01b0\u01a1ng hi\u1ec7u l\u1edbn v\u1ec1 th\u1ee7y s\u1ea3n H\u00e0n Qu\u1ed1c tr\u00ean th\u1ecb tr\u01b0\u1eddng to\u00e0n c\u1ea7u. K\u1ec3 t\u1eeb khi th\u00e0nh l\u1eadp, Dongwon \u0111\u00e3 d\u1eabn \u0111\u1ea7u ng\u00e0nh \u0111\u00e1nh b\u1eaft c\u00e1 c\u1ee7a H\u00e0n Qu\u1ed1c, \u0111i kh\u1eafp n\u0103m ch\u00e2u v\u00e0 \u0111\u00f3ng g\u00f3p v\u00e0o s\u1ef1 ph\u00e1t tri\u1ec3n c\u1ee7a v\u0103n h\u00f3a \u1ea9m th\u1ef1c b\u1eb1ng c\u00e1ch cung c\u1ea5p c\u00e1c s\u1ea3n ph\u1ea9m h\u1ea3i s\u1ea3n ch\u1ea5t l\u01b0\u1ee3ng cao. Trong \u0111\u00f3, kh\u00f4ng th\u1ec3 kh\u00f4ng nh\u1eafc \u0111\u1ebfn c\u00e1c lo\u1ea1i th\u1ef1c ph\u1ea9m \u0111\u00f3ng h\u1ed9p c\u1ee7a Dongwon nh\u01b0 c\u00e1 h\u1ed9p, th\u1ecbt h\u1ed9p. Nay \u0111\u00e3 c\u00f3 m\u1eb7t t\u1ea1i Havamall.<\/span><\/p>\n<p dir=\"ltr\"><img fetchpriority=\"high\" decoding=\"async\" class=\"wp-image-21529 aligncenter\" src=\"https:\/\/havamall.com\/wp-content\/uploads\/2025\/09\/canned_1200x1200-300x169.png\" alt=\"\" width=\"751\" height=\"424\" \/><\/p>\n<p>L\u00e0 lo\u1ea1i th\u1ef1c ph\u1ea9m ch\u1ebf bi\u1ebfn s\u1eb5n \u0111\u1ea3m b\u1ea3o v\u1ec7 sinh, an to\u00e0n, th\u1ecbt h\u1ed9p t\u1eeb l\u00e2u tr\u1edf th\u00e0nh l\u1ef1a ch\u1ecdn trong nhi\u1ec1u b\u1eefa \u0103n gia \u0111\u00ecnh, gi\u00fap ng\u01b0\u1eddi n\u1ed9i tr\u1ee3 gi\u1ea3m th\u1eddi gian ch\u1ebf bi\u1ebfn, \u0111\u1ea3m b\u1ea3o an to\u00e0n th\u1ef1c ph\u1ea9m v\u00e0 \u0111\u1ee7 dinh d\u01b0\u1ee1ng cho nh\u1eefng th\u00e0nh vi\u00ean.<\/p>\n<p>Ng\u00e0y nay, th\u1ecb tr\u01b0\u1eddng th\u1ef1c ph\u1ea9m kh\u00f4 v\u00e0 \u0111\u1ed3 h\u1ed9p r\u1ea5t phong ph\u00fa, \u0111a d\u1ea1ng v\u1ec1 ch\u1ee7ng lo\u1ea1i, nh\u00e3n hi\u1ec7u, ngu\u1ed3n g\u1ed1c ngu\u1ed3n g\u1ed1c nh\u01b0ng s\u1ea3n ph\u1ea9m th\u1ecbt h\u1ed9p c\u1ee7a Dongwon<strong>\u00a0<\/strong>v\u1eabn lu\u00f4n l\u00e0 l\u1ef1a ch\u1ecdn th\u01b0\u1eddng xuy\u00ean c\u1ee7a nh\u1eefng b\u00e0 n\u1ed9i tr\u1ee3.<\/p>\n<p><img decoding=\"async\" class=\"wp-image-21530 aligncenter\" src=\"https:\/\/havamall.com\/wp-content\/uploads\/2025\/09\/0000007165733_i3_1200-300x300.jpg\" alt=\"\" width=\"750\" height=\"750\" \/><\/p>\n<h4><strong>\u0110\u1eb6C \u0110I\u1ec2M S\u1ea2N PH\u1ea8M<\/strong><\/h4>\n<p><strong>Th\u1ecbt h\u1ed9p Dongwon H\u00e0n Qu\u1ed1c<\/strong>\u00a0l\u00e0 s\u1ea3n ph\u1ea9m \u0111\u00f3ng h\u1ed9p ti\u1ec7n l\u1ee3i gi\u00fap thay \u0111\u1ed5i kh\u1ea9u v\u1ecb cho b\u1eefa c\u01a1m gia \u0111\u00ecnh b\u1ea1n th\u00eam phong ph\u00fa, ngon mi\u1ec7ng m\u00e0 v\u1eabn \u0111\u1ea3m b\u1ea3o \u0111\u1ea7y \u0111\u1ee7 ch\u1ea5t dinh d\u01b0\u1ee1ng, an to\u00e0n cho s\u1ee9c kh\u1ecfe.<\/p>\n<p><strong>Th\u1ecbt h\u1ed9p Dongwon H\u00e0n Qu\u1ed1c<\/strong>\u00a0\u0111\u01b0\u1ee3c ch\u1ebf bi\u1ebfn t\u1eeb ngu\u1ed3n nguy\u00ean li\u1ec7u t\u01b0\u01a1i ngon, ch\u1ecdn l\u1ecdc k\u0129 c\u00e0ng, s\u1ea3n xu\u1ea5t qua d\u00e2y chuy\u1ec1n ti\u00ean ti\u1ebfn hi\u1ec7n \u0111\u1ea1i, \u0111\u1ea3m b\u1ea3o nghi\u00eam ng\u1eb7t c\u00e1c ti\u00eau chu\u1ea9n ch\u1ea5t l\u01b0\u1ee3ng, kh\u00f4ng d\u00f9ng ch\u1ea5t ph\u1ee5 gia \u0111\u1ed9c h\u1ea1i, b\u1ea3o \u0111\u1ea3m an to\u00e0n v\u1ec7 sinh th\u1ef1c ph\u1ea9m.<\/p>\n<p><img decoding=\"async\" class=\"wp-image-21532 aligncenter\" src=\"https:\/\/havamall.com\/wp-content\/uploads\/2025\/09\/beehoon08-930-300x225.jpg\" alt=\"\" width=\"750\" height=\"563\" \/><\/p>\n<p>V\u1edbi ph\u01b0\u01a1ng ph\u00e1p ch\u1ebf bi\u1ebfn \u0111\u1eb7c bi\u1ec7t, th\u00edch h\u1ee3p v\u1edbi kh\u1ea9u v\u1ecb c\u1ee7a ng\u01b0\u1eddi d\u00e2n Vi\u1ec7t Nam, s\u1ea3n ph\u1ea9m \u0111\u1ea3m b\u1ea3o mang \u0111\u1ebfn m\u1ed9t m\u00f3n \u0103n \u0111\u1ea7y \u0111\u1ee7 ch\u1ea5t dinh d\u01b0\u1ee1ng v\u00e0 h\u01b0\u01a1ng v\u1ecb th\u01a1m ngon cho nh\u1eefng b\u1eefa \u0103n c\u1ee7a gia \u0111\u00ecnh b\u1ea1n.\u00a0Tuy l\u00e0 s\u1ea3n ph\u1ea9m \u0111\u00f3ng s\u1eb5n nh\u01b0ng th\u1ecbt h\u1ed9p Dongwon v\u1eabn gi\u1eef nguy\u00ean h\u01b0\u01a1ng v\u1ecb th\u01a1m ngon c\u1ee7a th\u1ecbt v\u00e0 gi\u1eef l\u1ea1i \u0111\u01b0\u1ee3c r\u1ea5t nhi\u1ec1u vitamin nh\u01b0 vitamin B1, A, D,&#8230;<\/p>\n<p>V\u1edbi s\u1ea3n ph\u1ea9m n\u00e0y b\u1ea1n s\u1ebd d\u1ec5 d\u00e0ng c\u00f3 ngay m\u1ed9t b\u1eefa \u0103n dinh d\u01b0\u1ee1ng m\u00e0 kh\u00f4ng c\u1ea7n t\u1ed1n th\u1eddi gian ch\u1ebf bi\u1ebfn c\u1ea7u k\u1ef3. Ti\u1ebft ki\u1ec7m \u0111\u01b0\u1ee3c nhi\u1ec1u th\u1eddi gian n\u1ea5u n\u01b0\u1edbng khi b\u1eadn r\u1ed9n.<\/p>\n<p><img loading=\"lazy\" decoding=\"async\" class=\"wp-image-21538 aligncenter\" src=\"https:\/\/havamall.com\/wp-content\/uploads\/2025\/09\/82b5c77b37d2e5f9ef403b024b45605f-300x300.png\" alt=\"\" width=\"750\" height=\"750\" \/><\/p>\n<h4><strong>H\u01af\u1edaNG D\u1eaaN S\u1eec D\u1ee4NG V\u00c0 B\u1ea2O QU\u1ea2N<\/strong><\/h4>\n<p><strong>H\u01b0\u1edbng d\u1eabn s\u1eed d\u1ee5ng:<\/strong> H\u00e2m n\u00f3ng l\u1ea1i v\u00e0 \u0103n tr\u1ef1c ti\u1ebfp ho\u1eb7c ch\u1ebf bi\u1ebfn m\u00f3n \u0103n theo \u00fd th\u00edch.\u00a0C\u00f3 th\u1ec3 \u0103n chung v\u1edbi c\u01a1m ho\u1eb7c k\u1eb9p sandwich, tr\u1ed9n salad,&#8230; \u0110\u00f3ng h\u1ed9p nh\u1ecf g\u1ecdn, d\u1ec5 d\u1ea3ng b\u1ea3o qu\u1ea3n v\u00e0 mang theo. n\u00ean r\u1ea5t th\u00edch h\u1ee3p d\u00f9ng l\u00e0m l\u01b0\u01a1ng kh\u00f4 trong c\u00e1c chuy\u1ebfn d\u00e3 ngo\u1ea1i, picnic,&#8230;<\/p>\n<p><strong>B\u1ea3o qu\u1ea3n<\/strong>: N\u01a1i kh\u00f4 r\u00e1o, tho\u00e1ng m\u00e1t v\u00e0 tr\u00e1nh \u00e1nh n\u1eafng m\u1eb7t tr\u1eddi.<\/p>\n<p><img loading=\"lazy\" decoding=\"async\" class=\"wp-image-21535 aligncenter\" src=\"https:\/\/havamall.com\/wp-content\/uploads\/2025\/09\/gong-zai-mian-hong-kong-5-1-300x205.jpg\" alt=\"\" width=\"751\" height=\"513\" \/><\/p>\n<h4><strong>TH\u00d4NG TIN S\u1ea2N PH\u1ea8M<\/strong><\/h4>\n<table>\n<tbody>\n<tr>\n<td>Th\u01b0\u01a1ng hi\u1ec7u<\/td>\n<td>Dongwon<\/td>\n<\/tr>\n<tr>\n<td>Xu\u1ea5t x\u1ee9<\/td>\n<td>H\u00e0n Qu\u1ed1c<\/td>\n<\/tr>\n<tr>\n<td>H\u01b0\u1edbng d\u1eabn s\u1eed d\u1ee5ng<\/td>\n<td>D\u00f9ng \u0103n tr\u1ef1c ti\u1ebfp.<\/td>\n<\/tr>\n<tr>\n<td>H\u1ea1n s\u1eed d\u1ee5ng<\/td>\n<td>36 th\u00e1ng k\u1ec3 t\u1eeb ng\u00e0y s\u1ea3n xu\u1ea5t.<\/td>\n<\/tr>\n<tr>\n<td>B\u1ea3o qu\u1ea3n<\/td>\n<td>\u0110\u1ec3 n\u01a1i kh\u00f4 r\u00e1o, tho\u00e1ng m\u00e1t, tr\u00e1nh \u00e1nh n\u1eafng tr\u1ef1c ti\u1ebfp. D\u00f9ng ngay khi m\u1edf n\u1eafp ho\u1eb7c b\u1ea3o qu\u1ea3n t\u1ee7 m\u00e1t.<\/td>\n<\/tr>\n<tr>\n<td>Kh\u1ed1i l\u01b0\u1ee3ng t\u1ecbnh<\/td>\n<td>340gr<\/td>\n<\/tr>\n<\/tbody>\n<\/table>","protected":false},"excerpt":{"rendered":"<p>Dongwon l\u00e0 th\u01b0\u01a1ng hi\u1ec7u l\u1edbn v\u1ec1 th\u1ee7y s\u1ea3n H\u00e0n Qu\u1ed1c tr\u00ean th\u1ecb tr\u01b0\u1eddng to\u00e0n c\u1ea7u. K\u1ec3 t\u1eeb khi th\u00e0nh l\u1eadp,<\/p>","protected":false},"featured_media":21536,"comment_status":"open","ping_status":"closed","template":"","meta":[],"product_brand":[],"product_cat":[130,36,143],"product_tag":[],"class_list":{"0":"post-21524","1":"product","2":"type-product","3":"status-publish","4":"has-post-thumbnail","6":"product_cat-khuyen-mai","7":"product_cat-thuc-pham-tieu-dung","8":"product_cat-thuc-pham-dong-hop","10":"first","11":"outofstock","12":"sale","13":"shipping-taxable","14":"purchasable","15":"product-type-simple"},"_links":{"self":[{"href":"https:\/\/havamall.vn\/en\/wp-json\/wp\/v2\/product\/21524"}],"collection":[{"href":"https:\/\/havamall.vn\/en\/wp-json\/wp\/v2\/product"}],"about":[{"href":"https:\/\/havamall.vn\/en\/wp-json\/wp\/v2\/types\/product"}],"replies":[{"embeddable":true,"href":"https:\/\/havamall.vn\/en\/wp-json\/wp\/v2\/comments?post=21524"}],"version-history":[{"count":0,"href":"https:\/\/havamall.vn\/en\/wp-json\/wp\/v2\/product\/21524\/revisions"}],"wp:featuredmedia":[{"embeddable":true,"href":"https:\/\/havamall.vn\/en\/wp-json\/wp\/v2\/media\/21536"}],"wp:attachment":[{"href":"https:\/\/havamall.vn\/en\/wp-json\/wp\/v2\/media?parent=21524"}],"wp:term":[{"taxonomy":"product_brand","embeddable":true,"href":"https:\/\/havamall.vn\/en\/wp-json\/wp\/v2\/product_brand?post=21524"},{"taxonomy":"product_cat","embeddable":true,"href":"https:\/\/havamall.vn\/en\/wp-json\/wp\/v2\/product_cat?post=21524"},{"taxonomy":"product_tag","embeddable":true,"href":"https:\/\/havamall.vn\/en\/wp-json\/wp\/v2\/product_tag?post=21524"}],"curies":[{"name":"wp","href":"https:\/\/api.w.org\/{rel}","templated":true}]}}