{"id":21521,"date":"2021-08-25T10:01:48","date_gmt":"2021-08-25T03:01:48","guid":{"rendered":"https:\/\/havamall.vn\/?post_type=product&#038;p=21521"},"modified":"2022-05-24T15:36:45","modified_gmt":"2022-05-24T08:36:45","slug":"giay-ba-nuong-thuc-pham-ringo-aluminum-foll","status":"publish","type":"product","link":"https:\/\/havamall.vn\/en\/shop\/giay-ba-nuong-thuc-pham-ringo-aluminum-foll\/","title":{"rendered":"Gi\u1ea5y B\u1ea1c N\u01b0\u1edbng Th\u1ef1c Ph\u1ea9m Ringo &#8211;  Aluminum Foll"},"content":{"rendered":"<p>Gi\u1ea5y b\u1ea1c n\u01b0\u1edbng hay c\u00f2n g\u1ecdi l\u00e0 m\u00e0ng nh\u00f4m b\u1ecdc th\u1ef1c ph\u1ea9m\u00a0l\u00e0 m\u1ed9t s\u1ea3n ph\u1ea9m ti\u1ec7n d\u1ee5ng trong c\u0103n b\u1ebfp c\u1ee7a b\u1ea1n. V\u1eadt d\u00f9ng r\u1ea5t an to\u00e0n cho s\u1ee9c kho\u1ebb, th\u00e2n thi\u1ec7n v\u1edbi m\u00f4i tr\u01b0\u1eddng v\u00e0 c\u00f2n r\u1ea5t ti\u1ec7n \u00edch cho c\u00e1c bu\u1ed5i picnic, hay party trong nh\u00e0, ngo\u00e0i tr\u1eddi, gi\u00fap th\u1ee9c \u0103n \u0111\u01b0\u1ee3c t\u01b0\u01a1i ngon v\u00e0 h\u1ea5p d\u1eabn h\u01a1n so v\u1edbi b\u1ecdc b\u1eb1ng t\u00fai th\u1ef1c ph\u1ea9m th\u00f4ng th\u01b0\u1eddng.<\/p>\n<p><img fetchpriority=\"high\" decoding=\"async\" class=\"wp-image-21526 aligncenter\" src=\"https:\/\/havamall.vn\/wp-content\/uploads\/2021\/08\/mbnj-300x300.png\" alt=\"\" width=\"713\" height=\"713\" srcset=\"https:\/\/havamall.vn\/wp-content\/uploads\/2021\/08\/mbnj-300x300.png 300w, https:\/\/havamall.vn\/wp-content\/uploads\/2021\/08\/mbnj-430x430.png 430w, https:\/\/havamall.vn\/wp-content\/uploads\/2021\/08\/mbnj-150x150.png 150w, https:\/\/havamall.vn\/wp-content\/uploads\/2021\/08\/mbnj-700x700.png 700w, https:\/\/havamall.vn\/wp-content\/uploads\/2021\/08\/mbnj-768x768.png 768w, https:\/\/havamall.vn\/wp-content\/uploads\/2021\/08\/mbnj-600x600.png 600w, https:\/\/havamall.vn\/wp-content\/uploads\/2021\/08\/mbnj-100x100.png 100w, https:\/\/havamall.vn\/wp-content\/uploads\/2021\/08\/mbnj.png 800w\" sizes=\"(max-width: 713px) 100vw, 713px\" \/><\/p>\n<p>Gi\u1ea5y b\u1ea1c n\u01b0\u1edbng\u00a0 Ringo c\u00f2n \u0111\u01b0\u1ee3c d\u00f9ng \u0111\u1ec3 b\u1ecdc mi\u1ec7ng ch\u00e9n, d\u0129a \u0111\u1ef1ng th\u1ee9c \u0103n \u0111\u1ec3 gi\u1eef cho th\u1ef1c ph\u1ea9m n\u00f3ng l\u00e2u h\u01a1n, \u0111em l\u1ea1i s\u1ef1 ti\u1ec7n l\u1ee3i cho ng\u01b0\u1eddi s\u1eed d\u1ee5ng.<\/p>\n<p>Gi\u1ea5y b\u1ea1c n\u01b0\u1edbng\u00a0 Ringo ch\u1ecbu \u0111\u01b0\u1ee3c nhi\u1ec7t \u0111\u1ed9 cao, b\u1ea3o v\u1ec7 th\u1ee9c \u0103n gi\u00fap gi\u1eef h\u01a1i n\u01b0\u1edbc b\u00ean trong khay th\u1ee9c \u0103n, kh\u00f4ng b\u1ecb bay h\u01a1i hay m\u1ea5t m\u00f9i v\u00e0 kh\u00f4ng b\u1ecb ch\u00e1y.\u00a0Th\u00e0nh ph\u1ea9m \u0111\u1ea3m b\u1ea3o kh\u00f4ng t\u1eeb ch\u1ea5t \u0111\u1ed9c h\u1ea1i, \u0111\u1ea3m b\u1ea3o an to\u00e0n cho ng\u01b0\u1eddi s\u1eed d\u1ee5ng.<\/p>\n<p><img decoding=\"async\" class=\"wp-image-21527 aligncenter\" src=\"https:\/\/havamall.vn\/wp-content\/uploads\/2021\/08\/hnmhgj-300x199.png\" alt=\"\" width=\"719\" height=\"477\" srcset=\"https:\/\/havamall.vn\/wp-content\/uploads\/2021\/08\/hnmhgj-300x199.png 300w, https:\/\/havamall.vn\/wp-content\/uploads\/2021\/08\/hnmhgj-430x285.png 430w, https:\/\/havamall.vn\/wp-content\/uploads\/2021\/08\/hnmhgj-150x100.png 150w, https:\/\/havamall.vn\/wp-content\/uploads\/2021\/08\/hnmhgj-700x465.png 700w, https:\/\/havamall.vn\/wp-content\/uploads\/2021\/08\/hnmhgj-768x510.png 768w, https:\/\/havamall.vn\/wp-content\/uploads\/2021\/08\/hnmhgj-1024x680.png 1024w, https:\/\/havamall.vn\/wp-content\/uploads\/2021\/08\/hnmhgj-1200x797.png 1200w, https:\/\/havamall.vn\/wp-content\/uploads\/2021\/08\/hnmhgj-600x398.png 600w, https:\/\/havamall.vn\/wp-content\/uploads\/2021\/08\/hnmhgj.png 1600w\" sizes=\"(max-width: 719px) 100vw, 719px\" \/><\/p>\n<p>Gi\u1ea5y b\u1ea1c n\u01b0\u1edbng\u00a0 Ringo l\u00e0\u00a0v\u1eadt d\u1ee5ng h\u1eefu d\u1ee5ng khi b\u1ea1n c\u1ea7n n\u01b0\u1edbng th\u1ef1c ph\u1ea9m. V\u1edbi ch\u1ea5t li\u1ec7u m\u1ecfng c\u00f3 t\u00ednh d\u1eabn nhi\u1ec7t cao, b\u1ea1n c\u00f3 th\u1ec3 b\u1ecdc th\u1ef1c ph\u1ea9m khi n\u01b0\u1edbng \u0111\u1ec3 l\u00e0m th\u1ef1c ph\u1ea9m ch\u00edn nhanh, \u0111\u1ec1u, gi\u00f2n h\u01a1n, gi\u1eef nguy\u00ean h\u01b0\u01a1ng v\u1ecb th\u01a1m ngon v\u00e0 b\u1ea3o \u0111\u1ea3m v\u1ec7 sinh khi n\u01b0\u1edbng. Kh\u1ed5 gi\u1ea5y \u0111\u1ee7 r\u1ed9ng \u0111\u1ec3 b\u1ecdc th\u1ecbt, c\u00e1, s\u01b0\u1eddn khi n\u01b0\u1edbng tr\u00ean b\u1ebfp than, b\u1ebfp gas hay l\u00f2 vi s\u00f3ng.<\/p>\n<p>&nbsp;<\/p>\n<p><img decoding=\"async\" class=\"aligncenter\" src=\"https:\/\/havamall.vn\/wp-content\/uploads\/2021\/03\/s%E1%BB%AD-d%E1%BB%A5ng-gi%E1%BA%A5y-b%E1%BA%A1c-%C4%91%E1%BB%83-n%C6%B0%E1%BB%9Bng-c%C3%A1-c%C3%B3-h%E1%BA%A1i-cho-s%E1%BB%A9c-kh%E1%BB%8Fe-kh%C3%B4ng.jpg\" alt=\"D\u00f9ng Bao B\u00ec Nh\u00f4m Tr\u1eef Th\u1ef1c Ph\u1ea9m - R\u1ee7i Ro Ti\u1ec1m \u1ea8n V\u1edbi S\u1ee9c Kh\u1ecfe - BAOBIVIETNAM.NET\" width=\"725\" height=\"453\" \/><\/p>\n<h3><strong>C\u00e1ch s\u1eed d\u1ee5ng:<\/strong><\/h3>\n<p>&gt; D\u00f9ng ng\u00f3n tay \u1ea5n hai \u0111\u1ea7u v\u1ecf h\u1ed9p t\u1ea1i bi\u1ec3u t\u01b0\u1ee3ng c\u00f3 d\u1ea5u h\u00ecnh v\u00f2ng cung \u0111\u1ec3 c\u1ed1 \u0111\u1ecbnh \u1ed1ng l\u00f5i b\u00ean trong h\u1ed9p, x\u00e9 d\u1ecdc \u0111\u01b0\u1eddng m\u00e9p theo h\u01b0\u1edbng m\u0169i t\u00ean theo ch\u1ec9 d\u1eabn \u0111\u1ec3 m\u1edf h\u1ed9p v\u00e0 l\u1ed9 dao c\u1eaft ra ngo\u00e0i.<\/p>\n<p>&gt; K\u00e9o m\u00e0ng nh\u00f4m ra r\u1ed3i c\u1eaft b\u1eb1ng dao n\u00e0y. Kh\u00f4ng d\u1ef1 tr\u1eef th\u1ef1c ph\u1ea9m gi\u00e0u ax\u00edt, v\u00ec sau m\u1ed9t v\u00e0i ng\u00e0y \u0111\u01b0\u1ee3c b\u1ecdc trong gi\u1ea5y b\u1ea1c, l\u01b0\u1ee3ng ax\u00edt trong m\u00f3n \u0103n s\u1ebd ph\u1ea3n \u1ee9ng v\u1edbi ch\u1ea5t nh\u00f4m v\u00e0 \u0103n m\u00f2n ch\u00fang.<\/p>\n<p><img loading=\"lazy\" decoding=\"async\" class=\"wp-image-21528 aligncenter\" src=\"https:\/\/havamall.vn\/wp-content\/uploads\/2021\/08\/nlk-300x169.png\" alt=\"\" width=\"743\" height=\"419\" srcset=\"https:\/\/havamall.vn\/wp-content\/uploads\/2021\/08\/nlk-300x169.png 300w, https:\/\/havamall.vn\/wp-content\/uploads\/2021\/08\/nlk-430x242.png 430w, https:\/\/havamall.vn\/wp-content\/uploads\/2021\/08\/nlk-150x84.png 150w, https:\/\/havamall.vn\/wp-content\/uploads\/2021\/08\/nlk-700x394.png 700w, https:\/\/havamall.vn\/wp-content\/uploads\/2021\/08\/nlk-768x432.png 768w, https:\/\/havamall.vn\/wp-content\/uploads\/2021\/08\/nlk-1024x576.png 1024w, https:\/\/havamall.vn\/wp-content\/uploads\/2021\/08\/nlk-1200x675.png 1200w, https:\/\/havamall.vn\/wp-content\/uploads\/2021\/08\/nlk-600x338.png 600w\" sizes=\"(max-width: 743px) 100vw, 743px\" \/><\/p>\n<h3><strong>\u0110\u1eb7c \u0111i\u1ec3m s\u1ea3n ph\u1ea9m:<\/strong><\/h3>\n<p>&#8211; Ch\u1ea5t li\u1ec7u ho\u00e0n to\u00e0n kh\u00f4ng ch\u1ee9a ch\u1ea5t \u0111\u1ed9c h\u1ea1i, \u0111\u1ea3m b\u1ea3o an to\u00e0n cho s\u1ee9c kh\u1ecfe ng\u01b0\u1eddi d\u00f9ng.<\/p>\n<p>\u2013 D\u00f9ng \u0111\u1ec3 ch\u1ebf bi\u1ebfn v\u00e0 b\u1ea3o qu\u1ea3n th\u1ee9c \u0103n<\/p>\n<p>\u2013 Gi\u00fap gi\u1eef h\u01a1i n\u01b0\u1edbc b\u00ean trong khay th\u1ee9c \u0103n<\/p>\n<p>\u2013 Gi\u1eef nguy\u00ean h\u01b0\u01a1ng v\u1ecb th\u1ef1c ph\u1ea9m khi ch\u1ebf bi\u1ebfn<\/p>\n<p>\u2013 K\u00edch th\u01b0\u1edbc: 30cmx5m<\/p>\n<p>\u2013 B\u1ea3o qu\u1ea3n n\u01a1i kh\u00f4 m\u00e1t sau khi s\u1eed d\u1ee5ng, tr\u00e1nh n\u01a1i kh\u00f4 n\u00f3ng<\/p>\n<p>S\u1ea3n ph\u1ea9m hi\u1ec7n \u0111\u00e3 c\u00f3 m\u1eb7t t\u1ea1i Havamall.<\/p>","protected":false},"excerpt":{"rendered":"<p>Gi\u1ea5y b\u1ea1c n\u01b0\u1edbng hay c\u00f2n g\u1ecdi l\u00e0 m\u00e0ng nh\u00f4m b\u1ecdc th\u1ef1c ph\u1ea9m\u00a0l\u00e0 m\u1ed9t s\u1ea3n ph\u1ea9m ti\u1ec7n d\u1ee5ng trong c\u0103n b\u1ebfp<\/p>","protected":false},"featured_media":21525,"comment_status":"open","ping_status":"closed","template":"","meta":[],"product_brand":[],"product_cat":[393,255,35,130],"product_tag":[],"class_list":{"0":"post-21521","1":"product","2":"type-product","3":"status-publish","4":"has-post-thumbnail","6":"product_cat-bep-phong-an","7":"product_cat-nguyen-lieu-lam-banh","8":"product_cat-nha-cua-doi-song","9":"product_cat-khuyen-mai","11":"first","12":"instock","13":"sale","14":"shipping-taxable","15":"purchasable","16":"product-type-simple"},"_links":{"self":[{"href":"https:\/\/havamall.vn\/en\/wp-json\/wp\/v2\/product\/21521"}],"collection":[{"href":"https:\/\/havamall.vn\/en\/wp-json\/wp\/v2\/product"}],"about":[{"href":"https:\/\/havamall.vn\/en\/wp-json\/wp\/v2\/types\/product"}],"replies":[{"embeddable":true,"href":"https:\/\/havamall.vn\/en\/wp-json\/wp\/v2\/comments?post=21521"}],"version-history":[{"count":0,"href":"https:\/\/havamall.vn\/en\/wp-json\/wp\/v2\/product\/21521\/revisions"}],"wp:featuredmedia":[{"embeddable":true,"href":"https:\/\/havamall.vn\/en\/wp-json\/wp\/v2\/media\/21525"}],"wp:attachment":[{"href":"https:\/\/havamall.vn\/en\/wp-json\/wp\/v2\/media?parent=21521"}],"wp:term":[{"taxonomy":"product_brand","embeddable":true,"href":"https:\/\/havamall.vn\/en\/wp-json\/wp\/v2\/product_brand?post=21521"},{"taxonomy":"product_cat","embeddable":true,"href":"https:\/\/havamall.vn\/en\/wp-json\/wp\/v2\/product_cat?post=21521"},{"taxonomy":"product_tag","embeddable":true,"href":"https:\/\/havamall.vn\/en\/wp-json\/wp\/v2\/product_tag?post=21521"}],"curies":[{"name":"wp","href":"https:\/\/api.w.org\/{rel}","templated":true}]}}