{"id":21507,"date":"2021-08-25T09:22:30","date_gmt":"2021-08-25T02:22:30","guid":{"rendered":"https:\/\/havamall.vn\/?post_type=product&#038;p=21507"},"modified":"2023-09-29T16:57:49","modified_gmt":"2023-09-29T09:57:49","slug":"giay-lot-nuong-banh-baking-parchment-paper","status":"publish","type":"product","link":"https:\/\/havamall.vn\/en\/shop\/giay-lot-nuong-banh-baking-parchment-paper\/","title":{"rendered":"Gi\u1ea5y L\u00f3t N\u01b0\u1edbng B\u00e1nh &#8211; Baking Parchment Paper"},"content":{"rendered":"<p>Gi\u1ea5y n\u1ebfn Goodbake v\u1edbi \u01b0u \u0111i\u1ec3m gi\u1ea5y m\u1ecbn, ch\u1ed1ng d\u00ednh t\u1ed1t. \u0110\u1eb7c bi\u1ec7t v\u1edbi thi\u1ebft k\u1ebf dao c\u1eaft \u1edf b\u00ean trong gi\u00fap cho s\u1ea3n ph\u1ea9m d\u1ec5 s\u1eed d\u1ee5ng v\u00e0 an to\u00e0n h\u01a1n, kh\u00e1c v\u1edbi nh\u1eefng lo\u1ea1i bao b\u00ec kh\u00e1c th\u01b0\u1eddng c\u00f3 dao c\u1eaft \u1edf b\u00ean ngo\u00e0i.<\/p>\n<p><img fetchpriority=\"high\" decoding=\"async\" class=\"wp-image-21515 aligncenter\" src=\"https:\/\/havamall.vn\/wp-content\/uploads\/2021\/08\/mnbch-1-300x300.png\" alt=\"\" width=\"721\" height=\"722\" srcset=\"https:\/\/havamall.vn\/wp-content\/uploads\/2021\/08\/mnbch-1-300x300.png 300w, https:\/\/havamall.vn\/wp-content\/uploads\/2021\/08\/mnbch-1-430x430.png 430w, https:\/\/havamall.vn\/wp-content\/uploads\/2021\/08\/mnbch-1-150x150.png 150w, https:\/\/havamall.vn\/wp-content\/uploads\/2021\/08\/mnbch-1-700x700.png 700w, https:\/\/havamall.vn\/wp-content\/uploads\/2021\/08\/mnbch-1-768x768.png 768w, https:\/\/havamall.vn\/wp-content\/uploads\/2021\/08\/mnbch-1-600x600.png 600w, https:\/\/havamall.vn\/wp-content\/uploads\/2021\/08\/mnbch-1-100x100.png 100w, https:\/\/havamall.vn\/wp-content\/uploads\/2021\/08\/mnbch-1.png 1000w\" sizes=\"(max-width: 721px) 100vw, 721px\" \/><\/p>\n<p>Gi\u1ea5y n\u1ebfn th\u01b0\u1eddng \u0111\u01b0\u1ee3c d\u00f9ng \u0111\u1ec3 l\u00f3t ch\u1ed1ng d\u00ednh khay khi l\u00e0m b\u00e1nh quy, b\u00e1nh gato nh\u01b0 m\u1ed9t t\u1ea5m n\u01b0\u1edbng ch\u1ed1ng d\u00ednh, ngo\u00e0i ra c\u00f2n c\u00f3 th\u1ec3 s\u1eed d\u1ee5ng v\u1edbi c\u00e1c lo\u1ea1i b\u00e1nh h\u1ea5p nh\u01b0 b\u00e1nh bao.<\/p>\n<p>V\u1edbi kh\u1ea3 n\u0103ng ch\u1ed1ng d\u00ednh v\u00e0 ch\u1ecbu nhi\u1ec7t t\u01b0\u01a1ng \u0111\u1ed1i t\u1ed1t, gi\u1ea5y n\u1ebfn gi\u00fap b\u1ea1n c\u00f3 th\u1ec3 thao t\u00e1c v\u00e0 x\u1eed l\u00fd b\u00e1nh d\u1ec5 d\u00e0ng, sau khi n\u01b0\u1edbng xong b\u1ea1n ch\u1ec9 c\u1ea7n l\u1ed9t b\u1ecf gi\u1ea5y n\u1ebfn, trong khi \u0111\u00f3 khu\u00f4n b\u00e1nh s\u1ebd kh\u00f4ng b\u1ecb d\u00ednh b\u1ed9t, r\u1ea5t d\u1ec5 v\u1ec7 sinh. Ngo\u00e0i ra, \u0111\u1ed1i v\u1edbi l\u00f2 nhi\u1ec7t cao, b\u1ea1n c\u00f3 th\u1ec3 d\u00f9ng gi\u1ea5y n\u1ebfn \u0111\u1ec3 che thanh nhi\u1ec7t trong l\u00f2 s\u1ebd gi\u00fap gi\u1ea3m nhi\u1ec7t \u0111\u1ed9 l\u00f2 c\u1ee7a b\u1ea1n.<\/p>\n<p><img decoding=\"async\" class=\"wp-image-21512 aligncenter\" src=\"https:\/\/havamall.vn\/wp-content\/uploads\/2021\/08\/jk\u1ef5gjku-300x199.png\" alt=\"\" width=\"710\" height=\"471\" srcset=\"https:\/\/havamall.vn\/wp-content\/uploads\/2021\/08\/jk\u1ef5gjku-300x199.png 300w, https:\/\/havamall.vn\/wp-content\/uploads\/2021\/08\/jk\u1ef5gjku-430x286.png 430w, https:\/\/havamall.vn\/wp-content\/uploads\/2021\/08\/jk\u1ef5gjku-150x100.png 150w, https:\/\/havamall.vn\/wp-content\/uploads\/2021\/08\/jk\u1ef5gjku-700x465.png 700w, https:\/\/havamall.vn\/wp-content\/uploads\/2021\/08\/jk\u1ef5gjku-768x511.png 768w, https:\/\/havamall.vn\/wp-content\/uploads\/2021\/08\/jk\u1ef5gjku-600x399.png 600w, https:\/\/havamall.vn\/wp-content\/uploads\/2021\/08\/jk\u1ef5gjku.png 940w\" sizes=\"(max-width: 710px) 100vw, 710px\" \/><\/p>\n<p>Gi\u1ea5y n\u1ebfn l\u00e0 m\u1ed9t lo\u1ea1i gi\u1ea5y \u0111\u01b0\u1ee3c s\u1eed d\u1ee5ng ph\u1ed5 bi\u1ebfn trong l\u00e0m b\u00e1nh. Gi\u1ea5y\u00a0\u0111\u01b0\u1ee3c tr\u00e1ng b\u1eb1ng m\u1ed9t l\u1edbp silicon ch\u1ed1ng d\u00ednh, \u0111\u1ed3ng th\u1eddi ch\u1ecbu \u0111\u01b0\u1ee3c nhi\u1ec7t \u0111\u1ed9 cao (l\u00ean t\u1edbi 250 \u0111\u1ed9 C), c\u00f3 th\u1ec3 s\u1eed d\u1ee5ng trong l\u00f2 n\u01b0\u1edbng m\u00e0 kh\u00f4ng l\u00e0m \u1ea3nh h\u01b0\u1edfng \u0111\u1ebfn ch\u1ea5t l\u01b0\u1ee3ng b\u00e1nh.<\/p>\n<p>Ngo\u00e0i c\u00f4ng d\u1ee5ng ch\u1ed1ng d\u00ednh, gi\u1ea5y n\u1ebfn c\u00f2n \u0111\u01b0\u1ee3c s\u1eed d\u1ee5ng \u0111\u1ec3 b\u1ecdc th\u1ef1c ph\u1ea9m, gi\u00fap th\u1ef1c ph\u1ea9m b\u1ea3o qu\u1ea3n \u0111\u01b0\u1ee3c l\u00e2u h\u01a1n, gi\u1eef \u0111\u01b0\u1ee3c \u0111\u1ed9 t\u01b0\u01a1i ngon.\u00a0Gi\u1ea5y n\u1ebfn c\u0169ng \u0111\u01b0\u1ee3c d\u00f9ng \u0111\u1ec3 l\u00f3t m\u1eb7t ph\u1eb3ng khi nh\u00e0o, \u1ee7 b\u1ed9t.<\/p>\n<p><img decoding=\"async\" class=\"wp-image-21513 aligncenter\" src=\"https:\/\/havamall.vn\/wp-content\/uploads\/2021\/08\/bngh-300x200.png\" alt=\"\" width=\"717\" height=\"478\" srcset=\"https:\/\/havamall.vn\/wp-content\/uploads\/2021\/08\/bngh-300x200.png 300w, https:\/\/havamall.vn\/wp-content\/uploads\/2021\/08\/bngh-430x286.png 430w, https:\/\/havamall.vn\/wp-content\/uploads\/2021\/08\/bngh-150x100.png 150w, https:\/\/havamall.vn\/wp-content\/uploads\/2021\/08\/bngh-700x466.png 700w, https:\/\/havamall.vn\/wp-content\/uploads\/2021\/08\/bngh-768x512.png 768w, https:\/\/havamall.vn\/wp-content\/uploads\/2021\/08\/bngh-1024x682.png 1024w, https:\/\/havamall.vn\/wp-content\/uploads\/2021\/08\/bngh-1200x799.png 1200w, https:\/\/havamall.vn\/wp-content\/uploads\/2021\/08\/bngh-600x400.png 600w, https:\/\/havamall.vn\/wp-content\/uploads\/2021\/08\/bngh.png 1456w\" sizes=\"(max-width: 717px) 100vw, 717px\" \/><\/p>\n<h3><strong>\u0110\u1eb7c \u0111i\u1ec3m c\u1ee7a s\u1ea3n ph\u1ea9m:<\/strong><\/h3>\n<p>&#8211; Gi\u1ea5y n\u1ebfn Goodbake s\u1eed d\u1ee5ng \u0111\u1ec3 l\u00f3t ch\u1ed1ng d\u00ednh khay khi th\u1ef1c hi\u1ec7n b\u00e1nh quy, b\u00e1nh gato nh\u01b0 m\u1ed9t t\u1ea5m n\u01b0\u1edbng ch\u1ed1ng d\u00ednh, c\u00f3 th\u1ec3 s\u1eed d\u1ee5ng v\u1edbi c\u00e1c lo\u1ea1i b\u00e1nh h\u1ea5p nh\u01b0 b\u00e1nh bao.<\/p>\n<p>&#8211; Ch\u1ea5t n\u1ebfn gi\u00fap gi\u1ea5y ch\u1ed1ng d\u00ednh v\u00e0 ch\u1ecbu nhi\u1ec7t t\u01b0\u01a1ng \u0111\u1ed1i t\u1ed1t, c\u00f3 th\u1ec3 ch\u1ecbu \u0111\u01b0\u1ee3 nhi\u1ec7t \u0111\u1ed9 \u1edf 220 \u0111\u1ed9 C trong 20 ph\u00fat<\/p>\n<p>&#8211; Gi\u00fap b\u1ea1n thao t\u00e1c v\u00e0 x\u1eed l\u00fd b\u00e1nh d\u1ec5 d\u00e0ng, sau khi n\u01b0\u1edbng xong c\u00e1c b\u1ea1n ch\u1ec9 c\u1ea7n l\u1ed9t b\u1ecf gi\u1ea5y n\u1ebfn, trong khi \u0111\u00f3 khu\u00f4n b\u00e1nh c\u0169ng s\u1ebd kh\u00f4ng b\u1ecb d\u00ednh b\u1ed9t, r\u1ea5t d\u1ec5 v\u1ec7 sinh.<\/p>\n<p><img loading=\"lazy\" decoding=\"async\" class=\"wp-image-21514 aligncenter\" src=\"https:\/\/havamall.vn\/wp-content\/uploads\/2021\/08\/trty-300x300.png\" alt=\"\" width=\"716\" height=\"716\" srcset=\"https:\/\/havamall.vn\/wp-content\/uploads\/2021\/08\/trty-300x300.png 300w, https:\/\/havamall.vn\/wp-content\/uploads\/2021\/08\/trty-430x430.png 430w, https:\/\/havamall.vn\/wp-content\/uploads\/2021\/08\/trty-150x150.png 150w, https:\/\/havamall.vn\/wp-content\/uploads\/2021\/08\/trty-700x700.png 700w, https:\/\/havamall.vn\/wp-content\/uploads\/2021\/08\/trty-768x768.png 768w, https:\/\/havamall.vn\/wp-content\/uploads\/2021\/08\/trty-1024x1024.png 1024w, https:\/\/havamall.vn\/wp-content\/uploads\/2021\/08\/trty.png 1200w, https:\/\/havamall.vn\/wp-content\/uploads\/2021\/08\/trty-600x600.png 600w, https:\/\/havamall.vn\/wp-content\/uploads\/2021\/08\/trty-100x100.png 100w\" sizes=\"(max-width: 716px) 100vw, 716px\" \/><\/p>\n<p>S\u1ea3n ph\u1ea9m hi\u1ec7n \u0111\u00e3 c\u00f3 m\u1eb7t t\u1ea1i Havamall.<\/p>","protected":false},"excerpt":{"rendered":"<p>Gi\u1ea5y n\u1ebfn Goodbake v\u1edbi \u01b0u \u0111i\u1ec3m gi\u1ea5y m\u1ecbn, ch\u1ed1ng d\u00ednh t\u1ed1t. \u0110\u1eb7c bi\u1ec7t v\u1edbi thi\u1ebft k\u1ebf dao c\u1eaft \u1edf b\u00ean<\/p>","protected":false},"featured_media":24961,"comment_status":"open","ping_status":"closed","template":"","meta":[],"product_brand":[],"product_cat":[393,255,35],"product_tag":[],"class_list":{"0":"post-21507","1":"product","2":"type-product","3":"status-publish","4":"has-post-thumbnail","6":"product_cat-bep-phong-an","7":"product_cat-nguyen-lieu-lam-banh","8":"product_cat-nha-cua-doi-song","10":"first","11":"instock","12":"sale","13":"shipping-taxable","14":"purchasable","15":"product-type-simple"},"_links":{"self":[{"href":"https:\/\/havamall.vn\/en\/wp-json\/wp\/v2\/product\/21507"}],"collection":[{"href":"https:\/\/havamall.vn\/en\/wp-json\/wp\/v2\/product"}],"about":[{"href":"https:\/\/havamall.vn\/en\/wp-json\/wp\/v2\/types\/product"}],"replies":[{"embeddable":true,"href":"https:\/\/havamall.vn\/en\/wp-json\/wp\/v2\/comments?post=21507"}],"version-history":[{"count":0,"href":"https:\/\/havamall.vn\/en\/wp-json\/wp\/v2\/product\/21507\/revisions"}],"wp:featuredmedia":[{"embeddable":true,"href":"https:\/\/havamall.vn\/en\/wp-json\/wp\/v2\/media\/24961"}],"wp:attachment":[{"href":"https:\/\/havamall.vn\/en\/wp-json\/wp\/v2\/media?parent=21507"}],"wp:term":[{"taxonomy":"product_brand","embeddable":true,"href":"https:\/\/havamall.vn\/en\/wp-json\/wp\/v2\/product_brand?post=21507"},{"taxonomy":"product_cat","embeddable":true,"href":"https:\/\/havamall.vn\/en\/wp-json\/wp\/v2\/product_cat?post=21507"},{"taxonomy":"product_tag","embeddable":true,"href":"https:\/\/havamall.vn\/en\/wp-json\/wp\/v2\/product_tag?post=21507"}],"curies":[{"name":"wp","href":"https:\/\/api.w.org\/{rel}","templated":true}]}}