{"id":21491,"date":"2021-08-24T17:09:10","date_gmt":"2021-08-24T10:09:10","guid":{"rendered":"https:\/\/havamall.vn\/?post_type=product&#038;p=21491"},"modified":"2022-04-29T15:37:39","modified_gmt":"2022-04-29T08:37:39","slug":"banh-trang-lut-hu%cc%83u-co%cc%9b-vietsuisse-200g","status":"publish","type":"product","link":"https:\/\/havamall.vn\/en\/shop\/banh-trang-lut-hu%cc%83u-co%cc%9b-vietsuisse-200g\/","title":{"rendered":"Ba\u0301nh Tra\u0301ng L\u01b0\u0301t H\u01b0\u0303u Co\u031b Vietsuisse 200g"},"content":{"rendered":"<h3><strong>TH\u00d4NG TIN S\u1ea2N PH\u1ea8M<\/strong><\/h3>\n<table>\n<tbody>\n<tr>\n<td>Th\u01b0\u01a1ng hi\u1ec7u<\/td>\n<td>Vietsuisse<\/td>\n<\/tr>\n<tr>\n<td>Xu\u1ea5t x\u1ee9<\/td>\n<td>Vi\u1ec7t Nam<\/td>\n<\/tr>\n<tr>\n<td>Th\u00e0nh ph\u1ea7n<\/td>\n<td>G\u1ea1o l\u1ee9t h\u1eefu c\u01a1, tinh b\u1ed9t khoai m\u00ec h\u1eefu c\u01a1, mu\u1ed1i<\/td>\n<\/tr>\n<tr>\n<td>H\u1ea1n s\u1eed d\u1ee5ng<\/td>\n<td>12 th\u00e1ng k\u1ec3 t\u1eeb ng\u00e0y s\u1ea3n xu\u1ea5t.<\/td>\n<\/tr>\n<tr>\n<td>B\u1ea3o qu\u1ea3n<\/td>\n<td>\u0110\u1ec3 n\u01a1i kh\u00f4 r\u00e1o, tho\u00e1ng m\u00e1t, tr\u00e1nh \u00e1nh n\u1eafng tr\u1ef1c ti\u1ebfp<\/td>\n<\/tr>\n<tr>\n<td>Kh\u1ed1i l\u01b0\u1ee3ng<\/td>\n<td>200g<\/td>\n<\/tr>\n<\/tbody>\n<\/table>\n<p>B\u00e1nh tr\u00e1ng t\u1eeb tr\u01b0\u1edbc \u0111\u1ebfn nay th\u01b0\u1eddng \u0111\u01b0\u1ee3c d\u00f9ng \u0111\u1ec3 cu\u1ed1n nem, l\u00e0m g\u1ecfi cu\u1ed1n&#8230; nh\u01b0ng nh\u1edd s\u1ef1 s\u00e1ng t\u1ea1o c\u1ee7a c\u00e1c ch\u1ecb em y\u00eau n\u1ea5u \u0103n m\u00e0 nh\u1eefng chi\u1ebfc b\u00e1nh tr\u00e1ng quen thu\u1ed9c gi\u1edd \u0111\u00e2y tr\u1edf th\u00e0nh nguy\u00ean li\u1ec7u l\u00e0m c\u00e1c m\u00f3n \u0103n nh\u01b0 b\u00e1nh cu\u1ed1n, b\u00e1nh g\u1ea1o th\u1eadm ch\u00ed l\u00e0 c\u1ea3 h\u00e1 c\u1ea3o.<\/p>\n<p>Nh\u1eefng m\u00f3n \u0103n n\u00e0y b\u00ecnh th\u01b0\u1eddng c\u00e1ch l\u00e0m c\u0169ng kh\u00e1 k\u1ef3 c\u00f4ng v\u00e0 m\u1ea5t nhi\u1ec1u th\u1eddi gian. Nh\u01b0ng nh\u1edd c\u00f3 b\u00e1nh tr\u00e1ng m\u00e0 c\u00e1c c\u00f4ng \u0111o\u1ea1n \u0111\u01b0\u1ee3c r\u00fat g\u1ecdn \u0111i r\u1ea5t nhi\u1ec1u.<\/p>\n<p><img fetchpriority=\"high\" decoding=\"async\" class=\"wp-image-21501 aligncenter\" src=\"https:\/\/havamall.vn\/wp-content\/uploads\/2021\/08\/POI-300x277.png\" alt=\"\" width=\"617\" height=\"569\" srcset=\"https:\/\/havamall.vn\/wp-content\/uploads\/2021\/08\/POI-300x277.png 300w, https:\/\/havamall.vn\/wp-content\/uploads\/2021\/08\/POI-430x396.png 430w, https:\/\/havamall.vn\/wp-content\/uploads\/2021\/08\/POI-150x138.png 150w, https:\/\/havamall.vn\/wp-content\/uploads\/2021\/08\/POI-700x645.png 700w, https:\/\/havamall.vn\/wp-content\/uploads\/2021\/08\/POI-768x708.png 768w, https:\/\/havamall.vn\/wp-content\/uploads\/2021\/08\/POI-1024x944.png 1024w, https:\/\/havamall.vn\/wp-content\/uploads\/2021\/08\/POI.png 1200w, https:\/\/havamall.vn\/wp-content\/uploads\/2021\/08\/POI-600x553.png 600w\" sizes=\"(max-width: 617px) 100vw, 617px\" \/><\/p>\n<p>B\u00e1nh tr\u00e1ng g\u1ea1o l\u1ee9t Vietsuisse\u00a0 \u0111\u01b0\u1ee3c l\u00e0m t\u1eeb nh\u1eefng th\u00e0nh ph\u1ea7n an to\u00e0n t\u1eeb t\u1ef1 nhi\u00ean v\u1edbi b\u1ed9t g\u1ea1o, b\u1ed9t m\u00ec, mu\u1ed1i ho\u00e0n to\u00e0n kh\u00f4ng ch\u1ee9a ch\u1ea5t ph\u1ee5 gia, b\u1ea3o qu\u1ea3n, \u0111\u1ea3m b\u1ea3o an to\u00e0n cho ng\u01b0\u1eddi s\u1eed d\u1ee5ng. S\u1ea3n ph\u1ea9m l\u00e0 s\u1ef1 k\u1ebft h\u1ee3p \u0111\u1ed9c \u0111\u00e1o gi\u1eefa c\u00f4ng th\u1ee9c truy\u1ec1n th\u1ed1ng v\u00e0 quy tr\u00ecnh ch\u1ebf bi\u1ebfn hi\u1ec7n \u0111\u1ea1i \u0111em l\u1ea1i ch\u1ea5t l\u01b0\u1ee3ng t\u1ed1t nh\u1ea5t.<\/p>\n<p><img decoding=\"async\" class=\"wp-image-21506 aligncenter\" src=\"https:\/\/havamall.vn\/wp-content\/uploads\/2021\/08\/JGKIU-1-300x231.png\" alt=\"\" width=\"623\" height=\"480\" srcset=\"https:\/\/havamall.vn\/wp-content\/uploads\/2021\/08\/JGKIU-1-300x231.png 300w, https:\/\/havamall.vn\/wp-content\/uploads\/2021\/08\/JGKIU-1-430x332.png 430w, https:\/\/havamall.vn\/wp-content\/uploads\/2021\/08\/JGKIU-1-150x116.png 150w, https:\/\/havamall.vn\/wp-content\/uploads\/2021\/08\/JGKIU-1-700x540.png 700w, https:\/\/havamall.vn\/wp-content\/uploads\/2021\/08\/JGKIU-1-768x593.png 768w, https:\/\/havamall.vn\/wp-content\/uploads\/2021\/08\/JGKIU-1.png 1024w, https:\/\/havamall.vn\/wp-content\/uploads\/2021\/08\/JGKIU-1-600x463.png 600w\" sizes=\"(max-width: 623px) 100vw, 623px\" \/><\/p>\n<p>B\u00e1nh tr\u00e1ng Vietsuisse\u00a0 \u0111\u01b0\u1ee3c tr\u00e1ng m\u1ecfng v\u1eeba ph\u1ea3i nh\u01b0ng v\u1eabn \u0111\u1ee7 \u0111\u1ed9 dai v\u00e0 kh\u00f4ng b\u1ecb gi\u00f2n, c\u1ee9ng khi \u0111\u1ec3 l\u00e2u. S\u1ea3n ph\u1ea9m \u0111\u00e3 \u0111\u01b0\u1ee3c \u0111\u00f3ng trong g\u00f3i nilon k\u00edn \u0111\u00e1o, h\u1ee3p v\u1ec7 sinh, gi\u00fap b\u1ea1n b\u1ea3o qu\u1ea3n s\u1ea3n ph\u1ea9m d\u1ec5 d\u00e0ng trong c\u0103n b\u1ebfp c\u1ee7a m\u00ecnh. b\u1ea1n c\u00f3 th\u1ec3 d\u1ec5 d\u00e0ng s\u1eed d\u1ee5ng \u0111\u1ec3 ch\u1ebf bi\u1ebfn th\u00e0nh nhi\u1ec1u m\u00f3n \u0103n, g\u00f3p ph\u1ea7n l\u00e0m phong ph\u00fa cho th\u1ef1c \u0111\u01a1n gia \u0111\u00ecnh b\u1ea1n.<\/p>\n<p><img decoding=\"async\" class=\"wp-image-21747 aligncenter\" src=\"https:\/\/havamall.vn\/wp-content\/uploads\/2021\/08\/gfdg-300x208.png\" alt=\"\" width=\"618\" height=\"428\" srcset=\"https:\/\/havamall.vn\/wp-content\/uploads\/2021\/08\/gfdg-300x208.png 300w, https:\/\/havamall.vn\/wp-content\/uploads\/2021\/08\/gfdg-430x298.png 430w, https:\/\/havamall.vn\/wp-content\/uploads\/2021\/08\/gfdg-150x104.png 150w, https:\/\/havamall.vn\/wp-content\/uploads\/2021\/08\/gfdg-700x486.png 700w, https:\/\/havamall.vn\/wp-content\/uploads\/2021\/08\/gfdg-768x533.png 768w, https:\/\/havamall.vn\/wp-content\/uploads\/2021\/08\/gfdg-600x416.png 600w, https:\/\/havamall.vn\/wp-content\/uploads\/2021\/08\/gfdg.png 960w\" sizes=\"(max-width: 618px) 100vw, 618px\" \/><\/p>\n<p>V\u1edbi\u00a0B\u00e1nh tr\u00e1ng Vietsuisse\u00a0v\u00e0o nh\u1eefng d\u1ecbp cu\u1ed1i tu\u1ea7n hay l\u1ec5, t\u1ebft, b\u1ea1n c\u00f3 th\u1ec3 s\u1eed d\u1ee5ng b\u00e1nh tr\u00e1ng \u0111\u1ec3 l\u00e0m m\u00f3n nh\u01b0 g\u1ecfi cu\u1ed1n, ch\u1ea3 gi\u00f2,\u2026 tuy l\u00e0 nh\u1eefng m\u00f3n \u0103n d\u00e2n d\u00e3 nh\u01b0ng n\u00f3 s\u1ebd mang \u0111\u1ebfn cho b\u1ea1n v\u00e0 gia \u0111\u00ecnh m\u1ed9t m\u00f3n \u0103n ngon mi\u1ec7n, h\u1ea5p d\u1eabn v\u00e0 \u1ea5m \u00e1p c\u1ee7a t\u00ecnh c\u1ea3m gia \u0111\u00ecnh. B\u1edfi c\u00e1c th\u00e0nh vi\u00ean trong gia \u0111\u00ecnh s\u1ebd c\u00f9ng nhau quay qu\u1ea7n, t\u1ef1 tay l\u00e0m cho m\u00ecnh nh\u1eefng cu\u1ed1n g\u1ecfi cu\u1ed1n, c\u00f9ng nhau chia s\u1ebd nh\u1eefng c\u00e2u chuy\u1ec7n bu\u1ed3n vui b\u00ean nh\u1eefng ng\u01b0\u1eddi y\u00eau th\u01b0\u01a1ng.<\/p>\n<p>V\u00ec v\u1eady, h\u00e3y \u0111\u00e1nh d\u1ea5u m\u00f3n \u0103n n\u00e0y v\u00e0o s\u1ed5 tay gia \u0111\u00ecnh b\u1ea1n, \u0111\u1ec3 l\u00e0m cho m\u00f3n \u0103n gia \u0111\u00ecnh b\u1ea1n th\u00eam phong ph\u00fa, th\u00eam g\u1eafn k\u1ebft y\u00eau th\u01b0\u01a1ng cho gia \u0111\u00ecnh b\u1ea1n nh\u00e9.<\/p>\n<p><img loading=\"lazy\" decoding=\"async\" class=\"wp-image-21504 aligncenter\" src=\"https:\/\/havamall.vn\/wp-content\/uploads\/2021\/08\/1-1200x676-69-300x169.jpg\" alt=\"\" width=\"617\" height=\"347\" srcset=\"https:\/\/havamall.vn\/wp-content\/uploads\/2021\/08\/1-1200x676-69-300x169.jpg 300w, https:\/\/havamall.vn\/wp-content\/uploads\/2021\/08\/1-1200x676-69-430x242.jpg 430w, https:\/\/havamall.vn\/wp-content\/uploads\/2021\/08\/1-1200x676-69-150x85.jpg 150w, https:\/\/havamall.vn\/wp-content\/uploads\/2021\/08\/1-1200x676-69-700x394.jpg 700w, https:\/\/havamall.vn\/wp-content\/uploads\/2021\/08\/1-1200x676-69-768x433.jpg 768w, https:\/\/havamall.vn\/wp-content\/uploads\/2021\/08\/1-1200x676-69-1024x577.jpg 1024w, https:\/\/havamall.vn\/wp-content\/uploads\/2021\/08\/1-1200x676-69.jpg 1200w, https:\/\/havamall.vn\/wp-content\/uploads\/2021\/08\/1-1200x676-69-600x338.jpg 600w\" sizes=\"(max-width: 617px) 100vw, 617px\" \/><\/p>\n<h3><strong>C\u00f4ng d\u1ee5ng c\u1ee7a g\u1ea1o l\u1ee9t:<\/strong><\/h3>\n<p>\u2013\u00a0 G\u1ea1o L\u1ee9t l\u00e0 th\u1ef1c ph\u1ea9m gi\u00e0u Vitamin Nh\u00f3m B (B1\u2013Thiamin, B2\u2013Riboflavin, B3\u2013Niacin, B6), Mangan, Ph\u1ed1t Pho, S\u1eaft, Ch\u1ea5t X\u01a1 v\u00e0 c\u00e1c Acid B\u00e9o c\u1ea7n thi\u1ebft cho c\u01a1 th\u1ec3.<\/p>\n<p>\u2013\u00a0 G\u1ea1o L\u1ee9t (g\u1ea1o nguy\u00ean c\u00e1m\/ brown rice\/ unpolished rice) l\u00e0 lo\u1ea1i g\u1ea1o c\u00f2n l\u1edbp c\u00e1m, ch\u1ec9 xay b\u1ecf v\u1ecf tr\u1ea5u c\u1ee9ng b\u00ean ngo\u00e0i.<\/p>\n<p>\u2013 L\u1edbp v\u1ecf c\u00e1m c\u1ee7a g\u1ea1o l\u1ee9t ch\u1ee9a r\u1ea5t nhi\u1ec1u Vitamin B1 c\u0169ng nh\u01b0 nhi\u1ec1u ch\u1ea5t dinh d\u01b0\u1ee1ng v\u00e0 vi l\u01b0\u1ee3ng kh\u00e1c. Qu\u00e1 tr\u00ecnh xay x\u00e1t th\u00f3c \u0111\u1ec3 chuy\u1ec3n g\u1ea1o l\u1ee9t th\u00e0nh g\u1ea1o tr\u1eafng \u0111\u00e3 ph\u00e1 hu\u1ef7 67% l\u01b0\u1ee3ng Vitamin B3, 80% l\u01b0\u1ee3ng B1, 90% l\u01b0\u1ee3ng B6, \u00bd l\u01b0\u1ee3ng Mangan, \u00bd l\u01b0\u1ee3ng Ph\u1ed1t Pho, 60% l\u01b0\u1ee3ng S\u1eaft, t\u1ea5t c\u1ea3 l\u01b0\u1ee3ng Ch\u1ea5t X\u01a1 v\u00e0 Acid B\u00e9o c\u1ea7n thi\u1ebft cho c\u01a1 th\u1ec3.<\/p>\n<p><img loading=\"lazy\" decoding=\"async\" class=\"wp-image-21749 aligncenter\" src=\"https:\/\/havamall.vn\/wp-content\/uploads\/2021\/08\/hjghj-256x300.png\" alt=\"\" width=\"607\" height=\"711\" srcset=\"https:\/\/havamall.vn\/wp-content\/uploads\/2021\/08\/hjghj-256x300.png 256w, https:\/\/havamall.vn\/wp-content\/uploads\/2021\/08\/hjghj-430x504.png 430w, https:\/\/havamall.vn\/wp-content\/uploads\/2021\/08\/hjghj-150x176.png 150w, https:\/\/havamall.vn\/wp-content\/uploads\/2021\/08\/hjghj-600x703.png 600w, https:\/\/havamall.vn\/wp-content\/uploads\/2021\/08\/hjghj.png 640w\" sizes=\"(max-width: 607px) 100vw, 607px\" \/><\/p>\n<h3><strong>H\u01b0\u1edbng d\u1eabn s\u1eed d\u1ee5ng:<\/strong><\/h3>\n<p>&#8211; C\u00f3 th\u1ec3 d\u00f9ng \u0111\u1ec3 l\u00e0m m\u00f3n b\u00e1nh tr\u00e1ng cu\u1ed1n th\u1ecbt heo c\u1ef1c h\u1ea5p d\u1eabn<\/p>\n<p>&#8211; Ho\u1eb7c d\u00f9ng \u0111\u1ec3 ch\u1ebf bi\u1ebfn c\u00e1c m\u00f3n nh\u01b0: B\u00e1nh g\u1ea1o Tokbokki, b\u00e1nh cu\u1ed1n, h\u00e1 c\u1ea3o, b\u00e1nh tr\u00e1ng n\u01b0\u1edbng, b\u00e1nh tr\u00e1ng tr\u1ed9n, cu\u1ed1n ch\u1ea3 gi\u00f2, &#8230;<\/p>\n<p>S\u1ea3n ph\u1ea9m hi\u1ec7n \u0111\u00e3 c\u00f3 m\u1eb7t t\u1ea1i Havamall.<\/p>","protected":false},"excerpt":{"rendered":"<p>TH\u00d4NG TIN S\u1ea2N PH\u1ea8M Th\u01b0\u01a1ng hi\u1ec7u Vietsuisse Xu\u1ea5t x\u1ee9 Vi\u1ec7t Nam Th\u00e0nh ph\u1ea7n G\u1ea1o l\u1ee9t h\u1eefu c\u01a1, tinh b\u1ed9t khoai<\/p>","protected":false},"featured_media":21505,"comment_status":"open","ping_status":"closed","template":"","meta":[],"product_brand":[],"product_cat":[256,36,134],"product_tag":[],"class_list":{"0":"post-21491","1":"product","2":"type-product","3":"status-publish","4":"has-post-thumbnail","6":"product_cat-thuc-pham-huu-co","7":"product_cat-thuc-pham-tieu-dung","8":"product_cat-thucpham-saykho","10":"first","11":"outofstock","12":"sale","13":"shipping-taxable","14":"purchasable","15":"product-type-simple"},"_links":{"self":[{"href":"https:\/\/havamall.vn\/en\/wp-json\/wp\/v2\/product\/21491"}],"collection":[{"href":"https:\/\/havamall.vn\/en\/wp-json\/wp\/v2\/product"}],"about":[{"href":"https:\/\/havamall.vn\/en\/wp-json\/wp\/v2\/types\/product"}],"replies":[{"embeddable":true,"href":"https:\/\/havamall.vn\/en\/wp-json\/wp\/v2\/comments?post=21491"}],"version-history":[{"count":0,"href":"https:\/\/havamall.vn\/en\/wp-json\/wp\/v2\/product\/21491\/revisions"}],"wp:featuredmedia":[{"embeddable":true,"href":"https:\/\/havamall.vn\/en\/wp-json\/wp\/v2\/media\/21505"}],"wp:attachment":[{"href":"https:\/\/havamall.vn\/en\/wp-json\/wp\/v2\/media?parent=21491"}],"wp:term":[{"taxonomy":"product_brand","embeddable":true,"href":"https:\/\/havamall.vn\/en\/wp-json\/wp\/v2\/product_brand?post=21491"},{"taxonomy":"product_cat","embeddable":true,"href":"https:\/\/havamall.vn\/en\/wp-json\/wp\/v2\/product_cat?post=21491"},{"taxonomy":"product_tag","embeddable":true,"href":"https:\/\/havamall.vn\/en\/wp-json\/wp\/v2\/product_tag?post=21491"}],"curies":[{"name":"wp","href":"https:\/\/api.w.org\/{rel}","templated":true}]}}