{"id":21484,"date":"2021-08-24T16:05:52","date_gmt":"2021-08-24T09:05:52","guid":{"rendered":"https:\/\/havamall.vn\/?post_type=product&#038;p=21484"},"modified":"2022-11-02T11:05:20","modified_gmt":"2022-11-02T04:05:20","slug":"bun-tuoi-huu-co-say-kho-organic-rice-vermicelli-1050g","status":"publish","type":"product","link":"https:\/\/havamall.vn\/en\/shop\/bun-tuoi-huu-co-say-kho-organic-rice-vermicelli-1050g\/","title":{"rendered":"B\u00fan T\u01b0\u01a1i H\u1eefu C\u01a1 S\u1ea5y Kh\u00f4 &#8211; Organic Rice Vermicelli 1050g"},"content":{"rendered":"<h3><strong>TH\u00d4NG TIN S\u1ea2N PH\u1ea8M<\/strong><\/h3>\n<table>\n<tbody>\n<tr>\n<td>Th\u01b0\u01a1ng hi\u1ec7u<\/td>\n<td>Vietsuisse<\/td>\n<\/tr>\n<tr>\n<td>Xu\u1ea5t x\u1ee9<\/td>\n<td>Vi\u1ec7t Nam<\/td>\n<\/tr>\n<tr>\n<td>Th\u00e0nh ph\u1ea7n<\/td>\n<td>100% g\u1ea1o h\u1eefu c\u01a1<\/td>\n<\/tr>\n<tr>\n<td>H\u1ea1n s\u1eed d\u1ee5ng<\/td>\n<td>12 th\u00e1ng k\u1ec3 t\u1eeb ng\u00e0y s\u1ea3n xu\u1ea5t.<\/td>\n<\/tr>\n<tr>\n<td>B\u1ea3o qu\u1ea3n<\/td>\n<td>\u0110\u1ec3 n\u01a1i kh\u00f4 r\u00e1o, tho\u00e1ng m\u00e1t, tr\u00e1nh \u00e1nh n\u1eafng tr\u1ef1c ti\u1ebfp<\/td>\n<\/tr>\n<tr>\n<td>Kh\u1ed1i l\u01b0\u1ee3ng<\/td>\n<td>1050g<\/td>\n<\/tr>\n<\/tbody>\n<\/table>\n<p>B\u00fan t\u01b0\u01a1i h\u1eefu c\u01a1 Vietsuisse\u00a0 \u0111\u01b0\u1ee3c l\u00e0m t\u1eeb g\u1ea1o Vietsuisse h\u1ea3o h\u1ea1ng, kh\u00f4ng s\u1eed d\u1ee5ng c\u00e1c ch\u1ea5t ph\u1ee5 gia hay ch\u1ea5t b\u1ea3o qu\u1ea3n. Kh\u00f4ng gi\u1ed1ng nh\u01b0 c\u00e1c lo\u1ea1i b\u00fan t\u01b0\u01a1i, B\u00fan G\u1ea1o Vietsuisse gi\u00fap b\u1ea1n d\u1ec5 d\u00e0ng b\u1ea3o qu\u1ea3n v\u00e0 c\u00f3 th\u1eddi gian s\u1eed d\u1ee5ng l\u00e2u d\u00e0i h\u01a1n. S\u1ea3n ph\u1ea9m \u0111\u01b0\u1ee3c s\u1ea3n xu\u1ea5t t\u1eeb ngu\u1ed3n nguy\u00ean li\u1ec7u t\u01b0\u01a1i, d\u00e2y chuy\u1ec1n s\u1ea3n xu\u1ea5t hi\u1ec7n \u0111\u1ea1i, \u0111\u1ea3m b\u1ea3o an to\u00e0n v\u1ec7 sinh th\u1ef1c ph\u1ea9m. B\u00fan g\u1ea1o s\u1ebd gi\u00fap thay \u0111\u1ed5i th\u1ef1c \u0111\u01a1n nh\u00e0m ch\u00e1n c\u1ee7a gia \u0111\u00ecnh b\u1eb1ng m\u1ed9t m\u00f3n \u0103n h\u1ea5p d\u1eabn h\u01a1n.<\/p>\n<p><img fetchpriority=\"high\" decoding=\"async\" class=\"wp-image-21486 aligncenter\" src=\"https:\/\/havamall.vn\/wp-content\/uploads\/2021\/08\/gfrt-291x300.png\" alt=\"\" width=\"711\" height=\"733\" srcset=\"https:\/\/havamall.vn\/wp-content\/uploads\/2021\/08\/gfrt-291x300.png 291w, https:\/\/havamall.vn\/wp-content\/uploads\/2021\/08\/gfrt-430x444.png 430w, https:\/\/havamall.vn\/wp-content\/uploads\/2021\/08\/gfrt-150x155.png 150w, https:\/\/havamall.vn\/wp-content\/uploads\/2021\/08\/gfrt-600x619.png 600w, https:\/\/havamall.vn\/wp-content\/uploads\/2021\/08\/gfrt.png 632w\" sizes=\"(max-width: 711px) 100vw, 711px\" \/><\/p>\n<p>S\u1ee3i b\u00fan m\u1ec1m, dai v\u1eeba, kh\u00f4ng b\u1ecb chua, an to\u00e0n cho s\u1ee9c kho\u1ebb, \u0111\u1ec3 \u0111\u01b0\u1ee3c l\u00e2u m\u00e0 l\u1ea1i c\u00f2n r\u1ea5t ti\u1ec7n d\u1ee5ng. B\u1ea1n ch\u1ec9 c\u1ea7n n\u1ea5u b\u00fan trong n\u01b0\u1edbc \u0111un s\u00f4i 5 ph\u00fat, v\u1edbt ra ng\u00e2m v\u1edbi n\u01b0\u1edbc l\u1ea1nh trong 3-5 ph\u00fat v\u00e0 \u0111\u1ec3 r\u00e1o n\u01b0\u1edbc. Sau \u0111\u00f3 c\u00f3 th\u1ec3 tr\u1ed9n b\u00fan v\u1edbi s\u1ed1t, gia v\u1ecb, rau, \u0111\u1ec3 \u0103n tr\u1ef1c ti\u1ebfp nh\u01b0 b\u00fan, ph\u1edf t\u01b0\u01a1i ho\u1eb7c ch\u1ebf bi\u1ebfn x\u00e0o, n\u1ea5u, \u0103n l\u1ea9u t\u00f9y theo s\u1edf th\u00edch.<\/p>\n<p><img decoding=\"async\" class=\"wp-image-21487 aligncenter\" src=\"https:\/\/havamall.vn\/wp-content\/uploads\/2021\/08\/jkuyk-300x169.png\" alt=\"\" width=\"711\" height=\"401\" srcset=\"https:\/\/havamall.vn\/wp-content\/uploads\/2021\/08\/jkuyk-300x169.png 300w, https:\/\/havamall.vn\/wp-content\/uploads\/2021\/08\/jkuyk-430x242.png 430w, https:\/\/havamall.vn\/wp-content\/uploads\/2021\/08\/jkuyk-150x84.png 150w, https:\/\/havamall.vn\/wp-content\/uploads\/2021\/08\/jkuyk-700x394.png 700w, https:\/\/havamall.vn\/wp-content\/uploads\/2021\/08\/jkuyk-768x432.png 768w, https:\/\/havamall.vn\/wp-content\/uploads\/2021\/08\/jkuyk-1024x576.png 1024w, https:\/\/havamall.vn\/wp-content\/uploads\/2021\/08\/jkuyk.png 1200w, https:\/\/havamall.vn\/wp-content\/uploads\/2021\/08\/jkuyk-600x338.png 600w\" sizes=\"(max-width: 711px) 100vw, 711px\" \/><\/p>\n<p>B\u00fan t\u01b0\u01a1i h\u1eefu c\u01a1 Vietsuisse ti\u1ec7n l\u1ee3i, \u0111\u01b0\u1ee3c ch\u1ebf bi\u1ebfn theo quy tr\u00ecnh an to\u00e0n, mang \u0111\u1ebfn nh\u1eefng s\u1ee3i b\u00fan ch\u1ea5t l\u01b0\u1ee3ng.\u00a0B\u00fan t\u01b0\u01a1i d\u1ea1ng kh\u00f4 Safoco g\u00f3i 300g\u00a0ch\u1ec9 c\u1ea7n lu\u1ed9c qua l\u00e0 c\u00f3 th\u1ec3 ch\u1ebf bi\u1ebfn nh\u1eefng m\u00f3n \u0103n y\u00eau th\u00edch nh\u01b0 x\u00e0o ho\u1eb7c d\u00f9ng chung v\u1edbi n\u01b0\u1edbc l\u00e8o. B\u00fan t\u01b0\u01a1i h\u1eefu c\u01a1 Vietsuisse\u00a0ch\u1ea5t l\u01b0\u1ee3ng \u0111\u01b0\u1ee3c nhi\u1ec1u ng\u01b0\u1eddi tin d\u00f9ng.<\/p>\n<p><img decoding=\"async\" class=\"wp-image-21488 aligncenter\" src=\"https:\/\/havamall.vn\/wp-content\/uploads\/2021\/08\/e4e5449a454a595f2ca6a9a22bdd9a5b-232x300.jpg\" alt=\"\" width=\"700\" height=\"905\" srcset=\"https:\/\/havamall.vn\/wp-content\/uploads\/2021\/08\/e4e5449a454a595f2ca6a9a22bdd9a5b-232x300.jpg 232w, https:\/\/havamall.vn\/wp-content\/uploads\/2021\/08\/e4e5449a454a595f2ca6a9a22bdd9a5b-430x555.jpg 430w, https:\/\/havamall.vn\/wp-content\/uploads\/2021\/08\/e4e5449a454a595f2ca6a9a22bdd9a5b-150x194.jpg 150w, https:\/\/havamall.vn\/wp-content\/uploads\/2021\/08\/e4e5449a454a595f2ca6a9a22bdd9a5b-700x904.jpg 700w, https:\/\/havamall.vn\/wp-content\/uploads\/2021\/08\/e4e5449a454a595f2ca6a9a22bdd9a5b-600x775.jpg 600w, https:\/\/havamall.vn\/wp-content\/uploads\/2021\/08\/e4e5449a454a595f2ca6a9a22bdd9a5b.jpg 718w\" sizes=\"(max-width: 700px) 100vw, 700px\" \/><\/p>\n<div>\n<p>B\u00fan G\u1ea1o Vietsuisse\u00a0th\u00edch h\u1ee3p cho m\u1ecdi ng\u01b0\u1eddi d\u00f9ng trong c\u00e1c b\u1eefa \u0103n s\u00e1ng, b\u1eefa \u0103n h\u00e0ng ng\u00e0y, d\u1ec5 ch\u1ebf bi\u1ebfn v\u1edbi nhi\u1ec1u c\u00e1ch kh\u00e1c nhau nh\u01b0 n\u1ea5u soup, x\u00e0o,\u2026. \u0111\u1ec1u ngon mi\u1ec7ng. S\u1ea3n ph\u1ea9m s\u1ebd gi\u00fap gia \u0111\u00ecnh c\u00f3 nhi\u1ec1u th\u1eddi gian b\u00ean nhau c\u00f9ng nhau t\u1eadn h\u01b0\u1edfng nh\u1eefng gi\u00e2y ph\u00fat tuy\u1ec7t v\u1eddi.<\/p>\n<p><img loading=\"lazy\" decoding=\"async\" class=\"aligncenter\" src=\"https:\/\/havamall.vn\/wp-content\/uploads\/2021\/08\/bat-bun-moc.jpg\" alt=\"C\u00e1ch N\u1ea5u B\u00fan M\u1ecdc D\u1ecdc M\u00f9ng Ngon Chu\u1ea9n V\u1ecb H\u00e0 N\u1ed9i\" width=\"709\" height=\"399\" \/><\/p>\n<h3><strong>H\u01b0\u1edbng d\u1eabn s\u1eed d\u1ee5ng:<\/strong><\/h3>\n<p>&#8211; Ng\u00e2m trong n\u01b0\u1edbc l\u1ea1nh 5-10 ph\u00fat<\/p>\n<p>&#8211; N\u1ea5u trong n\u01b0\u1edbc s\u00f4i 5 ph\u00fat, v\u1edbt ra x\u1ea3 l\u1ea1i b\u1eb1ng n\u01b0\u1edbc l\u1ea1nh v\u00e0 s\u1eed d\u1ee5ng.<\/p>\n<p>&#8211; X\u00e0o m\u1edbi t\u00f4m, tr\u1ee9ng, th\u1ecbt\u2026<\/p>\n<p>&#8211; N\u1ea5u v\u1edbi n\u01b0\u1edbc l\u00e8o g\u00e0, heo<\/p>\n<p>&#8211; S\u1eed d\u1ee5ng v\u1edbi c\u00e1c lo\u1ea1i l\u1ea9u, d\u00f9ng nh\u01b0 b\u00fan t\u01b0\u01a1i<\/p>\n<p>S\u1ea3n ph\u1ea9m hi\u1ec7n \u0111\u00e3 c\u00f3 m\u1eb7t t\u1ea1i Havamall.<\/p>\n<\/div>","protected":false},"excerpt":{"rendered":"<p>TH\u00d4NG TIN S\u1ea2N PH\u1ea8M Th\u01b0\u01a1ng hi\u1ec7u Vietsuisse Xu\u1ea5t x\u1ee9 Vi\u1ec7t Nam Th\u00e0nh ph\u1ea7n 100% g\u1ea1o h\u1eefu c\u01a1 H\u1ea1n s\u1eed d\u1ee5ng<\/p>","protected":false},"featured_media":21489,"comment_status":"open","ping_status":"closed","template":"","meta":[],"product_brand":[],"product_cat":[256,36,134],"product_tag":[],"class_list":{"0":"post-21484","1":"product","2":"type-product","3":"status-publish","4":"has-post-thumbnail","6":"product_cat-thuc-pham-huu-co","7":"product_cat-thuc-pham-tieu-dung","8":"product_cat-thucpham-saykho","10":"first","11":"outofstock","12":"sale","13":"shipping-taxable","14":"purchasable","15":"product-type-simple"},"_links":{"self":[{"href":"https:\/\/havamall.vn\/en\/wp-json\/wp\/v2\/product\/21484"}],"collection":[{"href":"https:\/\/havamall.vn\/en\/wp-json\/wp\/v2\/product"}],"about":[{"href":"https:\/\/havamall.vn\/en\/wp-json\/wp\/v2\/types\/product"}],"replies":[{"embeddable":true,"href":"https:\/\/havamall.vn\/en\/wp-json\/wp\/v2\/comments?post=21484"}],"version-history":[{"count":0,"href":"https:\/\/havamall.vn\/en\/wp-json\/wp\/v2\/product\/21484\/revisions"}],"wp:featuredmedia":[{"embeddable":true,"href":"https:\/\/havamall.vn\/en\/wp-json\/wp\/v2\/media\/21489"}],"wp:attachment":[{"href":"https:\/\/havamall.vn\/en\/wp-json\/wp\/v2\/media?parent=21484"}],"wp:term":[{"taxonomy":"product_brand","embeddable":true,"href":"https:\/\/havamall.vn\/en\/wp-json\/wp\/v2\/product_brand?post=21484"},{"taxonomy":"product_cat","embeddable":true,"href":"https:\/\/havamall.vn\/en\/wp-json\/wp\/v2\/product_cat?post=21484"},{"taxonomy":"product_tag","embeddable":true,"href":"https:\/\/havamall.vn\/en\/wp-json\/wp\/v2\/product_tag?post=21484"}],"curies":[{"name":"wp","href":"https:\/\/api.w.org\/{rel}","templated":true}]}}