{"id":21400,"date":"2021-08-24T09:25:54","date_gmt":"2021-08-24T02:25:54","guid":{"rendered":"https:\/\/havamall.vn\/?post_type=product&#038;p=21400"},"modified":"2021-08-24T16:43:06","modified_gmt":"2021-08-24T09:43:06","slug":"da-muoi-himalaya-dang-min-bio-planet-600gr-himalayan-salt-fine","status":"publish","type":"product","link":"https:\/\/havamall.vn\/en\/shop\/da-muoi-himalaya-dang-min-bio-planet-600gr-himalayan-salt-fine\/","title":{"rendered":"\u0110\u00e1 Mu\u1ed1i Himalaya D\u1ea1ng M\u1ecbn Bio Planet 600gr &#8211; Himalayan Salt Fine"},"content":{"rendered":"<h4><strong>Mu\u1ed1i h\u1ed3ng Himalaya l\u00e0 g\u00ec?<\/strong><\/h4>\n<p>Mu\u1ed1i h\u1ed3ng Himalaya l\u00e0 mu\u1ed1i m\u00e0u h\u1ed3ng \u0111\u01b0\u1ee3c chi\u1ebft xu\u1ea5t t\u1eeb m\u1ecf mu\u1ed1i Khewra, n\u1eb1m g\u1ea7n d\u00e3y Himalaya \u1edf Pakistan. Mu\u1ed1i h\u1ed3ng Himalaya \u0111\u01b0\u1ee3c thu ho\u1ea1ch t\u1eeb m\u1ecf n\u00e0y \u0111\u00e3 \u0111\u01b0\u1ee3c h\u00ecnh th\u00e0nh t\u1eeb h\u00e0ng tri\u1ec7u n\u0103m tr\u01b0\u1edbc t\u1eeb s\u1ef1 b\u1ed1c h\u01a1i c\u1ee7a c\u00e1c ngu\u1ed3n n\u01b0\u1edbc c\u1ed5 x\u01b0a. \u0110\u1eb7c bi\u1ec7t mu\u1ed1i Himalaya ho\u00e0n to\u00e0n l\u00e0 100% t\u1ef1 nhi\u00ean v\u00e0 kh\u00f4ng h\u00f3a ch\u1ea5t, ph\u1ea9m nhu\u1ed9m.<\/p>\n<p><img fetchpriority=\"high\" decoding=\"async\" class=\"wp-image-21407 aligncenter\" src=\"https:\/\/havamall.vn\/wp-content\/uploads\/2021\/08\/MU\u1ed0I-H\u1ed2NG-H\u1ea0T-3-300x201.jpg\" alt=\"\" width=\"700\" height=\"469\" srcset=\"https:\/\/havamall.vn\/wp-content\/uploads\/2021\/08\/MU\u1ed0I-H\u1ed2NG-H\u1ea0T-3-300x201.jpg 300w, https:\/\/havamall.vn\/wp-content\/uploads\/2021\/08\/MU\u1ed0I-H\u1ed2NG-H\u1ea0T-3-430x288.jpg 430w, https:\/\/havamall.vn\/wp-content\/uploads\/2021\/08\/MU\u1ed0I-H\u1ed2NG-H\u1ea0T-3-150x100.jpg 150w, https:\/\/havamall.vn\/wp-content\/uploads\/2021\/08\/MU\u1ed0I-H\u1ed2NG-H\u1ea0T-3-700x468.jpg 700w, https:\/\/havamall.vn\/wp-content\/uploads\/2021\/08\/MU\u1ed0I-H\u1ed2NG-H\u1ea0T-3.jpg 768w, https:\/\/havamall.vn\/wp-content\/uploads\/2021\/08\/MU\u1ed0I-H\u1ed2NG-H\u1ea0T-3-600x402.jpg 600w\" sizes=\"(max-width: 700px) 100vw, 700px\" \/><\/p>\n<h4><strong>C\u00f4ng d\u1ee5ng c\u1ee7a mu\u1ed1i h\u1ed3ng Himalaya:<\/strong><\/h4>\n<p>Mu\u1ed1i H\u1ed3ng Himalaya c\u00f3 t\u00e1c d\u1ee5ng g\u00ec m\u00e0 \u0111\u01b0\u1ee3c nhi\u1ec1u ch\u1ecb em s\u0103n l\u00f9ng nhi\u1ec1u \u0111\u1ebfn th\u1ebf? C\u00f9ng Havamall \u0111i\u1ec3m qua m\u1ed9t s\u1ed1 l\u1ee3i \u00edch c\u1ee7a mu\u1ed1i h\u1ed3ng.<\/p>\n<p>Mu\u1ed1i h\u1ed3ng Himalaya n\u1ed5i ti\u1ebfng b\u1edfi \u0111\u1ed9 tinh khi\u1ebft tuy\u1ec7t v\u1eddi v\u00e0 h\u00e0m l\u01b0\u1ee3ng kho\u00e1ng v\u00e0 nguy\u00ean t\u1ed1 vi l\u01b0\u1ee3ng r\u1ea5t cao (trong \u0111\u00f3 c\u00f3 s\u1eaft, potassium, magnesium, manga, canxi, \u0111\u1ed3ng, phospho, k\u1ebdm) M\u00e0u \u0111\u1ecf h\u1ed3ng c\u1ee7a mu\u1ed1i l\u00e0 bi\u1ec3u hi\u1ec7n c\u1ee7a s\u1ef1 hi\u1ec7n di\u1ec7n ch\u1ea5t s\u1eaft trong qu\u1eb7ng \u0111\u00e1 mu\u1ed1i.<\/p>\n<p style=\"text-align: center\"><img decoding=\"async\" class=\"alignnone  wp-image-21428\" src=\"https:\/\/havamall.vn\/wp-content\/uploads\/2021\/08\/213078627_1215716242174615_2214581074867926790_n-300x300.jpg\" alt=\"\" width=\"699\" height=\"699\" srcset=\"https:\/\/havamall.vn\/wp-content\/uploads\/2021\/08\/213078627_1215716242174615_2214581074867926790_n-300x300.jpg 300w, https:\/\/havamall.vn\/wp-content\/uploads\/2021\/08\/213078627_1215716242174615_2214581074867926790_n-430x430.jpg 430w, https:\/\/havamall.vn\/wp-content\/uploads\/2021\/08\/213078627_1215716242174615_2214581074867926790_n-150x150.jpg 150w, https:\/\/havamall.vn\/wp-content\/uploads\/2021\/08\/213078627_1215716242174615_2214581074867926790_n-700x700.jpg 700w, https:\/\/havamall.vn\/wp-content\/uploads\/2021\/08\/213078627_1215716242174615_2214581074867926790_n-768x768.jpg 768w, https:\/\/havamall.vn\/wp-content\/uploads\/2021\/08\/213078627_1215716242174615_2214581074867926790_n-1024x1024.jpg 1024w, https:\/\/havamall.vn\/wp-content\/uploads\/2021\/08\/213078627_1215716242174615_2214581074867926790_n-1200x1200.jpg 1200w, https:\/\/havamall.vn\/wp-content\/uploads\/2021\/08\/213078627_1215716242174615_2214581074867926790_n-600x600.jpg 600w, https:\/\/havamall.vn\/wp-content\/uploads\/2021\/08\/213078627_1215716242174615_2214581074867926790_n-100x100.jpg 100w, https:\/\/havamall.vn\/wp-content\/uploads\/2021\/08\/213078627_1215716242174615_2214581074867926790_n.jpg 1800w\" sizes=\"(max-width: 699px) 100vw, 699px\" \/><\/p>\n<p>&#8211; Ch\u1ed1ng l\u00e3o h\u00f3a; Th\u1ea3i \u0111\u1ed9c, \u0111\u00e0o th\u1ea3i c\u00e1c \u0111\u1ed9c t\u1ed1 g\u00e2y oxy ho\u00e1 c\u01a1 th\u1ec3. Gi\u1ea3i \u0111\u1ed9c b\u1edfi c\u00e1c kim lo\u1ea1i n\u1eb7ng.<\/p>\n<p>&#8211; Tr\u1ecb c\u0103ng c\u01a1, chu\u1ed9t r\u00fat. Gi\u1ea3m t\u00e1o b\u00f3n, r\u1ed1i lo\u1ea1n ti\u00eau h\u00f3a.<\/p>\n<p>&#8211; Gi\u1ea3i \u0111\u1ed9c m\u00e1u. T\u0103ng c\u01b0\u1eddng l\u01b0u th\u00f4ng m\u00e1u.<\/p>\n<p>&#8211; \u0110i\u1ec1u ch\u1ec9nh l\u01b0\u1ee3ng n\u01b0\u1edbc b\u00ean trong v\u00e0 b\u00ean ngo\u00e0i t\u1ebf b\u00e0o.<\/p>\n<p>&#8211; B\u1ed5 sung kho\u00e1ng ch\u1ea5t c\u1ea7n thi\u1ebft, b\u1ed5 sung d\u01b0\u1ee1ng ch\u1ea5t \u0111i\u1ec7n gi\u1ea3i quan tr\u1ecdng cho c\u01a1 th\u1ec3.<\/p>\n<p>&#8211; H\u1ed7 tr\u1ee3 c\u01a1 th\u1ec3 h\u1ea5p thu c\u00e1c ch\u1ea5t dinh d\u01b0\u1ee1ng khi d\u00f9ng trong n\u1ea5u \u0103n. Mu\u1ed1i Himalaya r\u1ea5t gi\u00e0u i-\u1ed1t.<\/p>\n<p><img decoding=\"async\" class=\"wp-image-21410 aligncenter\" src=\"https:\/\/havamall.vn\/wp-content\/uploads\/2021\/08\/MU\u1ed0I-H\u1ed2NG-M\u1ecaN-4-300x200.jpg\" alt=\"\" width=\"701\" height=\"467\" srcset=\"https:\/\/havamall.vn\/wp-content\/uploads\/2021\/08\/MU\u1ed0I-H\u1ed2NG-M\u1ecaN-4-300x200.jpg 300w, https:\/\/havamall.vn\/wp-content\/uploads\/2021\/08\/MU\u1ed0I-H\u1ed2NG-M\u1ecaN-4-430x287.jpg 430w, https:\/\/havamall.vn\/wp-content\/uploads\/2021\/08\/MU\u1ed0I-H\u1ed2NG-M\u1ecaN-4-150x100.jpg 150w, https:\/\/havamall.vn\/wp-content\/uploads\/2021\/08\/MU\u1ed0I-H\u1ed2NG-M\u1ecaN-4-700x467.jpg 700w, https:\/\/havamall.vn\/wp-content\/uploads\/2021\/08\/MU\u1ed0I-H\u1ed2NG-M\u1ecaN-4-768x512.jpg 768w, https:\/\/havamall.vn\/wp-content\/uploads\/2021\/08\/MU\u1ed0I-H\u1ed2NG-M\u1ecaN-4-600x400.jpg 600w, https:\/\/havamall.vn\/wp-content\/uploads\/2021\/08\/MU\u1ed0I-H\u1ed2NG-M\u1ecaN-4.jpg 846w\" sizes=\"(max-width: 701px) 100vw, 701px\" \/><\/p>\n<h4><strong>H\u01b0\u1edbng d\u1eabn s\u1eed d\u1ee5ng:<\/strong><\/h4>\n<p>&#8211; D\u00f9ng n\u1ea5u n\u01b0\u1edbng, n\u00eam m\u00f3n \u0103n.<\/p>\n<p>&#8211; Ng\u00e2m t\u1eafm b\u1ed3n: L\u1ea5y m\u1ed9t l\u01b0\u1ee3ng mu\u1ed1i v\u1eeba \u0111\u1ee7 ho\u00e0 v\u00e0o n\u01b0\u1edbc \u1ea9m kho\u1ea3ng 36-37\u00b0C v\u00e0 ng\u00e2m m\u00ecnh trong n\u01b0\u1edbc mu\u1ed1i kho\u1ea3ng t\u1eeb 20-30 ph\u00fat gi\u00fap th\u01b0 gi\u00e3n, th\u1ea3i \u0111\u1ed9c. Sau \u0111\u00f3 lau kh\u00f4, kh\u00f4ng r\u1eeda l\u1ea1i.<\/p>\n<p>&#8211; Gi\u1ea3m s\u01b0ng b\u1ecdng m\u1eaft: Pha lo\u00e3ng m\u1ed9t mu\u1ed7ng caf\u00e9 mu\u1ed1i v\u00e0o m\u1ed9t ly n\u01b0\u1edbc n\u00f3ng, ng\u00e2m \u01b0\u1edbt mi\u1ebfng b\u00f4ng g\u00f2n trong h\u1ed7n h\u1ee3p n\u01b0\u1edbc mu\u1ed1i. Sau \u0111\u00f3 \u0111\u1eafp mi\u1ebfng b\u00f4ng g\u00f2n l\u00ean ch\u1ed7 m\u1eaft b\u1ecb s\u01b0ng b\u1ecdng trong v\u00f2ng 5-10 ph\u00fat.<\/p>\n<p><img loading=\"lazy\" decoding=\"async\" class=\"alignnone  wp-image-21429 aligncenter\" src=\"https:\/\/havamall.vn\/wp-content\/uploads\/2021\/08\/214035011_1215716175507955_5659995972129853546_n-300x300.jpg\" alt=\"\" width=\"700\" height=\"700\" srcset=\"https:\/\/havamall.vn\/wp-content\/uploads\/2021\/08\/214035011_1215716175507955_5659995972129853546_n-300x300.jpg 300w, https:\/\/havamall.vn\/wp-content\/uploads\/2021\/08\/214035011_1215716175507955_5659995972129853546_n-430x430.jpg 430w, https:\/\/havamall.vn\/wp-content\/uploads\/2021\/08\/214035011_1215716175507955_5659995972129853546_n-150x150.jpg 150w, https:\/\/havamall.vn\/wp-content\/uploads\/2021\/08\/214035011_1215716175507955_5659995972129853546_n-700x700.jpg 700w, https:\/\/havamall.vn\/wp-content\/uploads\/2021\/08\/214035011_1215716175507955_5659995972129853546_n-768x768.jpg 768w, https:\/\/havamall.vn\/wp-content\/uploads\/2021\/08\/214035011_1215716175507955_5659995972129853546_n-1024x1024.jpg 1024w, https:\/\/havamall.vn\/wp-content\/uploads\/2021\/08\/214035011_1215716175507955_5659995972129853546_n-1200x1200.jpg 1200w, https:\/\/havamall.vn\/wp-content\/uploads\/2021\/08\/214035011_1215716175507955_5659995972129853546_n-600x600.jpg 600w, https:\/\/havamall.vn\/wp-content\/uploads\/2021\/08\/214035011_1215716175507955_5659995972129853546_n-100x100.jpg 100w, https:\/\/havamall.vn\/wp-content\/uploads\/2021\/08\/214035011_1215716175507955_5659995972129853546_n.jpg 1800w\" sizes=\"(max-width: 700px) 100vw, 700px\" \/><\/p>\n<p>&#8211; T\u1ea9y t\u1ebf b\u00e0o ch\u1ebft: L\u1ea5y m\u1ed9t l\u01b0\u1ee3ng mu\u1ed1i c\u1ea7n thi\u1ebft cho nhu c\u1ea7u s\u1eed d\u1ee5ng v\u00e0o m\u1ed9t h\u1ed9p \u0111\u1ef1ng, \u0111\u1ed5 th\u00eam m\u1ed9t \u00edt d\u1ea7u th\u1ef1c v\u1eadt tu\u1ef3 theo l\u00e0n da v\u00e0 s\u1edf th\u00edch (d\u1ea7u jojoba, d\u1ea7u h\u1ea1nh nh\u00e2n, d\u1ea7u d\u1eeba\u2026), c\u00f3 th\u1ec3 cho th\u00eam m\u1ed9t v\u00e0i gi\u1ecdt tinh d\u1ea7u v\u00e0o h\u1ed7n h\u1ee3p. Sau \u0111\u00f3 xoa m\u1ed9t \u00edt h\u1ed7n h\u1ee3p l\u00ean m\u1eb7t v\u00e0 ch\u00e0 nh\u1eb9 theo h\u01b0\u1edbng v\u00f2ng tr\u00f2n t\u1eeb trong ra ngo\u00e0i. R\u1eeda m\u1eb7t l\u1ea1i b\u1eb1ng n\u01b0\u1edbc \u1ea5m.<\/p>\n<p>&#8211; Ng\u00e2m ch\u00e2n: Cho m\u1ed9t l\u01b0\u1ee3ng mu\u1ed1i v\u00e0 v\u1eeba \u0111\u1ee7 v\u00e0o ch\u1eadu n\u01b0\u1edbc \u1ea5m v\u00e0 ng\u00e2m ch\u00e2n trong v\u00f2ng kho\u1ea3ng 20 ph\u00fat, gi\u00fap tu\u1ea7n ho\u00e0n m\u00e1u, l\u01b0u th\u00f4ng kh\u00ed huy\u1ebft, th\u01b0 gi\u00e3n.<\/p>\n<p>&nbsp;<\/p>\n<p><img loading=\"lazy\" decoding=\"async\" class=\"wp-image-21414 aligncenter\" src=\"https:\/\/havamall.vn\/wp-content\/uploads\/2021\/08\/5082aca4f4cc535fc647d8221f001f0d-300x300.jpg\" alt=\"\" width=\"700\" height=\"700\" srcset=\"https:\/\/havamall.vn\/wp-content\/uploads\/2021\/08\/5082aca4f4cc535fc647d8221f001f0d-300x300.jpg 300w, https:\/\/havamall.vn\/wp-content\/uploads\/2021\/08\/5082aca4f4cc535fc647d8221f001f0d-430x430.jpg 430w, https:\/\/havamall.vn\/wp-content\/uploads\/2021\/08\/5082aca4f4cc535fc647d8221f001f0d-150x150.jpg 150w, https:\/\/havamall.vn\/wp-content\/uploads\/2021\/08\/5082aca4f4cc535fc647d8221f001f0d-700x700.jpg 700w, https:\/\/havamall.vn\/wp-content\/uploads\/2021\/08\/5082aca4f4cc535fc647d8221f001f0d-768x768.jpg 768w, https:\/\/havamall.vn\/wp-content\/uploads\/2021\/08\/5082aca4f4cc535fc647d8221f001f0d-1024x1024.jpg 1024w, https:\/\/havamall.vn\/wp-content\/uploads\/2021\/08\/5082aca4f4cc535fc647d8221f001f0d-600x600.jpg 600w, https:\/\/havamall.vn\/wp-content\/uploads\/2021\/08\/5082aca4f4cc535fc647d8221f001f0d-100x100.jpg 100w, https:\/\/havamall.vn\/wp-content\/uploads\/2021\/08\/5082aca4f4cc535fc647d8221f001f0d.jpg 1080w\" sizes=\"(max-width: 700px) 100vw, 700px\" \/><\/p>\n<p>&nbsp;<\/p>\n<p><strong>B\u1ea3o qu\u1ea3n: <\/strong>B\u1ea3o qu\u1ea3n\u00a0s\u1ea3n ph\u1ea9m \u1edf n\u01a1i kh\u00f4 r\u00e1o tho\u00e1ng m\u00e1t tr\u00e1nh ti\u1ebfp x\u00fac tr\u1ef1c ti\u1ebfp \u00e1nh s\u00e1ng v\u00e0 kh\u00f4ng kh\u00ed.<\/p>\n<p><strong>Th\u00e0nh ph\u1ea7n:<\/strong> 100% mu\u1ed1i h\u1ed3ng Himalaya kh\u00f4ng qua tinh ch\u1ebf<\/p>\n<p><strong>H\u1ea1n s\u1eed d\u1ee5ng:<\/strong> 4 n\u0103m k\u1ec3 t\u1eeb ng\u00e0y s\u1ea3n xu\u1ea5t<\/p>\n<p><strong>Xu\u1ea5t x\u1ee9:<\/strong> Pakistan<\/p>","protected":false},"excerpt":{"rendered":"<p>Mu\u1ed1i h\u1ed3ng Himalaya l\u00e0 g\u00ec? Mu\u1ed1i h\u1ed3ng Himalaya l\u00e0 mu\u1ed1i m\u00e0u h\u1ed3ng \u0111\u01b0\u1ee3c chi\u1ebft xu\u1ea5t t\u1eeb m\u1ecf mu\u1ed1i Khewra, n\u1eb1m<\/p>","protected":false},"featured_media":21415,"comment_status":"open","ping_status":"closed","template":"","meta":[],"product_brand":[],"product_cat":[36],"product_tag":[],"class_list":{"0":"post-21400","1":"product","2":"type-product","3":"status-publish","4":"has-post-thumbnail","6":"product_cat-thuc-pham-tieu-dung","8":"first","9":"instock","10":"sale","11":"shipping-taxable","12":"purchasable","13":"product-type-simple"},"_links":{"self":[{"href":"https:\/\/havamall.vn\/en\/wp-json\/wp\/v2\/product\/21400"}],"collection":[{"href":"https:\/\/havamall.vn\/en\/wp-json\/wp\/v2\/product"}],"about":[{"href":"https:\/\/havamall.vn\/en\/wp-json\/wp\/v2\/types\/product"}],"replies":[{"embeddable":true,"href":"https:\/\/havamall.vn\/en\/wp-json\/wp\/v2\/comments?post=21400"}],"version-history":[{"count":0,"href":"https:\/\/havamall.vn\/en\/wp-json\/wp\/v2\/product\/21400\/revisions"}],"wp:featuredmedia":[{"embeddable":true,"href":"https:\/\/havamall.vn\/en\/wp-json\/wp\/v2\/media\/21415"}],"wp:attachment":[{"href":"https:\/\/havamall.vn\/en\/wp-json\/wp\/v2\/media?parent=21400"}],"wp:term":[{"taxonomy":"product_brand","embeddable":true,"href":"https:\/\/havamall.vn\/en\/wp-json\/wp\/v2\/product_brand?post=21400"},{"taxonomy":"product_cat","embeddable":true,"href":"https:\/\/havamall.vn\/en\/wp-json\/wp\/v2\/product_cat?post=21400"},{"taxonomy":"product_tag","embeddable":true,"href":"https:\/\/havamall.vn\/en\/wp-json\/wp\/v2\/product_tag?post=21400"}],"curies":[{"name":"wp","href":"https:\/\/api.w.org\/{rel}","templated":true}]}}