{"id":21391,"date":"2021-08-23T17:40:16","date_gmt":"2021-08-23T10:40:16","guid":{"rendered":"https:\/\/havamall.vn\/?post_type=product&#038;p=21391"},"modified":"2023-03-20T13:39:51","modified_gmt":"2023-03-20T06:39:51","slug":"hat-hanh-nhan-tach-vo-huu-co-markal-250gr-organic-raw-almond","status":"publish","type":"product","link":"https:\/\/havamall.vn\/en\/shop\/hat-hanh-nhan-tach-vo-huu-co-markal-250gr-organic-raw-almond\/","title":{"rendered":"H\u1ea1t H\u1ea1nh Nh\u00e2n T\u00e1ch V\u1ecf H\u1eefu C\u01a1 Markal 250gr &#8211; Organic Raw Almond"},"content":{"rendered":"<p>Khi nh\u1eafc \u0111\u1ebfn nh\u1eefng th\u01b0\u01a1ng hi\u1ec7u v\u1edbi c\u00f4ng ngh\u1ec7 s\u1ea3n xu\u1ea5t th\u1ef1c ph\u1ea9m h\u1eefu c\u01a1 kh\u00f4ng th\u1ec3 kh\u00f4ng nh\u1eafc \u0111\u1ebfn th\u01b0\u01a1ng hi\u1ec7u Markal \u0111\u1ebfn t\u1eeb Ph\u00e1p.<\/p>\n<p>Markal kh\u00f4ng ch\u1ec9 bi\u1ebft \u0111\u1ebfn l\u00e0 th\u01b0\u01a1ng hi\u1ec7u s\u1ea3n xu\u1ea5t s\u1ea3n ph\u1ea9m t\u1eeb l\u00faa m\u1ea1ch, m\u00e0 t\u1ea1i \u0111\u00e2y, c\u00f2n s\u1ea3n xu\u1ea5t c\u00e1c lo\u1ea1i h\u1ea1t, lo\u1ea1i \u0111\u1eadu h\u1eefu c\u01a1. T\u1eeb kh\u00e2u ch\u1ecdn gi\u1ed1ng c\u00e2y tr\u1ed3ng, \u0111\u1ebfn qu\u00e1 tr\u00ecnh ch\u0103m s\u00f3c: \u0111\u1ea5t, ngu\u1ed3n n\u01b0\u1edbc t\u01b0\u1edbi ti\u00eau \u0111\u1ec1u \u0111\u1ea3m b\u1ea3o s\u1ea1ch, tr\u00e1nh xa m\u00f4i tr\u01b0\u1eddng \u00f4 nhi\u1ec5m.<\/p>\n<p>Hi\u1ec7n nay, c\u00e1c s\u1ea3n ph\u1ea9m c\u1ee7a Markal \u0111\u01b0\u1ee3c xu\u1ea5t kh\u1ea9u \u1edf nhi\u1ec1u n\u01b0\u1edbc tr\u00ean th\u1ebf gi\u1edbi, ri\u00eang n\u01b0\u1edbc Ph\u00e1p, th\u01b0\u01a1ng hi\u1ec7u Markal c\u00f3 m\u1eb7t tr\u00ean 900 c\u1eeda h\u00e0ng l\u1edbn, nh\u1ecf. V\u00e0 h\u00f4m nay, nh\u1eefng s\u1ea3n ph\u1ea9m c\u1ee7a Markal \u0111\u00e3 c\u00f3 m\u1eb7t t\u1ea1i Havamall.<\/p>\n<p>T\u1ea5t c\u1ea3 c\u00e1c s\u1ea3n ph\u1ea9m c\u1ee7a Markal \u0111\u1ec1u \u0111\u01b0\u1ee3c c\u1ea5p gi\u1ea5y ch\u1ee9ng nh\u1eadn h\u1eefu c\u01a1 c\u1ee7a AB, EU<\/p>\n<p style=\"text-align: center\"><img fetchpriority=\"high\" decoding=\"async\" class=\"alignnone wp-image-21322\" src=\"https:\/\/havamall.vn\/wp-content\/uploads\/2021\/08\/\u0110\u1eacU-2-300x120.jpg\" alt=\"\" width=\"651\" height=\"260\" srcset=\"https:\/\/havamall.vn\/wp-content\/uploads\/2021\/08\/\u0110\u1eacU-2-300x120.jpg 300w, https:\/\/havamall.vn\/wp-content\/uploads\/2021\/08\/\u0110\u1eacU-2-430x172.jpg 430w, https:\/\/havamall.vn\/wp-content\/uploads\/2021\/08\/\u0110\u1eacU-2-150x60.jpg 150w, https:\/\/havamall.vn\/wp-content\/uploads\/2021\/08\/\u0110\u1eacU-2-700x280.jpg 700w, https:\/\/havamall.vn\/wp-content\/uploads\/2021\/08\/\u0110\u1eacU-2-768x307.jpg 768w, https:\/\/havamall.vn\/wp-content\/uploads\/2021\/08\/\u0110\u1eacU-2-1024x410.jpg 1024w, https:\/\/havamall.vn\/wp-content\/uploads\/2021\/08\/\u0110\u1eacU-2-1200x480.jpg 1200w, https:\/\/havamall.vn\/wp-content\/uploads\/2021\/08\/\u0110\u1eacU-2-600x240.jpg 600w\" sizes=\"(max-width: 651px) 100vw, 651px\" \/><\/p>\n<p>Khi nh\u1eafc \u0111\u1ebfn c\u00e1c lo\u1ea1i h\u1ea1t dinh d\u01b0\u1ee1ng th\u00ec h\u1ea1nh nh\u00e2n \u0111\u01b0\u1ee3c g\u1ecdi l\u00e0 \u201cn\u1eef ho\u00e0ng\u201d c\u1ee7a c\u00e1c lo\u1ea1i h\u1ea1t. Trong h\u1ea1nh nh\u00e2n, c\u00f3 ch\u1ee9a r\u1ea5t nhi\u1ec1u d\u01b0\u1ee1ng ch\u1ea5t t\u1ed1t cho s\u1ee9c kh\u1ecfe, \u0111\u1eb7c bi\u1ec7t l\u00e0 t\u1ed1t cho h\u1ec7 tim m\u1ea1ch nh\u01b0 magie, vitamin, ch\u1ea5t x\u01a1, ch\u1ea5t b\u00e9o,\u2026<\/p>\n<p>H\u1ea1t h\u1ea1nh nh\u00e2n h\u1eefu c\u01a1 Markal v\u1edbi ngu\u1ed3n nguy\u00ean li\u1ec7u xu\u1ea5t x\u1ee9 t\u1eeb T\u00e2y Ban Nha.\u00a0S\u1ea3n ph\u1ea9m \u0111\u01b0\u1ee3c ch\u1ee9ng nh\u1eadn h\u1eefu c\u01a1 theo c\u1ea3 ti\u00eau chu\u1ea9n EU, AE.<\/p>\n<p><img decoding=\"async\" class=\"wp-image-21394 aligncenter\" src=\"https:\/\/havamall.vn\/wp-content\/uploads\/2021\/08\/H\u1ea0NH-NH\u00c2N-1-300x300.jpg\" alt=\"\" width=\"651\" height=\"651\" srcset=\"https:\/\/havamall.vn\/wp-content\/uploads\/2021\/08\/H\u1ea0NH-NH\u00c2N-1-300x300.jpg 300w, https:\/\/havamall.vn\/wp-content\/uploads\/2021\/08\/H\u1ea0NH-NH\u00c2N-1-430x430.jpg 430w, https:\/\/havamall.vn\/wp-content\/uploads\/2021\/08\/H\u1ea0NH-NH\u00c2N-1-150x150.jpg 150w, https:\/\/havamall.vn\/wp-content\/uploads\/2021\/08\/H\u1ea0NH-NH\u00c2N-1-700x700.jpg 700w, https:\/\/havamall.vn\/wp-content\/uploads\/2021\/08\/H\u1ea0NH-NH\u00c2N-1-768x768.jpg 768w, https:\/\/havamall.vn\/wp-content\/uploads\/2021\/08\/H\u1ea0NH-NH\u00c2N-1-1024x1024.jpg 1024w, https:\/\/havamall.vn\/wp-content\/uploads\/2021\/08\/H\u1ea0NH-NH\u00c2N-1-1200x1200.jpg 1200w, https:\/\/havamall.vn\/wp-content\/uploads\/2021\/08\/H\u1ea0NH-NH\u00c2N-1-600x600.jpg 600w, https:\/\/havamall.vn\/wp-content\/uploads\/2021\/08\/H\u1ea0NH-NH\u00c2N-1-100x100.jpg 100w, https:\/\/havamall.vn\/wp-content\/uploads\/2021\/08\/H\u1ea0NH-NH\u00c2N-1.jpg 2000w\" sizes=\"(max-width: 651px) 100vw, 651px\" \/><\/p>\n<h4><strong>C\u00d4NG D\u1ee4NG C\u1ee6A H\u1ea0NH NH\u00c2N<\/strong><\/h4>\n<ol>\n<li style=\"font-weight: 400\"><span style=\"font-weight: 400\"><strong>C\u1ea3i thi\u1ec7n tr\u00ed nh\u1edb:<\/strong>\u00a0S\u1eed d\u1ee5ng h\u1ea1t h\u1ea1nh nh\u00e2n h\u1eefu c\u01a1 s\u1ebd h\u1ed7 tr\u1ee3 cho b\u1ea1n kh\u1ea3 n\u0103ng ph\u00e1t tri\u1ec3n n\u0103ng l\u1ef1c nh\u1eadn th\u1ee9c, t\u0103ng s\u1ef1 ho\u1ea1t \u0111\u1ed9ng nhanh nh\u1ea1y c\u1ee7a tr\u00ed n\u00e3o, tinh th\u1ea7n \u0111\u01b0\u1ee3c tho\u1ea3i m\u00e1i v\u00e0 gi\u1ea3m stress<\/span><\/li>\n<li style=\"font-weight: 400\"><span style=\"font-weight: 400\"><strong>T\u1ed1t cho thai nhi:<\/strong>\u00a0T\u1eeb khi trong b\u1ee5ng m\u1eb9, thai nhi \u0111\u00e3 b\u1eaft \u0111\u1ea7u h\u1ea5p th\u1ee5 c\u00e1c d\u01b0\u1ee1ng ch\u1ea5t t\u1eeb nhi\u1ec1u ngu\u1ed3n th\u1ef1c ph\u1ea9m m\u1eb9 cung c\u1ea5p v\u00e0o. \u0110\u1ec3 thai nhi h\u1ea5p thu ch\u1ea5t acid-folic, ch\u1ea5t gi\u00fap tr\u00ed n\u00e3o b\u00e9 \u0111\u01b0\u1ee3c ph\u00e1t tri\u1ec3n, t\u0103ng h\u1ec7 mi\u1ec5n d\u1ecbch c\u01a1 th\u1ec3 v\u00e0 ph\u00f2ng tr\u00e1nh c\u00e1c d\u1ecb t\u1eadt b\u1ea9m sinh th\u00ec h\u1ea1t h\u1ea1nh nh\u00e2n h\u1eefu c\u01a1 t\u00e1ch v\u1ecf c\u1ee9ng s\u1ebd l\u00e0 s\u1ef1 l\u1ef1a ch\u1ecdn ho\u00e0n h\u1ea3o cho c\u1ea3 m\u1eb9 v\u00e0 thai nhi.<\/span><\/li>\n<li style=\"font-weight: 400\"><span style=\"font-weight: 400\"><strong>C\u00e2n b\u1eb1ng l\u01b0\u1ee3ng Cholesterol trong c\u01a1 th\u1ec3:<\/strong>\u00a0S\u1eed d\u1ee5ng h\u1ea1nh nh\u00e2n \u0111\u1ec1u \u0111\u1eb7n h\u1eb1ng ng\u00e0y s\u1ebd l\u00e0m l\u01b0\u1ee3ng Cholesterol t\u1ed1t \u0111\u01b0\u1ee3c t\u0103ng cao, gi\u1ea3m l\u01b0\u1ee3ng Cholesterol x\u1ea5u, gi\u00fap c\u01a1 th\u1ec3 kh\u1ecfe m\u1ea1nh, ph\u00f2ng ch\u1ed1ng b\u1ec7nh t\u1eadt.<\/span><\/li>\n<\/ol>\n<p><img decoding=\"async\" class=\"alignnone wp-image-21393 aligncenter\" src=\"https:\/\/havamall.vn\/wp-content\/uploads\/2021\/08\/H\u1ea0NH-NH\u00c2N-7-300x200.jpg\" alt=\"\" width=\"650\" height=\"433\" srcset=\"https:\/\/havamall.vn\/wp-content\/uploads\/2021\/08\/H\u1ea0NH-NH\u00c2N-7-300x200.jpg 300w, https:\/\/havamall.vn\/wp-content\/uploads\/2021\/08\/H\u1ea0NH-NH\u00c2N-7-430x286.jpg 430w, https:\/\/havamall.vn\/wp-content\/uploads\/2021\/08\/H\u1ea0NH-NH\u00c2N-7-150x100.jpg 150w, https:\/\/havamall.vn\/wp-content\/uploads\/2021\/08\/H\u1ea0NH-NH\u00c2N-7-600x399.jpg 600w, https:\/\/havamall.vn\/wp-content\/uploads\/2021\/08\/H\u1ea0NH-NH\u00c2N-7.jpg 700w\" sizes=\"(max-width: 650px) 100vw, 650px\" \/><\/p>\n<p>4<strong>.T\u1ed1t cho h\u1ec7 ti\u00eau h\u00f3a:<\/strong>\u00a0Trong h\u1ea1t h\u1ea1nh nh\u00e2n h\u1eefu c\u01a1 c\u00f3 ch\u1ee9a h\u00e0m l\u01b0\u1ee3ng ch\u1ea5t x\u01a1 r\u1ea5t cao, l\u00e0 ch\u1ea5t c\u1ea7n thi\u1ebft cho h\u1ec7 ti\u00eau h\u00f3a c\u1ee7a b\u1ea1n \u0111\u01b0\u1ee3c ho\u1ea1t \u0111\u1ed9ng b\u00ecnh th\u01b0\u1eddng.<\/p>\n<p>5<strong>. T\u1ed1t cho da v\u00e0 t\u00f3c:<\/strong>\u00a0H\u1ea1t h\u1ea1nh nh\u00e2n kh\u00f4ng ch\u1ec9 l\u00e0 th\u1ef1c ph\u1ea9m h\u1eefu c\u01a1 dinh d\u01b0\u1ee1ng m\u00e0 c\u00f2n l\u00e0 nguy\u00ean li\u1ec7u, s\u1ea3n ph\u1ea9m trong c\u00f4ng th\u1ee9c l\u00e0 \u0111\u1eb9p c\u1ee7a c\u00e1c ch\u1ecb em.<\/p>\n<p>6<strong>. Gi\u1ea3m b\u00e9o:\u00a0<\/strong>Nh\u1eefng nghi\u00ean c\u1ee9u khoa h\u1ecdc \u0111\u00e3 ch\u1ee9ng minh, ng\u01b0\u1eddi b\u00e9o ph\u00ec n\u00ean th\u01b0\u1eddng xuy\u00ean b\u1ed5 sung h\u1ea1t h\u1ea1nh nh\u00e2n v\u00e0o kh\u1ea9u ph\u1ea7n \u0103n h\u1eb1ng ng\u00e0y \u0111\u1ec3 ki\u1ec3m so\u00e1t tr\u1ecdng l\u01b0\u1ee3ng c\u01a1 th\u1ec3 t\u1ed1t h\u01a1n.<\/p>\n<p><img loading=\"lazy\" decoding=\"async\" class=\"wp-image-21395 aligncenter\" src=\"https:\/\/havamall.vn\/wp-content\/uploads\/2021\/08\/H\u1ea0NH-NH\u00c2N-5-300x169.jpg\" alt=\"\" width=\"650\" height=\"366\" srcset=\"https:\/\/havamall.vn\/wp-content\/uploads\/2021\/08\/H\u1ea0NH-NH\u00c2N-5-300x169.jpg 300w, https:\/\/havamall.vn\/wp-content\/uploads\/2021\/08\/H\u1ea0NH-NH\u00c2N-5-430x242.jpg 430w, https:\/\/havamall.vn\/wp-content\/uploads\/2021\/08\/H\u1ea0NH-NH\u00c2N-5-150x84.jpg 150w, https:\/\/havamall.vn\/wp-content\/uploads\/2021\/08\/H\u1ea0NH-NH\u00c2N-5-700x394.jpg 700w, https:\/\/havamall.vn\/wp-content\/uploads\/2021\/08\/H\u1ea0NH-NH\u00c2N-5-768x432.jpg 768w, https:\/\/havamall.vn\/wp-content\/uploads\/2021\/08\/H\u1ea0NH-NH\u00c2N-5-1024x576.jpg 1024w, https:\/\/havamall.vn\/wp-content\/uploads\/2021\/08\/H\u1ea0NH-NH\u00c2N-5-1200x675.jpg 1200w, https:\/\/havamall.vn\/wp-content\/uploads\/2021\/08\/H\u1ea0NH-NH\u00c2N-5-600x338.jpg 600w, https:\/\/havamall.vn\/wp-content\/uploads\/2021\/08\/H\u1ea0NH-NH\u00c2N-5.jpg 1920w\" sizes=\"(max-width: 650px) 100vw, 650px\" \/><\/p>\n<h4><strong>H\u01af\u1edaNG D\u1eaaN S\u1eec D\u1ee4NG V\u00c0 B\u1ea2O QU\u1ea2N<\/strong><\/h4>\n<p>B\u1ea1n c\u00f3 th\u1ec3 \u0103n h\u1ea1t h\u1ea1nh nh\u00e2n tr\u1ef1c ti\u1ebfp \u0111\u1ec3 c\u1ea3m nh\u1eadn h\u01b0\u01a1ng v\u1ecb t\u1ef1 nhi\u00ean c\u1ee7a h\u1ea1t. Ngo\u00e0i ra, b\u1ea1n c\u00f3 th\u1ec3 rang ch\u00edn h\u1ea1t h\u1ea1nh nh\u00e2n t\u1eeb 5-7 ph\u00fat \u0111\u1ec3 th\u01b0\u1edfng th\u1ee9c, ho\u1eb7c \u0103n h\u1ea1nh nh\u00e2n c\u00f9ng v\u1edbi s\u1eefa, b\u00e1nh,\u2026t\u00f9y theo s\u1edf th\u00edch c\u1ee7a m\u1ed7i ng\u01b0\u1eddi.<\/p>\n<p>B\u1ea3o qu\u1ea3n h\u1ea1t h\u1ea1nh nh\u00e2n h\u1eefu c\u01a1 \u1edf nh\u1eefng n\u01a1i kh\u00f4 r\u00e1o, tr\u00e1nh \u00e1nh n\u1eafng, nhi\u1ec7t \u0111\u1ed9 cao. Khi \u0111\u00e3 m\u1edf t\u00fai, s\u1eed d\u1ee5ng kh\u00f4ng h\u1ebft n\u00ean b\u1ecf v\u00e0o l\u1ecd th\u1ee7y tinh \u0111\u1eady n\u1eafp k\u00edn, tr\u00e1nh \u0111\u1ec3 h\u1ea1t b\u00ean ngo\u00e0i kh\u00f4ng kh\u00ed th\u1eddi gian l\u00e2u.<\/p>\n<p><img loading=\"lazy\" decoding=\"async\" class=\"alignnone wp-image-21396 aligncenter\" src=\"https:\/\/havamall.vn\/wp-content\/uploads\/2021\/08\/H\u1ea0NH-NH\u00c2N-4-300x200.jpg\" alt=\"\" width=\"650\" height=\"433\" srcset=\"https:\/\/havamall.vn\/wp-content\/uploads\/2021\/08\/H\u1ea0NH-NH\u00c2N-4-300x200.jpg 300w, https:\/\/havamall.vn\/wp-content\/uploads\/2021\/08\/H\u1ea0NH-NH\u00c2N-4-430x287.jpg 430w, https:\/\/havamall.vn\/wp-content\/uploads\/2021\/08\/H\u1ea0NH-NH\u00c2N-4-150x100.jpg 150w, https:\/\/havamall.vn\/wp-content\/uploads\/2021\/08\/H\u1ea0NH-NH\u00c2N-4-700x467.jpg 700w, https:\/\/havamall.vn\/wp-content\/uploads\/2021\/08\/H\u1ea0NH-NH\u00c2N-4-768x512.jpg 768w, https:\/\/havamall.vn\/wp-content\/uploads\/2021\/08\/H\u1ea0NH-NH\u00c2N-4-1024x683.jpg 1024w, https:\/\/havamall.vn\/wp-content\/uploads\/2021\/08\/H\u1ea0NH-NH\u00c2N-4-1200x800.jpg 1200w, https:\/\/havamall.vn\/wp-content\/uploads\/2021\/08\/H\u1ea0NH-NH\u00c2N-4-600x400.jpg 600w\" sizes=\"(max-width: 650px) 100vw, 650px\" \/><\/p>","protected":false},"excerpt":{"rendered":"<p>Khi nh\u1eafc \u0111\u1ebfn nh\u1eefng th\u01b0\u01a1ng hi\u1ec7u v\u1edbi c\u00f4ng ngh\u1ec7 s\u1ea3n xu\u1ea5t th\u1ef1c ph\u1ea9m h\u1eefu c\u01a1 kh\u00f4ng th\u1ec3 kh\u00f4ng nh\u1eafc \u0111\u1ebfn<\/p>","protected":false},"featured_media":21398,"comment_status":"open","ping_status":"closed","template":"","meta":[],"product_brand":[],"product_cat":[256,36,134],"product_tag":[],"class_list":{"0":"post-21391","1":"product","2":"type-product","3":"status-publish","4":"has-post-thumbnail","6":"product_cat-thuc-pham-huu-co","7":"product_cat-thuc-pham-tieu-dung","8":"product_cat-thucpham-saykho","9":"pa_brand-markal","11":"first","12":"outofstock","13":"sale","14":"shipping-taxable","15":"purchasable","16":"product-type-simple"},"_links":{"self":[{"href":"https:\/\/havamall.vn\/en\/wp-json\/wp\/v2\/product\/21391"}],"collection":[{"href":"https:\/\/havamall.vn\/en\/wp-json\/wp\/v2\/product"}],"about":[{"href":"https:\/\/havamall.vn\/en\/wp-json\/wp\/v2\/types\/product"}],"replies":[{"embeddable":true,"href":"https:\/\/havamall.vn\/en\/wp-json\/wp\/v2\/comments?post=21391"}],"version-history":[{"count":0,"href":"https:\/\/havamall.vn\/en\/wp-json\/wp\/v2\/product\/21391\/revisions"}],"wp:featuredmedia":[{"embeddable":true,"href":"https:\/\/havamall.vn\/en\/wp-json\/wp\/v2\/media\/21398"}],"wp:attachment":[{"href":"https:\/\/havamall.vn\/en\/wp-json\/wp\/v2\/media?parent=21391"}],"wp:term":[{"taxonomy":"product_brand","embeddable":true,"href":"https:\/\/havamall.vn\/en\/wp-json\/wp\/v2\/product_brand?post=21391"},{"taxonomy":"product_cat","embeddable":true,"href":"https:\/\/havamall.vn\/en\/wp-json\/wp\/v2\/product_cat?post=21391"},{"taxonomy":"product_tag","embeddable":true,"href":"https:\/\/havamall.vn\/en\/wp-json\/wp\/v2\/product_tag?post=21391"}],"curies":[{"name":"wp","href":"https:\/\/api.w.org\/{rel}","templated":true}]}}