{"id":21377,"date":"2021-08-23T17:08:36","date_gmt":"2021-08-23T10:08:36","guid":{"rendered":"https:\/\/havamall.vn\/?post_type=product&#038;p=21377"},"modified":"2022-06-01T13:54:09","modified_gmt":"2022-06-01T06:54:09","slug":"nui-huu-co-hinh-chu-probios-organic-shaped-noodles-400g","status":"publish","type":"product","link":"https:\/\/havamall.vn\/en\/shop\/nui-huu-co-hinh-chu-probios-organic-shaped-noodles-400g\/","title":{"rendered":"Nui H\u1eefu C\u01a1 H\u00ecnh Ch\u1eef &#8211; Probios Organic Shaped Noodles 400g"},"content":{"rendered":"<h3><strong>TH\u00d4NG TIN S\u1ea2N PH\u1ea8M<\/strong><\/h3>\n<table>\n<tbody>\n<tr>\n<td>Th\u01b0\u01a1ng hi\u1ec7u<\/td>\n<td>Probios<\/td>\n<\/tr>\n<tr>\n<td>Xu\u1ea5t x\u1ee9<\/td>\n<td>\u00dd<\/td>\n<\/tr>\n<tr>\n<td>Th\u00e0nh ph\u1ea7n<\/td>\n<td>B\u1ed9t ng\u00f4, n\u01b0\u1edbc<\/td>\n<\/tr>\n<tr>\n<td>H\u1ea1n s\u1eed d\u1ee5ng<\/td>\n<td>36 th\u00e1ng k\u1ec3 t\u1eeb ng\u00e0y s\u1ea3n xu\u1ea5t.<\/td>\n<\/tr>\n<tr>\n<td>B\u1ea3o qu\u1ea3n<\/td>\n<td>\u0110\u1ec3 n\u01a1i kh\u00f4 r\u00e1o, tho\u00e1ng m\u00e1t, tr\u00e1nh \u00e1nh n\u1eafng tr\u1ef1c ti\u1ebfp<\/td>\n<\/tr>\n<tr>\n<td>Kh\u1ed1i l\u01b0\u1ee3ng t\u1ecbnh<\/td>\n<td>400g<\/td>\n<\/tr>\n<\/tbody>\n<\/table>\n<p>ProBios \u0111\u01b0\u1ee3c th\u00e0nh l\u1eadp t\u1eeb n\u0103m 1978 t\u1ea1i Florence \u2013 \u00dd. ProBios. B\u1eb1ng vi\u1ec7c s\u1ea3n xu\u1ea5t th\u1ef1c ph\u1ea9m h\u1eefu c\u01a1, ProBios \u0111\u00e3 l\u1ef1a ch\u1ecdn c\u1ea9n th\u1eadn c\u00e1c ph\u01b0\u01a1ng ph\u00e1p tr\u1ed3ng tr\u1ecdt c\u1ee7a nguy\u00ean li\u1ec7u th\u00f4 t\u00f4n tr\u1ecdng con ng\u01b0\u1eddi v\u00e0 thi\u00ean nhi\u00ean, kh\u00f4ng ch\u1ea5p nh\u1eadn s\u1eed d\u1ee5ng thu\u1ed1c di\u1ec7t c\u1ecf, thu\u1ed1c di\u1ec7t k\u00fd sinh tr\u00f9ng, ph\u00e2n b\u00f3n h\u00f3a h\u1ecdc v\u00e0 t\u1ed5ng h\u1ee3p v\u00e0 c\u00e1c sinh v\u1eadt bi\u1ebfn \u0111\u1ed5i gen g\u00e2y \u00f4 nhi\u1ec5m tr\u00e1i \u0111\u1ea5t, n\u01b0\u1edbc v\u00e0 kh\u00f4ng kh\u00ed c\u1ee7a ch\u00fang ta.<\/p>\n<p><img fetchpriority=\"high\" decoding=\"async\" class=\"wp-image-21385 aligncenter\" src=\"https:\/\/havamall.vn\/wp-content\/uploads\/2021\/08\/LIK-233x300.png\" alt=\"\" width=\"704\" height=\"907\" srcset=\"https:\/\/havamall.vn\/wp-content\/uploads\/2021\/08\/LIK-233x300.png 233w, https:\/\/havamall.vn\/wp-content\/uploads\/2021\/08\/LIK-430x553.png 430w, https:\/\/havamall.vn\/wp-content\/uploads\/2021\/08\/LIK-150x193.png 150w, https:\/\/havamall.vn\/wp-content\/uploads\/2021\/08\/LIK-700x901.png 700w, https:\/\/havamall.vn\/wp-content\/uploads\/2021\/08\/LIK-768x988.png 768w, https:\/\/havamall.vn\/wp-content\/uploads\/2021\/08\/LIK-796x1024.png 796w, https:\/\/havamall.vn\/wp-content\/uploads\/2021\/08\/LIK-1200x1544.png 1200w, https:\/\/havamall.vn\/wp-content\/uploads\/2021\/08\/LIK-600x772.png 600w, https:\/\/havamall.vn\/wp-content\/uploads\/2021\/08\/LIK.png 1592w\" sizes=\"(max-width: 704px) 100vw, 704px\" \/><\/p>\n<p>Probios, c\u00f4ng ty h\u00e0ng \u0111\u1ea7u c\u1ee7a \u00dd trong l\u0129nh v\u1ef1c ph\u00e2n ph\u1ed1i th\u1ef1c ph\u1ea9m h\u1eefu c\u01a1, v\u1edbi kinh nghi\u1ec7m 40 n\u0103m, cung c\u1ea5p m\u1ed9t lo\u1ea1t c\u00e1c s\u1ea3n ph\u1ea9m \u0111\u1ed9c quy\u1ec1n, k\u1ebft h\u1ee3p vi\u1ec7c nghi\u00ean c\u1ee9u v\u00e0 l\u1ef1a ch\u1ecdn c\u00e1c nguy\u00ean li\u1ec7u h\u1eefu c\u01a1 \u0111\u1ec3 t\u1ea1o ra c\u00e1c c\u00f4ng th\u1ee9c n\u1ea5u \u0103n c\u00e2n b\u1eb1ng, nh\u1eb1m mang \u0111\u1ebfn cho ng\u01b0\u1eddi ti\u00eau d\u00f9ng nh\u1eefng s\u1ea3n ph\u1ea9m l\u00e0nh m\u1ea1nh v\u00e0 ngon nh\u1ea5t.<\/p>\n<p><img decoding=\"async\" class=\"wp-image-21386 aligncenter\" src=\"https:\/\/havamall.vn\/wp-content\/uploads\/2021\/08\/LIHKJK-300x249.png\" alt=\"\" width=\"705\" height=\"585\" srcset=\"https:\/\/havamall.vn\/wp-content\/uploads\/2021\/08\/LIHKJK-300x249.png 300w, https:\/\/havamall.vn\/wp-content\/uploads\/2021\/08\/LIHKJK-430x357.png 430w, https:\/\/havamall.vn\/wp-content\/uploads\/2021\/08\/LIHKJK-150x125.png 150w, https:\/\/havamall.vn\/wp-content\/uploads\/2021\/08\/LIHKJK-700x582.png 700w, https:\/\/havamall.vn\/wp-content\/uploads\/2021\/08\/LIHKJK-768x638.png 768w, https:\/\/havamall.vn\/wp-content\/uploads\/2021\/08\/LIHKJK-1024x851.png 1024w, https:\/\/havamall.vn\/wp-content\/uploads\/2021\/08\/LIHKJK-1200x997.png 1200w, https:\/\/havamall.vn\/wp-content\/uploads\/2021\/08\/LIHKJK-600x499.png 600w, https:\/\/havamall.vn\/wp-content\/uploads\/2021\/08\/LIHKJK.png 2048w\" sizes=\"(max-width: 705px) 100vw, 705px\" \/><\/p>\n<p>S\u1ea3n ph\u1ea9m \u0111\u1ed9c \u0111\u00e1o v\u1edbi c\u00e1c c\u1ecdng nui h\u00ecnh ch\u1eef \u0111\u01b0\u1ee3c l\u00e0m t\u1eeb b\u1ed9t b\u1eafp (ng\u00f4) cao c\u1ea5p. Gi\u00fap b\u1eefa \u0103n c\u1ee7a b\u00e9 th\u00eam vui nh\u1ed9n v\u00e0 \u0111\u1ec3 b\u00e9 c\u00f3 th\u1ec3 v\u1eeba \u0103n v\u1eeba h\u1ecdc. Ho\u00e0n h\u1ea3o cho nhu c\u1ea7u th\u1ef1c ph\u1ea9m c\u1ee7a tr\u1ebb celiac nh\u1edd h\u00ecnh d\u1ea1ng \u0111\u1eb7c bi\u1ec7t.<\/p>\n<p>Ngo\u00e0i ra nui h\u1eefu c\u01a1 h\u00ecnh ch\u1eef Probios \u0111\u01b0\u1ee3c l\u00e0m t\u1eeb b\u1ed9t b\u1eafp ng\u00f4, ho\u00e0n to\u00e0n kh\u00f4ng ch\u1ee9a gluten. Ph\u00f9 h\u1ee3p v\u1ed1i m\u1ecdi \u0111\u1ed1i t\u01b0\u1ee3ng t\u1eeb tr\u1ebb nh\u1ecf \u0111\u1ebfn ng\u01b0\u1eddi l\u1edbn. Tuy\u1ec7t v\u1eddi cho m\u00f3n s\u00fap ho\u1eb7c c\u00f3 th\u1ec3 n\u00eam v\u1edbi n\u01b0\u1edbc s\u1ed1t.<\/p>\n<p><img decoding=\"async\" class=\"wp-image-21388 aligncenter\" src=\"https:\/\/havamall.vn\/wp-content\/uploads\/2021\/08\/LLIOHOL-284x300.png\" alt=\"\" width=\"701\" height=\"740\" srcset=\"https:\/\/havamall.vn\/wp-content\/uploads\/2021\/08\/LLIOHOL-284x300.png 284w, https:\/\/havamall.vn\/wp-content\/uploads\/2021\/08\/LLIOHOL-430x454.png 430w, https:\/\/havamall.vn\/wp-content\/uploads\/2021\/08\/LLIOHOL-150x158.png 150w, https:\/\/havamall.vn\/wp-content\/uploads\/2021\/08\/LLIOHOL-700x739.png 700w, https:\/\/havamall.vn\/wp-content\/uploads\/2021\/08\/LLIOHOL-768x811.png 768w, https:\/\/havamall.vn\/wp-content\/uploads\/2021\/08\/LLIOHOL-970x1024.png 970w, https:\/\/havamall.vn\/wp-content\/uploads\/2021\/08\/LLIOHOL-1200x1267.png 1200w, https:\/\/havamall.vn\/wp-content\/uploads\/2021\/08\/LLIOHOL-600x633.png 600w, https:\/\/havamall.vn\/wp-content\/uploads\/2021\/08\/LLIOHOL.png 1940w\" sizes=\"(max-width: 701px) 100vw, 701px\" \/><\/p>\n<h3><strong>H\u01b0\u1edbng d\u1eabn s\u1eed d\u1ee5ng:<\/strong><\/h3>\n<p>&gt;Lu\u1ed9c trong v\u00f2ng 7-9 ph\u00fat sau \u0111\u00f3 \u0111\u1ed5 ra r\u1ed5 cho r\u00e1o n\u01b0\u1edbc, cho th\u00eam \u00edt d\u1ea7u \u0103n ho\u1eb7c b\u01a1 tr\u1ed9n \u0111\u1ec1u \u0111\u1ec3 m\u00ec, nui kh\u00f4ng b\u1ecb d\u00ednh.<\/p>\n<p>&gt;N\u1ea5u n\u01b0\u1edbc d\u00f9ng t\u00f4m, th\u1ecbt hay rau c\u1ee7,\u2026 ho\u1eb7c x\u00e0o \u0111\u1ec1u ngon.<\/p>\n<p>&gt;M\u1eb9 c\u0169ng c\u00f3 th\u1ec3 n\u1ea5u n\u01b0\u1edbc d\u00f9ng tr\u01b0\u1edbc r\u1ed3i cho m\u00ec v\u1eeba v\u1edbi b\u1eefa \u0103n c\u1ee7a b\u00e9 v\u00e0o \u0111un th\u00eam kho\u1ea3ng 7 ph\u00fat l\u00e0 b\u1eefa \u0103n \u0111\u00e3 s\u1eb5n s\u00e0ng.<\/p>\n<p>S\u1ea3n ph\u1ea9m hi\u1ec7n \u0111\u00e3 c\u00f3 m\u1eb7t t\u1ea1i Havamall.<\/p>","protected":false},"excerpt":{"rendered":"<p>TH\u00d4NG TIN S\u1ea2N PH\u1ea8M Th\u01b0\u01a1ng hi\u1ec7u Probios Xu\u1ea5t x\u1ee9 \u00dd Th\u00e0nh ph\u1ea7n B\u1ed9t ng\u00f4, n\u01b0\u1edbc H\u1ea1n s\u1eed d\u1ee5ng 36 th\u00e1ng<\/p>","protected":false},"featured_media":21390,"comment_status":"open","ping_status":"closed","template":"","meta":[],"product_brand":[],"product_cat":[256,130,36,134],"product_tag":[],"class_list":{"0":"post-21377","1":"product","2":"type-product","3":"status-publish","4":"has-post-thumbnail","6":"product_cat-thuc-pham-huu-co","7":"product_cat-khuyen-mai","8":"product_cat-thuc-pham-tieu-dung","9":"product_cat-thucpham-saykho","10":"pa_brand-probios","12":"first","13":"instock","14":"sale","15":"shipping-taxable","16":"purchasable","17":"product-type-simple"},"_links":{"self":[{"href":"https:\/\/havamall.vn\/en\/wp-json\/wp\/v2\/product\/21377"}],"collection":[{"href":"https:\/\/havamall.vn\/en\/wp-json\/wp\/v2\/product"}],"about":[{"href":"https:\/\/havamall.vn\/en\/wp-json\/wp\/v2\/types\/product"}],"replies":[{"embeddable":true,"href":"https:\/\/havamall.vn\/en\/wp-json\/wp\/v2\/comments?post=21377"}],"version-history":[{"count":0,"href":"https:\/\/havamall.vn\/en\/wp-json\/wp\/v2\/product\/21377\/revisions"}],"wp:featuredmedia":[{"embeddable":true,"href":"https:\/\/havamall.vn\/en\/wp-json\/wp\/v2\/media\/21390"}],"wp:attachment":[{"href":"https:\/\/havamall.vn\/en\/wp-json\/wp\/v2\/media?parent=21377"}],"wp:term":[{"taxonomy":"product_brand","embeddable":true,"href":"https:\/\/havamall.vn\/en\/wp-json\/wp\/v2\/product_brand?post=21377"},{"taxonomy":"product_cat","embeddable":true,"href":"https:\/\/havamall.vn\/en\/wp-json\/wp\/v2\/product_cat?post=21377"},{"taxonomy":"product_tag","embeddable":true,"href":"https:\/\/havamall.vn\/en\/wp-json\/wp\/v2\/product_tag?post=21377"}],"curies":[{"name":"wp","href":"https:\/\/api.w.org\/{rel}","templated":true}]}}