{"id":21370,"date":"2021-08-23T16:55:34","date_gmt":"2021-08-23T09:55:34","guid":{"rendered":"https:\/\/havamall.vn\/?post_type=product&#038;p=21370"},"modified":"2023-06-05T17:35:44","modified_gmt":"2023-06-05T10:35:44","slug":"dau-nanh-huu-co-markal-500gr-organic-soybeans","status":"publish","type":"product","link":"https:\/\/havamall.vn\/en\/shop\/dau-nanh-huu-co-markal-500gr-organic-soybeans\/","title":{"rendered":"\u0110\u1eadu N\u00e0nh H\u1eefu C\u01a1 Markal 500gr &#8211; Organic Soybeans"},"content":{"rendered":"<p style=\"text-align: justify;\"><span style=\"font-weight: 400;\">Khi nh\u1eafc \u0111\u1ebfn nh\u1eefng th\u01b0\u01a1ng hi\u1ec7u v\u1edbi c\u00f4ng ngh\u1ec7 s\u1ea3n xu\u1ea5t th\u1ef1c ph\u1ea9m h\u1eefu c\u01a1 kh\u00f4ng th\u1ec3 kh\u00f4ng nh\u1eafc \u0111\u1ebfn th\u01b0\u01a1ng hi\u1ec7u Markal \u0111\u1ebfn t\u1eeb Ph\u00e1p.<\/span><\/p>\n<p style=\"text-align: justify;\"><span style=\"font-weight: 400;\">Markal kh\u00f4ng ch\u1ec9 bi\u1ebft \u0111\u1ebfn l\u00e0 th\u01b0\u01a1ng hi\u1ec7u s\u1ea3n xu\u1ea5t s\u1ea3n ph\u1ea9m t\u1eeb l\u00faa m\u1ea1ch, m\u00e0 t\u1ea1i \u0111\u00e2y, c\u00f2n s\u1ea3n xu\u1ea5t c\u00e1c lo\u1ea1i h\u1ea1t, lo\u1ea1i \u0111\u1eadu h\u1eefu c\u01a1. T\u1eeb kh\u00e2u ch\u1ecdn gi\u1ed1ng c\u00e2y tr\u1ed3ng, \u0111\u1ebfn qu\u00e1 tr\u00ecnh ch\u0103m s\u00f3c: \u0111\u1ea5t, ngu\u1ed3n n\u01b0\u1edbc t\u01b0\u1edbi ti\u00eau \u0111\u1ec1u \u0111\u1ea3m b\u1ea3o s\u1ea1ch, tr\u00e1nh xa m\u00f4i tr\u01b0\u1eddng \u00f4 nhi\u1ec5m.<\/span><\/p>\n<p style=\"text-align: justify;\"><span style=\"font-weight: 400;\">Hi\u1ec7n nay, c\u00e1c s\u1ea3n ph\u1ea9m c\u1ee7a Markal \u0111\u01b0\u1ee3c xu\u1ea5t kh\u1ea9u \u1edf nhi\u1ec1u n\u01b0\u1edbc tr\u00ean th\u1ebf gi\u1edbi, ri\u00eang n\u01b0\u1edbc Ph\u00e1p, th\u01b0\u01a1ng hi\u1ec7u Markal c\u00f3 m\u1eb7t tr\u00ean 900 c\u1eeda h\u00e0ng l\u1edbn, nh\u1ecf. V\u00e0 h\u00f4m nay, nh\u1eefng s\u1ea3n ph\u1ea9m c\u1ee7a Markal \u0111\u00e3 c\u00f3 m\u1eb7t t\u1ea1i Havamall.<\/span><\/p>\n<p style=\"text-align: justify;\"><span style=\"font-weight: 400;\">T\u1ea5t c\u1ea3 c\u00e1c s\u1ea3n ph\u1ea9m c\u1ee7a Markal \u0111\u1ec1u \u0111\u01b0\u1ee3c c\u1ea5p gi\u1ea5y ch\u1ee9ng nh\u1eadn h\u1eefu c\u01a1 c\u1ee7a AB, EU\u00a0<\/span><\/p>\n<p><img fetchpriority=\"high\" decoding=\"async\" class=\"wp-image-21322 aligncenter\" src=\"https:\/\/havamall.vn\/wp-content\/uploads\/2021\/08\/\u0110\u1eacU-2-300x120.jpg\" alt=\"\" width=\"600\" height=\"240\" srcset=\"https:\/\/havamall.vn\/wp-content\/uploads\/2021\/08\/\u0110\u1eacU-2-300x120.jpg 300w, https:\/\/havamall.vn\/wp-content\/uploads\/2021\/08\/\u0110\u1eacU-2-430x172.jpg 430w, https:\/\/havamall.vn\/wp-content\/uploads\/2021\/08\/\u0110\u1eacU-2-150x60.jpg 150w, https:\/\/havamall.vn\/wp-content\/uploads\/2021\/08\/\u0110\u1eacU-2-700x280.jpg 700w, https:\/\/havamall.vn\/wp-content\/uploads\/2021\/08\/\u0110\u1eacU-2-768x307.jpg 768w, https:\/\/havamall.vn\/wp-content\/uploads\/2021\/08\/\u0110\u1eacU-2-1024x410.jpg 1024w, https:\/\/havamall.vn\/wp-content\/uploads\/2021\/08\/\u0110\u1eacU-2-1200x480.jpg 1200w, https:\/\/havamall.vn\/wp-content\/uploads\/2021\/08\/\u0110\u1eacU-2-600x240.jpg 600w\" sizes=\"(max-width: 600px) 100vw, 600px\" \/><\/p>\n<h4><strong>\u0110\u1eb6C \u0110I\u1ec2M S\u1ea2N PH\u1ea8M<\/strong><\/h4>\n<p>\u0110\u1eadu n\u00e0nh hay c\u00f2n c\u00f3 t\u00ean g\u1ecdi kh\u00e1c l\u00e0 \u0111\u1ed7 t\u01b0\u01a1ng, \u0111\u1eadu t\u01b0\u01a1ng, c\u00f3 t\u00ean khoa h\u1ecdc l\u00e0 Glycine max. C\u00e2y \u0111\u1eadu n\u00e0nh thu\u1ed9c c\u00e2y h\u1ecd \u0110\u1eadu, th\u00e2n th\u1ea3o, c\u00f3 h\u00ecnh tr\u00f2n, tr\u00ean th\u00e2n c\u00f3 nhi\u1ec1u l\u00f4ng, th\u00e2n cao t\u1eeb 0.3- 1m.<\/p>\n<p style=\"text-align: justify;\"><span style=\"font-weight: 400;\">\u0110\u1eadu n\u00e0nh l\u00e0 lo\u1ea1i c\u00e2y c\u00f3 ngu\u1ed3n g\u1ed1c b\u1ea3n \u0111\u1ecba \u0110\u00f4ng \u00c1. \u0110\u00e2y l\u00e0 lo\u1ea1i c\u00e2y mang l\u1ea1i gi\u00e1 tr\u1ecb kinh t\u1ebf cao (h\u1ea1t \u0111\u1eadu), \u0111\u01b0\u1ee3c x\u1ebfp v\u1ecb tr\u00ed th\u1ee9 4 trong b\u1ea3ng c\u00e2y c\u00f3 d\u1ea7u quan tr\u1ecdng nh\u1ea5t th\u1ebf gi\u1edbi.<\/span><\/p>\n<p>&nbsp;<\/p>\n<p style=\"text-align: center;\"><img decoding=\"async\" class=\"alignnone wp-image-21376\" src=\"https:\/\/havamall.vn\/wp-content\/uploads\/2021\/08\/\u0110\u1eacU-N\u00c0NH-3-300x206.jpg\" alt=\"\" width=\"600\" height=\"412\" srcset=\"https:\/\/havamall.vn\/wp-content\/uploads\/2021\/08\/\u0110\u1eacU-N\u00c0NH-3-300x206.jpg 300w, https:\/\/havamall.vn\/wp-content\/uploads\/2021\/08\/\u0110\u1eacU-N\u00c0NH-3-430x295.jpg 430w, https:\/\/havamall.vn\/wp-content\/uploads\/2021\/08\/\u0110\u1eacU-N\u00c0NH-3-150x103.jpg 150w, https:\/\/havamall.vn\/wp-content\/uploads\/2021\/08\/\u0110\u1eacU-N\u00c0NH-3-700x480.jpg 700w, https:\/\/havamall.vn\/wp-content\/uploads\/2021\/08\/\u0110\u1eacU-N\u00c0NH-3-768x527.jpg 768w, https:\/\/havamall.vn\/wp-content\/uploads\/2021\/08\/\u0110\u1eacU-N\u00c0NH-3-600x412.jpg 600w, https:\/\/havamall.vn\/wp-content\/uploads\/2021\/08\/\u0110\u1eacU-N\u00c0NH-3.jpg 1020w\" sizes=\"(max-width: 600px) 100vw, 600px\" \/><\/p>\n<p>&nbsp;<\/p>\n<p style=\"text-align: justify;\"><span style=\"font-weight: 400;\">\u0110\u1ec3 s\u1ea3n xu\u1ea5t n\u00ean \u0111\u1eadu n\u00e0nh h\u1eefu c\u01a1 Markal th\u00ec c\u00e2y \u0111\u1eadu n\u00e0nh \u0111\u01b0\u1ee3c tr\u1ed3ng v\u00e0 ch\u0103m s\u00f3c t\u1ea1i v\u00f9ng n\u00f4ng nghi\u1ec7p h\u1eefu c\u01a1 La Drome mi\u1ec1n Nam n\u01b0\u1edbc Ph\u00e1p theo quy tr\u00ecnh ti\u00ean ti\u1ebfn, hi\u1ec7n \u0111\u1ea1i v\u00e0 n\u00f3i kh\u00f4ng ngu\u1ed3n dinh d\u01b0\u1ee1ng \u00f4 nhi\u1ec5m.<\/span><\/p>\n<p>&nbsp;<\/p>\n<p><img decoding=\"async\" class=\"wp-image-21379 aligncenter\" src=\"https:\/\/havamall.vn\/wp-content\/uploads\/2021\/08\/\u0111\u1eadu-n\u00e0nh-300x197.jpeg\" alt=\"\" width=\"600\" height=\"394\" srcset=\"https:\/\/havamall.vn\/wp-content\/uploads\/2021\/08\/\u0111\u1eadu-n\u00e0nh-300x197.jpeg 300w, https:\/\/havamall.vn\/wp-content\/uploads\/2021\/08\/\u0111\u1eadu-n\u00e0nh-430x283.jpeg 430w, https:\/\/havamall.vn\/wp-content\/uploads\/2021\/08\/\u0111\u1eadu-n\u00e0nh-150x99.jpeg 150w, https:\/\/havamall.vn\/wp-content\/uploads\/2021\/08\/\u0111\u1eadu-n\u00e0nh.jpeg 450w\" sizes=\"(max-width: 600px) 100vw, 600px\" \/><\/p>\n<h4><strong>C\u00d4NG D\u1ee4NG C\u1ee6A \u0110\u1eacU N\u00c0NH<\/strong><\/h4>\n<div>&#8211; Gi\u00e0u ch\u1ea5t b\u00e9o v\u00e0 protein: ngu\u1ed3n th\u1ef1c ph\u1ea9m b\u1ed5 sung ho\u1eb7c \/v\u00e0 thay th\u1ebf th\u1ecbt.<\/div>\n<div>&#8211; \u0110\u1eadu n\u00e0nh ch\u1ee9a h\u00e0m l\u01b0\u1ee3ng vitamin A v\u00e0 E cao h\u01a1n so v\u1edbi c\u00e1c lo\u1ea1i \u0111\u1eadu kh\u00e1c.<\/div>\n<div>&#8211; Ch\u1ee9a ho\u1ea1t ch\u1ea5t lecithin: ph\u00f2ng ch\u1ed1ng v\u00e0 l\u00e0m gi\u1ea3m l\u01b0\u1ee3ng cholesterol x\u1ea5u.<\/div>\n<div>&#8211; \u0110\u1eadu n\u00e0nh ch\u1ee9a ho\u1ea1t ch\u1ea5t isofalvone, m\u1ed9t d\u1ea1ng c\u1ee7a oestrogen th\u1ef1c v\u1eadt, g\u1ea7n gi\u1ed1ng v\u1edbi\u00a0\u0153stradiol,\u00a0n\u1ed9i ti\u1ebft t\u1ed1 c\u1ee7a ph\u1ee5 n\u1eef.\u00a0Do \u0111\u00f3 \u0111\u1eadu n\u00e0nh th\u01b0\u1eddng \u0111\u01b0\u1ee3c s\u1eed d\u1ee5ng nh\u01b0 th\u1ef1c ph\u1ea9m b\u1ed5 sung gi\u00fap l\u00e0m\u00a0gi\u1ea3m c\u00e1c tri\u1ec7u ch\u1ee9ng ti\u1ec1n m\u00e3n kinh \u1edf ph\u1ee5 n\u1eef (b\u1ed1c ho\u1ea3, c\u00e1u g\u1eaft, \u0111\u1ed5 m\u1ed3 h\u00f4i, lo\u00e3ng x\u01b0\u01a1ng, b\u1ec7nh tim m\u1ea1ch&#8230;).<\/div>\n<div><\/div>\n<div><img loading=\"lazy\" decoding=\"async\" class=\"wp-image-21378 aligncenter\" src=\"https:\/\/havamall.vn\/wp-content\/uploads\/2021\/08\/\u0110\u1eacU-N\u00c0NH-1-300x300.jpg\" alt=\"\" width=\"600\" height=\"600\" srcset=\"https:\/\/havamall.vn\/wp-content\/uploads\/2021\/08\/\u0110\u1eacU-N\u00c0NH-1-300x300.jpg 300w, https:\/\/havamall.vn\/wp-content\/uploads\/2021\/08\/\u0110\u1eacU-N\u00c0NH-1-430x431.jpg 430w, https:\/\/havamall.vn\/wp-content\/uploads\/2021\/08\/\u0110\u1eacU-N\u00c0NH-1-150x150.jpg 150w, https:\/\/havamall.vn\/wp-content\/uploads\/2021\/08\/\u0110\u1eacU-N\u00c0NH-1-700x701.jpg 700w, https:\/\/havamall.vn\/wp-content\/uploads\/2021\/08\/\u0110\u1eacU-N\u00c0NH-1-768x769.jpg 768w, https:\/\/havamall.vn\/wp-content\/uploads\/2021\/08\/\u0110\u1eacU-N\u00c0NH-1-600x601.jpg 600w, https:\/\/havamall.vn\/wp-content\/uploads\/2021\/08\/\u0110\u1eacU-N\u00c0NH-1-100x100.jpg 100w, https:\/\/havamall.vn\/wp-content\/uploads\/2021\/08\/\u0110\u1eacU-N\u00c0NH-1.jpg 847w\" sizes=\"(max-width: 600px) 100vw, 600px\" \/><\/div>\n<h4><strong>CH\u1ebe BI\u1ebeN \u0110\u1eacU N\u00c0NH H\u1eeeU C\u01a0 MARKAL<\/strong><\/h4>\n<p>Havamall s\u1ebd g\u1ee3i \u00fd cho b\u1ea1n nh\u1eefng m\u00f3n \u0111\u01b0\u1ee3c l\u00e0m t\u1eeb \u0111\u1eadu n\u00e0nh<\/p>\n<ol>\n<li>S\u1eefa \u0111\u1eadu n\u00e0nh<\/li>\n<li>B\u00e1nh \u0111\u1eadu n\u00e0nh<\/li>\n<li>T\u00e0u h\u1ee7 (t\u00e0u ph\u1edb)<\/li>\n<\/ol>\n<p>C\u00e1ch ch\u1ebf bi\u1ebfn: Ng\u00e2m \u0111\u1eadu n\u00e0nh \u00edt nh\u1ea5t 3 gi\u1edd ho\u1eb7c qua \u0111\u00eam. Sau \u0111\u00f3 ch\u1ebf bi\u1ebfn th\u00e0nh m\u00f3n t\u00f9y th\u00edch.<\/p>\n<p>Xu\u1ea5t x\u1ee9 ngu\u1ed3n nguy\u00ean li\u1ec7u: \u00dd<\/p>\n<p>H\u1ea1n s\u1eed d\u1ee5ng: 18 th\u00e1ng k\u1ec3 t\u1eeb ng\u00e0y s\u1ea3n xu\u1ea5t.<\/p>\n<p>B\u1ea3o qu\u1ea3n: N\u01a1i kh\u00f4 r\u00e1o, tho\u00e1ng m\u00e1t, tr\u00e1nh \u00e1nh n\u1eafng m\u1eb7t tr\u1eddi.<\/p>\n<p><img loading=\"lazy\" decoding=\"async\" class=\"alignnone wp-image-21380 aligncenter\" src=\"https:\/\/havamall.vn\/wp-content\/uploads\/2021\/08\/\u0110\u1eacU-N\u00c0NH-4-300x200.jpg\" alt=\"\" width=\"600\" height=\"401\" srcset=\"https:\/\/havamall.vn\/wp-content\/uploads\/2021\/08\/\u0110\u1eacU-N\u00c0NH-4-300x200.jpg 300w, https:\/\/havamall.vn\/wp-content\/uploads\/2021\/08\/\u0110\u1eacU-N\u00c0NH-4-430x286.jpg 430w, https:\/\/havamall.vn\/wp-content\/uploads\/2021\/08\/\u0110\u1eacU-N\u00c0NH-4-150x100.jpg 150w, https:\/\/havamall.vn\/wp-content\/uploads\/2021\/08\/\u0110\u1eacU-N\u00c0NH-4-600x400.jpg 600w, https:\/\/havamall.vn\/wp-content\/uploads\/2021\/08\/\u0110\u1eacU-N\u00c0NH-4.jpg 665w\" sizes=\"(max-width: 600px) 100vw, 600px\" \/><\/p>","protected":false},"excerpt":{"rendered":"<p>Khi nh\u1eafc \u0111\u1ebfn nh\u1eefng th\u01b0\u01a1ng hi\u1ec7u v\u1edbi c\u00f4ng ngh\u1ec7 s\u1ea3n xu\u1ea5t th\u1ef1c ph\u1ea9m h\u1eefu c\u01a1 kh\u00f4ng th\u1ec3 kh\u00f4ng nh\u1eafc \u0111\u1ebfn<\/p>","protected":false},"featured_media":21382,"comment_status":"open","ping_status":"closed","template":"","meta":[],"product_brand":[],"product_cat":[256,36,134],"product_tag":[],"class_list":{"0":"post-21370","1":"product","2":"type-product","3":"status-publish","4":"has-post-thumbnail","6":"product_cat-thuc-pham-huu-co","7":"product_cat-thuc-pham-tieu-dung","8":"product_cat-thucpham-saykho","9":"pa_brand-markal","11":"first","12":"instock","13":"sale","14":"shipping-taxable","15":"purchasable","16":"product-type-simple"},"_links":{"self":[{"href":"https:\/\/havamall.vn\/en\/wp-json\/wp\/v2\/product\/21370"}],"collection":[{"href":"https:\/\/havamall.vn\/en\/wp-json\/wp\/v2\/product"}],"about":[{"href":"https:\/\/havamall.vn\/en\/wp-json\/wp\/v2\/types\/product"}],"replies":[{"embeddable":true,"href":"https:\/\/havamall.vn\/en\/wp-json\/wp\/v2\/comments?post=21370"}],"version-history":[{"count":0,"href":"https:\/\/havamall.vn\/en\/wp-json\/wp\/v2\/product\/21370\/revisions"}],"wp:featuredmedia":[{"embeddable":true,"href":"https:\/\/havamall.vn\/en\/wp-json\/wp\/v2\/media\/21382"}],"wp:attachment":[{"href":"https:\/\/havamall.vn\/en\/wp-json\/wp\/v2\/media?parent=21370"}],"wp:term":[{"taxonomy":"product_brand","embeddable":true,"href":"https:\/\/havamall.vn\/en\/wp-json\/wp\/v2\/product_brand?post=21370"},{"taxonomy":"product_cat","embeddable":true,"href":"https:\/\/havamall.vn\/en\/wp-json\/wp\/v2\/product_cat?post=21370"},{"taxonomy":"product_tag","embeddable":true,"href":"https:\/\/havamall.vn\/en\/wp-json\/wp\/v2\/product_tag?post=21370"}],"curies":[{"name":"wp","href":"https:\/\/api.w.org\/{rel}","templated":true}]}}