{"id":21347,"date":"2021-08-23T16:07:38","date_gmt":"2021-08-23T09:07:38","guid":{"rendered":"https:\/\/havamall.vn\/?post_type=product&#038;p=21347"},"modified":"2023-06-05T17:35:25","modified_gmt":"2023-06-05T10:35:25","slug":"dau-do-tay-huu-co-markal-500gr-organic-red-kidney-beans","status":"publish","type":"product","link":"https:\/\/havamall.vn\/en\/shop\/dau-do-tay-huu-co-markal-500gr-organic-red-kidney-beans\/","title":{"rendered":"\u0110\u1eadu \u0110\u1ecf T\u00e2y H\u1eefu C\u01a1 Markal 500gr &#8211; Organic Red Kidney Beans"},"content":{"rendered":"<p>N\u1eb1m trong khu n\u00f4ng nghi\u1ec7p h\u1eefu c\u01a1 c\u1ee7a v\u00f9ng\u00a0 La Drome mi\u1ec1n Nam n\u01b0\u1edbc Ph\u00e1p, Markal \u0111\u01b0\u1ee3c bi\u1ebft \u0111\u1ebfn nh\u01b0 m\u1ed9t trong nh\u1eefng nh\u00e0 cung c\u1ea5p ch\u1ea5t l\u01b0\u1ee3ng h\u00e0ng \u0111\u1ea7u c\u00e1c s\u1ea3n ph\u1ea9m t\u1eeb ng\u0169 c\u1ed1c v\u00e0 g\u1ea1o h\u1eefu c\u01a1. B\u00ean c\u1ea1nh \u0111\u00f3, c\u00f2n c\u00f3 nh\u1eefng s\u1ea3n ph\u1ea9m h\u1eefu c\u01a1 kh\u00e1c nh\u01b0 \u0111\u1eadu, h\u1ea1t \u0111\u1ec1u \u0111\u01b0\u1ee3c \u01b0a chu\u1ed9ng nh\u1ea5t tr\u00ean th\u1ecb tr\u01b0\u1eddng hi\u1ec7n nay. V\u1edbi h\u1ec7 th\u1ed1ng s\u1ea3n xu\u1ea5t v\u00e0 quy tr\u00ecnh ki\u1ec3m \u0111\u1ecbnh ch\u1eb7t ch\u1ebd theo chu\u1ea9n h\u1eefu c\u01a1 Ch\u00e2u \u00c2u v\u00e0 Ph\u00e1p, Markal t\u1ef1 h\u00e0o mang \u0111\u1ebfn cho ng\u01b0\u1eddi ti\u00eau d\u00f9ng nh\u1eefng s\u1ea3n ph\u1ea9m l\u00e0nh m\u1ea1nh v\u00e0 an to\u00e0n nh\u1ea5t.<\/p>\n<p><img fetchpriority=\"high\" decoding=\"async\" class=\"alignnone wp-image-21322 aligncenter\" src=\"https:\/\/havamall.vn\/wp-content\/uploads\/2021\/08\/\u0110\u1eacU-2-300x120.jpg\" alt=\"\" width=\"656\" height=\"262\" srcset=\"https:\/\/havamall.vn\/wp-content\/uploads\/2021\/08\/\u0110\u1eacU-2-300x120.jpg 300w, https:\/\/havamall.vn\/wp-content\/uploads\/2021\/08\/\u0110\u1eacU-2-430x172.jpg 430w, https:\/\/havamall.vn\/wp-content\/uploads\/2021\/08\/\u0110\u1eacU-2-150x60.jpg 150w, https:\/\/havamall.vn\/wp-content\/uploads\/2021\/08\/\u0110\u1eacU-2-700x280.jpg 700w, https:\/\/havamall.vn\/wp-content\/uploads\/2021\/08\/\u0110\u1eacU-2-768x307.jpg 768w, https:\/\/havamall.vn\/wp-content\/uploads\/2021\/08\/\u0110\u1eacU-2-1024x410.jpg 1024w, https:\/\/havamall.vn\/wp-content\/uploads\/2021\/08\/\u0110\u1eacU-2-1200x480.jpg 1200w, https:\/\/havamall.vn\/wp-content\/uploads\/2021\/08\/\u0110\u1eacU-2-600x240.jpg 600w\" sizes=\"(max-width: 656px) 100vw, 656px\" \/><\/p>\n<p>\u0110\u1eadu \u0111\u1ecf t\u00e2y hay c\u00f2n g\u1ecdi l\u00e0 \u0111\u1eadu th\u1eadn v\u00e0 c\u00f3 t\u00ean ti\u1ebfng anh l\u00e0 Kidney bean. Lo\u1ea1i \u0111\u1eadu n\u00e0y r\u1ea5t gi\u00e0u protein v\u00e0 c\u00e1c kho\u00e1ng ch\u1ea5t nh\u01b0 s\u1eaft, canxi, k\u1ebdm,\u2026 c\u00f3 t\u00e1c d\u1ee5ng ng\u0103n ng\u1eeba v\u00e0 \u0111i\u1ec1u tr\u1ecb ung th\u01b0, ti\u1ec3u \u0111\u01b0\u1eddng, t\u00e1o b\u00f3n,\u2026 hi\u1ec7u qu\u1ea3.<\/p>\n<p>V\u1edbi mong mu\u1ed1n mang l\u1ea1i nh\u1eefng s\u1ea3n ph\u1ea9m h\u1eefu c\u01a1 t\u1ed1t cho s\u1ee9c kh\u1ecfe ng\u01b0\u1eddi ti\u00eau d\u00f9ng, \u0111\u1eadu \u0111\u1ecf t\u00e2y h\u1eefu c\u01a1 Markal nay \u0111\u00e3 c\u00f3 m\u1eb7t t\u1ea1i Havamall.<\/p>\n<p><img decoding=\"async\" class=\"wp-image-21351 aligncenter\" src=\"https:\/\/havamall.vn\/wp-content\/uploads\/2021\/08\/\u0110\u1eacU-\u0110\u1ece-1-300x300.jpg\" alt=\"\" width=\"654\" height=\"654\" srcset=\"https:\/\/havamall.vn\/wp-content\/uploads\/2021\/08\/\u0110\u1eacU-\u0110\u1ece-1-300x300.jpg 300w, https:\/\/havamall.vn\/wp-content\/uploads\/2021\/08\/\u0110\u1eacU-\u0110\u1ece-1-430x430.jpg 430w, https:\/\/havamall.vn\/wp-content\/uploads\/2021\/08\/\u0110\u1eacU-\u0110\u1ece-1-150x150.jpg 150w, https:\/\/havamall.vn\/wp-content\/uploads\/2021\/08\/\u0110\u1eacU-\u0110\u1ece-1-700x700.jpg 700w, https:\/\/havamall.vn\/wp-content\/uploads\/2021\/08\/\u0110\u1eacU-\u0110\u1ece-1-768x768.jpg 768w, https:\/\/havamall.vn\/wp-content\/uploads\/2021\/08\/\u0110\u1eacU-\u0110\u1ece-1-1024x1024.jpg 1024w, https:\/\/havamall.vn\/wp-content\/uploads\/2021\/08\/\u0110\u1eacU-\u0110\u1ece-1-1200x1200.jpg 1200w, https:\/\/havamall.vn\/wp-content\/uploads\/2021\/08\/\u0110\u1eacU-\u0110\u1ece-1-600x600.jpg 600w, https:\/\/havamall.vn\/wp-content\/uploads\/2021\/08\/\u0110\u1eacU-\u0110\u1ece-1-100x100.jpg 100w, https:\/\/havamall.vn\/wp-content\/uploads\/2021\/08\/\u0110\u1eacU-\u0110\u1ece-1.jpg 1800w\" sizes=\"(max-width: 654px) 100vw, 654px\" \/><\/p>\n<h3><strong>\u0110\u1eb7c \u0111i\u1ec3m s\u1ea3n ph\u1ea9m<\/strong><\/h3>\n<div>&#8211;\u00a0Gi\u00e0u protein: c\u00f3 l\u1ee3i cho tim, l\u00e0m h\u1ea1 th\u1ea5p m\u1ee9c cholesterol x\u1ea5u LDL v\u00e0 l\u00e0m gia t\u0103ng l\u01b0\u1ee3ng cholesterol t\u1ed1t HDL,\u00a0gi\u00fap h\u1ed7 tr\u1ee3 ng\u0103n ng\u1eeba c\u00e1c b\u1ec7nh v\u1ec1 tim m\u1ea1ch.<\/div>\n<div>&#8211;\u00a0Gi\u00e0u ch\u1ea5t x\u01a1: gi\u00fap t\u0103ng s\u1ee9c \u0111\u1ec1 kh\u00e1ng cho h\u1ec7 ru\u1ed9t, gi\u00fap d\u1ec5 h\u1ea5p th\u1ee5 v\u00e0 ti\u00eau h\u00f3a th\u1ee9c \u0103n, h\u1ed7 tr\u1ee3 \u0111i\u1ec1u tr\u1ecb b\u1ec7nh ti\u1ec3u \u0111\u01b0\u1eddng.<\/div>\n<div>&#8211;\u00a0Gi\u00fap b\u1ed5 sung s\u1eaft v\u00e0 c\u00e1c ch\u1ea5t ch\u1ed1ng oxi h\u00f3a, gi\u00fap m\u1eb9 b\u1ea7u t\u0103ng s\u1ee9c \u0111\u1ec1 kh\u00e1ng v\u00e0 gi\u1ea3m nguy c\u01a1 m\u1eafc b\u1ec7nh. Vitamin B1, vitamin B6 c\u00f3 trong \u0111\u1eadu \u0111\u1ecf c\u00f2n gi\u00fap ch\u1ecb em b\u1ea7u gi\u1ea3m m\u1ec7t m\u1ecfi, gi\u1ea3m stress v\u00e0 t\u0103ng kh\u1ea3 n\u0103ng l\u01b0u th\u00f4ng m\u00e1u.<\/div>\n<div>&#8211;\u00a0Gi\u00e0u vitamin nh\u00f3m B v\u00e0 mang t\u00ednh ch\u1ea5t ki\u1ec1m: t\u00e1c d\u1ee5ng nhu\u1eadn tr\u00e0ng, th\u00f4ng ru\u1ed9t, gi\u1ea3i \u0111\u1ed9c cho ru\u1ed9t v\u00e0 gan r\u1ea5t\u00a0hi\u1ec7u qu\u1ea3.<\/div>\n<div>&#8211;\u00a0Gi\u00fap gi\u1ea3m c\u00e2n hi\u1ec7u qu\u1ea3. H\u1ea1t \u0111\u1eadu \u0111\u1ecf cung c\u1ea5p \u00edt calo (m\u1ed9t ch\u00e9n \u0111\u1eadu \u0111\u1ecf ch\u1ec9 cung c\u1ea5p kho\u1ea3ng 300 calo) nh\u01b0ng l\u1ea1i gi\u00e0u ch\u1ea5t x\u01a1 n\u00ean s\u1ebd gi\u00fap b\u1ea1n no l\u00e2u, h\u1ea1n ch\u1ebf c\u1ea3m gi\u00e1c th\u00e8m \u0103n \u0111\u1ed3ng th\u1eddi c\u00f2n \u0111\u1ed1t ch\u00e1y b\u1edbt l\u01b0\u1ee3ng m\u1ee1 th\u1eeba \u0111\u00e3 t\u00edch tr\u1eef l\u00e2u ng\u00e0y trong c\u01a1 th\u1ec3.<\/div>\n<div><\/div>\n<div><\/div>\n<div><\/div>\n<div><img decoding=\"async\" class=\"alignnone wp-image-21353 aligncenter\" src=\"https:\/\/havamall.vn\/wp-content\/uploads\/2021\/08\/\u0110\u1eacU-\u0110\u1ece-3-300x169.jpg\" alt=\"\" width=\"654\" height=\"368\" srcset=\"https:\/\/havamall.vn\/wp-content\/uploads\/2021\/08\/\u0110\u1eacU-\u0110\u1ece-3-300x169.jpg 300w, https:\/\/havamall.vn\/wp-content\/uploads\/2021\/08\/\u0110\u1eacU-\u0110\u1ece-3-430x242.jpg 430w, https:\/\/havamall.vn\/wp-content\/uploads\/2021\/08\/\u0110\u1eacU-\u0110\u1ece-3-150x84.jpg 150w, https:\/\/havamall.vn\/wp-content\/uploads\/2021\/08\/\u0110\u1eacU-\u0110\u1ece-3-700x394.jpg 700w, https:\/\/havamall.vn\/wp-content\/uploads\/2021\/08\/\u0110\u1eacU-\u0110\u1ece-3-768x432.jpg 768w, https:\/\/havamall.vn\/wp-content\/uploads\/2021\/08\/\u0110\u1eacU-\u0110\u1ece-3-600x338.jpg 600w, https:\/\/havamall.vn\/wp-content\/uploads\/2021\/08\/\u0110\u1eacU-\u0110\u1ece-3.jpg 1000w\" sizes=\"(max-width: 654px) 100vw, 654px\" \/><\/div>\n<h3><strong>H\u01b0\u1edbng d\u1eabn s\u1eed d\u1ee5ng<\/strong><\/h3>\n<div>Ng\u00e2m \u0111\u00e2u trong v\u00f2ng 24 ti\u1ebfng. Sau \u0111\u00f3 \u0111\u1ec3 kh\u00f4 r\u00e1o. N\u1ea5u \u0111\u1eadu trong n\u01b0\u1edbc s\u00f4i c\u00f3 th\u00eam \u00edt mu\u1ed1i kho\u1ea3ng 1 ti\u1ebfng. \u0102n n\u00f3ng v\u1edbi c\u01a1m, th\u1ecbt ho\u1eb7c l\u1ea1nh nh\u01b0 m\u00f3n x\u00e0 l\u00e1ch v\u1edbi n\u01b0\u1edbc s\u1ed1t.<\/div>\n<div>D\u00f9ng \u0111\u1ec3 ch\u1ebf bi\u1ebfn m\u00f3n \u0103n Vi\u1ec7t Nam: n\u1ea5u ch\u00e8, ch\u00e1o, s\u00fap, xay th\u00e0nh b\u1ed9t&#8230;<\/div>\n<div>\n<div>B\u1ea3o qu\u1ea3n n\u01a1i kh\u00f4 r\u00e1o tho\u00e1ng m\u00e1t, tr\u00e1nh ngu\u1ed3n nhi\u1ec7t cao v\u00e0 \u1ea9m \u01b0\u1edbt. B\u1ea3o qu\u1ea3n t\u1ed1t h\u01a1n trong l\u1ecd th\u1ee7y tinh.<\/div>\n<div><\/div>\n<\/div>\n<div><\/div>\n<div style=\"text-align: center;\"><img loading=\"lazy\" decoding=\"async\" class=\"alignnone wp-image-21354\" src=\"https:\/\/havamall.vn\/wp-content\/uploads\/2021\/08\/\u0110\u1eacU-\u0110\u1ece-4-300x295.png\" alt=\"\" width=\"656\" height=\"645\" srcset=\"https:\/\/havamall.vn\/wp-content\/uploads\/2021\/08\/\u0110\u1eacU-\u0110\u1ece-4-300x295.png 300w, https:\/\/havamall.vn\/wp-content\/uploads\/2021\/08\/\u0110\u1eacU-\u0110\u1ece-4-430x423.png 430w, https:\/\/havamall.vn\/wp-content\/uploads\/2021\/08\/\u0110\u1eacU-\u0110\u1ece-4-150x148.png 150w, https:\/\/havamall.vn\/wp-content\/uploads\/2021\/08\/\u0110\u1eacU-\u0110\u1ece-4-700x689.png 700w, https:\/\/havamall.vn\/wp-content\/uploads\/2021\/08\/\u0110\u1eacU-\u0110\u1ece-4-768x756.png 768w, https:\/\/havamall.vn\/wp-content\/uploads\/2021\/08\/\u0110\u1eacU-\u0110\u1ece-4-600x590.png 600w, https:\/\/havamall.vn\/wp-content\/uploads\/2021\/08\/\u0110\u1eacU-\u0110\u1ece-4.png 820w\" sizes=\"(max-width: 656px) 100vw, 656px\" \/><\/div>\n<div><\/div>\n<div><\/div>\n<div>\n<table>\n<tbody>\n<tr>\n<td>Th\u01b0\u01a1ng hi\u1ec7u<\/td>\n<td>MARKAL<\/td>\n<\/tr>\n<tr>\n<td>Ch\u1ec9 ti\u00eau ch\u1ea5t l\u01b0\u1ee3ng<\/td>\n<td>Xem tr\u00ean bao b\u00ec s\u1ea3n ph\u1ea9m<\/td>\n<\/tr>\n<tr>\n<td>Th\u00e0nh ph\u1ea7n<\/td>\n<td>100% \u0111\u1eadu \u0111\u1ecf t\u00e2y h\u1eefu c\u01a1<\/td>\n<\/tr>\n<tr>\n<td>H\u1ea1n s\u1eed d\u1ee5ng<\/td>\n<td>16 th\u00e1ng k\u1ec3 t\u1eeb ng\u00e0y s\u1ea3n xu\u1ea5t.<\/td>\n<\/tr>\n<tr>\n<td>B\u1ea3o qu\u1ea3n<\/td>\n<td>\u0110\u1ec3 n\u01a1i kh\u00f4 r\u00e1o, tho\u00e1ng m\u00e1t, tr\u00e1nh \u00e1nh n\u1eafng tr\u1ef1c ti\u1ebfp<\/td>\n<\/tr>\n<tr>\n<td>Kh\u1ed1i l\u01b0\u1ee3ng t\u1ecbnh<\/td>\n<td>500gr<\/td>\n<\/tr>\n<\/tbody>\n<\/table>\n<\/div>","protected":false},"excerpt":{"rendered":"<p>N\u1eb1m trong khu n\u00f4ng nghi\u1ec7p h\u1eefu c\u01a1 c\u1ee7a v\u00f9ng\u00a0 La Drome mi\u1ec1n Nam n\u01b0\u1edbc Ph\u00e1p, Markal \u0111\u01b0\u1ee3c bi\u1ebft \u0111\u1ebfn nh\u01b0<\/p>","protected":false},"featured_media":21357,"comment_status":"open","ping_status":"closed","template":"","meta":[],"product_brand":[],"product_cat":[256,36,134],"product_tag":[],"class_list":{"0":"post-21347","1":"product","2":"type-product","3":"status-publish","4":"has-post-thumbnail","6":"product_cat-thuc-pham-huu-co","7":"product_cat-thuc-pham-tieu-dung","8":"product_cat-thucpham-saykho","9":"pa_brand-markal","11":"first","12":"instock","13":"sale","14":"shipping-taxable","15":"purchasable","16":"product-type-simple"},"_links":{"self":[{"href":"https:\/\/havamall.vn\/en\/wp-json\/wp\/v2\/product\/21347"}],"collection":[{"href":"https:\/\/havamall.vn\/en\/wp-json\/wp\/v2\/product"}],"about":[{"href":"https:\/\/havamall.vn\/en\/wp-json\/wp\/v2\/types\/product"}],"replies":[{"embeddable":true,"href":"https:\/\/havamall.vn\/en\/wp-json\/wp\/v2\/comments?post=21347"}],"version-history":[{"count":0,"href":"https:\/\/havamall.vn\/en\/wp-json\/wp\/v2\/product\/21347\/revisions"}],"wp:featuredmedia":[{"embeddable":true,"href":"https:\/\/havamall.vn\/en\/wp-json\/wp\/v2\/media\/21357"}],"wp:attachment":[{"href":"https:\/\/havamall.vn\/en\/wp-json\/wp\/v2\/media?parent=21347"}],"wp:term":[{"taxonomy":"product_brand","embeddable":true,"href":"https:\/\/havamall.vn\/en\/wp-json\/wp\/v2\/product_brand?post=21347"},{"taxonomy":"product_cat","embeddable":true,"href":"https:\/\/havamall.vn\/en\/wp-json\/wp\/v2\/product_cat?post=21347"},{"taxonomy":"product_tag","embeddable":true,"href":"https:\/\/havamall.vn\/en\/wp-json\/wp\/v2\/product_tag?post=21347"}],"curies":[{"name":"wp","href":"https:\/\/api.w.org\/{rel}","templated":true}]}}