{"id":21329,"date":"2021-08-23T15:39:31","date_gmt":"2021-08-23T08:39:31","guid":{"rendered":"https:\/\/havamall.vn\/?post_type=product&#038;p=21329"},"modified":"2022-11-02T11:08:29","modified_gmt":"2022-11-02T04:08:29","slug":"dau-lang-xanh-nguyen-hat-huu-co-markal-500gr-lentilles-vertes","status":"publish","type":"product","link":"https:\/\/havamall.vn\/en\/shop\/dau-lang-xanh-nguyen-hat-huu-co-markal-500gr-lentilles-vertes\/","title":{"rendered":"\u0110\u1eadu L\u0103ng Xanh Nguy\u00ean H\u1ea1t H\u1eefu C\u01a1 Markal 500gr &#8211; Organic Lentilles Vertes"},"content":{"rendered":"<p>N\u1eb1m trong khu n\u00f4ng nghi\u1ec7p h\u1eefu c\u01a1 c\u1ee7a v\u00f9ng\u00a0 La Drome mi\u1ec1n Nam n\u01b0\u1edbc Ph\u00e1p, Markal \u0111\u01b0\u1ee3c bi\u1ebft \u0111\u1ebfn nh\u01b0 m\u1ed9t trong nh\u1eefng nh\u00e0 cung c\u1ea5p ch\u1ea5t l\u01b0\u1ee3ng h\u00e0ng \u0111\u1ea7u c\u00e1c s\u1ea3n ph\u1ea9m t\u1eeb ng\u0169 c\u1ed1c v\u00e0 g\u1ea1o h\u1eefu c\u01a1. B\u00ean c\u1ea1nh \u0111\u00f3, c\u00f2n c\u00f3 nh\u1eefng s\u1ea3n ph\u1ea9m h\u1eefu c\u01a1 kh\u00e1c nh\u01b0 \u0111\u1eadu, h\u1ea1t \u0111\u1ec1u \u0111\u01b0\u1ee3c \u01b0a chu\u1ed9ng nh\u1ea5t tr\u00ean th\u1ecb tr\u01b0\u1eddng hi\u1ec7n nay. V\u1edbi h\u1ec7 th\u1ed1ng s\u1ea3n xu\u1ea5t v\u00e0 quy tr\u00ecnh ki\u1ec3m \u0111\u1ecbnh ch\u1eb7t ch\u1ebd theo chu\u1ea9n h\u1eefu c\u01a1 Ch\u00e2u \u00c2u v\u00e0 Ph\u00e1p, Markal t\u1ef1 h\u00e0o mang \u0111\u1ebfn cho ng\u01b0\u1eddi ti\u00eau d\u00f9ng nh\u1eefng s\u1ea3n ph\u1ea9m l\u00e0nh m\u1ea1nh v\u00e0 an to\u00e0n nh\u1ea5t.<\/p>\n<p><img fetchpriority=\"high\" decoding=\"async\" class=\"wp-image-21322 aligncenter\" src=\"https:\/\/havamall.vn\/wp-content\/uploads\/2021\/08\/\u0110\u1eacU-2-300x120.jpg\" alt=\"\" width=\"655\" height=\"262\" srcset=\"https:\/\/havamall.vn\/wp-content\/uploads\/2021\/08\/\u0110\u1eacU-2-300x120.jpg 300w, https:\/\/havamall.vn\/wp-content\/uploads\/2021\/08\/\u0110\u1eacU-2-430x172.jpg 430w, https:\/\/havamall.vn\/wp-content\/uploads\/2021\/08\/\u0110\u1eacU-2-150x60.jpg 150w, https:\/\/havamall.vn\/wp-content\/uploads\/2021\/08\/\u0110\u1eacU-2-700x280.jpg 700w, https:\/\/havamall.vn\/wp-content\/uploads\/2021\/08\/\u0110\u1eacU-2-768x307.jpg 768w, https:\/\/havamall.vn\/wp-content\/uploads\/2021\/08\/\u0110\u1eacU-2-1024x410.jpg 1024w, https:\/\/havamall.vn\/wp-content\/uploads\/2021\/08\/\u0110\u1eacU-2-1200x480.jpg 1200w, https:\/\/havamall.vn\/wp-content\/uploads\/2021\/08\/\u0110\u1eacU-2-600x240.jpg 600w\" sizes=\"(max-width: 655px) 100vw, 655px\" \/><\/p>\n<p>\u0110\u1eadu l\u0103ng xanh Markal \u0111\u01b0\u1ee3c nh\u1eadp kh\u1ea9u t\u1eeb Ph\u00e1p, ch\u1ee9a nhi\u1ec1u ch\u1ea5t dinh d\u01b0\u1ee1ng, ch\u1ee9a nhi\u1ec1u ch\u1ea5t x\u01a1 v\u00e0 h\u00e0m l\u01b0\u1ee3ng carbohydrate ph\u1ee9c th\u1ea5p, th\u1eddi gian b\u1ea3o qu\u1ea3n l\u00e2u. D\u00f9ng l\u00e0m nguy\u00ean li\u1ec7u cho nhi\u1ec1u m\u00f3n \u0103n nh\u01b0 n\u1ea5u s\u00fap, tr\u1ed9n salad, h\u1ea7m x\u01b0\u01a1ng, n\u1ea5u ch\u00e8 v\u00e0 d\u00f9ng cho nhi\u1ec1u m\u00f3n \u0103n kh\u00e1c.<\/p>\n<p><img decoding=\"async\" class=\"wp-image-21330 aligncenter\" src=\"https:\/\/havamall.vn\/wp-content\/uploads\/2021\/08\/L\u0102NG-XANH-1-300x192.jpg\" alt=\"\" width=\"655\" height=\"419\" srcset=\"https:\/\/havamall.vn\/wp-content\/uploads\/2021\/08\/L\u0102NG-XANH-1-300x192.jpg 300w, https:\/\/havamall.vn\/wp-content\/uploads\/2021\/08\/L\u0102NG-XANH-1-430x276.jpg 430w, https:\/\/havamall.vn\/wp-content\/uploads\/2021\/08\/L\u0102NG-XANH-1-150x96.jpg 150w, https:\/\/havamall.vn\/wp-content\/uploads\/2021\/08\/L\u0102NG-XANH-1-700x449.jpg 700w, https:\/\/havamall.vn\/wp-content\/uploads\/2021\/08\/L\u0102NG-XANH-1-768x492.jpg 768w, https:\/\/havamall.vn\/wp-content\/uploads\/2021\/08\/L\u0102NG-XANH-1-600x385.jpg 600w, https:\/\/havamall.vn\/wp-content\/uploads\/2021\/08\/L\u0102NG-XANH-1.jpg 800w\" sizes=\"(max-width: 655px) 100vw, 655px\" \/><\/p>\n<p>Kho\u1ea3ng 26% l\u01b0\u1ee3ng calorie trong \u0111\u1eadu l\u0103ng b\u1eaft ngu\u1ed3n t\u1eeb c\u00e1c protein, v\u00ec v\u1eady \u0111\u1eadu l\u0103ng l\u00e0 m\u1ed9t ngu\u1ed3n cung c\u1ea5p protein tuy\u1ec7t v\u1eddi. B\u1ea1n c\u00f3 th\u1ec3 \u0103n \u0111\u1eadu l\u0103ng thay cho c\u01a1m m\u00e0 kh\u00f4ng lo s\u1ee3 t\u00edch t\u1ee5 ch\u1ea5t b\u00e9o. M\u1ed9t ch\u00e9n \u0111\u1eadu l\u0103ng n\u1ea5u ch\u00edn c\u00f3 kho\u1ea3ng 230 calorie, n\u00f3 s\u1ebd gi\u00fap b\u1ea1n no l\u00e2u v\u00e0 kh\u1ed1ng ch\u1ebf c\u01a1n \u0111\u00f3i.<\/p>\n<p><img decoding=\"async\" class=\"wp-image-21331 aligncenter\" src=\"https:\/\/havamall.vn\/wp-content\/uploads\/2021\/08\/\u0110\u1eacU-G\u00c0-4-300x300.jpg\" alt=\"\" width=\"655\" height=\"655\" srcset=\"https:\/\/havamall.vn\/wp-content\/uploads\/2021\/08\/\u0110\u1eacU-G\u00c0-4-300x300.jpg 300w, https:\/\/havamall.vn\/wp-content\/uploads\/2021\/08\/\u0110\u1eacU-G\u00c0-4-430x430.jpg 430w, https:\/\/havamall.vn\/wp-content\/uploads\/2021\/08\/\u0110\u1eacU-G\u00c0-4-150x150.jpg 150w, https:\/\/havamall.vn\/wp-content\/uploads\/2021\/08\/\u0110\u1eacU-G\u00c0-4-700x700.jpg 700w, https:\/\/havamall.vn\/wp-content\/uploads\/2021\/08\/\u0110\u1eacU-G\u00c0-4-768x768.jpg 768w, https:\/\/havamall.vn\/wp-content\/uploads\/2021\/08\/\u0110\u1eacU-G\u00c0-4-1024x1024.jpg 1024w, https:\/\/havamall.vn\/wp-content\/uploads\/2021\/08\/\u0110\u1eacU-G\u00c0-4-600x600.jpg 600w, https:\/\/havamall.vn\/wp-content\/uploads\/2021\/08\/\u0110\u1eacU-G\u00c0-4-100x100.jpg 100w, https:\/\/havamall.vn\/wp-content\/uploads\/2021\/08\/\u0110\u1eacU-G\u00c0-4.jpg 1080w\" sizes=\"(max-width: 655px) 100vw, 655px\" \/><\/p>\n<h4><strong>C\u00f4ng d\u1ee5ng c\u1ee7a \u0111\u1eadu l\u0103ng:<\/strong><\/h4>\n<p>\u2013 \u0110\u1eadu l\u0103ng c\u00f3 h\u00e0m l\u01b0\u1ee3ng ch\u1ea5t x\u01a1 h\u00f2a tan cao gi\u00fap gi\u1ea3m m\u1ee9c cholesterol trong m\u00e1u m\u1ed9t c\u00e1ch hi\u1ec7u qu\u1ea3. T\u1ed1t cho tim<\/p>\n<p>\u2013 \u0110\u1eadu l\u0103ng c\u0169ng l\u00e0 ngu\u1ed3n cung c\u1ea5p folate v\u00e0 magi\u00ea tuy\u1ec7t v\u1eddi, \u0111\u01b0\u1ee3c bi\u1ebft \u0111\u1ebfn l\u00e0 nh\u1eefng th\u1ee9 \u0111\u00f3ng g\u00f3p l\u1edbn cho s\u1ee9c kh\u1ecfe tim m\u1ea1ch.<\/p>\n<p>\u2013 \u0110\u1eadu l\u0103ng c\u00f3 ch\u1ee9a ch\u1ea5t x\u01a1 ti\u00eau h\u00f3a kh\u00f4ng h\u00f2a tan gi\u00fap ng\u0103n ng\u1eeba t\u00e1o b\u00f3n v\u00e0 c\u00e1c r\u1ed1i lo\u1ea1n ti\u00eau h\u00f3a kh\u00e1c nh\u01b0 h\u1ed9i ch\u1ee9ng ru\u1ed9t k\u00edch th\u00edch v\u00e0 b\u1ec7nh l\u00fd t\u00fai th\u1eeba.<\/p>\n<p>Ch\u1ea5t x\u01a1 h\u00f2a tan trong \u0111\u1eadu l\u0103ng ng\u0103n cacbonhydrat, l\u00e0m ch\u1eadm qu\u00e1 tr\u00ecnh ti\u00eau h\u00f3a v\u00e0 gi\u00fap \u1ed5n \u0111\u1ecbnh m\u1ee9c \u0111\u01b0\u1eddng huy\u1ebft.<\/p>\n<p>\u2013 \u0110\u1eadu l\u0103ng gi\u00fap cung c\u1ea5p n\u0103ng l\u01b0\u1ee3ng cho c\u01a1 th\u1ec3 nh\u1edd ch\u1ee9a ch\u1ea5t x\u01a1 v\u00e0 h\u00e0m l\u01b0\u1ee3ng carbohydrate ph\u1ee9c t\u1ea1p.<\/p>\n<p>\u2013 \u0110\u1eadu l\u0103ng c\u0169ng c\u00f3 kh\u1ea3 n\u0103ng ch\u1ed1ng l\u1ea1i b\u1ec7nh ung th\u01b0. \u0110\u1eadu l\u0103ng c\u00f3 th\u1ec3 ki\u1ec3m so\u00e1t s\u1ef1 ph\u00e1t tri\u1ec3n c\u1ee7a c\u00e1c t\u1ebf b\u00e0o ung th\u01b0.<\/p>\n<p><img loading=\"lazy\" decoding=\"async\" class=\"wp-image-21332 aligncenter\" src=\"https:\/\/havamall.vn\/wp-content\/uploads\/2021\/08\/L\u0102NG-XANH-2-300x200.jpg\" alt=\"\" width=\"656\" height=\"437\" srcset=\"https:\/\/havamall.vn\/wp-content\/uploads\/2021\/08\/L\u0102NG-XANH-2-300x200.jpg 300w, https:\/\/havamall.vn\/wp-content\/uploads\/2021\/08\/L\u0102NG-XANH-2-430x286.jpg 430w, https:\/\/havamall.vn\/wp-content\/uploads\/2021\/08\/L\u0102NG-XANH-2-150x100.jpg 150w, https:\/\/havamall.vn\/wp-content\/uploads\/2021\/08\/L\u0102NG-XANH-2-700x466.jpg 700w, https:\/\/havamall.vn\/wp-content\/uploads\/2021\/08\/L\u0102NG-XANH-2-768x512.jpg 768w, https:\/\/havamall.vn\/wp-content\/uploads\/2021\/08\/L\u0102NG-XANH-2-1024x682.jpg 1024w, https:\/\/havamall.vn\/wp-content\/uploads\/2021\/08\/L\u0102NG-XANH-2-1200x799.jpg 1200w, https:\/\/havamall.vn\/wp-content\/uploads\/2021\/08\/L\u0102NG-XANH-2-600x400.jpg 600w, https:\/\/havamall.vn\/wp-content\/uploads\/2021\/08\/L\u0102NG-XANH-2.jpg 1201w\" sizes=\"(max-width: 656px) 100vw, 656px\" \/><\/p>\n<h4><strong>H\u01b0\u1edbng d\u1eabn s\u1eed d\u1ee5ng<\/strong><\/h4>\n<ul>\n<li>R\u1eeda s\u1ea1ch v\u00e0 n\u1ea5u \u0111\u1eadu l\u0103ng xanh trong n\u01b0\u1edbc kh\u00f4ng mu\u1ed1i v\u1edbi t\u1ec9 l\u1ec7 1:3 trong 25 ph\u00fat.<\/li>\n<li>\u0110\u1eadu l\u0103ng xanh n\u00ean \u0111\u01b0\u1ee3c \u0103n n\u00f3ng nh\u01b0 m\u1ed9t m\u00f3n \u0103n k\u00e8m ho\u1eb7c \u0103n l\u1ea1nh v\u1edbi salad. Ngo\u00e0i ra c\u0169ng c\u00f3 th\u1ec3 d\u00f9ng ch\u1ebf bi\u1ebfn c\u00e1c m\u00f3n s\u00fap, ch\u00e1o hay l\u00e0m b\u00e1nh.<\/li>\n<\/ul>\n<table>\n<tbody>\n<tr>\n<td>Th\u01b0\u01a1ng hi\u1ec7u<\/td>\n<td>MARKAL<\/td>\n<\/tr>\n<tr>\n<td>Xu\u1ea5t x\u1ee9 ngu\u1ed3n nguy\u00ean li\u1ec7u<\/td>\n<td>Ph\u00e1p<\/td>\n<\/tr>\n<tr>\n<td>Th\u00e0nh ph\u1ea7n<\/td>\n<td>100% \u0111\u1eadu l\u0103ng xanh h\u1eefu c\u01a1<\/td>\n<\/tr>\n<tr>\n<td>H\u1ea1n s\u1eed d\u1ee5ng<\/td>\n<td>16 th\u00e1ng k\u1ec3 t\u1eeb ng\u00e0y s\u1ea3n xu\u1ea5t.<\/td>\n<\/tr>\n<tr>\n<td>B\u1ea3o qu\u1ea3n<\/td>\n<td>\u0110\u1ec3 n\u01a1i kh\u00f4 r\u00e1o, tho\u00e1ng m\u00e1t, tr\u00e1nh \u00e1nh n\u1eafng tr\u1ef1c ti\u1ebfp<\/td>\n<\/tr>\n<tr>\n<td>Kh\u1ed1i l\u01b0\u1ee3ng t\u1ecbnh<\/td>\n<td>500gr<\/td>\n<\/tr>\n<\/tbody>\n<\/table>","protected":false},"excerpt":{"rendered":"<p>N\u1eb1m trong khu n\u00f4ng nghi\u1ec7p h\u1eefu c\u01a1 c\u1ee7a v\u00f9ng\u00a0 La Drome mi\u1ec1n Nam n\u01b0\u1edbc Ph\u00e1p, Markal \u0111\u01b0\u1ee3c bi\u1ebft \u0111\u1ebfn nh\u01b0<\/p>","protected":false},"featured_media":21334,"comment_status":"open","ping_status":"closed","template":"","meta":[],"product_brand":[],"product_cat":[256,36,134],"product_tag":[],"class_list":{"0":"post-21329","1":"product","2":"type-product","3":"status-publish","4":"has-post-thumbnail","6":"product_cat-thuc-pham-huu-co","7":"product_cat-thuc-pham-tieu-dung","8":"product_cat-thucpham-saykho","9":"pa_brand-markal","11":"first","12":"instock","13":"sale","14":"shipping-taxable","15":"purchasable","16":"product-type-simple"},"_links":{"self":[{"href":"https:\/\/havamall.vn\/en\/wp-json\/wp\/v2\/product\/21329"}],"collection":[{"href":"https:\/\/havamall.vn\/en\/wp-json\/wp\/v2\/product"}],"about":[{"href":"https:\/\/havamall.vn\/en\/wp-json\/wp\/v2\/types\/product"}],"replies":[{"embeddable":true,"href":"https:\/\/havamall.vn\/en\/wp-json\/wp\/v2\/comments?post=21329"}],"version-history":[{"count":0,"href":"https:\/\/havamall.vn\/en\/wp-json\/wp\/v2\/product\/21329\/revisions"}],"wp:featuredmedia":[{"embeddable":true,"href":"https:\/\/havamall.vn\/en\/wp-json\/wp\/v2\/media\/21334"}],"wp:attachment":[{"href":"https:\/\/havamall.vn\/en\/wp-json\/wp\/v2\/media?parent=21329"}],"wp:term":[{"taxonomy":"product_brand","embeddable":true,"href":"https:\/\/havamall.vn\/en\/wp-json\/wp\/v2\/product_brand?post=21329"},{"taxonomy":"product_cat","embeddable":true,"href":"https:\/\/havamall.vn\/en\/wp-json\/wp\/v2\/product_cat?post=21329"},{"taxonomy":"product_tag","embeddable":true,"href":"https:\/\/havamall.vn\/en\/wp-json\/wp\/v2\/product_tag?post=21329"}],"curies":[{"name":"wp","href":"https:\/\/api.w.org\/{rel}","templated":true}]}}