{"id":21304,"date":"2021-08-23T14:05:57","date_gmt":"2021-08-23T07:05:57","guid":{"rendered":"https:\/\/havamall.vn\/?post_type=product&#038;p=21304"},"modified":"2022-01-26T14:53:21","modified_gmt":"2022-01-26T07:53:21","slug":"mat-mia-huu-co-lumlum-organic-caramelized-cane-surup-260ml","status":"publish","type":"product","link":"https:\/\/havamall.vn\/en\/shop\/mat-mia-huu-co-lumlum-organic-caramelized-cane-surup-260ml\/","title":{"rendered":"M\u1eadt M\u00eda H\u1eefu C\u01a1 Lumlum &#8211; Organic Caramelized Cane Surup 260ml"},"content":{"rendered":"<h3><strong>TH\u00d4NG TIN S\u1ea2N PH\u1ea8M<\/strong><\/h3>\n<table>\n<tbody>\n<tr>\n<td>Th\u01b0\u01a1ng hi\u1ec7u<\/td>\n<td>Lumlum<\/td>\n<\/tr>\n<tr>\n<td>Xu\u1ea5t x\u1ee9<\/td>\n<td>Th\u00e1i Lan<\/td>\n<\/tr>\n<tr>\n<td>Th\u00e0nh ph\u1ea7n<\/td>\n<td>100% m\u1eadt m\u00eda h\u1eefu c\u01a1<\/td>\n<\/tr>\n<tr>\n<td>H\u1ea1n s\u1eed d\u1ee5ng<\/td>\n<td>24 th\u00e1ng k\u1ec3 t\u1eeb ng\u00e0y s\u1ea3n xu\u1ea5t.<\/td>\n<\/tr>\n<tr>\n<td>B\u1ea3o qu\u1ea3n<\/td>\n<td>\u0110\u1eady k\u00edn v\u00e0 b\u1ea3o qu\u1ea3n n\u01a1i tho\u00e1ng m\u00e1t<\/td>\n<\/tr>\n<tr>\n<td>Th\u1ec3 t\u00edch th\u1ef1c<\/td>\n<td>260ml<\/td>\n<\/tr>\n<\/tbody>\n<\/table>\n<p><span style=\"font-weight: 400\">M\u1eadt m\u00eda l\u00e0 th\u00e0nh ph\u1ea9m thu \u0111\u01b0\u1ee3c t\u1eeb qu\u00e1 tr\u00ecnh n\u1ea5u c\u00f4 \u0111\u1eb7c n\u01b0\u1edbc m\u00eda \u00e9p, v\u1ecb th\u01a1m thanh ng\u1ecdt, pha ch\u00fat v\u1ecb cam th\u1ea3o ho\u1eb7c caramel.\u00a0<\/span><span style=\"font-weight: 400\">M\u1eadt m\u00eda h\u1eefu c\u01a1 Lumlum l\u00e0 s\u1ea3n ph\u1ea9m t\u1ea1o ng\u1ecdt t\u1ef1 nhi\u00ean, \u00edt calorie h\u01a1n \u0111\u01b0\u1eddng saccharose v\u00e0 gi\u00e0u ch\u1ea5t kho\u00e1ng v\u00e0 nguy\u00ean t\u1ed1 vi l\u01b0\u1ee3ng (can xi, magnesium v\u00e0 s\u1eaft). Ngo\u00e0i ra, l\u01b0\u1ee3ng potassium t\u1ed3n t\u1ea1i t\u1ef1 nhi\u00ean trong m\u1eadt m\u00eda h\u1ed7 tr\u1ee3 ho\u1ea1t \u0111\u1ed9ng c\u01a1 b\u1eafp v\u00e0 c\u00e2n b\u1eb1ng \u0111\u1ed9 ki\u1ec1m axit cho c\u01a1 th\u1ec3.\u00a0<\/span><\/p>\n<p><img fetchpriority=\"high\" decoding=\"async\" class=\"wp-image-21305 aligncenter\" src=\"https:\/\/havamall.vn\/wp-content\/uploads\/2021\/08\/uoiuk-275x300.png\" alt=\"\" width=\"682\" height=\"745\" srcset=\"https:\/\/havamall.vn\/wp-content\/uploads\/2021\/08\/uoiuk-275x300.png 275w, https:\/\/havamall.vn\/wp-content\/uploads\/2021\/08\/uoiuk-430x469.png 430w, https:\/\/havamall.vn\/wp-content\/uploads\/2021\/08\/uoiuk-150x164.png 150w, https:\/\/havamall.vn\/wp-content\/uploads\/2021\/08\/uoiuk-700x764.png 700w, https:\/\/havamall.vn\/wp-content\/uploads\/2021\/08\/uoiuk-768x838.png 768w, https:\/\/havamall.vn\/wp-content\/uploads\/2021\/08\/uoiuk-938x1024.png 938w, https:\/\/havamall.vn\/wp-content\/uploads\/2021\/08\/uoiuk-1200x1309.png 1200w, https:\/\/havamall.vn\/wp-content\/uploads\/2021\/08\/uoiuk-600x655.png 600w, https:\/\/havamall.vn\/wp-content\/uploads\/2021\/08\/uoiuk.png 1448w\" sizes=\"(max-width: 682px) 100vw, 682px\" \/><\/p>\n<p><span style=\"font-weight: 400\">M\u1eadt m\u00eda tr\u1ea3i qua qu\u00e1 tr\u00ecnh ch\u1ebf bi\u1ebfn \u00edt h\u01a1n, ti\u00eau t\u1ed1n \u00edt n\u0103ng l\u01b0\u1ee3ng h\u01a1n \u0111\u1ec3 t\u1ea1o ra, c\u00f3 th\u1ec3 c\u00f3 l\u1ee3i cho m\u00f4i tr\u01b0\u1eddng. Si r\u00f4 m\u00eda kh\u00f4ng ch\u1ee9a ch\u1ea5t ph\u1ee5 gia ho\u1eb7c ch\u1ea5t b\u1ea3o qu\u1ea3n.<\/span><\/p>\n<p>M\u1eadt m\u00eda h\u1eefu c\u01a1 Lumlum c\u00f3 d\u1ea1ng siro, v\u1ecb ng\u1ecdt thanh mang s\u1eafc v\u00e0ng h\u1ed5 ph\u00e1ch v\u00e0 c\u00f3 th\u1ec3 s\u1eed d\u1ee5ng nh\u01b0 m\u1ed9t lo\u1ea1i gia v\u1ecb \u0111a n\u0103ng trong h\u1ea7u h\u1ebft c\u00e1c m\u00f3n \u0103n, th\u1ee9c u\u1ed1ng. H\u1ee9a h\u1eb9n s\u1ebd kh\u00f4ng l\u00e0m b\u1ea1n th\u1ea5t v\u1ecdng khi d\u1ef1 tr\u1eef s\u1ea3n ph\u1ea9m Lumlum trong ng\u0103n b\u1ebfp nh\u00e0 b\u1ea1n.<\/p>\n<p><img decoding=\"async\" class=\"wp-image-21306 aligncenter\" src=\"https:\/\/havamall.vn\/wp-content\/uploads\/2021\/08\/161040941_1007917552945740_4634585882004341152_n-249x300.png\" alt=\"\" width=\"702\" height=\"846\" srcset=\"https:\/\/havamall.vn\/wp-content\/uploads\/2021\/08\/161040941_1007917552945740_4634585882004341152_n-249x300.png 249w, https:\/\/havamall.vn\/wp-content\/uploads\/2021\/08\/161040941_1007917552945740_4634585882004341152_n-430x518.png 430w, https:\/\/havamall.vn\/wp-content\/uploads\/2021\/08\/161040941_1007917552945740_4634585882004341152_n-150x181.png 150w, https:\/\/havamall.vn\/wp-content\/uploads\/2021\/08\/161040941_1007917552945740_4634585882004341152_n-700x843.png 700w, https:\/\/havamall.vn\/wp-content\/uploads\/2021\/08\/161040941_1007917552945740_4634585882004341152_n-768x924.png 768w, https:\/\/havamall.vn\/wp-content\/uploads\/2021\/08\/161040941_1007917552945740_4634585882004341152_n-851x1024.png 851w, https:\/\/havamall.vn\/wp-content\/uploads\/2021\/08\/161040941_1007917552945740_4634585882004341152_n-600x722.png 600w, https:\/\/havamall.vn\/wp-content\/uploads\/2021\/08\/161040941_1007917552945740_4634585882004341152_n.png 1080w\" sizes=\"(max-width: 702px) 100vw, 702px\" \/><\/p>\n<p>M\u1eadt m\u00eda \u0111\u01b0\u1ee3c s\u1eed d\u1ee5ng nhi\u1ec1u trong ch\u1ebf bi\u1ebfn b\u00e1nh k\u1eb9o, th\u1ef1c ph\u1ea9m m\u1eadt\u00a0m\u00eda\u00a0an to\u00e0n h\u01a1n so v\u1edbi m\u1ed1t ch\u1ea5t t\u1ea1o ng\u1ecdt kh\u00e1c.\u00a0M\u1eadt m\u00eda h\u1eefu c\u01a1 Lumlum l\u00e0 ch\u1ea5t l\u1ecfng d\u1ea1ng siro t\u01b0\u01a1ng t\u1ef1 nh\u01b0 m\u1eadt ong, l\u00e0 s\u1ea3n ph\u1ea9m thu \u0111\u01b0\u1ee3c t\u1eeb c\u00e2y m\u00eda, c\u00f3 m\u00e0u v\u00e0ng \u00f3ng, v\u1ecb thanh ng\u1ecdt. M\u1eadt m\u00eda \u0111\u01b0\u1ee3c s\u1eed d\u1ee5ng ch\u1ee7 y\u1ebfu \u0111\u1ec3 l\u00e0m nguy\u00ean li\u1ec7u ch\u1ebf bi\u1ebfn th\u1ef1c ph\u1ea9m.<\/p>\n<p><img decoding=\"async\" class=\"wp-image-21307 aligncenter\" src=\"https:\/\/havamall.vn\/wp-content\/uploads\/2021\/08\/173497121_1026920541045441_356905540658154710_n-300x300.png\" alt=\"\" width=\"706\" height=\"706\" srcset=\"https:\/\/havamall.vn\/wp-content\/uploads\/2021\/08\/173497121_1026920541045441_356905540658154710_n-300x300.png 300w, https:\/\/havamall.vn\/wp-content\/uploads\/2021\/08\/173497121_1026920541045441_356905540658154710_n-430x430.png 430w, https:\/\/havamall.vn\/wp-content\/uploads\/2021\/08\/173497121_1026920541045441_356905540658154710_n-150x150.png 150w, https:\/\/havamall.vn\/wp-content\/uploads\/2021\/08\/173497121_1026920541045441_356905540658154710_n-700x700.png 700w, https:\/\/havamall.vn\/wp-content\/uploads\/2021\/08\/173497121_1026920541045441_356905540658154710_n-768x768.png 768w, https:\/\/havamall.vn\/wp-content\/uploads\/2021\/08\/173497121_1026920541045441_356905540658154710_n-1024x1024.png 1024w, https:\/\/havamall.vn\/wp-content\/uploads\/2021\/08\/173497121_1026920541045441_356905540658154710_n-1200x1200.png 1200w, https:\/\/havamall.vn\/wp-content\/uploads\/2021\/08\/173497121_1026920541045441_356905540658154710_n-600x600.png 600w, https:\/\/havamall.vn\/wp-content\/uploads\/2021\/08\/173497121_1026920541045441_356905540658154710_n-100x100.png 100w, https:\/\/havamall.vn\/wp-content\/uploads\/2021\/08\/173497121_1026920541045441_356905540658154710_n.png 1762w\" sizes=\"(max-width: 706px) 100vw, 706px\" \/><\/p>\n<p><span style=\"font-weight: 400\">M\u1eadt m\u00eda \u0111\u01b0\u1ee3c s\u1eed d\u1ee5ng t\u1eeb l\u00e2u \u0111\u1eddi, t\u1eeb ng\u00e0y x\u01b0a, th\u1ed5 d\u00e2n \u00dac \u0111\u00e3 d\u00f9ng n\u00f3 \u0111\u1ec3 ch\u1eefa b\u1ec7nh nh\u01b0ng do n\u1ec1n s\u1ea3n xu\u1ea5t \u0111\u01b0\u1eddng c\u00f4ng nghi\u1ec7p n\u00f3 \u0111\u01b0\u1ee3c \u00edt ng\u01b0\u1eddi ch\u00fa \u00fd \u0111\u1ebfn. Ng\u00e0y nay, khoa h\u1ecdc ch\u1ee9ng minh \u0111\u01b0\u1eddng tinh luy\u1ec7n r\u1ea5t nguy hi\u1ec3m v\u1edbi s\u1ee9c kh\u1ecfe con ng\u01b0\u1eddi, c\u00f9ng v\u1edbi xu h\u01b0\u1edbng tr\u1edf v\u1ec1 v\u1edbi th\u1ef1c ph\u1ea9m thi\u00ean nhi\u00ean ng\u01b0\u1eddi ta \u0111ang r\u1ea5t ch\u00fa \u00fd \u0111\u1ebfn m\u1eadt m\u00eda \u0111\u01b0\u1ee3c l\u00e0m ho\u00e0n to\u00e0n t\u1ef1 nhi\u00ean, nguy\u00ean ch\u1ea5t dinh d\u01b0\u1ee1ng c\u1ee7a c\u00e2y m\u00eda.<\/span><\/p>\n<p><img loading=\"lazy\" decoding=\"async\" class=\"wp-image-21308 aligncenter\" src=\"https:\/\/havamall.vn\/wp-content\/uploads\/2021\/08\/HJUGH-300x200.png\" alt=\"\" width=\"704\" height=\"470\" srcset=\"https:\/\/havamall.vn\/wp-content\/uploads\/2021\/08\/HJUGH-300x200.png 300w, https:\/\/havamall.vn\/wp-content\/uploads\/2021\/08\/HJUGH-430x286.png 430w, https:\/\/havamall.vn\/wp-content\/uploads\/2021\/08\/HJUGH-150x100.png 150w, https:\/\/havamall.vn\/wp-content\/uploads\/2021\/08\/HJUGH-700x466.png 700w, https:\/\/havamall.vn\/wp-content\/uploads\/2021\/08\/HJUGH-768x512.png 768w, https:\/\/havamall.vn\/wp-content\/uploads\/2021\/08\/HJUGH-1024x682.png 1024w, https:\/\/havamall.vn\/wp-content\/uploads\/2021\/08\/HJUGH-1200x799.png 1200w, https:\/\/havamall.vn\/wp-content\/uploads\/2021\/08\/HJUGH-600x400.png 600w, https:\/\/havamall.vn\/wp-content\/uploads\/2021\/08\/HJUGH.png 1366w\" sizes=\"(max-width: 704px) 100vw, 704px\" \/><\/p>\n<p><span style=\"font-weight: 400\">C\u00e1c ch\u1ea5t dinh d\u01b0\u1ee1ng c\u00f3 trong m\u1eadt m\u00eda: carbonhydrat, nhi\u1ec1u acid amin, \u0111\u1eb7c bi\u1ec7t l\u00e0 nhi\u1ec1u acid amin c\u1ea7n thi\u1ebft, \u0111\u00f3ng vai tr\u00f2 quan tr\u1ecdng trong vi\u1ec7c b\u1ed5 sung ch\u1ea5t dinh d\u01b0\u1ee1ng cho c\u01a1 th\u1ec3; vitamin B1, B2, B6, C; c\u00e1c mu\u1ed1i v\u00f4 c\u01a1 nh\u01b0 Calci, Phospho, s\u1eaft\u2026 v\u00e0 c\u00e1c acid h\u1eefu c\u01a1 c\u00f3 ch\u1ee9a acid succinic, acid fumaric, acid malic, acid citric\u2026<\/span><\/p>\n<p><img loading=\"lazy\" decoding=\"async\" class=\"wp-image-21309 aligncenter\" src=\"https:\/\/havamall.vn\/wp-content\/uploads\/2021\/08\/KLIH-300x169.png\" alt=\"\" width=\"713\" height=\"402\" srcset=\"https:\/\/havamall.vn\/wp-content\/uploads\/2021\/08\/KLIH-300x169.png 300w, https:\/\/havamall.vn\/wp-content\/uploads\/2021\/08\/KLIH-430x242.png 430w, https:\/\/havamall.vn\/wp-content\/uploads\/2021\/08\/KLIH-150x84.png 150w, https:\/\/havamall.vn\/wp-content\/uploads\/2021\/08\/KLIH-700x394.png 700w, https:\/\/havamall.vn\/wp-content\/uploads\/2021\/08\/KLIH-768x432.png 768w, https:\/\/havamall.vn\/wp-content\/uploads\/2021\/08\/KLIH-1024x576.png 1024w, https:\/\/havamall.vn\/wp-content\/uploads\/2021\/08\/KLIH-1200x675.png 1200w, https:\/\/havamall.vn\/wp-content\/uploads\/2021\/08\/KLIH-600x338.png 600w, https:\/\/havamall.vn\/wp-content\/uploads\/2021\/08\/KLIH.png 1400w\" sizes=\"(max-width: 713px) 100vw, 713px\" \/><\/p>\n<p><span style=\"font-weight: 400\">Theo \u0110\u00f4ng y, m\u1eadt m\u00eda v\u1ecb ng\u1ecdt, t\u00ednh m\u00e1t, c\u00f3 t\u00e1c d\u1ee5ng thanh nhi\u1ec7t, sinh t\u00e2n d\u1ecbch, nhu\u1eadn t\u00e1o, gi\u00e1ng kh\u00ed. D\u00f9ng trong tr\u01b0\u1eddng h\u1ee3p ho khan \u00edt \u0111\u00e0m, c\u00f2n d\u00f9ng trong c\u00e1c ch\u1ee9ng m\u1ea5t d\u1ecbch v\u1ecb do v\u1ecb nhi\u1ec7t, l\u01b0\u1ee1i \u0111\u1ecf r\u00eau \u00edt, mi\u1ec7ng kh\u00f4 kh\u00e1t; c\u0169ng c\u00f3 th\u1ec3 d\u00f9ng cho ng\u01b0\u1eddi n\u00f4n \u1ecde nhi\u1ec1u l\u1ea7n, mi\u1ec7ng kh\u00f4 bu\u1ed3n b\u1ef1c, \u0111\u1ea1i ti\u1ec7n t\u00e1o k\u1ebft v\u00e0 ng\u01b0\u1eddi b\u1ecb ng\u1ed9 \u0111\u1ed9c do r\u01b0\u1ee3u. Th\u1ef1c nghi\u1ec7m cho th\u1ea5y, m\u00eda ch\u1ee9a nhi\u1ec1u lo\u1ea1i \u0111\u01b0\u1eddng, c\u00f3 t\u00e1c d\u1ee5ng \u1ee9c ch\u1ebf c\u00e1c kh\u1ed1i u \u00e1c t\u00ednh.<\/span><\/p>\n<p><img loading=\"lazy\" decoding=\"async\" class=\"wp-image-21310 aligncenter\" src=\"https:\/\/havamall.vn\/wp-content\/uploads\/2021\/08\/kjik-300x300.png\" alt=\"\" width=\"726\" height=\"726\" srcset=\"https:\/\/havamall.vn\/wp-content\/uploads\/2021\/08\/kjik-300x300.png 300w, https:\/\/havamall.vn\/wp-content\/uploads\/2021\/08\/kjik-430x430.png 430w, https:\/\/havamall.vn\/wp-content\/uploads\/2021\/08\/kjik-150x150.png 150w, https:\/\/havamall.vn\/wp-content\/uploads\/2021\/08\/kjik-700x700.png 700w, https:\/\/havamall.vn\/wp-content\/uploads\/2021\/08\/kjik-768x768.png 768w, https:\/\/havamall.vn\/wp-content\/uploads\/2021\/08\/kjik-600x600.png 600w, https:\/\/havamall.vn\/wp-content\/uploads\/2021\/08\/kjik-100x100.png 100w, https:\/\/havamall.vn\/wp-content\/uploads\/2021\/08\/kjik.png 1024w\" sizes=\"(max-width: 726px) 100vw, 726px\" \/><\/p>\n<h3><strong>C\u00f4ng d\u1ee5ng:<\/strong><\/h3>\n<p><span style=\"font-weight: 400\">\u2013 M\u1eadt m\u00eda c\u00f3 t\u00e1c d\u1ee5ng thanh nhi\u1ec7t<\/span><\/p>\n<p><span style=\"font-weight: 400\">\u2013 M\u1eadt m\u00eda c\u00f3 kh\u1ea3 n\u0103ng gi\u00fap gi\u1ea3m h\u1ea5p th\u1ee5 calorie. N\u00ean vi\u1ec7c b\u1ed5 sung m\u1eadt m\u00eda v\u00e0o ch\u1ebf \u0111\u1ed9 \u0103n gi\u00e0u ch\u1ea5t b\u00e9o gi\u00fap l\u00e0m gi\u1ea3m l\u01b0\u1ee3ng ch\u1ea5t b\u00e9o trong c\u01a1 th\u1ec3.<\/span><\/p>\n<p><span style=\"font-weight: 400\">\u2013 M\u1eadt m\u00eda kh\u00f4ng nh\u1eefng ch\u1ee9a carbonhydrat, c\u00e1c acid amin c\u1ea7n thi\u1ebft cho c\u01a1 th\u1ec3 m\u00e0 c\u00f2n cung c\u1ea5p th\u00eam vitamin B1, B2, B6, C, Calci, Phospho, s\u1eaft\u2026 gi\u00fap t\u0103ng c\u01b0\u1eddng s\u1ee9c \u0111\u1ec1 kh\u00e1ng ch\u1ed1ng l\u1ea1i b\u1ec7nh t\u1eadt.<\/span><\/p>\n<p><img loading=\"lazy\" decoding=\"async\" class=\"wp-image-19244 aligncenter\" src=\"https:\/\/havamall.vn\/wp-content\/uploads\/2021\/03\/m\u1eadt-m\u00eda-3-255x300.jpg\" alt=\"\" width=\"734\" height=\"863\" srcset=\"https:\/\/havamall.vn\/wp-content\/uploads\/2021\/03\/m\u1eadt-m\u00eda-3-255x300.jpg 255w, https:\/\/havamall.vn\/wp-content\/uploads\/2021\/03\/m\u1eadt-m\u00eda-3-430x505.jpg 430w, https:\/\/havamall.vn\/wp-content\/uploads\/2021\/03\/m\u1eadt-m\u00eda-3-150x176.jpg 150w, https:\/\/havamall.vn\/wp-content\/uploads\/2021\/03\/m\u1eadt-m\u00eda-3-700x823.jpg 700w, https:\/\/havamall.vn\/wp-content\/uploads\/2021\/03\/m\u1eadt-m\u00eda-3-768x903.jpg 768w, https:\/\/havamall.vn\/wp-content\/uploads\/2021\/03\/m\u1eadt-m\u00eda-3-871x1024.jpg 871w, https:\/\/havamall.vn\/wp-content\/uploads\/2021\/03\/m\u1eadt-m\u00eda-3-1200x1411.jpg 1200w, https:\/\/havamall.vn\/wp-content\/uploads\/2021\/03\/m\u1eadt-m\u00eda-3-600x705.jpg 600w, https:\/\/havamall.vn\/wp-content\/uploads\/2021\/03\/m\u1eadt-m\u00eda-3.jpg 1481w\" sizes=\"(max-width: 734px) 100vw, 734px\" \/><\/p>\n<h3><strong>H\u01b0\u1edbng d\u1eabn s\u1eed d\u1ee5ng:\u00a0<\/strong><\/h3>\n<p><span style=\"font-weight: 400\">\u2013 \u0102n tr\u1ef1c ti\u1ebfp<\/span><\/p>\n<p><span style=\"font-weight: 400\">\u2013 Pha ch\u1ebf th\u1ee9c u\u1ed1ng tr\u1ef1c ti\u1ebfp (cam, tr\u00e0 t\u1eafc, tr\u00e0 s\u1eefa,\u2026)<\/span><\/p>\n<p><span style=\"font-weight: 400\">\u2013 S\u1eed d\u1ee5ng nh\u01b0 m\u1ed9t lo\u1ea1i gia v\u1ecb t\u1ea9m \u01b0\u1edbp.<\/span><\/p>\n<p><span style=\"font-weight: 400\">\u2013 D\u00f9ng \u0111\u1ec3 kho c\u00e1, th\u1ecbt.<\/span><\/p>\n<p><span style=\"font-weight: 400\">\u2013 L\u00e0m n\u01b0\u1edbc s\u1ed1t cho c\u00e1c m\u00f3n n\u01b0\u1edbng, salad.<\/span><\/p>\n<p><span style=\"font-weight: 400\">\u2013 D\u00f9ng ng\u00e2m c\u00e1c lo\u1ea1i qu\u1ea3: m\u01a1, m\u1eadn l\u00e0m siro\u2026<\/span><\/p>\n<p><span style=\"font-weight: 400\">\u2013 D\u00f9ng \u0111\u1ec3 ch\u1ea5m c\u00e1c lo\u1ea1i b\u00e1nh<\/span><\/p>\n<p><span style=\"font-weight: 400\">&#8211; S\u1eed d\u1ee5ng thay th\u1ebf \u0111\u01b0\u1eddng trong th\u1ee9c u\u1ed1ng (tr\u00e0, c\u00e0 ph\u00ea, n\u01b0\u1edbc chanh&#8230;) ho\u1eb7c \u0103n v\u1edbi b\u00e1nh cr\u00eape pancake, b\u00e1nh tr\u00f4i, b\u00e1nh gai, b\u00e1nh m\u1eadt&#8230; l\u00e0m ch\u1ea5t ph\u1ee7 trong c\u00e1c c\u00f4ng th\u1ee9c l\u00e0m b\u00e1nh ga t\u00f4&#8230;<\/span><\/p>\n<p><span style=\"font-weight: 400\">S\u1ea3n ph\u1ea9m hi\u1ec7n \u0111\u00e3 c\u00f3 m\u1eb7t t\u1ea1i Havamall.<\/span><\/p>","protected":false},"excerpt":{"rendered":"<p>M\u1eadt m\u00eda h\u1eefu c\u01a1 Lumlum \u0111\u01b0\u1ee3c chi\u1ebft xu\u1ea5t t\u1eeb 100% m\u1eadt m\u00eda h\u1eefu c\u01a1, \u0111\u01b0\u1ee3c x\u1eed l\u00fd theo c\u00f4ng ngh\u1ec7 \u0111\u1ed9c quy\u1ec1n, gi\u00fap gi\u1eef l\u1ea1i to\u00e0n b\u1ed9 c\u00e1c kho\u00e1ng ch\u1ea5t t\u1eeb m\u00eda.<\/p>\n<p>M\u1eadt m\u00eda h\u1eefu c\u01a1 Lumlum c\u00f3 d\u1ea1ng siro, v\u1ecb ng\u1ecdt thanh mang s\u1eafc v\u00e0ng h\u1ed5 ph\u00e1ch v\u00e0 c\u00f3 th\u1ec3 s\u1eed d\u1ee5ng nh\u01b0 m\u1ed9t lo\u1ea1i gia v\u1ecb \u0111a n\u0103ng trong h\u1ea7u h\u1ebft c\u00e1c m\u00f3n \u0103n, th\u1ee9c u\u1ed1ng. H\u1ee9a h\u1eb9n s\u1ebd kh\u00f4ng l\u00e0m b\u1ea1n th\u1ea5t v\u1ecdng khi d\u1ef1 tr\u1eef s\u1ea3n ph\u1ea9m Lumlum trong ng\u0103n b\u1ebfp nh\u00e0 b\u1ea1n.<\/p>\n<p>M\u1eadt m\u00eda \u0111\u01b0\u1ee3c s\u1eed d\u1ee5ng nhi\u1ec1u trong ch\u1ebf bi\u1ebfn b\u00e1nh k\u1eb9o, th\u1ef1c ph\u1ea9m m\u1eadt\u00a0m\u00eda\u00a0an to\u00e0n h\u01a1n so v\u1edbi m\u1ed1t ch\u1ea5t t\u1ea1o ng\u1ecdt kh\u00e1c.\u00a0M\u1eadt m\u00eda h\u1eefu c\u01a1 Lumlum l\u00e0 ch\u1ea5t l\u1ecfng d\u1ea1ng siro t\u01b0\u01a1ng t\u1ef1 nh\u01b0 m\u1eadt ong, l\u00e0 s\u1ea3n ph\u1ea9m thu \u0111\u01b0\u1ee3c t\u1eeb c\u00e2y m\u00eda, c\u00f3 m\u00e0u v\u00e0ng \u00f3ng, v\u1ecb thanh ng\u1ecdt. M\u1eadt m\u00eda \u0111\u01b0\u1ee3c s\u1eed d\u1ee5ng ch\u1ee7 y\u1ebfu \u0111\u1ec3 l\u00e0m nguy\u00ean li\u1ec7u ch\u1ebf bi\u1ebfn th\u1ef1c ph\u1ea9m<\/p>","protected":false},"featured_media":21311,"comment_status":"open","ping_status":"closed","template":"","meta":[],"product_brand":[],"product_cat":[256,36,143],"product_tag":[],"class_list":{"0":"post-21304","1":"product","2":"type-product","3":"status-publish","4":"has-post-thumbnail","6":"product_cat-thuc-pham-huu-co","7":"product_cat-thuc-pham-tieu-dung","8":"product_cat-thuc-pham-dong-hop","9":"pa_brand-lumlum","11":"first","12":"outofstock","13":"sale","14":"shipping-taxable","15":"purchasable","16":"product-type-simple"},"_links":{"self":[{"href":"https:\/\/havamall.vn\/en\/wp-json\/wp\/v2\/product\/21304"}],"collection":[{"href":"https:\/\/havamall.vn\/en\/wp-json\/wp\/v2\/product"}],"about":[{"href":"https:\/\/havamall.vn\/en\/wp-json\/wp\/v2\/types\/product"}],"replies":[{"embeddable":true,"href":"https:\/\/havamall.vn\/en\/wp-json\/wp\/v2\/comments?post=21304"}],"version-history":[{"count":0,"href":"https:\/\/havamall.vn\/en\/wp-json\/wp\/v2\/product\/21304\/revisions"}],"wp:featuredmedia":[{"embeddable":true,"href":"https:\/\/havamall.vn\/en\/wp-json\/wp\/v2\/media\/21311"}],"wp:attachment":[{"href":"https:\/\/havamall.vn\/en\/wp-json\/wp\/v2\/media?parent=21304"}],"wp:term":[{"taxonomy":"product_brand","embeddable":true,"href":"https:\/\/havamall.vn\/en\/wp-json\/wp\/v2\/product_brand?post=21304"},{"taxonomy":"product_cat","embeddable":true,"href":"https:\/\/havamall.vn\/en\/wp-json\/wp\/v2\/product_cat?post=21304"},{"taxonomy":"product_tag","embeddable":true,"href":"https:\/\/havamall.vn\/en\/wp-json\/wp\/v2\/product_tag?post=21304"}],"curies":[{"name":"wp","href":"https:\/\/api.w.org\/{rel}","templated":true}]}}