{"id":21290,"date":"2021-08-23T11:23:46","date_gmt":"2021-08-23T04:23:46","guid":{"rendered":"https:\/\/havamall.vn\/?post_type=product&#038;p=21290"},"modified":"2022-11-02T11:11:33","modified_gmt":"2022-11-02T04:11:33","slug":"tinh-bot-chum-ngay-lumlum-organic-moringa-powder-150g","status":"publish","type":"product","link":"https:\/\/havamall.vn\/en\/shop\/tinh-bot-chum-ngay-lumlum-organic-moringa-powder-150g\/","title":{"rendered":"Tinh B\u1ed9t Ch\u00f9m Ng\u00e2y &#8211; Lumlum Organic Moringa Powder 150g"},"content":{"rendered":"<h3><strong>TH\u00d4NG TIN S\u1ea2N PH\u1ea8M<\/strong><\/h3>\n<table>\n<tbody>\n<tr>\n<td>Th\u01b0\u01a1ng hi\u1ec7u<\/td>\n<td>Lumlum<\/td>\n<\/tr>\n<tr>\n<td>Xu\u1ea5t x\u1ee9<\/td>\n<td>Th\u00e1i Lan<\/td>\n<\/tr>\n<tr>\n<td>Th\u00e0nh ph\u1ea7n<\/td>\n<td>100% b\u1ed9t ch\u00f9m ng\u00e2y h\u1eefu c\u01a1<\/td>\n<\/tr>\n<tr>\n<td>H\u1ea1n s\u1eed d\u1ee5ng<\/td>\n<td>24 th\u00e1ng k\u1ec3 t\u1eeb ng\u00e0y s\u1ea3n xu\u1ea5t.<\/td>\n<\/tr>\n<tr>\n<td>B\u1ea3o qu\u1ea3n<\/td>\n<td>\u0110\u1eady k\u00edn v\u00e0 b\u1ea3o qu\u1ea3n n\u01a1i tho\u00e1ng m\u00e1t<\/td>\n<\/tr>\n<tr>\n<td>Th\u1ec3 t\u00edch th\u1ef1c<\/td>\n<td>250ml<\/td>\n<\/tr>\n<\/tbody>\n<\/table>\n<p><span style=\"font-weight: 400;\">LumLum by Chita Organic Food ra \u0111\u1eddi v\u1edbi s\u1ee9 m\u1ec7nh s\u1ea3n xu\u1ea5t v\u00e0 cung c\u1ea5p gia v\u1ecb kh\u00f4ng ch\u1ec9 ngon m\u00e0 c\u00f2n \u201cs\u1ea1ch\u201d. Lumlum l\u00e0 ph\u01b0\u01a1ng ng\u1eef mi\u1ec1n B\u1eafc Th\u00e1i Lan, ngh\u0129a ti\u1ebfng Vi\u1ec7t l\u00e0 \u201cngon\u201d. Nh\u1eefng ng\u01b0\u1eddi s\u1ea3n xu\u1ea5t tin r\u1eb1ng, b\u1eefa \u0103n ngon nu\u00f4i d\u01b0\u1ee1ng gi\u00e1 tr\u1ecb tinh th\u1ea7n l\u00e0nh m\u1ea1nh, n\u00ean Lumlum \u0111\u01b0\u1ee3c ch\u0103m ch\u00fat c\u1ea9n th\u1eadn \u0111\u1ec3 gi\u1eef \u0111\u01b0\u1ee3c h\u01b0\u01a1ng v\u1ecb t\u1ef1 nhi\u00ean v\u00e0 ch\u00e2n th\u1ef1c c\u1ee7a \u1ea9m th\u1ef1c x\u1ee9 Ch\u00f9a V\u00e0ng.<\/span><\/p>\n<p><img fetchpriority=\"high\" decoding=\"async\" class=\"wp-image-21292 aligncenter\" src=\"https:\/\/havamall.vn\/wp-content\/uploads\/2021\/08\/miuio-300x300.png\" alt=\"\" width=\"742\" height=\"742\" srcset=\"https:\/\/havamall.vn\/wp-content\/uploads\/2021\/08\/miuio-300x300.png 300w, https:\/\/havamall.vn\/wp-content\/uploads\/2021\/08\/miuio-430x430.png 430w, https:\/\/havamall.vn\/wp-content\/uploads\/2021\/08\/miuio-150x150.png 150w, https:\/\/havamall.vn\/wp-content\/uploads\/2021\/08\/miuio-700x700.png 700w, https:\/\/havamall.vn\/wp-content\/uploads\/2021\/08\/miuio-768x768.png 768w, https:\/\/havamall.vn\/wp-content\/uploads\/2021\/08\/miuio-1024x1024.png 1024w, https:\/\/havamall.vn\/wp-content\/uploads\/2021\/08\/miuio-600x600.png 600w, https:\/\/havamall.vn\/wp-content\/uploads\/2021\/08\/miuio-100x100.png 100w, https:\/\/havamall.vn\/wp-content\/uploads\/2021\/08\/miuio.png 1080w\" sizes=\"(max-width: 742px) 100vw, 742px\" \/><\/p>\n<p>B\u1ed9t ch\u00f9m ng\u00e2y \u0111\u01b0\u1ee3c coi l\u00e0 \u201csi\u00eau th\u1ef1c ph\u1ea9m\u201d do ch\u1ee9a nhi\u1ec1u vitamin A v\u00e0 C, canxi, k\u1ebdm, s\u1eaft, magi\u00ea v\u00e0 kali. N\u00f3 ch\u1ee9a ch\u1ea5t phytochemical v\u00e0 ch\u1ea5t ch\u1ed1ng oxy h\u00f3a \u0111\u00e3 \u0111\u01b0\u1ee3c ch\u1ee9ng minh trong m\u1ed9t s\u1ed1 nghi\u00ean c\u1ee9u \u0111\u1ec3 gi\u1ea3m vi\u00eam m\u00e3n t\u00ednh.<\/p>\n<p><img decoding=\"async\" class=\"wp-image-21295 aligncenter\" src=\"https:\/\/havamall.vn\/wp-content\/uploads\/2021\/08\/buyu-300x300.png\" alt=\"\" width=\"745\" height=\"745\" srcset=\"https:\/\/havamall.vn\/wp-content\/uploads\/2021\/08\/buyu-300x300.png 300w, https:\/\/havamall.vn\/wp-content\/uploads\/2021\/08\/buyu-430x430.png 430w, https:\/\/havamall.vn\/wp-content\/uploads\/2021\/08\/buyu-150x150.png 150w, https:\/\/havamall.vn\/wp-content\/uploads\/2021\/08\/buyu-700x700.png 700w, https:\/\/havamall.vn\/wp-content\/uploads\/2021\/08\/buyu-768x768.png 768w, https:\/\/havamall.vn\/wp-content\/uploads\/2021\/08\/buyu-1024x1024.png 1024w, https:\/\/havamall.vn\/wp-content\/uploads\/2021\/08\/buyu-1200x1200.png 1200w, https:\/\/havamall.vn\/wp-content\/uploads\/2021\/08\/buyu-600x600.png 600w, https:\/\/havamall.vn\/wp-content\/uploads\/2021\/08\/buyu-100x100.png 100w, https:\/\/havamall.vn\/wp-content\/uploads\/2021\/08\/buyu.png 1750w\" sizes=\"(max-width: 745px) 100vw, 745px\" \/><\/p>\n<p>L\u00e1 ch\u00f9m ng\u00e2y ch\u1ee9a nhi\u1ec1u vitamin, kho\u00e1ng ch\u1ea5t, ch\u1ea5t ch\u1ed1ng oxy h\u00f3a v\u00e0 phytonutrients. V\u00ec v\u1eady b\u1ed9t ch\u00f9m ng\u00e2y l\u00e0 m\u1ed9t trong nh\u1eefng c\u00e1ch tuy\u1ec7t v\u1eddi \u0111\u1ec3 t\u0103ng c\u01b0\u1eddng n\u0103ng l\u01b0\u1ee3ng cho tr\u00ed n\u00e3o c\u0169ng nh\u01b0 c\u01a1 th\u1ec3.\u00a0B\u1ed9t ch\u00f9m ng\u00e2y r\u1ea5t ph\u00f9 h\u1ee3p v\u1edbi tr\u1ebb em, ng\u01b0\u1eddi gi\u00e0, ng\u01b0\u1eddi \u0111ang trong qu\u00e1 tr\u00ecnh h\u1ed3i ph\u1ee5c s\u1ee9c kh\u1ecfe, ng\u01b0\u1eddi \u0103n chay tr\u01b0\u1eddng hay \u0103n ki\u00eang nh\u1eb1m cung c\u1ea5p d\u01b0\u1ee1ng ch\u1ea5t \u0111\u1ea7y \u0111\u1ee7 nh\u1ea5t cho c\u01a1 th\u1ec3.<\/p>\n<p><img decoding=\"async\" class=\"wp-image-21294 aligncenter\" src=\"https:\/\/havamall.vn\/wp-content\/uploads\/2021\/08\/mk.n-282x300.png\" alt=\"\" width=\"748\" height=\"797\" srcset=\"https:\/\/havamall.vn\/wp-content\/uploads\/2021\/08\/mk.n-282x300.png 282w, https:\/\/havamall.vn\/wp-content\/uploads\/2021\/08\/mk.n-430x457.png 430w, https:\/\/havamall.vn\/wp-content\/uploads\/2021\/08\/mk.n-150x159.png 150w, https:\/\/havamall.vn\/wp-content\/uploads\/2021\/08\/mk.n-600x638.png 600w\" sizes=\"(max-width: 748px) 100vw, 748px\" \/><\/p>\n<p>B\u1ed9t l\u00e1 ch\u00f9m ng\u00e2y cung c\u1ea5p nhi\u1ec1u l\u1ee3i \u00edch cho s\u1ee9c kh\u1ecfe nh\u01b0: vitamin A, C v\u00e0 B1, B2, kho\u00e1ng ch\u1ea5t (Canxi, S\u1eaft, Magi\u00ea, Mangan, Ph\u1ed1t pho, Kali, Natri, K\u1ebdm), ch\u1ea5t b\u00e9o, ch\u1ea5t \u0111\u1ea1m,\u2026l\u00e0 th\u1ef1c ph\u1ea9m b\u1ed5 sung c\u1ea7n thi\u1ebft cho c\u00e1c ho\u1ea1t \u0111\u1ed9ng h\u1eb1ng ng\u00e0y c\u1ee7a b\u1ea1n.<\/p>\n<p><img loading=\"lazy\" decoding=\"async\" class=\"wp-image-21298 aligncenter\" src=\"https:\/\/havamall.vn\/wp-content\/uploads\/2021\/08\/lpoi-1-300x199.png\" alt=\"\" width=\"738\" height=\"489\" srcset=\"https:\/\/havamall.vn\/wp-content\/uploads\/2021\/08\/lpoi-1-300x199.png 300w, https:\/\/havamall.vn\/wp-content\/uploads\/2021\/08\/lpoi-1-430x286.png 430w, https:\/\/havamall.vn\/wp-content\/uploads\/2021\/08\/lpoi-1-150x100.png 150w, https:\/\/havamall.vn\/wp-content\/uploads\/2021\/08\/lpoi-1-700x465.png 700w, https:\/\/havamall.vn\/wp-content\/uploads\/2021\/08\/lpoi-1-600x399.png 600w\" sizes=\"(max-width: 738px) 100vw, 738px\" \/><\/p>\n<p>Ch\u00f9m ng\u00e2y \u0111\u01b0\u1ee3c nghi\u00ean c\u1ee9u trong nhi\u1ec1u th\u1eadp k\u1ef7 v\u00e0 \u0111\u01b0\u1ee3c xem nh\u01b0 l\u00e0 m\u1ed9t ch\u1ea5t Galactogogue t\u1ef1 nhi\u00ean l\u00e0 ch\u1ea5t gi\u00fap th\u00fac \u0111\u1ea9y qu\u00e1 tr\u00ecnh ti\u1ebft s\u1eefa. Ch\u00f9m ng\u00e2y r\u1ea5t gi\u00e0u d\u01b0\u1ee1ng ch\u1ea5t, b\u00f4t sung d\u01b0\u1ee1ng ch\u1ea5t t\u1ed5ng th\u1ebf h\u00e0ng nag\u1ef3 tuy\u1ec7t v\u1eddi \u0111\u1eb7c bi\u1ec7t l\u00e0 sau sinh. S\u1eed d\u1ee5ng ch\u00f9m ng\u00e2y l\u00e0m t\u0103ng l\u01b0\u1ee3ng vitamin A cho m\u1eb9, do \u0111\u00f3 c\u0169ng l\u00e0m t\u0103ng l\u01b0\u1ee3ng vitamin A trong s\u1eefa m\u1eb9.<\/p>\n<p><img loading=\"lazy\" decoding=\"async\" class=\"wp-image-21297 aligncenter\" src=\"https:\/\/havamall.vn\/wp-content\/uploads\/2021\/08\/217830524_1148108075697589_8334647924677983986_n-300x300.jpg\" alt=\"\" width=\"737\" height=\"737\" srcset=\"https:\/\/havamall.vn\/wp-content\/uploads\/2021\/08\/217830524_1148108075697589_8334647924677983986_n-300x300.jpg 300w, https:\/\/havamall.vn\/wp-content\/uploads\/2021\/08\/217830524_1148108075697589_8334647924677983986_n-430x430.jpg 430w, https:\/\/havamall.vn\/wp-content\/uploads\/2021\/08\/217830524_1148108075697589_8334647924677983986_n-150x150.jpg 150w, https:\/\/havamall.vn\/wp-content\/uploads\/2021\/08\/217830524_1148108075697589_8334647924677983986_n-700x700.jpg 700w, https:\/\/havamall.vn\/wp-content\/uploads\/2021\/08\/217830524_1148108075697589_8334647924677983986_n-768x768.jpg 768w, https:\/\/havamall.vn\/wp-content\/uploads\/2021\/08\/217830524_1148108075697589_8334647924677983986_n-1024x1024.jpg 1024w, https:\/\/havamall.vn\/wp-content\/uploads\/2021\/08\/217830524_1148108075697589_8334647924677983986_n-600x600.jpg 600w, https:\/\/havamall.vn\/wp-content\/uploads\/2021\/08\/217830524_1148108075697589_8334647924677983986_n-100x100.jpg 100w, https:\/\/havamall.vn\/wp-content\/uploads\/2021\/08\/217830524_1148108075697589_8334647924677983986_n.jpg 1080w\" sizes=\"(max-width: 737px) 100vw, 737px\" \/><\/p>\n<h3><strong>C\u00f4ng d\u1ee5ng c\u1ee7a b\u1ed9t ch\u00f9m ng\u00e2y:<\/strong><\/h3>\n<p>&gt; B\u1ed5 sung vitamin v\u00e0 dinh d\u01b0\u1ee1ng thi\u1ebft y\u1ebfu cho c\u01a1 th\u1ec3, b\u1ed3i b\u1ed5 s\u1ee9c kh\u1ecfe cho ng\u01b0\u1eddi b\u1ec7nh.<\/p>\n<p>&gt; Ch\u1ed1ng suy nh\u01b0\u1ee3c c\u01a1 th\u1ec3 v\u00e0 th\u1ea7n kinh, c\u1ea3i thi\u1ec7n t\u00ecnh tr\u1ea1ng m\u1ea5t ng\u1ee7, gi\u1ea3m stress.<\/p>\n<p>&gt; Gi\u00fap t\u0103ng ti\u1ebft s\u1eefa cho ph\u1ee5 n\u1eef sau khi sinh.<\/p>\n<p>&gt; L\u00e0m ch\u1eadm qu\u00e1 tr\u00ecnh l\u00e3o ho\u00e1, ch\u1ed1ng lo\u00e3ng x\u01b0\u01a1ng, \u0111i\u1ec1u h\u00f2a huy\u1ebft \u00e1p, gi\u1ea3m m\u1ee1 m\u00e1u, b\u1ea3o v\u1ec7 gan, h\u1ed7 tr\u1ee3 \u0111i\u1ec1u tr\u1ecb b\u1ec7nh gout, ti\u1ec3u \u0111\u01b0\u1eddng\u2026<\/p>\n<p>&gt; Gi\u00fap gia t\u0103ng kh\u1ea3 n\u0103ng l\u00e0m vi\u1ec7c trong th\u1eddi gian d\u00e0i. C\u1ee5 th\u1ec3, c\u00e1c v\u1eadn \u0111\u1ed9ng vi\u00ean v\u00e0 c\u00e1c chuy\u00ean gia l\u00e0m vi\u1ec7c c\u0103ng th\u1eb3ng c\u00f3 s\u1eed d\u1ee5ng b\u1ed9t ch\u00f9m ng\u00e2y th\u01b0\u1eddng xuy\u00ean s\u1ebd gi\u00fap t\u0103ng s\u1ee9c ch\u1ecbu \u0111\u1ef1ng trong qu\u00e1 tr\u00ecnh t\u1eadp luy\u1ec7n th\u1ec3 d\u1ee5c v\u00e0 l\u00e0m gi\u1ea3m m\u1ec7t m\u1ecfi v\u1ec1 tinh th\u1ea7n, th\u1ec3 ch\u1ea5t.<\/p>\n<p><img loading=\"lazy\" decoding=\"async\" class=\"wp-image-21296 aligncenter\" src=\"https:\/\/havamall.vn\/wp-content\/uploads\/2021\/08\/joii-300x300.png\" alt=\"\" width=\"730\" height=\"731\" srcset=\"https:\/\/havamall.vn\/wp-content\/uploads\/2021\/08\/joii-300x300.png 300w, https:\/\/havamall.vn\/wp-content\/uploads\/2021\/08\/joii-430x430.png 430w, https:\/\/havamall.vn\/wp-content\/uploads\/2021\/08\/joii-150x150.png 150w, https:\/\/havamall.vn\/wp-content\/uploads\/2021\/08\/joii-700x700.png 700w, https:\/\/havamall.vn\/wp-content\/uploads\/2021\/08\/joii-768x768.png 768w, https:\/\/havamall.vn\/wp-content\/uploads\/2021\/08\/joii-1024x1024.png 1024w, https:\/\/havamall.vn\/wp-content\/uploads\/2021\/08\/joii-1200x1200.png 1200w, https:\/\/havamall.vn\/wp-content\/uploads\/2021\/08\/joii-600x600.png 600w, https:\/\/havamall.vn\/wp-content\/uploads\/2021\/08\/joii-100x100.png 100w, https:\/\/havamall.vn\/wp-content\/uploads\/2021\/08\/joii.png 2048w\" sizes=\"(max-width: 730px) 100vw, 730px\" \/><\/p>\n<h3><strong>H\u01b0\u1edbng d\u1eabn s\u1eed d\u1ee5ng : <\/strong><\/h3>\n<p>&#8211; V\u1edbi ng\u01b0\u1eddi l\u1edbn, s\u1eed d\u1ee5ng 2 mu\u1ed7ng c\u00e0 ph\u00ea (4gr) m\u1ed7i ng\u00e0y, tr\u1ebb em: 1\/2 mu\u1ed7ng c\u00e0 ph\u00ea.<\/p>\n<p>&#8211; \u1ede tr\u1ebb em, khi m\u1edbi b\u1eaft \u0111\u1ea7u s\u1eed d\u1ee5ng,ch\u1ec9 d\u00f9ng 1 l\u01b0\u1ee3ng nh\u1ecf, kho\u1ea3ng h\u1ea1t \u0111\u1eadu r\u1ed3i m\u1edbi t\u0103ng li\u1ec1u s\u1eed d\u1ee5ng \u0111\u1ec3 h\u1ec7 ti\u00eau ho\u00e1 c\u1ee7a b\u00e9 th\u00edch nghi d\u1ea7n.<\/p>\n<p>&#8211; B\u1ed9t l\u00e1 ch\u00f9m ng\u00e2y r\u1ea5t ti\u1ec7n d\u1ee5ng, c\u00f3 th\u1ec3 \u0103n\/u\u1ed1ng tr\u1ef1c ti\u1ebfp (pha b\u1ed9t ch\u00f9m ng\u00e2y v\u00e0o n\u01b0\u1edbc l\u1ecdc ho\u1eb7c n\u01b0\u1edbc \u1ea5m, s\u1eefa), pha v\u1edbi b\u1ed9t tr\u1ebb em, canh, ch\u00e1o ho\u1eb7c r\u1eafc l\u00ean c\u00e1c m\u00f3n \u0103n nh\u01b0 sinh t\u1ed1, n\u01b0\u1edbc \u00e9p tr\u00e1i c\u00e2y, sinh t\u1ed1, s\u1eefa chua&#8230;<\/p>\n<p>S\u1ea3n ph\u1ea9m hi\u1ec7n \u0111\u00e3 c\u00f3 m\u1eb7t t\u1ea1i Havamall.<\/p>","protected":false},"excerpt":{"rendered":"<p>B\u1ed9t ch\u00f9m ng\u00e2y \u0111\u01b0\u1ee3c coi l\u00e0 \u201csi\u00eau th\u1ef1c ph\u1ea9m\u201d do ch\u1ee9a nhi\u1ec1u vitamin A v\u00e0 C, canxi, k\u1ebdm, s\u1eaft, magi\u00ea v\u00e0 kali. N\u00f3 ch\u1ee9a ch\u1ea5t phytochemical v\u00e0 ch\u1ea5t ch\u1ed1ng oxy h\u00f3a \u0111\u00e3 \u0111\u01b0\u1ee3c ch\u1ee9ng minh trong m\u1ed9t s\u1ed1 nghi\u00ean c\u1ee9u \u0111\u1ec3 gi\u1ea3m vi\u00eam m\u00e3n t\u00ednh.<\/p>\n<p>L\u00e1 ch\u00f9m ng\u00e2y ch\u1ee9a nhi\u1ec1u vitamin, kho\u00e1ng ch\u1ea5t, ch\u1ea5t ch\u1ed1ng oxy h\u00f3a v\u00e0 phytonutrients. V\u00ec v\u1eady b\u1ed9t ch\u00f9m ng\u00e2y l\u00e0 m\u1ed9t trong nh\u1eefng c\u00e1ch tuy\u1ec7t v\u1eddi \u0111\u1ec3 t\u0103ng c\u01b0\u1eddng n\u0103ng l\u01b0\u1ee3ng cho tr\u00ed n\u00e3o c\u0169ng nh\u01b0 c\u01a1 th\u1ec3.\u00a0B\u1ed9t ch\u00f9m ng\u00e2y r\u1ea5t ph\u00f9 h\u1ee3p v\u1edbi tr\u1ebb em, ng\u01b0\u1eddi gi\u00e0, ng\u01b0\u1eddi \u0111ang trong qu\u00e1 tr\u00ecnh h\u1ed3i ph\u1ee5c s\u1ee9c kh\u1ecfe, ng\u01b0\u1eddi \u0103n chay tr\u01b0\u1eddng hay \u0103n ki\u00eang nh\u1eb1m cung c\u1ea5p d\u01b0\u1ee1ng ch\u1ea5t \u0111\u1ea7y \u0111\u1ee7 nh\u1ea5t cho c\u01a1 th\u1ec3.<\/p>\n<p>B\u1ed9t l\u00e1 ch\u00f9m ng\u00e2y cung c\u1ea5p nhi\u1ec1u l\u1ee3i \u00edch cho s\u1ee9c kh\u1ecfe nh\u01b0: vitamin A, C v\u00e0 B1, B2, kho\u00e1ng ch\u1ea5t (Canxi, S\u1eaft, Magi\u00ea, Mangan, Ph\u1ed1t pho, Kali, Natri, K\u1ebdm), ch\u1ea5t b\u00e9o, ch\u1ea5t \u0111\u1ea1m,\u2026l\u00e0 th\u1ef1c ph\u1ea9m b\u1ed5 sung c\u1ea7n thi\u1ebft cho c\u00e1c ho\u1ea1t \u0111\u1ed9ng h\u1eb1ng ng\u00e0y c\u1ee7a b\u1ea1n.<\/p>\n<p>&nbsp;<\/p>","protected":false},"featured_media":21291,"comment_status":"open","ping_status":"closed","template":"","meta":[],"product_brand":[],"product_cat":[256,36,134,143],"product_tag":[],"class_list":{"0":"post-21290","1":"product","2":"type-product","3":"status-publish","4":"has-post-thumbnail","6":"product_cat-thuc-pham-huu-co","7":"product_cat-thuc-pham-tieu-dung","8":"product_cat-thucpham-saykho","9":"product_cat-thuc-pham-dong-hop","10":"pa_brand-lumlum","12":"first","13":"instock","14":"sale","15":"shipping-taxable","16":"purchasable","17":"product-type-simple"},"_links":{"self":[{"href":"https:\/\/havamall.vn\/en\/wp-json\/wp\/v2\/product\/21290"}],"collection":[{"href":"https:\/\/havamall.vn\/en\/wp-json\/wp\/v2\/product"}],"about":[{"href":"https:\/\/havamall.vn\/en\/wp-json\/wp\/v2\/types\/product"}],"replies":[{"embeddable":true,"href":"https:\/\/havamall.vn\/en\/wp-json\/wp\/v2\/comments?post=21290"}],"version-history":[{"count":0,"href":"https:\/\/havamall.vn\/en\/wp-json\/wp\/v2\/product\/21290\/revisions"}],"wp:featuredmedia":[{"embeddable":true,"href":"https:\/\/havamall.vn\/en\/wp-json\/wp\/v2\/media\/21291"}],"wp:attachment":[{"href":"https:\/\/havamall.vn\/en\/wp-json\/wp\/v2\/media?parent=21290"}],"wp:term":[{"taxonomy":"product_brand","embeddable":true,"href":"https:\/\/havamall.vn\/en\/wp-json\/wp\/v2\/product_brand?post=21290"},{"taxonomy":"product_cat","embeddable":true,"href":"https:\/\/havamall.vn\/en\/wp-json\/wp\/v2\/product_cat?post=21290"},{"taxonomy":"product_tag","embeddable":true,"href":"https:\/\/havamall.vn\/en\/wp-json\/wp\/v2\/product_tag?post=21290"}],"curies":[{"name":"wp","href":"https:\/\/api.w.org\/{rel}","templated":true}]}}