{"id":21275,"date":"2021-08-23T09:36:15","date_gmt":"2021-08-23T02:36:15","guid":{"rendered":"https:\/\/havamall.vn\/?post_type=product&#038;p=21275"},"modified":"2022-06-02T16:42:09","modified_gmt":"2022-06-02T09:42:09","slug":"tuong-ot-huu-co-lumlum-organic-sriracha-chili-sauce-250ml","status":"publish","type":"product","link":"https:\/\/havamall.vn\/en\/shop\/tuong-ot-huu-co-lumlum-organic-sriracha-chili-sauce-250ml\/","title":{"rendered":"T\u01b0\u01a1ng \u1edat H\u1eefu C\u01a1 &#8211; Lumlum Organic Sriracha Chili Sauce 250ml"},"content":{"rendered":"<h3><strong>TH\u00d4NG TIN S\u1ea2N PH\u1ea8M<\/strong><\/h3>\n<table>\n<tbody>\n<tr>\n<td>Th\u01b0\u01a1ng hi\u1ec7u<\/td>\n<td>Lumlum<\/td>\n<\/tr>\n<tr>\n<td>Xu\u1ea5t x\u1ee9<\/td>\n<td>Th\u00e1i Lan<\/td>\n<\/tr>\n<tr>\n<td>Th\u00e0nh ph\u1ea7n<\/td>\n<td>T\u01b0\u01a1ng \u1edbt h\u1eefu c\u01a1, n\u01b0\u1edbc, \u0111\u01b0\u1eddng m\u00eda, t\u1ecfi h\u1eefu c\u01a1,&#8230;<\/td>\n<\/tr>\n<tr>\n<td>H\u1ea1n s\u1eed d\u1ee5ng<\/td>\n<td>24 th\u00e1ng k\u1ec3 t\u1eeb ng\u00e0y s\u1ea3n xu\u1ea5t.<\/td>\n<\/tr>\n<tr>\n<td>B\u1ea3o qu\u1ea3n<\/td>\n<td>\u0110\u1eady k\u00edn v\u00e0 b\u1ea3o qu\u1ea3n n\u01a1i tho\u00e1ng m\u00e1t<\/td>\n<\/tr>\n<tr>\n<td>Th\u1ec3 t\u00edch th\u1ef1c<\/td>\n<td>250ml<\/td>\n<\/tr>\n<\/tbody>\n<\/table>\n<p>LumLum by Chita Organic Food ra \u0111\u1eddi v\u1edbi s\u1ee9 m\u1ec7nh s\u1ea3n xu\u1ea5t v\u00e0 cung c\u1ea5p gia v\u1ecb kh\u00f4ng ch\u1ec9 ngon m\u00e0 c\u00f2n \u201cs\u1ea1ch\u201d.\u00a0Lumlum l\u00e0 ph\u01b0\u01a1ng ng\u1eef mi\u1ec1n B\u1eafc Th\u00e1i Lan, ngh\u0129a ti\u1ebfng Vi\u1ec7t l\u00e0 \u201cngon\u201d. Nh\u1eefng ng\u01b0\u1eddi s\u1ea3n xu\u1ea5t tin r\u1eb1ng, b\u1eefa \u0103n ngon nu\u00f4i d\u01b0\u1ee1ng gi\u00e1 tr\u1ecb tinh th\u1ea7n l\u00e0nh m\u1ea1nh, n\u00ean Lumlum \u0111\u01b0\u1ee3c ch\u0103m ch\u00fat c\u1ea9n th\u1eadn \u0111\u1ec3 gi\u1eef \u0111\u01b0\u1ee3c h\u01b0\u01a1ng v\u1ecb t\u1ef1 nhi\u00ean v\u00e0 ch\u00e2n th\u1ef1c c\u1ee7a \u1ea9m th\u1ef1c x\u1ee9 Ch\u00f9a V\u00e0ng.<\/p>\n<p><img fetchpriority=\"high\" decoding=\"async\" class=\"wp-image-21276 aligncenter\" src=\"https:\/\/havamall.vn\/wp-content\/uploads\/2021\/08\/po-300x255.png\" alt=\"\" width=\"691\" height=\"588\" srcset=\"https:\/\/havamall.vn\/wp-content\/uploads\/2021\/08\/po-300x255.png 300w, https:\/\/havamall.vn\/wp-content\/uploads\/2021\/08\/po-430x365.png 430w, https:\/\/havamall.vn\/wp-content\/uploads\/2021\/08\/po-150x127.png 150w, https:\/\/havamall.vn\/wp-content\/uploads\/2021\/08\/po-768x652.png 768w, https:\/\/havamall.vn\/wp-content\/uploads\/2021\/08\/po-1024x870.png 1024w, https:\/\/havamall.vn\/wp-content\/uploads\/2021\/08\/po-1200x1019.png 1200w, https:\/\/havamall.vn\/wp-content\/uploads\/2021\/08\/po.png 1876w\" sizes=\"(max-width: 691px) 100vw, 691px\" \/><\/p>\n<p>T\u01b0\u01a1ng \u1edbt h\u1eefu c\u01a1 Sriracha c\u00f3 ngu\u1ed3n g\u1ed1c t\u1eeb v\u00f9ng Sriracha c\u1ee7a Th\u00e1i \u2013 m\u1ed9t \u0111\u1ea5t n\u01b0\u1edbc chuy\u00ean v\u1ec1 n\u00f4ng nghi\u1ec7p h\u1eefu c\u01a1. Nguy\u00ean li\u1ec7u \u0111\u01b0\u1ee3c l\u1ef1a ch\u1ecdn k\u1ef9 c\u00e0ng t\u1eeb nh\u1eefng tr\u00e1i \u1edbt h\u1eefu c\u01a1 K\u1ebft h\u1ee3p b\u00ed quy\u1ebft gia truy\u1ec1n v\u1edbi c\u00f4ng ngh\u1ec7 s\u1ea3n xu\u1ea5t hi\u1ec7n \u0111\u1ea1i c\u1ee7a Th\u00e1i.<\/p>\n<p>M\u1ecdi s\u1ea3n ph\u1ea9m d\u00e1n nh\u00e3n Lumlum \u0111\u1ec1u b\u1eaft ngu\u1ed3n t\u1eeb Chita Organic Farm, n\u01a1i c\u00e2y c\u1ed1i \u0111\u01b0\u1ee3c vun tr\u1ed3ng b\u1eb1ng t\u00ecnh y\u00eau thi\u00ean nhi\u00ean v\u00e0 tr\u00e1ch nhi\u1ec7m v\u1edbi m\u00f4i tr\u01b0\u1eddng. Ch\u1ec9 nh\u1eefng nguy\u00ean li\u1ec7u t\u1ed1t nh\u1ea5t m\u1edbi \u0111\u01b0\u1ee3c l\u1ef1a ch\u1ecdn v\u00e0o d\u00e2y chuy\u1ec1n s\u1ea3n xu\u1ea5t; m\u1ed7i s\u1ea3n ph\u1ea9m h\u1eefu c\u01a1 Lumlum \u0111\u1ec1u \u0111\u01b0\u1ee3c c\u00e1c chuy\u00ean gia nghi\u00ean c\u1ee9u t\u1ec9 m\u1ec9 trong ph\u00f2ng th\u00ed nghi\u1ec7m, \u0111\u1ea3m b\u1ea3o dinh d\u01b0\u1ee1ng, an to\u00e0n v\u00e0 c\u00f3 l\u1ee3i cho s\u1ee9c kho\u1ebb.<\/p>\n<p><img decoding=\"async\" class=\"wp-image-21278 aligncenter\" src=\"https:\/\/havamall.vn\/wp-content\/uploads\/2021\/08\/rt5-300x300.png\" alt=\"\" width=\"689\" height=\"689\" srcset=\"https:\/\/havamall.vn\/wp-content\/uploads\/2021\/08\/rt5-300x300.png 300w, https:\/\/havamall.vn\/wp-content\/uploads\/2021\/08\/rt5-430x430.png 430w, https:\/\/havamall.vn\/wp-content\/uploads\/2021\/08\/rt5-150x150.png 150w, https:\/\/havamall.vn\/wp-content\/uploads\/2021\/08\/rt5-700x700.png 700w, https:\/\/havamall.vn\/wp-content\/uploads\/2021\/08\/rt5-768x768.png 768w, https:\/\/havamall.vn\/wp-content\/uploads\/2021\/08\/rt5-1024x1024.png 1024w, https:\/\/havamall.vn\/wp-content\/uploads\/2021\/08\/rt5.png 1200w, https:\/\/havamall.vn\/wp-content\/uploads\/2021\/08\/rt5-600x600.png 600w, https:\/\/havamall.vn\/wp-content\/uploads\/2021\/08\/rt5-100x100.png 100w\" sizes=\"(max-width: 689px) 100vw, 689px\" \/><\/p>\n<div class=\"o9v6fnle cxmmr5t8 oygrvhab hcukyx3x c1et5uql ii04i59q\">\n<div dir=\"auto\">S\u1ed1t t\u01b0\u01a1ng \u1edbt h\u1eefu c\u01a1 Lumlum thu h\u00fat ng\u01b0\u1eddi d\u00f9ng ch\u00ednh l\u00e0 nh\u1edd v\u1ecb ng\u1ecdt th\u01a1m \u0111\u1eadm \u0111\u00e0, pha ch\u00fat chua nh\u1eb9, v\u1eeba mi\u1ec7ng. L\u00e0m v\u1ecb m\u00f3n \u0103n ngon h\u01a1n, c\u00e1c m\u00f3n chi\u00ean b\u1edbt ng\u1ea5y h\u01a1n. V\u1edbi tr\u1ebb nh\u1ecf, c\u00e1c b\u1ea1n kh\u00f4ng \u0103n \u0111\u01b0\u1ee3c cay, ho\u1eb7c s\u1ee3 n\u1ed5i m\u1ee5n do \u0103n cay th\u00ec t\u01b0\u01a1ng c\u00e0 l\u00e0 l\u1ef1a ch\u1ecdn s\u1ed1 1 trong c\u00e1c lo\u1ea1i s\u1ed1t ch\u1ea5m \u0111\u1ea5y \u1ea1.<\/div>\n<div dir=\"auto\"><img decoding=\"async\" class=\"wp-image-21277 aligncenter\" src=\"https:\/\/havamall.vn\/wp-content\/uploads\/2021\/08\/\u1ee7yy-1-300x225.png\" alt=\"\" width=\"688\" height=\"516\" srcset=\"https:\/\/havamall.vn\/wp-content\/uploads\/2021\/08\/\u1ee7yy-1-300x225.png 300w, https:\/\/havamall.vn\/wp-content\/uploads\/2021\/08\/\u1ee7yy-1-430x323.png 430w, https:\/\/havamall.vn\/wp-content\/uploads\/2021\/08\/\u1ee7yy-1-150x113.png 150w, https:\/\/havamall.vn\/wp-content\/uploads\/2021\/08\/\u1ee7yy-1-700x525.png 700w, https:\/\/havamall.vn\/wp-content\/uploads\/2021\/08\/\u1ee7yy-1-768x576.png 768w, https:\/\/havamall.vn\/wp-content\/uploads\/2021\/08\/\u1ee7yy-1-1024x768.png 1024w, https:\/\/havamall.vn\/wp-content\/uploads\/2021\/08\/\u1ee7yy-1-1200x900.png 1200w, https:\/\/havamall.vn\/wp-content\/uploads\/2021\/08\/\u1ee7yy-1-600x450.png 600w, https:\/\/havamall.vn\/wp-content\/uploads\/2021\/08\/\u1ee7yy-1.png 2048w\" sizes=\"(max-width: 688px) 100vw, 688px\" \/><\/div>\n<\/div>\n<p>T\u01b0\u01a1ng \u1edbt Siracha h\u1eefu c\u01a1 Lumlum c\u00f3 m\u00e0u t\u1ef1 nhi\u00ean, kh\u00f4ng ch\u1ea5t b\u1ea3o qu\u1ea3n, kh\u00f4ng h\u01b0\u01a1ng li\u1ec7u ph\u1ea9m m\u00e0u, tuy\u1ec7t \u0111\u1ed1i an to\u00e0n khi s\u1eed d\u1ee5ng. Nh\u1eefng tr\u00e1i \u1edbt t\u01b0\u01a1i ngon h\u00f2a quy\u1ec7n v\u1edbi m\u00f9i t\u1ecfi th\u01a1m n\u1ed3ng t\u1ea1o n\u00ean h\u01b0\u01a1ng v\u1ecb \u0111\u1eb7c tr\u01b0ng c\u1ee7a T\u01b0\u01a1ng \u1edbt h\u1eefu c\u01a1 Sriracha. V\u1ecb cay nh\u1eb9\u00a0 k\u1ebft h\u1ee3p v\u1ecb ng\u1ecdt ng\u1ecdt, chua chua lan t\u1ecfa \u0111\u1ea7u l\u01b0\u1ee1i, \u0111\u00e1nh th\u1ee9c v\u1ecb gi\u00e1c tuy\u1ec7t \u0111\u1ed1i khi th\u01b0\u1edfng th\u1ee9c c\u00e1c m\u00f3n \u0103n.<\/p>\n<p><img loading=\"lazy\" decoding=\"async\" class=\"wp-image-21279 aligncenter\" src=\"https:\/\/havamall.vn\/wp-content\/uploads\/2021\/08\/yu-300x200.png\" alt=\"\" width=\"680\" height=\"453\" srcset=\"https:\/\/havamall.vn\/wp-content\/uploads\/2021\/08\/yu-300x200.png 300w, https:\/\/havamall.vn\/wp-content\/uploads\/2021\/08\/yu-430x287.png 430w, https:\/\/havamall.vn\/wp-content\/uploads\/2021\/08\/yu-150x100.png 150w, https:\/\/havamall.vn\/wp-content\/uploads\/2021\/08\/yu-700x467.png 700w, https:\/\/havamall.vn\/wp-content\/uploads\/2021\/08\/yu-768x512.png 768w, https:\/\/havamall.vn\/wp-content\/uploads\/2021\/08\/yu-600x400.png 600w, https:\/\/havamall.vn\/wp-content\/uploads\/2021\/08\/yu.png 1000w\" sizes=\"(max-width: 680px) 100vw, 680px\" \/><\/p>\n<h3><strong>\u0110\u1eb7c \u0111i\u1ec3m s\u1ea3n ph\u1ea9m:<\/strong><\/h3>\n<p>&#8211; T\u01b0\u01a1ng \u1edbt h\u1eefu c\u01a1 Lum Lum \u0111\u01b0\u1ee3c s\u1ea3n xu\u1ea5t v\u1edbi h\u01b0\u01a1ng v\u1ecb \u0111\u1ea7m \u0111\u00e0, tinh khi\u1ebft, v\u1edbi ch\u1ea5t l\u01b0\u1ee3ng t\u1ed1t nh\u1ea5t.<\/p>\n<p>&#8211; Ph\u00f9 h\u1ee3p v\u1edbi kh\u1ea9u v\u1ecb \u00c1 Ch\u00e2u<\/p>\n<p>&#8211; Ho\u00e0n to\u00e0n kh\u00f4ng ch\u1ee9a Gluten.<\/p>\n<p><img loading=\"lazy\" decoding=\"async\" class=\"wp-image-21280 aligncenter\" src=\"https:\/\/havamall.vn\/wp-content\/uploads\/2021\/08\/ghth-300x200.png\" alt=\"\" width=\"700\" height=\"467\" srcset=\"https:\/\/havamall.vn\/wp-content\/uploads\/2021\/08\/ghth-300x200.png 300w, https:\/\/havamall.vn\/wp-content\/uploads\/2021\/08\/ghth-430x287.png 430w, https:\/\/havamall.vn\/wp-content\/uploads\/2021\/08\/ghth-150x100.png 150w, https:\/\/havamall.vn\/wp-content\/uploads\/2021\/08\/ghth-700x467.png 700w, https:\/\/havamall.vn\/wp-content\/uploads\/2021\/08\/ghth-768x512.png 768w, https:\/\/havamall.vn\/wp-content\/uploads\/2021\/08\/ghth-1024x683.png 1024w, https:\/\/havamall.vn\/wp-content\/uploads\/2021\/08\/ghth.png 1200w, https:\/\/havamall.vn\/wp-content\/uploads\/2021\/08\/ghth-600x400.png 600w\" sizes=\"(max-width: 700px) 100vw, 700px\" \/><\/p>\n<h3><strong>H\u01b0\u1edbng d\u1eabn s\u1eed d\u1ee5ng:<\/strong><\/h3>\n<p>&#8211; D\u00f9ng l\u00e0m gia v\u1ecb trong m\u00f3n cari, s\u00fap, l\u1ea9u ho\u1eb7c \u01b0\u1edbp c\u00e1c m\u00f3n n\u01b0\u1edbng.<\/p>\n<p>&#8211; D\u00f9ng tr\u1ef1c ti\u1ebfp v\u1edbi c\u00e1c m\u00f3n x\u00e0o, r\u00e1n, chi\u00ean, n\u01b0\u1edbng. s\u00fap, x\u00e0 l\u00e1c h, rau, x\u1ed1t, b\u00e1nh m\u00ec sandwich, pizza, c\u00e1nh g\u00e0 s\u1ed1t buffalo, cocktail bloody marys, tr\u1ee9ng, c\u00e1<\/p>\n<p>&#8211; \u0110\u1eady k\u00edn sau khi s\u1eed d\u1ee5ng, \u0111\u1ec3 n\u01a1i kh\u00f4 r\u00e1o tho\u00e1ng m\u00e1t.<\/p>\n<p>S\u1ea3n ph\u1ea9m hi\u1ec7n\u0111\u00e3 c\u00f3 m\u1eb7t t\u1ea1i Havamall.<\/p>","protected":false},"excerpt":{"rendered":"<p>TH\u00d4NG TIN S\u1ea2N PH\u1ea8M Th\u01b0\u01a1ng hi\u1ec7u Lumlum Xu\u1ea5t x\u1ee9 Th\u00e1i Lan Th\u00e0nh ph\u1ea7n T\u01b0\u01a1ng \u1edbt h\u1eefu c\u01a1, n\u01b0\u1edbc, \u0111\u01b0\u1eddng m\u00eda,<\/p>","protected":false},"featured_media":21281,"comment_status":"open","ping_status":"closed","template":"","meta":[],"product_brand":[],"product_cat":[256,36,143],"product_tag":[],"class_list":{"0":"post-21275","1":"product","2":"type-product","3":"status-publish","4":"has-post-thumbnail","6":"product_cat-thuc-pham-huu-co","7":"product_cat-thuc-pham-tieu-dung","8":"product_cat-thuc-pham-dong-hop","9":"pa_brand-lumlum","11":"first","12":"instock","13":"sale","14":"shipping-taxable","15":"purchasable","16":"product-type-simple"},"_links":{"self":[{"href":"https:\/\/havamall.vn\/en\/wp-json\/wp\/v2\/product\/21275"}],"collection":[{"href":"https:\/\/havamall.vn\/en\/wp-json\/wp\/v2\/product"}],"about":[{"href":"https:\/\/havamall.vn\/en\/wp-json\/wp\/v2\/types\/product"}],"replies":[{"embeddable":true,"href":"https:\/\/havamall.vn\/en\/wp-json\/wp\/v2\/comments?post=21275"}],"version-history":[{"count":0,"href":"https:\/\/havamall.vn\/en\/wp-json\/wp\/v2\/product\/21275\/revisions"}],"wp:featuredmedia":[{"embeddable":true,"href":"https:\/\/havamall.vn\/en\/wp-json\/wp\/v2\/media\/21281"}],"wp:attachment":[{"href":"https:\/\/havamall.vn\/en\/wp-json\/wp\/v2\/media?parent=21275"}],"wp:term":[{"taxonomy":"product_brand","embeddable":true,"href":"https:\/\/havamall.vn\/en\/wp-json\/wp\/v2\/product_brand?post=21275"},{"taxonomy":"product_cat","embeddable":true,"href":"https:\/\/havamall.vn\/en\/wp-json\/wp\/v2\/product_cat?post=21275"},{"taxonomy":"product_tag","embeddable":true,"href":"https:\/\/havamall.vn\/en\/wp-json\/wp\/v2\/product_tag?post=21275"}],"curies":[{"name":"wp","href":"https:\/\/api.w.org\/{rel}","templated":true}]}}