{"id":21236,"date":"2021-08-14T17:41:37","date_gmt":"2021-08-14T10:41:37","guid":{"rendered":"https:\/\/havamall.vn\/?post_type=product&#038;p=21236"},"modified":"2022-02-15T14:59:17","modified_gmt":"2022-02-15T07:59:17","slug":"sot-ot-chua-ngot-huu-co-lumlum-organic-sweet-and-sour-chili-sauce-200g","status":"publish","type":"product","link":"https:\/\/havamall.vn\/en\/shop\/sot-ot-chua-ngot-huu-co-lumlum-organic-sweet-and-sour-chili-sauce-200g\/","title":{"rendered":"S\u1ed1t \u1edat Chua Ng\u1ecdt H\u1eefu C\u01a1 &#8211; Lumlum Organic Sweet and Sour Chili Sauce 200g"},"content":{"rendered":"<h3><strong>TH\u00d4NG TIN S\u1ea2N PH\u1ea8M<\/strong><\/h3>\n<table>\n<tbody>\n<tr>\n<td>Th\u01b0\u01a1ng hi\u1ec7u<\/td>\n<td>Lumlum<\/td>\n<\/tr>\n<tr>\n<td>Xu\u1ea5t x\u1ee9<\/td>\n<td>Th\u00e1i Lan<\/td>\n<\/tr>\n<tr>\n<td>Th\u00e0nh ph\u1ea7n<\/td>\n<td>N\u01b0\u1edbc, t\u01b0\u01a1ng \u1edbt h\u1eefu c\u01a1, \u0111\u01b0\u1eddng m\u00e1i h\u1eefu c\u01a1, t\u1ecfi ng\u00e2m h\u1eefu c\u01a1,&#8230;<\/td>\n<\/tr>\n<tr>\n<td>H\u1ea1n s\u1eed d\u1ee5ng<\/td>\n<td>24 th\u00e1ng k\u1ec3 t\u1eeb ng\u00e0y s\u1ea3n xu\u1ea5t.<\/td>\n<\/tr>\n<tr>\n<td>B\u1ea3o qu\u1ea3n<\/td>\n<td>\u0110\u1eady k\u00edn v\u00e0 b\u1ea3o qu\u1ea3n n\u01a1i tho\u00e1ng m\u00e1t<\/td>\n<\/tr>\n<tr>\n<td>Th\u1ec3 t\u00edch th\u1ef1c<\/td>\n<td>250ml<\/td>\n<\/tr>\n<\/tbody>\n<\/table>\n<p>LumLum by Chita Organic Food ra \u0111\u1eddi v\u1edbi s\u1ee9 m\u1ec7nh s\u1ea3n xu\u1ea5t v\u00e0 cung c\u1ea5p gia v\u1ecb kh\u00f4ng ch\u1ec9 ngon m\u00e0 c\u00f2n \u201cs\u1ea1ch\u201d.\u00a0Lumlum l\u00e0 ph\u01b0\u01a1ng ng\u1eef mi\u1ec1n B\u1eafc Th\u00e1i Lan, ngh\u0129a ti\u1ebfng Vi\u1ec7t l\u00e0 \u201cngon\u201d. Nh\u1eefng ng\u01b0\u1eddi s\u1ea3n xu\u1ea5t tin r\u1eb1ng, b\u1eefa \u0103n ngon nu\u00f4i d\u01b0\u1ee1ng gi\u00e1 tr\u1ecb tinh th\u1ea7n l\u00e0nh m\u1ea1nh, n\u00ean Lumlum \u0111\u01b0\u1ee3c ch\u0103m ch\u00fat c\u1ea9n th\u1eadn \u0111\u1ec3 gi\u1eef \u0111\u01b0\u1ee3c h\u01b0\u01a1ng v\u1ecb t\u1ef1 nhi\u00ean v\u00e0 ch\u00e2n th\u1ef1c c\u1ee7a \u1ea9m th\u1ef1c x\u1ee9 Ch\u00f9a V\u00e0ng.<\/p>\n<p><img fetchpriority=\"high\" decoding=\"async\" class=\"wp-image-21243 aligncenter\" src=\"https:\/\/havamall.vn\/wp-content\/uploads\/2021\/08\/iuiuy-300x209.png\" alt=\"\" width=\"713\" height=\"497\" srcset=\"https:\/\/havamall.vn\/wp-content\/uploads\/2021\/08\/iuiuy-300x209.png 300w, https:\/\/havamall.vn\/wp-content\/uploads\/2021\/08\/iuiuy-430x299.png 430w, https:\/\/havamall.vn\/wp-content\/uploads\/2021\/08\/iuiuy-150x104.png 150w, https:\/\/havamall.vn\/wp-content\/uploads\/2021\/08\/iuiuy-700x487.png 700w, https:\/\/havamall.vn\/wp-content\/uploads\/2021\/08\/iuiuy-768x534.png 768w, https:\/\/havamall.vn\/wp-content\/uploads\/2021\/08\/iuiuy-1024x712.png 1024w, https:\/\/havamall.vn\/wp-content\/uploads\/2021\/08\/iuiuy-220x154.png 220w, https:\/\/havamall.vn\/wp-content\/uploads\/2021\/08\/iuiuy-1200x835.png 1200w, https:\/\/havamall.vn\/wp-content\/uploads\/2021\/08\/iuiuy-600x417.png 600w, https:\/\/havamall.vn\/wp-content\/uploads\/2021\/08\/iuiuy.png 1245w\" sizes=\"(max-width: 713px) 100vw, 713px\" \/><\/p>\n<p style=\"font-weight: 400\">S\u1ed1t \u1edbt chua ng\u1ecdt Lumlum \u0111\u01b0\u1ee3c l\u00e0m t\u1eeb nh\u1eefng tr\u00e1i \u1edbt t\u01b0\u01a1i ngon h\u1ea3o h\u1ea1ng c\u00f9ng c\u00f4ng th\u1ee9c pha ch\u1ebf \u0111\u1ed9c \u0111\u00e1o, s\u1ed1t \u1edbt ng\u1ecdt Th\u00e1i Lan l\u00e0 gia v\u1ecb ch\u1ea5m k\u00e8m gi\u00fap m\u00f3n \u0103n th\u01a1m ngon h\u01a1n, \u0111\u1ed3ng th\u1eddi c\u0169ng l\u00e0 nguy\u00ean li\u1ec7u t\u1ea9m \u01b0\u1edbp gi\u00fap m\u00f3n \u0103n th\u00eam \u0111\u1eadm \u0111\u00e0. S\u1ea3n ph\u1ea9m th\u00edch h\u1ee3p d\u00f9ng k\u00e8m v\u1edbi c\u00e1c m\u00f3n \u0103n y\u00eau th\u00edch nh\u01b0 khoai t\u00e2y chi\u00ean ki\u1ec3u Ph\u00e1p, \u0111\u1ed3 n\u01b0\u1edbng, ch\u1ea3 gi\u00f2, rau c\u1ee7\u2026<\/p>\n<p><img decoding=\"async\" class=\"wp-image-21244 aligncenter\" src=\"https:\/\/havamall.vn\/wp-content\/uploads\/2021\/08\/juy-300x225.png\" alt=\"\" width=\"713\" height=\"535\" srcset=\"https:\/\/havamall.vn\/wp-content\/uploads\/2021\/08\/juy-300x225.png 300w, https:\/\/havamall.vn\/wp-content\/uploads\/2021\/08\/juy-430x323.png 430w, https:\/\/havamall.vn\/wp-content\/uploads\/2021\/08\/juy-150x113.png 150w, https:\/\/havamall.vn\/wp-content\/uploads\/2021\/08\/juy-700x525.png 700w, https:\/\/havamall.vn\/wp-content\/uploads\/2021\/08\/juy-768x576.png 768w, https:\/\/havamall.vn\/wp-content\/uploads\/2021\/08\/juy-1024x768.png 1024w, https:\/\/havamall.vn\/wp-content\/uploads\/2021\/08\/juy-1200x900.png 1200w, https:\/\/havamall.vn\/wp-content\/uploads\/2021\/08\/juy-600x450.png 600w, https:\/\/havamall.vn\/wp-content\/uploads\/2021\/08\/juy.png 1280w\" sizes=\"(max-width: 713px) 100vw, 713px\" \/><\/p>\n<p>\u0110\u1eb7c bi\u1ec7t th\u1ecbt n\u01b0\u1edbng v\u00e0 s\u1ed1t \u1edbt chua ng\u1ecdt Lumlum l\u00e0 m\u1ed9t c\u1eb7p \u0111\u00f4i kh\u00f4ng th\u1ec3 t\u00e1ch r\u1eddi trong nh\u1eefng bu\u1ed5i ti\u1ec7c BBQ. Th\u1ecbt n\u01b0\u1edbng v\u1edbi h\u01b0\u01a1ng v\u1ecb \u0111\u1eadm \u0111\u00e0 k\u1ebft h\u1ee3p v\u1edbi t\u01b0\u01a1ng chua chua, ng\u1ecdt ng\u1ecdt l\u00e0m b\u00f9ng n\u1ed5 h\u01b0\u01a1ng v\u1ecb trong khoang mi\u1ec7ng c\u1ee7a b\u1ea1n.\u00a0S\u1ed1t \u1edbt chua ng\u1ecdt Lumlum s\u1eed d\u1ee5ng ngu\u1ed3n nguy\u00ean li\u1ec7u s\u1ea1ch , kh\u00f4ng s\u1eed d\u1ee5ng thu\u1ed1c tr\u1eeb s\u00e2u. \u0110\u1ea3m b\u1ea3o cho s\u1ee9c kh\u1ecfe c\u1ee7a b\u1ea1n v\u00e0 gia \u0111\u00ecnh.<\/p>\n<p><img decoding=\"async\" class=\"wp-image-21245 aligncenter\" src=\"https:\/\/havamall.vn\/wp-content\/uploads\/2021\/08\/uiuy-300x250.png\" alt=\"\" width=\"703\" height=\"586\" srcset=\"https:\/\/havamall.vn\/wp-content\/uploads\/2021\/08\/uiuy-300x250.png 300w, https:\/\/havamall.vn\/wp-content\/uploads\/2021\/08\/uiuy-430x358.png 430w, https:\/\/havamall.vn\/wp-content\/uploads\/2021\/08\/uiuy-150x125.png 150w, https:\/\/havamall.vn\/wp-content\/uploads\/2021\/08\/uiuy-700x583.png 700w, https:\/\/havamall.vn\/wp-content\/uploads\/2021\/08\/uiuy-600x500.png 600w, https:\/\/havamall.vn\/wp-content\/uploads\/2021\/08\/uiuy.png 767w\" sizes=\"(max-width: 703px) 100vw, 703px\" \/><\/p>\n<h3><strong>\u0110\u1eb7c\u00a0 \u0111i\u1ec3m n\u1ed5i b\u1eadt c\u1ee7a s\u1ea3n ph\u1ea9m:<\/strong><\/h3>\n<p style=\"font-weight: 400\">&#8211; Kh\u00f4ng c\u00f3 h\u00f3a ch\u1ea5t<\/p>\n<p style=\"font-weight: 400\">&#8211; Kh\u00f4ng c\u00f3 ch\u1ea5t b\u1ea3o qu\u1ea3n<\/p>\n<p style=\"font-weight: 400\">&#8211; Kh\u00f4ng c\u00f3 ch\u1ea5t ph\u1ee5 gia<\/p>\n<p style=\"font-weight: 400\">&#8211; Kh\u00f4ng c\u00f3 hu\u01a1ng li\u1ec7u v\u00e0 m\u00e0u nh\u00e2n t\u1ea1o<\/p>\n<p style=\"font-weight: 400\">&#8211; Kh\u00f4ng c\u00f3 nguy\u00ean li\u1ec7u bi\u1ebfn \u0111\u1ed5i gen<\/p>\n<p><img loading=\"lazy\" decoding=\"async\" class=\"wp-image-21246 aligncenter\" src=\"https:\/\/havamall.vn\/wp-content\/uploads\/2021\/08\/\u1ee7yy-300x225.png\" alt=\"\" width=\"693\" height=\"520\" srcset=\"https:\/\/havamall.vn\/wp-content\/uploads\/2021\/08\/\u1ee7yy-300x225.png 300w, https:\/\/havamall.vn\/wp-content\/uploads\/2021\/08\/\u1ee7yy-430x323.png 430w, https:\/\/havamall.vn\/wp-content\/uploads\/2021\/08\/\u1ee7yy-150x113.png 150w, https:\/\/havamall.vn\/wp-content\/uploads\/2021\/08\/\u1ee7yy-700x525.png 700w, https:\/\/havamall.vn\/wp-content\/uploads\/2021\/08\/\u1ee7yy-768x576.png 768w, https:\/\/havamall.vn\/wp-content\/uploads\/2021\/08\/\u1ee7yy-1024x768.png 1024w, https:\/\/havamall.vn\/wp-content\/uploads\/2021\/08\/\u1ee7yy-1200x900.png 1200w, https:\/\/havamall.vn\/wp-content\/uploads\/2021\/08\/\u1ee7yy-600x450.png 600w, https:\/\/havamall.vn\/wp-content\/uploads\/2021\/08\/\u1ee7yy.png 2048w\" sizes=\"(max-width: 693px) 100vw, 693px\" \/><\/p>\n<h3><strong>H\u01b0\u1edbng d\u1eabn s\u1eed d\u1ee5ng:<\/strong><\/h3>\n<p>\u2013 D\u00f9ng ch\u1ea5m g\u00e0 chi\u00ean hay n\u01b0\u1edbng, t\u00f4m chi\u00ean, c\u00e1 vi\u00ean chi\u00ean, ch\u1ea3 gi\u00f2, x\u00fac x\u00edch v\u00e0 c\u00e1c m\u00f3n chi\u00ean, quay kh\u00e1c.<\/p>\n<p>\u2013 D\u00f9ng \u0111\u1ec3 ch\u1ea5m rau, nem v\u00e0 c\u00e1c s\u1ea3n ph\u1ea9m BBQ<\/p>\n<p>\u2013 \u0110\u1eb7c bi\u1ec7t, c\u00f3 th\u1ec3 l\u00e0m nguy\u00ean li\u1ec7u \u01b0\u1edbp cho c\u00e1c m\u00f3n th\u1ecbt kho v\u00e0 ch\u1ebf bi\u1ebfn c\u00e1c m\u00f3n ch\u1ea5m h\u1ed7n h\u1ee3p kh\u00e1c theo kh\u1ea9u v\u1ecb t\u00f9y th\u00edch.<\/p>\n<p>S\u1ea3m ph\u1ea9m hi\u1ec7n \u0111\u00e3 c\u00f3 m\u1eb7t t\u1ea1i Havamall.<\/p>","protected":false},"excerpt":{"rendered":"<p>TH\u00d4NG TIN S\u1ea2N PH\u1ea8M Th\u01b0\u01a1ng hi\u1ec7u Lumlum Xu\u1ea5t x\u1ee9 Th\u00e1i Lan Th\u00e0nh ph\u1ea7n N\u01b0\u1edbc, t\u01b0\u01a1ng \u1edbt h\u1eefu c\u01a1, \u0111\u01b0\u1eddng m\u00e1i<\/p>","protected":false},"featured_media":21247,"comment_status":"open","ping_status":"closed","template":"","meta":[],"product_brand":[],"product_cat":[256,36,143],"product_tag":[],"class_list":{"0":"post-21236","1":"product","2":"type-product","3":"status-publish","4":"has-post-thumbnail","6":"product_cat-thuc-pham-huu-co","7":"product_cat-thuc-pham-tieu-dung","8":"product_cat-thuc-pham-dong-hop","9":"pa_brand-lumlum","11":"first","12":"instock","13":"sale","14":"shipping-taxable","15":"purchasable","16":"product-type-simple"},"_links":{"self":[{"href":"https:\/\/havamall.vn\/en\/wp-json\/wp\/v2\/product\/21236"}],"collection":[{"href":"https:\/\/havamall.vn\/en\/wp-json\/wp\/v2\/product"}],"about":[{"href":"https:\/\/havamall.vn\/en\/wp-json\/wp\/v2\/types\/product"}],"replies":[{"embeddable":true,"href":"https:\/\/havamall.vn\/en\/wp-json\/wp\/v2\/comments?post=21236"}],"version-history":[{"count":0,"href":"https:\/\/havamall.vn\/en\/wp-json\/wp\/v2\/product\/21236\/revisions"}],"wp:featuredmedia":[{"embeddable":true,"href":"https:\/\/havamall.vn\/en\/wp-json\/wp\/v2\/media\/21247"}],"wp:attachment":[{"href":"https:\/\/havamall.vn\/en\/wp-json\/wp\/v2\/media?parent=21236"}],"wp:term":[{"taxonomy":"product_brand","embeddable":true,"href":"https:\/\/havamall.vn\/en\/wp-json\/wp\/v2\/product_brand?post=21236"},{"taxonomy":"product_cat","embeddable":true,"href":"https:\/\/havamall.vn\/en\/wp-json\/wp\/v2\/product_cat?post=21236"},{"taxonomy":"product_tag","embeddable":true,"href":"https:\/\/havamall.vn\/en\/wp-json\/wp\/v2\/product_tag?post=21236"}],"curies":[{"name":"wp","href":"https:\/\/api.w.org\/{rel}","templated":true}]}}