{"id":21222,"date":"2021-08-14T17:07:11","date_gmt":"2021-08-14T10:07:11","guid":{"rendered":"https:\/\/havamall.vn\/?post_type=product&#038;p=21222"},"modified":"2021-09-10T10:22:47","modified_gmt":"2021-09-10T03:22:47","slug":"siro-cay-phong-huu-co-sottolestelle-organic-maple-syrup-250ml","status":"publish","type":"product","link":"https:\/\/havamall.vn\/en\/shop\/siro-cay-phong-huu-co-sottolestelle-organic-maple-syrup-250ml\/","title":{"rendered":"Siro C\u00e2y Phong H\u1eefu C\u01a1 &#8211; Sottolestelle Organic Maple Syrup 250ml"},"content":{"rendered":"<div class=\"o9v6fnle cxmmr5t8 oygrvhab hcukyx3x c1et5uql ii04i59q\">\n<div dir=\"auto\">\n<h3><strong>TH\u00d4NG TIN S\u1ea2N PH\u1ea8M<\/strong><\/h3>\n<table>\n<tbody>\n<tr>\n<td>Th\u01b0\u01a1ng hi\u1ec7u<\/td>\n<td>Sottoletelle<\/td>\n<\/tr>\n<tr>\n<td>Xu\u1ea5t x\u1ee9<\/td>\n<td>\u00dd<\/td>\n<\/tr>\n<tr>\n<td>Th\u00e0nh ph\u1ea7n<\/td>\n<td>100% siro c\u00e2y phong h\u1eefu c\u01a1 l\u1edbp C<\/td>\n<\/tr>\n<tr>\n<td>H\u1ea1n s\u1eed d\u1ee5ng<\/td>\n<td>24 th\u00e1ng k\u1ec3 t\u1eeb ng\u00e0y s\u1ea3n xu\u1ea5t.<\/td>\n<\/tr>\n<tr>\n<td>B\u1ea3o qu\u1ea3n<\/td>\n<td>\u0110\u1eady k\u00edn v\u00e0 b\u1ea3o qu\u1ea3n n\u01a1i tho\u00e1ng m\u00e1t<\/td>\n<\/tr>\n<tr>\n<td>Th\u1ec3 t\u00edch th\u1ef1c<\/td>\n<td>250ml<\/td>\n<\/tr>\n<\/tbody>\n<\/table>\n<\/div>\n<\/div>\n<div dir=\"auto\">Syrup c\u00e2y phong nguy\u00ean ch\u1ea5t Sottolestelle l\u00e0 m\u1ed9t lo\u1ea1i th\u1ef1c ph\u1ea9m 100% t\u1ef1 nhi\u00ean, \u0111\u01b0\u1ee3c ch\u1ebf bi\u1ebfn b\u1eb1ng c\u00e1ch c\u00f4 \u0111\u1eb7c nh\u1ef1a c\u00e2y phong nguy\u00ean ch\u1ea5t. Nh\u1ef1a c\u00e2y n\u00e0y l\u00e0 m\u1ed9t ch\u1ea5t l\u1ecfng trong su\u1ed1t, v\u00f4 tr\u00f9ng, cung c\u1ea5p n\u01b0\u1edbc v\u00e0 ch\u1ea5t dinh d\u01b0\u1ee1ng cho c\u00e2y tr\u01b0\u1edbc khi ch\u1ed3i v\u00e0 l\u00e1 n\u1edf v\u00e0o m\u00f9a xu\u00e2n. Trong qu\u00e1 tr\u00ecnh \u0111un s\u00f4i, c\u00f4 \u0111\u1eb7c v\u00e0 l\u1ecdc, t\u1ea5t c\u1ea3 c\u00e1c ch\u1ea5t dinh d\u01b0\u1ee1ng v\u1eabn c\u00f2n trong syrup.<\/div>\n<div dir=\"auto\"><img fetchpriority=\"high\" decoding=\"async\" class=\"wp-image-21231 aligncenter\" src=\"https:\/\/havamall.vn\/wp-content\/uploads\/2021\/08\/\u1ee5uuy-1-300x207.png\" alt=\"\" width=\"700\" height=\"482\" srcset=\"https:\/\/havamall.vn\/wp-content\/uploads\/2021\/08\/\u1ee5uuy-1-300x207.png 300w, https:\/\/havamall.vn\/wp-content\/uploads\/2021\/08\/\u1ee5uuy-1-430x297.png 430w, https:\/\/havamall.vn\/wp-content\/uploads\/2021\/08\/\u1ee5uuy-1-150x104.png 150w, https:\/\/havamall.vn\/wp-content\/uploads\/2021\/08\/\u1ee5uuy-1-1024x707.png 1024w, https:\/\/havamall.vn\/wp-content\/uploads\/2021\/08\/\u1ee5uuy-1-600x414.png 600w\" sizes=\"(max-width: 700px) 100vw, 700px\" \/><\/div>\n<div class=\"o9v6fnle cxmmr5t8 oygrvhab hcukyx3x c1et5uql ii04i59q\">\n<div dir=\"auto\">\n<p><span style=\"font-weight: 400\">Si r\u00f4 c\u00e2y phong nguy\u00ean ch\u1ea5t \u0111\u01b0\u1ee3c l\u00e0m t\u1eeb nh\u1ef1a c\u00e2y Phong. Nh\u1ef1a c\u00e2y \u0111\u01b0\u1ee3c \u0111un s\u00f4i th\u00e0nh siro. C\u00f3 4 l\u1edbp Si r\u00f4 c\u00e2y phong. Bao g\u1ed3m l\u1edbp A, B, C v\u00e0 D. \u0110\u01b0\u1ee3c ph\u00e2n bi\u1ec7t b\u1eb1ng m\u00e0u s\u1eafc kh\u00e1c nhau v\u00e0 \u0111\u01b0\u1ee3c t\u1ea1o ra trong c\u00e1c th\u1eddi \u0111i\u1ec3m kh\u00e1c nhau c\u1ee7a m\u00f9a.<\/span><\/p>\n<p><span style=\"font-weight: 400\">Si r\u00f4 c\u00e2y phong Sottolestelle \u0111\u01b0\u1ee3c l\u00e0m t\u1eeb siro l\u1edbp C, l\u00e0 lo\u1ea1i siro b\u00ed \u1ea9n v\u00e0 qu\u00fd hi\u1ebfm nh\u1ea5t. L\u1edbp C s\u1ebd khi\u1ebfn b\u1ea1n th\u00edch th\u00fa v\u00e0 \u0111\u1ed5 g\u1ee5c v\u1edbi h\u01b0\u01a1ng v\u1ecb gi\u1ed1ng nh\u01b0 caramel m\u00e3nh li\u1ec7t. Si r\u00f4 c\u00e2y phong lo\u1ea1i C \u0111\u01b0\u1ee3c s\u1ea3n xu\u1ea5t v\u00e0o cu\u1ed1i n\u0103m. M\u00e0u s\u1eabm v\u00e0 v\u1ecb ng\u1ecdt \u0111\u1eadm, th\u01a1m c\u1ee7a siro l\u00e0 \u0111\u1eb7c tr\u01b0ng cho m\u1ee9c ch\u1ea5t l\u01b0\u1ee3ng cao n\u00e0y.<\/span><\/p>\n<\/div>\n<div dir=\"auto\"><img decoding=\"async\" class=\"wp-image-21274 aligncenter\" src=\"https:\/\/havamall.vn\/wp-content\/uploads\/2021\/08\/fgrgb-212x300.png\" alt=\"\" width=\"688\" height=\"974\" srcset=\"https:\/\/havamall.vn\/wp-content\/uploads\/2021\/08\/fgrgb-212x300.png 212w, https:\/\/havamall.vn\/wp-content\/uploads\/2021\/08\/fgrgb-430x608.png 430w, https:\/\/havamall.vn\/wp-content\/uploads\/2021\/08\/fgrgb-150x212.png 150w, https:\/\/havamall.vn\/wp-content\/uploads\/2021\/08\/fgrgb-700x990.png 700w, https:\/\/havamall.vn\/wp-content\/uploads\/2021\/08\/fgrgb-768x1087.png 768w, https:\/\/havamall.vn\/wp-content\/uploads\/2021\/08\/fgrgb-724x1024.png 724w, https:\/\/havamall.vn\/wp-content\/uploads\/2021\/08\/fgrgb-600x849.png 600w, https:\/\/havamall.vn\/wp-content\/uploads\/2021\/08\/fgrgb.png 1080w\" sizes=\"(max-width: 688px) 100vw, 688px\" \/><\/div>\n<div dir=\"auto\">\n<p><span style=\"font-weight: 400\">T\u1ea5t c\u1ea3 c\u00e1c lo\u1ea1i syrup c\u00e2y phong \u0111\u1ec1u ch\u1ee9a c\u00e1c kho\u00e1ng ch\u1ea5t: k\u1ebdm, mangan, kali, magi\u00ea, s\u1eaft v\u00e0 canxi; m\u00e0u c\u00e0ng \u0111\u1eadm th\u00ec c\u00e0ng c\u00f3 nhi\u1ec1u kho\u00e1ng ch\u1ea5t. C\u00e1c vitamin c\u00f3 trong syrup phong l\u00e0 B1, B2, B5, B6, biotin v\u00e0 axit folic.<\/span><\/p>\n<p><span style=\"font-weight: 400\">Tu\u1ef3 thu\u1ed9c v\u00e0o th\u1eddi \u0111i\u1ec3m thu ho\u1ea1ch, m\u00e0 th\u00e0nh ph\u1ea9m s\u1ebd c\u00f3 nh\u1eefng \u0111\u1eb7c \u0111i\u1ec3m kh\u00e1c nhau. Syrup l\u00e0m t\u1eeb nh\u1ef1a c\u00e2y thu ho\u1ea1ch \u0111\u1ea7u m\u00f9a c\u00f3 m\u00e0u nh\u1ea1t, khi th\u1eddi ti\u1ebft \u1ea5m h\u01a1n, th\u00ec chuy\u1ec3n sang m\u00e0u s\u1eabm. Syrup c\u00e0ng \u0111\u1eadm m\u00e0u th\u00ec h\u01b0\u01a1ng v\u1ecb c\u00e0ng \u0111\u1eb7c tr\u01b0ng:<\/span><\/p>\n<p><span style=\"font-weight: 400\">&gt; Syrup l\u1edbp A c\u00f3 m\u00e0u v\u00e0ng nh\u1eb9 v\u00e0 h\u01b0\u01a1ng v\u1ecb tinh t\u1ebf, th\u01b0\u1eddng d\u00f9ng \u0111\u1ec3 l\u00e0m \u01b0\u1edbt b\u00e1nh qu\u1ebf, b\u00e1nh k\u1ebfp ho\u1eb7c kem.<\/span><\/p>\n<p><span style=\"font-weight: 400\">&gt; Syrup l\u1edbp B s\u1eabm m\u00e0u h\u01a1n, \u0111\u01b0\u1ee3c d\u00f9ng trong c\u00e1c m\u00f3n n\u01b0\u1edbng ho\u1eb7c t\u1ea1o m\u00f9i \u0111\u1eb7c tr\u01b0ng cho m\u00f3n \u0103n.<\/span><\/p>\n<p><span style=\"font-weight: 400\">&gt; Syrup phong l\u1edbp C \u0111\u01b0\u1ee3c thu ho\u1ea1ch v\u00e0 s\u1ea3n xu\u1ea5t v\u00e0o cu\u1ed1i m\u00f9a.<\/span><\/p>\n<\/div>\n<\/div>\n<div class=\"o9v6fnle cxmmr5t8 oygrvhab hcukyx3x c1et5uql ii04i59q\">\n<div dir=\"auto\">\u00a0<img decoding=\"async\" class=\"wp-image-21228 aligncenter\" src=\"https:\/\/havamall.vn\/wp-content\/uploads\/2021\/08\/jyuhj-234x300.png\" alt=\"\" width=\"674\" height=\"863\" srcset=\"https:\/\/havamall.vn\/wp-content\/uploads\/2021\/08\/jyuhj-234x300.png 234w, https:\/\/havamall.vn\/wp-content\/uploads\/2021\/08\/jyuhj-430x551.png 430w, https:\/\/havamall.vn\/wp-content\/uploads\/2021\/08\/jyuhj-150x192.png 150w, https:\/\/havamall.vn\/wp-content\/uploads\/2021\/08\/jyuhj-768x985.png 768w, https:\/\/havamall.vn\/wp-content\/uploads\/2021\/08\/jyuhj-799x1024.png 799w, https:\/\/havamall.vn\/wp-content\/uploads\/2021\/08\/jyuhj-1200x1539.png 1200w, https:\/\/havamall.vn\/wp-content\/uploads\/2021\/08\/jyuhj-600x769.png 600w\" sizes=\"(max-width: 674px) 100vw, 674px\" \/><\/div>\n<div dir=\"auto\">\u0110\u00e2y l\u00e0 lo\u1ea1i m\u1ea1nh nh\u1ea5t trong v\u1ee5 thu ho\u1ea1ch v\u00e0 c\u00f3 th\u1ec3 \u0111\u01b0\u1ee3c s\u1eed d\u1ee5ng \u0111\u1ec3 thay th\u1ebf m\u1eadt \u0111\u01b0\u1eddng ho\u1eb7c l\u00e0m h\u01b0\u01a1ng li\u1ec7u trong c\u00e1c s\u1ea3n ph\u1ea9m kh\u00e1c. Syrup l\u1edbp C \u0111\u01b0\u1ee3c coi l\u00e0 &#8220;l\u1ef1a ch\u1ecdn c\u1ee7a ng\u01b0\u1eddi s\u00e0nh \u0103n&#8221;, v\u00e0 theo ti\u00eau chu\u1ea9n ch\u1ec9 d\u00e0nh cho c\u00e1c kh\u00e1ch h\u00e0ng th\u01b0\u01a1ng m\u1ea1i mua c\u00e1c th\u00f9ng l\u1edbn 40 gallon.<\/div>\n<div dir=\"auto\"><img loading=\"lazy\" decoding=\"async\" class=\"wp-image-21226 aligncenter\" src=\"https:\/\/havamall.vn\/wp-content\/uploads\/2021\/08\/uiu-300x187.png\" alt=\"\" width=\"663\" height=\"413\" srcset=\"https:\/\/havamall.vn\/wp-content\/uploads\/2021\/08\/uiu-300x187.png 300w, https:\/\/havamall.vn\/wp-content\/uploads\/2021\/08\/uiu-430x268.png 430w, https:\/\/havamall.vn\/wp-content\/uploads\/2021\/08\/uiu-150x93.png 150w, https:\/\/havamall.vn\/wp-content\/uploads\/2021\/08\/uiu-700x436.png 700w, https:\/\/havamall.vn\/wp-content\/uploads\/2021\/08\/uiu-768x479.png 768w, https:\/\/havamall.vn\/wp-content\/uploads\/2021\/08\/uiu.png 1024w, https:\/\/havamall.vn\/wp-content\/uploads\/2021\/08\/uiu-600x374.png 600w\" sizes=\"(max-width: 663px) 100vw, 663px\" \/><\/div>\n<h3><strong>\u0110\u1eb7c \u0111i\u1ec3m n\u1ed5i b\u1eadt c\u1ee7a s\u1ea3n ph\u1ea9m:<\/strong><\/h3>\n<div dir=\"auto\">\n<p>-Kh\u00f4ng ch\u1ee9a ch\u1ea5t t\u1ea1o m\u00e0u nh\u00e2n t\u1ea1o, kh\u00f4ng ch\u1ee9a GMO v\u00e0 ch\u1ec9 c\u00f3 ngu\u1ed3n g\u1ed1c t\u1eeb c\u00e2y trong r\u1eebng \u1edf \u0110\u1ea1i T\u00e2y D\u01b0\u01a1ng Canada.<span style=\"font-weight: 400\">&#8211; Nhi\u1ec1u ch\u1ea5t dinh d\u01b0\u1ee1ng \u0111\u01b0\u1ee3c t\u00ecm th\u1ea5y t\u1ef1 nhi\u00ean trong xi-r\u00f4 c\u00e2y phong nguy\u00ean ch\u1ea5t, bao g\u1ed3m k\u1ebdm, kali, mangan, thiamine, canxi, s\u1eaft, magi\u00ea v\u00e0 riboflavin.<\/span><\/p>\n<p><span style=\"font-weight: 400\">&#8211; K\u1ebdm kh\u00f4ng ch\u1ec9 c\u00f3 l\u1ee3i cho s\u1ee9c kh\u1ecfe tim m\u1ea1ch m\u00e0 n\u00f3 c\u00f2n l\u00e0 ch\u1ea5t ch\u1ed1ng oxy h\u00f3a. K\u1ebdm c\u0169ng tham gia v\u00e0o c\u00e1c ch\u1ee9c n\u0103ng quan tr\u1ecdng c\u1ee7a c\u01a1 th\u1ec3 nh\u01b0 t\u0103ng tr\u01b0\u1edfng v\u00e0 t\u00e1i t\u1ea1o t\u1ebf b\u00e0o.<\/span><\/p>\n<p><span style=\"font-weight: 400\">&#8211; Ch\u1ec9 c\u1ea7n 1\/4 c\u1ed1c xi-r\u00f4 c\u00e2y phong cung c\u1ea5p 41% nhu c\u1ea7u k\u1ebdm h\u00e0ng ng\u00e0y c\u1ee7a b\u1ea1n v\u00e0 100% l\u01b0\u1ee3ng mangan c\u1ea7n thi\u1ebft h\u00e0ng ng\u00e0y c\u1ee7a b\u1ea1n<\/span><\/p>\n<\/div>\n<div dir=\"auto\"><img loading=\"lazy\" decoding=\"async\" class=\"wp-image-21225 aligncenter\" src=\"https:\/\/havamall.vn\/wp-content\/uploads\/2021\/08\/jy-300x279.png\" alt=\"\" width=\"669\" height=\"622\" srcset=\"https:\/\/havamall.vn\/wp-content\/uploads\/2021\/08\/jy-300x279.png 300w, https:\/\/havamall.vn\/wp-content\/uploads\/2021\/08\/jy-430x400.png 430w, https:\/\/havamall.vn\/wp-content\/uploads\/2021\/08\/jy-150x140.png 150w, https:\/\/havamall.vn\/wp-content\/uploads\/2021\/08\/jy-700x652.png 700w, https:\/\/havamall.vn\/wp-content\/uploads\/2021\/08\/jy-768x715.png 768w, https:\/\/havamall.vn\/wp-content\/uploads\/2021\/08\/jy-600x559.png 600w, https:\/\/havamall.vn\/wp-content\/uploads\/2021\/08\/jy.png 960w\" sizes=\"(max-width: 669px) 100vw, 669px\" \/><\/div>\n<\/div>\n<div class=\"o9v6fnle cxmmr5t8 oygrvhab hcukyx3x c1et5uql ii04i59q\">\n<h3><strong>H\u01b0\u1edbng d\u1eabn s\u1eed d\u1ee5ng:<\/strong><\/h3>\n<p dir=\"auto\">&#8211; S\u1eed d\u1ee5ng \u0111\u1ec3 t\u1ea1o \u0111\u1ed9 ng\u1ecdt cho b\u00e1nh k\u1ebfp, b\u00e1nh quy gi\u00f2n, b\u00e1nh pudding, muesli, s\u1eefa chua, tr\u00e1i c\u00e2y v\u00e0 b\u00e1nh ng\u1ecdt, c\u0169ng c\u00f3 th\u1ec3 \u0111\u01b0\u1ee3c s\u1eed d\u1ee5ng \u0111\u1ec3 l\u00e0m ng\u1ecdt \u0111\u1ed3 u\u1ed1ng<\/p>\n<p dir=\"auto\">&#8211; Sau khi m\u1edf n\u1eafp \u0111\u1eady k\u00edn \u0111\u1ec3 trong t\u1ee7 l\u1ea1nh.<\/p>\n<\/div>","protected":false},"excerpt":{"rendered":"<p>TH\u00d4NG TIN S\u1ea2N PH\u1ea8M Th\u01b0\u01a1ng hi\u1ec7u Sottoletelle Xu\u1ea5t x\u1ee9 \u00dd Th\u00e0nh ph\u1ea7n 100% siro c\u00e2y phong h\u1eefu c\u01a1 l\u1edbp C<\/p>","protected":false},"featured_media":21227,"comment_status":"open","ping_status":"closed","template":"","meta":[],"product_brand":[],"product_cat":[256,36,143],"product_tag":[],"class_list":{"0":"post-21222","1":"product","2":"type-product","3":"status-publish","4":"has-post-thumbnail","6":"product_cat-thuc-pham-huu-co","7":"product_cat-thuc-pham-tieu-dung","8":"product_cat-thuc-pham-dong-hop","9":"pa_brand-sottolestell","11":"first","12":"outofstock","13":"sale","14":"shipping-taxable","15":"purchasable","16":"product-type-simple"},"_links":{"self":[{"href":"https:\/\/havamall.vn\/en\/wp-json\/wp\/v2\/product\/21222"}],"collection":[{"href":"https:\/\/havamall.vn\/en\/wp-json\/wp\/v2\/product"}],"about":[{"href":"https:\/\/havamall.vn\/en\/wp-json\/wp\/v2\/types\/product"}],"replies":[{"embeddable":true,"href":"https:\/\/havamall.vn\/en\/wp-json\/wp\/v2\/comments?post=21222"}],"version-history":[{"count":0,"href":"https:\/\/havamall.vn\/en\/wp-json\/wp\/v2\/product\/21222\/revisions"}],"wp:featuredmedia":[{"embeddable":true,"href":"https:\/\/havamall.vn\/en\/wp-json\/wp\/v2\/media\/21227"}],"wp:attachment":[{"href":"https:\/\/havamall.vn\/en\/wp-json\/wp\/v2\/media?parent=21222"}],"wp:term":[{"taxonomy":"product_brand","embeddable":true,"href":"https:\/\/havamall.vn\/en\/wp-json\/wp\/v2\/product_brand?post=21222"},{"taxonomy":"product_cat","embeddable":true,"href":"https:\/\/havamall.vn\/en\/wp-json\/wp\/v2\/product_cat?post=21222"},{"taxonomy":"product_tag","embeddable":true,"href":"https:\/\/havamall.vn\/en\/wp-json\/wp\/v2\/product_tag?post=21222"}],"curies":[{"name":"wp","href":"https:\/\/api.w.org\/{rel}","templated":true}]}}