{"id":21206,"date":"2021-08-14T17:17:20","date_gmt":"2021-08-14T10:17:20","guid":{"rendered":"https:\/\/havamall.vn\/?post_type=product&#038;p=21206"},"modified":"2023-06-05T17:35:37","modified_gmt":"2023-06-05T10:35:37","slug":"dau-nanh-thuan-chay-huu-co-sobo-mieng-to-150gr-soja-schnitzel-grob","status":"publish","type":"product","link":"https:\/\/havamall.vn\/en\/shop\/dau-nanh-thuan-chay-huu-co-sobo-mieng-to-150gr-soja-schnitzel-grob\/","title":{"rendered":"\u0110\u1eadu N\u00e0nh Thu\u1ea7n Chay H\u1eefu C\u01a1 Sobo Mi\u1ebfng To 150gr &#8211; Soja Schnitzel Grob"},"content":{"rendered":"<p>SOBO Naturkost cung c\u1ea5p cho th\u01b0\u01a1ng m\u1ea1i th\u1ef1c ph\u1ea9m h\u1eefu c\u01a1 c\u1ee7a \u0110\u1ee9c v\u1edbi c\u00e1c s\u1ea3n ph\u1ea9m h\u1eefu c\u01a1 ch\u1ea5t l\u01b0\u1ee3ng cao nh\u01b0 g\u1ea5u k\u1eb9o d\u1ebbo h\u1eefu c\u01a1, m\u00f3n tr\u00e1ng mi\u1ec7ng h\u1eefu c\u01a1 v\u00e0 v\u1ee5n \u0111\u1eadu n\u00e0nh.\u00a0T\u1ea5t c\u1ea3 \u0111\u1eadu n\u00e0nh cho c\u00e1c s\u1ea3n ph\u1ea9m c\u1ee7a Sobo hi\u1ec7n nay \u0111\u1ec1u \u0111\u1ebfn t\u1eeb Ch\u00e2u \u00c2u.\u00a0V\u1edbi ni\u1ec1m \u0111am m\u00ea l\u1edbn \u0111\u1ed1i v\u1edbi h\u1eefu c\u01a1, Sobo ph\u00e1t tri\u1ec3n c\u00e1c s\u1ea3n ph\u1ea9m ho\u00e0n thi\u1ec7n thi\u1ebft th\u1ef1c v\u00e0 ph\u1ee5c v\u1ee5 nhu c\u1ea7u c\u1ee7a ng\u01b0\u1eddi mua h\u1eefu c\u01a1 v\u1edbi ph\u1ea1m vi ng\u00e0y c\u00e0ng t\u0103ng. S\u1ea3n ph\u1ea9m c\u1ee7a Sobo c\u00f2n \u0111\u01b0\u1ee3c ki\u1ec3m so\u00e1t v\u00e0 ch\u1ee9ng nh\u1eadn ph\u00f9 h\u1ee3p v\u1edbi c\u00e1c h\u01b0\u1edbng d\u1eabn v\u1ec1 canh t\u00e1c h\u1eefu c\u01a1, nay \u0111\u00e3 c\u00f3 m\u1eb7t t\u1ea1i Havamall.<\/p>\n<p>N\u1ebfu b\u1ea1n \u0111ang \u0111au \u0111\u1ea7u khi m\u1ed7i ng\u00e0y \u0103n chay l\u1ea1i ph\u1ea3i suy ngh\u0129 \u201cH\u00f4m nay \u0103n g\u00ec?\u201d th\u00ec gi\u1edd \u0111\u00e2y c\u00e1c b\u1ea1n ho\u00e0n to\u00e0n c\u00f3 th\u1ec3 th\u01b0 gi\u00e3n. B\u1edfi Havamall s\u1ebd \u0111em \u0111\u1ebfn cho b\u1ea1n m\u1ed9t s\u1ea3n ph\u1ea9m thu\u1ea7n chay \u0111\u01b0\u1ee3c nh\u1eadp kh\u1ea9u tr\u1ef1c ti\u1ebfp t\u1eeb \u0110\u1ee9c. \u0110\u00f3 l\u00e0 \u0110\u1eadu n\u00e0nh thu\u1ea7n chay h\u1eefu c\u01a1 Sobo. S\u1ea3n ph\u1ea9m \u0111\u01b0\u1ee3c l\u00e0m t\u1eeb 100% \u0111\u1eadu n\u00e0nh h\u1eefu c\u01a1 kh\u00f4ng bi\u1ebfn \u0111\u1ed5i gen, t\u1ed1t cho s\u1ee9c kh\u1ecfe c\u1ee7a ng\u01b0\u1eddi ti\u00eau d\u00f9ng.<\/p>\n<p><img fetchpriority=\"high\" decoding=\"async\" class=\"wp-image-21232 aligncenter\" src=\"https:\/\/havamall.vn\/wp-content\/uploads\/2021\/08\/Pohli_60-289x300.jpg\" alt=\"\" width=\"701\" height=\"728\" srcset=\"https:\/\/havamall.vn\/wp-content\/uploads\/2021\/08\/Pohli_60-289x300.jpg 289w, https:\/\/havamall.vn\/wp-content\/uploads\/2021\/08\/Pohli_60-430x447.jpg 430w, https:\/\/havamall.vn\/wp-content\/uploads\/2021\/08\/Pohli_60-150x156.jpg 150w, https:\/\/havamall.vn\/wp-content\/uploads\/2021\/08\/Pohli_60-700x728.jpg 700w, https:\/\/havamall.vn\/wp-content\/uploads\/2021\/08\/Pohli_60-768x798.jpg 768w, https:\/\/havamall.vn\/wp-content\/uploads\/2021\/08\/Pohli_60-600x624.jpg 600w, https:\/\/havamall.vn\/wp-content\/uploads\/2021\/08\/Pohli_60.jpg 962w\" sizes=\"(max-width: 701px) 100vw, 701px\" \/><\/p>\n<h4><strong>L\u1ee2I \u00cdCH C\u1ee6A \u0110\u1eacU N\u00c0NH<\/strong><\/h4>\n<ul>\n<li>T\u0103ng c\u01b0\u1eddng s\u1ee9c kh\u1ecfe cho tim<\/li>\n<\/ul>\n<p>C\u00f4ng d\u1ee5ng c\u1ee7a \u0111\u1eadu n\u00e0nh\u00a0\u0111\u1ea7u ti\u00ean ph\u1ea3i k\u1ec3 \u0111\u1ebfn \u0111\u00f3 l\u00e0 c\u00f3 th\u1ec3 gi\u00fap gi\u1ea3m m\u1ee9c cholesterol v\u00e0 c\u1ea3i thi\u1ec7n c\u00e1c y\u1ebfu t\u1ed1 nguy c\u01a1 kh\u00e1c cho b\u1ec7nh tim<\/p>\n<ul>\n<li>C\u00f3 th\u1ec3 h\u1ed7 tr\u1ee3 gi\u1ea3m c\u00e2n<\/li>\n<\/ul>\n<p>\u0110\u1eadu n\u00e0nh c\u00f3 th\u1ec3 h\u1ed7 tr\u1ee3 gi\u1ea3m c\u00e2n do h\u00e0m l\u01b0\u1ee3ng protein cao. S\u1eed d\u1ee5ng nhi\u1ec1u protein c\u00f3 th\u1ec3 t\u0103ng c\u01b0\u1eddng trao \u0111\u1ed5i ch\u1ea5t v\u00e0 t\u0103ng c\u1ea3m gi\u00e1c no, do \u0111\u00f3 s\u1ebd gi\u00fap h\u1ed7 tr\u1ee3 gi\u1ea3m c\u00e2n r\u1ea5t t\u1ed1t.<\/p>\n<p>Protein trong \u0111\u1eadu n\u00e0nh c\u00f3 th\u1ec3 ho\u1ea1t \u0111\u1ed9ng v\u1edbi ch\u1ea5t x\u01a1 \u0111\u1ed3ng th\u1eddi isoflavone c\u0169ng cung c\u1ea5p th\u00eam l\u1ee3i \u00edch cho qu\u00e1 tr\u00ecnh chuy\u1ec3n h\u00f3a ch\u1ea5t b\u00e9o v\u00e0 gi\u1ea3m c\u00e2n.<\/p>\n<ul>\n<li>C\u00f3 th\u1ec3 t\u0103ng c\u01b0\u1eddng s\u1ee9c kho\u1ebb x\u01b0\u01a1ng<\/li>\n<\/ul>\n<p>Isoflavone trong h\u1ea1t \u0111\u1eadu n\u00e0nh c\u00f3 th\u1ec3 t\u0103ng c\u01b0\u1eddng s\u1ee9c m\u1ea1nh c\u1ee7a x\u01b0\u01a1ng v\u00e0 gi\u00fap ng\u0103n ng\u1eeba lo\u00e3ng x\u01b0\u01a1ng. \u0110\u00e2y l\u00e0 m\u1ed9t c\u0103n b\u1ec7nh \u0111\u1eb7c tr\u01b0ng b\u1edfi x\u01b0\u01a1ng m\u1ecfng v\u00e0 t\u0103ng nguy c\u01a1 g\u00e3y x\u01b0\u01a1ng.<\/p>\n<ul>\n<li>\u0110\u1eadu n\u00e0nh r\u1ea5t \u0111a n\u0103ng<\/li>\n<\/ul>\n<div class=\"rich-text\">\n<p>\u0110\u1eadu n\u00e0nh v\u00e0 b\u01a1 \u0111\u1eadu n\u00e0nh lu\u00f4n c\u00f3 s\u1eb5n \u1edf c\u00e1c c\u1eeda h\u00e0ng t\u1ea1p ho\u00e1. Ch\u00fang c\u0169ng r\u1ea5t d\u1ec5 d\u00e0ng s\u1eed d\u1ee5ng c\u00f9ng v\u1edbi c\u00e1c b\u1eefa \u0103n v\u00e0 \u0111\u1ed3 \u0103n nh\u1eb9 bao g\u1ed3m: x\u00e0 l\u00e1ch, h\u1ed7n h\u1ee3p \u0111\u01b0\u1eddng, s\u1eefa chua, c\u00e1c m\u00f3n x\u00e0o, c\u00e1c m\u00f3n m\u00ec \u1ed1ng. Ch\u00fang c\u00f3 nhi\u1ec1u h\u01b0\u01a1ng v\u1ecb kh\u00e1c nhau nh\u01b0 \u01b0\u1edbp mu\u1ed1i, kh\u00f4ng \u01b0\u1edbp mu\u1ed1i v\u00e0 b\u1ed5 sung gia v\u1ecb. H\u01a1n n\u1eefa, h\u1ea1t \u0111\u1eadu n\u00e0nh l\u00e0 s\u1ef1 l\u1ef1a ch\u1ecdn ph\u00f9 h\u1ee3p cho nh\u1eefng ng\u01b0\u1eddi b\u1ecb d\u1ecb \u1ee9ng \u0111\u1eadu ph\u1ed9ng.<\/p>\n<p><img decoding=\"async\" class=\"wp-image-21230 aligncenter\" src=\"https:\/\/havamall.vn\/wp-content\/uploads\/2021\/08\/43726c504f9766ce8993e43c6f991870-300x300.jpg\" alt=\"\" width=\"699\" height=\"699\" srcset=\"https:\/\/havamall.vn\/wp-content\/uploads\/2021\/08\/43726c504f9766ce8993e43c6f991870-300x300.jpg 300w, https:\/\/havamall.vn\/wp-content\/uploads\/2021\/08\/43726c504f9766ce8993e43c6f991870-430x430.jpg 430w, https:\/\/havamall.vn\/wp-content\/uploads\/2021\/08\/43726c504f9766ce8993e43c6f991870-150x150.jpg 150w, https:\/\/havamall.vn\/wp-content\/uploads\/2021\/08\/43726c504f9766ce8993e43c6f991870-700x700.jpg 700w, https:\/\/havamall.vn\/wp-content\/uploads\/2021\/08\/43726c504f9766ce8993e43c6f991870-768x768.jpg 768w, https:\/\/havamall.vn\/wp-content\/uploads\/2021\/08\/43726c504f9766ce8993e43c6f991870-600x600.jpg 600w, https:\/\/havamall.vn\/wp-content\/uploads\/2021\/08\/43726c504f9766ce8993e43c6f991870-100x100.jpg 100w, https:\/\/havamall.vn\/wp-content\/uploads\/2021\/08\/43726c504f9766ce8993e43c6f991870.jpg 1024w\" sizes=\"(max-width: 699px) 100vw, 699px\" \/><\/p>\n<\/div>\n<p>Havamall s\u1ebd g\u1ee3i \u00fd cho b\u1ea1n c\u00e1ch ch\u1ebf bi\u1ebfn \u0111\u1eadu n\u00e0nh \u0111\u1ea7y \u0111\u1ee7 dinh d\u01b0\u1ee1ng cho c\u1ea3 nh\u00e0 m\u00e0 kh\u00f4ng m\u1ea5t qu\u00e1 nhi\u1ec1u th\u1eddi gian.<\/p>\n<p>B\u01b0\u1edbc 1: \u0110\u1ed5 kho\u1ea3ng 100g \u0111\u1eadu n\u00e0nh Sobo v\u00e0o b\u00e1t v\u1edbi kho\u1ea3ng 6 mu\u1ed7ng n\u01b0\u1edbc canh t\u01b0\u01a1ng c\u00f9ng v\u1edbi 250ml n\u01b0\u1edbc s\u00f4i v\u00e0 ng\u00e2m trong kho\u1ea3ng 5 ph\u00fat. Do k\u1ebft c\u1ea5u c\u1ee7a \u0111\u1eadu n\u00e0nh Sobo ch\u1eafc n\u00ean th\u1eddi gian ng\u00e2m c\u1ea7n l\u00e2u v\u00e0 k\u0129 h\u01a1n c\u00e1c s\u1ea3n ph\u1ea9m th\u1ecbt l\u00e0m t\u1eeb b\u1ed9t m\u00ec. Trong th\u1eddi gian ng\u00e2m, khu\u1ea5y nhanh \u1edf gi\u1eefa \u0111\u1ec3 n\u01b0\u1edbc \u0111\u01b0\u1ee3c ng\u1ea5m \u0111\u1ec1u v\u00e0o \u0111\u1eadu n\u00e0nh.<\/p>\n<p>B\u01b0\u1edbc 2: Sau khi ng\u00e2m m\u1ec1m, b\u1ea1n h\u00e3y d\u00f9ng bao tay v\u1edbt ra, v\u1eaft kh\u00f4 v\u00e0 cho \u0111\u1eadu n\u00e0nh v\u00e0o r\u1ed5 \u0111\u1ec3 r\u00e1o th\u00eam v\u00e0i ph\u00fat. L\u00fac n\u00e0y mi\u1ebfng th\u1ecbt chay \u0111\u00e3 ho\u00e0n to\u00e0n gi\u1ed1ng nh\u01b0 mi\u1ebfng th\u1ecbt \u0111\u1ed9ng v\u1eadt, b\u1ea1n c\u00f3 th\u1ec3 pha ch\u1ebf \u0111\u1ed3 \u01b0\u1edbp, tr\u1ed9n v\u1edbi th\u1ecbt \u0111\u00e3 r\u00e1o n\u01b0\u1edbc, \u0111\u1ec3 10-15 ph\u00fat cho ng\u1ea5m gia v\u1ecb v\u00e0 ch\u1ebf bi\u1ebfn c\u00e1c m\u00f3n m\u00ecnh th\u00edch: x\u00e0o, l\u00e0m g\u1ecfi, kho ti\u00eau, rang ch\u00e1y c\u1ea1nh, b\u1ecdc b\u1ed9t chi\u00ean hay d\u00f9ng \u0111\u1ec3 \u0103n l\u1ea9u \u0111\u1ec1u \u0111\u01b0\u1ee3c.<\/p>\n<p><img decoding=\"async\" class=\"wp-image-21233 aligncenter\" src=\"https:\/\/havamall.vn\/wp-content\/uploads\/2021\/08\/veganes-soja-gyros-mit-wildreis-und-zaziki_i753-300x228.jpg\" alt=\"\" width=\"703\" height=\"534\" srcset=\"https:\/\/havamall.vn\/wp-content\/uploads\/2021\/08\/veganes-soja-gyros-mit-wildreis-und-zaziki_i753-300x228.jpg 300w, https:\/\/havamall.vn\/wp-content\/uploads\/2021\/08\/veganes-soja-gyros-mit-wildreis-und-zaziki_i753-430x327.jpg 430w, https:\/\/havamall.vn\/wp-content\/uploads\/2021\/08\/veganes-soja-gyros-mit-wildreis-und-zaziki_i753-150x114.jpg 150w, https:\/\/havamall.vn\/wp-content\/uploads\/2021\/08\/veganes-soja-gyros-mit-wildreis-und-zaziki_i753-700x533.jpg 700w, https:\/\/havamall.vn\/wp-content\/uploads\/2021\/08\/veganes-soja-gyros-mit-wildreis-und-zaziki_i753-600x457.jpg 600w, https:\/\/havamall.vn\/wp-content\/uploads\/2021\/08\/veganes-soja-gyros-mit-wildreis-und-zaziki_i753.jpg 753w\" sizes=\"(max-width: 703px) 100vw, 703px\" \/><\/p>\n<h1><\/h1>\n<h1>TH\u00d4NG TIN S\u1ea2N PH\u1ea8M<\/h1>\n<table style=\"height: 342px;\" width=\"740\">\n<tbody>\n<tr>\n<td>Th\u01b0\u01a1ng hi\u1ec7u<\/td>\n<td>SOBO Naturkost<\/td>\n<\/tr>\n<tr>\n<td>Kh\u1ed1i l\u01b0\u1ee3ng<\/td>\n<td>150gr<\/td>\n<\/tr>\n<tr>\n<td>Th\u00e0nh ph\u1ea7n<\/td>\n<td>100% \u0111\u1eadu n\u00e0nh h\u1eefu c\u01a1<\/td>\n<\/tr>\n<tr>\n<td>H\u1ea1n s\u1eed d\u1ee5ng<\/td>\n<td>Xem tr\u00ean bao b\u00ec<\/td>\n<\/tr>\n<tr>\n<td>B\u1ea3o qu\u1ea3n<\/td>\n<td>B\u1ea3o qu\u1ea3n n\u01a1i t\u1ed1i v\u00e0 m\u00e1t, tr\u00e1nh \u00e1nh n\u1eafng tr\u1ef1c ti\u1ebfp<\/td>\n<\/tr>\n<tr>\n<td>L\u01b0u \u00fd<\/td>\n<td>Kh\u00f4ng s\u1eed d\u1ee5ng s\u1ea3n ph\u1ea9m khi d\u1ecb \u1ee9ng v\u1edbi c\u00e1c th\u00e0nh ph\u1ea7n c\u1ee7a s\u1ea3n ph\u1ea9m.<\/td>\n<\/tr>\n<\/tbody>\n<\/table>\n<p>&nbsp;<\/p>\n<p><img loading=\"lazy\" decoding=\"async\" class=\"wp-image-21234 aligncenter\" src=\"https:\/\/havamall.vn\/wp-content\/uploads\/2021\/08\/soja-geschnetzeltes-sobo-naturkost-300x200.jpg\" alt=\"\" width=\"704\" height=\"469\" srcset=\"https:\/\/havamall.vn\/wp-content\/uploads\/2021\/08\/soja-geschnetzeltes-sobo-naturkost-300x200.jpg 300w, https:\/\/havamall.vn\/wp-content\/uploads\/2021\/08\/soja-geschnetzeltes-sobo-naturkost-430x287.jpg 430w, https:\/\/havamall.vn\/wp-content\/uploads\/2021\/08\/soja-geschnetzeltes-sobo-naturkost-150x100.jpg 150w, https:\/\/havamall.vn\/wp-content\/uploads\/2021\/08\/soja-geschnetzeltes-sobo-naturkost-700x467.jpg 700w, https:\/\/havamall.vn\/wp-content\/uploads\/2021\/08\/soja-geschnetzeltes-sobo-naturkost-600x400.jpg 600w, https:\/\/havamall.vn\/wp-content\/uploads\/2021\/08\/soja-geschnetzeltes-sobo-naturkost.jpg 750w\" sizes=\"(max-width: 704px) 100vw, 704px\" \/><\/p>\n<p>&nbsp;<\/p>","protected":false},"excerpt":{"rendered":"<p>S\u1ea3n ph\u1ea9m \u0111\u01b0\u1ee3c ch\u1ee9ng nh\u1eadn chu\u1ea9n h\u1eefu c\u01a1 ch\u00e2u \u00c2u EU.<\/p>\n<p>Nh\u1eadp kh\u1ea9u tr\u1ef1c ti\u1ebfp t\u1eeb \u0110\u1ee9c.<\/p>\n<p>\u0110\u1eadu n\u00e0nh l\u1ea1i nhi\u1ec1u c\u00f4ng d\u1ee5ng t\u1ed1t cho s\u1ee9c kh\u1ecfe:\u00a0r\u1ea5t gi\u00e0u ch\u1ea5t x\u01a1, protein th\u1ef1c v\u1eadt, isoflavone v\u00e0 m\u1ed9t s\u1ed1 ch\u1ea5t dinh d\u01b0\u1ee1ng kh\u00e1c, v\u00e0 ch\u00fang c\u00f3 th\u1ec3 th\u00fac \u0111\u1ea9y gi\u1ea3m c\u00e2n v\u00e0 t\u0103ng c\u01b0\u1eddng s\u1ee9c kh\u1ecfe c\u1ee7a tim v\u00e0 x\u01b0\u01a1ng,&#8230;<\/p>","protected":false},"featured_media":21235,"comment_status":"open","ping_status":"closed","template":"","meta":[],"product_brand":[],"product_cat":[256,496,36,134],"product_tag":[],"class_list":{"0":"post-21206","1":"product","2":"type-product","3":"status-publish","4":"has-post-thumbnail","6":"product_cat-thuc-pham-huu-co","7":"product_cat-thuc-pham-thuan-chay","8":"product_cat-thuc-pham-tieu-dung","9":"product_cat-thucpham-saykho","11":"first","12":"instock","13":"sale","14":"shipping-taxable","15":"purchasable","16":"product-type-simple"},"_links":{"self":[{"href":"https:\/\/havamall.vn\/en\/wp-json\/wp\/v2\/product\/21206"}],"collection":[{"href":"https:\/\/havamall.vn\/en\/wp-json\/wp\/v2\/product"}],"about":[{"href":"https:\/\/havamall.vn\/en\/wp-json\/wp\/v2\/types\/product"}],"replies":[{"embeddable":true,"href":"https:\/\/havamall.vn\/en\/wp-json\/wp\/v2\/comments?post=21206"}],"version-history":[{"count":0,"href":"https:\/\/havamall.vn\/en\/wp-json\/wp\/v2\/product\/21206\/revisions"}],"wp:featuredmedia":[{"embeddable":true,"href":"https:\/\/havamall.vn\/en\/wp-json\/wp\/v2\/media\/21235"}],"wp:attachment":[{"href":"https:\/\/havamall.vn\/en\/wp-json\/wp\/v2\/media?parent=21206"}],"wp:term":[{"taxonomy":"product_brand","embeddable":true,"href":"https:\/\/havamall.vn\/en\/wp-json\/wp\/v2\/product_brand?post=21206"},{"taxonomy":"product_cat","embeddable":true,"href":"https:\/\/havamall.vn\/en\/wp-json\/wp\/v2\/product_cat?post=21206"},{"taxonomy":"product_tag","embeddable":true,"href":"https:\/\/havamall.vn\/en\/wp-json\/wp\/v2\/product_tag?post=21206"}],"curies":[{"name":"wp","href":"https:\/\/api.w.org\/{rel}","templated":true}]}}