{"id":21193,"date":"2021-08-14T16:40:12","date_gmt":"2021-08-14T09:40:12","guid":{"rendered":"https:\/\/havamall.vn\/?post_type=product&#038;p=21193"},"modified":"2022-05-24T15:21:01","modified_gmt":"2022-05-24T08:21:01","slug":"nuoc-duong-tao-y-huu-co-sottolestelle-organic-apple-sugar-juice-250ml","status":"publish","type":"product","link":"https:\/\/havamall.vn\/en\/shop\/nuoc-duong-tao-y-huu-co-sottolestelle-organic-apple-sugar-juice-250ml\/","title":{"rendered":"N\u01b0\u1edbc \u0110\u01b0\u1eddng T\u00e1o \u00dd H\u1eefu C\u01a1 &#8211; Sottolestelle Organic Apple Sugar Juice 250ml"},"content":{"rendered":"<h4><strong>TH\u00d4NG TIN S\u1ea2N PH\u1ea8M<\/strong><\/h4>\n<table>\n<tbody>\n<tr>\n<td>Th\u01b0\u01a1ng hi\u1ec7u<\/td>\n<td>Sottoletelle<\/td>\n<\/tr>\n<tr>\n<td>Xu\u1ea5t x\u1ee9<\/td>\n<td>\u00dd<\/td>\n<\/tr>\n<tr>\n<td>Th\u00e0nh ph\u1ea7n<\/td>\n<td>100% n\u01b0\u1edbc \u0111\u01b0\u1eddng t\u00e1o h\u1eefu c\u01a1 c\u00f4 \u0111\u1eb7c<\/td>\n<\/tr>\n<tr>\n<td>H\u1ea1n s\u1eed d\u1ee5ng<\/td>\n<td>24 th\u00e1ng k\u1ec3 t\u1eeb ng\u00e0y s\u1ea3n xu\u1ea5t.<\/td>\n<\/tr>\n<tr>\n<td>B\u1ea3o qu\u1ea3n<\/td>\n<td>\u0110\u1eady k\u00edn v\u00e0 b\u1ea3o qu\u1ea3n n\u01a1i tho\u00e1ng m\u00e1t<\/td>\n<\/tr>\n<tr>\n<td>Th\u1ec3 t\u00edch th\u1ef1c<\/td>\n<td>250ml<\/td>\n<\/tr>\n<\/tbody>\n<\/table>\n<p>S\u1ee9c m\u1ea1nh l\u00e0m ng\u1ecdt v\u01b0\u1ee3t tr\u1ed9i so v\u1edbi \u0111\u01b0\u1eddng truy\u1ec1n th\u1ed1ng \u0110\u01b0\u1eddng t\u00e1o \u00dd\u00a0 l\u00e0 m\u1ed9t ch\u1ea5t l\u00e0m ng\u1ecdt t\u1ef1 nhi\u00ean d\u00f9ng cho \u0111\u1ed3 \u0103n, \u0111\u1ed3 u\u1ed1ng c\u1ee7a b\u00e9. Kh\u00f4ng g\u00e2y s\u00e2u r\u0103ng, kh\u00f4ng ch\u1ee9a gluten. Ho\u00e0n to\u00e0n 100% h\u1eefu c\u01a1. Kh\u00f4ng c\u00f3 ch\u1ea5t bi\u1ebfn \u0111\u1ed5i gen. Kh\u00f4ng s\u1eed d\u1ee5ng ch\u1ea5t b\u1ea3o qu\u1ea3n , ch\u1ea5t t\u1ea1o m\u00e0u Ch\u1ee9ng nh\u1eadn h\u1eefu c\u01a1 Ch\u00e2u \u00c2u Non GMO Nh\u1eadp kh\u1ea9u tr\u1ef1c ti\u1ebfp t\u1eeb \u00dd.<\/p>\n<p><img fetchpriority=\"high\" decoding=\"async\" class=\"wp-image-21203 aligncenter\" src=\"https:\/\/havamall.vn\/wp-content\/uploads\/2021\/08\/uiy-300x223.png\" alt=\"\" width=\"680\" height=\"506\" srcset=\"https:\/\/havamall.vn\/wp-content\/uploads\/2021\/08\/uiy-300x223.png 300w, https:\/\/havamall.vn\/wp-content\/uploads\/2021\/08\/uiy-430x319.png 430w, https:\/\/havamall.vn\/wp-content\/uploads\/2021\/08\/uiy-150x111.png 150w, https:\/\/havamall.vn\/wp-content\/uploads\/2021\/08\/uiy-700x520.png 700w, https:\/\/havamall.vn\/wp-content\/uploads\/2021\/08\/uiy-768x570.png 768w, https:\/\/havamall.vn\/wp-content\/uploads\/2021\/08\/uiy-1024x761.png 1024w, https:\/\/havamall.vn\/wp-content\/uploads\/2021\/08\/uiy-1200x891.png 1200w, https:\/\/havamall.vn\/wp-content\/uploads\/2021\/08\/uiy-600x446.png 600w, https:\/\/havamall.vn\/wp-content\/uploads\/2021\/08\/uiy.png 2048w\" sizes=\"(max-width: 680px) 100vw, 680px\" \/><\/p>\n<p>N\u01b0\u1edbc \u0111\u01b0\u1eddng t\u00e1o \u0111\u01b0\u1ee3c t\u1ea1o ra b\u1eb1ng c\u00e1ch \u0111un s\u00f4i n\u01b0\u1edbc t\u00e1o \u00e9p cho \u0111\u1ebfn khi h\u1ed7n h\u1ee3p s\u1ec7t th\u00e0nh syrup, c\u00f3 m\u00e0u n\u00e2u \u0111\u1eadm, c\u00f3 th\u1ec3 b\u1ea3o qu\u1ea3n v\u00e0 th\u01b0\u1edfng th\u1ee9c trong th\u1eddi gian l\u00e2u d\u00e0i. C\u0169ng gi\u1ed1ng nh\u01b0 syrup c\u00e2y phong, n\u01b0\u1edbc \u0111\u01b0\u1eddng t\u00e1o c\u00f4 \u0111\u1eb7c c\u00f3 h\u01b0\u01a1ng v\u1ecb \u0111\u1eb7c tr\u01b0ng c\u1ee7a nguy\u00ean li\u1ec7u l\u00e0m ra n\u00f3, t\u1ee9c l\u00e0 m\u00f9i t\u00e1o ch\u00edn th\u01a1m ngon h\u1ea5p d\u1eabn.<\/p>\n<p><img decoding=\"async\" class=\"wp-image-21204 aligncenter\" src=\"https:\/\/havamall.vn\/wp-content\/uploads\/2021\/08\/ljjio-228x300.png\" alt=\"\" width=\"677\" height=\"889\" srcset=\"https:\/\/havamall.vn\/wp-content\/uploads\/2021\/08\/ljjio-228x300.png 228w, https:\/\/havamall.vn\/wp-content\/uploads\/2021\/08\/ljjio-430x565.png 430w, https:\/\/havamall.vn\/wp-content\/uploads\/2021\/08\/ljjio-150x197.png 150w, https:\/\/havamall.vn\/wp-content\/uploads\/2021\/08\/ljjio-700x920.png 700w, https:\/\/havamall.vn\/wp-content\/uploads\/2021\/08\/ljjio-768x1010.png 768w, https:\/\/havamall.vn\/wp-content\/uploads\/2021\/08\/ljjio-779x1024.png 779w, https:\/\/havamall.vn\/wp-content\/uploads\/2021\/08\/ljjio-1200x1577.png 1200w, https:\/\/havamall.vn\/wp-content\/uploads\/2021\/08\/ljjio-600x789.png 600w, https:\/\/havamall.vn\/wp-content\/uploads\/2021\/08\/ljjio.png 1240w\" sizes=\"(max-width: 677px) 100vw, 677px\" \/><\/p>\n<p>Ch\u1ea5t l\u00e0m ng\u1ecdt c\u00f3 \u0111\u1ed9 \u0111\u1eb7c t\u01b0\u01a1ng t\u1ef1 nh\u01b0 m\u1eadt ong thu \u0111\u01b0\u1ee3c b\u1eb1ng c\u00e1ch c\u00f4 \u0111\u1eb7c n\u01b0\u1edbc \u00e9p t\u00e1o h\u1eefu c\u01a1. Do th\u00e0nh ph\u1ea7n c\u1ee7a n\u00f3, n\u00f3 c\u00f3 s\u1ee9c m\u1ea1nh l\u00e0m ng\u1ecdt v\u01b0\u1ee3t tr\u1ed9i so v\u1edbi \u0111\u01b0\u1eddng truy\u1ec1n th\u1ed1ng, do \u0111\u00f3, v\u1edbi c\u00f9ng m\u1ed9t c\u00f4ng th\u1ee9c, n\u00f3 c\u00f3 th\u1ec3 \u0111\u01b0\u1ee3c s\u1eed d\u1ee5ng v\u1edbi s\u1ed1 l\u01b0\u1ee3ng \u00edt h\u01a1n \u0111\u01b0\u1eddng. Th\u00edch h\u1ee3p \u0111\u1ec3 l\u00e0m ng\u1ecdt t\u1ea5t c\u1ea3 c\u00e1c s\u1ea3n ph\u1ea9m th\u1ef1c ph\u1ea9m, m\u00e0 kh\u00f4ng thay \u0111\u1ed5i h\u01b0\u01a1ng v\u1ecb c\u1ee7a ch\u00fang.<\/p>\n<p><img decoding=\"async\" class=\"wp-image-21220 aligncenter\" src=\"https:\/\/havamall.vn\/wp-content\/uploads\/2021\/08\/ui-1-300x300.png\" alt=\"\" width=\"677\" height=\"677\" srcset=\"https:\/\/havamall.vn\/wp-content\/uploads\/2021\/08\/ui-1-300x300.png 300w, https:\/\/havamall.vn\/wp-content\/uploads\/2021\/08\/ui-1-430x430.png 430w, https:\/\/havamall.vn\/wp-content\/uploads\/2021\/08\/ui-1-150x150.png 150w, https:\/\/havamall.vn\/wp-content\/uploads\/2021\/08\/ui-1-700x700.png 700w, https:\/\/havamall.vn\/wp-content\/uploads\/2021\/08\/ui-1-768x768.png 768w, https:\/\/havamall.vn\/wp-content\/uploads\/2021\/08\/ui-1-600x600.png 600w, https:\/\/havamall.vn\/wp-content\/uploads\/2021\/08\/ui-1-100x100.png 100w, https:\/\/havamall.vn\/wp-content\/uploads\/2021\/08\/ui-1.png 960w\" sizes=\"(max-width: 677px) 100vw, 677px\" \/><\/p>\n<h4><strong>\u0110\u1eb7c \u0111i\u1ec3m n\u1ed5i b\u1eadt c\u1ee7a s\u1ea3n ph\u1ea9m:<\/strong><\/h4>\n<p>&#8211; \u0110\u01b0\u1eddng t\u00e1o \u00dd l\u00e0 m\u1ed9t ch\u1ea5t l\u00e0m ng\u1ecdt t\u1ef1 nhi\u00ean d\u00f9ng cho \u0111\u1ed3 \u0103n, \u0111\u1ed3 u\u1ed1ng c\u1ee7a b\u00e9.<\/p>\n<p>&#8211; Kh\u00f4ng g\u00e2y s\u00e2u r\u0103ng, kh\u00f4ng ch\u1ee9a gluten. Ho\u00e0n to\u00e0n 100% h\u1eefu c\u01a1. Kh\u00f4ng c\u00f3 ch\u1ea5t bi\u1ebfn \u0111\u1ed5i gen.<\/p>\n<p>&#8211; \u0110\u01b0\u1eddng d\u1ec5 tan trong c\u00e1c th\u1ef1c ph\u1ea9m \u0111\u1ed3 u\u1ed1ng c\u1ee7a b\u00e9 nh\u01b0 n\u01b0\u1edbc cam, n\u01b0\u1edbc chanh,c\u00e1c lo\u1ea1i sinh t\u1ed1. M\u1eb9 c\u00f3 th\u1ec3 ch\u1ebf bi\u1ebfn c\u00e1c m\u00f3n ch\u00e8, b\u00e1nh ng\u1ecdt m\u1ed9t c\u00e1ch d\u1ec5 d\u00e0ng nh\u1ea5t.<\/p>\n<p>&#8211; \u0110\u01b0\u1eddng kh\u00f4ng g\u00e2y b\u00e9o ph\u00ec, thu\u1eadn ti\u1ec7n d\u00f9ng cho ng\u01b0\u1eddi ti\u1ec3u \u0111\u01b0\u1eddng.<\/p>\n<p><img loading=\"lazy\" decoding=\"async\" class=\"wp-image-21205 aligncenter\" src=\"https:\/\/havamall.vn\/wp-content\/uploads\/2021\/08\/hjdtyy-300x260.png\" alt=\"\" width=\"676\" height=\"585\" srcset=\"https:\/\/havamall.vn\/wp-content\/uploads\/2021\/08\/hjdtyy-300x260.png 300w, https:\/\/havamall.vn\/wp-content\/uploads\/2021\/08\/hjdtyy-430x373.png 430w, https:\/\/havamall.vn\/wp-content\/uploads\/2021\/08\/hjdtyy-150x130.png 150w, https:\/\/havamall.vn\/wp-content\/uploads\/2021\/08\/hjdtyy-700x607.png 700w, https:\/\/havamall.vn\/wp-content\/uploads\/2021\/08\/hjdtyy-768x666.png 768w, https:\/\/havamall.vn\/wp-content\/uploads\/2021\/08\/hjdtyy-1024x888.png 1024w, https:\/\/havamall.vn\/wp-content\/uploads\/2021\/08\/hjdtyy.png 1200w\" sizes=\"(max-width: 676px) 100vw, 676px\" \/><\/p>\n<h4><strong>H\u01b0\u1edbng d\u1eabn s\u1eed d\u1ee5ng:<\/strong><\/h4>\n<p>&#8211; S\u1eed d\u1ee5ng l\u00e0m ch\u1ea5t t\u1ea1o ng\u1ecdt trong c\u00e1c c\u00f4ng th\u1ee9c n\u1ea5u \u0103n thay cho \u0111\u01b0\u1eddng, m\u1eadt ong ho\u1eb7c syrup c\u00e2y phong &#8230; m\u1ecdi m\u00f3n \u0103n t\u1eeb n\u01b0\u1edbng \u0111\u1ebfn n\u01b0\u1edbc s\u1ed1t salad.<\/p>\n<p>&#8211; Khu\u1ea5y v\u00e0o b\u1ed9t y\u1ebfn m\u1ea1ch ho\u1eb7c s\u1eefa chua th\u00f4ng th\u01b0\u1eddng<\/p>\n<p>&#8211; \u0110\u1ed5 l\u00ean b\u00e1nh k\u1ebfp ho\u1eb7c b\u00e1nh qu\u1ebf<\/p>\n<p>&#8211; N\u1ebfu kh\u00f4ng c\u00f3 s\u1eb5n t\u00e1o t\u01b0\u01a1i, c\u00f3 th\u1ec3 tr\u1ed9n m\u1ed9t ho\u1eb7c hai mu\u1ed7ng canh n\u01b0\u1edbc \u0111\u01b0\u1eddng t\u00e1o v\u00e0o c\u00f4ng th\u1ee9c b\u1ed9t \u0111\u1ec3 c\u00f3 m\u1ed9t chi\u1ebfc b\u00e1nh t\u00e1o gi\u00f2n mang h\u01b0\u01a1ng v\u1ecb t\u00e1o t\u01b0\u01a1i<\/p>\n<p>&#8211; \u0110\u00e1nh b\u00f4ng v\u00e0o kem \u0111\u1ec3 th\u00eam h\u01b0\u01a1ng v\u1ecb v\u00e0 m\u00e0u s\u1eafc,&#8230;<\/p>\n<p>S\u1ea3n ph\u1ea9m \u0111\u00e3 c\u00f3 m\u1eb7t t\u1ea1i Havamall.<\/p>","protected":false},"excerpt":{"rendered":"<p>TH\u00d4NG TIN S\u1ea2N PH\u1ea8M Th\u01b0\u01a1ng hi\u1ec7u Sottoletelle Xu\u1ea5t x\u1ee9 \u00dd Th\u00e0nh ph\u1ea7n 100% n\u01b0\u1edbc \u0111\u01b0\u1eddng t\u00e1o h\u1eefu c\u01a1 c\u00f4 \u0111\u1eb7c<\/p>","protected":false},"featured_media":21221,"comment_status":"open","ping_status":"closed","template":"","meta":[],"product_brand":[],"product_cat":[256,36,143],"product_tag":[],"class_list":{"0":"post-21193","1":"product","2":"type-product","3":"status-publish","4":"has-post-thumbnail","6":"product_cat-thuc-pham-huu-co","7":"product_cat-thuc-pham-tieu-dung","8":"product_cat-thuc-pham-dong-hop","9":"pa_brand-sottolestell","11":"first","12":"outofstock","13":"sale","14":"shipping-taxable","15":"purchasable","16":"product-type-simple"},"_links":{"self":[{"href":"https:\/\/havamall.vn\/en\/wp-json\/wp\/v2\/product\/21193"}],"collection":[{"href":"https:\/\/havamall.vn\/en\/wp-json\/wp\/v2\/product"}],"about":[{"href":"https:\/\/havamall.vn\/en\/wp-json\/wp\/v2\/types\/product"}],"replies":[{"embeddable":true,"href":"https:\/\/havamall.vn\/en\/wp-json\/wp\/v2\/comments?post=21193"}],"version-history":[{"count":0,"href":"https:\/\/havamall.vn\/en\/wp-json\/wp\/v2\/product\/21193\/revisions"}],"wp:featuredmedia":[{"embeddable":true,"href":"https:\/\/havamall.vn\/en\/wp-json\/wp\/v2\/media\/21221"}],"wp:attachment":[{"href":"https:\/\/havamall.vn\/en\/wp-json\/wp\/v2\/media?parent=21193"}],"wp:term":[{"taxonomy":"product_brand","embeddable":true,"href":"https:\/\/havamall.vn\/en\/wp-json\/wp\/v2\/product_brand?post=21193"},{"taxonomy":"product_cat","embeddable":true,"href":"https:\/\/havamall.vn\/en\/wp-json\/wp\/v2\/product_cat?post=21193"},{"taxonomy":"product_tag","embeddable":true,"href":"https:\/\/havamall.vn\/en\/wp-json\/wp\/v2\/product_tag?post=21193"}],"curies":[{"name":"wp","href":"https:\/\/api.w.org\/{rel}","templated":true}]}}